{"id":50788,"date":"2019-01-18T15:06:46","date_gmt":"2019-01-18T14:06:46","guid":{"rendered":"https:\/\/worldofflowerpots.com\/product\/import-placeholder-for-139\/"},"modified":"2019-04-16T11:34:32","modified_gmt":"2019-04-16T09:34:32","slug":"doniczki-na-balkon-isabelle","status":"publish","type":"product","link":"https:\/\/worldofflowerpots.com\/pl\/sklep\/doniczki-na-balkon-isabelle\/","title":{"rendered":"Doniczki na balkon Isabelle"},"content":{"rendered":"<p><img loading=\"lazy\" decoding=\"async\" class=\"aligncenter wp-image-59007 size-full\" src=\"https:\/\/worldofflowerpots.com\/wp-content\/uploads\/2016\/12\/przygotowanie-donic-do-u\u017cytkowania-2.png\" alt=\"\" width=\"836\" height=\"598\" srcset=\"https:\/\/worldofflowerpots.com\/wp-content\/uploads\/2016\/12\/przygotowanie-donic-do-u\u017cytkowania-2.png 836w, https:\/\/worldofflowerpots.com\/wp-content\/uploads\/2016\/12\/przygotowanie-donic-do-u\u017cytkowania-2-300x215.png 300w, https:\/\/worldofflowerpots.com\/wp-content\/uploads\/2016\/12\/przygotowanie-donic-do-u\u017cytkowania-2-768x549.png 768w, https:\/\/worldofflowerpots.com\/wp-content\/uploads\/2016\/12\/przygotowanie-donic-do-u\u017cytkowania-2-600x429.png 600w\" sizes=\"auto, (max-width: 836px) 100vw, 836px\" \/><\/p>\n<p>Niestety nie ka\u017cdy z nas mo\u017ce poszczyci\u0107 si\u0119 przydomowym ogrodem, jednak ka\u017cdy z nas mo\u017ce stworzy\u0107 mini ogr\u00f3d na w\u0142asnym tarasie lub balkonie. Pomog\u0105 nam w tym doniczki na balkon wykonane z solidnych materia\u0142\u00f3w, w r\u00f3\u017cnych kolorach i wielko\u015bciach. Jedn\u0105 z takich doniczek jest sto\u017ckowa donica betonowa Isabelle.<\/p>\n<h2><strong>Betonowe doniczki na balkon<\/strong><\/h2>\n<p>Betonowe donice \u015bwietnie sprawdzaj\u0105 si\u0119 na tarasach i balkonach, gdy\u017c wytrzymuj\u0105 ci\u0119\u017ckie warunki atmosferyczne. Nie straszny im deszcz, mr\u00f3z, ani dzia\u0142anie \u015brodk\u00f3w chemicznych. Donice z betonu architektonicznego s\u0105 ci\u0119\u017ckie, ale przez to stabilne. Nie mo\u017cna ich niechc\u0105cy przewr\u00f3ci\u0107, a samo przesuni\u0119cie wymaga u\u017cycia sporej si\u0142y. Z tego powodu nie straszne s\u0105 im silne podmuchy wiatru. Wytrzymaj\u0105 to bez uszczerbku, podobnie jak ekspozycj\u0119 na promienie s\u0142oneczne, wysokie lub niskie temperatury.<\/p>\n<h2><strong>Donica betonowa Isabelle<\/strong><\/h2>\n<p>Doniczka Isabelle to po\u0142\u0105czenie wytrzyma\u0142o\u015bci i elegancji. Wykonana z ultra betonu odznacza si\u0119 wytrzyma\u0142o\u015bci\u0105 mechaniczn\u0105 na uszkodzenia i zarysowania. Jest szczelna, nie nasi\u0105ka wod\u0105 i jest mrozoodporna. Dzi\u0119ki temu umieszczonych wewn\u0105trz donicy ro\u015blin nie trzeba przenosi\u0107 na zim\u0119 do wn\u0119trza, lecz zatrzyma\u0107 na zewn\u0105trz bez obawy zniszczenia donicy. Struktura ultra betonu ma g\u0142adk\u0105, nieporowat\u0105 powierzchni\u0119, co w po\u0142\u0105czeniu z naturaln\u0105 kolorystyk\u0105 pozwala uzyska\u0107 doskona\u0142y efekt. Donica Isabelle wyst\u0119puje w trzech naturalnych i neutralnych barwach: szarym, bia\u0142ym oraz czarnym. Jej smuk\u0142y kszta\u0142t i stonowane barwy nadadz\u0105 eleganckiego charakteru ka\u017cdemu balkonowi.<\/p>\n<h2><strong>Gdzie sprawdzi si\u0119 donica Isabelle?<\/strong><\/h2>\n<p>Bior\u0105c pod uwag\u0119 materia\u0142, z kt\u00f3rego zosta\u0142a wykonana oraz jej wymiary, donica Isabelle idealnie sprawdzi si\u0119 na du\u017cych powierzchniach. Mo\u017cna w niej umie\u015bci\u0107 du\u017ce krzewy, ma\u0142e drzewka oraz silne pn\u0105cza. Ro\u015bliny w donicy Isabelle mog\u0105 zosta\u0107 ustawione w miejscach, gdzie nara\u017cone b\u0119d\u0105 na kontakt z lud\u017ami, czyli przy schodach tarasowych, lub na obrze\u017cach tarasu restauracji. Sprawdzi si\u0119 r\u00f3wnie\u017c w ma\u0142ym hotelowym ogrodzie lub na balkonie prywatnego mieszkania. Donica Isabelle jest idealna dla os\u00f3b dbaj\u0105cych o niepowtarzalny wygl\u0105d dekoracji balkonowego ogrodu.<\/p>\n","protected":false},"excerpt":{"rendered":"<p>Donica Isabelle z betonu (ultra betonu). Wyst\u0119puje w trzech podstawowych kolorach: bia\u0142ym, szarym oraz czarnym. Donica produkowana jest w standardzie z otworami odp\u0142ywowymi. Waga donicy to: 85 kg, a wymiary: \u015brednica: 66 cm, wysoko\u015b\u0107: 80 cm.<\/p>\n","protected":false},"featured_media":58062,"template":"","meta":{"_acf_changed":false},"product_brand":[],"product_cat":[144],"product_tag":[445,444],"class_list":{"0":"post-50788","1":"product","2":"type-product","3":"status-publish","4":"has-post-thumbnail","6":"product_cat-donice-z-betonu","7":"product_tag-donice-betonowe","8":"product_tag-donice-ogrodowe","9":"description-off","10":"tm-has-options","12":"first","13":"instock","14":"shipping-taxable","15":"purchasable","16":"product-type-simple"},"acf":[],"yoast_head":"<!-- This site is optimized with the Yoast SEO plugin v27.5 - https:\/\/yoast.com\/product\/yoast-seo-wordpress\/ -->\n<title>Donica Betonowa Solidna Sto\u017ckowa \u015arednie Drzewka - ISABELLE<\/title>\n<meta name=\"description\" content=\"Isabelle to solidna donica z betonu architektonicznego w kszta\u0142cie \u015bci\u0119tego sto\u017cka. Sprawdzi si\u0119 idealnie je\u015bi szukasz stabilnej doniczki na balkon.\" \/>\n<meta name=\"robots\" content=\"index, follow, max-snippet:-1, max-image-preview:large, max-video-preview:-1\" \/>\n<link rel=\"canonical\" href=\"https:\/\/worldofflowerpots.com\/sklep\/doniczki-na-balkon-isabelle\/\" \/>\n<meta property=\"og:locale\" content=\"pl_PL\" \/>\n<meta property=\"og:type\" content=\"article\" \/>\n<meta property=\"og:title\" content=\"Donica Betonowa Solidna Sto\u017ckowa \u015arednie Drzewka - ISABELLE\" \/>\n<meta property=\"og:description\" content=\"Isabelle to solidna donica z betonu architektonicznego w kszta\u0142cie \u015bci\u0119tego sto\u017cka. Sprawdzi si\u0119 idealnie je\u015bi szukasz stabilnej doniczki na balkon.\" \/>\n<meta property=\"og:url\" content=\"https:\/\/worldofflowerpots.com\/sklep\/doniczki-na-balkon-isabelle\/\" \/>\n<meta property=\"og:site_name\" content=\"World of Flowerpots\" \/>\n<meta property=\"article:modified_time\" content=\"2019-04-16T09:34:32+00:00\" \/>\n<meta property=\"og:image\" content=\"https:\/\/worldofflowerpots.com\/wp-content\/uploads\/2019\/01\/doniczki-na-balkon-Isabelle.jpg\" \/>\n\t<meta property=\"og:image:width\" content=\"1920\" \/>\n\t<meta property=\"og:image:height\" content=\"1080\" \/>\n\t<meta property=\"og:image:type\" content=\"image\/jpeg\" \/>\n<meta name=\"twitter:card\" content=\"summary_large_image\" \/>\n<meta name=\"twitter:label1\" content=\"Szacowany czas czytania\" \/>\n\t<meta name=\"twitter:data1\" content=\"2 minuty\" \/>\n<script type=\"application\/ld+json\" class=\"yoast-schema-graph\">{\"@context\":\"https:\\\/\\\/schema.org\",\"@graph\":[{\"@type\":\"WebPage\",\"@id\":\"https:\\\/\\\/worldofflowerpots.com\\\/sklep\\\/doniczki-na-balkon-isabelle\\\/\",\"url\":\"https:\\\/\\\/worldofflowerpots.com\\\/sklep\\\/doniczki-na-balkon-isabelle\\\/\",\"name\":\"Donica Betonowa Solidna Sto\u017ckowa \u015arednie Drzewka - ISABELLE\",\"isPartOf\":{\"@id\":\"https:\\\/\\\/worldofflowerpots.com\\\/#website\"},\"primaryImageOfPage\":{\"@id\":\"https:\\\/\\\/worldofflowerpots.com\\\/sklep\\\/doniczki-na-balkon-isabelle\\\/#primaryimage\"},\"image\":{\"@id\":\"https:\\\/\\\/worldofflowerpots.com\\\/sklep\\\/doniczki-na-balkon-isabelle\\\/#primaryimage\"},\"thumbnailUrl\":\"https:\\\/\\\/worldofflowerpots.com\\\/wp-content\\\/uploads\\\/2019\\\/01\\\/doniczki-na-balkon-Isabelle.jpg\",\"datePublished\":\"2019-01-18T14:06:46+00:00\",\"dateModified\":\"2019-04-16T09:34:32+00:00\",\"description\":\"Isabelle to solidna donica z betonu architektonicznego w kszta\u0142cie \u015bci\u0119tego sto\u017cka. Sprawdzi si\u0119 idealnie je\u015bi szukasz stabilnej doniczki na balkon.\",\"breadcrumb\":{\"@id\":\"https:\\\/\\\/worldofflowerpots.com\\\/sklep\\\/doniczki-na-balkon-isabelle\\\/#breadcrumb\"},\"inLanguage\":\"pl-PL\",\"potentialAction\":[{\"@type\":\"ReadAction\",\"target\":[\"https:\\\/\\\/worldofflowerpots.com\\\/sklep\\\/doniczki-na-balkon-isabelle\\\/\"]}]},{\"@type\":\"ImageObject\",\"inLanguage\":\"pl-PL\",\"@id\":\"https:\\\/\\\/worldofflowerpots.com\\\/sklep\\\/doniczki-na-balkon-isabelle\\\/#primaryimage\",\"url\":\"https:\\\/\\\/worldofflowerpots.com\\\/wp-content\\\/uploads\\\/2019\\\/01\\\/doniczki-na-balkon-Isabelle.jpg\",\"contentUrl\":\"https:\\\/\\\/worldofflowerpots.com\\\/wp-content\\\/uploads\\\/2019\\\/01\\\/doniczki-na-balkon-Isabelle.jpg\",\"width\":1920,\"height\":1080},{\"@type\":\"BreadcrumbList\",\"@id\":\"https:\\\/\\\/worldofflowerpots.com\\\/sklep\\\/doniczki-na-balkon-isabelle\\\/#breadcrumb\",\"itemListElement\":[{\"@type\":\"ListItem\",\"position\":1,\"name\":\"Strona g\u0142\u00f3wna\",\"item\":\"https:\\\/\\\/worldofflowerpots.com\\\/\"},{\"@type\":\"ListItem\",\"position\":2,\"name\":\"Sklep\",\"item\":\"https:\\\/\\\/worldofflowerpots.com\\\/sklep\\\/\"},{\"@type\":\"ListItem\",\"position\":3,\"name\":\"Doniczki na balkon Isabelle\"}]},{\"@type\":\"WebSite\",\"@id\":\"https:\\\/\\\/worldofflowerpots.com\\\/#website\",\"url\":\"https:\\\/\\\/worldofflowerpots.com\\\/\",\"name\":\"World of Flowerpots\",\"description\":\"producent donic ozdobnych\",\"potentialAction\":[{\"@type\":\"SearchAction\",\"target\":{\"@type\":\"EntryPoint\",\"urlTemplate\":\"https:\\\/\\\/worldofflowerpots.com\\\/?s={search_term_string}\"},\"query-input\":{\"@type\":\"PropertyValueSpecification\",\"valueRequired\":true,\"valueName\":\"search_term_string\"}}],\"inLanguage\":\"pl-PL\"}]}<\/script>\n<!-- \/ Yoast SEO plugin. -->","yoast_head_json":{"title":"Donica Betonowa Solidna Sto\u017ckowa \u015arednie Drzewka - ISABELLE","description":"Isabelle to solidna donica z betonu architektonicznego w kszta\u0142cie \u015bci\u0119tego sto\u017cka. Sprawdzi si\u0119 idealnie je\u015bi szukasz stabilnej doniczki na balkon.","robots":{"index":"index","follow":"follow","max-snippet":"max-snippet:-1","max-image-preview":"max-image-preview:large","max-video-preview":"max-video-preview:-1"},"canonical":"https:\/\/worldofflowerpots.com\/sklep\/doniczki-na-balkon-isabelle\/","og_locale":"pl_PL","og_type":"article","og_title":"Donica Betonowa Solidna Sto\u017ckowa \u015arednie Drzewka - ISABELLE","og_description":"Isabelle to solidna donica z betonu architektonicznego w kszta\u0142cie \u015bci\u0119tego sto\u017cka. Sprawdzi si\u0119 idealnie je\u015bi szukasz stabilnej doniczki na balkon.","og_url":"https:\/\/worldofflowerpots.com\/sklep\/doniczki-na-balkon-isabelle\/","og_site_name":"World of Flowerpots","article_modified_time":"2019-04-16T09:34:32+00:00","og_image":[{"width":1920,"height":1080,"url":"https:\/\/worldofflowerpots.com\/wp-content\/uploads\/2019\/01\/doniczki-na-balkon-Isabelle.jpg","type":"image\/jpeg"}],"twitter_card":"summary_large_image","twitter_misc":{"Szacowany czas czytania":"2 minuty"},"schema":{"@context":"https:\/\/schema.org","@graph":[{"@type":"WebPage","@id":"https:\/\/worldofflowerpots.com\/sklep\/doniczki-na-balkon-isabelle\/","url":"https:\/\/worldofflowerpots.com\/sklep\/doniczki-na-balkon-isabelle\/","name":"Donica Betonowa Solidna Sto\u017ckowa \u015arednie Drzewka - ISABELLE","isPartOf":{"@id":"https:\/\/worldofflowerpots.com\/#website"},"primaryImageOfPage":{"@id":"https:\/\/worldofflowerpots.com\/sklep\/doniczki-na-balkon-isabelle\/#primaryimage"},"image":{"@id":"https:\/\/worldofflowerpots.com\/sklep\/doniczki-na-balkon-isabelle\/#primaryimage"},"thumbnailUrl":"https:\/\/worldofflowerpots.com\/wp-content\/uploads\/2019\/01\/doniczki-na-balkon-Isabelle.jpg","datePublished":"2019-01-18T14:06:46+00:00","dateModified":"2019-04-16T09:34:32+00:00","description":"Isabelle to solidna donica z betonu architektonicznego w kszta\u0142cie \u015bci\u0119tego sto\u017cka. Sprawdzi si\u0119 idealnie je\u015bi szukasz stabilnej doniczki na balkon.","breadcrumb":{"@id":"https:\/\/worldofflowerpots.com\/sklep\/doniczki-na-balkon-isabelle\/#breadcrumb"},"inLanguage":"pl-PL","potentialAction":[{"@type":"ReadAction","target":["https:\/\/worldofflowerpots.com\/sklep\/doniczki-na-balkon-isabelle\/"]}]},{"@type":"ImageObject","inLanguage":"pl-PL","@id":"https:\/\/worldofflowerpots.com\/sklep\/doniczki-na-balkon-isabelle\/#primaryimage","url":"https:\/\/worldofflowerpots.com\/wp-content\/uploads\/2019\/01\/doniczki-na-balkon-Isabelle.jpg","contentUrl":"https:\/\/worldofflowerpots.com\/wp-content\/uploads\/2019\/01\/doniczki-na-balkon-Isabelle.jpg","width":1920,"height":1080},{"@type":"BreadcrumbList","@id":"https:\/\/worldofflowerpots.com\/sklep\/doniczki-na-balkon-isabelle\/#breadcrumb","itemListElement":[{"@type":"ListItem","position":1,"name":"Strona g\u0142\u00f3wna","item":"https:\/\/worldofflowerpots.com\/"},{"@type":"ListItem","position":2,"name":"Sklep","item":"https:\/\/worldofflowerpots.com\/sklep\/"},{"@type":"ListItem","position":3,"name":"Doniczki na balkon Isabelle"}]},{"@type":"WebSite","@id":"https:\/\/worldofflowerpots.com\/#website","url":"https:\/\/worldofflowerpots.com\/","name":"World of Flowerpots","description":"producent donic ozdobnych","potentialAction":[{"@type":"SearchAction","target":{"@type":"EntryPoint","urlTemplate":"https:\/\/worldofflowerpots.com\/?s={search_term_string}"},"query-input":{"@type":"PropertyValueSpecification","valueRequired":true,"valueName":"search_term_string"}}],"inLanguage":"pl-PL"}]}},"_links":{"self":[{"href":"https:\/\/worldofflowerpots.com\/pl\/wp-json\/wp\/v2\/product\/50788","targetHints":{"allow":["GET"]}}],"collection":[{"href":"https:\/\/worldofflowerpots.com\/pl\/wp-json\/wp\/v2\/product"}],"about":[{"href":"https:\/\/worldofflowerpots.com\/pl\/wp-json\/wp\/v2\/types\/product"}],"wp:featuredmedia":[{"embeddable":true,"href":"https:\/\/worldofflowerpots.com\/pl\/wp-json\/wp\/v2\/media\/58062"}],"wp:attachment":[{"href":"https:\/\/worldofflowerpots.com\/pl\/wp-json\/wp\/v2\/media?parent=50788"}],"wp:term":[{"taxonomy":"product_brand","embeddable":true,"href":"https:\/\/worldofflowerpots.com\/pl\/wp-json\/wp\/v2\/product_brand?post=50788"},{"taxonomy":"product_cat","embeddable":true,"href":"https:\/\/worldofflowerpots.com\/pl\/wp-json\/wp\/v2\/product_cat?post=50788"},{"taxonomy":"product_tag","embeddable":true,"href":"https:\/\/worldofflowerpots.com\/pl\/wp-json\/wp\/v2\/product_tag?post=50788"}],"curies":[{"name":"wp","href":"https:\/\/api.w.org\/{rel}","templated":true}]}}