{"id":50789,"date":"2019-01-18T15:06:46","date_gmt":"2019-01-18T14:06:46","guid":{"rendered":"https:\/\/worldofflowerpots.com\/product\/import-placeholder-for-140\/"},"modified":"2019-04-16T11:35:28","modified_gmt":"2019-04-16T09:35:28","slug":"donice-betonowe-na-balkon-gaia","status":"publish","type":"product","link":"https:\/\/worldofflowerpots.com\/pl\/sklep\/donice-betonowe-na-balkon-gaia\/","title":{"rendered":"Donice betonowe na balkon Gaia"},"content":{"rendered":"<h2><img loading=\"lazy\" decoding=\"async\" class=\"aligncenter wp-image-59007 size-full\" src=\"https:\/\/worldofflowerpots.com\/wp-content\/uploads\/2016\/12\/przygotowanie-donic-do-u\u017cytkowania-2.png\" alt=\"\" width=\"836\" height=\"598\" srcset=\"https:\/\/worldofflowerpots.com\/wp-content\/uploads\/2016\/12\/przygotowanie-donic-do-u\u017cytkowania-2.png 836w, https:\/\/worldofflowerpots.com\/wp-content\/uploads\/2016\/12\/przygotowanie-donic-do-u\u017cytkowania-2-300x215.png 300w, https:\/\/worldofflowerpots.com\/wp-content\/uploads\/2016\/12\/przygotowanie-donic-do-u\u017cytkowania-2-768x549.png 768w, https:\/\/worldofflowerpots.com\/wp-content\/uploads\/2016\/12\/przygotowanie-donic-do-u\u017cytkowania-2-600x429.png 600w\" sizes=\"auto, (max-width: 836px) 100vw, 836px\" \/><\/h2>\n<h2><strong>Donice betonowe na balkon<\/strong><\/h2>\n<p>Osoby planuj\u0105ce zakup donicy, kt\u00f3ra z powodzeniem sprawdzi si\u0119 na balkonie czy tarasie, powinni rozwa\u017cy\u0107 donic\u0119 betonow\u0105. Taki materia\u0142 doskonale sprawdza si\u0119 do przetrzymywania ro\u015blin ca\u0142y rok na zewn\u0105trz. Beton jest doskona\u0142ym materia\u0142em do wyrobu donic. Coraz cz\u0119\u015bciej doceniaj\u0105 go architekci i ogrodnicy. Dlaczego?<\/p>\n<p>Betonowe donice na balkon maj\u0105 wiele cech, kt\u00f3re umo\u017cliwiaj\u0105 zapewnienie doskona\u0142ych warunk\u00f3w niezb\u0119dnych dla wzrostu ro\u015blin. Dodatkowo wbrew pozorom s\u0105 najpraktyczniejszym rozwi\u0105zaniem. Ich nowoczesny wygl\u0105d pozwala na stosowanie ich zar\u00f3wno w nowoczesnych budynkach, jak i klasycznych.<\/p>\n<p>Donica Gaia jest doskona\u0142ym rozwi\u0105zaniem na balkony i tarasy. Produkt wyst\u0119puje w trzech wariantach kolorystycznych: bia\u0142ym, czarnym i szarym, co powala na dopasowanie jej do ka\u017cdej przestrzeni. Betonowa donica jest bardzo wytrzyma\u0142a na uszkodzenia mechaniczne i warunki atmosferyczne. Dzi\u0119ki temu mo\u017cemy trzyma\u0107 j\u0105 ca\u0142y rok na otwartej\u00a0 przestrzeni bez \u017cadnych przeszk\u00f3d. Najmro\u017aniejsza pogoda r\u00f3wnie\u017c nie jest przeszkod\u0105, poniewa\u017c beton cechuje si\u0119 najwy\u017csz\u0105 mrozoodporno\u015bci\u0105. Musimy tylko pami\u0119ta\u0107 o prawid\u0142owym odprowadzeniu wody z donicy czyli nie zatkaniu otworu odp\u0142ywowego. Donica Gaia wa\u017cy oko\u0142o 50 kilogram\u00f3w, solidne wykonanie w po\u0142\u0105czeniu z tak\u0105 wag\u0105 zapewniaj\u0105 jej stabilno\u015b\u0107, co jest niezb\u0119dne przy silnych wiatrach na zewn\u0105trz.<\/p>\n<h2><strong>\u015arednia donica, wielkie mo\u017cliwo\u015bci <\/strong><\/h2>\n<p>Rozmiar donicy (60 cm \u015brednicy i 61 wysoko\u015bci) daje niezliczone mo\u017cliwo\u015bci wykorzystania. Zaprojektowane otwory odp\u0142ywowe umo\u017cliwiaj\u0105 odpowiedni drena\u017c wody. Po\u0142\u0105czenie wszystkich najwa\u017cniejszych cech zar\u00f3wno praktycznych, jak i estetycznych pozwala na zasadzenie w nich niezliczonej liczby ro\u015blin. Mo\u017cemy umie\u015bci\u0107 w niej du\u017ce sadzonki wrzos\u00f3w, a nawet drzewa egzotyczne, owocowe, czy ozdobne trawy. Doskona\u0142ej jako\u015bci donica wykonana z najwy\u017cszej jako\u015bci ultra betonu pos\u0142u\u017cy nam przez d\u0142ugie lata. W razie potrzeby mo\u017cemy r\u00f3wnie\u017c korzysta\u0107 z nich we wn\u0119trzach. Beton jest materia\u0142em, o kt\u00f3ry \u0142atwo dba\u0107, piel\u0119gnowa\u0107 i czy\u015bci\u0107, dzi\u0119ki czemu nawet bia\u0142a donica zawsze b\u0119dzie czysta i prezentowa\u0142a si\u0119 doskonale w nowoczesnych i minimalistycznych wn\u0119trzach.<\/p>\n","protected":false},"excerpt":{"rendered":"<p>Donica Gaia z betonu (ultra betonu). Wyst\u0119puje w trzech podstawowych kolorach: bia\u0142ym, szarym oraz czarnym. Donica produkowana jest w standardzie z otworami odp\u0142ywowymi. Waga donicy to: 50 kg, a wymiary: \u015brednica: 60 cm, wysoko\u015b\u0107: 61 cm.<\/p>\n","protected":false},"featured_media":58072,"template":"","meta":{"_acf_changed":false},"product_brand":[],"product_cat":[144],"product_tag":[445,444],"class_list":{"0":"post-50789","1":"product","2":"type-product","3":"status-publish","4":"has-post-thumbnail","6":"product_cat-donice-z-betonu","7":"product_tag-donice-betonowe","8":"product_tag-donice-ogrodowe","9":"description-off","10":"tm-has-options","12":"first","13":"instock","14":"shipping-taxable","15":"purchasable","16":"product-type-simple"},"acf":[],"yoast_head":"<!-- This site is optimized with the Yoast SEO plugin v27.5 - https:\/\/yoast.com\/product\/yoast-seo-wordpress\/ -->\n<title>Donice Betonowe na Balkon do Du\u017cych Ro\u015blin Egzotycznych GAIA<\/title>\n<meta name=\"description\" content=\"Donica z betonu architektonicznego stworzona z my\u015bl\u0105 o przestrzeniach domowych ogrod\u00f3w i firmowych dekoracji. Klasyczny zaokr\u0105glony kszta\u0142t, \u015bredni rozmiar.\" \/>\n<meta name=\"robots\" content=\"index, follow, max-snippet:-1, max-image-preview:large, max-video-preview:-1\" \/>\n<link rel=\"canonical\" href=\"https:\/\/worldofflowerpots.com\/sklep\/donice-betonowe-na-balkon-gaia\/\" \/>\n<meta property=\"og:locale\" content=\"pl_PL\" \/>\n<meta property=\"og:type\" content=\"article\" \/>\n<meta property=\"og:title\" content=\"Donice Betonowe na Balkon do Du\u017cych Ro\u015blin Egzotycznych GAIA\" \/>\n<meta property=\"og:description\" content=\"Donica z betonu architektonicznego stworzona z my\u015bl\u0105 o przestrzeniach domowych ogrod\u00f3w i firmowych dekoracji. Klasyczny zaokr\u0105glony kszta\u0142t, \u015bredni rozmiar.\" \/>\n<meta property=\"og:url\" content=\"https:\/\/worldofflowerpots.com\/sklep\/donice-betonowe-na-balkon-gaia\/\" \/>\n<meta property=\"og:site_name\" content=\"World of Flowerpots\" \/>\n<meta property=\"article:modified_time\" content=\"2019-04-16T09:35:28+00:00\" \/>\n<meta property=\"og:image\" content=\"https:\/\/worldofflowerpots.com\/wp-content\/uploads\/2019\/01\/donice-betonowe-na-balkon-Gaia.jpg\" \/>\n\t<meta property=\"og:image:width\" content=\"1920\" \/>\n\t<meta property=\"og:image:height\" content=\"1080\" \/>\n\t<meta property=\"og:image:type\" content=\"image\/jpeg\" \/>\n<meta name=\"twitter:card\" content=\"summary_large_image\" \/>\n<meta name=\"twitter:label1\" content=\"Szacowany czas czytania\" \/>\n\t<meta name=\"twitter:data1\" content=\"2 minuty\" \/>\n<script type=\"application\/ld+json\" class=\"yoast-schema-graph\">{\"@context\":\"https:\\\/\\\/schema.org\",\"@graph\":[{\"@type\":\"WebPage\",\"@id\":\"https:\\\/\\\/worldofflowerpots.com\\\/sklep\\\/donice-betonowe-na-balkon-gaia\\\/\",\"url\":\"https:\\\/\\\/worldofflowerpots.com\\\/sklep\\\/donice-betonowe-na-balkon-gaia\\\/\",\"name\":\"Donice Betonowe na Balkon do Du\u017cych Ro\u015blin Egzotycznych GAIA\",\"isPartOf\":{\"@id\":\"https:\\\/\\\/worldofflowerpots.com\\\/#website\"},\"primaryImageOfPage\":{\"@id\":\"https:\\\/\\\/worldofflowerpots.com\\\/sklep\\\/donice-betonowe-na-balkon-gaia\\\/#primaryimage\"},\"image\":{\"@id\":\"https:\\\/\\\/worldofflowerpots.com\\\/sklep\\\/donice-betonowe-na-balkon-gaia\\\/#primaryimage\"},\"thumbnailUrl\":\"https:\\\/\\\/worldofflowerpots.com\\\/wp-content\\\/uploads\\\/2019\\\/01\\\/donice-betonowe-na-balkon-Gaia.jpg\",\"datePublished\":\"2019-01-18T14:06:46+00:00\",\"dateModified\":\"2019-04-16T09:35:28+00:00\",\"description\":\"Donica z betonu architektonicznego stworzona z my\u015bl\u0105 o przestrzeniach domowych ogrod\u00f3w i firmowych dekoracji. Klasyczny zaokr\u0105glony kszta\u0142t, \u015bredni rozmiar.\",\"breadcrumb\":{\"@id\":\"https:\\\/\\\/worldofflowerpots.com\\\/sklep\\\/donice-betonowe-na-balkon-gaia\\\/#breadcrumb\"},\"inLanguage\":\"pl-PL\",\"potentialAction\":[{\"@type\":\"ReadAction\",\"target\":[\"https:\\\/\\\/worldofflowerpots.com\\\/sklep\\\/donice-betonowe-na-balkon-gaia\\\/\"]}]},{\"@type\":\"ImageObject\",\"inLanguage\":\"pl-PL\",\"@id\":\"https:\\\/\\\/worldofflowerpots.com\\\/sklep\\\/donice-betonowe-na-balkon-gaia\\\/#primaryimage\",\"url\":\"https:\\\/\\\/worldofflowerpots.com\\\/wp-content\\\/uploads\\\/2019\\\/01\\\/donice-betonowe-na-balkon-Gaia.jpg\",\"contentUrl\":\"https:\\\/\\\/worldofflowerpots.com\\\/wp-content\\\/uploads\\\/2019\\\/01\\\/donice-betonowe-na-balkon-Gaia.jpg\",\"width\":1920,\"height\":1080},{\"@type\":\"BreadcrumbList\",\"@id\":\"https:\\\/\\\/worldofflowerpots.com\\\/sklep\\\/donice-betonowe-na-balkon-gaia\\\/#breadcrumb\",\"itemListElement\":[{\"@type\":\"ListItem\",\"position\":1,\"name\":\"Strona g\u0142\u00f3wna\",\"item\":\"https:\\\/\\\/worldofflowerpots.com\\\/\"},{\"@type\":\"ListItem\",\"position\":2,\"name\":\"Sklep\",\"item\":\"https:\\\/\\\/worldofflowerpots.com\\\/sklep\\\/\"},{\"@type\":\"ListItem\",\"position\":3,\"name\":\"Donice betonowe na balkon Gaia\"}]},{\"@type\":\"WebSite\",\"@id\":\"https:\\\/\\\/worldofflowerpots.com\\\/#website\",\"url\":\"https:\\\/\\\/worldofflowerpots.com\\\/\",\"name\":\"World of Flowerpots\",\"description\":\"producent donic ozdobnych\",\"potentialAction\":[{\"@type\":\"SearchAction\",\"target\":{\"@type\":\"EntryPoint\",\"urlTemplate\":\"https:\\\/\\\/worldofflowerpots.com\\\/?s={search_term_string}\"},\"query-input\":{\"@type\":\"PropertyValueSpecification\",\"valueRequired\":true,\"valueName\":\"search_term_string\"}}],\"inLanguage\":\"pl-PL\"}]}<\/script>\n<!-- \/ Yoast SEO plugin. -->","yoast_head_json":{"title":"Donice Betonowe na Balkon do Du\u017cych Ro\u015blin Egzotycznych GAIA","description":"Donica z betonu architektonicznego stworzona z my\u015bl\u0105 o przestrzeniach domowych ogrod\u00f3w i firmowych dekoracji. Klasyczny zaokr\u0105glony kszta\u0142t, \u015bredni rozmiar.","robots":{"index":"index","follow":"follow","max-snippet":"max-snippet:-1","max-image-preview":"max-image-preview:large","max-video-preview":"max-video-preview:-1"},"canonical":"https:\/\/worldofflowerpots.com\/sklep\/donice-betonowe-na-balkon-gaia\/","og_locale":"pl_PL","og_type":"article","og_title":"Donice Betonowe na Balkon do Du\u017cych Ro\u015blin Egzotycznych GAIA","og_description":"Donica z betonu architektonicznego stworzona z my\u015bl\u0105 o przestrzeniach domowych ogrod\u00f3w i firmowych dekoracji. Klasyczny zaokr\u0105glony kszta\u0142t, \u015bredni rozmiar.","og_url":"https:\/\/worldofflowerpots.com\/sklep\/donice-betonowe-na-balkon-gaia\/","og_site_name":"World of Flowerpots","article_modified_time":"2019-04-16T09:35:28+00:00","og_image":[{"width":1920,"height":1080,"url":"https:\/\/worldofflowerpots.com\/wp-content\/uploads\/2019\/01\/donice-betonowe-na-balkon-Gaia.jpg","type":"image\/jpeg"}],"twitter_card":"summary_large_image","twitter_misc":{"Szacowany czas czytania":"2 minuty"},"schema":{"@context":"https:\/\/schema.org","@graph":[{"@type":"WebPage","@id":"https:\/\/worldofflowerpots.com\/sklep\/donice-betonowe-na-balkon-gaia\/","url":"https:\/\/worldofflowerpots.com\/sklep\/donice-betonowe-na-balkon-gaia\/","name":"Donice Betonowe na Balkon do Du\u017cych Ro\u015blin Egzotycznych GAIA","isPartOf":{"@id":"https:\/\/worldofflowerpots.com\/#website"},"primaryImageOfPage":{"@id":"https:\/\/worldofflowerpots.com\/sklep\/donice-betonowe-na-balkon-gaia\/#primaryimage"},"image":{"@id":"https:\/\/worldofflowerpots.com\/sklep\/donice-betonowe-na-balkon-gaia\/#primaryimage"},"thumbnailUrl":"https:\/\/worldofflowerpots.com\/wp-content\/uploads\/2019\/01\/donice-betonowe-na-balkon-Gaia.jpg","datePublished":"2019-01-18T14:06:46+00:00","dateModified":"2019-04-16T09:35:28+00:00","description":"Donica z betonu architektonicznego stworzona z my\u015bl\u0105 o przestrzeniach domowych ogrod\u00f3w i firmowych dekoracji. Klasyczny zaokr\u0105glony kszta\u0142t, \u015bredni rozmiar.","breadcrumb":{"@id":"https:\/\/worldofflowerpots.com\/sklep\/donice-betonowe-na-balkon-gaia\/#breadcrumb"},"inLanguage":"pl-PL","potentialAction":[{"@type":"ReadAction","target":["https:\/\/worldofflowerpots.com\/sklep\/donice-betonowe-na-balkon-gaia\/"]}]},{"@type":"ImageObject","inLanguage":"pl-PL","@id":"https:\/\/worldofflowerpots.com\/sklep\/donice-betonowe-na-balkon-gaia\/#primaryimage","url":"https:\/\/worldofflowerpots.com\/wp-content\/uploads\/2019\/01\/donice-betonowe-na-balkon-Gaia.jpg","contentUrl":"https:\/\/worldofflowerpots.com\/wp-content\/uploads\/2019\/01\/donice-betonowe-na-balkon-Gaia.jpg","width":1920,"height":1080},{"@type":"BreadcrumbList","@id":"https:\/\/worldofflowerpots.com\/sklep\/donice-betonowe-na-balkon-gaia\/#breadcrumb","itemListElement":[{"@type":"ListItem","position":1,"name":"Strona g\u0142\u00f3wna","item":"https:\/\/worldofflowerpots.com\/"},{"@type":"ListItem","position":2,"name":"Sklep","item":"https:\/\/worldofflowerpots.com\/sklep\/"},{"@type":"ListItem","position":3,"name":"Donice betonowe na balkon Gaia"}]},{"@type":"WebSite","@id":"https:\/\/worldofflowerpots.com\/#website","url":"https:\/\/worldofflowerpots.com\/","name":"World of Flowerpots","description":"producent donic ozdobnych","potentialAction":[{"@type":"SearchAction","target":{"@type":"EntryPoint","urlTemplate":"https:\/\/worldofflowerpots.com\/?s={search_term_string}"},"query-input":{"@type":"PropertyValueSpecification","valueRequired":true,"valueName":"search_term_string"}}],"inLanguage":"pl-PL"}]}},"_links":{"self":[{"href":"https:\/\/worldofflowerpots.com\/pl\/wp-json\/wp\/v2\/product\/50789","targetHints":{"allow":["GET"]}}],"collection":[{"href":"https:\/\/worldofflowerpots.com\/pl\/wp-json\/wp\/v2\/product"}],"about":[{"href":"https:\/\/worldofflowerpots.com\/pl\/wp-json\/wp\/v2\/types\/product"}],"wp:featuredmedia":[{"embeddable":true,"href":"https:\/\/worldofflowerpots.com\/pl\/wp-json\/wp\/v2\/media\/58072"}],"wp:attachment":[{"href":"https:\/\/worldofflowerpots.com\/pl\/wp-json\/wp\/v2\/media?parent=50789"}],"wp:term":[{"taxonomy":"product_brand","embeddable":true,"href":"https:\/\/worldofflowerpots.com\/pl\/wp-json\/wp\/v2\/product_brand?post=50789"},{"taxonomy":"product_cat","embeddable":true,"href":"https:\/\/worldofflowerpots.com\/pl\/wp-json\/wp\/v2\/product_cat?post=50789"},{"taxonomy":"product_tag","embeddable":true,"href":"https:\/\/worldofflowerpots.com\/pl\/wp-json\/wp\/v2\/product_tag?post=50789"}],"curies":[{"name":"wp","href":"https:\/\/api.w.org\/{rel}","templated":true}]}}