{"id":50790,"date":"2019-01-18T15:06:46","date_gmt":"2019-01-18T14:06:46","guid":{"rendered":"https:\/\/worldofflowerpots.com\/product\/import-placeholder-for-141\/"},"modified":"2019-04-16T11:32:00","modified_gmt":"2019-04-16T09:32:00","slug":"donice-betonowe-na-taras-susanna","status":"publish","type":"product","link":"https:\/\/worldofflowerpots.com\/pl\/sklep\/donice-betonowe-na-taras-susanna\/","title":{"rendered":"Donice betonowe na taras Susanna"},"content":{"rendered":"<h2><img loading=\"lazy\" decoding=\"async\" class=\"aligncenter wp-image-59007 size-full\" src=\"https:\/\/worldofflowerpots.com\/wp-content\/uploads\/2016\/12\/przygotowanie-donic-do-u\u017cytkowania-2.png\" alt=\"\" width=\"836\" height=\"598\" srcset=\"https:\/\/worldofflowerpots.com\/wp-content\/uploads\/2016\/12\/przygotowanie-donic-do-u\u017cytkowania-2.png 836w, https:\/\/worldofflowerpots.com\/wp-content\/uploads\/2016\/12\/przygotowanie-donic-do-u\u017cytkowania-2-300x215.png 300w, https:\/\/worldofflowerpots.com\/wp-content\/uploads\/2016\/12\/przygotowanie-donic-do-u\u017cytkowania-2-768x549.png 768w, https:\/\/worldofflowerpots.com\/wp-content\/uploads\/2016\/12\/przygotowanie-donic-do-u\u017cytkowania-2-600x429.png 600w\" sizes=\"auto, (max-width: 836px) 100vw, 836px\" \/><\/h2>\n<h2>Modne, designerskie i estetyczne donice betonowe na taras.<\/h2>\n<p>Donica Susanna wykonana z ultra betonu, dost\u0119pna jest w trzech klasycznych kolorach: czarnym, bia\u0142ym oraz szarym. Wymiary to:\u00a0wysoko\u015b\u0107: 90 cm, \u015brednica: 60 cm i waga: 66 kg. Donice betonowe na taras powinny spe\u0142nia\u0107 funkcje praktyczne, funkcjonalne i estetyczne. Dlatego te\u017c, donica Susanna \u0142\u0105czy\u00a0elegancj\u0119 z praktyczno\u015bci\u0105.\u00a0Kszta\u0142tem nawi\u0105zuje do klasyki: jest wysoka i smuk\u0142a.\u00a0\u0141agodne linie projektu donicy, solidny materia\u0142 i staranne\u00a0wyko\u0144czenie produktu pozwalaj\u0105 na wykorzystanie jej do eleganckiej aran\u017cacji przestrzeni wypoczynkowej.<\/p>\n<h2>3S: Solidna, Stabilna i Smuk\u0142a<\/h2>\n<p>Donica jest solidna i stabilna oraz posiada otw\u00f3r odp\u0142ywowy, umo\u017cliwiaj\u0105cy odp\u0142yw nadmiaru wody. Ponadto, u\u017cycie betonu architektonicznego jako materia\u0142u budulcowego daje gwarancj\u0119 odporno\u015bci donicy na dzia\u0142anie ekstremalnych czynnik\u00f3w atmosferycznych. Dzia\u0142anie promieni s\u0142onecznych i wilgoci nie wp\u0142ynie niekorzystnie na estetyk\u0119 donicy czy te\u017c jej trwa\u0142o\u015b\u0107. R\u00f3wnocze\u015bnie, donica zachowuje odporno\u015b\u0107 na bardzo niskie temperatury, a tak\u017ce uszkodzenia mechaniczne. Donice betonowe na taras mog\u0105 znale\u017a\u0107 zastosowanie tak\u017ce przy aran\u017cacji pozosta\u0142ych cz\u0119\u015bci ogrodu. Kreatywno\u015b\u0107 nie jest tu niczym ograniczona. Du\u017ce gabaryty donicy Susanna pozwalaj\u0105 na tworzenie w nich kompozycji kwiatowych czy te\u017c upraw\u0119 niewielkich krzew\u00f3w. Bardzo dobry efekt mo\u017cemy uzyska\u0107 tworz\u0105c kompozycje z u\u017cyciem kilku donic betonowych. Neutralne kolory donic pozwalaj\u0105 na ich efektowne wyeksponowanie na tle zieleni ogrodowej b\u0105d\u017a trawnika. Uprawa ro\u015blin w donicach daje wi\u0119cej mo\u017cliwo\u015bci i wi\u0119ksze pole do tworzenia\u00a0aran\u017cacji ro\u015blinnych w przypadkach, gdy dysponujemy ograniczon\u0105 przestrzeni\u0105.\u00a0Wielk\u0105 zalet\u0105 jest tak\u017ce funkcjonalno\u015b\u0107 produktu, dzi\u0119ki czemu piel\u0119gnacja ro\u015blin jest znacznie \u0142atwiejsza.<\/p>\n<p>Donice betonowe na taras, tworzone s\u0105 przy wykorzystaniu solidnych, wytrzyma\u0142ych materia\u0142\u00f3w, z jednoczesn\u0105 dba\u0142o\u015bci\u0105 o efektown\u0105 stylistyk\u0119. Dzi\u0119ki temu, donice Susanna s\u0105 \u015bwietnym elementem nowoczesnych i eleganckich aran\u017cacji tarasowych i ogrodowych.<\/p>\n","protected":false},"excerpt":{"rendered":"<p>Donica Susanna z betonu (ultra betonu). Wyst\u0119puje w trzech podstawowych kolorach: bia\u0142ym, szarym oraz czarnym. Donica produkowana jest w standardzie z otworami odp\u0142ywowymi. Waga donicy to: 66 kg, a wymiary: \u015brednica: 60 cm, wysoko\u015b\u0107: 90 cm.<\/p>\n","protected":false},"featured_media":58042,"template":"","meta":{"_acf_changed":false},"product_brand":[],"product_cat":[144],"product_tag":[445,444],"class_list":{"0":"post-50790","1":"product","2":"type-product","3":"status-publish","4":"has-post-thumbnail","6":"product_cat-donice-z-betonu","7":"product_tag-donice-betonowe","8":"product_tag-donice-ogrodowe","9":"description-off","10":"tm-has-options","12":"first","13":"instock","14":"shipping-taxable","15":"purchasable","16":"product-type-simple"},"acf":[],"yoast_head":"<!-- This site is optimized with the Yoast SEO plugin v27.5 - https:\/\/yoast.com\/product\/yoast-seo-wordpress\/ -->\n<title>Donica Betonowa SUSANNA Wysoka, Solidna i Elegancka<\/title>\n<meta name=\"description\" content=\"U\u017cycie betonu architektonicznego jako materia\u0142u budulcowego daje gwarancj\u0119 odporno\u015bci donicy na dzia\u0142anie ekstremalnych czynnik\u00f3w atmosferycznych\" \/>\n<meta name=\"robots\" content=\"index, follow, max-snippet:-1, max-image-preview:large, max-video-preview:-1\" \/>\n<link rel=\"canonical\" href=\"https:\/\/worldofflowerpots.com\/sklep\/donice-betonowe-na-taras-susanna\/\" \/>\n<meta property=\"og:locale\" content=\"pl_PL\" \/>\n<meta property=\"og:type\" content=\"article\" \/>\n<meta property=\"og:title\" content=\"Donica Betonowa SUSANNA Wysoka, Solidna i Elegancka\" \/>\n<meta property=\"og:description\" content=\"U\u017cycie betonu architektonicznego jako materia\u0142u budulcowego daje gwarancj\u0119 odporno\u015bci donicy na dzia\u0142anie ekstremalnych czynnik\u00f3w atmosferycznych\" \/>\n<meta property=\"og:url\" content=\"https:\/\/worldofflowerpots.com\/sklep\/donice-betonowe-na-taras-susanna\/\" \/>\n<meta property=\"og:site_name\" content=\"World of Flowerpots\" \/>\n<meta property=\"article:modified_time\" content=\"2019-04-16T09:32:00+00:00\" \/>\n<meta property=\"og:image\" content=\"https:\/\/worldofflowerpots.com\/wp-content\/uploads\/2019\/01\/donice-betonowe-na-taras-Susanna.jpg\" \/>\n\t<meta property=\"og:image:width\" content=\"1920\" \/>\n\t<meta property=\"og:image:height\" content=\"1080\" \/>\n\t<meta property=\"og:image:type\" content=\"image\/jpeg\" \/>\n<meta name=\"twitter:card\" content=\"summary_large_image\" \/>\n<meta name=\"twitter:label1\" content=\"Szacowany czas czytania\" \/>\n\t<meta name=\"twitter:data1\" content=\"2 minuty\" \/>\n<script type=\"application\/ld+json\" class=\"yoast-schema-graph\">{\"@context\":\"https:\\\/\\\/schema.org\",\"@graph\":[{\"@type\":\"WebPage\",\"@id\":\"https:\\\/\\\/worldofflowerpots.com\\\/sklep\\\/donice-betonowe-na-taras-susanna\\\/\",\"url\":\"https:\\\/\\\/worldofflowerpots.com\\\/sklep\\\/donice-betonowe-na-taras-susanna\\\/\",\"name\":\"Donica Betonowa SUSANNA Wysoka, Solidna i Elegancka\",\"isPartOf\":{\"@id\":\"https:\\\/\\\/worldofflowerpots.com\\\/#website\"},\"primaryImageOfPage\":{\"@id\":\"https:\\\/\\\/worldofflowerpots.com\\\/sklep\\\/donice-betonowe-na-taras-susanna\\\/#primaryimage\"},\"image\":{\"@id\":\"https:\\\/\\\/worldofflowerpots.com\\\/sklep\\\/donice-betonowe-na-taras-susanna\\\/#primaryimage\"},\"thumbnailUrl\":\"https:\\\/\\\/worldofflowerpots.com\\\/wp-content\\\/uploads\\\/2019\\\/01\\\/donice-betonowe-na-taras-Susanna.jpg\",\"datePublished\":\"2019-01-18T14:06:46+00:00\",\"dateModified\":\"2019-04-16T09:32:00+00:00\",\"description\":\"U\u017cycie betonu architektonicznego jako materia\u0142u budulcowego daje gwarancj\u0119 odporno\u015bci donicy na dzia\u0142anie ekstremalnych czynnik\u00f3w atmosferycznych\",\"breadcrumb\":{\"@id\":\"https:\\\/\\\/worldofflowerpots.com\\\/sklep\\\/donice-betonowe-na-taras-susanna\\\/#breadcrumb\"},\"inLanguage\":\"pl-PL\",\"potentialAction\":[{\"@type\":\"ReadAction\",\"target\":[\"https:\\\/\\\/worldofflowerpots.com\\\/sklep\\\/donice-betonowe-na-taras-susanna\\\/\"]}]},{\"@type\":\"ImageObject\",\"inLanguage\":\"pl-PL\",\"@id\":\"https:\\\/\\\/worldofflowerpots.com\\\/sklep\\\/donice-betonowe-na-taras-susanna\\\/#primaryimage\",\"url\":\"https:\\\/\\\/worldofflowerpots.com\\\/wp-content\\\/uploads\\\/2019\\\/01\\\/donice-betonowe-na-taras-Susanna.jpg\",\"contentUrl\":\"https:\\\/\\\/worldofflowerpots.com\\\/wp-content\\\/uploads\\\/2019\\\/01\\\/donice-betonowe-na-taras-Susanna.jpg\",\"width\":1920,\"height\":1080},{\"@type\":\"BreadcrumbList\",\"@id\":\"https:\\\/\\\/worldofflowerpots.com\\\/sklep\\\/donice-betonowe-na-taras-susanna\\\/#breadcrumb\",\"itemListElement\":[{\"@type\":\"ListItem\",\"position\":1,\"name\":\"Strona g\u0142\u00f3wna\",\"item\":\"https:\\\/\\\/worldofflowerpots.com\\\/\"},{\"@type\":\"ListItem\",\"position\":2,\"name\":\"Sklep\",\"item\":\"https:\\\/\\\/worldofflowerpots.com\\\/sklep\\\/\"},{\"@type\":\"ListItem\",\"position\":3,\"name\":\"Donice betonowe na taras Susanna\"}]},{\"@type\":\"WebSite\",\"@id\":\"https:\\\/\\\/worldofflowerpots.com\\\/#website\",\"url\":\"https:\\\/\\\/worldofflowerpots.com\\\/\",\"name\":\"World of Flowerpots\",\"description\":\"producent donic ozdobnych\",\"potentialAction\":[{\"@type\":\"SearchAction\",\"target\":{\"@type\":\"EntryPoint\",\"urlTemplate\":\"https:\\\/\\\/worldofflowerpots.com\\\/?s={search_term_string}\"},\"query-input\":{\"@type\":\"PropertyValueSpecification\",\"valueRequired\":true,\"valueName\":\"search_term_string\"}}],\"inLanguage\":\"pl-PL\"}]}<\/script>\n<!-- \/ Yoast SEO plugin. -->","yoast_head_json":{"title":"Donica Betonowa SUSANNA Wysoka, Solidna i Elegancka","description":"U\u017cycie betonu architektonicznego jako materia\u0142u budulcowego daje gwarancj\u0119 odporno\u015bci donicy na dzia\u0142anie ekstremalnych czynnik\u00f3w atmosferycznych","robots":{"index":"index","follow":"follow","max-snippet":"max-snippet:-1","max-image-preview":"max-image-preview:large","max-video-preview":"max-video-preview:-1"},"canonical":"https:\/\/worldofflowerpots.com\/sklep\/donice-betonowe-na-taras-susanna\/","og_locale":"pl_PL","og_type":"article","og_title":"Donica Betonowa SUSANNA Wysoka, Solidna i Elegancka","og_description":"U\u017cycie betonu architektonicznego jako materia\u0142u budulcowego daje gwarancj\u0119 odporno\u015bci donicy na dzia\u0142anie ekstremalnych czynnik\u00f3w atmosferycznych","og_url":"https:\/\/worldofflowerpots.com\/sklep\/donice-betonowe-na-taras-susanna\/","og_site_name":"World of Flowerpots","article_modified_time":"2019-04-16T09:32:00+00:00","og_image":[{"width":1920,"height":1080,"url":"https:\/\/worldofflowerpots.com\/wp-content\/uploads\/2019\/01\/donice-betonowe-na-taras-Susanna.jpg","type":"image\/jpeg"}],"twitter_card":"summary_large_image","twitter_misc":{"Szacowany czas czytania":"2 minuty"},"schema":{"@context":"https:\/\/schema.org","@graph":[{"@type":"WebPage","@id":"https:\/\/worldofflowerpots.com\/sklep\/donice-betonowe-na-taras-susanna\/","url":"https:\/\/worldofflowerpots.com\/sklep\/donice-betonowe-na-taras-susanna\/","name":"Donica Betonowa SUSANNA Wysoka, Solidna i Elegancka","isPartOf":{"@id":"https:\/\/worldofflowerpots.com\/#website"},"primaryImageOfPage":{"@id":"https:\/\/worldofflowerpots.com\/sklep\/donice-betonowe-na-taras-susanna\/#primaryimage"},"image":{"@id":"https:\/\/worldofflowerpots.com\/sklep\/donice-betonowe-na-taras-susanna\/#primaryimage"},"thumbnailUrl":"https:\/\/worldofflowerpots.com\/wp-content\/uploads\/2019\/01\/donice-betonowe-na-taras-Susanna.jpg","datePublished":"2019-01-18T14:06:46+00:00","dateModified":"2019-04-16T09:32:00+00:00","description":"U\u017cycie betonu architektonicznego jako materia\u0142u budulcowego daje gwarancj\u0119 odporno\u015bci donicy na dzia\u0142anie ekstremalnych czynnik\u00f3w atmosferycznych","breadcrumb":{"@id":"https:\/\/worldofflowerpots.com\/sklep\/donice-betonowe-na-taras-susanna\/#breadcrumb"},"inLanguage":"pl-PL","potentialAction":[{"@type":"ReadAction","target":["https:\/\/worldofflowerpots.com\/sklep\/donice-betonowe-na-taras-susanna\/"]}]},{"@type":"ImageObject","inLanguage":"pl-PL","@id":"https:\/\/worldofflowerpots.com\/sklep\/donice-betonowe-na-taras-susanna\/#primaryimage","url":"https:\/\/worldofflowerpots.com\/wp-content\/uploads\/2019\/01\/donice-betonowe-na-taras-Susanna.jpg","contentUrl":"https:\/\/worldofflowerpots.com\/wp-content\/uploads\/2019\/01\/donice-betonowe-na-taras-Susanna.jpg","width":1920,"height":1080},{"@type":"BreadcrumbList","@id":"https:\/\/worldofflowerpots.com\/sklep\/donice-betonowe-na-taras-susanna\/#breadcrumb","itemListElement":[{"@type":"ListItem","position":1,"name":"Strona g\u0142\u00f3wna","item":"https:\/\/worldofflowerpots.com\/"},{"@type":"ListItem","position":2,"name":"Sklep","item":"https:\/\/worldofflowerpots.com\/sklep\/"},{"@type":"ListItem","position":3,"name":"Donice betonowe na taras Susanna"}]},{"@type":"WebSite","@id":"https:\/\/worldofflowerpots.com\/#website","url":"https:\/\/worldofflowerpots.com\/","name":"World of Flowerpots","description":"producent donic ozdobnych","potentialAction":[{"@type":"SearchAction","target":{"@type":"EntryPoint","urlTemplate":"https:\/\/worldofflowerpots.com\/?s={search_term_string}"},"query-input":{"@type":"PropertyValueSpecification","valueRequired":true,"valueName":"search_term_string"}}],"inLanguage":"pl-PL"}]}},"_links":{"self":[{"href":"https:\/\/worldofflowerpots.com\/pl\/wp-json\/wp\/v2\/product\/50790","targetHints":{"allow":["GET"]}}],"collection":[{"href":"https:\/\/worldofflowerpots.com\/pl\/wp-json\/wp\/v2\/product"}],"about":[{"href":"https:\/\/worldofflowerpots.com\/pl\/wp-json\/wp\/v2\/types\/product"}],"wp:featuredmedia":[{"embeddable":true,"href":"https:\/\/worldofflowerpots.com\/pl\/wp-json\/wp\/v2\/media\/58042"}],"wp:attachment":[{"href":"https:\/\/worldofflowerpots.com\/pl\/wp-json\/wp\/v2\/media?parent=50790"}],"wp:term":[{"taxonomy":"product_brand","embeddable":true,"href":"https:\/\/worldofflowerpots.com\/pl\/wp-json\/wp\/v2\/product_brand?post=50790"},{"taxonomy":"product_cat","embeddable":true,"href":"https:\/\/worldofflowerpots.com\/pl\/wp-json\/wp\/v2\/product_cat?post=50790"},{"taxonomy":"product_tag","embeddable":true,"href":"https:\/\/worldofflowerpots.com\/pl\/wp-json\/wp\/v2\/product_tag?post=50790"}],"curies":[{"name":"wp","href":"https:\/\/api.w.org\/{rel}","templated":true}]}}