{"id":50798,"date":"2019-01-18T15:07:09","date_gmt":"2019-01-18T14:07:09","guid":{"rendered":"https:\/\/worldofflowerpots.com\/product\/import-placeholder-for-142\/"},"modified":"2019-04-16T11:19:19","modified_gmt":"2019-04-16T09:19:19","slug":"donice-miejskie-tommaso","status":"publish","type":"product","link":"https:\/\/worldofflowerpots.com\/pl\/sklep\/donice-miejskie-tommaso\/","title":{"rendered":"Donice miejskie Tommaso"},"content":{"rendered":"<p><img loading=\"lazy\" decoding=\"async\" class=\"aligncenter wp-image-59007 size-full\" src=\"https:\/\/worldofflowerpots.com\/wp-content\/uploads\/2016\/12\/przygotowanie-donic-do-u\u017cytkowania-2.png\" alt=\"\" width=\"836\" height=\"598\" srcset=\"https:\/\/worldofflowerpots.com\/wp-content\/uploads\/2016\/12\/przygotowanie-donic-do-u\u017cytkowania-2.png 836w, https:\/\/worldofflowerpots.com\/wp-content\/uploads\/2016\/12\/przygotowanie-donic-do-u\u017cytkowania-2-300x215.png 300w, https:\/\/worldofflowerpots.com\/wp-content\/uploads\/2016\/12\/przygotowanie-donic-do-u\u017cytkowania-2-768x549.png 768w, https:\/\/worldofflowerpots.com\/wp-content\/uploads\/2016\/12\/przygotowanie-donic-do-u\u017cytkowania-2-600x429.png 600w\" sizes=\"auto, (max-width: 836px) 100vw, 836px\" \/><\/p>\n<p>Nowoczesne donice miejskie Tommaso to produkty najwy\u017cszej jako\u015bci, wykonane z ultra betonu. S\u0105 produktami trwa\u0142ymi i odpornymi na czynniki zewn\u0119trzne. Odporne na mrozy oraz na silne dzia\u0142anie promieni s\u0142onecznych. Pozwalaj\u0105 na idealn\u0105 aran\u017cacj\u0119 przestrzeni. Dzi\u0119ki swoim kszta\u0142tom wprowadzaj\u0105 harmoni\u0119 w otoczeniu. Nadaj\u0105 klasy i wyrazisto\u015bci oraz podkre\u015blaj\u0105 i jednocze\u015bnie \u0142agodz\u0105 otoczenie w spos\u00f3b naturalny. \u015awietnie si\u0119 sprawdzaj\u0105 jako donice miejskie.<\/p>\n<h2>Architektura<\/h2>\n<p>Ponadczasowy sto\u017ckowaty kszta\u0142t donicy idealnie wpasowuje si\u0119 w strefy minimalistyczne o zdecydowanych liniach i otwartych obszarach.<\/p>\n<p>Idealne kszta\u0142ty donicy nadaj\u0105 lekko\u015bci oraz oryginalnego uroku miejsca, w kt\u00f3rym si\u0119 znajduj\u0105.<\/p>\n<p>Uniwersalne kolory pozwalaj\u0105 na kompromis wkomponowania donicy na w tle krajobrazu.<\/p>\n<p>Idealna przestrze\u0144 dla donic:<\/p>\n<p>&#8211; miejska (parki, ulice, skwery)<\/p>\n<p>&#8211; publiczna (hole, recepcje, ogrody)<\/p>\n<p>&#8211; biznesowa (tarasy widokowe, podjazdy, parkingi)<\/p>\n<p>&#8211; prywatna (ogrody, place, alejki)<\/p>\n<h2>Nie tylko donice miejskie<\/h2>\n<p>Aran\u017cacja ogrod\u00f3w z donicami Tommaso nabiera nowego znaczenia. Koliste kszta\u0142ty idealnie wkomponowuj\u0105 si\u0119 w przechodnie alejki ogrod\u00f3w. Mog\u0105 by\u0107 \u015bwietnym dodatkiem do ju\u017c zaaran\u017cowanych kompozycji florystycznych. Swoje miejsce znajd\u0105 w okolicy altanek oraz cz\u0119\u015bci wej\u015bciowej ogrod\u00f3w.<\/p>\n<p>Aran\u017cacja taras\u00f3w widokowych lub alejek z donicami Tommaso nie tylko harmonizuje przestrze\u0144, ale nadaje nowego znaczenia jako efektowny element ma\u0142ej architektury. Egzotyczne drzewka oraz trawa dekoracyjna w donicach, b\u0119d\u0105 wzorowym wyborem po\u0142\u0105czenia sta\u0142o\u015bci oraz harmonii z otoczeniem.<\/p>\n<p>Du\u017ce donice, pr\u00f3cz idealnego wygl\u0105du, ze wzgl\u0119du na swoj\u0105 dodatkow\u0105 wytrzyma\u0142o\u015b\u0107, pasuj\u0105 do aran\u017cacji ulic oraz skwer\u00f3w. W przestrzeni miejskiej istotnym elementem jest zachowanie sp\u00f3jno\u015bci i prostej formy, niezak\u0142\u00f3caj\u0105cej otoczenia, w po\u0142\u0105czeniu z du\u017c\u0105 wytrzyma\u0142o\u015bci\u0105.<\/p>\n<p>Aby najpe\u0142niej wykorzysta\u0107 otaczaj\u0105cy teren, donice miejskie Tommaso bazuj\u0105 na kolorze bia\u0142ym, szarym oraz czarnym.<\/p>\n","protected":false},"excerpt":{"rendered":"<p>Donica Tommaso z betonu. Wyst\u0119puje w trzech podstawowych kolorach: bia\u0142ym, szarym oraz czarnym. Donica produkowana jest w standardzie z otworami odp\u0142ywowymi. Waga donicy to: 115 kg, a wymiary:\u00a0 \u015brednica:100 cm, wysoko\u015b\u0107: 60 cm.<\/p>\n","protected":false},"featured_media":58002,"template":"","meta":{"_acf_changed":false},"product_brand":[],"product_cat":[144],"product_tag":[445,444],"class_list":{"0":"post-50798","1":"product","2":"type-product","3":"status-publish","4":"has-post-thumbnail","6":"product_cat-donice-z-betonu","7":"product_tag-donice-betonowe","8":"product_tag-donice-ogrodowe","9":"description-off","10":"tm-has-options","12":"first","13":"instock","14":"shipping-taxable","15":"purchasable","16":"product-type-simple"},"acf":[],"yoast_head":"<!-- This site is optimized with the Yoast SEO plugin v27.5 - https:\/\/yoast.com\/product\/yoast-seo-wordpress\/ -->\n<title>Donice miejskie Tommaso do Przestrzeni Publicznej i Biznesowej<\/title>\n<meta name=\"description\" content=\"Pozwalaj\u0105 na idealn\u0105 aran\u017cacj\u0119 przestrzeni. Dzi\u0119ki swoim kszta\u0142tom wprowadzaj\u0105 harmoni\u0119 w otoczeniu. \u015awietnie si\u0119 sprawdzaj\u0105 jako donice miejskie.\" \/>\n<meta name=\"robots\" content=\"index, follow, max-snippet:-1, max-image-preview:large, max-video-preview:-1\" \/>\n<link rel=\"canonical\" href=\"https:\/\/worldofflowerpots.com\/sklep\/donice-miejskie-tommaso\/\" \/>\n<meta property=\"og:locale\" content=\"pl_PL\" \/>\n<meta property=\"og:type\" content=\"article\" \/>\n<meta property=\"og:title\" content=\"Donice miejskie Tommaso do Przestrzeni Publicznej i Biznesowej\" \/>\n<meta property=\"og:description\" content=\"Pozwalaj\u0105 na idealn\u0105 aran\u017cacj\u0119 przestrzeni. Dzi\u0119ki swoim kszta\u0142tom wprowadzaj\u0105 harmoni\u0119 w otoczeniu. \u015awietnie si\u0119 sprawdzaj\u0105 jako donice miejskie.\" \/>\n<meta property=\"og:url\" content=\"https:\/\/worldofflowerpots.com\/sklep\/donice-miejskie-tommaso\/\" \/>\n<meta property=\"og:site_name\" content=\"World of Flowerpots\" \/>\n<meta property=\"article:modified_time\" content=\"2019-04-16T09:19:19+00:00\" \/>\n<meta property=\"og:image\" content=\"https:\/\/worldofflowerpots.com\/wp-content\/uploads\/2019\/01\/donice-miejskie-Tommaso.jpg\" \/>\n\t<meta property=\"og:image:width\" content=\"1920\" \/>\n\t<meta property=\"og:image:height\" content=\"1080\" \/>\n\t<meta property=\"og:image:type\" content=\"image\/jpeg\" \/>\n<meta name=\"twitter:card\" content=\"summary_large_image\" \/>\n<meta name=\"twitter:label1\" content=\"Szacowany czas czytania\" \/>\n\t<meta name=\"twitter:data1\" content=\"2 minuty\" \/>\n<script type=\"application\/ld+json\" class=\"yoast-schema-graph\">{\"@context\":\"https:\\\/\\\/schema.org\",\"@graph\":[{\"@type\":\"WebPage\",\"@id\":\"https:\\\/\\\/worldofflowerpots.com\\\/sklep\\\/donice-miejskie-tommaso\\\/\",\"url\":\"https:\\\/\\\/worldofflowerpots.com\\\/sklep\\\/donice-miejskie-tommaso\\\/\",\"name\":\"Donice miejskie Tommaso do Przestrzeni Publicznej i Biznesowej\",\"isPartOf\":{\"@id\":\"https:\\\/\\\/worldofflowerpots.com\\\/#website\"},\"primaryImageOfPage\":{\"@id\":\"https:\\\/\\\/worldofflowerpots.com\\\/sklep\\\/donice-miejskie-tommaso\\\/#primaryimage\"},\"image\":{\"@id\":\"https:\\\/\\\/worldofflowerpots.com\\\/sklep\\\/donice-miejskie-tommaso\\\/#primaryimage\"},\"thumbnailUrl\":\"https:\\\/\\\/worldofflowerpots.com\\\/wp-content\\\/uploads\\\/2019\\\/01\\\/donice-miejskie-Tommaso.jpg\",\"datePublished\":\"2019-01-18T14:07:09+00:00\",\"dateModified\":\"2019-04-16T09:19:19+00:00\",\"description\":\"Pozwalaj\u0105 na idealn\u0105 aran\u017cacj\u0119 przestrzeni. Dzi\u0119ki swoim kszta\u0142tom wprowadzaj\u0105 harmoni\u0119 w otoczeniu. \u015awietnie si\u0119 sprawdzaj\u0105 jako donice miejskie.\",\"breadcrumb\":{\"@id\":\"https:\\\/\\\/worldofflowerpots.com\\\/sklep\\\/donice-miejskie-tommaso\\\/#breadcrumb\"},\"inLanguage\":\"pl-PL\",\"potentialAction\":[{\"@type\":\"ReadAction\",\"target\":[\"https:\\\/\\\/worldofflowerpots.com\\\/sklep\\\/donice-miejskie-tommaso\\\/\"]}]},{\"@type\":\"ImageObject\",\"inLanguage\":\"pl-PL\",\"@id\":\"https:\\\/\\\/worldofflowerpots.com\\\/sklep\\\/donice-miejskie-tommaso\\\/#primaryimage\",\"url\":\"https:\\\/\\\/worldofflowerpots.com\\\/wp-content\\\/uploads\\\/2019\\\/01\\\/donice-miejskie-Tommaso.jpg\",\"contentUrl\":\"https:\\\/\\\/worldofflowerpots.com\\\/wp-content\\\/uploads\\\/2019\\\/01\\\/donice-miejskie-Tommaso.jpg\",\"width\":1920,\"height\":1080},{\"@type\":\"BreadcrumbList\",\"@id\":\"https:\\\/\\\/worldofflowerpots.com\\\/sklep\\\/donice-miejskie-tommaso\\\/#breadcrumb\",\"itemListElement\":[{\"@type\":\"ListItem\",\"position\":1,\"name\":\"Strona g\u0142\u00f3wna\",\"item\":\"https:\\\/\\\/worldofflowerpots.com\\\/\"},{\"@type\":\"ListItem\",\"position\":2,\"name\":\"Sklep\",\"item\":\"https:\\\/\\\/worldofflowerpots.com\\\/sklep\\\/\"},{\"@type\":\"ListItem\",\"position\":3,\"name\":\"Donice miejskie Tommaso\"}]},{\"@type\":\"WebSite\",\"@id\":\"https:\\\/\\\/worldofflowerpots.com\\\/#website\",\"url\":\"https:\\\/\\\/worldofflowerpots.com\\\/\",\"name\":\"World of Flowerpots\",\"description\":\"producent donic ozdobnych\",\"potentialAction\":[{\"@type\":\"SearchAction\",\"target\":{\"@type\":\"EntryPoint\",\"urlTemplate\":\"https:\\\/\\\/worldofflowerpots.com\\\/?s={search_term_string}\"},\"query-input\":{\"@type\":\"PropertyValueSpecification\",\"valueRequired\":true,\"valueName\":\"search_term_string\"}}],\"inLanguage\":\"pl-PL\"}]}<\/script>\n<!-- \/ Yoast SEO plugin. -->","yoast_head_json":{"title":"Donice miejskie Tommaso do Przestrzeni Publicznej i Biznesowej","description":"Pozwalaj\u0105 na idealn\u0105 aran\u017cacj\u0119 przestrzeni. Dzi\u0119ki swoim kszta\u0142tom wprowadzaj\u0105 harmoni\u0119 w otoczeniu. \u015awietnie si\u0119 sprawdzaj\u0105 jako donice miejskie.","robots":{"index":"index","follow":"follow","max-snippet":"max-snippet:-1","max-image-preview":"max-image-preview:large","max-video-preview":"max-video-preview:-1"},"canonical":"https:\/\/worldofflowerpots.com\/sklep\/donice-miejskie-tommaso\/","og_locale":"pl_PL","og_type":"article","og_title":"Donice miejskie Tommaso do Przestrzeni Publicznej i Biznesowej","og_description":"Pozwalaj\u0105 na idealn\u0105 aran\u017cacj\u0119 przestrzeni. Dzi\u0119ki swoim kszta\u0142tom wprowadzaj\u0105 harmoni\u0119 w otoczeniu. \u015awietnie si\u0119 sprawdzaj\u0105 jako donice miejskie.","og_url":"https:\/\/worldofflowerpots.com\/sklep\/donice-miejskie-tommaso\/","og_site_name":"World of Flowerpots","article_modified_time":"2019-04-16T09:19:19+00:00","og_image":[{"width":1920,"height":1080,"url":"https:\/\/worldofflowerpots.com\/wp-content\/uploads\/2019\/01\/donice-miejskie-Tommaso.jpg","type":"image\/jpeg"}],"twitter_card":"summary_large_image","twitter_misc":{"Szacowany czas czytania":"2 minuty"},"schema":{"@context":"https:\/\/schema.org","@graph":[{"@type":"WebPage","@id":"https:\/\/worldofflowerpots.com\/sklep\/donice-miejskie-tommaso\/","url":"https:\/\/worldofflowerpots.com\/sklep\/donice-miejskie-tommaso\/","name":"Donice miejskie Tommaso do Przestrzeni Publicznej i Biznesowej","isPartOf":{"@id":"https:\/\/worldofflowerpots.com\/#website"},"primaryImageOfPage":{"@id":"https:\/\/worldofflowerpots.com\/sklep\/donice-miejskie-tommaso\/#primaryimage"},"image":{"@id":"https:\/\/worldofflowerpots.com\/sklep\/donice-miejskie-tommaso\/#primaryimage"},"thumbnailUrl":"https:\/\/worldofflowerpots.com\/wp-content\/uploads\/2019\/01\/donice-miejskie-Tommaso.jpg","datePublished":"2019-01-18T14:07:09+00:00","dateModified":"2019-04-16T09:19:19+00:00","description":"Pozwalaj\u0105 na idealn\u0105 aran\u017cacj\u0119 przestrzeni. Dzi\u0119ki swoim kszta\u0142tom wprowadzaj\u0105 harmoni\u0119 w otoczeniu. \u015awietnie si\u0119 sprawdzaj\u0105 jako donice miejskie.","breadcrumb":{"@id":"https:\/\/worldofflowerpots.com\/sklep\/donice-miejskie-tommaso\/#breadcrumb"},"inLanguage":"pl-PL","potentialAction":[{"@type":"ReadAction","target":["https:\/\/worldofflowerpots.com\/sklep\/donice-miejskie-tommaso\/"]}]},{"@type":"ImageObject","inLanguage":"pl-PL","@id":"https:\/\/worldofflowerpots.com\/sklep\/donice-miejskie-tommaso\/#primaryimage","url":"https:\/\/worldofflowerpots.com\/wp-content\/uploads\/2019\/01\/donice-miejskie-Tommaso.jpg","contentUrl":"https:\/\/worldofflowerpots.com\/wp-content\/uploads\/2019\/01\/donice-miejskie-Tommaso.jpg","width":1920,"height":1080},{"@type":"BreadcrumbList","@id":"https:\/\/worldofflowerpots.com\/sklep\/donice-miejskie-tommaso\/#breadcrumb","itemListElement":[{"@type":"ListItem","position":1,"name":"Strona g\u0142\u00f3wna","item":"https:\/\/worldofflowerpots.com\/"},{"@type":"ListItem","position":2,"name":"Sklep","item":"https:\/\/worldofflowerpots.com\/sklep\/"},{"@type":"ListItem","position":3,"name":"Donice miejskie Tommaso"}]},{"@type":"WebSite","@id":"https:\/\/worldofflowerpots.com\/#website","url":"https:\/\/worldofflowerpots.com\/","name":"World of Flowerpots","description":"producent donic ozdobnych","potentialAction":[{"@type":"SearchAction","target":{"@type":"EntryPoint","urlTemplate":"https:\/\/worldofflowerpots.com\/?s={search_term_string}"},"query-input":{"@type":"PropertyValueSpecification","valueRequired":true,"valueName":"search_term_string"}}],"inLanguage":"pl-PL"}]}},"_links":{"self":[{"href":"https:\/\/worldofflowerpots.com\/pl\/wp-json\/wp\/v2\/product\/50798","targetHints":{"allow":["GET"]}}],"collection":[{"href":"https:\/\/worldofflowerpots.com\/pl\/wp-json\/wp\/v2\/product"}],"about":[{"href":"https:\/\/worldofflowerpots.com\/pl\/wp-json\/wp\/v2\/types\/product"}],"wp:featuredmedia":[{"embeddable":true,"href":"https:\/\/worldofflowerpots.com\/pl\/wp-json\/wp\/v2\/media\/58002"}],"wp:attachment":[{"href":"https:\/\/worldofflowerpots.com\/pl\/wp-json\/wp\/v2\/media?parent=50798"}],"wp:term":[{"taxonomy":"product_brand","embeddable":true,"href":"https:\/\/worldofflowerpots.com\/pl\/wp-json\/wp\/v2\/product_brand?post=50798"},{"taxonomy":"product_cat","embeddable":true,"href":"https:\/\/worldofflowerpots.com\/pl\/wp-json\/wp\/v2\/product_cat?post=50798"},{"taxonomy":"product_tag","embeddable":true,"href":"https:\/\/worldofflowerpots.com\/pl\/wp-json\/wp\/v2\/product_tag?post=50798"}],"curies":[{"name":"wp","href":"https:\/\/api.w.org\/{rel}","templated":true}]}}