{"id":50799,"date":"2019-01-18T15:07:09","date_gmt":"2019-01-18T14:07:09","guid":{"rendered":"https:\/\/worldofflowerpots.com\/product\/import-placeholder-for-143\/"},"modified":"2019-04-16T11:24:36","modified_gmt":"2019-04-16T09:24:36","slug":"donice-zewnetrzne-margherita","status":"publish","type":"product","link":"https:\/\/worldofflowerpots.com\/pl\/sklep\/donice-zewnetrzne-margherita\/","title":{"rendered":"donice zewn\u0119trzne Margherita"},"content":{"rendered":"<h2><img loading=\"lazy\" decoding=\"async\" class=\"aligncenter wp-image-59007 size-full\" src=\"https:\/\/worldofflowerpots.com\/wp-content\/uploads\/2016\/12\/przygotowanie-donic-do-u\u017cytkowania-2.png\" alt=\"\" width=\"836\" height=\"598\" srcset=\"https:\/\/worldofflowerpots.com\/wp-content\/uploads\/2016\/12\/przygotowanie-donic-do-u\u017cytkowania-2.png 836w, https:\/\/worldofflowerpots.com\/wp-content\/uploads\/2016\/12\/przygotowanie-donic-do-u\u017cytkowania-2-300x215.png 300w, https:\/\/worldofflowerpots.com\/wp-content\/uploads\/2016\/12\/przygotowanie-donic-do-u\u017cytkowania-2-768x549.png 768w, https:\/\/worldofflowerpots.com\/wp-content\/uploads\/2016\/12\/przygotowanie-donic-do-u\u017cytkowania-2-600x429.png 600w\" sizes=\"auto, (max-width: 836px) 100vw, 836px\" \/><\/h2>\n<h2>Klasyczna Donica Betonowa Ogrodowa Margherita<\/h2>\n<p>W sklepach mo\u017cna znale\u017a\u0107 donice wykonane z r\u00f3\u017cnych materia\u0142\u00f3w, w r\u00f3\u017cnych rozmiar\u00f3w, ozdobione r\u00f3\u017cnymi wzorami. Wiadomo, \u017ce inne nadadz\u0105 si\u0119 do kwiat\u00f3w sadzonych w domu, a inne jako donice zewn\u0119trzne i to powinno by\u0107 brane pod uwag\u0119 jako pierwsze podczas wyboru. Je\u017celi mowa o donicach, kt\u00f3re maj\u0105 sta\u0107 na otwartej przestrzeni \u015bwietnym wyborem b\u0119d\u0105 donice wykonane z betonu. Przede wszystkim s\u0105 bardzo wytrzyma\u0142e na czynniki atmosferyczne i mechaniczne. S\u0105 wi\u0119c \u015bwietn\u0105 ozdob\u0105 ogrodu, czy tarasu o ka\u017cdej porze roku, przez d\u0142ugie lata. Nie ma obawy, \u017ce zostan\u0105 zniszczone przez s\u0142o\u0144ce, deszcz, wiatr, zbyt niskie temperatury, czy w wyniku rozrastania si\u0119 ro\u015blin.<\/p>\n<h2>Betonowa klasyka<\/h2>\n<p>Na rynku istnieje wiele r\u00f3\u017cnych modeli donic zewn\u0119trznych z betonu, w wielu rozmiarach, kszta\u0142tach, kolorach, wzorach itd. Z pewno\u015bci\u0105 \u015bwietnym wyborem b\u0119dzie klasyczna donica z betonu architektonicznego Margherita. Jest ona wykonana z najwy\u017cszej jako\u015bci betonu w kolorach: czarnym, szarym i bia\u0142ym. Ma klasyczny, pi\u0119kny kszta\u0142t i jest ozdobiona nowoczesnymi, minimalistycznymi wzorami. Bez w\u0105tpienia \u015bwietnie b\u0119dzie si\u0119 prezentowa\u0107 we wszelkiego rodzaju ogrodach, placach, parkach, czy na tarasach. Z pewno\u015bci\u0105 b\u0119dzie te\u017c \u015bwietnie wsp\u00f3\u0142gra\u0142a z modnymi elewacjami dom\u00f3w, czy placami w okolicy eleganckich budynk\u00f3w biznesowych. Z powodzeniem mo\u017cna j\u0105 wkomponowa\u0107 w inne dekoracje obecne w ogrodzie, co dodatkowo doda uroku i przyci\u0105gnie wzrok.<\/p>\n<h2>Praktyczna i pi\u0119kna<\/h2>\n<p>Donica posiada w dnie otw\u00f3r s\u0142u\u017c\u0105cy do odprowadzania nadmiaru wody. Jej \u015brednica ma 72,4 centymetry, a wysoko\u015b\u0107 76 centymetr\u00f3w, dlatego bez obaw mo\u017cna w niej zasadzi\u0107 wi\u0119ksze ro\u015bliny, czy krzewy. Pusta donica wa\u017cy 55 kg co gwarantuje stabilno\u015b\u0107 i wytrzyma\u0142o\u015b\u0107. Nie trzeba si\u0119 wi\u0119c martwi\u0107, \u017ce si\u0119 przewr\u00f3ci, popchni\u0119ta przez dzieci albo zwierz\u0119ta w trakcie zabawy. Z powodu wagi zaleca si\u0119, aby najpierw ustawi\u0107 j\u0105 w miejscu docelowym, a potem dopiero zasadzi\u0107 wybrane ro\u015blinno\u015bci.<\/p>\n","protected":false},"excerpt":{"rendered":"<p>Donica Margherita z ultra betonu. Wyst\u0119puje w trzech podstawowych kolorach: bia\u0142ym, szarym oraz czarnym. Donica produkowana jest w standardzie z otworami odp\u0142ywowymi. Waga donicy to: 55 kg, a wymiary: \u015brednica: 72,4 cm, wysoko\u015b\u0107: 76 cm.<\/p>\n","protected":false},"featured_media":50889,"template":"","meta":{"_acf_changed":false},"product_brand":[],"product_cat":[144],"product_tag":[445,444],"class_list":{"0":"post-50799","1":"product","2":"type-product","3":"status-publish","4":"has-post-thumbnail","6":"product_cat-donice-z-betonu","7":"product_tag-donice-betonowe","8":"product_tag-donice-ogrodowe","9":"description-off","10":"tm-has-options","12":"first","13":"instock","14":"shipping-taxable","15":"purchasable","16":"product-type-simple"},"acf":[],"yoast_head":"<!-- This site is optimized with the Yoast SEO plugin v27.5 - https:\/\/yoast.com\/product\/yoast-seo-wordpress\/ -->\n<title>Klasyczne Donice Zewn\u0119trzne do Ogrodu, Parku, Skweru MARGHERITA<\/title>\n<meta name=\"description\" content=\"Donice betonowe to \u015bwietny wyb\u00f3r jak chodzi o donice zewn\u0119trzne. S\u0105 bowiem po\u0142\u0105czeniem wytrzyma\u0142ego materia\u0142u i eleganckiego wygl\u0105du.\" \/>\n<meta name=\"robots\" content=\"index, follow, max-snippet:-1, max-image-preview:large, max-video-preview:-1\" \/>\n<link rel=\"canonical\" href=\"https:\/\/worldofflowerpots.com\/sklep\/donice-zewnetrzne-margherita\/\" \/>\n<meta property=\"og:locale\" content=\"pl_PL\" \/>\n<meta property=\"og:type\" content=\"article\" \/>\n<meta property=\"og:title\" content=\"Klasyczne Donice Zewn\u0119trzne do Ogrodu, Parku, Skweru MARGHERITA\" \/>\n<meta property=\"og:description\" content=\"Donice betonowe to \u015bwietny wyb\u00f3r jak chodzi o donice zewn\u0119trzne. S\u0105 bowiem po\u0142\u0105czeniem wytrzyma\u0142ego materia\u0142u i eleganckiego wygl\u0105du.\" \/>\n<meta property=\"og:url\" content=\"https:\/\/worldofflowerpots.com\/sklep\/donice-zewnetrzne-margherita\/\" \/>\n<meta property=\"og:site_name\" content=\"World of Flowerpots\" \/>\n<meta property=\"article:modified_time\" content=\"2019-04-16T09:24:36+00:00\" \/>\n<meta property=\"og:image\" content=\"https:\/\/worldofflowerpots.com\/wp-content\/uploads\/2019\/01\/Donica-ogrodowa-betonowa-margherita-z-polimerobetonu.jpg\" \/>\n\t<meta property=\"og:image:width\" content=\"1920\" \/>\n\t<meta property=\"og:image:height\" content=\"1080\" \/>\n\t<meta property=\"og:image:type\" content=\"image\/jpeg\" \/>\n<meta name=\"twitter:card\" content=\"summary_large_image\" \/>\n<meta name=\"twitter:label1\" content=\"Szacowany czas czytania\" \/>\n\t<meta name=\"twitter:data1\" content=\"2 minuty\" \/>\n<script type=\"application\/ld+json\" class=\"yoast-schema-graph\">{\"@context\":\"https:\\\/\\\/schema.org\",\"@graph\":[{\"@type\":\"WebPage\",\"@id\":\"https:\\\/\\\/worldofflowerpots.com\\\/sklep\\\/donice-zewnetrzne-margherita\\\/\",\"url\":\"https:\\\/\\\/worldofflowerpots.com\\\/sklep\\\/donice-zewnetrzne-margherita\\\/\",\"name\":\"Klasyczne Donice Zewn\u0119trzne do Ogrodu, Parku, Skweru MARGHERITA\",\"isPartOf\":{\"@id\":\"https:\\\/\\\/worldofflowerpots.com\\\/#website\"},\"primaryImageOfPage\":{\"@id\":\"https:\\\/\\\/worldofflowerpots.com\\\/sklep\\\/donice-zewnetrzne-margherita\\\/#primaryimage\"},\"image\":{\"@id\":\"https:\\\/\\\/worldofflowerpots.com\\\/sklep\\\/donice-zewnetrzne-margherita\\\/#primaryimage\"},\"thumbnailUrl\":\"https:\\\/\\\/worldofflowerpots.com\\\/wp-content\\\/uploads\\\/2019\\\/01\\\/Donica-ogrodowa-betonowa-margherita-z-polimerobetonu.jpg\",\"datePublished\":\"2019-01-18T14:07:09+00:00\",\"dateModified\":\"2019-04-16T09:24:36+00:00\",\"description\":\"Donice betonowe to \u015bwietny wyb\u00f3r jak chodzi o donice zewn\u0119trzne. S\u0105 bowiem po\u0142\u0105czeniem wytrzyma\u0142ego materia\u0142u i eleganckiego wygl\u0105du.\",\"breadcrumb\":{\"@id\":\"https:\\\/\\\/worldofflowerpots.com\\\/sklep\\\/donice-zewnetrzne-margherita\\\/#breadcrumb\"},\"inLanguage\":\"pl-PL\",\"potentialAction\":[{\"@type\":\"ReadAction\",\"target\":[\"https:\\\/\\\/worldofflowerpots.com\\\/sklep\\\/donice-zewnetrzne-margherita\\\/\"]}]},{\"@type\":\"ImageObject\",\"inLanguage\":\"pl-PL\",\"@id\":\"https:\\\/\\\/worldofflowerpots.com\\\/sklep\\\/donice-zewnetrzne-margherita\\\/#primaryimage\",\"url\":\"https:\\\/\\\/worldofflowerpots.com\\\/wp-content\\\/uploads\\\/2019\\\/01\\\/Donica-ogrodowa-betonowa-margherita-z-polimerobetonu.jpg\",\"contentUrl\":\"https:\\\/\\\/worldofflowerpots.com\\\/wp-content\\\/uploads\\\/2019\\\/01\\\/Donica-ogrodowa-betonowa-margherita-z-polimerobetonu.jpg\",\"width\":1920,\"height\":1080},{\"@type\":\"BreadcrumbList\",\"@id\":\"https:\\\/\\\/worldofflowerpots.com\\\/sklep\\\/donice-zewnetrzne-margherita\\\/#breadcrumb\",\"itemListElement\":[{\"@type\":\"ListItem\",\"position\":1,\"name\":\"Strona g\u0142\u00f3wna\",\"item\":\"https:\\\/\\\/worldofflowerpots.com\\\/\"},{\"@type\":\"ListItem\",\"position\":2,\"name\":\"Sklep\",\"item\":\"https:\\\/\\\/worldofflowerpots.com\\\/sklep\\\/\"},{\"@type\":\"ListItem\",\"position\":3,\"name\":\"donice zewn\u0119trzne Margherita\"}]},{\"@type\":\"WebSite\",\"@id\":\"https:\\\/\\\/worldofflowerpots.com\\\/#website\",\"url\":\"https:\\\/\\\/worldofflowerpots.com\\\/\",\"name\":\"World of Flowerpots\",\"description\":\"producent donic ozdobnych\",\"potentialAction\":[{\"@type\":\"SearchAction\",\"target\":{\"@type\":\"EntryPoint\",\"urlTemplate\":\"https:\\\/\\\/worldofflowerpots.com\\\/?s={search_term_string}\"},\"query-input\":{\"@type\":\"PropertyValueSpecification\",\"valueRequired\":true,\"valueName\":\"search_term_string\"}}],\"inLanguage\":\"pl-PL\"}]}<\/script>\n<!-- \/ Yoast SEO plugin. -->","yoast_head_json":{"title":"Klasyczne Donice Zewn\u0119trzne do Ogrodu, Parku, Skweru MARGHERITA","description":"Donice betonowe to \u015bwietny wyb\u00f3r jak chodzi o donice zewn\u0119trzne. S\u0105 bowiem po\u0142\u0105czeniem wytrzyma\u0142ego materia\u0142u i eleganckiego wygl\u0105du.","robots":{"index":"index","follow":"follow","max-snippet":"max-snippet:-1","max-image-preview":"max-image-preview:large","max-video-preview":"max-video-preview:-1"},"canonical":"https:\/\/worldofflowerpots.com\/sklep\/donice-zewnetrzne-margherita\/","og_locale":"pl_PL","og_type":"article","og_title":"Klasyczne Donice Zewn\u0119trzne do Ogrodu, Parku, Skweru MARGHERITA","og_description":"Donice betonowe to \u015bwietny wyb\u00f3r jak chodzi o donice zewn\u0119trzne. S\u0105 bowiem po\u0142\u0105czeniem wytrzyma\u0142ego materia\u0142u i eleganckiego wygl\u0105du.","og_url":"https:\/\/worldofflowerpots.com\/sklep\/donice-zewnetrzne-margherita\/","og_site_name":"World of Flowerpots","article_modified_time":"2019-04-16T09:24:36+00:00","og_image":[{"width":1920,"height":1080,"url":"https:\/\/worldofflowerpots.com\/wp-content\/uploads\/2019\/01\/Donica-ogrodowa-betonowa-margherita-z-polimerobetonu.jpg","type":"image\/jpeg"}],"twitter_card":"summary_large_image","twitter_misc":{"Szacowany czas czytania":"2 minuty"},"schema":{"@context":"https:\/\/schema.org","@graph":[{"@type":"WebPage","@id":"https:\/\/worldofflowerpots.com\/sklep\/donice-zewnetrzne-margherita\/","url":"https:\/\/worldofflowerpots.com\/sklep\/donice-zewnetrzne-margherita\/","name":"Klasyczne Donice Zewn\u0119trzne do Ogrodu, Parku, Skweru MARGHERITA","isPartOf":{"@id":"https:\/\/worldofflowerpots.com\/#website"},"primaryImageOfPage":{"@id":"https:\/\/worldofflowerpots.com\/sklep\/donice-zewnetrzne-margherita\/#primaryimage"},"image":{"@id":"https:\/\/worldofflowerpots.com\/sklep\/donice-zewnetrzne-margherita\/#primaryimage"},"thumbnailUrl":"https:\/\/worldofflowerpots.com\/wp-content\/uploads\/2019\/01\/Donica-ogrodowa-betonowa-margherita-z-polimerobetonu.jpg","datePublished":"2019-01-18T14:07:09+00:00","dateModified":"2019-04-16T09:24:36+00:00","description":"Donice betonowe to \u015bwietny wyb\u00f3r jak chodzi o donice zewn\u0119trzne. S\u0105 bowiem po\u0142\u0105czeniem wytrzyma\u0142ego materia\u0142u i eleganckiego wygl\u0105du.","breadcrumb":{"@id":"https:\/\/worldofflowerpots.com\/sklep\/donice-zewnetrzne-margherita\/#breadcrumb"},"inLanguage":"pl-PL","potentialAction":[{"@type":"ReadAction","target":["https:\/\/worldofflowerpots.com\/sklep\/donice-zewnetrzne-margherita\/"]}]},{"@type":"ImageObject","inLanguage":"pl-PL","@id":"https:\/\/worldofflowerpots.com\/sklep\/donice-zewnetrzne-margherita\/#primaryimage","url":"https:\/\/worldofflowerpots.com\/wp-content\/uploads\/2019\/01\/Donica-ogrodowa-betonowa-margherita-z-polimerobetonu.jpg","contentUrl":"https:\/\/worldofflowerpots.com\/wp-content\/uploads\/2019\/01\/Donica-ogrodowa-betonowa-margherita-z-polimerobetonu.jpg","width":1920,"height":1080},{"@type":"BreadcrumbList","@id":"https:\/\/worldofflowerpots.com\/sklep\/donice-zewnetrzne-margherita\/#breadcrumb","itemListElement":[{"@type":"ListItem","position":1,"name":"Strona g\u0142\u00f3wna","item":"https:\/\/worldofflowerpots.com\/"},{"@type":"ListItem","position":2,"name":"Sklep","item":"https:\/\/worldofflowerpots.com\/sklep\/"},{"@type":"ListItem","position":3,"name":"donice zewn\u0119trzne Margherita"}]},{"@type":"WebSite","@id":"https:\/\/worldofflowerpots.com\/#website","url":"https:\/\/worldofflowerpots.com\/","name":"World of Flowerpots","description":"producent donic ozdobnych","potentialAction":[{"@type":"SearchAction","target":{"@type":"EntryPoint","urlTemplate":"https:\/\/worldofflowerpots.com\/?s={search_term_string}"},"query-input":{"@type":"PropertyValueSpecification","valueRequired":true,"valueName":"search_term_string"}}],"inLanguage":"pl-PL"}]}},"_links":{"self":[{"href":"https:\/\/worldofflowerpots.com\/pl\/wp-json\/wp\/v2\/product\/50799","targetHints":{"allow":["GET"]}}],"collection":[{"href":"https:\/\/worldofflowerpots.com\/pl\/wp-json\/wp\/v2\/product"}],"about":[{"href":"https:\/\/worldofflowerpots.com\/pl\/wp-json\/wp\/v2\/types\/product"}],"wp:featuredmedia":[{"embeddable":true,"href":"https:\/\/worldofflowerpots.com\/pl\/wp-json\/wp\/v2\/media\/50889"}],"wp:attachment":[{"href":"https:\/\/worldofflowerpots.com\/pl\/wp-json\/wp\/v2\/media?parent=50799"}],"wp:term":[{"taxonomy":"product_brand","embeddable":true,"href":"https:\/\/worldofflowerpots.com\/pl\/wp-json\/wp\/v2\/product_brand?post=50799"},{"taxonomy":"product_cat","embeddable":true,"href":"https:\/\/worldofflowerpots.com\/pl\/wp-json\/wp\/v2\/product_cat?post=50799"},{"taxonomy":"product_tag","embeddable":true,"href":"https:\/\/worldofflowerpots.com\/pl\/wp-json\/wp\/v2\/product_tag?post=50799"}],"curies":[{"name":"wp","href":"https:\/\/api.w.org\/{rel}","templated":true}]}}