{"id":50800,"date":"2019-01-18T15:07:09","date_gmt":"2019-01-18T14:07:09","guid":{"rendered":"https:\/\/worldofflowerpots.com\/product\/import-placeholder-for-144\/"},"modified":"2019-04-16T11:26:16","modified_gmt":"2019-04-16T09:26:16","slug":"nowoczesna-donica-betonowa-ogrodowa-romano","status":"publish","type":"product","link":"https:\/\/worldofflowerpots.com\/pl\/sklep\/nowoczesna-donica-betonowa-ogrodowa-romano\/","title":{"rendered":"Nowoczesna Donica Betonowa Ogrodowa Romano"},"content":{"rendered":"<h2><img loading=\"lazy\" decoding=\"async\" class=\"aligncenter wp-image-59007 size-full\" src=\"https:\/\/worldofflowerpots.com\/wp-content\/uploads\/2016\/12\/przygotowanie-donic-do-u\u017cytkowania-2.png\" alt=\"\" width=\"836\" height=\"598\" srcset=\"https:\/\/worldofflowerpots.com\/wp-content\/uploads\/2016\/12\/przygotowanie-donic-do-u\u017cytkowania-2.png 836w, https:\/\/worldofflowerpots.com\/wp-content\/uploads\/2016\/12\/przygotowanie-donic-do-u\u017cytkowania-2-300x215.png 300w, https:\/\/worldofflowerpots.com\/wp-content\/uploads\/2016\/12\/przygotowanie-donic-do-u\u017cytkowania-2-768x549.png 768w, https:\/\/worldofflowerpots.com\/wp-content\/uploads\/2016\/12\/przygotowanie-donic-do-u\u017cytkowania-2-600x429.png 600w\" sizes=\"auto, (max-width: 836px) 100vw, 836px\" \/><\/h2>\n<h2>SUBTELNY DESIGN MIEJSKI<\/h2>\n<p>Nowoczesna linia stylistyczna sprawia, \u017ce sama donica mo\u017ce stanowi\u0107 zjawiskowy element wystroju otwartych przestrzeni. Du\u017ce rozmiary i odp\u0142yw wody umo\u017cliwia \u0142atwe utrzymanie \u015brednich i du\u017cych ro\u015blin, kt\u00f3re w naszej betonowej donicy prezentuj\u0105 si\u0119 bardzo efektownie. \u00a0\u00a0Jako niezale\u017cny element ma\u0142ej architektury donica subtelnie dope\u0142nia otoczenie lub stanowi zjawiskowe dzie\u0142o sztuki u\u017cytkowej przestrzeni publicznej, prywatnej lub komercyjnej.<\/p>\n<h2>ODPORNA NA UP\u0141YW CZASU<\/h2>\n<p>Najwy\u017csza jako\u015b\u0107 polimerobetonu oraz kontrola jako\u015bciowa ca\u0142ego procesu produkcji gwarantuje wysok\u0105 odporno\u015b\u0107 donicy Romano na ekstremalne czynniki atmosferyczne oraz uszkodzenia mechaniczne. \u00a0Dzi\u0119ki tym czynnikom donica nie poddaje si\u0119 up\u0142ywowi czasu,\u00a0 nie trac\u0105c przez wiele lat swoich walor\u00f3w estetycznych i funkcjonalnych.<\/p>\n","protected":false},"excerpt":{"rendered":"<p>Donica Romano z betonu (polimerobetonu). Wyst\u0119puje w trzech podstawowych kolorach : bia\u0142ym, szarym oraz czarnym. Donica produkowana jest w standardzie z otworami odp\u0142ywowymi. Waga donicy to :60 kg, a wymiary : \u015brednica:72,4cm, wysoko\u015b\u0107:76cm.<\/p>\n","protected":false},"featured_media":50892,"template":"","meta":{"_acf_changed":false},"product_brand":[],"product_cat":[144],"product_tag":[445,444],"class_list":{"0":"post-50800","1":"product","2":"type-product","3":"status-publish","4":"has-post-thumbnail","6":"product_cat-donice-z-betonu","7":"product_tag-donice-betonowe","8":"product_tag-donice-ogrodowe","9":"description-off","10":"tm-has-options","12":"first","13":"instock","14":"shipping-taxable","15":"purchasable","16":"product-type-simple"},"acf":[],"yoast_head":"<!-- This site is optimized with the Yoast SEO plugin v27.5 - https:\/\/yoast.com\/product\/yoast-seo-wordpress\/ -->\n<title>Donica Betonowa Ogrodowa ROMANO Nowoczesna, Zjawiskowa<\/title>\n<meta name=\"description\" content=\"Nowoczesna linia stylistyczna, du\u017ce rozmiary, odp\u0142yw wody, \u0142atwe utrzymanie \u015brednich i du\u017cych ro\u015blin, kt\u00f3re w naszej betonowej donicy prezentuj\u0105 si\u0119 bardzo efektownie.\" \/>\n<meta name=\"robots\" content=\"index, follow, max-snippet:-1, max-image-preview:large, max-video-preview:-1\" \/>\n<link rel=\"canonical\" href=\"https:\/\/worldofflowerpots.com\/sklep\/nowoczesna-donica-betonowa-ogrodowa-romano\/\" \/>\n<meta property=\"og:locale\" content=\"pl_PL\" \/>\n<meta property=\"og:type\" content=\"article\" \/>\n<meta property=\"og:title\" content=\"Donica Betonowa Ogrodowa ROMANO Nowoczesna, Zjawiskowa\" \/>\n<meta property=\"og:description\" content=\"Nowoczesna linia stylistyczna, du\u017ce rozmiary, odp\u0142yw wody, \u0142atwe utrzymanie \u015brednich i du\u017cych ro\u015blin, kt\u00f3re w naszej betonowej donicy prezentuj\u0105 si\u0119 bardzo efektownie.\" \/>\n<meta property=\"og:url\" content=\"https:\/\/worldofflowerpots.com\/sklep\/nowoczesna-donica-betonowa-ogrodowa-romano\/\" \/>\n<meta property=\"og:site_name\" content=\"World of Flowerpots\" \/>\n<meta property=\"article:modified_time\" content=\"2019-04-16T09:26:16+00:00\" \/>\n<meta property=\"og:image\" content=\"https:\/\/worldofflowerpots.com\/wp-content\/uploads\/2019\/01\/Donica-ogrodowa-betonowa-romano-z-polimerobetonu.jpg\" \/>\n\t<meta property=\"og:image:width\" content=\"1920\" \/>\n\t<meta property=\"og:image:height\" content=\"1080\" \/>\n\t<meta property=\"og:image:type\" content=\"image\/jpeg\" \/>\n<meta name=\"twitter:card\" content=\"summary_large_image\" \/>\n<meta name=\"twitter:label1\" content=\"Szacowany czas czytania\" \/>\n\t<meta name=\"twitter:data1\" content=\"1 minuta\" \/>\n<script type=\"application\/ld+json\" class=\"yoast-schema-graph\">{\"@context\":\"https:\\\/\\\/schema.org\",\"@graph\":[{\"@type\":\"WebPage\",\"@id\":\"https:\\\/\\\/worldofflowerpots.com\\\/sklep\\\/nowoczesna-donica-betonowa-ogrodowa-romano\\\/\",\"url\":\"https:\\\/\\\/worldofflowerpots.com\\\/sklep\\\/nowoczesna-donica-betonowa-ogrodowa-romano\\\/\",\"name\":\"Donica Betonowa Ogrodowa ROMANO Nowoczesna, Zjawiskowa\",\"isPartOf\":{\"@id\":\"https:\\\/\\\/worldofflowerpots.com\\\/#website\"},\"primaryImageOfPage\":{\"@id\":\"https:\\\/\\\/worldofflowerpots.com\\\/sklep\\\/nowoczesna-donica-betonowa-ogrodowa-romano\\\/#primaryimage\"},\"image\":{\"@id\":\"https:\\\/\\\/worldofflowerpots.com\\\/sklep\\\/nowoczesna-donica-betonowa-ogrodowa-romano\\\/#primaryimage\"},\"thumbnailUrl\":\"https:\\\/\\\/worldofflowerpots.com\\\/wp-content\\\/uploads\\\/2019\\\/01\\\/Donica-ogrodowa-betonowa-romano-z-polimerobetonu.jpg\",\"datePublished\":\"2019-01-18T14:07:09+00:00\",\"dateModified\":\"2019-04-16T09:26:16+00:00\",\"description\":\"Nowoczesna linia stylistyczna, du\u017ce rozmiary, odp\u0142yw wody, \u0142atwe utrzymanie \u015brednich i du\u017cych ro\u015blin, kt\u00f3re w naszej betonowej donicy prezentuj\u0105 si\u0119 bardzo efektownie.\",\"breadcrumb\":{\"@id\":\"https:\\\/\\\/worldofflowerpots.com\\\/sklep\\\/nowoczesna-donica-betonowa-ogrodowa-romano\\\/#breadcrumb\"},\"inLanguage\":\"pl-PL\",\"potentialAction\":[{\"@type\":\"ReadAction\",\"target\":[\"https:\\\/\\\/worldofflowerpots.com\\\/sklep\\\/nowoczesna-donica-betonowa-ogrodowa-romano\\\/\"]}]},{\"@type\":\"ImageObject\",\"inLanguage\":\"pl-PL\",\"@id\":\"https:\\\/\\\/worldofflowerpots.com\\\/sklep\\\/nowoczesna-donica-betonowa-ogrodowa-romano\\\/#primaryimage\",\"url\":\"https:\\\/\\\/worldofflowerpots.com\\\/wp-content\\\/uploads\\\/2019\\\/01\\\/Donica-ogrodowa-betonowa-romano-z-polimerobetonu.jpg\",\"contentUrl\":\"https:\\\/\\\/worldofflowerpots.com\\\/wp-content\\\/uploads\\\/2019\\\/01\\\/Donica-ogrodowa-betonowa-romano-z-polimerobetonu.jpg\",\"width\":1920,\"height\":1080},{\"@type\":\"BreadcrumbList\",\"@id\":\"https:\\\/\\\/worldofflowerpots.com\\\/sklep\\\/nowoczesna-donica-betonowa-ogrodowa-romano\\\/#breadcrumb\",\"itemListElement\":[{\"@type\":\"ListItem\",\"position\":1,\"name\":\"Strona g\u0142\u00f3wna\",\"item\":\"https:\\\/\\\/worldofflowerpots.com\\\/\"},{\"@type\":\"ListItem\",\"position\":2,\"name\":\"Sklep\",\"item\":\"https:\\\/\\\/worldofflowerpots.com\\\/sklep\\\/\"},{\"@type\":\"ListItem\",\"position\":3,\"name\":\"Nowoczesna Donica Betonowa Ogrodowa Romano\"}]},{\"@type\":\"WebSite\",\"@id\":\"https:\\\/\\\/worldofflowerpots.com\\\/#website\",\"url\":\"https:\\\/\\\/worldofflowerpots.com\\\/\",\"name\":\"World of Flowerpots\",\"description\":\"producent donic ozdobnych\",\"potentialAction\":[{\"@type\":\"SearchAction\",\"target\":{\"@type\":\"EntryPoint\",\"urlTemplate\":\"https:\\\/\\\/worldofflowerpots.com\\\/?s={search_term_string}\"},\"query-input\":{\"@type\":\"PropertyValueSpecification\",\"valueRequired\":true,\"valueName\":\"search_term_string\"}}],\"inLanguage\":\"pl-PL\"}]}<\/script>\n<!-- \/ Yoast SEO plugin. -->","yoast_head_json":{"title":"Donica Betonowa Ogrodowa ROMANO Nowoczesna, Zjawiskowa","description":"Nowoczesna linia stylistyczna, du\u017ce rozmiary, odp\u0142yw wody, \u0142atwe utrzymanie \u015brednich i du\u017cych ro\u015blin, kt\u00f3re w naszej betonowej donicy prezentuj\u0105 si\u0119 bardzo efektownie.","robots":{"index":"index","follow":"follow","max-snippet":"max-snippet:-1","max-image-preview":"max-image-preview:large","max-video-preview":"max-video-preview:-1"},"canonical":"https:\/\/worldofflowerpots.com\/sklep\/nowoczesna-donica-betonowa-ogrodowa-romano\/","og_locale":"pl_PL","og_type":"article","og_title":"Donica Betonowa Ogrodowa ROMANO Nowoczesna, Zjawiskowa","og_description":"Nowoczesna linia stylistyczna, du\u017ce rozmiary, odp\u0142yw wody, \u0142atwe utrzymanie \u015brednich i du\u017cych ro\u015blin, kt\u00f3re w naszej betonowej donicy prezentuj\u0105 si\u0119 bardzo efektownie.","og_url":"https:\/\/worldofflowerpots.com\/sklep\/nowoczesna-donica-betonowa-ogrodowa-romano\/","og_site_name":"World of Flowerpots","article_modified_time":"2019-04-16T09:26:16+00:00","og_image":[{"width":1920,"height":1080,"url":"https:\/\/worldofflowerpots.com\/wp-content\/uploads\/2019\/01\/Donica-ogrodowa-betonowa-romano-z-polimerobetonu.jpg","type":"image\/jpeg"}],"twitter_card":"summary_large_image","twitter_misc":{"Szacowany czas czytania":"1 minuta"},"schema":{"@context":"https:\/\/schema.org","@graph":[{"@type":"WebPage","@id":"https:\/\/worldofflowerpots.com\/sklep\/nowoczesna-donica-betonowa-ogrodowa-romano\/","url":"https:\/\/worldofflowerpots.com\/sklep\/nowoczesna-donica-betonowa-ogrodowa-romano\/","name":"Donica Betonowa Ogrodowa ROMANO Nowoczesna, Zjawiskowa","isPartOf":{"@id":"https:\/\/worldofflowerpots.com\/#website"},"primaryImageOfPage":{"@id":"https:\/\/worldofflowerpots.com\/sklep\/nowoczesna-donica-betonowa-ogrodowa-romano\/#primaryimage"},"image":{"@id":"https:\/\/worldofflowerpots.com\/sklep\/nowoczesna-donica-betonowa-ogrodowa-romano\/#primaryimage"},"thumbnailUrl":"https:\/\/worldofflowerpots.com\/wp-content\/uploads\/2019\/01\/Donica-ogrodowa-betonowa-romano-z-polimerobetonu.jpg","datePublished":"2019-01-18T14:07:09+00:00","dateModified":"2019-04-16T09:26:16+00:00","description":"Nowoczesna linia stylistyczna, du\u017ce rozmiary, odp\u0142yw wody, \u0142atwe utrzymanie \u015brednich i du\u017cych ro\u015blin, kt\u00f3re w naszej betonowej donicy prezentuj\u0105 si\u0119 bardzo efektownie.","breadcrumb":{"@id":"https:\/\/worldofflowerpots.com\/sklep\/nowoczesna-donica-betonowa-ogrodowa-romano\/#breadcrumb"},"inLanguage":"pl-PL","potentialAction":[{"@type":"ReadAction","target":["https:\/\/worldofflowerpots.com\/sklep\/nowoczesna-donica-betonowa-ogrodowa-romano\/"]}]},{"@type":"ImageObject","inLanguage":"pl-PL","@id":"https:\/\/worldofflowerpots.com\/sklep\/nowoczesna-donica-betonowa-ogrodowa-romano\/#primaryimage","url":"https:\/\/worldofflowerpots.com\/wp-content\/uploads\/2019\/01\/Donica-ogrodowa-betonowa-romano-z-polimerobetonu.jpg","contentUrl":"https:\/\/worldofflowerpots.com\/wp-content\/uploads\/2019\/01\/Donica-ogrodowa-betonowa-romano-z-polimerobetonu.jpg","width":1920,"height":1080},{"@type":"BreadcrumbList","@id":"https:\/\/worldofflowerpots.com\/sklep\/nowoczesna-donica-betonowa-ogrodowa-romano\/#breadcrumb","itemListElement":[{"@type":"ListItem","position":1,"name":"Strona g\u0142\u00f3wna","item":"https:\/\/worldofflowerpots.com\/"},{"@type":"ListItem","position":2,"name":"Sklep","item":"https:\/\/worldofflowerpots.com\/sklep\/"},{"@type":"ListItem","position":3,"name":"Nowoczesna Donica Betonowa Ogrodowa Romano"}]},{"@type":"WebSite","@id":"https:\/\/worldofflowerpots.com\/#website","url":"https:\/\/worldofflowerpots.com\/","name":"World of Flowerpots","description":"producent donic ozdobnych","potentialAction":[{"@type":"SearchAction","target":{"@type":"EntryPoint","urlTemplate":"https:\/\/worldofflowerpots.com\/?s={search_term_string}"},"query-input":{"@type":"PropertyValueSpecification","valueRequired":true,"valueName":"search_term_string"}}],"inLanguage":"pl-PL"}]}},"_links":{"self":[{"href":"https:\/\/worldofflowerpots.com\/pl\/wp-json\/wp\/v2\/product\/50800","targetHints":{"allow":["GET"]}}],"collection":[{"href":"https:\/\/worldofflowerpots.com\/pl\/wp-json\/wp\/v2\/product"}],"about":[{"href":"https:\/\/worldofflowerpots.com\/pl\/wp-json\/wp\/v2\/types\/product"}],"wp:featuredmedia":[{"embeddable":true,"href":"https:\/\/worldofflowerpots.com\/pl\/wp-json\/wp\/v2\/media\/50892"}],"wp:attachment":[{"href":"https:\/\/worldofflowerpots.com\/pl\/wp-json\/wp\/v2\/media?parent=50800"}],"wp:term":[{"taxonomy":"product_brand","embeddable":true,"href":"https:\/\/worldofflowerpots.com\/pl\/wp-json\/wp\/v2\/product_brand?post=50800"},{"taxonomy":"product_cat","embeddable":true,"href":"https:\/\/worldofflowerpots.com\/pl\/wp-json\/wp\/v2\/product_cat?post=50800"},{"taxonomy":"product_tag","embeddable":true,"href":"https:\/\/worldofflowerpots.com\/pl\/wp-json\/wp\/v2\/product_tag?post=50800"}],"curies":[{"name":"wp","href":"https:\/\/api.w.org\/{rel}","templated":true}]}}