{"id":50801,"date":"2019-01-18T15:07:09","date_gmt":"2019-01-18T14:07:09","guid":{"rendered":"https:\/\/worldofflowerpots.com\/product\/import-placeholder-for-145\/"},"modified":"2019-04-16T11:27:18","modified_gmt":"2019-04-16T09:27:18","slug":"donica-betonowa-zewnetrzna-agnese","status":"publish","type":"product","link":"https:\/\/worldofflowerpots.com\/pl\/sklep\/donica-betonowa-zewnetrzna-agnese\/","title":{"rendered":"Donica Betonowa Zewn\u0119trzna Agnese"},"content":{"rendered":"<p><img loading=\"lazy\" decoding=\"async\" class=\"aligncenter wp-image-59007 size-full\" src=\"https:\/\/worldofflowerpots.com\/wp-content\/uploads\/2016\/12\/przygotowanie-donic-do-u\u017cytkowania-2.png\" alt=\"\" width=\"836\" height=\"598\" srcset=\"https:\/\/worldofflowerpots.com\/wp-content\/uploads\/2016\/12\/przygotowanie-donic-do-u\u017cytkowania-2.png 836w, https:\/\/worldofflowerpots.com\/wp-content\/uploads\/2016\/12\/przygotowanie-donic-do-u\u017cytkowania-2-300x215.png 300w, https:\/\/worldofflowerpots.com\/wp-content\/uploads\/2016\/12\/przygotowanie-donic-do-u\u017cytkowania-2-768x549.png 768w, https:\/\/worldofflowerpots.com\/wp-content\/uploads\/2016\/12\/przygotowanie-donic-do-u\u017cytkowania-2-600x429.png 600w\" sizes=\"auto, (max-width: 836px) 100vw, 836px\" \/><\/p>\n<p>Ogr\u00f3d to specyficzne miejsce na kt\u00f3rego pi\u0119kny i jedyny w swoim rodzaju wygl\u0105d sk\u0142ada si\u0119 wiele element\u00f3w. Oczywi\u015bcie najwa\u017cniejsz\u0105 rol\u0119 pe\u0142ni\u0105 w nim ro\u015bliny, ale niezwykle wa\u017cne s\u0105 te\u017c ozdoby i gustowne dekoracje. Uroku ka\u017cdej zieleni w ogrodzie dodaj\u0105 du\u017ce donice betonowe Agnese.<\/p>\n<h2>TRWA\u0141A DONICA BETONOWA<\/h2>\n<p>Ta\u00a0du\u017ca donica ogrodowa\u00a0jest wykonana z niezwykle trwa\u0142ego ultra betonu. Ten najwy\u017cszej jako\u015bci materia\u0142 doskonale sprawdza si\u0119 w trudnych warunkach pogodowych. Ultra beton jest niezwykle odporny na niekorzystne warunki atmosferyczne takie jak: mrozy, zawilgotnienia, deszcz czy \u015bnieg. Doskona\u0142e i trwa\u0142e wyko\u0144czenie tego produktu pozwala ka\u017cdemu nabywcy cieszy\u0107 si\u0119 nim przez d\u0142ugie lata.\u00a0Du\u017ce donice betonowe\u00a0Agnese s\u0105 dost\u0119pne w trzech podstawowych kolorach takich jak bia\u0142y, szary oraz czarny. S\u0105 one wyposa\u017cone w funkcjonalne otwory umo\u017cliwiaj\u0105ce odp\u0142yw nadmiaru wody z donicy. Ta\u00a0du\u017ca donica ogrodowa\u00a0wa\u017cy125 kg. Ponadto posiada \u015brednic\u0119 wynosz\u0105c\u0105 150 cm oraz wysoko\u015b\u0107 29 cm.<\/p>\n<p>Du\u017ca donica ogrodowa Agnese cieszy si\u0119 niezwykle pi\u0119knym wygl\u0105dem. Posiada ona wyj\u0105tkowo szeroki, okr\u0105g\u0142y, kszta\u0142t o p\u0142askim wyko\u0144czeniu. Dzi\u0119ki zastosowaniu trwa\u0142ego materia\u0142u budowlanego jest ci\u0119\u017cka i stabilna, dlatego te\u017c idealnie sprawdza si\u0119 na zewn\u0105trz. Stanowi doskona\u0142\u0105 dekoracj\u0105 ka\u017cdego ogrodu. Mo\u017cna j\u0105 r\u00f3wnie\u017c gustownie wkomponowa\u0107 pomi\u0119dzy miejskimi zabudowaniami w parkach czy przy budynkach u\u017cyteczno\u015bci publicznej. Gustownie zdobi wszelkie podjazdy na prywatnych posesjach oraz tarasy nowoczesnych budynk\u00f3w mieszkalnych. Jej nietypowy p\u0142aski i szeroki kszta\u0142t pozwala z jej udzia\u0142em zaprojektowa\u0107, w ka\u017cdym ogrodzie doskona\u0142\u0105 aran\u017cacj\u0119 ro\u015blinn\u0105.<\/p>\n<p>Niezwykle uroczo prezentuj\u0105 si\u0119 w niej r\u00f3\u017cnego gatunku ro\u015bliny. Opr\u00f3cz klasycznych doskonale prezentuj\u0105 si\u0119 w tych donicach ro\u015bliny egzotyczne. W\u015br\u00f3d wielu z nich mo\u017cna wymieni\u0107 drzewko bonsai.\u00a0Du\u017ce donice betonowe\u00a0Agnese niezwykle ciekawie wsp\u00f3\u0142graj\u0105 ze wszystkimi elementami ogrodu. Produkt ten cieszy si\u0119 popytem zar\u00f3wno w\u015br\u00f3d fascynat\u00f3w naturalistycznych jak i egzotycznych ogrod\u00f3w. Ta\u00a0du\u017ca donica ogrodowa\u00a0doskonale nadaje si\u0119 do posadzenia w niej kwiat\u00f3w jednorocznych jak i ca\u0142ej palety przer\u00f3\u017cnych gatunk\u00f3w ro\u015blin wieloletnich.<\/p>\n<h2><\/h2>\n<p>&nbsp;<\/p>\n","protected":false},"excerpt":{"rendered":"<p>Donica Agnese z betonu (polimerobetonu). Wyst\u0119puje w trzech podstawowych kolorach : bia\u0142ym, szarym oraz czarnym. Donica produkowana jest w standardzie z otworami odp\u0142ywowymi. Waga donicy to :125 kg, a wymiary : \u015brednica:150cm, wysoko\u015b\u0107:29cm.<\/p>\n","protected":false},"featured_media":58012,"template":"","meta":{"_acf_changed":false},"product_brand":[],"product_cat":[144],"product_tag":[445,444],"class_list":{"0":"post-50801","1":"product","2":"type-product","3":"status-publish","4":"has-post-thumbnail","6":"product_cat-donice-z-betonu","7":"product_tag-donice-betonowe","8":"product_tag-donice-ogrodowe","9":"description-off","10":"tm-has-options","12":"first","13":"instock","14":"shipping-taxable","15":"purchasable","16":"product-type-simple"},"acf":[],"yoast_head":"<!-- This site is optimized with the Yoast SEO plugin v27.5 - https:\/\/yoast.com\/product\/yoast-seo-wordpress\/ -->\n<title>Du\u017ce Donice Betonowe do Przestrzeni Publicznej i Prywatnej Agnese<\/title>\n<meta name=\"description\" content=\"Okr\u0105g\u0142a donica betonowa Agnese do hodowli ro\u015blin, drzewek o roz\u0142o\u017cystych lub nietypowych kszta\u0142tach o skomplikowanym systemie korzeniowym takich jak bonsai\" \/>\n<meta name=\"robots\" content=\"index, follow, max-snippet:-1, max-image-preview:large, max-video-preview:-1\" \/>\n<link rel=\"canonical\" href=\"https:\/\/worldofflowerpots.com\/sklep\/donica-betonowa-zewnetrzna-agnese\/\" \/>\n<meta property=\"og:locale\" content=\"pl_PL\" \/>\n<meta property=\"og:type\" content=\"article\" \/>\n<meta property=\"og:title\" content=\"Du\u017ce Donice Betonowe do Przestrzeni Publicznej i Prywatnej Agnese\" \/>\n<meta property=\"og:description\" content=\"Okr\u0105g\u0142a donica betonowa Agnese do hodowli ro\u015blin, drzewek o roz\u0142o\u017cystych lub nietypowych kszta\u0142tach o skomplikowanym systemie korzeniowym takich jak bonsai\" \/>\n<meta property=\"og:url\" content=\"https:\/\/worldofflowerpots.com\/sklep\/donica-betonowa-zewnetrzna-agnese\/\" \/>\n<meta property=\"og:site_name\" content=\"World of Flowerpots\" \/>\n<meta property=\"article:modified_time\" content=\"2019-04-16T09:27:18+00:00\" \/>\n<meta property=\"og:image\" content=\"https:\/\/worldofflowerpots.com\/wp-content\/uploads\/2019\/01\/du\u017ce-donice-betonowe-Agnese.jpg\" \/>\n\t<meta property=\"og:image:width\" content=\"1920\" \/>\n\t<meta property=\"og:image:height\" content=\"1080\" \/>\n\t<meta property=\"og:image:type\" content=\"image\/jpeg\" \/>\n<meta name=\"twitter:card\" content=\"summary_large_image\" \/>\n<meta name=\"twitter:label1\" content=\"Szacowany czas czytania\" \/>\n\t<meta name=\"twitter:data1\" content=\"2 minuty\" \/>\n<script type=\"application\/ld+json\" class=\"yoast-schema-graph\">{\"@context\":\"https:\\\/\\\/schema.org\",\"@graph\":[{\"@type\":\"WebPage\",\"@id\":\"https:\\\/\\\/worldofflowerpots.com\\\/sklep\\\/donica-betonowa-zewnetrzna-agnese\\\/\",\"url\":\"https:\\\/\\\/worldofflowerpots.com\\\/sklep\\\/donica-betonowa-zewnetrzna-agnese\\\/\",\"name\":\"Du\u017ce Donice Betonowe do Przestrzeni Publicznej i Prywatnej Agnese\",\"isPartOf\":{\"@id\":\"https:\\\/\\\/worldofflowerpots.com\\\/#website\"},\"primaryImageOfPage\":{\"@id\":\"https:\\\/\\\/worldofflowerpots.com\\\/sklep\\\/donica-betonowa-zewnetrzna-agnese\\\/#primaryimage\"},\"image\":{\"@id\":\"https:\\\/\\\/worldofflowerpots.com\\\/sklep\\\/donica-betonowa-zewnetrzna-agnese\\\/#primaryimage\"},\"thumbnailUrl\":\"https:\\\/\\\/worldofflowerpots.com\\\/wp-content\\\/uploads\\\/2019\\\/01\\\/du\u017ce-donice-betonowe-Agnese.jpg\",\"datePublished\":\"2019-01-18T14:07:09+00:00\",\"dateModified\":\"2019-04-16T09:27:18+00:00\",\"description\":\"Okr\u0105g\u0142a donica betonowa Agnese do hodowli ro\u015blin, drzewek o roz\u0142o\u017cystych lub nietypowych kszta\u0142tach o skomplikowanym systemie korzeniowym takich jak bonsai\",\"breadcrumb\":{\"@id\":\"https:\\\/\\\/worldofflowerpots.com\\\/sklep\\\/donica-betonowa-zewnetrzna-agnese\\\/#breadcrumb\"},\"inLanguage\":\"pl-PL\",\"potentialAction\":[{\"@type\":\"ReadAction\",\"target\":[\"https:\\\/\\\/worldofflowerpots.com\\\/sklep\\\/donica-betonowa-zewnetrzna-agnese\\\/\"]}]},{\"@type\":\"ImageObject\",\"inLanguage\":\"pl-PL\",\"@id\":\"https:\\\/\\\/worldofflowerpots.com\\\/sklep\\\/donica-betonowa-zewnetrzna-agnese\\\/#primaryimage\",\"url\":\"https:\\\/\\\/worldofflowerpots.com\\\/wp-content\\\/uploads\\\/2019\\\/01\\\/du\u017ce-donice-betonowe-Agnese.jpg\",\"contentUrl\":\"https:\\\/\\\/worldofflowerpots.com\\\/wp-content\\\/uploads\\\/2019\\\/01\\\/du\u017ce-donice-betonowe-Agnese.jpg\",\"width\":1920,\"height\":1080},{\"@type\":\"BreadcrumbList\",\"@id\":\"https:\\\/\\\/worldofflowerpots.com\\\/sklep\\\/donica-betonowa-zewnetrzna-agnese\\\/#breadcrumb\",\"itemListElement\":[{\"@type\":\"ListItem\",\"position\":1,\"name\":\"Strona g\u0142\u00f3wna\",\"item\":\"https:\\\/\\\/worldofflowerpots.com\\\/\"},{\"@type\":\"ListItem\",\"position\":2,\"name\":\"Sklep\",\"item\":\"https:\\\/\\\/worldofflowerpots.com\\\/sklep\\\/\"},{\"@type\":\"ListItem\",\"position\":3,\"name\":\"Donica Betonowa Zewn\u0119trzna Agnese\"}]},{\"@type\":\"WebSite\",\"@id\":\"https:\\\/\\\/worldofflowerpots.com\\\/#website\",\"url\":\"https:\\\/\\\/worldofflowerpots.com\\\/\",\"name\":\"World of Flowerpots\",\"description\":\"producent donic ozdobnych\",\"potentialAction\":[{\"@type\":\"SearchAction\",\"target\":{\"@type\":\"EntryPoint\",\"urlTemplate\":\"https:\\\/\\\/worldofflowerpots.com\\\/?s={search_term_string}\"},\"query-input\":{\"@type\":\"PropertyValueSpecification\",\"valueRequired\":true,\"valueName\":\"search_term_string\"}}],\"inLanguage\":\"pl-PL\"}]}<\/script>\n<!-- \/ Yoast SEO plugin. -->","yoast_head_json":{"title":"Du\u017ce Donice Betonowe do Przestrzeni Publicznej i Prywatnej Agnese","description":"Okr\u0105g\u0142a donica betonowa Agnese do hodowli ro\u015blin, drzewek o roz\u0142o\u017cystych lub nietypowych kszta\u0142tach o skomplikowanym systemie korzeniowym takich jak bonsai","robots":{"index":"index","follow":"follow","max-snippet":"max-snippet:-1","max-image-preview":"max-image-preview:large","max-video-preview":"max-video-preview:-1"},"canonical":"https:\/\/worldofflowerpots.com\/sklep\/donica-betonowa-zewnetrzna-agnese\/","og_locale":"pl_PL","og_type":"article","og_title":"Du\u017ce Donice Betonowe do Przestrzeni Publicznej i Prywatnej Agnese","og_description":"Okr\u0105g\u0142a donica betonowa Agnese do hodowli ro\u015blin, drzewek o roz\u0142o\u017cystych lub nietypowych kszta\u0142tach o skomplikowanym systemie korzeniowym takich jak bonsai","og_url":"https:\/\/worldofflowerpots.com\/sklep\/donica-betonowa-zewnetrzna-agnese\/","og_site_name":"World of Flowerpots","article_modified_time":"2019-04-16T09:27:18+00:00","og_image":[{"width":1920,"height":1080,"url":"https:\/\/worldofflowerpots.com\/wp-content\/uploads\/2019\/01\/du\u017ce-donice-betonowe-Agnese.jpg","type":"image\/jpeg"}],"twitter_card":"summary_large_image","twitter_misc":{"Szacowany czas czytania":"2 minuty"},"schema":{"@context":"https:\/\/schema.org","@graph":[{"@type":"WebPage","@id":"https:\/\/worldofflowerpots.com\/sklep\/donica-betonowa-zewnetrzna-agnese\/","url":"https:\/\/worldofflowerpots.com\/sklep\/donica-betonowa-zewnetrzna-agnese\/","name":"Du\u017ce Donice Betonowe do Przestrzeni Publicznej i Prywatnej Agnese","isPartOf":{"@id":"https:\/\/worldofflowerpots.com\/#website"},"primaryImageOfPage":{"@id":"https:\/\/worldofflowerpots.com\/sklep\/donica-betonowa-zewnetrzna-agnese\/#primaryimage"},"image":{"@id":"https:\/\/worldofflowerpots.com\/sklep\/donica-betonowa-zewnetrzna-agnese\/#primaryimage"},"thumbnailUrl":"https:\/\/worldofflowerpots.com\/wp-content\/uploads\/2019\/01\/du\u017ce-donice-betonowe-Agnese.jpg","datePublished":"2019-01-18T14:07:09+00:00","dateModified":"2019-04-16T09:27:18+00:00","description":"Okr\u0105g\u0142a donica betonowa Agnese do hodowli ro\u015blin, drzewek o roz\u0142o\u017cystych lub nietypowych kszta\u0142tach o skomplikowanym systemie korzeniowym takich jak bonsai","breadcrumb":{"@id":"https:\/\/worldofflowerpots.com\/sklep\/donica-betonowa-zewnetrzna-agnese\/#breadcrumb"},"inLanguage":"pl-PL","potentialAction":[{"@type":"ReadAction","target":["https:\/\/worldofflowerpots.com\/sklep\/donica-betonowa-zewnetrzna-agnese\/"]}]},{"@type":"ImageObject","inLanguage":"pl-PL","@id":"https:\/\/worldofflowerpots.com\/sklep\/donica-betonowa-zewnetrzna-agnese\/#primaryimage","url":"https:\/\/worldofflowerpots.com\/wp-content\/uploads\/2019\/01\/du\u017ce-donice-betonowe-Agnese.jpg","contentUrl":"https:\/\/worldofflowerpots.com\/wp-content\/uploads\/2019\/01\/du\u017ce-donice-betonowe-Agnese.jpg","width":1920,"height":1080},{"@type":"BreadcrumbList","@id":"https:\/\/worldofflowerpots.com\/sklep\/donica-betonowa-zewnetrzna-agnese\/#breadcrumb","itemListElement":[{"@type":"ListItem","position":1,"name":"Strona g\u0142\u00f3wna","item":"https:\/\/worldofflowerpots.com\/"},{"@type":"ListItem","position":2,"name":"Sklep","item":"https:\/\/worldofflowerpots.com\/sklep\/"},{"@type":"ListItem","position":3,"name":"Donica Betonowa Zewn\u0119trzna Agnese"}]},{"@type":"WebSite","@id":"https:\/\/worldofflowerpots.com\/#website","url":"https:\/\/worldofflowerpots.com\/","name":"World of Flowerpots","description":"producent donic ozdobnych","potentialAction":[{"@type":"SearchAction","target":{"@type":"EntryPoint","urlTemplate":"https:\/\/worldofflowerpots.com\/?s={search_term_string}"},"query-input":{"@type":"PropertyValueSpecification","valueRequired":true,"valueName":"search_term_string"}}],"inLanguage":"pl-PL"}]}},"_links":{"self":[{"href":"https:\/\/worldofflowerpots.com\/pl\/wp-json\/wp\/v2\/product\/50801","targetHints":{"allow":["GET"]}}],"collection":[{"href":"https:\/\/worldofflowerpots.com\/pl\/wp-json\/wp\/v2\/product"}],"about":[{"href":"https:\/\/worldofflowerpots.com\/pl\/wp-json\/wp\/v2\/types\/product"}],"wp:featuredmedia":[{"embeddable":true,"href":"https:\/\/worldofflowerpots.com\/pl\/wp-json\/wp\/v2\/media\/58012"}],"wp:attachment":[{"href":"https:\/\/worldofflowerpots.com\/pl\/wp-json\/wp\/v2\/media?parent=50801"}],"wp:term":[{"taxonomy":"product_brand","embeddable":true,"href":"https:\/\/worldofflowerpots.com\/pl\/wp-json\/wp\/v2\/product_brand?post=50801"},{"taxonomy":"product_cat","embeddable":true,"href":"https:\/\/worldofflowerpots.com\/pl\/wp-json\/wp\/v2\/product_cat?post=50801"},{"taxonomy":"product_tag","embeddable":true,"href":"https:\/\/worldofflowerpots.com\/pl\/wp-json\/wp\/v2\/product_tag?post=50801"}],"curies":[{"name":"wp","href":"https:\/\/api.w.org\/{rel}","templated":true}]}}