{"id":50802,"date":"2019-01-18T15:07:09","date_gmt":"2019-01-18T14:07:09","guid":{"rendered":"https:\/\/worldofflowerpots.com\/product\/import-placeholder-for-146\/"},"modified":"2019-04-16T11:28:32","modified_gmt":"2019-04-16T09:28:32","slug":"donice-z-betonu-w-ksztalcie-kola-matteo","status":"publish","type":"product","link":"https:\/\/worldofflowerpots.com\/pl\/sklep\/donice-z-betonu-w-ksztalcie-kola-matteo\/","title":{"rendered":"Donice z betonu Matteo"},"content":{"rendered":"<h2><img loading=\"lazy\" decoding=\"async\" class=\"aligncenter wp-image-59007 size-full\" src=\"https:\/\/worldofflowerpots.com\/wp-content\/uploads\/2016\/12\/przygotowanie-donic-do-u\u017cytkowania-2.png\" alt=\"\" width=\"836\" height=\"598\" srcset=\"https:\/\/worldofflowerpots.com\/wp-content\/uploads\/2016\/12\/przygotowanie-donic-do-u\u017cytkowania-2.png 836w, https:\/\/worldofflowerpots.com\/wp-content\/uploads\/2016\/12\/przygotowanie-donic-do-u\u017cytkowania-2-300x215.png 300w, https:\/\/worldofflowerpots.com\/wp-content\/uploads\/2016\/12\/przygotowanie-donic-do-u\u017cytkowania-2-768x549.png 768w, https:\/\/worldofflowerpots.com\/wp-content\/uploads\/2016\/12\/przygotowanie-donic-do-u\u017cytkowania-2-600x429.png 600w\" sizes=\"auto, (max-width: 836px) 100vw, 836px\" \/><\/h2>\n<h2>Materia\u0142y do aran\u017cacji ogrod\u00f3w<\/h2>\n<p>Aran\u017cacja du\u017cych ogrod\u00f3w oraz przestrzeni wielkomiejskich wymaga zastosowania dekoracji o niebanalnym charakterze wizualnym. Istotna jest tak\u017ce struktura wykonania zapewniaj\u0105ca im trwa\u0142o\u015b\u0107 i odporno\u015b\u0107 na wszelkiego rodzaju uszkodzenia zwi\u0105zane z dzia\u0142aniem si\u0142 zewn\u0119trznych. Dlatego rozwi\u0105zaniem idealnie odpowiadaj\u0105cym tym kanonom s\u0105 donice z betonu.<\/p>\n<h2>Wykonanie z betonu<\/h2>\n<p>Beton polimerowy jest tworzywem odpornym na dzia\u0142anie agresywnych substancji (np. kwasy), zmiennych warunk\u00f3w atmosferycznych (r\u00f3wnie\u017c na niszcz\u0105cy wp\u0142yw wilgoci), a tak\u017ce na uszkodzenia mechaniczne.<\/p>\n<h2>Donica Betonowa w Kszta\u0142cie Ko\u0142a Matteo<\/h2>\n<p>Du\u017ce donice betonowe ogrodowe Matteo, \u0142\u0105cz\u0105 w sobie prostot\u0119 oraz oryginalno\u015b\u0107 wzornictwa. Dzi\u0119ki temu nadaj\u0105 si\u0119 do ogrod\u00f3w przydomowych a tak\u017ce miejsc publicznych, park\u00f3w i skwer\u00f3w miejskich. Zalet\u0105 jest ich wykonanie ze wspomnianego betonu polimerowego, kt\u00f3ry zapewnia trwa\u0142o\u015b\u0107 dekoracji o niezmiennej formie przez lata.<\/p>\n<p>Donice betonowe Metteo zaprojektowane s\u0105 na kszta\u0142t ko\u0142a o \u015brednicy 200 cm, wysoko\u015bci 38 cm i wadze 235 kg. Produkt pr\u00f3cz solidnej formy jest r\u00f3wnie\u017c bardzo funkcjonalny, bowiem posiada w standardzie otwory odp\u0142ywowe zapewniaj\u0105ce ro\u015blinom odpowiednie pod\u0142o\u017ce do rozwoju.<\/p>\n<p>Dost\u0119pne w ofercie kolorystycznej s\u0105 donice w podstawowych kolorach: bia\u0142y, szary oraz czarny.<\/p>\n<p>Donice z betonu mog\u0105 by\u0107 obsadzane dowoln\u0105 ro\u015blinno\u015bci\u0105, kt\u00f3ra dzi\u0119ki r\u00f3\u017cnorodno\u015bci form i barw, pozwoli zaaran\u017cowa\u0107 kolorowe wyspy w \u015brodku wielkich, betonowych przestrzeni lub zieleni przydomowego ogrodu. Aby wi\u0119c stworzy\u0107 w wyznaczonej przestrzeni zewn\u0119trznej praktyczn\u0105 i jednocze\u015bnie bardzo trwa\u0142\u0105 aran\u017cacj\u0119, warto wybra\u0107 du\u017ce donice betonowe Matteo. Jest to bowiem po\u0142\u0105czenie pi\u0119knej formy estetycznej z funkcjonalno\u015bci\u0105 mog\u0105c\u0105 s\u0142u\u017cy\u0107 latami.<\/p>\n","protected":false},"excerpt":{"rendered":"<p>Donica Matteo z betonu (polimerobetonu). Wyst\u0119puje w trzech podstawowych kolorach : bia\u0142ym, szarym oraz czarnym. Donica produkowana jest w standardzie z otworami odp\u0142ywowymi. Waga donicy to :235 kg, a wymiary : \u015brednica:200cm, wysoko\u015b\u0107:38cm.<\/p>\n","protected":false},"featured_media":58022,"template":"","meta":{"_acf_changed":false},"product_brand":[],"product_cat":[144],"product_tag":[445,444],"class_list":{"0":"post-50802","1":"product","2":"type-product","3":"status-publish","4":"has-post-thumbnail","6":"product_cat-donice-z-betonu","7":"product_tag-donice-betonowe","8":"product_tag-donice-ogrodowe","9":"description-off","10":"tm-has-options","12":"first","13":"instock","14":"shipping-taxable","15":"purchasable","16":"product-type-simple"},"acf":[],"yoast_head":"<!-- This site is optimized with the Yoast SEO plugin v27.5 - https:\/\/yoast.com\/product\/yoast-seo-wordpress\/ -->\n<title>Okr\u0105g\u0142e Donice z Betonu Ogrodowe w Kszta\u0142cie Ko\u0142a MATTEO<\/title>\n<meta name=\"description\" content=\"Okr\u0105g\u0142e donice z betonu w kszta\u0142cie ko\u0142a, dla dowolnych ro\u015blinnych dekoracji. Du\u017ca, p\u0142aska powierzchnia. Idealna do wielkomiejskiej przestrzeni, ogrodu.\" \/>\n<meta name=\"robots\" content=\"index, follow, max-snippet:-1, max-image-preview:large, max-video-preview:-1\" \/>\n<link rel=\"canonical\" href=\"https:\/\/worldofflowerpots.com\/sklep\/donice-z-betonu-w-ksztalcie-kola-matteo\/\" \/>\n<meta property=\"og:locale\" content=\"pl_PL\" \/>\n<meta property=\"og:type\" content=\"article\" \/>\n<meta property=\"og:title\" content=\"Okr\u0105g\u0142e Donice z Betonu Ogrodowe w Kszta\u0142cie Ko\u0142a MATTEO\" \/>\n<meta property=\"og:description\" content=\"Okr\u0105g\u0142e donice z betonu w kszta\u0142cie ko\u0142a, dla dowolnych ro\u015blinnych dekoracji. Du\u017ca, p\u0142aska powierzchnia. Idealna do wielkomiejskiej przestrzeni, ogrodu.\" \/>\n<meta property=\"og:url\" content=\"https:\/\/worldofflowerpots.com\/sklep\/donice-z-betonu-w-ksztalcie-kola-matteo\/\" \/>\n<meta property=\"og:site_name\" content=\"World of Flowerpots\" \/>\n<meta property=\"article:modified_time\" content=\"2019-04-16T09:28:32+00:00\" \/>\n<meta property=\"og:image\" content=\"https:\/\/worldofflowerpots.com\/wp-content\/uploads\/2019\/01\/donice-z-betonu-Mateo.jpg\" \/>\n\t<meta property=\"og:image:width\" content=\"1920\" \/>\n\t<meta property=\"og:image:height\" content=\"1080\" \/>\n\t<meta property=\"og:image:type\" content=\"image\/jpeg\" \/>\n<meta name=\"twitter:card\" content=\"summary_large_image\" \/>\n<meta name=\"twitter:label1\" content=\"Szacowany czas czytania\" \/>\n\t<meta name=\"twitter:data1\" content=\"1 minuta\" \/>\n<script type=\"application\/ld+json\" class=\"yoast-schema-graph\">{\"@context\":\"https:\\\/\\\/schema.org\",\"@graph\":[{\"@type\":\"WebPage\",\"@id\":\"https:\\\/\\\/worldofflowerpots.com\\\/sklep\\\/donice-z-betonu-w-ksztalcie-kola-matteo\\\/\",\"url\":\"https:\\\/\\\/worldofflowerpots.com\\\/sklep\\\/donice-z-betonu-w-ksztalcie-kola-matteo\\\/\",\"name\":\"Okr\u0105g\u0142e Donice z Betonu Ogrodowe w Kszta\u0142cie Ko\u0142a MATTEO\",\"isPartOf\":{\"@id\":\"https:\\\/\\\/worldofflowerpots.com\\\/#website\"},\"primaryImageOfPage\":{\"@id\":\"https:\\\/\\\/worldofflowerpots.com\\\/sklep\\\/donice-z-betonu-w-ksztalcie-kola-matteo\\\/#primaryimage\"},\"image\":{\"@id\":\"https:\\\/\\\/worldofflowerpots.com\\\/sklep\\\/donice-z-betonu-w-ksztalcie-kola-matteo\\\/#primaryimage\"},\"thumbnailUrl\":\"https:\\\/\\\/worldofflowerpots.com\\\/wp-content\\\/uploads\\\/2019\\\/01\\\/donice-z-betonu-Mateo.jpg\",\"datePublished\":\"2019-01-18T14:07:09+00:00\",\"dateModified\":\"2019-04-16T09:28:32+00:00\",\"description\":\"Okr\u0105g\u0142e donice z betonu w kszta\u0142cie ko\u0142a, dla dowolnych ro\u015blinnych dekoracji. Du\u017ca, p\u0142aska powierzchnia. Idealna do wielkomiejskiej przestrzeni, ogrodu.\",\"breadcrumb\":{\"@id\":\"https:\\\/\\\/worldofflowerpots.com\\\/sklep\\\/donice-z-betonu-w-ksztalcie-kola-matteo\\\/#breadcrumb\"},\"inLanguage\":\"pl-PL\",\"potentialAction\":[{\"@type\":\"ReadAction\",\"target\":[\"https:\\\/\\\/worldofflowerpots.com\\\/sklep\\\/donice-z-betonu-w-ksztalcie-kola-matteo\\\/\"]}]},{\"@type\":\"ImageObject\",\"inLanguage\":\"pl-PL\",\"@id\":\"https:\\\/\\\/worldofflowerpots.com\\\/sklep\\\/donice-z-betonu-w-ksztalcie-kola-matteo\\\/#primaryimage\",\"url\":\"https:\\\/\\\/worldofflowerpots.com\\\/wp-content\\\/uploads\\\/2019\\\/01\\\/donice-z-betonu-Mateo.jpg\",\"contentUrl\":\"https:\\\/\\\/worldofflowerpots.com\\\/wp-content\\\/uploads\\\/2019\\\/01\\\/donice-z-betonu-Mateo.jpg\",\"width\":1920,\"height\":1080},{\"@type\":\"BreadcrumbList\",\"@id\":\"https:\\\/\\\/worldofflowerpots.com\\\/sklep\\\/donice-z-betonu-w-ksztalcie-kola-matteo\\\/#breadcrumb\",\"itemListElement\":[{\"@type\":\"ListItem\",\"position\":1,\"name\":\"Strona g\u0142\u00f3wna\",\"item\":\"https:\\\/\\\/worldofflowerpots.com\\\/\"},{\"@type\":\"ListItem\",\"position\":2,\"name\":\"Sklep\",\"item\":\"https:\\\/\\\/worldofflowerpots.com\\\/sklep\\\/\"},{\"@type\":\"ListItem\",\"position\":3,\"name\":\"Donice z betonu Matteo\"}]},{\"@type\":\"WebSite\",\"@id\":\"https:\\\/\\\/worldofflowerpots.com\\\/#website\",\"url\":\"https:\\\/\\\/worldofflowerpots.com\\\/\",\"name\":\"World of Flowerpots\",\"description\":\"producent donic ozdobnych\",\"potentialAction\":[{\"@type\":\"SearchAction\",\"target\":{\"@type\":\"EntryPoint\",\"urlTemplate\":\"https:\\\/\\\/worldofflowerpots.com\\\/?s={search_term_string}\"},\"query-input\":{\"@type\":\"PropertyValueSpecification\",\"valueRequired\":true,\"valueName\":\"search_term_string\"}}],\"inLanguage\":\"pl-PL\"}]}<\/script>\n<!-- \/ Yoast SEO plugin. -->","yoast_head_json":{"title":"Okr\u0105g\u0142e Donice z Betonu Ogrodowe w Kszta\u0142cie Ko\u0142a MATTEO","description":"Okr\u0105g\u0142e donice z betonu w kszta\u0142cie ko\u0142a, dla dowolnych ro\u015blinnych dekoracji. Du\u017ca, p\u0142aska powierzchnia. Idealna do wielkomiejskiej przestrzeni, ogrodu.","robots":{"index":"index","follow":"follow","max-snippet":"max-snippet:-1","max-image-preview":"max-image-preview:large","max-video-preview":"max-video-preview:-1"},"canonical":"https:\/\/worldofflowerpots.com\/sklep\/donice-z-betonu-w-ksztalcie-kola-matteo\/","og_locale":"pl_PL","og_type":"article","og_title":"Okr\u0105g\u0142e Donice z Betonu Ogrodowe w Kszta\u0142cie Ko\u0142a MATTEO","og_description":"Okr\u0105g\u0142e donice z betonu w kszta\u0142cie ko\u0142a, dla dowolnych ro\u015blinnych dekoracji. Du\u017ca, p\u0142aska powierzchnia. Idealna do wielkomiejskiej przestrzeni, ogrodu.","og_url":"https:\/\/worldofflowerpots.com\/sklep\/donice-z-betonu-w-ksztalcie-kola-matteo\/","og_site_name":"World of Flowerpots","article_modified_time":"2019-04-16T09:28:32+00:00","og_image":[{"width":1920,"height":1080,"url":"https:\/\/worldofflowerpots.com\/wp-content\/uploads\/2019\/01\/donice-z-betonu-Mateo.jpg","type":"image\/jpeg"}],"twitter_card":"summary_large_image","twitter_misc":{"Szacowany czas czytania":"1 minuta"},"schema":{"@context":"https:\/\/schema.org","@graph":[{"@type":"WebPage","@id":"https:\/\/worldofflowerpots.com\/sklep\/donice-z-betonu-w-ksztalcie-kola-matteo\/","url":"https:\/\/worldofflowerpots.com\/sklep\/donice-z-betonu-w-ksztalcie-kola-matteo\/","name":"Okr\u0105g\u0142e Donice z Betonu Ogrodowe w Kszta\u0142cie Ko\u0142a MATTEO","isPartOf":{"@id":"https:\/\/worldofflowerpots.com\/#website"},"primaryImageOfPage":{"@id":"https:\/\/worldofflowerpots.com\/sklep\/donice-z-betonu-w-ksztalcie-kola-matteo\/#primaryimage"},"image":{"@id":"https:\/\/worldofflowerpots.com\/sklep\/donice-z-betonu-w-ksztalcie-kola-matteo\/#primaryimage"},"thumbnailUrl":"https:\/\/worldofflowerpots.com\/wp-content\/uploads\/2019\/01\/donice-z-betonu-Mateo.jpg","datePublished":"2019-01-18T14:07:09+00:00","dateModified":"2019-04-16T09:28:32+00:00","description":"Okr\u0105g\u0142e donice z betonu w kszta\u0142cie ko\u0142a, dla dowolnych ro\u015blinnych dekoracji. Du\u017ca, p\u0142aska powierzchnia. Idealna do wielkomiejskiej przestrzeni, ogrodu.","breadcrumb":{"@id":"https:\/\/worldofflowerpots.com\/sklep\/donice-z-betonu-w-ksztalcie-kola-matteo\/#breadcrumb"},"inLanguage":"pl-PL","potentialAction":[{"@type":"ReadAction","target":["https:\/\/worldofflowerpots.com\/sklep\/donice-z-betonu-w-ksztalcie-kola-matteo\/"]}]},{"@type":"ImageObject","inLanguage":"pl-PL","@id":"https:\/\/worldofflowerpots.com\/sklep\/donice-z-betonu-w-ksztalcie-kola-matteo\/#primaryimage","url":"https:\/\/worldofflowerpots.com\/wp-content\/uploads\/2019\/01\/donice-z-betonu-Mateo.jpg","contentUrl":"https:\/\/worldofflowerpots.com\/wp-content\/uploads\/2019\/01\/donice-z-betonu-Mateo.jpg","width":1920,"height":1080},{"@type":"BreadcrumbList","@id":"https:\/\/worldofflowerpots.com\/sklep\/donice-z-betonu-w-ksztalcie-kola-matteo\/#breadcrumb","itemListElement":[{"@type":"ListItem","position":1,"name":"Strona g\u0142\u00f3wna","item":"https:\/\/worldofflowerpots.com\/"},{"@type":"ListItem","position":2,"name":"Sklep","item":"https:\/\/worldofflowerpots.com\/sklep\/"},{"@type":"ListItem","position":3,"name":"Donice z betonu Matteo"}]},{"@type":"WebSite","@id":"https:\/\/worldofflowerpots.com\/#website","url":"https:\/\/worldofflowerpots.com\/","name":"World of Flowerpots","description":"producent donic ozdobnych","potentialAction":[{"@type":"SearchAction","target":{"@type":"EntryPoint","urlTemplate":"https:\/\/worldofflowerpots.com\/?s={search_term_string}"},"query-input":{"@type":"PropertyValueSpecification","valueRequired":true,"valueName":"search_term_string"}}],"inLanguage":"pl-PL"}]}},"_links":{"self":[{"href":"https:\/\/worldofflowerpots.com\/pl\/wp-json\/wp\/v2\/product\/50802","targetHints":{"allow":["GET"]}}],"collection":[{"href":"https:\/\/worldofflowerpots.com\/pl\/wp-json\/wp\/v2\/product"}],"about":[{"href":"https:\/\/worldofflowerpots.com\/pl\/wp-json\/wp\/v2\/types\/product"}],"wp:featuredmedia":[{"embeddable":true,"href":"https:\/\/worldofflowerpots.com\/pl\/wp-json\/wp\/v2\/media\/58022"}],"wp:attachment":[{"href":"https:\/\/worldofflowerpots.com\/pl\/wp-json\/wp\/v2\/media?parent=50802"}],"wp:term":[{"taxonomy":"product_brand","embeddable":true,"href":"https:\/\/worldofflowerpots.com\/pl\/wp-json\/wp\/v2\/product_brand?post=50802"},{"taxonomy":"product_cat","embeddable":true,"href":"https:\/\/worldofflowerpots.com\/pl\/wp-json\/wp\/v2\/product_cat?post=50802"},{"taxonomy":"product_tag","embeddable":true,"href":"https:\/\/worldofflowerpots.com\/pl\/wp-json\/wp\/v2\/product_tag?post=50802"}],"curies":[{"name":"wp","href":"https:\/\/api.w.org\/{rel}","templated":true}]}}