{"id":50803,"date":"2019-01-18T15:07:09","date_gmt":"2019-01-18T14:07:09","guid":{"rendered":"https:\/\/worldofflowerpots.com\/product\/import-placeholder-for-147\/"},"modified":"2019-04-16T11:29:34","modified_gmt":"2019-04-16T09:29:34","slug":"duza-okragla-donica-betonowa-xxl-matteo-ring","status":"publish","type":"product","link":"https:\/\/worldofflowerpots.com\/pl\/sklep\/duza-okragla-donica-betonowa-xxl-matteo-ring\/","title":{"rendered":"Du\u017ca Okr\u0105g\u0142a Donica Betonowa XXL Matteo Ring"},"content":{"rendered":"<p><img loading=\"lazy\" decoding=\"async\" class=\"aligncenter wp-image-59007 size-full\" src=\"https:\/\/worldofflowerpots.com\/wp-content\/uploads\/2016\/12\/przygotowanie-donic-do-u\u017cytkowania-2.png\" alt=\"\" width=\"836\" height=\"598\" srcset=\"https:\/\/worldofflowerpots.com\/wp-content\/uploads\/2016\/12\/przygotowanie-donic-do-u\u017cytkowania-2.png 836w, https:\/\/worldofflowerpots.com\/wp-content\/uploads\/2016\/12\/przygotowanie-donic-do-u\u017cytkowania-2-300x215.png 300w, https:\/\/worldofflowerpots.com\/wp-content\/uploads\/2016\/12\/przygotowanie-donic-do-u\u017cytkowania-2-768x549.png 768w, https:\/\/worldofflowerpots.com\/wp-content\/uploads\/2016\/12\/przygotowanie-donic-do-u\u017cytkowania-2-600x429.png 600w\" sizes=\"auto, (max-width: 836px) 100vw, 836px\" \/><\/p>\n<p>Du\u017ce donice betonowe przeznaczone do umieszczenia na zewn\u0105trz stanowi\u0105 coraz cz\u0119stszy element naszego otoczenia. Donica betonowa XXL Matteo Ring wykonana z odpornego na niszcz\u0105ce czynniki atmosferyczne ultra betonu. Materia\u0142 ten przez bardzo d\u0142ugi czas u\u017cytkowania nie zmienia swojego wygl\u0105du i w\u0142a\u015bciwo\u015bci. W r\u0119kach wprawnego projektanta ultra beton mo\u017ce zamieni\u0107 si\u0119 swoisty kontrapunkt przestrzeni, przyci\u0105gaj\u0105cy uwag\u0119 rozmiarami, eleganckim kszta\u0142tem i funkcjonalno\u015bci\u0105.<\/p>\n<p>Donica betonowa XXL Matteo Ring posiada kszta\u0142t regularnego dysku o \u015brednicy ponad dw\u00f3ch metr\u00f3w. Pozwala to przy jej u\u017cyciu zagospodarowa\u0107 przestrzennie du\u017c\u0105 powierzchni\u0119.\u00a0Solidny rozmiar (przy wysoko\u015bci 410 cm prawie 500 litr\u00f3w pojemno\u015bci) i waga 365 kg przeznaczaj\u0105 j\u0105 do tworzenia aran\u017cacji w otwartej przestrzeni, na reprezentacyjnych dziedzi\u0144cach, publicznych skwerach czy w miejskich parkach. Cho\u0107 donice betonowe na zewn\u0105trz mog\u0105 kojarzy\u0107 si\u0119 inaczej, donica XXL Matteo Ring daje efekt lekko\u015bci i subtelno\u015bci. Dzieje si\u0119 tak dzi\u0119ki szerokiemu rantowi, tworz\u0105cemu eleganck\u0105 opraw\u0119 dla kompozycji ro\u015blinnych wewn\u0105trz okr\u0119gu. Misa donicy w kszta\u0142cie op\u0142ywowego sto\u017cka, kryj\u0105c si\u0119 za naturalnym &#8222;ko\u0142nierzem&#8221; co optycznie odejmuje jej\u00a0obj\u0119to\u015bci.\u00a0Jak wiele donic XXL przeznaczonych na zewn\u0105trz, Matteo Ring pe\u0142ni podw\u00f3jn\u0105 funkcj\u0119: przy dwumetrowej \u015brednicy szeroki rant staje si\u0119 siedziskiem eleganckiej \u0142awki. W ten spos\u00f3b mo\u017cna go wykorzysta\u0107 jako element architektury u\u017cytkowej.<\/p>\n<p>\u0141atwo obliczy\u0107, \u017ce wewn\u0119trzne pole donicy daje ponad trzy metry kwadratowe powierzchni do nasadze\u0144. Dzi\u0119ki swoim wymiarom i kszta\u0142towi Matteo Ring idealnie nadaje si\u0119 do kompozycji na bazie ro\u015blin p\u0142o\u017c\u0105cych i roz\u0142o\u017cystych. W tej donicy pi\u0119knie wygl\u0105daj\u0105 barwne kwiatowe mozaiki. Misa donicy pomie\u015bci nawet korzenie kar\u0142owatego ozdobnego drzewka. Tak zaprojektowane donice, s\u0142u\u017c\u0105ce r\u00f3wnie\u017c jako \u0142awki, \u015bwietnie nadadz\u0105 si\u0119 do rozstawienia wzd\u0142u\u017c promenady czy alei w otwartym terenie. Donice XXL Matteo Ring umieszczone przed fasad\u0105 siedziby firmy lub nowoczesnej rezydencji dodadz\u0105 jej reprezentacyjnego charakteru.<\/p>\n","protected":false},"excerpt":{"rendered":"<p>Donica Matteo Ring z betonu (polimerobetonu). Wyst\u0119puje w trzech podstawowych kolorach : bia\u0142ym, szarym oraz czarnym. Donica produkowana jest w standardzie z otworami odp\u0142ywowymi. Waga donicy to :365 kg, a wymiary :\u015brednica:221cm, wysoko\u015b\u0107:41cm.<\/p>\n","protected":false},"featured_media":58032,"template":"","meta":{"_acf_changed":false},"product_brand":[],"product_cat":[144],"product_tag":[445,444],"class_list":{"0":"post-50803","1":"product","2":"type-product","3":"status-publish","4":"has-post-thumbnail","6":"product_cat-donice-z-betonu","7":"product_tag-donice-betonowe","8":"product_tag-donice-ogrodowe","9":"description-off","10":"tm-has-options","12":"first","13":"instock","14":"shipping-taxable","15":"purchasable","16":"product-type-simple"},"acf":[],"yoast_head":"<!-- This site is optimized with the Yoast SEO plugin v27.5 - https:\/\/yoast.com\/product\/yoast-seo-wordpress\/ -->\n<title>Du\u017ca Donica Betonowa XXL do Park\u00f3w i Ogrod\u00f3w MATTEO RING<\/title>\n<meta name=\"description\" content=\"Donica betonowa. Du\u017cy rozmiar, ci\u0119\u017car oraz owalny kszta\u0142t o imponuj\u0105cej \u015brednicy Do hodowli roz\u0142o\u017cystych ro\u015blin lub efektownych rabat. Park, Ogr\u00f3d.\" \/>\n<meta name=\"robots\" content=\"index, follow, max-snippet:-1, max-image-preview:large, max-video-preview:-1\" \/>\n<link rel=\"canonical\" href=\"https:\/\/worldofflowerpots.com\/sklep\/duza-okragla-donica-betonowa-xxl-matteo-ring\/\" \/>\n<meta property=\"og:locale\" content=\"pl_PL\" \/>\n<meta property=\"og:type\" content=\"article\" \/>\n<meta property=\"og:title\" content=\"Du\u017ca Donica Betonowa XXL do Park\u00f3w i Ogrod\u00f3w MATTEO RING\" \/>\n<meta property=\"og:description\" content=\"Donica betonowa. Du\u017cy rozmiar, ci\u0119\u017car oraz owalny kszta\u0142t o imponuj\u0105cej \u015brednicy Do hodowli roz\u0142o\u017cystych ro\u015blin lub efektownych rabat. Park, Ogr\u00f3d.\" \/>\n<meta property=\"og:url\" content=\"https:\/\/worldofflowerpots.com\/sklep\/duza-okragla-donica-betonowa-xxl-matteo-ring\/\" \/>\n<meta property=\"og:site_name\" content=\"World of Flowerpots\" \/>\n<meta property=\"article:modified_time\" content=\"2019-04-16T09:29:34+00:00\" \/>\n<meta property=\"og:image\" content=\"https:\/\/worldofflowerpots.com\/wp-content\/uploads\/2019\/01\/Donica-betonowa-xxl-Mateo-Ring.jpg\" \/>\n\t<meta property=\"og:image:width\" content=\"1920\" \/>\n\t<meta property=\"og:image:height\" content=\"1080\" \/>\n\t<meta property=\"og:image:type\" content=\"image\/jpeg\" \/>\n<meta name=\"twitter:card\" content=\"summary_large_image\" \/>\n<meta name=\"twitter:label1\" content=\"Szacowany czas czytania\" \/>\n\t<meta name=\"twitter:data1\" content=\"2 minuty\" \/>\n<script type=\"application\/ld+json\" class=\"yoast-schema-graph\">{\"@context\":\"https:\\\/\\\/schema.org\",\"@graph\":[{\"@type\":\"WebPage\",\"@id\":\"https:\\\/\\\/worldofflowerpots.com\\\/sklep\\\/duza-okragla-donica-betonowa-xxl-matteo-ring\\\/\",\"url\":\"https:\\\/\\\/worldofflowerpots.com\\\/sklep\\\/duza-okragla-donica-betonowa-xxl-matteo-ring\\\/\",\"name\":\"Du\u017ca Donica Betonowa XXL do Park\u00f3w i Ogrod\u00f3w MATTEO RING\",\"isPartOf\":{\"@id\":\"https:\\\/\\\/worldofflowerpots.com\\\/#website\"},\"primaryImageOfPage\":{\"@id\":\"https:\\\/\\\/worldofflowerpots.com\\\/sklep\\\/duza-okragla-donica-betonowa-xxl-matteo-ring\\\/#primaryimage\"},\"image\":{\"@id\":\"https:\\\/\\\/worldofflowerpots.com\\\/sklep\\\/duza-okragla-donica-betonowa-xxl-matteo-ring\\\/#primaryimage\"},\"thumbnailUrl\":\"https:\\\/\\\/worldofflowerpots.com\\\/wp-content\\\/uploads\\\/2019\\\/01\\\/Donica-betonowa-xxl-Mateo-Ring.jpg\",\"datePublished\":\"2019-01-18T14:07:09+00:00\",\"dateModified\":\"2019-04-16T09:29:34+00:00\",\"description\":\"Donica betonowa. Du\u017cy rozmiar, ci\u0119\u017car oraz owalny kszta\u0142t o imponuj\u0105cej \u015brednicy Do hodowli roz\u0142o\u017cystych ro\u015blin lub efektownych rabat. Park, Ogr\u00f3d.\",\"breadcrumb\":{\"@id\":\"https:\\\/\\\/worldofflowerpots.com\\\/sklep\\\/duza-okragla-donica-betonowa-xxl-matteo-ring\\\/#breadcrumb\"},\"inLanguage\":\"pl-PL\",\"potentialAction\":[{\"@type\":\"ReadAction\",\"target\":[\"https:\\\/\\\/worldofflowerpots.com\\\/sklep\\\/duza-okragla-donica-betonowa-xxl-matteo-ring\\\/\"]}]},{\"@type\":\"ImageObject\",\"inLanguage\":\"pl-PL\",\"@id\":\"https:\\\/\\\/worldofflowerpots.com\\\/sklep\\\/duza-okragla-donica-betonowa-xxl-matteo-ring\\\/#primaryimage\",\"url\":\"https:\\\/\\\/worldofflowerpots.com\\\/wp-content\\\/uploads\\\/2019\\\/01\\\/Donica-betonowa-xxl-Mateo-Ring.jpg\",\"contentUrl\":\"https:\\\/\\\/worldofflowerpots.com\\\/wp-content\\\/uploads\\\/2019\\\/01\\\/Donica-betonowa-xxl-Mateo-Ring.jpg\",\"width\":1920,\"height\":1080},{\"@type\":\"BreadcrumbList\",\"@id\":\"https:\\\/\\\/worldofflowerpots.com\\\/sklep\\\/duza-okragla-donica-betonowa-xxl-matteo-ring\\\/#breadcrumb\",\"itemListElement\":[{\"@type\":\"ListItem\",\"position\":1,\"name\":\"Strona g\u0142\u00f3wna\",\"item\":\"https:\\\/\\\/worldofflowerpots.com\\\/\"},{\"@type\":\"ListItem\",\"position\":2,\"name\":\"Sklep\",\"item\":\"https:\\\/\\\/worldofflowerpots.com\\\/sklep\\\/\"},{\"@type\":\"ListItem\",\"position\":3,\"name\":\"Du\u017ca Okr\u0105g\u0142a Donica Betonowa XXL Matteo Ring\"}]},{\"@type\":\"WebSite\",\"@id\":\"https:\\\/\\\/worldofflowerpots.com\\\/#website\",\"url\":\"https:\\\/\\\/worldofflowerpots.com\\\/\",\"name\":\"World of Flowerpots\",\"description\":\"producent donic ozdobnych\",\"potentialAction\":[{\"@type\":\"SearchAction\",\"target\":{\"@type\":\"EntryPoint\",\"urlTemplate\":\"https:\\\/\\\/worldofflowerpots.com\\\/?s={search_term_string}\"},\"query-input\":{\"@type\":\"PropertyValueSpecification\",\"valueRequired\":true,\"valueName\":\"search_term_string\"}}],\"inLanguage\":\"pl-PL\"}]}<\/script>\n<!-- \/ Yoast SEO plugin. -->","yoast_head_json":{"title":"Du\u017ca Donica Betonowa XXL do Park\u00f3w i Ogrod\u00f3w MATTEO RING","description":"Donica betonowa. Du\u017cy rozmiar, ci\u0119\u017car oraz owalny kszta\u0142t o imponuj\u0105cej \u015brednicy Do hodowli roz\u0142o\u017cystych ro\u015blin lub efektownych rabat. Park, Ogr\u00f3d.","robots":{"index":"index","follow":"follow","max-snippet":"max-snippet:-1","max-image-preview":"max-image-preview:large","max-video-preview":"max-video-preview:-1"},"canonical":"https:\/\/worldofflowerpots.com\/sklep\/duza-okragla-donica-betonowa-xxl-matteo-ring\/","og_locale":"pl_PL","og_type":"article","og_title":"Du\u017ca Donica Betonowa XXL do Park\u00f3w i Ogrod\u00f3w MATTEO RING","og_description":"Donica betonowa. Du\u017cy rozmiar, ci\u0119\u017car oraz owalny kszta\u0142t o imponuj\u0105cej \u015brednicy Do hodowli roz\u0142o\u017cystych ro\u015blin lub efektownych rabat. Park, Ogr\u00f3d.","og_url":"https:\/\/worldofflowerpots.com\/sklep\/duza-okragla-donica-betonowa-xxl-matteo-ring\/","og_site_name":"World of Flowerpots","article_modified_time":"2019-04-16T09:29:34+00:00","og_image":[{"width":1920,"height":1080,"url":"https:\/\/worldofflowerpots.com\/wp-content\/uploads\/2019\/01\/Donica-betonowa-xxl-Mateo-Ring.jpg","type":"image\/jpeg"}],"twitter_card":"summary_large_image","twitter_misc":{"Szacowany czas czytania":"2 minuty"},"schema":{"@context":"https:\/\/schema.org","@graph":[{"@type":"WebPage","@id":"https:\/\/worldofflowerpots.com\/sklep\/duza-okragla-donica-betonowa-xxl-matteo-ring\/","url":"https:\/\/worldofflowerpots.com\/sklep\/duza-okragla-donica-betonowa-xxl-matteo-ring\/","name":"Du\u017ca Donica Betonowa XXL do Park\u00f3w i Ogrod\u00f3w MATTEO RING","isPartOf":{"@id":"https:\/\/worldofflowerpots.com\/#website"},"primaryImageOfPage":{"@id":"https:\/\/worldofflowerpots.com\/sklep\/duza-okragla-donica-betonowa-xxl-matteo-ring\/#primaryimage"},"image":{"@id":"https:\/\/worldofflowerpots.com\/sklep\/duza-okragla-donica-betonowa-xxl-matteo-ring\/#primaryimage"},"thumbnailUrl":"https:\/\/worldofflowerpots.com\/wp-content\/uploads\/2019\/01\/Donica-betonowa-xxl-Mateo-Ring.jpg","datePublished":"2019-01-18T14:07:09+00:00","dateModified":"2019-04-16T09:29:34+00:00","description":"Donica betonowa. Du\u017cy rozmiar, ci\u0119\u017car oraz owalny kszta\u0142t o imponuj\u0105cej \u015brednicy Do hodowli roz\u0142o\u017cystych ro\u015blin lub efektownych rabat. Park, Ogr\u00f3d.","breadcrumb":{"@id":"https:\/\/worldofflowerpots.com\/sklep\/duza-okragla-donica-betonowa-xxl-matteo-ring\/#breadcrumb"},"inLanguage":"pl-PL","potentialAction":[{"@type":"ReadAction","target":["https:\/\/worldofflowerpots.com\/sklep\/duza-okragla-donica-betonowa-xxl-matteo-ring\/"]}]},{"@type":"ImageObject","inLanguage":"pl-PL","@id":"https:\/\/worldofflowerpots.com\/sklep\/duza-okragla-donica-betonowa-xxl-matteo-ring\/#primaryimage","url":"https:\/\/worldofflowerpots.com\/wp-content\/uploads\/2019\/01\/Donica-betonowa-xxl-Mateo-Ring.jpg","contentUrl":"https:\/\/worldofflowerpots.com\/wp-content\/uploads\/2019\/01\/Donica-betonowa-xxl-Mateo-Ring.jpg","width":1920,"height":1080},{"@type":"BreadcrumbList","@id":"https:\/\/worldofflowerpots.com\/sklep\/duza-okragla-donica-betonowa-xxl-matteo-ring\/#breadcrumb","itemListElement":[{"@type":"ListItem","position":1,"name":"Strona g\u0142\u00f3wna","item":"https:\/\/worldofflowerpots.com\/"},{"@type":"ListItem","position":2,"name":"Sklep","item":"https:\/\/worldofflowerpots.com\/sklep\/"},{"@type":"ListItem","position":3,"name":"Du\u017ca Okr\u0105g\u0142a Donica Betonowa XXL Matteo Ring"}]},{"@type":"WebSite","@id":"https:\/\/worldofflowerpots.com\/#website","url":"https:\/\/worldofflowerpots.com\/","name":"World of Flowerpots","description":"producent donic ozdobnych","potentialAction":[{"@type":"SearchAction","target":{"@type":"EntryPoint","urlTemplate":"https:\/\/worldofflowerpots.com\/?s={search_term_string}"},"query-input":{"@type":"PropertyValueSpecification","valueRequired":true,"valueName":"search_term_string"}}],"inLanguage":"pl-PL"}]}},"_links":{"self":[{"href":"https:\/\/worldofflowerpots.com\/pl\/wp-json\/wp\/v2\/product\/50803","targetHints":{"allow":["GET"]}}],"collection":[{"href":"https:\/\/worldofflowerpots.com\/pl\/wp-json\/wp\/v2\/product"}],"about":[{"href":"https:\/\/worldofflowerpots.com\/pl\/wp-json\/wp\/v2\/types\/product"}],"wp:featuredmedia":[{"embeddable":true,"href":"https:\/\/worldofflowerpots.com\/pl\/wp-json\/wp\/v2\/media\/58032"}],"wp:attachment":[{"href":"https:\/\/worldofflowerpots.com\/pl\/wp-json\/wp\/v2\/media?parent=50803"}],"wp:term":[{"taxonomy":"product_brand","embeddable":true,"href":"https:\/\/worldofflowerpots.com\/pl\/wp-json\/wp\/v2\/product_brand?post=50803"},{"taxonomy":"product_cat","embeddable":true,"href":"https:\/\/worldofflowerpots.com\/pl\/wp-json\/wp\/v2\/product_cat?post=50803"},{"taxonomy":"product_tag","embeddable":true,"href":"https:\/\/worldofflowerpots.com\/pl\/wp-json\/wp\/v2\/product_tag?post=50803"}],"curies":[{"name":"wp","href":"https:\/\/api.w.org\/{rel}","templated":true}]}}