{"id":50804,"date":"2019-01-18T15:07:09","date_gmt":"2019-01-18T14:07:09","guid":{"rendered":"https:\/\/worldofflowerpots.com\/product\/import-placeholder-for-148\/"},"modified":"2019-04-16T11:30:49","modified_gmt":"2019-04-16T09:30:49","slug":"doniczki-wysokie-onorato","status":"publish","type":"product","link":"https:\/\/worldofflowerpots.com\/pl\/sklep\/doniczki-wysokie-onorato\/","title":{"rendered":"Doniczki wysokie Onorato"},"content":{"rendered":"<h2><img loading=\"lazy\" decoding=\"async\" class=\"aligncenter wp-image-59007 size-full\" src=\"https:\/\/worldofflowerpots.com\/wp-content\/uploads\/2016\/12\/przygotowanie-donic-do-u\u017cytkowania-2.png\" alt=\"\" width=\"836\" height=\"598\" srcset=\"https:\/\/worldofflowerpots.com\/wp-content\/uploads\/2016\/12\/przygotowanie-donic-do-u\u017cytkowania-2.png 836w, https:\/\/worldofflowerpots.com\/wp-content\/uploads\/2016\/12\/przygotowanie-donic-do-u\u017cytkowania-2-300x215.png 300w, https:\/\/worldofflowerpots.com\/wp-content\/uploads\/2016\/12\/przygotowanie-donic-do-u\u017cytkowania-2-768x549.png 768w, https:\/\/worldofflowerpots.com\/wp-content\/uploads\/2016\/12\/przygotowanie-donic-do-u\u017cytkowania-2-600x429.png 600w\" sizes=\"auto, (max-width: 836px) 100vw, 836px\" \/><\/h2>\n<h2><strong>Donica betonowa do traw i krzew\u00f3w Onorato<\/strong><\/h2>\n<p>Ka\u017cdy, kto chce mie\u0107 pi\u0119knie wygl\u0105daj\u0105cy ogr\u00f3d czy taras zastanawia si\u0119 jakie donice b\u0119d\u0105 idealne do u\u017cytku zewn\u0119trznego. Doniczki wysokie to jedna z propozycji, kt\u00f3ra nie tylko dobrze si\u0119 prezentuje. Mog\u0105 s\u0142u\u017cy\u0107 r\u00f3wnie\u017c do zasadzenia nawet du\u017cych rozmiar\u00f3w drzewek czy krzew\u00f3w. Donica z betonu architektonicznego Onorato to jedna z naszychpropozycji dla tych, kt\u00f3rych wyb\u00f3r pad\u0142 na doniczki wysokie.<\/p>\n<h2><strong>Jakie zalety ma donica Onorato? <\/strong><\/h2>\n<p>Jest ona przed wszystkim niezwykle trwa\u0142a. Odporna jest na czynniki atmosferyczne takie jak mr\u00f3z czy deszcz. Mo\u017ce sta\u0107 w ogrodzie czy na balkonie lub tarasie nawet ca\u0142y rok. Je\u015bli niekt\u00f3re nasze ro\u015bliny b\u0119d\u0105 potrzebowa\u0142y pokrowc\u00f3w na zim\u0119, nie trzeba os\u0142ania\u0107 doniczek. One z pewno\u015bci\u0105 wytrzymaj\u0105 nawet trudne warunki atmosferyczne i bardzo niskie temperatury. Du\u017c\u0105 zalet\u0105 doniczek betonowych jest to, \u017ce z pewno\u015bci\u0105 nie przewr\u00f3c\u0105 si\u0119 pod wp\u0142ywem wiatru. S\u0105 na to po prostu zbyt stabilne i ci\u0119\u017ckie. Nie musimy si\u0119 obawia\u0107, \u017ce spadn\u0105 na s\u0105siedni balkon lub auto zaparkowane pod balkonem, albo rozbij\u0105 si\u0119 jak uderz\u0105 o nasz balkon. Dzi\u0119ki ich du\u017cej stabilno\u015bci, mo\u017cemy zasadzi\u0107 nawet du\u017cych rozmiar\u00f3w drzewko.<\/p>\n<h2><strong>Zastosowanie donic betonowych<\/strong><\/h2>\n<p>Doniczki wysokie betonowe Onorato to bardzo stylowy, ale jednocze\u015bnie minimalistyczny dodatek do naszego ogrodu czy tarasu. Proponujemy 3 wersje kolorystyczne doniczek: bia\u0142y, szary i czarny. S\u0105 to barwy, kt\u00f3re wydaj\u0105 si\u0119 skromne, ale po\u0142\u0105czeniu z zieleni\u0105 i r\u00f3\u017cnorodnymi kolorami kwiat\u00f3w, b\u0119d\u0105 tworzy\u0142y harmonijne po\u0142\u0105czenie. Donica betonowa Onorato jest z pewno\u015bci\u0105 inwestycj\u0105 na lata. Ze wzgl\u0119du na prosty design i kszta\u0142t zawsze b\u0119d\u0105 pi\u0119knie si\u0119 prezentowa\u0142y. Opr\u00f3cz tego trwa\u0142o\u015b\u0107 produktu sprawia, \u017ce nie b\u0119dziemy jej musieli szybko zmienia\u0107. Donice te mo\u017cna u\u017cy\u0107 do ogrodu czy balkonu w domu, ale mog\u0105 stanowi\u0107 te\u017c prost\u0105, klasyczn\u0105 dekoracj\u0119 w biurze, w hotelu, w galerii handlowej &#8211; wewn\u0105trz budynku i na zewn\u0105trz. Nawet w miejscach publicznych, gdzie jest wi\u0119ksze ryzyko zniszczenia donic, wykonane z betonu wytrzymaj\u0105 naprawd\u0119 du\u017co dzi\u0119ki czemu b\u0119d\u0105 stanowi\u0142y dekoracj\u0119 wieloletni\u0105.<\/p>\n","protected":false},"excerpt":{"rendered":"<p>Donica Onorato z betonu (ultra betonu). Wyst\u0119puje w trzech podstawowych kolorach: bia\u0142ym, szarym oraz czarnym. Donica produkowana jest w standardzie z otworami odp\u0142ywowymi. Waga donicy to: 80 kg, a wymiary: d\u0142ugo\u015b\u0107: 40 cm, szeroko\u015b\u0107: 40 cm, wysoko\u015b\u0107: 80 cm.<\/p>\n","protected":false},"featured_media":57876,"template":"","meta":{"_acf_changed":false},"product_brand":[],"product_cat":[144],"product_tag":[448,445,444],"class_list":{"0":"post-50804","1":"product","2":"type-product","3":"status-publish","4":"has-post-thumbnail","6":"product_cat-donice-z-betonu","7":"product_tag-donice-balkonowe","8":"product_tag-donice-betonowe","9":"product_tag-donice-ogrodowe","10":"description-off","11":"tm-has-options","13":"first","14":"instock","15":"shipping-taxable","16":"purchasable","17":"product-type-simple"},"acf":[],"yoast_head":"<!-- This site is optimized with the Yoast SEO plugin v27.5 - https:\/\/yoast.com\/product\/yoast-seo-wordpress\/ -->\n<title>Klasyczne Donice Betonowe do Niskiej Trawy i Krzew\u00f3w ONORATO<\/title>\n<meta name=\"description\" content=\"Donica z betonu architektonicznego Onorato to jedna z naszychpropozycji dla tych, kt\u00f3rych wyb\u00f3r pad\u0142 na doniczki wysokie.\" \/>\n<meta name=\"robots\" content=\"index, follow, max-snippet:-1, max-image-preview:large, max-video-preview:-1\" \/>\n<link rel=\"canonical\" href=\"https:\/\/worldofflowerpots.com\/sklep\/doniczki-wysokie-onorato\/\" \/>\n<meta property=\"og:locale\" content=\"pl_PL\" \/>\n<meta property=\"og:type\" content=\"article\" \/>\n<meta property=\"og:title\" content=\"Klasyczne Donice Betonowe do Niskiej Trawy i Krzew\u00f3w ONORATO\" \/>\n<meta property=\"og:description\" content=\"Donica z betonu architektonicznego Onorato to jedna z naszychpropozycji dla tych, kt\u00f3rych wyb\u00f3r pad\u0142 na doniczki wysokie.\" \/>\n<meta property=\"og:url\" content=\"https:\/\/worldofflowerpots.com\/sklep\/doniczki-wysokie-onorato\/\" \/>\n<meta property=\"og:site_name\" content=\"World of Flowerpots\" \/>\n<meta property=\"article:modified_time\" content=\"2019-04-16T09:30:49+00:00\" \/>\n<meta property=\"og:image\" content=\"https:\/\/worldofflowerpots.com\/wp-content\/uploads\/2019\/01\/Doniczki-wysokie-Onorato-czarny-1.jpg\" \/>\n\t<meta property=\"og:image:width\" content=\"2280\" \/>\n\t<meta property=\"og:image:height\" content=\"1612\" \/>\n\t<meta property=\"og:image:type\" content=\"image\/jpeg\" \/>\n<meta name=\"twitter:card\" content=\"summary_large_image\" \/>\n<meta name=\"twitter:label1\" content=\"Szacowany czas czytania\" \/>\n\t<meta name=\"twitter:data1\" content=\"2 minuty\" \/>\n<script type=\"application\/ld+json\" class=\"yoast-schema-graph\">{\"@context\":\"https:\\\/\\\/schema.org\",\"@graph\":[{\"@type\":\"WebPage\",\"@id\":\"https:\\\/\\\/worldofflowerpots.com\\\/sklep\\\/doniczki-wysokie-onorato\\\/\",\"url\":\"https:\\\/\\\/worldofflowerpots.com\\\/sklep\\\/doniczki-wysokie-onorato\\\/\",\"name\":\"Klasyczne Donice Betonowe do Niskiej Trawy i Krzew\u00f3w ONORATO\",\"isPartOf\":{\"@id\":\"https:\\\/\\\/worldofflowerpots.com\\\/#website\"},\"primaryImageOfPage\":{\"@id\":\"https:\\\/\\\/worldofflowerpots.com\\\/sklep\\\/doniczki-wysokie-onorato\\\/#primaryimage\"},\"image\":{\"@id\":\"https:\\\/\\\/worldofflowerpots.com\\\/sklep\\\/doniczki-wysokie-onorato\\\/#primaryimage\"},\"thumbnailUrl\":\"https:\\\/\\\/worldofflowerpots.com\\\/wp-content\\\/uploads\\\/2019\\\/01\\\/Doniczki-wysokie-Onorato-czarny-1.jpg\",\"datePublished\":\"2019-01-18T14:07:09+00:00\",\"dateModified\":\"2019-04-16T09:30:49+00:00\",\"description\":\"Donica z betonu architektonicznego Onorato to jedna z naszychpropozycji dla tych, kt\u00f3rych wyb\u00f3r pad\u0142 na doniczki wysokie.\",\"breadcrumb\":{\"@id\":\"https:\\\/\\\/worldofflowerpots.com\\\/sklep\\\/doniczki-wysokie-onorato\\\/#breadcrumb\"},\"inLanguage\":\"pl-PL\",\"potentialAction\":[{\"@type\":\"ReadAction\",\"target\":[\"https:\\\/\\\/worldofflowerpots.com\\\/sklep\\\/doniczki-wysokie-onorato\\\/\"]}]},{\"@type\":\"ImageObject\",\"inLanguage\":\"pl-PL\",\"@id\":\"https:\\\/\\\/worldofflowerpots.com\\\/sklep\\\/doniczki-wysokie-onorato\\\/#primaryimage\",\"url\":\"https:\\\/\\\/worldofflowerpots.com\\\/wp-content\\\/uploads\\\/2019\\\/01\\\/Doniczki-wysokie-Onorato-czarny-1.jpg\",\"contentUrl\":\"https:\\\/\\\/worldofflowerpots.com\\\/wp-content\\\/uploads\\\/2019\\\/01\\\/Doniczki-wysokie-Onorato-czarny-1.jpg\",\"width\":2280,\"height\":1612},{\"@type\":\"BreadcrumbList\",\"@id\":\"https:\\\/\\\/worldofflowerpots.com\\\/sklep\\\/doniczki-wysokie-onorato\\\/#breadcrumb\",\"itemListElement\":[{\"@type\":\"ListItem\",\"position\":1,\"name\":\"Strona g\u0142\u00f3wna\",\"item\":\"https:\\\/\\\/worldofflowerpots.com\\\/\"},{\"@type\":\"ListItem\",\"position\":2,\"name\":\"Sklep\",\"item\":\"https:\\\/\\\/worldofflowerpots.com\\\/sklep\\\/\"},{\"@type\":\"ListItem\",\"position\":3,\"name\":\"Doniczki wysokie Onorato\"}]},{\"@type\":\"WebSite\",\"@id\":\"https:\\\/\\\/worldofflowerpots.com\\\/#website\",\"url\":\"https:\\\/\\\/worldofflowerpots.com\\\/\",\"name\":\"World of Flowerpots\",\"description\":\"producent donic ozdobnych\",\"potentialAction\":[{\"@type\":\"SearchAction\",\"target\":{\"@type\":\"EntryPoint\",\"urlTemplate\":\"https:\\\/\\\/worldofflowerpots.com\\\/?s={search_term_string}\"},\"query-input\":{\"@type\":\"PropertyValueSpecification\",\"valueRequired\":true,\"valueName\":\"search_term_string\"}}],\"inLanguage\":\"pl-PL\"}]}<\/script>\n<!-- \/ Yoast SEO plugin. -->","yoast_head_json":{"title":"Klasyczne Donice Betonowe do Niskiej Trawy i Krzew\u00f3w ONORATO","description":"Donica z betonu architektonicznego Onorato to jedna z naszychpropozycji dla tych, kt\u00f3rych wyb\u00f3r pad\u0142 na doniczki wysokie.","robots":{"index":"index","follow":"follow","max-snippet":"max-snippet:-1","max-image-preview":"max-image-preview:large","max-video-preview":"max-video-preview:-1"},"canonical":"https:\/\/worldofflowerpots.com\/sklep\/doniczki-wysokie-onorato\/","og_locale":"pl_PL","og_type":"article","og_title":"Klasyczne Donice Betonowe do Niskiej Trawy i Krzew\u00f3w ONORATO","og_description":"Donica z betonu architektonicznego Onorato to jedna z naszychpropozycji dla tych, kt\u00f3rych wyb\u00f3r pad\u0142 na doniczki wysokie.","og_url":"https:\/\/worldofflowerpots.com\/sklep\/doniczki-wysokie-onorato\/","og_site_name":"World of Flowerpots","article_modified_time":"2019-04-16T09:30:49+00:00","og_image":[{"width":2280,"height":1612,"url":"https:\/\/worldofflowerpots.com\/wp-content\/uploads\/2019\/01\/Doniczki-wysokie-Onorato-czarny-1.jpg","type":"image\/jpeg"}],"twitter_card":"summary_large_image","twitter_misc":{"Szacowany czas czytania":"2 minuty"},"schema":{"@context":"https:\/\/schema.org","@graph":[{"@type":"WebPage","@id":"https:\/\/worldofflowerpots.com\/sklep\/doniczki-wysokie-onorato\/","url":"https:\/\/worldofflowerpots.com\/sklep\/doniczki-wysokie-onorato\/","name":"Klasyczne Donice Betonowe do Niskiej Trawy i Krzew\u00f3w ONORATO","isPartOf":{"@id":"https:\/\/worldofflowerpots.com\/#website"},"primaryImageOfPage":{"@id":"https:\/\/worldofflowerpots.com\/sklep\/doniczki-wysokie-onorato\/#primaryimage"},"image":{"@id":"https:\/\/worldofflowerpots.com\/sklep\/doniczki-wysokie-onorato\/#primaryimage"},"thumbnailUrl":"https:\/\/worldofflowerpots.com\/wp-content\/uploads\/2019\/01\/Doniczki-wysokie-Onorato-czarny-1.jpg","datePublished":"2019-01-18T14:07:09+00:00","dateModified":"2019-04-16T09:30:49+00:00","description":"Donica z betonu architektonicznego Onorato to jedna z naszychpropozycji dla tych, kt\u00f3rych wyb\u00f3r pad\u0142 na doniczki wysokie.","breadcrumb":{"@id":"https:\/\/worldofflowerpots.com\/sklep\/doniczki-wysokie-onorato\/#breadcrumb"},"inLanguage":"pl-PL","potentialAction":[{"@type":"ReadAction","target":["https:\/\/worldofflowerpots.com\/sklep\/doniczki-wysokie-onorato\/"]}]},{"@type":"ImageObject","inLanguage":"pl-PL","@id":"https:\/\/worldofflowerpots.com\/sklep\/doniczki-wysokie-onorato\/#primaryimage","url":"https:\/\/worldofflowerpots.com\/wp-content\/uploads\/2019\/01\/Doniczki-wysokie-Onorato-czarny-1.jpg","contentUrl":"https:\/\/worldofflowerpots.com\/wp-content\/uploads\/2019\/01\/Doniczki-wysokie-Onorato-czarny-1.jpg","width":2280,"height":1612},{"@type":"BreadcrumbList","@id":"https:\/\/worldofflowerpots.com\/sklep\/doniczki-wysokie-onorato\/#breadcrumb","itemListElement":[{"@type":"ListItem","position":1,"name":"Strona g\u0142\u00f3wna","item":"https:\/\/worldofflowerpots.com\/"},{"@type":"ListItem","position":2,"name":"Sklep","item":"https:\/\/worldofflowerpots.com\/sklep\/"},{"@type":"ListItem","position":3,"name":"Doniczki wysokie Onorato"}]},{"@type":"WebSite","@id":"https:\/\/worldofflowerpots.com\/#website","url":"https:\/\/worldofflowerpots.com\/","name":"World of Flowerpots","description":"producent donic ozdobnych","potentialAction":[{"@type":"SearchAction","target":{"@type":"EntryPoint","urlTemplate":"https:\/\/worldofflowerpots.com\/?s={search_term_string}"},"query-input":{"@type":"PropertyValueSpecification","valueRequired":true,"valueName":"search_term_string"}}],"inLanguage":"pl-PL"}]}},"_links":{"self":[{"href":"https:\/\/worldofflowerpots.com\/pl\/wp-json\/wp\/v2\/product\/50804","targetHints":{"allow":["GET"]}}],"collection":[{"href":"https:\/\/worldofflowerpots.com\/pl\/wp-json\/wp\/v2\/product"}],"about":[{"href":"https:\/\/worldofflowerpots.com\/pl\/wp-json\/wp\/v2\/types\/product"}],"wp:featuredmedia":[{"embeddable":true,"href":"https:\/\/worldofflowerpots.com\/pl\/wp-json\/wp\/v2\/media\/57876"}],"wp:attachment":[{"href":"https:\/\/worldofflowerpots.com\/pl\/wp-json\/wp\/v2\/media?parent=50804"}],"wp:term":[{"taxonomy":"product_brand","embeddable":true,"href":"https:\/\/worldofflowerpots.com\/pl\/wp-json\/wp\/v2\/product_brand?post=50804"},{"taxonomy":"product_cat","embeddable":true,"href":"https:\/\/worldofflowerpots.com\/pl\/wp-json\/wp\/v2\/product_cat?post=50804"},{"taxonomy":"product_tag","embeddable":true,"href":"https:\/\/worldofflowerpots.com\/pl\/wp-json\/wp\/v2\/product_tag?post=50804"}],"curies":[{"name":"wp","href":"https:\/\/api.w.org\/{rel}","templated":true}]}}