{"id":50814,"date":"2019-01-18T15:07:38","date_gmt":"2019-01-18T14:07:38","guid":{"rendered":"https:\/\/worldofflowerpots.com\/product\/import-placeholder-for-149\/"},"modified":"2019-04-16T11:11:28","modified_gmt":"2019-04-16T09:11:28","slug":"donice-ogrodowe-cristina","status":"publish","type":"product","link":"https:\/\/worldofflowerpots.com\/pl\/sklep\/donice-ogrodowe-cristina\/","title":{"rendered":"Donice ogrodowe Cristina"},"content":{"rendered":"<h2><img loading=\"lazy\" decoding=\"async\" class=\"aligncenter wp-image-59007 size-full\" src=\"https:\/\/worldofflowerpots.com\/wp-content\/uploads\/2016\/12\/przygotowanie-donic-do-u\u017cytkowania-2.png\" alt=\"\" width=\"836\" height=\"598\" srcset=\"https:\/\/worldofflowerpots.com\/wp-content\/uploads\/2016\/12\/przygotowanie-donic-do-u\u017cytkowania-2.png 836w, https:\/\/worldofflowerpots.com\/wp-content\/uploads\/2016\/12\/przygotowanie-donic-do-u\u017cytkowania-2-300x215.png 300w, https:\/\/worldofflowerpots.com\/wp-content\/uploads\/2016\/12\/przygotowanie-donic-do-u\u017cytkowania-2-768x549.png 768w, https:\/\/worldofflowerpots.com\/wp-content\/uploads\/2016\/12\/przygotowanie-donic-do-u\u017cytkowania-2-600x429.png 600w\" sizes=\"auto, (max-width: 836px) 100vw, 836px\" \/><\/h2>\n<h2>Sze\u015bcienna elegancja<\/h2>\n<p>Cristina to klasyczna i elegancka donica betonowa. Dzi\u0119ki swoim sze\u015bciennym rozmiarom pozwala na tworzenie kompozycji kwiatowych o regularnym kszta\u0142cie. Tego modelu najlepiej u\u017cywa\u0107 jako ozdoby tarasu lub jako donice ogrodowe. Dost\u0119pna jest w trzech kolorach: bia\u0142ym, szarym oraz czarnym. W standardzie produkowana jest z otworem odp\u0142ywowym. Jest to stosunkowo nie du\u017ca donica o wadze 80 kg. Jej kszta\u0142t to sze\u015bcian o boku 50 cm. Jest to zatem produkt o regularnej formie, co sprawia, \u017ce idealnie wpasuje si\u0119 do ka\u017cdego nowoczesnego ogrodu lub tarasu.<\/p>\n<p>Geometryczny kszta\u0142t sze\u015bcianu i matowy kolor ultra betonu to po\u0142\u0105czenie, dzi\u0119ki kt\u00f3remu Cristina prezentuje si\u0119 elegancko i zjawiskowo w otwartych przestrzeniach. Otw\u00f3r w dnie umo\u017cliwiaj\u0105cy odp\u0142yw wody daje mo\u017cliwo\u015b\u0107 bezproblemowej hodowli ma\u0142ych i \u015brednich ro\u015blin. Kompozycje kwiatowe stworzone w tej donicy b\u0119d\u0105 doskona\u0142ym uzupe\u0142nieniem ka\u017cdego ogrodu. Uniwersalna forma donicy idealnie nada si\u0119 do aran\u017cowania przestrzeni z udzia\u0142em drzewek i rabat kwiatowych.<\/p>\n<p>Sze\u015bcienna donica Cristina jest idealna do kompozycji Fuksja. Pi\u0119knie b\u0119d\u0105 w niej wygl\u0105da\u0142y r\u00f3\u017cnokolorowe rodzaje kwiat\u00f3w i trawy. Uk\u0142ad taki pozwala na u\u017cycie wielu gatunk\u00f3w kwiat\u00f3w, kt\u00f3re \u015bwietnie b\u0119d\u0105 si\u0119 prezentowa\u0142y wychodz\u0105c po za obrys donicy.<\/p>\n<h2>Ponadczasowa wytrzyma\u0142o\u015b\u0107<\/h2>\n<p>Nadzwyczajnym atutem donicy Cristina jest jej wytrzyma\u0142o\u015b\u0107. Wynika to z faktu, i\u017c jest zbudowana z najwy\u017cszej jako\u015bci ultra betonu. Jest to surowiec, kt\u00f3ry charakteryzuje si\u0119 bardzo dobrymi parametrami technicznymi. Posiada nisk\u0105 nasi\u0105kliwo\u015b\u0107. Nie p\u0119ka je\u015bli tylko zapewnimy prawid\u0142owy odp\u0142yw nadmiaru wody, by w zimie nie zamarz\u0142a. Wysoka odporno\u015b\u0107 mechaniczna ultra betonu sprawia, i\u017c donica jest odporna na \u015bcieranie oraz szkodliwe dzia\u0142anie r\u00f3\u017cnych substancji. Donice z betonu architektonicznego nadaj\u0105 si\u0119 idealnie jako donice ogrodowe, poniewa\u017c wysoka wytrzyma\u0142o\u015b\u0107 surowca pozwoli korzysta\u0107 z nich przez wiele lat. Produkty z ultra betonu to r\u00f3wnie\u017c odporno\u015b\u0107 na warunki atmosferyczne, w tym niskie i wysokie temperatury. Przyjemna dla oka faktura oraz niebywa\u0142a wytrzyma\u0142o\u015b\u0107 i odporno\u015b\u0107 donicy sprawia, i\u017c jest to \u015bwietny element dekoracyjny ka\u017cdego ogrodu i tarasu.<\/p>\n","protected":false},"excerpt":{"rendered":"<p>Donica Cristina z betonu (ultra betonu). Wyst\u0119puje w trzech podstawowych kolorach: bia\u0142ym, szarym oraz czarnym. Donica produkowana jest w standardzie z otworami odp\u0142ywowymi. Waga donicy to: 80 kg, a wymiary: d\u0142ugo\u015b\u0107: 50 cm, szeroko\u015b\u0107: 50 cm, wysoko\u015b\u0107: 50 cm.<\/p>\n","protected":false},"featured_media":57836,"template":"","meta":{"_acf_changed":false},"product_brand":[],"product_cat":[144],"product_tag":[448,445,444,447],"class_list":{"0":"post-50814","1":"product","2":"type-product","3":"status-publish","4":"has-post-thumbnail","6":"product_cat-donice-z-betonu","7":"product_tag-donice-balkonowe","8":"product_tag-donice-betonowe","9":"product_tag-donice-ogrodowe","10":"product_tag-donice-tarasowe","11":"description-off","12":"tm-has-options","14":"first","15":"instock","16":"shipping-taxable","17":"purchasable","18":"product-type-simple"},"acf":[],"yoast_head":"<!-- This site is optimized with the Yoast SEO plugin v27.5 - https:\/\/yoast.com\/product\/yoast-seo-wordpress\/ -->\n<title>Donice Betonowe Tarasowe Odporne na Uszkodzenia Cristina<\/title>\n<meta name=\"description\" content=\"Donice z betonu architektonicznego nadaj\u0105 si\u0119 idealnie jako donice ogrodowe, poniewa\u017c wysoka wytrzyma\u0142o\u015b\u0107 surowca pozwoli korzysta\u0107 z nich przez wiele lat.\" \/>\n<meta name=\"robots\" content=\"index, follow, max-snippet:-1, max-image-preview:large, max-video-preview:-1\" \/>\n<link rel=\"canonical\" href=\"https:\/\/worldofflowerpots.com\/sklep\/donice-ogrodowe-cristina\/\" \/>\n<meta property=\"og:locale\" content=\"pl_PL\" \/>\n<meta property=\"og:type\" content=\"article\" \/>\n<meta property=\"og:title\" content=\"Donice Betonowe Tarasowe Odporne na Uszkodzenia Cristina\" \/>\n<meta property=\"og:description\" content=\"Donice z betonu architektonicznego nadaj\u0105 si\u0119 idealnie jako donice ogrodowe, poniewa\u017c wysoka wytrzyma\u0142o\u015b\u0107 surowca pozwoli korzysta\u0107 z nich przez wiele lat.\" \/>\n<meta property=\"og:url\" content=\"https:\/\/worldofflowerpots.com\/sklep\/donice-ogrodowe-cristina\/\" \/>\n<meta property=\"og:site_name\" content=\"World of Flowerpots\" \/>\n<meta property=\"article:modified_time\" content=\"2019-04-16T09:11:28+00:00\" \/>\n<meta property=\"og:image\" content=\"https:\/\/worldofflowerpots.com\/wp-content\/uploads\/2019\/01\/donice-ogrodowe-Cristina-czarny-2.jpg\" \/>\n\t<meta property=\"og:image:width\" content=\"2280\" \/>\n\t<meta property=\"og:image:height\" content=\"1612\" \/>\n\t<meta property=\"og:image:type\" content=\"image\/jpeg\" \/>\n<meta name=\"twitter:card\" content=\"summary_large_image\" \/>\n<meta name=\"twitter:label1\" content=\"Szacowany czas czytania\" \/>\n\t<meta name=\"twitter:data1\" content=\"2 minuty\" \/>\n<script type=\"application\/ld+json\" class=\"yoast-schema-graph\">{\"@context\":\"https:\\\/\\\/schema.org\",\"@graph\":[{\"@type\":\"WebPage\",\"@id\":\"https:\\\/\\\/worldofflowerpots.com\\\/sklep\\\/donice-ogrodowe-cristina\\\/\",\"url\":\"https:\\\/\\\/worldofflowerpots.com\\\/sklep\\\/donice-ogrodowe-cristina\\\/\",\"name\":\"Donice Betonowe Tarasowe Odporne na Uszkodzenia Cristina\",\"isPartOf\":{\"@id\":\"https:\\\/\\\/worldofflowerpots.com\\\/#website\"},\"primaryImageOfPage\":{\"@id\":\"https:\\\/\\\/worldofflowerpots.com\\\/sklep\\\/donice-ogrodowe-cristina\\\/#primaryimage\"},\"image\":{\"@id\":\"https:\\\/\\\/worldofflowerpots.com\\\/sklep\\\/donice-ogrodowe-cristina\\\/#primaryimage\"},\"thumbnailUrl\":\"https:\\\/\\\/worldofflowerpots.com\\\/wp-content\\\/uploads\\\/2019\\\/01\\\/donice-ogrodowe-Cristina-czarny-2.jpg\",\"datePublished\":\"2019-01-18T14:07:38+00:00\",\"dateModified\":\"2019-04-16T09:11:28+00:00\",\"description\":\"Donice z betonu architektonicznego nadaj\u0105 si\u0119 idealnie jako donice ogrodowe, poniewa\u017c wysoka wytrzyma\u0142o\u015b\u0107 surowca pozwoli korzysta\u0107 z nich przez wiele lat.\",\"breadcrumb\":{\"@id\":\"https:\\\/\\\/worldofflowerpots.com\\\/sklep\\\/donice-ogrodowe-cristina\\\/#breadcrumb\"},\"inLanguage\":\"pl-PL\",\"potentialAction\":[{\"@type\":\"ReadAction\",\"target\":[\"https:\\\/\\\/worldofflowerpots.com\\\/sklep\\\/donice-ogrodowe-cristina\\\/\"]}]},{\"@type\":\"ImageObject\",\"inLanguage\":\"pl-PL\",\"@id\":\"https:\\\/\\\/worldofflowerpots.com\\\/sklep\\\/donice-ogrodowe-cristina\\\/#primaryimage\",\"url\":\"https:\\\/\\\/worldofflowerpots.com\\\/wp-content\\\/uploads\\\/2019\\\/01\\\/donice-ogrodowe-Cristina-czarny-2.jpg\",\"contentUrl\":\"https:\\\/\\\/worldofflowerpots.com\\\/wp-content\\\/uploads\\\/2019\\\/01\\\/donice-ogrodowe-Cristina-czarny-2.jpg\",\"width\":2280,\"height\":1612},{\"@type\":\"BreadcrumbList\",\"@id\":\"https:\\\/\\\/worldofflowerpots.com\\\/sklep\\\/donice-ogrodowe-cristina\\\/#breadcrumb\",\"itemListElement\":[{\"@type\":\"ListItem\",\"position\":1,\"name\":\"Strona g\u0142\u00f3wna\",\"item\":\"https:\\\/\\\/worldofflowerpots.com\\\/\"},{\"@type\":\"ListItem\",\"position\":2,\"name\":\"Sklep\",\"item\":\"https:\\\/\\\/worldofflowerpots.com\\\/sklep\\\/\"},{\"@type\":\"ListItem\",\"position\":3,\"name\":\"Donice ogrodowe Cristina\"}]},{\"@type\":\"WebSite\",\"@id\":\"https:\\\/\\\/worldofflowerpots.com\\\/#website\",\"url\":\"https:\\\/\\\/worldofflowerpots.com\\\/\",\"name\":\"World of Flowerpots\",\"description\":\"producent donic ozdobnych\",\"potentialAction\":[{\"@type\":\"SearchAction\",\"target\":{\"@type\":\"EntryPoint\",\"urlTemplate\":\"https:\\\/\\\/worldofflowerpots.com\\\/?s={search_term_string}\"},\"query-input\":{\"@type\":\"PropertyValueSpecification\",\"valueRequired\":true,\"valueName\":\"search_term_string\"}}],\"inLanguage\":\"pl-PL\"}]}<\/script>\n<!-- \/ Yoast SEO plugin. -->","yoast_head_json":{"title":"Donice Betonowe Tarasowe Odporne na Uszkodzenia Cristina","description":"Donice z betonu architektonicznego nadaj\u0105 si\u0119 idealnie jako donice ogrodowe, poniewa\u017c wysoka wytrzyma\u0142o\u015b\u0107 surowca pozwoli korzysta\u0107 z nich przez wiele lat.","robots":{"index":"index","follow":"follow","max-snippet":"max-snippet:-1","max-image-preview":"max-image-preview:large","max-video-preview":"max-video-preview:-1"},"canonical":"https:\/\/worldofflowerpots.com\/sklep\/donice-ogrodowe-cristina\/","og_locale":"pl_PL","og_type":"article","og_title":"Donice Betonowe Tarasowe Odporne na Uszkodzenia Cristina","og_description":"Donice z betonu architektonicznego nadaj\u0105 si\u0119 idealnie jako donice ogrodowe, poniewa\u017c wysoka wytrzyma\u0142o\u015b\u0107 surowca pozwoli korzysta\u0107 z nich przez wiele lat.","og_url":"https:\/\/worldofflowerpots.com\/sklep\/donice-ogrodowe-cristina\/","og_site_name":"World of Flowerpots","article_modified_time":"2019-04-16T09:11:28+00:00","og_image":[{"width":2280,"height":1612,"url":"https:\/\/worldofflowerpots.com\/wp-content\/uploads\/2019\/01\/donice-ogrodowe-Cristina-czarny-2.jpg","type":"image\/jpeg"}],"twitter_card":"summary_large_image","twitter_misc":{"Szacowany czas czytania":"2 minuty"},"schema":{"@context":"https:\/\/schema.org","@graph":[{"@type":"WebPage","@id":"https:\/\/worldofflowerpots.com\/sklep\/donice-ogrodowe-cristina\/","url":"https:\/\/worldofflowerpots.com\/sklep\/donice-ogrodowe-cristina\/","name":"Donice Betonowe Tarasowe Odporne na Uszkodzenia Cristina","isPartOf":{"@id":"https:\/\/worldofflowerpots.com\/#website"},"primaryImageOfPage":{"@id":"https:\/\/worldofflowerpots.com\/sklep\/donice-ogrodowe-cristina\/#primaryimage"},"image":{"@id":"https:\/\/worldofflowerpots.com\/sklep\/donice-ogrodowe-cristina\/#primaryimage"},"thumbnailUrl":"https:\/\/worldofflowerpots.com\/wp-content\/uploads\/2019\/01\/donice-ogrodowe-Cristina-czarny-2.jpg","datePublished":"2019-01-18T14:07:38+00:00","dateModified":"2019-04-16T09:11:28+00:00","description":"Donice z betonu architektonicznego nadaj\u0105 si\u0119 idealnie jako donice ogrodowe, poniewa\u017c wysoka wytrzyma\u0142o\u015b\u0107 surowca pozwoli korzysta\u0107 z nich przez wiele lat.","breadcrumb":{"@id":"https:\/\/worldofflowerpots.com\/sklep\/donice-ogrodowe-cristina\/#breadcrumb"},"inLanguage":"pl-PL","potentialAction":[{"@type":"ReadAction","target":["https:\/\/worldofflowerpots.com\/sklep\/donice-ogrodowe-cristina\/"]}]},{"@type":"ImageObject","inLanguage":"pl-PL","@id":"https:\/\/worldofflowerpots.com\/sklep\/donice-ogrodowe-cristina\/#primaryimage","url":"https:\/\/worldofflowerpots.com\/wp-content\/uploads\/2019\/01\/donice-ogrodowe-Cristina-czarny-2.jpg","contentUrl":"https:\/\/worldofflowerpots.com\/wp-content\/uploads\/2019\/01\/donice-ogrodowe-Cristina-czarny-2.jpg","width":2280,"height":1612},{"@type":"BreadcrumbList","@id":"https:\/\/worldofflowerpots.com\/sklep\/donice-ogrodowe-cristina\/#breadcrumb","itemListElement":[{"@type":"ListItem","position":1,"name":"Strona g\u0142\u00f3wna","item":"https:\/\/worldofflowerpots.com\/"},{"@type":"ListItem","position":2,"name":"Sklep","item":"https:\/\/worldofflowerpots.com\/sklep\/"},{"@type":"ListItem","position":3,"name":"Donice ogrodowe Cristina"}]},{"@type":"WebSite","@id":"https:\/\/worldofflowerpots.com\/#website","url":"https:\/\/worldofflowerpots.com\/","name":"World of Flowerpots","description":"producent donic ozdobnych","potentialAction":[{"@type":"SearchAction","target":{"@type":"EntryPoint","urlTemplate":"https:\/\/worldofflowerpots.com\/?s={search_term_string}"},"query-input":{"@type":"PropertyValueSpecification","valueRequired":true,"valueName":"search_term_string"}}],"inLanguage":"pl-PL"}]}},"_links":{"self":[{"href":"https:\/\/worldofflowerpots.com\/pl\/wp-json\/wp\/v2\/product\/50814","targetHints":{"allow":["GET"]}}],"collection":[{"href":"https:\/\/worldofflowerpots.com\/pl\/wp-json\/wp\/v2\/product"}],"about":[{"href":"https:\/\/worldofflowerpots.com\/pl\/wp-json\/wp\/v2\/types\/product"}],"wp:featuredmedia":[{"embeddable":true,"href":"https:\/\/worldofflowerpots.com\/pl\/wp-json\/wp\/v2\/media\/57836"}],"wp:attachment":[{"href":"https:\/\/worldofflowerpots.com\/pl\/wp-json\/wp\/v2\/media?parent=50814"}],"wp:term":[{"taxonomy":"product_brand","embeddable":true,"href":"https:\/\/worldofflowerpots.com\/pl\/wp-json\/wp\/v2\/product_brand?post=50814"},{"taxonomy":"product_cat","embeddable":true,"href":"https:\/\/worldofflowerpots.com\/pl\/wp-json\/wp\/v2\/product_cat?post=50814"},{"taxonomy":"product_tag","embeddable":true,"href":"https:\/\/worldofflowerpots.com\/pl\/wp-json\/wp\/v2\/product_tag?post=50814"}],"curies":[{"name":"wp","href":"https:\/\/api.w.org\/{rel}","templated":true}]}}