{"id":50815,"date":"2019-01-18T15:07:38","date_gmt":"2019-01-18T14:07:38","guid":{"rendered":"https:\/\/worldofflowerpots.com\/product\/import-placeholder-for-150\/"},"modified":"2019-04-16T11:12:53","modified_gmt":"2019-04-16T09:12:53","slug":"donice-betonowe-alice","status":"publish","type":"product","link":"https:\/\/worldofflowerpots.com\/pl\/sklep\/donice-betonowe-alice\/","title":{"rendered":"Donice Betonowe Alice"},"content":{"rendered":"<h2><img loading=\"lazy\" decoding=\"async\" class=\"aligncenter wp-image-59007 size-full\" src=\"https:\/\/worldofflowerpots.com\/wp-content\/uploads\/2016\/12\/przygotowanie-donic-do-u\u017cytkowania-2.png\" alt=\"\" width=\"836\" height=\"598\" srcset=\"https:\/\/worldofflowerpots.com\/wp-content\/uploads\/2016\/12\/przygotowanie-donic-do-u\u017cytkowania-2.png 836w, https:\/\/worldofflowerpots.com\/wp-content\/uploads\/2016\/12\/przygotowanie-donic-do-u\u017cytkowania-2-300x215.png 300w, https:\/\/worldofflowerpots.com\/wp-content\/uploads\/2016\/12\/przygotowanie-donic-do-u\u017cytkowania-2-768x549.png 768w, https:\/\/worldofflowerpots.com\/wp-content\/uploads\/2016\/12\/przygotowanie-donic-do-u\u017cytkowania-2-600x429.png 600w\" sizes=\"auto, (max-width: 836px) 100vw, 836px\" \/><\/h2>\n<h2><strong>Nowoczesne donice w pi\u0119knym kszta\u0142cie i eleganckich barwach<\/strong><\/h2>\n<p>Donice z betonu architektonicznego Alice s\u0105 produktem najwy\u017cszej jako\u015bci. \u0141\u0105cz\u0105 w sobie niezast\u0105pione walory tak wytrzyma\u0142ego materia\u0142u, jakim jest beton z nies\u0142ychan\u0105 elegancj\u0105 nowoczesnych donic. Innowacyjny kszta\u0142t oraz uniwersalne kolory bieli, czerni i szaro\u015bci sprawiaj\u0105, \u017ce donice betonowe s\u0105 jednym z najmodniejszych element\u00f3w ozdobnych. \u015awietnie sprawdzaj\u0105 si\u0119 w przestrzeni miejskiej, w przestrzeni u\u017cyteczno\u015bci publicznej, jak r\u00f3wnie\u017c w prywatnych domach, ogrodach i tarasach.<\/p>\n<h2><strong>Stylowe aran\u017cacje z u\u017cyciem betonowych donic Alice<\/strong><\/h2>\n<p>W przestrzeni miejskiej donice \u00a0betonowe Alice \u015bwietnie prezentuj\u0105 si\u0119 w parkach, na skwerkach, chodnikach i deptakach. Ich prosta budowa sprawia, \u017ce s\u0105 niezwykle wysmakowanym elementem miejskiego krajobrazu. Tak prosty akcent, jakim s\u0105 donice betonowe potrafi ca\u0142kiem odmieni\u0107 oblicze przestrzeni po kt\u00f3rej spaceruj\u0105 przechodnie. W donicach mo\u017cna sadzi\u0107 niemal\u017ce wszystko pocz\u0105wszy od trawy, poprzez kwiaty, a\u017c na ozdobnych drzewkach i krzewach sko\u0144czywszy. W przestrzeni u\u017cyteczno\u015bci publicznej donice betonowe efektownie prezentuj\u0105 si\u0119 w holach firm i urz\u0119d\u00f3w. Ich solidna budowa i \u00a0estetyczny wizerunek s\u0105 wyrazem troski o klienta i jego uznanie. W prywatnych domach betonowe donice \u015bwietnie wygl\u0105daj\u0105 w salonach w s\u0105siedztwie innych betonowych element\u00f3w, posadzek, ozdobnych \u015bciennych p\u0142yt, czy schod\u00f3w. Warto nimi przyozdobi\u0107 tak\u017ce tarasy i ogrody. Designersko wkomponowane w otoczenie staj\u0105 si\u0119 wieloletnimi przyjaci\u00f3\u0142mi domu, gdy\u017c materia\u0142 z kt\u00f3rego s\u0105 wykonane jest praktycznie niezniszczalny.<\/p>\n<h2><strong>Walory betonu<\/strong><\/h2>\n<p>Donice betonowe Alice s\u0105 wykonane z jednego z najbardziej odpornych materia\u0142\u00f3w jakim jest beton, a dok\u0142adniej m\u00f3wi\u0105c ultra beton. Jest to beton, w kt\u00f3rym cement zast\u0105piono \u017cywicami syntetycznymi, przez co jego konstrukcja jest jeszcze bardziej wytrzyma\u0142a ni\u017c betonu tradycyjnego. Produkty wykonane z tego tworzywa s\u0105 niezwykle odporne na wszelkie uderzenia, zarysowania, uszkodzenia mechaniczne. Zakup takich donic mo\u017ce stanowi\u0107 inwestycj\u0119 na pokolenia. Struktura ultra betonu jest g\u0142adsza ni\u017c zwyk\u0142ego betonu, dlatego dekoracyjno\u015b\u0107 donic jest niezwykle wysoka. Jest on odporny tak\u017ce na wysokie i niskie temperatury, \u015bniegi, deszcze i wiatry.<\/p>\n","protected":false},"excerpt":{"rendered":"<p>Donica Alice z betonu (ultra betonu). Wyst\u0119puje w trzech podstawowych kolorach: bia\u0142ym, szarym oraz czarnym. Donica produkowana jest w standardzie z otworami odp\u0142ywowymi. Waga donicy to: 97 kg, a wymiary: d\u0142ugo\u015b\u0107: 60 cm, szeroko\u015b\u0107: 60 cm, wysoko\u015b\u0107: 60 cm.<\/p>\n","protected":false},"featured_media":57846,"template":"","meta":{"_acf_changed":false},"product_brand":[],"product_cat":[144],"product_tag":[448,445,444],"class_list":{"0":"post-50815","1":"product","2":"type-product","3":"status-publish","4":"has-post-thumbnail","6":"product_cat-donice-z-betonu","7":"product_tag-donice-balkonowe","8":"product_tag-donice-betonowe","9":"product_tag-donice-ogrodowe","10":"description-off","11":"tm-has-options","13":"first","14":"instock","15":"shipping-taxable","16":"purchasable","17":"product-type-simple"},"acf":[],"yoast_head":"<!-- This site is optimized with the Yoast SEO plugin v27.5 - https:\/\/yoast.com\/product\/yoast-seo-wordpress\/ -->\n<title>Donice Betonowe do Przestrzeni Miejskiej Biznesowej i Prywatnej Alice<\/title>\n<meta name=\"description\" content=\"Donice z betonu architektonicznego Alice \u0142\u0105cz\u0105 w sobie walory wytrzyma\u0142ego materia\u0142u z nies\u0142ychan\u0105 elegancj\u0105 nowoczesnych donic.\" \/>\n<meta name=\"robots\" content=\"index, follow, max-snippet:-1, max-image-preview:large, max-video-preview:-1\" \/>\n<link rel=\"canonical\" href=\"https:\/\/worldofflowerpots.com\/sklep\/donice-betonowe-alice\/\" \/>\n<meta property=\"og:locale\" content=\"pl_PL\" \/>\n<meta property=\"og:type\" content=\"article\" \/>\n<meta property=\"og:title\" content=\"Donice Betonowe do Przestrzeni Miejskiej Biznesowej i Prywatnej Alice\" \/>\n<meta property=\"og:description\" content=\"Donice z betonu architektonicznego Alice \u0142\u0105cz\u0105 w sobie walory wytrzyma\u0142ego materia\u0142u z nies\u0142ychan\u0105 elegancj\u0105 nowoczesnych donic.\" \/>\n<meta property=\"og:url\" content=\"https:\/\/worldofflowerpots.com\/sklep\/donice-betonowe-alice\/\" \/>\n<meta property=\"og:site_name\" content=\"World of Flowerpots\" \/>\n<meta property=\"article:modified_time\" content=\"2019-04-16T09:12:53+00:00\" \/>\n<meta property=\"og:image\" content=\"https:\/\/worldofflowerpots.com\/wp-content\/uploads\/2019\/01\/donice-betonowe-Alice-czarny-1.jpg\" \/>\n\t<meta property=\"og:image:width\" content=\"2280\" \/>\n\t<meta property=\"og:image:height\" content=\"1612\" \/>\n\t<meta property=\"og:image:type\" content=\"image\/jpeg\" \/>\n<meta name=\"twitter:card\" content=\"summary_large_image\" \/>\n<meta name=\"twitter:label1\" content=\"Szacowany czas czytania\" \/>\n\t<meta name=\"twitter:data1\" content=\"2 minuty\" \/>\n<script type=\"application\/ld+json\" class=\"yoast-schema-graph\">{\"@context\":\"https:\\\/\\\/schema.org\",\"@graph\":[{\"@type\":\"WebPage\",\"@id\":\"https:\\\/\\\/worldofflowerpots.com\\\/sklep\\\/donice-betonowe-alice\\\/\",\"url\":\"https:\\\/\\\/worldofflowerpots.com\\\/sklep\\\/donice-betonowe-alice\\\/\",\"name\":\"Donice Betonowe do Przestrzeni Miejskiej Biznesowej i Prywatnej Alice\",\"isPartOf\":{\"@id\":\"https:\\\/\\\/worldofflowerpots.com\\\/#website\"},\"primaryImageOfPage\":{\"@id\":\"https:\\\/\\\/worldofflowerpots.com\\\/sklep\\\/donice-betonowe-alice\\\/#primaryimage\"},\"image\":{\"@id\":\"https:\\\/\\\/worldofflowerpots.com\\\/sklep\\\/donice-betonowe-alice\\\/#primaryimage\"},\"thumbnailUrl\":\"https:\\\/\\\/worldofflowerpots.com\\\/wp-content\\\/uploads\\\/2019\\\/01\\\/donice-betonowe-Alice-czarny-1.jpg\",\"datePublished\":\"2019-01-18T14:07:38+00:00\",\"dateModified\":\"2019-04-16T09:12:53+00:00\",\"description\":\"Donice z betonu architektonicznego Alice \u0142\u0105cz\u0105 w sobie walory wytrzyma\u0142ego materia\u0142u z nies\u0142ychan\u0105 elegancj\u0105 nowoczesnych donic.\",\"breadcrumb\":{\"@id\":\"https:\\\/\\\/worldofflowerpots.com\\\/sklep\\\/donice-betonowe-alice\\\/#breadcrumb\"},\"inLanguage\":\"pl-PL\",\"potentialAction\":[{\"@type\":\"ReadAction\",\"target\":[\"https:\\\/\\\/worldofflowerpots.com\\\/sklep\\\/donice-betonowe-alice\\\/\"]}]},{\"@type\":\"ImageObject\",\"inLanguage\":\"pl-PL\",\"@id\":\"https:\\\/\\\/worldofflowerpots.com\\\/sklep\\\/donice-betonowe-alice\\\/#primaryimage\",\"url\":\"https:\\\/\\\/worldofflowerpots.com\\\/wp-content\\\/uploads\\\/2019\\\/01\\\/donice-betonowe-Alice-czarny-1.jpg\",\"contentUrl\":\"https:\\\/\\\/worldofflowerpots.com\\\/wp-content\\\/uploads\\\/2019\\\/01\\\/donice-betonowe-Alice-czarny-1.jpg\",\"width\":2280,\"height\":1612},{\"@type\":\"BreadcrumbList\",\"@id\":\"https:\\\/\\\/worldofflowerpots.com\\\/sklep\\\/donice-betonowe-alice\\\/#breadcrumb\",\"itemListElement\":[{\"@type\":\"ListItem\",\"position\":1,\"name\":\"Strona g\u0142\u00f3wna\",\"item\":\"https:\\\/\\\/worldofflowerpots.com\\\/\"},{\"@type\":\"ListItem\",\"position\":2,\"name\":\"Sklep\",\"item\":\"https:\\\/\\\/worldofflowerpots.com\\\/sklep\\\/\"},{\"@type\":\"ListItem\",\"position\":3,\"name\":\"Donice Betonowe Alice\"}]},{\"@type\":\"WebSite\",\"@id\":\"https:\\\/\\\/worldofflowerpots.com\\\/#website\",\"url\":\"https:\\\/\\\/worldofflowerpots.com\\\/\",\"name\":\"World of Flowerpots\",\"description\":\"producent donic ozdobnych\",\"potentialAction\":[{\"@type\":\"SearchAction\",\"target\":{\"@type\":\"EntryPoint\",\"urlTemplate\":\"https:\\\/\\\/worldofflowerpots.com\\\/?s={search_term_string}\"},\"query-input\":{\"@type\":\"PropertyValueSpecification\",\"valueRequired\":true,\"valueName\":\"search_term_string\"}}],\"inLanguage\":\"pl-PL\"}]}<\/script>\n<!-- \/ Yoast SEO plugin. -->","yoast_head_json":{"title":"Donice Betonowe do Przestrzeni Miejskiej Biznesowej i Prywatnej Alice","description":"Donice z betonu architektonicznego Alice \u0142\u0105cz\u0105 w sobie walory wytrzyma\u0142ego materia\u0142u z nies\u0142ychan\u0105 elegancj\u0105 nowoczesnych donic.","robots":{"index":"index","follow":"follow","max-snippet":"max-snippet:-1","max-image-preview":"max-image-preview:large","max-video-preview":"max-video-preview:-1"},"canonical":"https:\/\/worldofflowerpots.com\/sklep\/donice-betonowe-alice\/","og_locale":"pl_PL","og_type":"article","og_title":"Donice Betonowe do Przestrzeni Miejskiej Biznesowej i Prywatnej Alice","og_description":"Donice z betonu architektonicznego Alice \u0142\u0105cz\u0105 w sobie walory wytrzyma\u0142ego materia\u0142u z nies\u0142ychan\u0105 elegancj\u0105 nowoczesnych donic.","og_url":"https:\/\/worldofflowerpots.com\/sklep\/donice-betonowe-alice\/","og_site_name":"World of Flowerpots","article_modified_time":"2019-04-16T09:12:53+00:00","og_image":[{"width":2280,"height":1612,"url":"https:\/\/worldofflowerpots.com\/wp-content\/uploads\/2019\/01\/donice-betonowe-Alice-czarny-1.jpg","type":"image\/jpeg"}],"twitter_card":"summary_large_image","twitter_misc":{"Szacowany czas czytania":"2 minuty"},"schema":{"@context":"https:\/\/schema.org","@graph":[{"@type":"WebPage","@id":"https:\/\/worldofflowerpots.com\/sklep\/donice-betonowe-alice\/","url":"https:\/\/worldofflowerpots.com\/sklep\/donice-betonowe-alice\/","name":"Donice Betonowe do Przestrzeni Miejskiej Biznesowej i Prywatnej Alice","isPartOf":{"@id":"https:\/\/worldofflowerpots.com\/#website"},"primaryImageOfPage":{"@id":"https:\/\/worldofflowerpots.com\/sklep\/donice-betonowe-alice\/#primaryimage"},"image":{"@id":"https:\/\/worldofflowerpots.com\/sklep\/donice-betonowe-alice\/#primaryimage"},"thumbnailUrl":"https:\/\/worldofflowerpots.com\/wp-content\/uploads\/2019\/01\/donice-betonowe-Alice-czarny-1.jpg","datePublished":"2019-01-18T14:07:38+00:00","dateModified":"2019-04-16T09:12:53+00:00","description":"Donice z betonu architektonicznego Alice \u0142\u0105cz\u0105 w sobie walory wytrzyma\u0142ego materia\u0142u z nies\u0142ychan\u0105 elegancj\u0105 nowoczesnych donic.","breadcrumb":{"@id":"https:\/\/worldofflowerpots.com\/sklep\/donice-betonowe-alice\/#breadcrumb"},"inLanguage":"pl-PL","potentialAction":[{"@type":"ReadAction","target":["https:\/\/worldofflowerpots.com\/sklep\/donice-betonowe-alice\/"]}]},{"@type":"ImageObject","inLanguage":"pl-PL","@id":"https:\/\/worldofflowerpots.com\/sklep\/donice-betonowe-alice\/#primaryimage","url":"https:\/\/worldofflowerpots.com\/wp-content\/uploads\/2019\/01\/donice-betonowe-Alice-czarny-1.jpg","contentUrl":"https:\/\/worldofflowerpots.com\/wp-content\/uploads\/2019\/01\/donice-betonowe-Alice-czarny-1.jpg","width":2280,"height":1612},{"@type":"BreadcrumbList","@id":"https:\/\/worldofflowerpots.com\/sklep\/donice-betonowe-alice\/#breadcrumb","itemListElement":[{"@type":"ListItem","position":1,"name":"Strona g\u0142\u00f3wna","item":"https:\/\/worldofflowerpots.com\/"},{"@type":"ListItem","position":2,"name":"Sklep","item":"https:\/\/worldofflowerpots.com\/sklep\/"},{"@type":"ListItem","position":3,"name":"Donice Betonowe Alice"}]},{"@type":"WebSite","@id":"https:\/\/worldofflowerpots.com\/#website","url":"https:\/\/worldofflowerpots.com\/","name":"World of Flowerpots","description":"producent donic ozdobnych","potentialAction":[{"@type":"SearchAction","target":{"@type":"EntryPoint","urlTemplate":"https:\/\/worldofflowerpots.com\/?s={search_term_string}"},"query-input":{"@type":"PropertyValueSpecification","valueRequired":true,"valueName":"search_term_string"}}],"inLanguage":"pl-PL"}]}},"_links":{"self":[{"href":"https:\/\/worldofflowerpots.com\/pl\/wp-json\/wp\/v2\/product\/50815","targetHints":{"allow":["GET"]}}],"collection":[{"href":"https:\/\/worldofflowerpots.com\/pl\/wp-json\/wp\/v2\/product"}],"about":[{"href":"https:\/\/worldofflowerpots.com\/pl\/wp-json\/wp\/v2\/types\/product"}],"wp:featuredmedia":[{"embeddable":true,"href":"https:\/\/worldofflowerpots.com\/pl\/wp-json\/wp\/v2\/media\/57846"}],"wp:attachment":[{"href":"https:\/\/worldofflowerpots.com\/pl\/wp-json\/wp\/v2\/media?parent=50815"}],"wp:term":[{"taxonomy":"product_brand","embeddable":true,"href":"https:\/\/worldofflowerpots.com\/pl\/wp-json\/wp\/v2\/product_brand?post=50815"},{"taxonomy":"product_cat","embeddable":true,"href":"https:\/\/worldofflowerpots.com\/pl\/wp-json\/wp\/v2\/product_cat?post=50815"},{"taxonomy":"product_tag","embeddable":true,"href":"https:\/\/worldofflowerpots.com\/pl\/wp-json\/wp\/v2\/product_tag?post=50815"}],"curies":[{"name":"wp","href":"https:\/\/api.w.org\/{rel}","templated":true}]}}