{"id":50816,"date":"2019-01-18T15:07:38","date_gmt":"2019-01-18T14:07:38","guid":{"rendered":"https:\/\/worldofflowerpots.com\/product\/import-placeholder-for-151\/"},"modified":"2019-04-16T11:13:59","modified_gmt":"2019-04-16T09:13:59","slug":"duza-i-stabilna-donica-betonowa-monica","status":"publish","type":"product","link":"https:\/\/worldofflowerpots.com\/pl\/sklep\/duza-i-stabilna-donica-betonowa-monica\/","title":{"rendered":"Du\u017ca i Stabilna Donica Betonowa Monica"},"content":{"rendered":"<h3><img loading=\"lazy\" decoding=\"async\" class=\"aligncenter wp-image-59007 size-full\" src=\"https:\/\/worldofflowerpots.com\/wp-content\/uploads\/2016\/12\/przygotowanie-donic-do-u\u017cytkowania-2.png\" alt=\"\" width=\"836\" height=\"598\" srcset=\"https:\/\/worldofflowerpots.com\/wp-content\/uploads\/2016\/12\/przygotowanie-donic-do-u\u017cytkowania-2.png 836w, https:\/\/worldofflowerpots.com\/wp-content\/uploads\/2016\/12\/przygotowanie-donic-do-u\u017cytkowania-2-300x215.png 300w, https:\/\/worldofflowerpots.com\/wp-content\/uploads\/2016\/12\/przygotowanie-donic-do-u\u017cytkowania-2-768x549.png 768w, https:\/\/worldofflowerpots.com\/wp-content\/uploads\/2016\/12\/przygotowanie-donic-do-u\u017cytkowania-2-600x429.png 600w\" sizes=\"auto, (max-width: 836px) 100vw, 836px\" \/><\/h3>\n<h3><strong>Du\u017ca i Stabilna Donica Betonowa Monica<\/strong><\/h3>\n<p>Betonowe donice to \u015bwietny wyb\u00f3r. Najlepiej prezentuj\u0105 si\u0119 na otwartej przestrzeni; w ogrodzie, albo na tarasie. Wygl\u0105daj\u0105 stylowo, estetycznie i wspaniale wzbogacaj\u0105 przestrze\u0144 dooko\u0142a domu. Du\u017ca bia\u0142a donica jest obecnie bardzo modnym dodatkiem dekoracyjnym. Na rynku dost\u0119pne jest wiele modeli o rozmaitych kszta\u0142tach, rozmiarach, kolorach, formach i fakturach. Niew\u0105tpliwie \u015bwietnym wyborem jest donica Monica XXL. Wykonana w ca\u0142o\u015bci z betonu, w pi\u0119knym bia\u0142ym kolorze (dost\u0119pna jest te\u017c czarna i szara), w kszta\u0142cie prostopad\u0142o\u015bcianu, o wymiarach: szeroko\u015b\u0107 80 cm, d\u0142ugo\u015b\u0107 80 cm, wysoko\u015b\u0107 70 cm. Posiada otwory pozwalaj\u0105ce na odp\u0142yw nadmiaru wody. Dzi\u0119ki swoim poka\u017anym rozmiarom, mo\u017cna wykorzysta\u0107 j\u0105 do sadzenia du\u017cych ro\u015blin, kt\u00f3re \u015bwietnie wpasuj\u0105 si\u0119 w aran\u017cacje plac\u00f3w, ogrod\u00f3w, park\u00f3w, czy innych przestrzeni.<\/p>\n<h3><strong>Modny Design i wytrzyma\u0142o\u015b\u0107<\/strong><\/h3>\n<p>Du\u017ca bia\u0142a donica Monica jest nie tylko \u0142adna, ale r\u00f3wnie\u017c wytrzyma\u0142a na wszelkie czynniki atmosferyczne. Dzi\u0119ki czemu mo\u017ce ozdabia\u0107 ogr\u00f3d przez d\u0142ugie lata, niezale\u017cnie od pory roku. Nie straszne jej s\u0105 deszcz, wiatr, \u015bnieg, s\u0142o\u0144ce, czy niskie temperatury. Nie w\u0105tpliw\u0105 zalet\u0105 jest te\u017c odporno\u015b\u0107 na czynniki mechaniczne. Pozwala ograniczy\u0107 rozrastanie si\u0119 ro\u015blin. Jest stabilna i nie przewraca si\u0119. Nie ma obawy, ze zwierz\u0119ta, czy bawi\u0105ce si\u0119 dzieci j\u0105 uszkodz\u0105, gdy\u017c nie mo\u017cna jej niechc\u0105co st\u0142uc. Mo\u017cna j\u0105 r\u00f3wnie\u017c w ciekawy spos\u00f3b wkomponowa\u0107 z innymi elementami ogrodu i po\u0142\u0105czy\u0107 z wodospadami, czy fontannami. \u015awietnie b\u0119dzie si\u0119 te\u017c prezentowa\u0107 w zestawieniu z meblami ogrodowymi, figurkami ozdobnymi, grillami zewn\u0119trznymi. Dzi\u0119ki temu uda si\u0119 zagospodarowa\u0107 przestrze\u0144 w niezwykle urokliwy spos\u00f3b, kt\u00f3ry na pewno b\u0119dzie przyci\u0105ga\u0142 wzrok.<\/p>\n<p>Ze wzgl\u0119du na du\u017c\u0105 mas\u0119 (155 kg), zaleca si\u0119, aby sadzi\u0107 ro\u015bliny kiedy ustawi si\u0119 ju\u017c donice w odpowiednim miejscu, na wybranym pod\u0142o\u017cu.<\/p>\n<p>W betonowych donicach \u015bwietnie b\u0119d\u0105 wygl\u0105da\u0142y zar\u00f3wno r\u00f3\u017cne rodzaje traw, kwiat\u00f3w, jak i krzewy, oraz drzewka (zar\u00f3wno li\u015bciaste jak i iglaste). Nie ma obawy, \u017ce kiedy wi\u0119ksze ro\u015bliny si\u0119 rozrosn\u0105 to korzenie uszkodz\u0105 doniczki.<\/p>\n<p>Donica betonowa to \u015bwietny wyb\u00f3r pasuj\u0105cy do ka\u017cdej przestrzeni, jest bardzo wytrzyma\u0142a, stylowa i dzi\u0119ki niej mo\u017cna uzyska\u0107 niepowtarzalne efekty.<\/p>\n","protected":false},"excerpt":{"rendered":"<p>Donica Monica z ultra betonu. Wyst\u0119puje w trzech podstawowych kolorach: bia\u0142ym, szarym oraz czarnym. Donica produkowana jest w standardzie z otworami odp\u0142ywowymi. Waga donicy to: 155 kg, a wymiary : d\u0142ugo\u015b\u0107: 80 cm, szeroko\u015b\u0107: 80 cm, wysoko\u015b\u0107: 70 cm.<\/p>\n","protected":false},"featured_media":57856,"template":"","meta":{"_acf_changed":false},"product_brand":[],"product_cat":[144],"product_tag":[445,444],"class_list":{"0":"post-50816","1":"product","2":"type-product","3":"status-publish","4":"has-post-thumbnail","6":"product_cat-donice-z-betonu","7":"product_tag-donice-betonowe","8":"product_tag-donice-ogrodowe","9":"description-off","10":"tm-has-options","12":"first","13":"instock","14":"shipping-taxable","15":"purchasable","16":"product-type-simple"},"acf":[],"yoast_head":"<!-- This site is optimized with the Yoast SEO plugin v27.5 - https:\/\/yoast.com\/product\/yoast-seo-wordpress\/ -->\n<title>Du\u017ca Bia\u0142a Donica Betonowa - Bardzo Stabilne MONICA<\/title>\n<meta name=\"description\" content=\"Du\u017ca bia\u0142a donica jest obecnie bardzo modnym dodatkiem dekoracyjnym. Dost\u0119pnych jest wiele modeli. \u015awietnym wyborem s\u0105 donice betonowe XXL Monica.\" \/>\n<meta name=\"robots\" content=\"index, follow, max-snippet:-1, max-image-preview:large, max-video-preview:-1\" \/>\n<link rel=\"canonical\" href=\"https:\/\/worldofflowerpots.com\/sklep\/duza-i-stabilna-donica-betonowa-monica\/\" \/>\n<meta property=\"og:locale\" content=\"pl_PL\" \/>\n<meta property=\"og:type\" content=\"article\" \/>\n<meta property=\"og:title\" content=\"Du\u017ca Bia\u0142a Donica Betonowa - Bardzo Stabilne MONICA\" \/>\n<meta property=\"og:description\" content=\"Du\u017ca bia\u0142a donica jest obecnie bardzo modnym dodatkiem dekoracyjnym. Dost\u0119pnych jest wiele modeli. \u015awietnym wyborem s\u0105 donice betonowe XXL Monica.\" \/>\n<meta property=\"og:url\" content=\"https:\/\/worldofflowerpots.com\/sklep\/duza-i-stabilna-donica-betonowa-monica\/\" \/>\n<meta property=\"og:site_name\" content=\"World of Flowerpots\" \/>\n<meta property=\"article:modified_time\" content=\"2019-04-16T09:13:59+00:00\" \/>\n<meta property=\"og:image\" content=\"https:\/\/worldofflowerpots.com\/wp-content\/uploads\/2019\/01\/du\u017ca-bia\u0142a-donica-Monica-czarny-1.jpg\" \/>\n\t<meta property=\"og:image:width\" content=\"2280\" \/>\n\t<meta property=\"og:image:height\" content=\"1612\" \/>\n\t<meta property=\"og:image:type\" content=\"image\/jpeg\" \/>\n<meta name=\"twitter:card\" content=\"summary_large_image\" \/>\n<meta name=\"twitter:label1\" content=\"Szacowany czas czytania\" \/>\n\t<meta name=\"twitter:data1\" content=\"2 minuty\" \/>\n<script type=\"application\/ld+json\" class=\"yoast-schema-graph\">{\"@context\":\"https:\\\/\\\/schema.org\",\"@graph\":[{\"@type\":\"WebPage\",\"@id\":\"https:\\\/\\\/worldofflowerpots.com\\\/sklep\\\/duza-i-stabilna-donica-betonowa-monica\\\/\",\"url\":\"https:\\\/\\\/worldofflowerpots.com\\\/sklep\\\/duza-i-stabilna-donica-betonowa-monica\\\/\",\"name\":\"Du\u017ca Bia\u0142a Donica Betonowa - Bardzo Stabilne MONICA\",\"isPartOf\":{\"@id\":\"https:\\\/\\\/worldofflowerpots.com\\\/#website\"},\"primaryImageOfPage\":{\"@id\":\"https:\\\/\\\/worldofflowerpots.com\\\/sklep\\\/duza-i-stabilna-donica-betonowa-monica\\\/#primaryimage\"},\"image\":{\"@id\":\"https:\\\/\\\/worldofflowerpots.com\\\/sklep\\\/duza-i-stabilna-donica-betonowa-monica\\\/#primaryimage\"},\"thumbnailUrl\":\"https:\\\/\\\/worldofflowerpots.com\\\/wp-content\\\/uploads\\\/2019\\\/01\\\/du\u017ca-bia\u0142a-donica-Monica-czarny-1.jpg\",\"datePublished\":\"2019-01-18T14:07:38+00:00\",\"dateModified\":\"2019-04-16T09:13:59+00:00\",\"description\":\"Du\u017ca bia\u0142a donica jest obecnie bardzo modnym dodatkiem dekoracyjnym. Dost\u0119pnych jest wiele modeli. \u015awietnym wyborem s\u0105 donice betonowe XXL Monica.\",\"breadcrumb\":{\"@id\":\"https:\\\/\\\/worldofflowerpots.com\\\/sklep\\\/duza-i-stabilna-donica-betonowa-monica\\\/#breadcrumb\"},\"inLanguage\":\"pl-PL\",\"potentialAction\":[{\"@type\":\"ReadAction\",\"target\":[\"https:\\\/\\\/worldofflowerpots.com\\\/sklep\\\/duza-i-stabilna-donica-betonowa-monica\\\/\"]}]},{\"@type\":\"ImageObject\",\"inLanguage\":\"pl-PL\",\"@id\":\"https:\\\/\\\/worldofflowerpots.com\\\/sklep\\\/duza-i-stabilna-donica-betonowa-monica\\\/#primaryimage\",\"url\":\"https:\\\/\\\/worldofflowerpots.com\\\/wp-content\\\/uploads\\\/2019\\\/01\\\/du\u017ca-bia\u0142a-donica-Monica-czarny-1.jpg\",\"contentUrl\":\"https:\\\/\\\/worldofflowerpots.com\\\/wp-content\\\/uploads\\\/2019\\\/01\\\/du\u017ca-bia\u0142a-donica-Monica-czarny-1.jpg\",\"width\":2280,\"height\":1612},{\"@type\":\"BreadcrumbList\",\"@id\":\"https:\\\/\\\/worldofflowerpots.com\\\/sklep\\\/duza-i-stabilna-donica-betonowa-monica\\\/#breadcrumb\",\"itemListElement\":[{\"@type\":\"ListItem\",\"position\":1,\"name\":\"Strona g\u0142\u00f3wna\",\"item\":\"https:\\\/\\\/worldofflowerpots.com\\\/\"},{\"@type\":\"ListItem\",\"position\":2,\"name\":\"Sklep\",\"item\":\"https:\\\/\\\/worldofflowerpots.com\\\/sklep\\\/\"},{\"@type\":\"ListItem\",\"position\":3,\"name\":\"Du\u017ca i Stabilna Donica Betonowa Monica\"}]},{\"@type\":\"WebSite\",\"@id\":\"https:\\\/\\\/worldofflowerpots.com\\\/#website\",\"url\":\"https:\\\/\\\/worldofflowerpots.com\\\/\",\"name\":\"World of Flowerpots\",\"description\":\"producent donic ozdobnych\",\"potentialAction\":[{\"@type\":\"SearchAction\",\"target\":{\"@type\":\"EntryPoint\",\"urlTemplate\":\"https:\\\/\\\/worldofflowerpots.com\\\/?s={search_term_string}\"},\"query-input\":{\"@type\":\"PropertyValueSpecification\",\"valueRequired\":true,\"valueName\":\"search_term_string\"}}],\"inLanguage\":\"pl-PL\"}]}<\/script>\n<!-- \/ Yoast SEO plugin. -->","yoast_head_json":{"title":"Du\u017ca Bia\u0142a Donica Betonowa - Bardzo Stabilne MONICA","description":"Du\u017ca bia\u0142a donica jest obecnie bardzo modnym dodatkiem dekoracyjnym. Dost\u0119pnych jest wiele modeli. \u015awietnym wyborem s\u0105 donice betonowe XXL Monica.","robots":{"index":"index","follow":"follow","max-snippet":"max-snippet:-1","max-image-preview":"max-image-preview:large","max-video-preview":"max-video-preview:-1"},"canonical":"https:\/\/worldofflowerpots.com\/sklep\/duza-i-stabilna-donica-betonowa-monica\/","og_locale":"pl_PL","og_type":"article","og_title":"Du\u017ca Bia\u0142a Donica Betonowa - Bardzo Stabilne MONICA","og_description":"Du\u017ca bia\u0142a donica jest obecnie bardzo modnym dodatkiem dekoracyjnym. Dost\u0119pnych jest wiele modeli. \u015awietnym wyborem s\u0105 donice betonowe XXL Monica.","og_url":"https:\/\/worldofflowerpots.com\/sklep\/duza-i-stabilna-donica-betonowa-monica\/","og_site_name":"World of Flowerpots","article_modified_time":"2019-04-16T09:13:59+00:00","og_image":[{"width":2280,"height":1612,"url":"https:\/\/worldofflowerpots.com\/wp-content\/uploads\/2019\/01\/du\u017ca-bia\u0142a-donica-Monica-czarny-1.jpg","type":"image\/jpeg"}],"twitter_card":"summary_large_image","twitter_misc":{"Szacowany czas czytania":"2 minuty"},"schema":{"@context":"https:\/\/schema.org","@graph":[{"@type":"WebPage","@id":"https:\/\/worldofflowerpots.com\/sklep\/duza-i-stabilna-donica-betonowa-monica\/","url":"https:\/\/worldofflowerpots.com\/sklep\/duza-i-stabilna-donica-betonowa-monica\/","name":"Du\u017ca Bia\u0142a Donica Betonowa - Bardzo Stabilne MONICA","isPartOf":{"@id":"https:\/\/worldofflowerpots.com\/#website"},"primaryImageOfPage":{"@id":"https:\/\/worldofflowerpots.com\/sklep\/duza-i-stabilna-donica-betonowa-monica\/#primaryimage"},"image":{"@id":"https:\/\/worldofflowerpots.com\/sklep\/duza-i-stabilna-donica-betonowa-monica\/#primaryimage"},"thumbnailUrl":"https:\/\/worldofflowerpots.com\/wp-content\/uploads\/2019\/01\/du\u017ca-bia\u0142a-donica-Monica-czarny-1.jpg","datePublished":"2019-01-18T14:07:38+00:00","dateModified":"2019-04-16T09:13:59+00:00","description":"Du\u017ca bia\u0142a donica jest obecnie bardzo modnym dodatkiem dekoracyjnym. Dost\u0119pnych jest wiele modeli. \u015awietnym wyborem s\u0105 donice betonowe XXL Monica.","breadcrumb":{"@id":"https:\/\/worldofflowerpots.com\/sklep\/duza-i-stabilna-donica-betonowa-monica\/#breadcrumb"},"inLanguage":"pl-PL","potentialAction":[{"@type":"ReadAction","target":["https:\/\/worldofflowerpots.com\/sklep\/duza-i-stabilna-donica-betonowa-monica\/"]}]},{"@type":"ImageObject","inLanguage":"pl-PL","@id":"https:\/\/worldofflowerpots.com\/sklep\/duza-i-stabilna-donica-betonowa-monica\/#primaryimage","url":"https:\/\/worldofflowerpots.com\/wp-content\/uploads\/2019\/01\/du\u017ca-bia\u0142a-donica-Monica-czarny-1.jpg","contentUrl":"https:\/\/worldofflowerpots.com\/wp-content\/uploads\/2019\/01\/du\u017ca-bia\u0142a-donica-Monica-czarny-1.jpg","width":2280,"height":1612},{"@type":"BreadcrumbList","@id":"https:\/\/worldofflowerpots.com\/sklep\/duza-i-stabilna-donica-betonowa-monica\/#breadcrumb","itemListElement":[{"@type":"ListItem","position":1,"name":"Strona g\u0142\u00f3wna","item":"https:\/\/worldofflowerpots.com\/"},{"@type":"ListItem","position":2,"name":"Sklep","item":"https:\/\/worldofflowerpots.com\/sklep\/"},{"@type":"ListItem","position":3,"name":"Du\u017ca i Stabilna Donica Betonowa Monica"}]},{"@type":"WebSite","@id":"https:\/\/worldofflowerpots.com\/#website","url":"https:\/\/worldofflowerpots.com\/","name":"World of Flowerpots","description":"producent donic ozdobnych","potentialAction":[{"@type":"SearchAction","target":{"@type":"EntryPoint","urlTemplate":"https:\/\/worldofflowerpots.com\/?s={search_term_string}"},"query-input":{"@type":"PropertyValueSpecification","valueRequired":true,"valueName":"search_term_string"}}],"inLanguage":"pl-PL"}]}},"_links":{"self":[{"href":"https:\/\/worldofflowerpots.com\/pl\/wp-json\/wp\/v2\/product\/50816","targetHints":{"allow":["GET"]}}],"collection":[{"href":"https:\/\/worldofflowerpots.com\/pl\/wp-json\/wp\/v2\/product"}],"about":[{"href":"https:\/\/worldofflowerpots.com\/pl\/wp-json\/wp\/v2\/types\/product"}],"wp:featuredmedia":[{"embeddable":true,"href":"https:\/\/worldofflowerpots.com\/pl\/wp-json\/wp\/v2\/media\/57856"}],"wp:attachment":[{"href":"https:\/\/worldofflowerpots.com\/pl\/wp-json\/wp\/v2\/media?parent=50816"}],"wp:term":[{"taxonomy":"product_brand","embeddable":true,"href":"https:\/\/worldofflowerpots.com\/pl\/wp-json\/wp\/v2\/product_brand?post=50816"},{"taxonomy":"product_cat","embeddable":true,"href":"https:\/\/worldofflowerpots.com\/pl\/wp-json\/wp\/v2\/product_cat?post=50816"},{"taxonomy":"product_tag","embeddable":true,"href":"https:\/\/worldofflowerpots.com\/pl\/wp-json\/wp\/v2\/product_tag?post=50816"}],"curies":[{"name":"wp","href":"https:\/\/api.w.org\/{rel}","templated":true}]}}