{"id":50817,"date":"2019-01-18T15:07:38","date_gmt":"2019-01-18T14:07:38","guid":{"rendered":"https:\/\/worldofflowerpots.com\/product\/import-placeholder-for-152\/"},"modified":"2019-04-16T11:14:58","modified_gmt":"2019-04-16T09:14:58","slug":"donice-betonowe-xxl-adamo","status":"publish","type":"product","link":"https:\/\/worldofflowerpots.com\/pl\/sklep\/donice-betonowe-xxl-adamo\/","title":{"rendered":"Donice betonowe XXL Adamo"},"content":{"rendered":"<p><img loading=\"lazy\" decoding=\"async\" class=\"aligncenter wp-image-59007 size-full\" src=\"https:\/\/worldofflowerpots.com\/wp-content\/uploads\/2016\/12\/przygotowanie-donic-do-u\u017cytkowania-2.png\" alt=\"\" width=\"836\" height=\"598\" srcset=\"https:\/\/worldofflowerpots.com\/wp-content\/uploads\/2016\/12\/przygotowanie-donic-do-u\u017cytkowania-2.png 836w, https:\/\/worldofflowerpots.com\/wp-content\/uploads\/2016\/12\/przygotowanie-donic-do-u\u017cytkowania-2-300x215.png 300w, https:\/\/worldofflowerpots.com\/wp-content\/uploads\/2016\/12\/przygotowanie-donic-do-u\u017cytkowania-2-768x549.png 768w, https:\/\/worldofflowerpots.com\/wp-content\/uploads\/2016\/12\/przygotowanie-donic-do-u\u017cytkowania-2-600x429.png 600w\" sizes=\"auto, (max-width: 836px) 100vw, 836px\" \/><\/p>\n<p>O wygl\u0105dzie przestrzeni miejskiej decyduje nie tylko architektura, ale r\u00f3wnie\u017c ziele\u0144 i ro\u015blinno\u015b\u0107. Donice betonowe XXL ciesz\u0105 si\u0119 sporym zainteresowaniem w projektowaniu miejskiej zieleni. Jednym z wielu r\u00f3\u017cnych sposob\u00f3w stworzenia pi\u0119knej aran\u017cacji jest wykorzystanie donic betonowych.<\/p>\n<h2>DU\u017bA DONICA DO DU\u017bYCH PRZESTRZENI<\/h2>\n<p>Jedn\u0105 z donic wartych uwagi jest Donica Adamo wykonana z ultra betonu. Dost\u0119pna jest ona w trzech podstawowych kolorach: bia\u0142ym, szarym i czarnym.\u00a0Donice betonowe XXL Adamo s\u0105 produkowane w standardzie z otworami odp\u0142ywowymi. Spore wymiary donicy, kt\u00f3re wynosz\u0105 100 cm x100 cm x h:80 cm sprawiaj\u0105, \u017ce mo\u017ce by\u0107 wykorzystana do wielu r\u00f3\u017cnych projekt\u00f3w.<\/p>\n<p>235 kg wagi i 700 litr\u00f3w pojemno\u015bci to spore liczby, kt\u00f3re wydaj\u0105 si\u0119 by\u0107 ogromne i wr\u0119cz przyt\u0142aczaj\u0105ce. Mimo ci\u0119\u017caru, donica betonowa Adamo sprawia wra\u017cenie bardzo lekkiej. W\u0142a\u015bnie dlatego, model ten \u015bwietnie sprawdza si\u0119 w przypadku nasadze\u0144 nawet du\u017cych drzewek. Ta donica gwarantuje efektowny wygl\u0105d i niepowtarzalny charakter du\u017cej przestrzeni miejskiej. Donica XXL Adamo doskonale prezentuje si\u0119 w parkach, w ci\u0105gach komunikacyjnych, a nawet w eleganckich powierzchniach biznesowych.<\/p>\n<p>Donica Adamo charakteryzuje si\u0119 klasycznym kszta\u0142tem i kolorem. Dzi\u0119ki temu mo\u017ce by\u0107 wykorzystana w\u0142a\u015bciwie w ka\u017cdej przestrzeni, poniewa\u017c z \u0142atwo\u015bci\u0105 si\u0119 do niej dopasuje. Wygl\u0105da \u015bwietnie w szeregu kilku donic z zasadzonymi palmami lub krzewami. Zar\u00f3wno niska, jak i wysoka ro\u015blinno\u015b\u0107 b\u0119dzie prezentowa\u0142a si\u0119 doskonale w tej donicy. Bardzo dobrze wygl\u0105da w otoczeniu kamieni lub \u017cwirku, ale upi\u0119ksza r\u00f3wnie\u017c drewnian\u0105 przestrze\u0144. \u015awietnie wydobywa intensywno\u015b\u0107 kolorowych ro\u015blin, a zielone krzewy wygl\u0105daj\u0105 w niej schludnie i estetycznie.<\/p>\n<h2>BETON I JEGO ZALETY<\/h2>\n<p>Donice zewn\u0119trzne mog\u0105 by\u0107 wykonane z wielu r\u00f3\u017cnych materia\u0142\u00f3w. Ultra beton, z kt\u00f3rego produkowana jest donica Adamo posiada du\u017co zalet. Ju\u017c same rozmiary donicy powoduj\u0105, \u017ce model ten jest bardzo stabilny, jednak o jego prawdziwej wytrzyma\u0142o\u015bci decyduje g\u0142\u00f3wnie ultra beton, z kt\u00f3rego donica zosta\u0142a wykonana. Dzi\u0119ki niemu, donice betonowe XXL s\u0105 wysoce odporne na oddzia\u0142ywanie czynnik\u00f3w atmosferycznych, w tym niskiej temperatury, deszczy, wilgoci oraz na uszkodzenia mechaniczne. Wszystko to sprawia, \u017ce idealnie nadaje si\u0119 do przestrzeni miejskich, ogrodowych i tych najbardziej nara\u017conych na dzia\u0142anie czynnik\u00f3w zewn\u0119trznych.<\/p>\n","protected":false},"excerpt":{"rendered":"<p>Donica Adamo z betonu. Wyst\u0119puje w trzech podstawowych kolorach: bia\u0142ym, szarym oraz czarnym. Donica produkowana jest w standardzie z otworami odp\u0142ywowymi. Waga donicy to: 235 kg, a wymiary: d\u0142ugo\u015b\u0107: 100cm, szeroko\u015b\u0107: 100cm, wysoko\u015b\u0107: 80cm.<\/p>\n","protected":false},"featured_media":57866,"template":"","meta":{"_acf_changed":false},"product_brand":[],"product_cat":[144],"product_tag":[445,444],"class_list":{"0":"post-50817","1":"product","2":"type-product","3":"status-publish","4":"has-post-thumbnail","6":"product_cat-donice-z-betonu","7":"product_tag-donice-betonowe","8":"product_tag-donice-ogrodowe","9":"description-off","10":"tm-has-options","12":"first","13":"instock","14":"shipping-taxable","15":"purchasable","16":"product-type-simple"},"acf":[],"yoast_head":"<!-- This site is optimized with the Yoast SEO plugin v27.5 - https:\/\/yoast.com\/product\/yoast-seo-wordpress\/ -->\n<title>Donice betonowe XXL do Ogrodu lub Parku - ADAMO<\/title>\n<meta name=\"description\" content=\"Donice betonowe XXL Adamo sprawia wra\u017cenie bardzo lekkiej. Idealnie nadaje si\u0119 do du\u017cych drzewek. Donica XXL \u015bwietnie wygl\u0105da w parkach lub w ogrodach.\" \/>\n<meta name=\"robots\" content=\"index, follow, max-snippet:-1, max-image-preview:large, max-video-preview:-1\" \/>\n<link rel=\"canonical\" href=\"https:\/\/worldofflowerpots.com\/sklep\/donice-betonowe-xxl-adamo\/\" \/>\n<meta property=\"og:locale\" content=\"pl_PL\" \/>\n<meta property=\"og:type\" content=\"article\" \/>\n<meta property=\"og:title\" content=\"Donice betonowe XXL do Ogrodu lub Parku - ADAMO\" \/>\n<meta property=\"og:description\" content=\"Donice betonowe XXL Adamo sprawia wra\u017cenie bardzo lekkiej. Idealnie nadaje si\u0119 do du\u017cych drzewek. Donica XXL \u015bwietnie wygl\u0105da w parkach lub w ogrodach.\" \/>\n<meta property=\"og:url\" content=\"https:\/\/worldofflowerpots.com\/sklep\/donice-betonowe-xxl-adamo\/\" \/>\n<meta property=\"og:site_name\" content=\"World of Flowerpots\" \/>\n<meta property=\"article:modified_time\" content=\"2019-04-16T09:14:58+00:00\" \/>\n<meta property=\"og:image\" content=\"https:\/\/worldofflowerpots.com\/wp-content\/uploads\/2019\/01\/donice-betonowe-XXL-Adamo-czarny-1.jpg\" \/>\n\t<meta property=\"og:image:width\" content=\"2280\" \/>\n\t<meta property=\"og:image:height\" content=\"1612\" \/>\n\t<meta property=\"og:image:type\" content=\"image\/jpeg\" \/>\n<meta name=\"twitter:card\" content=\"summary_large_image\" \/>\n<meta name=\"twitter:label1\" content=\"Szacowany czas czytania\" \/>\n\t<meta name=\"twitter:data1\" content=\"2 minuty\" \/>\n<script type=\"application\/ld+json\" class=\"yoast-schema-graph\">{\"@context\":\"https:\\\/\\\/schema.org\",\"@graph\":[{\"@type\":\"WebPage\",\"@id\":\"https:\\\/\\\/worldofflowerpots.com\\\/sklep\\\/donice-betonowe-xxl-adamo\\\/\",\"url\":\"https:\\\/\\\/worldofflowerpots.com\\\/sklep\\\/donice-betonowe-xxl-adamo\\\/\",\"name\":\"Donice betonowe XXL do Ogrodu lub Parku - ADAMO\",\"isPartOf\":{\"@id\":\"https:\\\/\\\/worldofflowerpots.com\\\/#website\"},\"primaryImageOfPage\":{\"@id\":\"https:\\\/\\\/worldofflowerpots.com\\\/sklep\\\/donice-betonowe-xxl-adamo\\\/#primaryimage\"},\"image\":{\"@id\":\"https:\\\/\\\/worldofflowerpots.com\\\/sklep\\\/donice-betonowe-xxl-adamo\\\/#primaryimage\"},\"thumbnailUrl\":\"https:\\\/\\\/worldofflowerpots.com\\\/wp-content\\\/uploads\\\/2019\\\/01\\\/donice-betonowe-XXL-Adamo-czarny-1.jpg\",\"datePublished\":\"2019-01-18T14:07:38+00:00\",\"dateModified\":\"2019-04-16T09:14:58+00:00\",\"description\":\"Donice betonowe XXL Adamo sprawia wra\u017cenie bardzo lekkiej. Idealnie nadaje si\u0119 do du\u017cych drzewek. Donica XXL \u015bwietnie wygl\u0105da w parkach lub w ogrodach.\",\"breadcrumb\":{\"@id\":\"https:\\\/\\\/worldofflowerpots.com\\\/sklep\\\/donice-betonowe-xxl-adamo\\\/#breadcrumb\"},\"inLanguage\":\"pl-PL\",\"potentialAction\":[{\"@type\":\"ReadAction\",\"target\":[\"https:\\\/\\\/worldofflowerpots.com\\\/sklep\\\/donice-betonowe-xxl-adamo\\\/\"]}]},{\"@type\":\"ImageObject\",\"inLanguage\":\"pl-PL\",\"@id\":\"https:\\\/\\\/worldofflowerpots.com\\\/sklep\\\/donice-betonowe-xxl-adamo\\\/#primaryimage\",\"url\":\"https:\\\/\\\/worldofflowerpots.com\\\/wp-content\\\/uploads\\\/2019\\\/01\\\/donice-betonowe-XXL-Adamo-czarny-1.jpg\",\"contentUrl\":\"https:\\\/\\\/worldofflowerpots.com\\\/wp-content\\\/uploads\\\/2019\\\/01\\\/donice-betonowe-XXL-Adamo-czarny-1.jpg\",\"width\":2280,\"height\":1612},{\"@type\":\"BreadcrumbList\",\"@id\":\"https:\\\/\\\/worldofflowerpots.com\\\/sklep\\\/donice-betonowe-xxl-adamo\\\/#breadcrumb\",\"itemListElement\":[{\"@type\":\"ListItem\",\"position\":1,\"name\":\"Strona g\u0142\u00f3wna\",\"item\":\"https:\\\/\\\/worldofflowerpots.com\\\/\"},{\"@type\":\"ListItem\",\"position\":2,\"name\":\"Sklep\",\"item\":\"https:\\\/\\\/worldofflowerpots.com\\\/sklep\\\/\"},{\"@type\":\"ListItem\",\"position\":3,\"name\":\"Donice betonowe XXL Adamo\"}]},{\"@type\":\"WebSite\",\"@id\":\"https:\\\/\\\/worldofflowerpots.com\\\/#website\",\"url\":\"https:\\\/\\\/worldofflowerpots.com\\\/\",\"name\":\"World of Flowerpots\",\"description\":\"producent donic ozdobnych\",\"potentialAction\":[{\"@type\":\"SearchAction\",\"target\":{\"@type\":\"EntryPoint\",\"urlTemplate\":\"https:\\\/\\\/worldofflowerpots.com\\\/?s={search_term_string}\"},\"query-input\":{\"@type\":\"PropertyValueSpecification\",\"valueRequired\":true,\"valueName\":\"search_term_string\"}}],\"inLanguage\":\"pl-PL\"}]}<\/script>\n<!-- \/ Yoast SEO plugin. -->","yoast_head_json":{"title":"Donice betonowe XXL do Ogrodu lub Parku - ADAMO","description":"Donice betonowe XXL Adamo sprawia wra\u017cenie bardzo lekkiej. Idealnie nadaje si\u0119 do du\u017cych drzewek. Donica XXL \u015bwietnie wygl\u0105da w parkach lub w ogrodach.","robots":{"index":"index","follow":"follow","max-snippet":"max-snippet:-1","max-image-preview":"max-image-preview:large","max-video-preview":"max-video-preview:-1"},"canonical":"https:\/\/worldofflowerpots.com\/sklep\/donice-betonowe-xxl-adamo\/","og_locale":"pl_PL","og_type":"article","og_title":"Donice betonowe XXL do Ogrodu lub Parku - ADAMO","og_description":"Donice betonowe XXL Adamo sprawia wra\u017cenie bardzo lekkiej. Idealnie nadaje si\u0119 do du\u017cych drzewek. Donica XXL \u015bwietnie wygl\u0105da w parkach lub w ogrodach.","og_url":"https:\/\/worldofflowerpots.com\/sklep\/donice-betonowe-xxl-adamo\/","og_site_name":"World of Flowerpots","article_modified_time":"2019-04-16T09:14:58+00:00","og_image":[{"width":2280,"height":1612,"url":"https:\/\/worldofflowerpots.com\/wp-content\/uploads\/2019\/01\/donice-betonowe-XXL-Adamo-czarny-1.jpg","type":"image\/jpeg"}],"twitter_card":"summary_large_image","twitter_misc":{"Szacowany czas czytania":"2 minuty"},"schema":{"@context":"https:\/\/schema.org","@graph":[{"@type":"WebPage","@id":"https:\/\/worldofflowerpots.com\/sklep\/donice-betonowe-xxl-adamo\/","url":"https:\/\/worldofflowerpots.com\/sklep\/donice-betonowe-xxl-adamo\/","name":"Donice betonowe XXL do Ogrodu lub Parku - ADAMO","isPartOf":{"@id":"https:\/\/worldofflowerpots.com\/#website"},"primaryImageOfPage":{"@id":"https:\/\/worldofflowerpots.com\/sklep\/donice-betonowe-xxl-adamo\/#primaryimage"},"image":{"@id":"https:\/\/worldofflowerpots.com\/sklep\/donice-betonowe-xxl-adamo\/#primaryimage"},"thumbnailUrl":"https:\/\/worldofflowerpots.com\/wp-content\/uploads\/2019\/01\/donice-betonowe-XXL-Adamo-czarny-1.jpg","datePublished":"2019-01-18T14:07:38+00:00","dateModified":"2019-04-16T09:14:58+00:00","description":"Donice betonowe XXL Adamo sprawia wra\u017cenie bardzo lekkiej. Idealnie nadaje si\u0119 do du\u017cych drzewek. Donica XXL \u015bwietnie wygl\u0105da w parkach lub w ogrodach.","breadcrumb":{"@id":"https:\/\/worldofflowerpots.com\/sklep\/donice-betonowe-xxl-adamo\/#breadcrumb"},"inLanguage":"pl-PL","potentialAction":[{"@type":"ReadAction","target":["https:\/\/worldofflowerpots.com\/sklep\/donice-betonowe-xxl-adamo\/"]}]},{"@type":"ImageObject","inLanguage":"pl-PL","@id":"https:\/\/worldofflowerpots.com\/sklep\/donice-betonowe-xxl-adamo\/#primaryimage","url":"https:\/\/worldofflowerpots.com\/wp-content\/uploads\/2019\/01\/donice-betonowe-XXL-Adamo-czarny-1.jpg","contentUrl":"https:\/\/worldofflowerpots.com\/wp-content\/uploads\/2019\/01\/donice-betonowe-XXL-Adamo-czarny-1.jpg","width":2280,"height":1612},{"@type":"BreadcrumbList","@id":"https:\/\/worldofflowerpots.com\/sklep\/donice-betonowe-xxl-adamo\/#breadcrumb","itemListElement":[{"@type":"ListItem","position":1,"name":"Strona g\u0142\u00f3wna","item":"https:\/\/worldofflowerpots.com\/"},{"@type":"ListItem","position":2,"name":"Sklep","item":"https:\/\/worldofflowerpots.com\/sklep\/"},{"@type":"ListItem","position":3,"name":"Donice betonowe XXL Adamo"}]},{"@type":"WebSite","@id":"https:\/\/worldofflowerpots.com\/#website","url":"https:\/\/worldofflowerpots.com\/","name":"World of Flowerpots","description":"producent donic ozdobnych","potentialAction":[{"@type":"SearchAction","target":{"@type":"EntryPoint","urlTemplate":"https:\/\/worldofflowerpots.com\/?s={search_term_string}"},"query-input":{"@type":"PropertyValueSpecification","valueRequired":true,"valueName":"search_term_string"}}],"inLanguage":"pl-PL"}]}},"_links":{"self":[{"href":"https:\/\/worldofflowerpots.com\/pl\/wp-json\/wp\/v2\/product\/50817","targetHints":{"allow":["GET"]}}],"collection":[{"href":"https:\/\/worldofflowerpots.com\/pl\/wp-json\/wp\/v2\/product"}],"about":[{"href":"https:\/\/worldofflowerpots.com\/pl\/wp-json\/wp\/v2\/types\/product"}],"wp:featuredmedia":[{"embeddable":true,"href":"https:\/\/worldofflowerpots.com\/pl\/wp-json\/wp\/v2\/media\/57866"}],"wp:attachment":[{"href":"https:\/\/worldofflowerpots.com\/pl\/wp-json\/wp\/v2\/media?parent=50817"}],"wp:term":[{"taxonomy":"product_brand","embeddable":true,"href":"https:\/\/worldofflowerpots.com\/pl\/wp-json\/wp\/v2\/product_brand?post=50817"},{"taxonomy":"product_cat","embeddable":true,"href":"https:\/\/worldofflowerpots.com\/pl\/wp-json\/wp\/v2\/product_cat?post=50817"},{"taxonomy":"product_tag","embeddable":true,"href":"https:\/\/worldofflowerpots.com\/pl\/wp-json\/wp\/v2\/product_tag?post=50817"}],"curies":[{"name":"wp","href":"https:\/\/api.w.org\/{rel}","templated":true}]}}