{"id":50819,"date":"2019-01-18T15:07:38","date_gmt":"2019-01-18T14:07:38","guid":{"rendered":"https:\/\/worldofflowerpots.com\/product\/import-placeholder-for-154\/"},"modified":"2019-04-16T11:17:00","modified_gmt":"2019-04-16T09:17:00","slug":"donica-betonowa-xxl-ogrodowa-hydra-2-ultra-beton","status":"publish","type":"product","link":"https:\/\/worldofflowerpots.com\/pl\/sklep\/donica-betonowa-xxl-ogrodowa-hydra-2-ultra-beton\/","title":{"rendered":"Donica Betonowa XXL Ogrodowa Hydra 2 &#8211; ultra beton"},"content":{"rendered":"<h2><img loading=\"lazy\" decoding=\"async\" class=\"aligncenter wp-image-59007 size-full\" src=\"https:\/\/worldofflowerpots.com\/wp-content\/uploads\/2016\/12\/przygotowanie-donic-do-u\u017cytkowania-2.png\" alt=\"\" width=\"836\" height=\"598\" srcset=\"https:\/\/worldofflowerpots.com\/wp-content\/uploads\/2016\/12\/przygotowanie-donic-do-u\u017cytkowania-2.png 836w, https:\/\/worldofflowerpots.com\/wp-content\/uploads\/2016\/12\/przygotowanie-donic-do-u\u017cytkowania-2-300x215.png 300w, https:\/\/worldofflowerpots.com\/wp-content\/uploads\/2016\/12\/przygotowanie-donic-do-u\u017cytkowania-2-768x549.png 768w, https:\/\/worldofflowerpots.com\/wp-content\/uploads\/2016\/12\/przygotowanie-donic-do-u\u017cytkowania-2-600x429.png 600w\" sizes=\"auto, (max-width: 836px) 100vw, 836px\" \/><\/h2>\n<h2>DU\u017bA PORCJA PI\u0118KNA<\/h2>\n<p>Donica betonowa wykonana w nowoczesnej technologii i najmodniejszym stylu. Niespotykany okr\u0105g\u0142y kszta\u0142t prze\u0142amany drapie\u017cnymi \u017c\u0142obieniami wraz z surow\u0105 betonow\u0105 kolorystk\u0105 nadadz\u0105 charakteru ka\u017cdej przestrzeni. Donica nadaje si\u0119 do wykorzystania w przestronnych miejscach \u2013 na \u015bwie\u017cym powietrzu lub w du\u017cych rozmiar\u00f3w holach i patio. Mimo pozornej ci\u0119\u017cko\u015bci w po\u0142\u0105czeniu z w\u0142a\u015bciwymi ro\u015blinami o\u017cywia i od\u015bwie\u017ca ka\u017cd\u0105 aran\u017cacj\u0119.<\/p>\n<h2>SI\u0141A TO NIE SZCZEG\u00d3\u0141<\/h2>\n<p>Donica z ultra betonu to produkt najwy\u017cszej jako\u015bci, wykonany z najmocniejszych materia\u0142\u00f3w. Zapewnia jej to wyj\u0105tkow\u0105 odporno\u015b\u0107 i wytrzyma\u0142o\u015b\u0107 i gwarantuje d\u0142ugotrwa\u0142e dekoracje nawet przy ci\u0119\u017ckich warunkach atmosferycznych czy nara\u017ceniu na uszkodzenia mechaniczne.<\/p>\n","protected":false},"excerpt":{"rendered":"<p>Donica Hydra 2 z betonu (ultra betonu). Wyst\u0119puje w trzech podstawowych kolorach : bia\u0142ym, szarym oraz czarnym. Donica produkowana jest w standardzie z otworami odp\u0142ywowymi. Waga donicy to 180 kg, a wymiary : \u015brednica: 120 cm, Wysoko\u015b\u0107: 80 cm.<\/p>\n","protected":false},"featured_media":50929,"template":"","meta":{"_acf_changed":false},"product_brand":[],"product_cat":[144],"product_tag":[445,444],"class_list":{"0":"post-50819","1":"product","2":"type-product","3":"status-publish","4":"has-post-thumbnail","6":"product_cat-donice-z-betonu","7":"product_tag-donice-betonowe","8":"product_tag-donice-ogrodowe","9":"description-off","10":"tm-has-options","12":"first","13":"instock","14":"shipping-taxable","15":"purchasable","16":"product-type-simple"},"acf":[],"yoast_head":"<!-- This site is optimized with the Yoast SEO plugin v27.5 - https:\/\/yoast.com\/product\/yoast-seo-wordpress\/ -->\n<title>Okr\u0105g\u0142e Donice Betonowe Ogrodowe XXL Hydra 2 - ultra beton<\/title>\n<meta name=\"description\" content=\"Donica betonowa wykonana w nowoczesnej technologii i najmodniejszym stylu. Okr\u0105g\u0142y kszta\u0142t. Na \u015bwie\u017ce powietrze lub do du\u017cych rozmiar\u00f3w hol\u00f3w i patio.\" \/>\n<meta name=\"robots\" content=\"index, follow, max-snippet:-1, max-image-preview:large, max-video-preview:-1\" \/>\n<link rel=\"canonical\" href=\"https:\/\/worldofflowerpots.com\/sklep\/donica-betonowa-xxl-ogrodowa-hydra-2-ultra-beton\/\" \/>\n<meta property=\"og:locale\" content=\"pl_PL\" \/>\n<meta property=\"og:type\" content=\"article\" \/>\n<meta property=\"og:title\" content=\"Okr\u0105g\u0142e Donice Betonowe Ogrodowe XXL Hydra 2 - ultra beton\" \/>\n<meta property=\"og:description\" content=\"Donica betonowa wykonana w nowoczesnej technologii i najmodniejszym stylu. Okr\u0105g\u0142y kszta\u0142t. Na \u015bwie\u017ce powietrze lub do du\u017cych rozmiar\u00f3w hol\u00f3w i patio.\" \/>\n<meta property=\"og:url\" content=\"https:\/\/worldofflowerpots.com\/sklep\/donica-betonowa-xxl-ogrodowa-hydra-2-ultra-beton\/\" \/>\n<meta property=\"og:site_name\" content=\"World of Flowerpots\" \/>\n<meta property=\"article:modified_time\" content=\"2019-04-16T09:17:00+00:00\" \/>\n<meta property=\"og:image\" content=\"https:\/\/worldofflowerpots.com\/wp-content\/uploads\/2019\/01\/Donica-ogrodowa-betonowa-Hydra-2-z-ultra-betonu-uhpc.jpg\" \/>\n\t<meta property=\"og:image:width\" content=\"1920\" \/>\n\t<meta property=\"og:image:height\" content=\"1080\" \/>\n\t<meta property=\"og:image:type\" content=\"image\/jpeg\" \/>\n<meta name=\"twitter:card\" content=\"summary_large_image\" \/>\n<meta name=\"twitter:label1\" content=\"Szacowany czas czytania\" \/>\n\t<meta name=\"twitter:data1\" content=\"1 minuta\" \/>\n<script type=\"application\/ld+json\" class=\"yoast-schema-graph\">{\"@context\":\"https:\\\/\\\/schema.org\",\"@graph\":[{\"@type\":\"WebPage\",\"@id\":\"https:\\\/\\\/worldofflowerpots.com\\\/sklep\\\/donica-betonowa-xxl-ogrodowa-hydra-2-ultra-beton\\\/\",\"url\":\"https:\\\/\\\/worldofflowerpots.com\\\/sklep\\\/donica-betonowa-xxl-ogrodowa-hydra-2-ultra-beton\\\/\",\"name\":\"Okr\u0105g\u0142e Donice Betonowe Ogrodowe XXL Hydra 2 - ultra beton\",\"isPartOf\":{\"@id\":\"https:\\\/\\\/worldofflowerpots.com\\\/#website\"},\"primaryImageOfPage\":{\"@id\":\"https:\\\/\\\/worldofflowerpots.com\\\/sklep\\\/donica-betonowa-xxl-ogrodowa-hydra-2-ultra-beton\\\/#primaryimage\"},\"image\":{\"@id\":\"https:\\\/\\\/worldofflowerpots.com\\\/sklep\\\/donica-betonowa-xxl-ogrodowa-hydra-2-ultra-beton\\\/#primaryimage\"},\"thumbnailUrl\":\"https:\\\/\\\/worldofflowerpots.com\\\/wp-content\\\/uploads\\\/2019\\\/01\\\/Donica-ogrodowa-betonowa-Hydra-2-z-ultra-betonu-uhpc.jpg\",\"datePublished\":\"2019-01-18T14:07:38+00:00\",\"dateModified\":\"2019-04-16T09:17:00+00:00\",\"description\":\"Donica betonowa wykonana w nowoczesnej technologii i najmodniejszym stylu. Okr\u0105g\u0142y kszta\u0142t. Na \u015bwie\u017ce powietrze lub do du\u017cych rozmiar\u00f3w hol\u00f3w i patio.\",\"breadcrumb\":{\"@id\":\"https:\\\/\\\/worldofflowerpots.com\\\/sklep\\\/donica-betonowa-xxl-ogrodowa-hydra-2-ultra-beton\\\/#breadcrumb\"},\"inLanguage\":\"pl-PL\",\"potentialAction\":[{\"@type\":\"ReadAction\",\"target\":[\"https:\\\/\\\/worldofflowerpots.com\\\/sklep\\\/donica-betonowa-xxl-ogrodowa-hydra-2-ultra-beton\\\/\"]}]},{\"@type\":\"ImageObject\",\"inLanguage\":\"pl-PL\",\"@id\":\"https:\\\/\\\/worldofflowerpots.com\\\/sklep\\\/donica-betonowa-xxl-ogrodowa-hydra-2-ultra-beton\\\/#primaryimage\",\"url\":\"https:\\\/\\\/worldofflowerpots.com\\\/wp-content\\\/uploads\\\/2019\\\/01\\\/Donica-ogrodowa-betonowa-Hydra-2-z-ultra-betonu-uhpc.jpg\",\"contentUrl\":\"https:\\\/\\\/worldofflowerpots.com\\\/wp-content\\\/uploads\\\/2019\\\/01\\\/Donica-ogrodowa-betonowa-Hydra-2-z-ultra-betonu-uhpc.jpg\",\"width\":1920,\"height\":1080},{\"@type\":\"BreadcrumbList\",\"@id\":\"https:\\\/\\\/worldofflowerpots.com\\\/sklep\\\/donica-betonowa-xxl-ogrodowa-hydra-2-ultra-beton\\\/#breadcrumb\",\"itemListElement\":[{\"@type\":\"ListItem\",\"position\":1,\"name\":\"Strona g\u0142\u00f3wna\",\"item\":\"https:\\\/\\\/worldofflowerpots.com\\\/\"},{\"@type\":\"ListItem\",\"position\":2,\"name\":\"Sklep\",\"item\":\"https:\\\/\\\/worldofflowerpots.com\\\/sklep\\\/\"},{\"@type\":\"ListItem\",\"position\":3,\"name\":\"Donica Betonowa XXL Ogrodowa Hydra 2 &#8211; ultra beton\"}]},{\"@type\":\"WebSite\",\"@id\":\"https:\\\/\\\/worldofflowerpots.com\\\/#website\",\"url\":\"https:\\\/\\\/worldofflowerpots.com\\\/\",\"name\":\"World of Flowerpots\",\"description\":\"producent donic ozdobnych\",\"potentialAction\":[{\"@type\":\"SearchAction\",\"target\":{\"@type\":\"EntryPoint\",\"urlTemplate\":\"https:\\\/\\\/worldofflowerpots.com\\\/?s={search_term_string}\"},\"query-input\":{\"@type\":\"PropertyValueSpecification\",\"valueRequired\":true,\"valueName\":\"search_term_string\"}}],\"inLanguage\":\"pl-PL\"}]}<\/script>\n<!-- \/ Yoast SEO plugin. -->","yoast_head_json":{"title":"Okr\u0105g\u0142e Donice Betonowe Ogrodowe XXL Hydra 2 - ultra beton","description":"Donica betonowa wykonana w nowoczesnej technologii i najmodniejszym stylu. Okr\u0105g\u0142y kszta\u0142t. Na \u015bwie\u017ce powietrze lub do du\u017cych rozmiar\u00f3w hol\u00f3w i patio.","robots":{"index":"index","follow":"follow","max-snippet":"max-snippet:-1","max-image-preview":"max-image-preview:large","max-video-preview":"max-video-preview:-1"},"canonical":"https:\/\/worldofflowerpots.com\/sklep\/donica-betonowa-xxl-ogrodowa-hydra-2-ultra-beton\/","og_locale":"pl_PL","og_type":"article","og_title":"Okr\u0105g\u0142e Donice Betonowe Ogrodowe XXL Hydra 2 - ultra beton","og_description":"Donica betonowa wykonana w nowoczesnej technologii i najmodniejszym stylu. Okr\u0105g\u0142y kszta\u0142t. Na \u015bwie\u017ce powietrze lub do du\u017cych rozmiar\u00f3w hol\u00f3w i patio.","og_url":"https:\/\/worldofflowerpots.com\/sklep\/donica-betonowa-xxl-ogrodowa-hydra-2-ultra-beton\/","og_site_name":"World of Flowerpots","article_modified_time":"2019-04-16T09:17:00+00:00","og_image":[{"width":1920,"height":1080,"url":"https:\/\/worldofflowerpots.com\/wp-content\/uploads\/2019\/01\/Donica-ogrodowa-betonowa-Hydra-2-z-ultra-betonu-uhpc.jpg","type":"image\/jpeg"}],"twitter_card":"summary_large_image","twitter_misc":{"Szacowany czas czytania":"1 minuta"},"schema":{"@context":"https:\/\/schema.org","@graph":[{"@type":"WebPage","@id":"https:\/\/worldofflowerpots.com\/sklep\/donica-betonowa-xxl-ogrodowa-hydra-2-ultra-beton\/","url":"https:\/\/worldofflowerpots.com\/sklep\/donica-betonowa-xxl-ogrodowa-hydra-2-ultra-beton\/","name":"Okr\u0105g\u0142e Donice Betonowe Ogrodowe XXL Hydra 2 - ultra beton","isPartOf":{"@id":"https:\/\/worldofflowerpots.com\/#website"},"primaryImageOfPage":{"@id":"https:\/\/worldofflowerpots.com\/sklep\/donica-betonowa-xxl-ogrodowa-hydra-2-ultra-beton\/#primaryimage"},"image":{"@id":"https:\/\/worldofflowerpots.com\/sklep\/donica-betonowa-xxl-ogrodowa-hydra-2-ultra-beton\/#primaryimage"},"thumbnailUrl":"https:\/\/worldofflowerpots.com\/wp-content\/uploads\/2019\/01\/Donica-ogrodowa-betonowa-Hydra-2-z-ultra-betonu-uhpc.jpg","datePublished":"2019-01-18T14:07:38+00:00","dateModified":"2019-04-16T09:17:00+00:00","description":"Donica betonowa wykonana w nowoczesnej technologii i najmodniejszym stylu. Okr\u0105g\u0142y kszta\u0142t. Na \u015bwie\u017ce powietrze lub do du\u017cych rozmiar\u00f3w hol\u00f3w i patio.","breadcrumb":{"@id":"https:\/\/worldofflowerpots.com\/sklep\/donica-betonowa-xxl-ogrodowa-hydra-2-ultra-beton\/#breadcrumb"},"inLanguage":"pl-PL","potentialAction":[{"@type":"ReadAction","target":["https:\/\/worldofflowerpots.com\/sklep\/donica-betonowa-xxl-ogrodowa-hydra-2-ultra-beton\/"]}]},{"@type":"ImageObject","inLanguage":"pl-PL","@id":"https:\/\/worldofflowerpots.com\/sklep\/donica-betonowa-xxl-ogrodowa-hydra-2-ultra-beton\/#primaryimage","url":"https:\/\/worldofflowerpots.com\/wp-content\/uploads\/2019\/01\/Donica-ogrodowa-betonowa-Hydra-2-z-ultra-betonu-uhpc.jpg","contentUrl":"https:\/\/worldofflowerpots.com\/wp-content\/uploads\/2019\/01\/Donica-ogrodowa-betonowa-Hydra-2-z-ultra-betonu-uhpc.jpg","width":1920,"height":1080},{"@type":"BreadcrumbList","@id":"https:\/\/worldofflowerpots.com\/sklep\/donica-betonowa-xxl-ogrodowa-hydra-2-ultra-beton\/#breadcrumb","itemListElement":[{"@type":"ListItem","position":1,"name":"Strona g\u0142\u00f3wna","item":"https:\/\/worldofflowerpots.com\/"},{"@type":"ListItem","position":2,"name":"Sklep","item":"https:\/\/worldofflowerpots.com\/sklep\/"},{"@type":"ListItem","position":3,"name":"Donica Betonowa XXL Ogrodowa Hydra 2 &#8211; ultra beton"}]},{"@type":"WebSite","@id":"https:\/\/worldofflowerpots.com\/#website","url":"https:\/\/worldofflowerpots.com\/","name":"World of Flowerpots","description":"producent donic ozdobnych","potentialAction":[{"@type":"SearchAction","target":{"@type":"EntryPoint","urlTemplate":"https:\/\/worldofflowerpots.com\/?s={search_term_string}"},"query-input":{"@type":"PropertyValueSpecification","valueRequired":true,"valueName":"search_term_string"}}],"inLanguage":"pl-PL"}]}},"_links":{"self":[{"href":"https:\/\/worldofflowerpots.com\/pl\/wp-json\/wp\/v2\/product\/50819","targetHints":{"allow":["GET"]}}],"collection":[{"href":"https:\/\/worldofflowerpots.com\/pl\/wp-json\/wp\/v2\/product"}],"about":[{"href":"https:\/\/worldofflowerpots.com\/pl\/wp-json\/wp\/v2\/types\/product"}],"wp:featuredmedia":[{"embeddable":true,"href":"https:\/\/worldofflowerpots.com\/pl\/wp-json\/wp\/v2\/media\/50929"}],"wp:attachment":[{"href":"https:\/\/worldofflowerpots.com\/pl\/wp-json\/wp\/v2\/media?parent=50819"}],"wp:term":[{"taxonomy":"product_brand","embeddable":true,"href":"https:\/\/worldofflowerpots.com\/pl\/wp-json\/wp\/v2\/product_brand?post=50819"},{"taxonomy":"product_cat","embeddable":true,"href":"https:\/\/worldofflowerpots.com\/pl\/wp-json\/wp\/v2\/product_cat?post=50819"},{"taxonomy":"product_tag","embeddable":true,"href":"https:\/\/worldofflowerpots.com\/pl\/wp-json\/wp\/v2\/product_tag?post=50819"}],"curies":[{"name":"wp","href":"https:\/\/api.w.org\/{rel}","templated":true}]}}