{"id":50820,"date":"2019-01-18T15:07:38","date_gmt":"2019-01-18T14:07:38","guid":{"rendered":"https:\/\/worldofflowerpots.com\/product\/import-placeholder-for-155\/"},"modified":"2019-04-16T11:18:22","modified_gmt":"2019-04-16T09:18:22","slug":"donice-z-betonu-architektonicznego-hydra-3-ultra-beton","status":"publish","type":"product","link":"https:\/\/worldofflowerpots.com\/pl\/sklep\/donice-z-betonu-architektonicznego-hydra-3-ultra-beton\/","title":{"rendered":"Donice z betonu architektonicznego Hydra 3 &#8211; ultra beton"},"content":{"rendered":"<p><img loading=\"lazy\" decoding=\"async\" class=\"aligncenter wp-image-59007 size-full\" src=\"https:\/\/worldofflowerpots.com\/wp-content\/uploads\/2016\/12\/przygotowanie-donic-do-u\u017cytkowania-2.png\" alt=\"\" width=\"836\" height=\"598\" srcset=\"https:\/\/worldofflowerpots.com\/wp-content\/uploads\/2016\/12\/przygotowanie-donic-do-u\u017cytkowania-2.png 836w, https:\/\/worldofflowerpots.com\/wp-content\/uploads\/2016\/12\/przygotowanie-donic-do-u\u017cytkowania-2-300x215.png 300w, https:\/\/worldofflowerpots.com\/wp-content\/uploads\/2016\/12\/przygotowanie-donic-do-u\u017cytkowania-2-768x549.png 768w, https:\/\/worldofflowerpots.com\/wp-content\/uploads\/2016\/12\/przygotowanie-donic-do-u\u017cytkowania-2-600x429.png 600w\" sizes=\"auto, (max-width: 836px) 100vw, 836px\" \/><\/p>\n<p>Ogr\u00f3d czy taras to miejsce idealne do relaksu i wypoczynku. Aby stworzy\u0107 niesamowity klimat oraz oryginalny wygl\u0105d warto wyposa\u017cy\u0107 te urokliwe miejsca nie tylko w ozdobne ro\u015bliny ale i nowoczesne motywy zdobi\u0105ce. Doskona\u0142ym produktem s\u0105 dost\u0119pne w naszej ofercie donice z betonu architektonicznego.<\/p>\n<h2>Trwa\u0142o\u015b\u0107 i design<\/h2>\n<p>Du\u017c\u0105 popularno\u015bci\u0105 w\u015br\u00f3d fascynat\u00f3w nowoczesnych ogrod\u00f3w cieszy si\u0119 donica Hydra 3, kt\u00f3ra wykonana jest z trwa\u0142ego i \u0142atwego w utrzymaniu ultra betonu. Ten materia\u0142 architektoniczny zapewnia ro\u015blinom bezpiecze\u0144stwo niezale\u017cnie od panuj\u0105cych warunk\u00f3w atmosferycznych. Ultra beton jest niezwykle odporny na warunki atmosferyczne takie jak mr\u00f3z, wilgo\u0107 czy \u015bnieg. Nabywcy inwestuj\u0105cy w\u00a0donice z betonu architektonicznego\u00a0nie musz\u0105 obawia\u0107 si\u0119, \u017ce ulegnie ona szybkiemu zniszczeniu. Ponadto produkt ten pozostaje na d\u0142ugo czysty i schludny.\u00a0Donice z betonu architektonicznego\u00a0to gwarancja trwa\u0142o\u015bci na d\u0142ugie lata. S\u0105 one dost\u0119pne w naszej ofercie w trzech podstawowych kolorach takich jak: bia\u0142y, szary oraz czarny. Barwy te idealnie wkomponowuj\u0105 si\u0119 w ca\u0142o\u015b\u0107 ka\u017cdej aran\u017cacji i doskonale prze\u0142amuj\u0105 ro\u015blinn\u0105 ziele\u0144. Te\u00a0donice ogrodowe du\u017ce\u00a0produkowane s\u0105 w standardzie z funkcjonalnymi otworami odp\u0142ywowymi.<\/p>\n<p>Jest to du\u017cy gabarytowo produkt, kt\u00f3ry wa\u017cy 220 kg, posiada \u015brednic\u0119 wynosz\u0105c\u0105 120 cm i wysoko\u015b\u0107 100 cm.<\/p>\n<p>Donice ogrodowe du\u017ce\u00a0Hydra 3 stanowi\u0105 nieod\u0142\u0105czny element dekoracyjny wielu miejsc. Ciekawa struktura powierzchni oraz nowoczesny design sprawiaj\u0105, \u017ce\u00a0donice z betonu architektonicznego\u00a0idealnie wpisuj\u0105 si\u0119 w nowoczesny styl ka\u017cdego otoczenia. Donice zdobi\u0105 wy\u017c\u0142obione na ca\u0142o\u015bci powierzchni ozdobne rowki. Ich du\u017cy rozmiar sprawia, \u017ce doskonale nadaj\u0105 si\u0119 do posadzenia w nich ro\u015blin o sporych rozmiarach zapewniaj\u0105c im optymaln\u0105 przestrze\u0144 oraz odpowiednie warunki do wzrostu.\u00a0Donice ogrodowe du\u017ce\u00a0Hydra 3 doskonale prezentuj\u0105 si\u0119 w du\u017cych pomieszczeniach oraz na otwartych przestrzeniach. S\u0105 nieod\u0142\u0105cznym elementem dekoracyjnym przestrzennych taras\u00f3w czy gustownie zaprojektowanych ogrod\u00f3w. W towarzystwie drzewek i krzew\u00f3w doskonale wkomponowuj\u0105 si\u0119 w ca\u0142o\u015b\u0107 tworz\u0105c niesamowicie pi\u0119kny widok. Mo\u017cna w nich posadzi\u0107 zar\u00f3wno ozdobne drzewka klasyczne, jak i urzekaj\u0105ce swym pi\u0119knem ro\u015bliny egzotyczne.<\/p>\n","protected":false},"excerpt":{"rendered":"<p>Donica Hydra 3 z betonu (ultra betonu). Wyst\u0119puje w trzech podstawowych kolorach : bia\u0142ym, szarym oraz czarnym. Donica produkowana jest w standardzie z otworami odp\u0142ywowymi. Waga donicy to 220 kg, a wymiary : \u015brednica: 120 cm, Wysoko\u015b\u0107: 100 cm.<\/p>\n","protected":false},"featured_media":57992,"template":"","meta":{"_acf_changed":false},"product_brand":[],"product_cat":[144],"product_tag":[445,444],"class_list":{"0":"post-50820","1":"product","2":"type-product","3":"status-publish","4":"has-post-thumbnail","6":"product_cat-donice-z-betonu","7":"product_tag-donice-betonowe","8":"product_tag-donice-ogrodowe","9":"description-off","10":"tm-has-options","12":"first","13":"instock","14":"shipping-taxable","15":"purchasable","16":"product-type-simple"},"acf":[],"yoast_head":"<!-- This site is optimized with the Yoast SEO plugin v27.5 - https:\/\/yoast.com\/product\/yoast-seo-wordpress\/ -->\n<title>Donice z betonu architektonicznego Hydra 3 - ultra beton<\/title>\n<meta name=\"description\" content=\"Zewn\u0119trzna Betonowa donica w twardym, awangardowym stylu to najmodniejsze odkrycie na polu ro\u015blinnych dekoracji. Prosty okr\u0105g\u0142y kszta\u0142t i surowy betonowy kolor\" \/>\n<meta name=\"robots\" content=\"index, follow, max-snippet:-1, max-image-preview:large, max-video-preview:-1\" \/>\n<link rel=\"canonical\" href=\"https:\/\/worldofflowerpots.com\/sklep\/donice-z-betonu-architektonicznego-hydra-3-ultra-beton\/\" \/>\n<meta property=\"og:locale\" content=\"pl_PL\" \/>\n<meta property=\"og:type\" content=\"article\" \/>\n<meta property=\"og:title\" content=\"Donice z betonu architektonicznego Hydra 3 - ultra beton\" \/>\n<meta property=\"og:description\" content=\"Zewn\u0119trzna Betonowa donica w twardym, awangardowym stylu to najmodniejsze odkrycie na polu ro\u015blinnych dekoracji. Prosty okr\u0105g\u0142y kszta\u0142t i surowy betonowy kolor\" \/>\n<meta property=\"og:url\" content=\"https:\/\/worldofflowerpots.com\/sklep\/donice-z-betonu-architektonicznego-hydra-3-ultra-beton\/\" \/>\n<meta property=\"og:site_name\" content=\"World of Flowerpots\" \/>\n<meta property=\"article:modified_time\" content=\"2019-04-16T09:18:22+00:00\" \/>\n<meta property=\"og:image\" content=\"https:\/\/worldofflowerpots.com\/wp-content\/uploads\/2019\/01\/donice-z-betonu-architektonicznego-Hydra-3-1.jpg\" \/>\n\t<meta property=\"og:image:width\" content=\"1920\" \/>\n\t<meta property=\"og:image:height\" content=\"1080\" \/>\n\t<meta property=\"og:image:type\" content=\"image\/jpeg\" \/>\n<meta name=\"twitter:card\" content=\"summary_large_image\" \/>\n<meta name=\"twitter:label1\" content=\"Szacowany czas czytania\" \/>\n\t<meta name=\"twitter:data1\" content=\"2 minuty\" \/>\n<script type=\"application\/ld+json\" class=\"yoast-schema-graph\">{\"@context\":\"https:\\\/\\\/schema.org\",\"@graph\":[{\"@type\":\"WebPage\",\"@id\":\"https:\\\/\\\/worldofflowerpots.com\\\/sklep\\\/donice-z-betonu-architektonicznego-hydra-3-ultra-beton\\\/\",\"url\":\"https:\\\/\\\/worldofflowerpots.com\\\/sklep\\\/donice-z-betonu-architektonicznego-hydra-3-ultra-beton\\\/\",\"name\":\"Donice z betonu architektonicznego Hydra 3 - ultra beton\",\"isPartOf\":{\"@id\":\"https:\\\/\\\/worldofflowerpots.com\\\/#website\"},\"primaryImageOfPage\":{\"@id\":\"https:\\\/\\\/worldofflowerpots.com\\\/sklep\\\/donice-z-betonu-architektonicznego-hydra-3-ultra-beton\\\/#primaryimage\"},\"image\":{\"@id\":\"https:\\\/\\\/worldofflowerpots.com\\\/sklep\\\/donice-z-betonu-architektonicznego-hydra-3-ultra-beton\\\/#primaryimage\"},\"thumbnailUrl\":\"https:\\\/\\\/worldofflowerpots.com\\\/wp-content\\\/uploads\\\/2019\\\/01\\\/donice-z-betonu-architektonicznego-Hydra-3-1.jpg\",\"datePublished\":\"2019-01-18T14:07:38+00:00\",\"dateModified\":\"2019-04-16T09:18:22+00:00\",\"description\":\"Zewn\u0119trzna Betonowa donica w twardym, awangardowym stylu to najmodniejsze odkrycie na polu ro\u015blinnych dekoracji. Prosty okr\u0105g\u0142y kszta\u0142t i surowy betonowy kolor\",\"breadcrumb\":{\"@id\":\"https:\\\/\\\/worldofflowerpots.com\\\/sklep\\\/donice-z-betonu-architektonicznego-hydra-3-ultra-beton\\\/#breadcrumb\"},\"inLanguage\":\"pl-PL\",\"potentialAction\":[{\"@type\":\"ReadAction\",\"target\":[\"https:\\\/\\\/worldofflowerpots.com\\\/sklep\\\/donice-z-betonu-architektonicznego-hydra-3-ultra-beton\\\/\"]}]},{\"@type\":\"ImageObject\",\"inLanguage\":\"pl-PL\",\"@id\":\"https:\\\/\\\/worldofflowerpots.com\\\/sklep\\\/donice-z-betonu-architektonicznego-hydra-3-ultra-beton\\\/#primaryimage\",\"url\":\"https:\\\/\\\/worldofflowerpots.com\\\/wp-content\\\/uploads\\\/2019\\\/01\\\/donice-z-betonu-architektonicznego-Hydra-3-1.jpg\",\"contentUrl\":\"https:\\\/\\\/worldofflowerpots.com\\\/wp-content\\\/uploads\\\/2019\\\/01\\\/donice-z-betonu-architektonicznego-Hydra-3-1.jpg\",\"width\":1920,\"height\":1080},{\"@type\":\"BreadcrumbList\",\"@id\":\"https:\\\/\\\/worldofflowerpots.com\\\/sklep\\\/donice-z-betonu-architektonicznego-hydra-3-ultra-beton\\\/#breadcrumb\",\"itemListElement\":[{\"@type\":\"ListItem\",\"position\":1,\"name\":\"Strona g\u0142\u00f3wna\",\"item\":\"https:\\\/\\\/worldofflowerpots.com\\\/\"},{\"@type\":\"ListItem\",\"position\":2,\"name\":\"Sklep\",\"item\":\"https:\\\/\\\/worldofflowerpots.com\\\/sklep\\\/\"},{\"@type\":\"ListItem\",\"position\":3,\"name\":\"Donice z betonu architektonicznego Hydra 3 &#8211; ultra beton\"}]},{\"@type\":\"WebSite\",\"@id\":\"https:\\\/\\\/worldofflowerpots.com\\\/#website\",\"url\":\"https:\\\/\\\/worldofflowerpots.com\\\/\",\"name\":\"World of Flowerpots\",\"description\":\"producent donic ozdobnych\",\"potentialAction\":[{\"@type\":\"SearchAction\",\"target\":{\"@type\":\"EntryPoint\",\"urlTemplate\":\"https:\\\/\\\/worldofflowerpots.com\\\/?s={search_term_string}\"},\"query-input\":{\"@type\":\"PropertyValueSpecification\",\"valueRequired\":true,\"valueName\":\"search_term_string\"}}],\"inLanguage\":\"pl-PL\"}]}<\/script>\n<!-- \/ Yoast SEO plugin. -->","yoast_head_json":{"title":"Donice z betonu architektonicznego Hydra 3 - ultra beton","description":"Zewn\u0119trzna Betonowa donica w twardym, awangardowym stylu to najmodniejsze odkrycie na polu ro\u015blinnych dekoracji. Prosty okr\u0105g\u0142y kszta\u0142t i surowy betonowy kolor","robots":{"index":"index","follow":"follow","max-snippet":"max-snippet:-1","max-image-preview":"max-image-preview:large","max-video-preview":"max-video-preview:-1"},"canonical":"https:\/\/worldofflowerpots.com\/sklep\/donice-z-betonu-architektonicznego-hydra-3-ultra-beton\/","og_locale":"pl_PL","og_type":"article","og_title":"Donice z betonu architektonicznego Hydra 3 - ultra beton","og_description":"Zewn\u0119trzna Betonowa donica w twardym, awangardowym stylu to najmodniejsze odkrycie na polu ro\u015blinnych dekoracji. Prosty okr\u0105g\u0142y kszta\u0142t i surowy betonowy kolor","og_url":"https:\/\/worldofflowerpots.com\/sklep\/donice-z-betonu-architektonicznego-hydra-3-ultra-beton\/","og_site_name":"World of Flowerpots","article_modified_time":"2019-04-16T09:18:22+00:00","og_image":[{"width":1920,"height":1080,"url":"https:\/\/worldofflowerpots.com\/wp-content\/uploads\/2019\/01\/donice-z-betonu-architektonicznego-Hydra-3-1.jpg","type":"image\/jpeg"}],"twitter_card":"summary_large_image","twitter_misc":{"Szacowany czas czytania":"2 minuty"},"schema":{"@context":"https:\/\/schema.org","@graph":[{"@type":"WebPage","@id":"https:\/\/worldofflowerpots.com\/sklep\/donice-z-betonu-architektonicznego-hydra-3-ultra-beton\/","url":"https:\/\/worldofflowerpots.com\/sklep\/donice-z-betonu-architektonicznego-hydra-3-ultra-beton\/","name":"Donice z betonu architektonicznego Hydra 3 - ultra beton","isPartOf":{"@id":"https:\/\/worldofflowerpots.com\/#website"},"primaryImageOfPage":{"@id":"https:\/\/worldofflowerpots.com\/sklep\/donice-z-betonu-architektonicznego-hydra-3-ultra-beton\/#primaryimage"},"image":{"@id":"https:\/\/worldofflowerpots.com\/sklep\/donice-z-betonu-architektonicznego-hydra-3-ultra-beton\/#primaryimage"},"thumbnailUrl":"https:\/\/worldofflowerpots.com\/wp-content\/uploads\/2019\/01\/donice-z-betonu-architektonicznego-Hydra-3-1.jpg","datePublished":"2019-01-18T14:07:38+00:00","dateModified":"2019-04-16T09:18:22+00:00","description":"Zewn\u0119trzna Betonowa donica w twardym, awangardowym stylu to najmodniejsze odkrycie na polu ro\u015blinnych dekoracji. Prosty okr\u0105g\u0142y kszta\u0142t i surowy betonowy kolor","breadcrumb":{"@id":"https:\/\/worldofflowerpots.com\/sklep\/donice-z-betonu-architektonicznego-hydra-3-ultra-beton\/#breadcrumb"},"inLanguage":"pl-PL","potentialAction":[{"@type":"ReadAction","target":["https:\/\/worldofflowerpots.com\/sklep\/donice-z-betonu-architektonicznego-hydra-3-ultra-beton\/"]}]},{"@type":"ImageObject","inLanguage":"pl-PL","@id":"https:\/\/worldofflowerpots.com\/sklep\/donice-z-betonu-architektonicznego-hydra-3-ultra-beton\/#primaryimage","url":"https:\/\/worldofflowerpots.com\/wp-content\/uploads\/2019\/01\/donice-z-betonu-architektonicznego-Hydra-3-1.jpg","contentUrl":"https:\/\/worldofflowerpots.com\/wp-content\/uploads\/2019\/01\/donice-z-betonu-architektonicznego-Hydra-3-1.jpg","width":1920,"height":1080},{"@type":"BreadcrumbList","@id":"https:\/\/worldofflowerpots.com\/sklep\/donice-z-betonu-architektonicznego-hydra-3-ultra-beton\/#breadcrumb","itemListElement":[{"@type":"ListItem","position":1,"name":"Strona g\u0142\u00f3wna","item":"https:\/\/worldofflowerpots.com\/"},{"@type":"ListItem","position":2,"name":"Sklep","item":"https:\/\/worldofflowerpots.com\/sklep\/"},{"@type":"ListItem","position":3,"name":"Donice z betonu architektonicznego Hydra 3 &#8211; ultra beton"}]},{"@type":"WebSite","@id":"https:\/\/worldofflowerpots.com\/#website","url":"https:\/\/worldofflowerpots.com\/","name":"World of Flowerpots","description":"producent donic ozdobnych","potentialAction":[{"@type":"SearchAction","target":{"@type":"EntryPoint","urlTemplate":"https:\/\/worldofflowerpots.com\/?s={search_term_string}"},"query-input":{"@type":"PropertyValueSpecification","valueRequired":true,"valueName":"search_term_string"}}],"inLanguage":"pl-PL"}]}},"_links":{"self":[{"href":"https:\/\/worldofflowerpots.com\/pl\/wp-json\/wp\/v2\/product\/50820","targetHints":{"allow":["GET"]}}],"collection":[{"href":"https:\/\/worldofflowerpots.com\/pl\/wp-json\/wp\/v2\/product"}],"about":[{"href":"https:\/\/worldofflowerpots.com\/pl\/wp-json\/wp\/v2\/types\/product"}],"wp:featuredmedia":[{"embeddable":true,"href":"https:\/\/worldofflowerpots.com\/pl\/wp-json\/wp\/v2\/media\/57992"}],"wp:attachment":[{"href":"https:\/\/worldofflowerpots.com\/pl\/wp-json\/wp\/v2\/media?parent=50820"}],"wp:term":[{"taxonomy":"product_brand","embeddable":true,"href":"https:\/\/worldofflowerpots.com\/pl\/wp-json\/wp\/v2\/product_brand?post=50820"},{"taxonomy":"product_cat","embeddable":true,"href":"https:\/\/worldofflowerpots.com\/pl\/wp-json\/wp\/v2\/product_cat?post=50820"},{"taxonomy":"product_tag","embeddable":true,"href":"https:\/\/worldofflowerpots.com\/pl\/wp-json\/wp\/v2\/product_tag?post=50820"}],"curies":[{"name":"wp","href":"https:\/\/api.w.org\/{rel}","templated":true}]}}