{"id":50827,"date":"2019-01-18T15:08:06","date_gmt":"2019-01-18T14:08:06","guid":{"rendered":"https:\/\/worldofflowerpots.com\/product\/import-placeholder-for-156\/"},"modified":"2019-04-16T11:10:18","modified_gmt":"2019-04-16T09:10:18","slug":"doniczki-betonowe-la-piccola","status":"publish","type":"product","link":"https:\/\/worldofflowerpots.com\/pl\/sklep\/doniczki-betonowe-la-piccola\/","title":{"rendered":"Doniczki betonowe La Piccola"},"content":{"rendered":"<h2><img loading=\"lazy\" decoding=\"async\" class=\"aligncenter wp-image-59007 size-full\" src=\"https:\/\/worldofflowerpots.com\/wp-content\/uploads\/2016\/12\/przygotowanie-donic-do-u\u017cytkowania-2.png\" alt=\"\" width=\"836\" height=\"598\" srcset=\"https:\/\/worldofflowerpots.com\/wp-content\/uploads\/2016\/12\/przygotowanie-donic-do-u\u017cytkowania-2.png 836w, https:\/\/worldofflowerpots.com\/wp-content\/uploads\/2016\/12\/przygotowanie-donic-do-u\u017cytkowania-2-300x215.png 300w, https:\/\/worldofflowerpots.com\/wp-content\/uploads\/2016\/12\/przygotowanie-donic-do-u\u017cytkowania-2-768x549.png 768w, https:\/\/worldofflowerpots.com\/wp-content\/uploads\/2016\/12\/przygotowanie-donic-do-u\u017cytkowania-2-600x429.png 600w\" sizes=\"auto, (max-width: 836px) 100vw, 836px\" \/><\/h2>\n<h2>La Piccola \u2013 doniczki betonowe w sam raz do Twojego ogrodu<\/h2>\n<p>Prezentowany model to prosta i niezwykle pi\u0119kna donica ogrodowa. Jej jednobarwna stylistyka, utrzymana w typowo minimalistycznej formie, nie stanowi przeciwwagi dla pi\u0119knych kwiat\u00f3w i dekoracji, jest raczej tajemniczym dodatkiem.<\/p>\n<h2>La Piccola \u2013 majestatyczna estetyka i harmonia<\/h2>\n<p>Wyobra\u017a sobie sw\u00f3j ogr\u00f3d. Jest w nim pewnie du\u017co zieleni, kt\u00f3ra tu i \u00f3wdzie poprzetykana jest drobnymi, betonowymi elementami. Niekt\u00f3re z nich maj\u0105 charakter ozdobny, w ko\u0144cu przecie\u017c doskonale zdajesz sobie spraw\u0119, z dekoracyjnego potencja\u0142u betonu.<\/p>\n<p>A teraz wyobra\u017a sobie w\u015br\u00f3d nich donice\u00a0z betonu architektonicznego La Piccola. S\u0105 one czym\u015b wi\u0119cej, ni\u017c zwyk\u0142e doniczki betonowe. To produkt z najwy\u017cszej p\u00f3\u0142ki, kt\u00f3ry podkre\u015bli gustowny wymiar przestrzeni Twojego ogrodu i b\u0119dzie doskona\u0142\u0105 podstaw\u0105 dla kwiat\u00f3w, stanowi\u0105cych ukoronowanie Twej zielonej aran\u017cacji.<\/p>\n<h2>Pi\u0119kno to nie wszystko!<\/h2>\n<p>A teraz sp\u00f3jrz na sw\u00f3j ogr\u00f3d z innej, zimowej perspektywy. Przecie\u017c doskonale zdajesz sobie spraw\u0119, \u017ce mo\u017ce on \u017cy\u0107 nie tylko latem, b\u0105d\u017a wiosn\u0105. R\u00f3wnie\u017c i zim\u0105 mo\u017ce by\u0107 on poprzetykany mn\u00f3stwem zieleni, podkre\u015blonej pi\u0119knem le\u017c\u0105cego wok\u00f3\u0142 \u015bniegu. Owszem, pewnie zdajesz sobie spraw\u0119, \u017ce \u017cadne, nawet najpi\u0119kniejsze doniczki betonowe, nie b\u0119d\u0105 w tej aran\u017cacji per\u0142\u0105&#8230;<\/p>\n<p>We\u017a jednak pod uwag\u0119, podobnie jak latem, tak i zim\u0105 donica La Piccola mo\u017ce by\u0107 istotnym i praktycznym elementem Twojej ogrodowej infrastruktury. Beton z kt\u00f3rego zosta\u0142a ona wykonana, jest niezwykle twardy i odporny na oddzia\u0142ywania ka\u017cdych warunk\u00f3w atmosferychnych. Doskonale radzi on sobie w warunkach silnej wilgotno\u015bci i bardzo niskich temperatur. Mo\u017cesz by\u0107 pewien, \u017ce La Piccola b\u0119dzie Ci s\u0142u\u017cy\u0107 przez d\u0142ugie lata.<\/p>\n<h2>Zajrzyj do nas ju\u017c teraz<\/h2>\n<p>Je\u015bli urzek\u0142o Ci\u0119 pi\u0119kno donicy La Piccola, ju\u017c dzi\u015b z\u0142\u00f3\u017c zapytanie, a my przygotujemy dla Ciebie indywidualn\u0105 ofert\u0119 zakupu. Je\u015bli masz jakiekolwiek pytania dotycz\u0105ce jej, b\u0105d\u017a innych produkt\u00f3w z naszej oferty, ch\u0119tnie na nie odpowiemy.<\/p>\n<p>Nie zapominaj, \u017ce La Piccola to co\u015b wi\u0119cej, ni\u017c zwyk\u0142e doniczki betonowe. To prawdziwe dzie\u0142o sztuki, kt\u00f3re warto mie\u0107.<\/p>\n","protected":false},"excerpt":{"rendered":"<p>Donica La Piccola z betonu (ultra betonu). Wyst\u0119puje w trzech podstawowych kolorach : bia\u0142ym, szarym oraz czarnym. Donica produkowana jest w standardzie z otworami odp\u0142ywowymi. Waga donicy to 68 kg, a wymiary : \u015brednica: 58 cm, Wysoko\u015b\u0107: 48 cm.<\/p>\n","protected":false},"featured_media":57982,"template":"","meta":{"_acf_changed":false},"product_brand":[],"product_cat":[144],"product_tag":[445,444],"class_list":{"0":"post-50827","1":"product","2":"type-product","3":"status-publish","4":"has-post-thumbnail","6":"product_cat-donice-z-betonu","7":"product_tag-donice-betonowe","8":"product_tag-donice-ogrodowe","9":"description-off","10":"tm-has-options","12":"first","13":"instock","14":"shipping-taxable","15":"purchasable","16":"product-type-simple"},"acf":[],"yoast_head":"<!-- This site is optimized with the Yoast SEO plugin v27.5 - https:\/\/yoast.com\/product\/yoast-seo-wordpress\/ -->\n<title>Doniczki Betonowe La Piccola do Odgrou, na Taras i Przestrzeni Miejskiej<\/title>\n<meta name=\"description\" content=\"Doniczki betonowe na balkon, taras i ka\u017cdego innego miejsca na podw\u00f3rku, oraz przestrzeni publicznej. Pi\u0119kne donice z betonu architektonicznego.\" \/>\n<meta name=\"robots\" content=\"index, follow, max-snippet:-1, max-image-preview:large, max-video-preview:-1\" \/>\n<link rel=\"canonical\" href=\"https:\/\/worldofflowerpots.com\/sklep\/doniczki-betonowe-la-piccola\/\" \/>\n<meta property=\"og:locale\" content=\"pl_PL\" \/>\n<meta property=\"og:type\" content=\"article\" \/>\n<meta property=\"og:title\" content=\"Doniczki Betonowe La Piccola do Odgrou, na Taras i Przestrzeni Miejskiej\" \/>\n<meta property=\"og:description\" content=\"Doniczki betonowe na balkon, taras i ka\u017cdego innego miejsca na podw\u00f3rku, oraz przestrzeni publicznej. Pi\u0119kne donice z betonu architektonicznego.\" \/>\n<meta property=\"og:url\" content=\"https:\/\/worldofflowerpots.com\/sklep\/doniczki-betonowe-la-piccola\/\" \/>\n<meta property=\"og:site_name\" content=\"World of Flowerpots\" \/>\n<meta property=\"article:modified_time\" content=\"2019-04-16T09:10:18+00:00\" \/>\n<meta property=\"og:image\" content=\"https:\/\/worldofflowerpots.com\/wp-content\/uploads\/2019\/01\/doniczki-betonowe-La-Piccola-2.jpg\" \/>\n\t<meta property=\"og:image:width\" content=\"1920\" \/>\n\t<meta property=\"og:image:height\" content=\"1080\" \/>\n\t<meta property=\"og:image:type\" content=\"image\/jpeg\" \/>\n<meta name=\"twitter:card\" content=\"summary_large_image\" \/>\n<meta name=\"twitter:label1\" content=\"Szacowany czas czytania\" \/>\n\t<meta name=\"twitter:data1\" content=\"2 minuty\" \/>\n<script type=\"application\/ld+json\" class=\"yoast-schema-graph\">{\"@context\":\"https:\\\/\\\/schema.org\",\"@graph\":[{\"@type\":\"WebPage\",\"@id\":\"https:\\\/\\\/worldofflowerpots.com\\\/sklep\\\/doniczki-betonowe-la-piccola\\\/\",\"url\":\"https:\\\/\\\/worldofflowerpots.com\\\/sklep\\\/doniczki-betonowe-la-piccola\\\/\",\"name\":\"Doniczki Betonowe La Piccola do Odgrou, na Taras i Przestrzeni Miejskiej\",\"isPartOf\":{\"@id\":\"https:\\\/\\\/worldofflowerpots.com\\\/#website\"},\"primaryImageOfPage\":{\"@id\":\"https:\\\/\\\/worldofflowerpots.com\\\/sklep\\\/doniczki-betonowe-la-piccola\\\/#primaryimage\"},\"image\":{\"@id\":\"https:\\\/\\\/worldofflowerpots.com\\\/sklep\\\/doniczki-betonowe-la-piccola\\\/#primaryimage\"},\"thumbnailUrl\":\"https:\\\/\\\/worldofflowerpots.com\\\/wp-content\\\/uploads\\\/2019\\\/01\\\/doniczki-betonowe-La-Piccola-2.jpg\",\"datePublished\":\"2019-01-18T14:08:06+00:00\",\"dateModified\":\"2019-04-16T09:10:18+00:00\",\"description\":\"Doniczki betonowe na balkon, taras i ka\u017cdego innego miejsca na podw\u00f3rku, oraz przestrzeni publicznej. Pi\u0119kne donice z betonu architektonicznego.\",\"breadcrumb\":{\"@id\":\"https:\\\/\\\/worldofflowerpots.com\\\/sklep\\\/doniczki-betonowe-la-piccola\\\/#breadcrumb\"},\"inLanguage\":\"pl-PL\",\"potentialAction\":[{\"@type\":\"ReadAction\",\"target\":[\"https:\\\/\\\/worldofflowerpots.com\\\/sklep\\\/doniczki-betonowe-la-piccola\\\/\"]}]},{\"@type\":\"ImageObject\",\"inLanguage\":\"pl-PL\",\"@id\":\"https:\\\/\\\/worldofflowerpots.com\\\/sklep\\\/doniczki-betonowe-la-piccola\\\/#primaryimage\",\"url\":\"https:\\\/\\\/worldofflowerpots.com\\\/wp-content\\\/uploads\\\/2019\\\/01\\\/doniczki-betonowe-La-Piccola-2.jpg\",\"contentUrl\":\"https:\\\/\\\/worldofflowerpots.com\\\/wp-content\\\/uploads\\\/2019\\\/01\\\/doniczki-betonowe-La-Piccola-2.jpg\",\"width\":1920,\"height\":1080},{\"@type\":\"BreadcrumbList\",\"@id\":\"https:\\\/\\\/worldofflowerpots.com\\\/sklep\\\/doniczki-betonowe-la-piccola\\\/#breadcrumb\",\"itemListElement\":[{\"@type\":\"ListItem\",\"position\":1,\"name\":\"Strona g\u0142\u00f3wna\",\"item\":\"https:\\\/\\\/worldofflowerpots.com\\\/\"},{\"@type\":\"ListItem\",\"position\":2,\"name\":\"Sklep\",\"item\":\"https:\\\/\\\/worldofflowerpots.com\\\/sklep\\\/\"},{\"@type\":\"ListItem\",\"position\":3,\"name\":\"Doniczki betonowe La Piccola\"}]},{\"@type\":\"WebSite\",\"@id\":\"https:\\\/\\\/worldofflowerpots.com\\\/#website\",\"url\":\"https:\\\/\\\/worldofflowerpots.com\\\/\",\"name\":\"World of Flowerpots\",\"description\":\"producent donic ozdobnych\",\"potentialAction\":[{\"@type\":\"SearchAction\",\"target\":{\"@type\":\"EntryPoint\",\"urlTemplate\":\"https:\\\/\\\/worldofflowerpots.com\\\/?s={search_term_string}\"},\"query-input\":{\"@type\":\"PropertyValueSpecification\",\"valueRequired\":true,\"valueName\":\"search_term_string\"}}],\"inLanguage\":\"pl-PL\"}]}<\/script>\n<!-- \/ Yoast SEO plugin. -->","yoast_head_json":{"title":"Doniczki Betonowe La Piccola do Odgrou, na Taras i Przestrzeni Miejskiej","description":"Doniczki betonowe na balkon, taras i ka\u017cdego innego miejsca na podw\u00f3rku, oraz przestrzeni publicznej. Pi\u0119kne donice z betonu architektonicznego.","robots":{"index":"index","follow":"follow","max-snippet":"max-snippet:-1","max-image-preview":"max-image-preview:large","max-video-preview":"max-video-preview:-1"},"canonical":"https:\/\/worldofflowerpots.com\/sklep\/doniczki-betonowe-la-piccola\/","og_locale":"pl_PL","og_type":"article","og_title":"Doniczki Betonowe La Piccola do Odgrou, na Taras i Przestrzeni Miejskiej","og_description":"Doniczki betonowe na balkon, taras i ka\u017cdego innego miejsca na podw\u00f3rku, oraz przestrzeni publicznej. Pi\u0119kne donice z betonu architektonicznego.","og_url":"https:\/\/worldofflowerpots.com\/sklep\/doniczki-betonowe-la-piccola\/","og_site_name":"World of Flowerpots","article_modified_time":"2019-04-16T09:10:18+00:00","og_image":[{"width":1920,"height":1080,"url":"https:\/\/worldofflowerpots.com\/wp-content\/uploads\/2019\/01\/doniczki-betonowe-La-Piccola-2.jpg","type":"image\/jpeg"}],"twitter_card":"summary_large_image","twitter_misc":{"Szacowany czas czytania":"2 minuty"},"schema":{"@context":"https:\/\/schema.org","@graph":[{"@type":"WebPage","@id":"https:\/\/worldofflowerpots.com\/sklep\/doniczki-betonowe-la-piccola\/","url":"https:\/\/worldofflowerpots.com\/sklep\/doniczki-betonowe-la-piccola\/","name":"Doniczki Betonowe La Piccola do Odgrou, na Taras i Przestrzeni Miejskiej","isPartOf":{"@id":"https:\/\/worldofflowerpots.com\/#website"},"primaryImageOfPage":{"@id":"https:\/\/worldofflowerpots.com\/sklep\/doniczki-betonowe-la-piccola\/#primaryimage"},"image":{"@id":"https:\/\/worldofflowerpots.com\/sklep\/doniczki-betonowe-la-piccola\/#primaryimage"},"thumbnailUrl":"https:\/\/worldofflowerpots.com\/wp-content\/uploads\/2019\/01\/doniczki-betonowe-La-Piccola-2.jpg","datePublished":"2019-01-18T14:08:06+00:00","dateModified":"2019-04-16T09:10:18+00:00","description":"Doniczki betonowe na balkon, taras i ka\u017cdego innego miejsca na podw\u00f3rku, oraz przestrzeni publicznej. Pi\u0119kne donice z betonu architektonicznego.","breadcrumb":{"@id":"https:\/\/worldofflowerpots.com\/sklep\/doniczki-betonowe-la-piccola\/#breadcrumb"},"inLanguage":"pl-PL","potentialAction":[{"@type":"ReadAction","target":["https:\/\/worldofflowerpots.com\/sklep\/doniczki-betonowe-la-piccola\/"]}]},{"@type":"ImageObject","inLanguage":"pl-PL","@id":"https:\/\/worldofflowerpots.com\/sklep\/doniczki-betonowe-la-piccola\/#primaryimage","url":"https:\/\/worldofflowerpots.com\/wp-content\/uploads\/2019\/01\/doniczki-betonowe-La-Piccola-2.jpg","contentUrl":"https:\/\/worldofflowerpots.com\/wp-content\/uploads\/2019\/01\/doniczki-betonowe-La-Piccola-2.jpg","width":1920,"height":1080},{"@type":"BreadcrumbList","@id":"https:\/\/worldofflowerpots.com\/sklep\/doniczki-betonowe-la-piccola\/#breadcrumb","itemListElement":[{"@type":"ListItem","position":1,"name":"Strona g\u0142\u00f3wna","item":"https:\/\/worldofflowerpots.com\/"},{"@type":"ListItem","position":2,"name":"Sklep","item":"https:\/\/worldofflowerpots.com\/sklep\/"},{"@type":"ListItem","position":3,"name":"Doniczki betonowe La Piccola"}]},{"@type":"WebSite","@id":"https:\/\/worldofflowerpots.com\/#website","url":"https:\/\/worldofflowerpots.com\/","name":"World of Flowerpots","description":"producent donic ozdobnych","potentialAction":[{"@type":"SearchAction","target":{"@type":"EntryPoint","urlTemplate":"https:\/\/worldofflowerpots.com\/?s={search_term_string}"},"query-input":{"@type":"PropertyValueSpecification","valueRequired":true,"valueName":"search_term_string"}}],"inLanguage":"pl-PL"}]}},"_links":{"self":[{"href":"https:\/\/worldofflowerpots.com\/pl\/wp-json\/wp\/v2\/product\/50827","targetHints":{"allow":["GET"]}}],"collection":[{"href":"https:\/\/worldofflowerpots.com\/pl\/wp-json\/wp\/v2\/product"}],"about":[{"href":"https:\/\/worldofflowerpots.com\/pl\/wp-json\/wp\/v2\/types\/product"}],"wp:featuredmedia":[{"embeddable":true,"href":"https:\/\/worldofflowerpots.com\/pl\/wp-json\/wp\/v2\/media\/57982"}],"wp:attachment":[{"href":"https:\/\/worldofflowerpots.com\/pl\/wp-json\/wp\/v2\/media?parent=50827"}],"wp:term":[{"taxonomy":"product_brand","embeddable":true,"href":"https:\/\/worldofflowerpots.com\/pl\/wp-json\/wp\/v2\/product_brand?post=50827"},{"taxonomy":"product_cat","embeddable":true,"href":"https:\/\/worldofflowerpots.com\/pl\/wp-json\/wp\/v2\/product_cat?post=50827"},{"taxonomy":"product_tag","embeddable":true,"href":"https:\/\/worldofflowerpots.com\/pl\/wp-json\/wp\/v2\/product_tag?post=50827"}],"curies":[{"name":"wp","href":"https:\/\/api.w.org\/{rel}","templated":true}]}}