{"id":50828,"date":"2019-01-18T15:08:06","date_gmt":"2019-01-18T14:08:06","guid":{"rendered":"https:\/\/worldofflowerpots.com\/product\/import-placeholder-for-157\/"},"modified":"2019-04-16T10:59:56","modified_gmt":"2019-04-16T08:59:56","slug":"donica-ogrodowa-medio-grande","status":"publish","type":"product","link":"https:\/\/worldofflowerpots.com\/pl\/sklep\/donica-ogrodowa-medio-grande\/","title":{"rendered":"Donica ogrodowa Medio Grande"},"content":{"rendered":"<h2><img loading=\"lazy\" decoding=\"async\" class=\"aligncenter wp-image-59007 size-full\" src=\"https:\/\/worldofflowerpots.com\/wp-content\/uploads\/2016\/12\/przygotowanie-donic-do-u\u017cytkowania-2.png\" alt=\"\" width=\"836\" height=\"598\" srcset=\"https:\/\/worldofflowerpots.com\/wp-content\/uploads\/2016\/12\/przygotowanie-donic-do-u\u017cytkowania-2.png 836w, https:\/\/worldofflowerpots.com\/wp-content\/uploads\/2016\/12\/przygotowanie-donic-do-u\u017cytkowania-2-300x215.png 300w, https:\/\/worldofflowerpots.com\/wp-content\/uploads\/2016\/12\/przygotowanie-donic-do-u\u017cytkowania-2-768x549.png 768w, https:\/\/worldofflowerpots.com\/wp-content\/uploads\/2016\/12\/przygotowanie-donic-do-u\u017cytkowania-2-600x429.png 600w\" sizes=\"auto, (max-width: 836px) 100vw, 836px\" \/><\/h2>\n<h2>Donica ogrodowa XXL<\/h2>\n<p>Decyduj\u0105c si\u0119 na donic\u0119, kt\u00f3ra ma stan\u0105\u0107 na otwartej przestrzeni najcz\u0119\u015bciej wyb\u00f3r pada na donice wykonane z betonu. Bardzo ciekaw\u0105 propozycj\u0105 jest donica ogrodowa Medio Grande wykonana ze specjalnego materia\u0142u, jakim jest ultra beton. Przede wszystkim jest ona niezwykle wytrzyma\u0142a na czynniki atmosferyczne. Nie straszny jej deszcz, \u015bnieg, wiatr, s\u0142o\u0144ce, mrozy, oraz jest bardzo trwa\u0142a i odporna na \u015bcieranie i inne czynniki mechaniczne, czy \u017cr\u0105ce substancje. Dlatego z pewno\u015bci\u0105 b\u0119dzie si\u0119 pi\u0119knie prezentowa\u0142a przez d\u0142ugie lata, bez zarysowa\u0144, korozji, p\u0119kni\u0119\u0107 i innych ubytk\u00f3w. Z uwagi na swoj\u0105 wag\u0119 i spore wymiary nie ma obawy, \u017ce kto\u015b j\u0105 przewr\u00f3ci, albo uszkodzi. Z tego samego powodu zaleca si\u0119, aby najpierw postawi\u0107 donic\u0119 w miejscu docelowym, a dopiero potem j\u0105 wype\u0142ni\u0107 i zasadzi\u0107 ro\u015bliny. Donica w dnie posiada otw\u00f3r odp\u0142ywowy zapewniaj\u0105cy odp\u0142yw nadmiaru wody.<\/p>\n<h2>Nie tylko doskona\u0142e warunki techniczne<\/h2>\n<p>Kolejn\u0105 zalet\u0105 Donicy Betonowej XXL Medio Grande jest elegancki i oryginalny wygl\u0105d. Z pewno\u015bci\u0105 b\u0119dzie si\u0119 \u015bwietnie prezentowa\u0142a zar\u00f3wno w ogrodzie jak i w przestrzeni publicznej. Dost\u0119pna jest w kolorach: czarny, szary i bia\u0142y. Dlatego mo\u017cna j\u0105 idealnie dopasowa\u0107 do w\u0142asnych potrzeb i stylu w jakim urz\u0105dzone jest otoczenie. Nic nie stoi na przeszkodzie, aby j\u0105 wkomponowa\u0107 w inne elementy dekoracyjne ogrodu, takie jak np. wodospady, oczka wodne, figurki, meble, czy grille zewn\u0119trzne. Z uwagi na jej spor\u0105 pojemno\u015b\u0107 (290 litr\u00f3w) bez obawy mo\u017cna zasadzi\u0107 w niej wi\u0119ksze ro\u015bliny drzewka lub krzewy. Nie ma te\u017c obawy, \u017ce donic\u0119 mog\u0105 uszkodzi\u0107 rozrastaj\u0105ce si\u0119 korzenie.\u00a0Jedynym zagro\u017ceniem dla donicy jest zamarzni\u0119ta w niej woda, dlatego wa\u017cne jest aby umo\u017cliwi\u0107 jej swobodny odp\u0142yw. Nale\u017cy tego dokona\u0107 poprzez odpowiednie wype\u0142nienie donicy. Istotne jest tak\u017ce ustawienie jej na przepuszczalnym gruncie lub podk\u0142adkach gumowych &#8211; je\u015bli ma sta\u0107 na twardym pod\u0142o\u017cu.<\/p>\n<p>Donica z betonu architektonicznego Medio Grande to \u015bwietne rozwi\u0105zanie, kt\u00f3re z pewno\u015bci\u0105 doceni\u0105 nawet najbardziej wymagaj\u0105cy klienci. Jest ona wyj\u0105tkowo solidna i trwa\u0142a, co gwarantuje bardzo d\u0142ug\u0105 \u017cywotno\u015b\u0107. W po\u0142\u0105czeniu z intryguj\u0105cym, eleganckim wygl\u0105dem, pasuj\u0105cym do ka\u017cdej przestrzeni jest to bardzo ciekaw\u0105 propozycj\u0105, obok kt\u00f3rej na pewno nie mo\u017cna przej\u015b\u0107 oboj\u0119tnie. Warto wspomnie\u0107, \u017ce donic\u0119 mo\u017cna naby\u0107 w bardzo atrakcyjnej cenie.<\/p>\n","protected":false},"excerpt":{"rendered":"<p>Donica Medio Grande z betonu (ultra betonu). Wyst\u0119puje w trzech podstawowych kolorach : bia\u0142ym, szarym oraz czarnym. Donica produkowana jest w standardzie z otworami odp\u0142ywowymi. Waga donicy to 150 kg, a wymiary : \u015brednica: 100 cm, Wysoko\u015b\u0107: 50 cm.<\/p>\n","protected":false},"featured_media":57972,"template":"","meta":{"_acf_changed":false},"product_brand":[],"product_cat":[144],"product_tag":[445],"class_list":{"0":"post-50828","1":"product","2":"type-product","3":"status-publish","4":"has-post-thumbnail","6":"product_cat-donice-z-betonu","7":"product_tag-donice-betonowe","8":"description-off","9":"tm-has-options","11":"first","12":"instock","13":"shipping-taxable","14":"purchasable","15":"product-type-simple"},"acf":[],"yoast_head":"<!-- This site is optimized with the Yoast SEO plugin v27.5 - https:\/\/yoast.com\/product\/yoast-seo-wordpress\/ -->\n<title>Donice betonowe ogrodowe XXL Medio Grande Zewn\u0119trzne i Wewn\u0119trzne<\/title>\n<meta name=\"description\" content=\"Donica ogrodowa z betonu architektonicznego Medio Grande to \u015bwietne rozwi\u0105zanie, kt\u00f3re z pewno\u015bci\u0105 doceni\u0105 nawet najbardziej wymagaj\u0105cy klienci.\" \/>\n<meta name=\"robots\" content=\"index, follow, max-snippet:-1, max-image-preview:large, max-video-preview:-1\" \/>\n<link rel=\"canonical\" href=\"https:\/\/worldofflowerpots.com\/sklep\/donica-ogrodowa-medio-grande\/\" \/>\n<meta property=\"og:locale\" content=\"pl_PL\" \/>\n<meta property=\"og:type\" content=\"article\" \/>\n<meta property=\"og:title\" content=\"Donice betonowe ogrodowe XXL Medio Grande Zewn\u0119trzne i Wewn\u0119trzne\" \/>\n<meta property=\"og:description\" content=\"Donica ogrodowa z betonu architektonicznego Medio Grande to \u015bwietne rozwi\u0105zanie, kt\u00f3re z pewno\u015bci\u0105 doceni\u0105 nawet najbardziej wymagaj\u0105cy klienci.\" \/>\n<meta property=\"og:url\" content=\"https:\/\/worldofflowerpots.com\/sklep\/donica-ogrodowa-medio-grande\/\" \/>\n<meta property=\"og:site_name\" content=\"World of Flowerpots\" \/>\n<meta property=\"article:modified_time\" content=\"2019-04-16T08:59:56+00:00\" \/>\n<meta property=\"og:image\" content=\"https:\/\/worldofflowerpots.com\/wp-content\/uploads\/2019\/01\/Donica-ogrodowa-Medio-Grande.jpg\" \/>\n\t<meta property=\"og:image:width\" content=\"1920\" \/>\n\t<meta property=\"og:image:height\" content=\"1080\" \/>\n\t<meta property=\"og:image:type\" content=\"image\/jpeg\" \/>\n<meta name=\"twitter:card\" content=\"summary_large_image\" \/>\n<meta name=\"twitter:label1\" content=\"Szacowany czas czytania\" \/>\n\t<meta name=\"twitter:data1\" content=\"2 minuty\" \/>\n<script type=\"application\/ld+json\" class=\"yoast-schema-graph\">{\"@context\":\"https:\\\/\\\/schema.org\",\"@graph\":[{\"@type\":\"WebPage\",\"@id\":\"https:\\\/\\\/worldofflowerpots.com\\\/sklep\\\/donica-ogrodowa-medio-grande\\\/\",\"url\":\"https:\\\/\\\/worldofflowerpots.com\\\/sklep\\\/donica-ogrodowa-medio-grande\\\/\",\"name\":\"Donice betonowe ogrodowe XXL Medio Grande Zewn\u0119trzne i Wewn\u0119trzne\",\"isPartOf\":{\"@id\":\"https:\\\/\\\/worldofflowerpots.com\\\/#website\"},\"primaryImageOfPage\":{\"@id\":\"https:\\\/\\\/worldofflowerpots.com\\\/sklep\\\/donica-ogrodowa-medio-grande\\\/#primaryimage\"},\"image\":{\"@id\":\"https:\\\/\\\/worldofflowerpots.com\\\/sklep\\\/donica-ogrodowa-medio-grande\\\/#primaryimage\"},\"thumbnailUrl\":\"https:\\\/\\\/worldofflowerpots.com\\\/wp-content\\\/uploads\\\/2019\\\/01\\\/Donica-ogrodowa-Medio-Grande.jpg\",\"datePublished\":\"2019-01-18T14:08:06+00:00\",\"dateModified\":\"2019-04-16T08:59:56+00:00\",\"description\":\"Donica ogrodowa z betonu architektonicznego Medio Grande to \u015bwietne rozwi\u0105zanie, kt\u00f3re z pewno\u015bci\u0105 doceni\u0105 nawet najbardziej wymagaj\u0105cy klienci.\",\"breadcrumb\":{\"@id\":\"https:\\\/\\\/worldofflowerpots.com\\\/sklep\\\/donica-ogrodowa-medio-grande\\\/#breadcrumb\"},\"inLanguage\":\"pl-PL\",\"potentialAction\":[{\"@type\":\"ReadAction\",\"target\":[\"https:\\\/\\\/worldofflowerpots.com\\\/sklep\\\/donica-ogrodowa-medio-grande\\\/\"]}]},{\"@type\":\"ImageObject\",\"inLanguage\":\"pl-PL\",\"@id\":\"https:\\\/\\\/worldofflowerpots.com\\\/sklep\\\/donica-ogrodowa-medio-grande\\\/#primaryimage\",\"url\":\"https:\\\/\\\/worldofflowerpots.com\\\/wp-content\\\/uploads\\\/2019\\\/01\\\/Donica-ogrodowa-Medio-Grande.jpg\",\"contentUrl\":\"https:\\\/\\\/worldofflowerpots.com\\\/wp-content\\\/uploads\\\/2019\\\/01\\\/Donica-ogrodowa-Medio-Grande.jpg\",\"width\":1920,\"height\":1080},{\"@type\":\"BreadcrumbList\",\"@id\":\"https:\\\/\\\/worldofflowerpots.com\\\/sklep\\\/donica-ogrodowa-medio-grande\\\/#breadcrumb\",\"itemListElement\":[{\"@type\":\"ListItem\",\"position\":1,\"name\":\"Strona g\u0142\u00f3wna\",\"item\":\"https:\\\/\\\/worldofflowerpots.com\\\/\"},{\"@type\":\"ListItem\",\"position\":2,\"name\":\"Sklep\",\"item\":\"https:\\\/\\\/worldofflowerpots.com\\\/sklep\\\/\"},{\"@type\":\"ListItem\",\"position\":3,\"name\":\"Donica ogrodowa Medio Grande\"}]},{\"@type\":\"WebSite\",\"@id\":\"https:\\\/\\\/worldofflowerpots.com\\\/#website\",\"url\":\"https:\\\/\\\/worldofflowerpots.com\\\/\",\"name\":\"World of Flowerpots\",\"description\":\"producent donic ozdobnych\",\"potentialAction\":[{\"@type\":\"SearchAction\",\"target\":{\"@type\":\"EntryPoint\",\"urlTemplate\":\"https:\\\/\\\/worldofflowerpots.com\\\/?s={search_term_string}\"},\"query-input\":{\"@type\":\"PropertyValueSpecification\",\"valueRequired\":true,\"valueName\":\"search_term_string\"}}],\"inLanguage\":\"pl-PL\"}]}<\/script>\n<!-- \/ Yoast SEO plugin. -->","yoast_head_json":{"title":"Donice betonowe ogrodowe XXL Medio Grande Zewn\u0119trzne i Wewn\u0119trzne","description":"Donica ogrodowa z betonu architektonicznego Medio Grande to \u015bwietne rozwi\u0105zanie, kt\u00f3re z pewno\u015bci\u0105 doceni\u0105 nawet najbardziej wymagaj\u0105cy klienci.","robots":{"index":"index","follow":"follow","max-snippet":"max-snippet:-1","max-image-preview":"max-image-preview:large","max-video-preview":"max-video-preview:-1"},"canonical":"https:\/\/worldofflowerpots.com\/sklep\/donica-ogrodowa-medio-grande\/","og_locale":"pl_PL","og_type":"article","og_title":"Donice betonowe ogrodowe XXL Medio Grande Zewn\u0119trzne i Wewn\u0119trzne","og_description":"Donica ogrodowa z betonu architektonicznego Medio Grande to \u015bwietne rozwi\u0105zanie, kt\u00f3re z pewno\u015bci\u0105 doceni\u0105 nawet najbardziej wymagaj\u0105cy klienci.","og_url":"https:\/\/worldofflowerpots.com\/sklep\/donica-ogrodowa-medio-grande\/","og_site_name":"World of Flowerpots","article_modified_time":"2019-04-16T08:59:56+00:00","og_image":[{"width":1920,"height":1080,"url":"https:\/\/worldofflowerpots.com\/wp-content\/uploads\/2019\/01\/Donica-ogrodowa-Medio-Grande.jpg","type":"image\/jpeg"}],"twitter_card":"summary_large_image","twitter_misc":{"Szacowany czas czytania":"2 minuty"},"schema":{"@context":"https:\/\/schema.org","@graph":[{"@type":"WebPage","@id":"https:\/\/worldofflowerpots.com\/sklep\/donica-ogrodowa-medio-grande\/","url":"https:\/\/worldofflowerpots.com\/sklep\/donica-ogrodowa-medio-grande\/","name":"Donice betonowe ogrodowe XXL Medio Grande Zewn\u0119trzne i Wewn\u0119trzne","isPartOf":{"@id":"https:\/\/worldofflowerpots.com\/#website"},"primaryImageOfPage":{"@id":"https:\/\/worldofflowerpots.com\/sklep\/donica-ogrodowa-medio-grande\/#primaryimage"},"image":{"@id":"https:\/\/worldofflowerpots.com\/sklep\/donica-ogrodowa-medio-grande\/#primaryimage"},"thumbnailUrl":"https:\/\/worldofflowerpots.com\/wp-content\/uploads\/2019\/01\/Donica-ogrodowa-Medio-Grande.jpg","datePublished":"2019-01-18T14:08:06+00:00","dateModified":"2019-04-16T08:59:56+00:00","description":"Donica ogrodowa z betonu architektonicznego Medio Grande to \u015bwietne rozwi\u0105zanie, kt\u00f3re z pewno\u015bci\u0105 doceni\u0105 nawet najbardziej wymagaj\u0105cy klienci.","breadcrumb":{"@id":"https:\/\/worldofflowerpots.com\/sklep\/donica-ogrodowa-medio-grande\/#breadcrumb"},"inLanguage":"pl-PL","potentialAction":[{"@type":"ReadAction","target":["https:\/\/worldofflowerpots.com\/sklep\/donica-ogrodowa-medio-grande\/"]}]},{"@type":"ImageObject","inLanguage":"pl-PL","@id":"https:\/\/worldofflowerpots.com\/sklep\/donica-ogrodowa-medio-grande\/#primaryimage","url":"https:\/\/worldofflowerpots.com\/wp-content\/uploads\/2019\/01\/Donica-ogrodowa-Medio-Grande.jpg","contentUrl":"https:\/\/worldofflowerpots.com\/wp-content\/uploads\/2019\/01\/Donica-ogrodowa-Medio-Grande.jpg","width":1920,"height":1080},{"@type":"BreadcrumbList","@id":"https:\/\/worldofflowerpots.com\/sklep\/donica-ogrodowa-medio-grande\/#breadcrumb","itemListElement":[{"@type":"ListItem","position":1,"name":"Strona g\u0142\u00f3wna","item":"https:\/\/worldofflowerpots.com\/"},{"@type":"ListItem","position":2,"name":"Sklep","item":"https:\/\/worldofflowerpots.com\/sklep\/"},{"@type":"ListItem","position":3,"name":"Donica ogrodowa Medio Grande"}]},{"@type":"WebSite","@id":"https:\/\/worldofflowerpots.com\/#website","url":"https:\/\/worldofflowerpots.com\/","name":"World of Flowerpots","description":"producent donic ozdobnych","potentialAction":[{"@type":"SearchAction","target":{"@type":"EntryPoint","urlTemplate":"https:\/\/worldofflowerpots.com\/?s={search_term_string}"},"query-input":{"@type":"PropertyValueSpecification","valueRequired":true,"valueName":"search_term_string"}}],"inLanguage":"pl-PL"}]}},"_links":{"self":[{"href":"https:\/\/worldofflowerpots.com\/pl\/wp-json\/wp\/v2\/product\/50828","targetHints":{"allow":["GET"]}}],"collection":[{"href":"https:\/\/worldofflowerpots.com\/pl\/wp-json\/wp\/v2\/product"}],"about":[{"href":"https:\/\/worldofflowerpots.com\/pl\/wp-json\/wp\/v2\/types\/product"}],"wp:featuredmedia":[{"embeddable":true,"href":"https:\/\/worldofflowerpots.com\/pl\/wp-json\/wp\/v2\/media\/57972"}],"wp:attachment":[{"href":"https:\/\/worldofflowerpots.com\/pl\/wp-json\/wp\/v2\/media?parent=50828"}],"wp:term":[{"taxonomy":"product_brand","embeddable":true,"href":"https:\/\/worldofflowerpots.com\/pl\/wp-json\/wp\/v2\/product_brand?post=50828"},{"taxonomy":"product_cat","embeddable":true,"href":"https:\/\/worldofflowerpots.com\/pl\/wp-json\/wp\/v2\/product_cat?post=50828"},{"taxonomy":"product_tag","embeddable":true,"href":"https:\/\/worldofflowerpots.com\/pl\/wp-json\/wp\/v2\/product_tag?post=50828"}],"curies":[{"name":"wp","href":"https:\/\/api.w.org\/{rel}","templated":true}]}}