{"id":50835,"date":"2019-01-18T15:08:28","date_gmt":"2019-01-18T14:08:28","guid":{"rendered":"https:\/\/worldofflowerpots.com\/product\/import-placeholder-for-158\/"},"modified":"2019-04-16T10:56:42","modified_gmt":"2019-04-16T08:56:42","slug":"donice-betonowe-ogrodowe-grande","status":"publish","type":"product","link":"https:\/\/worldofflowerpots.com\/pl\/sklep\/donice-betonowe-ogrodowe-grande\/","title":{"rendered":"Donica betonowa ogrodowa Grande"},"content":{"rendered":"<h2><img loading=\"lazy\" decoding=\"async\" class=\"aligncenter wp-image-59007 size-full\" src=\"https:\/\/worldofflowerpots.com\/wp-content\/uploads\/2016\/12\/przygotowanie-donic-do-u\u017cytkowania-2.png\" alt=\"\" width=\"836\" height=\"598\" srcset=\"https:\/\/worldofflowerpots.com\/wp-content\/uploads\/2016\/12\/przygotowanie-donic-do-u\u017cytkowania-2.png 836w, https:\/\/worldofflowerpots.com\/wp-content\/uploads\/2016\/12\/przygotowanie-donic-do-u\u017cytkowania-2-300x215.png 300w, https:\/\/worldofflowerpots.com\/wp-content\/uploads\/2016\/12\/przygotowanie-donic-do-u\u017cytkowania-2-768x549.png 768w, https:\/\/worldofflowerpots.com\/wp-content\/uploads\/2016\/12\/przygotowanie-donic-do-u\u017cytkowania-2-600x429.png 600w\" sizes=\"auto, (max-width: 836px) 100vw, 836px\" \/><\/h2>\n<h2>Donica ogrodowa betonowa Grande &#8211; wypr\u00f3buj j\u0105 w swoim ogrodzie!<\/h2>\n<p>Chyba ka\u017cdy mi\u0142o\u015bnik natury i ro\u015blinnej zieleni marzy o swoim w\u0142asnym cho\u0107 nie du\u017cym ogrodzie. Jaki jest ogr\u00f3d idealny? Taki, w kt\u00f3rym elementy aran\u017cacji, zar\u00f3wno pochodzenia naturalnego jak i \u015bci\u015ble powi\u0105zane z architektur\u0105 tworz\u0105 jedn\u0105 ca\u0142o\u015b\u0107. Idealnym dope\u0142nieniem s\u0105 donice betonowe ogrodowe.<\/p>\n<h2>Grande &#8211; pi\u0119kno ukryte w betonie<\/h2>\n<p>Oczywi\u015bcie jedna donica betonowa nie nada ogrodowi pe\u0142ni harmonii. Nie sprawi ona, \u017ce b\u0119dzie on kipia\u0142 pi\u0119knem i bogactwem naturalnych barw. Niemniej, mo\u017ce ona sprawi\u0107, \u017ce ca\u0142o\u015b\u0107 cho\u0107 troch\u0119 zostanie uporz\u0105dkowana. Nic bowiem tak dobrze nie wsp\u00f3\u0142gra, jak naturalna ziele\u0144 i gustowne donice betonowe ogrodowe.<\/p>\n<p>Donica wykonana z wysokiej jako\u015bci betonu architektonicznego Grande jest w\u0142a\u015bnie czym\u015b takim. Prezentuje si\u0119 ona harmonijnie i elegancko. Jej charakterystyczna, jednobarwna kolorystyka sprawia, \u017ce ca\u0142o\u015b\u0107 tak przygotowanej aran\u017cacji prezentuje si\u0119 wr\u0119cz doskonale. Jej du\u017ca \u015brednica wcale nie przyt\u0142acza. Wr\u0119cz przeciwnie &#8211; donica Grande mo\u017ce by\u0107 przecie\u017c podstaw\u0105 dla \u015bwietnie rozplanowanych kwiat\u00f3w.<\/p>\n<h2>Dlaczego warto j\u0105 mie\u0107?<\/h2>\n<p>Przede wszystkim ze wzgl\u0119du na jej charakterystyczny, wr\u0119cz designerski wygl\u0105d. W czasach, gdy wszystko wok\u00f3\u0142 a\u017c kipi ekstrawagancj\u0105, donica Grande jest czym\u015b naturalnym. Czym\u015b, co stworzy doskona\u0142\u0105 harmoni\u0119 z np. przepi\u0119kn\u0105 fontann\u0105 i kwiatami mieni\u0105cymi si\u0119 mn\u00f3stwem barw.<\/p>\n<p>Owszem, \u017cadne, nawet najpi\u0119kniejsze donice betonowe ogrodowe nie zast\u0105pi\u0105 przepi\u0119knej aran\u017cacji ogrodu. Niemniej, donica Grande ma w sobie to co\u015b, co mo\u017ce kolejnym segmentem w uk\u0142adance do ogrodu idealnego.<\/p>\n<h2>Trwa\u0142o\u015b\u0107 i wytrzyma\u0142o\u015b\u0107<\/h2>\n<p>Nie obawiaj si\u0119, \u017ce donica betonowa ogrodowa Grande przestanie Ci s\u0142u\u017cy\u0107 po okresie zimowym. Wykonana jest ona z bardzo trwa\u0142ego ultra betonu, kt\u00f3ry nie tylko doskonale komponuje si\u0119 z innymi elementami ogrodowej architektury. Charakteryzuje si\u0119 on r\u00f3wnie\u017c bardzo du\u017c\u0105 odporno\u015bci\u0105 na r\u00f3\u017cne warunki atmosferyczne, w tym wilgo\u0107 i mr\u00f3z. Zastosowany beton ma bardzo wysok\u0105\u00a0 odporno\u015b\u0107 na \u015bciskanie dzi\u0119ki czemu jej samoistne uszkodzenie jest niemal\u017ce nie mo\u017cliwe. Ultra beton nie wymaga piel\u0119gnacji. Nale\u017cy jedynie przy obsadzaniu donicy pami\u0119ta\u0107 o zapewnieniu prawid\u0142owego odp\u0142ywu wody, gdy\u017c jej zamarzni\u0119cie mo\u017ce spowodowa\u0107 rozsadzenie materia\u0142u.<\/p>\n","protected":false},"excerpt":{"rendered":"<p>Donica Grande z betonu (ultra betonu). Wyst\u0119puje w trzech podstawowych kolorach : bia\u0142ym, szarym oraz czarnym. Donica produkowana jest w standardzie z otworami odp\u0142ywowymi. Waga donicy to 270 kg, a wymiary : \u015brednica: 150 cm, Wysoko\u015b\u0107: 50 cm.<\/p>\n","protected":false},"featured_media":57946,"template":"","meta":{"_acf_changed":false},"product_brand":[],"product_cat":[144],"product_tag":[445],"class_list":{"0":"post-50835","1":"product","2":"type-product","3":"status-publish","4":"has-post-thumbnail","6":"product_cat-donice-z-betonu","7":"product_tag-donice-betonowe","8":"description-off","9":"tm-has-options","11":"first","12":"instock","13":"shipping-taxable","14":"purchasable","15":"product-type-simple"},"acf":[],"yoast_head":"<!-- This site is optimized with the Yoast SEO plugin v27.5 - https:\/\/yoast.com\/product\/yoast-seo-wordpress\/ -->\n<title>Donica Ogrodowa Betonowa XXL Grande - ultra beton<\/title>\n<meta name=\"description\" content=\"Donica betonowa ogrodowa jest idealnym dope\u0142nieniem ogrodu, w kt\u00f3rym wszystkie elementy aran\u017cacji s\u0105 \u015bci\u015ble ze sob\u0105 powi\u0105zane i tworz\u0105 perfekcyjn\u0105 ca\u0142o\u015b\u0107.\" \/>\n<meta name=\"robots\" content=\"index, follow, max-snippet:-1, max-image-preview:large, max-video-preview:-1\" \/>\n<link rel=\"canonical\" href=\"https:\/\/worldofflowerpots.com\/sklep\/donice-betonowe-ogrodowe-grande\/\" \/>\n<meta property=\"og:locale\" content=\"pl_PL\" \/>\n<meta property=\"og:type\" content=\"article\" \/>\n<meta property=\"og:title\" content=\"Donica Ogrodowa Betonowa XXL Grande - ultra beton\" \/>\n<meta property=\"og:description\" content=\"Donica betonowa ogrodowa jest idealnym dope\u0142nieniem ogrodu, w kt\u00f3rym wszystkie elementy aran\u017cacji s\u0105 \u015bci\u015ble ze sob\u0105 powi\u0105zane i tworz\u0105 perfekcyjn\u0105 ca\u0142o\u015b\u0107.\" \/>\n<meta property=\"og:url\" content=\"https:\/\/worldofflowerpots.com\/sklep\/donice-betonowe-ogrodowe-grande\/\" \/>\n<meta property=\"og:site_name\" content=\"World of Flowerpots\" \/>\n<meta property=\"article:modified_time\" content=\"2019-04-16T08:56:42+00:00\" \/>\n<meta property=\"og:image\" content=\"https:\/\/worldofflowerpots.com\/wp-content\/uploads\/2019\/01\/Donica-ogrodowa-betonowa-Grande.jpg\" \/>\n\t<meta property=\"og:image:width\" content=\"1920\" \/>\n\t<meta property=\"og:image:height\" content=\"1080\" \/>\n\t<meta property=\"og:image:type\" content=\"image\/jpeg\" \/>\n<meta name=\"twitter:card\" content=\"summary_large_image\" \/>\n<meta name=\"twitter:label1\" content=\"Szacowany czas czytania\" \/>\n\t<meta name=\"twitter:data1\" content=\"2 minuty\" \/>\n<script type=\"application\/ld+json\" class=\"yoast-schema-graph\">{\"@context\":\"https:\\\/\\\/schema.org\",\"@graph\":[{\"@type\":\"WebPage\",\"@id\":\"https:\\\/\\\/worldofflowerpots.com\\\/sklep\\\/donice-betonowe-ogrodowe-grande\\\/\",\"url\":\"https:\\\/\\\/worldofflowerpots.com\\\/sklep\\\/donice-betonowe-ogrodowe-grande\\\/\",\"name\":\"Donica Ogrodowa Betonowa XXL Grande - ultra beton\",\"isPartOf\":{\"@id\":\"https:\\\/\\\/worldofflowerpots.com\\\/#website\"},\"primaryImageOfPage\":{\"@id\":\"https:\\\/\\\/worldofflowerpots.com\\\/sklep\\\/donice-betonowe-ogrodowe-grande\\\/#primaryimage\"},\"image\":{\"@id\":\"https:\\\/\\\/worldofflowerpots.com\\\/sklep\\\/donice-betonowe-ogrodowe-grande\\\/#primaryimage\"},\"thumbnailUrl\":\"https:\\\/\\\/worldofflowerpots.com\\\/wp-content\\\/uploads\\\/2019\\\/01\\\/Donica-ogrodowa-betonowa-Grande.jpg\",\"datePublished\":\"2019-01-18T14:08:28+00:00\",\"dateModified\":\"2019-04-16T08:56:42+00:00\",\"description\":\"Donica betonowa ogrodowa jest idealnym dope\u0142nieniem ogrodu, w kt\u00f3rym wszystkie elementy aran\u017cacji s\u0105 \u015bci\u015ble ze sob\u0105 powi\u0105zane i tworz\u0105 perfekcyjn\u0105 ca\u0142o\u015b\u0107.\",\"breadcrumb\":{\"@id\":\"https:\\\/\\\/worldofflowerpots.com\\\/sklep\\\/donice-betonowe-ogrodowe-grande\\\/#breadcrumb\"},\"inLanguage\":\"pl-PL\",\"potentialAction\":[{\"@type\":\"ReadAction\",\"target\":[\"https:\\\/\\\/worldofflowerpots.com\\\/sklep\\\/donice-betonowe-ogrodowe-grande\\\/\"]}]},{\"@type\":\"ImageObject\",\"inLanguage\":\"pl-PL\",\"@id\":\"https:\\\/\\\/worldofflowerpots.com\\\/sklep\\\/donice-betonowe-ogrodowe-grande\\\/#primaryimage\",\"url\":\"https:\\\/\\\/worldofflowerpots.com\\\/wp-content\\\/uploads\\\/2019\\\/01\\\/Donica-ogrodowa-betonowa-Grande.jpg\",\"contentUrl\":\"https:\\\/\\\/worldofflowerpots.com\\\/wp-content\\\/uploads\\\/2019\\\/01\\\/Donica-ogrodowa-betonowa-Grande.jpg\",\"width\":1920,\"height\":1080},{\"@type\":\"BreadcrumbList\",\"@id\":\"https:\\\/\\\/worldofflowerpots.com\\\/sklep\\\/donice-betonowe-ogrodowe-grande\\\/#breadcrumb\",\"itemListElement\":[{\"@type\":\"ListItem\",\"position\":1,\"name\":\"Strona g\u0142\u00f3wna\",\"item\":\"https:\\\/\\\/worldofflowerpots.com\\\/\"},{\"@type\":\"ListItem\",\"position\":2,\"name\":\"Sklep\",\"item\":\"https:\\\/\\\/worldofflowerpots.com\\\/sklep\\\/\"},{\"@type\":\"ListItem\",\"position\":3,\"name\":\"Donica betonowa ogrodowa Grande\"}]},{\"@type\":\"WebSite\",\"@id\":\"https:\\\/\\\/worldofflowerpots.com\\\/#website\",\"url\":\"https:\\\/\\\/worldofflowerpots.com\\\/\",\"name\":\"World of Flowerpots\",\"description\":\"producent donic ozdobnych\",\"potentialAction\":[{\"@type\":\"SearchAction\",\"target\":{\"@type\":\"EntryPoint\",\"urlTemplate\":\"https:\\\/\\\/worldofflowerpots.com\\\/?s={search_term_string}\"},\"query-input\":{\"@type\":\"PropertyValueSpecification\",\"valueRequired\":true,\"valueName\":\"search_term_string\"}}],\"inLanguage\":\"pl-PL\"}]}<\/script>\n<!-- \/ Yoast SEO plugin. -->","yoast_head_json":{"title":"Donica Ogrodowa Betonowa XXL Grande - ultra beton","description":"Donica betonowa ogrodowa jest idealnym dope\u0142nieniem ogrodu, w kt\u00f3rym wszystkie elementy aran\u017cacji s\u0105 \u015bci\u015ble ze sob\u0105 powi\u0105zane i tworz\u0105 perfekcyjn\u0105 ca\u0142o\u015b\u0107.","robots":{"index":"index","follow":"follow","max-snippet":"max-snippet:-1","max-image-preview":"max-image-preview:large","max-video-preview":"max-video-preview:-1"},"canonical":"https:\/\/worldofflowerpots.com\/sklep\/donice-betonowe-ogrodowe-grande\/","og_locale":"pl_PL","og_type":"article","og_title":"Donica Ogrodowa Betonowa XXL Grande - ultra beton","og_description":"Donica betonowa ogrodowa jest idealnym dope\u0142nieniem ogrodu, w kt\u00f3rym wszystkie elementy aran\u017cacji s\u0105 \u015bci\u015ble ze sob\u0105 powi\u0105zane i tworz\u0105 perfekcyjn\u0105 ca\u0142o\u015b\u0107.","og_url":"https:\/\/worldofflowerpots.com\/sklep\/donice-betonowe-ogrodowe-grande\/","og_site_name":"World of Flowerpots","article_modified_time":"2019-04-16T08:56:42+00:00","og_image":[{"width":1920,"height":1080,"url":"https:\/\/worldofflowerpots.com\/wp-content\/uploads\/2019\/01\/Donica-ogrodowa-betonowa-Grande.jpg","type":"image\/jpeg"}],"twitter_card":"summary_large_image","twitter_misc":{"Szacowany czas czytania":"2 minuty"},"schema":{"@context":"https:\/\/schema.org","@graph":[{"@type":"WebPage","@id":"https:\/\/worldofflowerpots.com\/sklep\/donice-betonowe-ogrodowe-grande\/","url":"https:\/\/worldofflowerpots.com\/sklep\/donice-betonowe-ogrodowe-grande\/","name":"Donica Ogrodowa Betonowa XXL Grande - ultra beton","isPartOf":{"@id":"https:\/\/worldofflowerpots.com\/#website"},"primaryImageOfPage":{"@id":"https:\/\/worldofflowerpots.com\/sklep\/donice-betonowe-ogrodowe-grande\/#primaryimage"},"image":{"@id":"https:\/\/worldofflowerpots.com\/sklep\/donice-betonowe-ogrodowe-grande\/#primaryimage"},"thumbnailUrl":"https:\/\/worldofflowerpots.com\/wp-content\/uploads\/2019\/01\/Donica-ogrodowa-betonowa-Grande.jpg","datePublished":"2019-01-18T14:08:28+00:00","dateModified":"2019-04-16T08:56:42+00:00","description":"Donica betonowa ogrodowa jest idealnym dope\u0142nieniem ogrodu, w kt\u00f3rym wszystkie elementy aran\u017cacji s\u0105 \u015bci\u015ble ze sob\u0105 powi\u0105zane i tworz\u0105 perfekcyjn\u0105 ca\u0142o\u015b\u0107.","breadcrumb":{"@id":"https:\/\/worldofflowerpots.com\/sklep\/donice-betonowe-ogrodowe-grande\/#breadcrumb"},"inLanguage":"pl-PL","potentialAction":[{"@type":"ReadAction","target":["https:\/\/worldofflowerpots.com\/sklep\/donice-betonowe-ogrodowe-grande\/"]}]},{"@type":"ImageObject","inLanguage":"pl-PL","@id":"https:\/\/worldofflowerpots.com\/sklep\/donice-betonowe-ogrodowe-grande\/#primaryimage","url":"https:\/\/worldofflowerpots.com\/wp-content\/uploads\/2019\/01\/Donica-ogrodowa-betonowa-Grande.jpg","contentUrl":"https:\/\/worldofflowerpots.com\/wp-content\/uploads\/2019\/01\/Donica-ogrodowa-betonowa-Grande.jpg","width":1920,"height":1080},{"@type":"BreadcrumbList","@id":"https:\/\/worldofflowerpots.com\/sklep\/donice-betonowe-ogrodowe-grande\/#breadcrumb","itemListElement":[{"@type":"ListItem","position":1,"name":"Strona g\u0142\u00f3wna","item":"https:\/\/worldofflowerpots.com\/"},{"@type":"ListItem","position":2,"name":"Sklep","item":"https:\/\/worldofflowerpots.com\/sklep\/"},{"@type":"ListItem","position":3,"name":"Donica betonowa ogrodowa Grande"}]},{"@type":"WebSite","@id":"https:\/\/worldofflowerpots.com\/#website","url":"https:\/\/worldofflowerpots.com\/","name":"World of Flowerpots","description":"producent donic ozdobnych","potentialAction":[{"@type":"SearchAction","target":{"@type":"EntryPoint","urlTemplate":"https:\/\/worldofflowerpots.com\/?s={search_term_string}"},"query-input":{"@type":"PropertyValueSpecification","valueRequired":true,"valueName":"search_term_string"}}],"inLanguage":"pl-PL"}]}},"_links":{"self":[{"href":"https:\/\/worldofflowerpots.com\/pl\/wp-json\/wp\/v2\/product\/50835","targetHints":{"allow":["GET"]}}],"collection":[{"href":"https:\/\/worldofflowerpots.com\/pl\/wp-json\/wp\/v2\/product"}],"about":[{"href":"https:\/\/worldofflowerpots.com\/pl\/wp-json\/wp\/v2\/types\/product"}],"wp:featuredmedia":[{"embeddable":true,"href":"https:\/\/worldofflowerpots.com\/pl\/wp-json\/wp\/v2\/media\/57946"}],"wp:attachment":[{"href":"https:\/\/worldofflowerpots.com\/pl\/wp-json\/wp\/v2\/media?parent=50835"}],"wp:term":[{"taxonomy":"product_brand","embeddable":true,"href":"https:\/\/worldofflowerpots.com\/pl\/wp-json\/wp\/v2\/product_brand?post=50835"},{"taxonomy":"product_cat","embeddable":true,"href":"https:\/\/worldofflowerpots.com\/pl\/wp-json\/wp\/v2\/product_cat?post=50835"},{"taxonomy":"product_tag","embeddable":true,"href":"https:\/\/worldofflowerpots.com\/pl\/wp-json\/wp\/v2\/product_tag?post=50835"}],"curies":[{"name":"wp","href":"https:\/\/api.w.org\/{rel}","templated":true}]}}