{"id":50836,"date":"2019-01-18T15:08:28","date_gmt":"2019-01-18T14:08:28","guid":{"rendered":"https:\/\/worldofflowerpots.com\/product\/import-placeholder-for-159\/"},"modified":"2019-04-16T10:58:06","modified_gmt":"2019-04-16T08:58:06","slug":"donica-betonowa-xxl-ogrodowa-molto-grande-ultra-beton","status":"publish","type":"product","link":"https:\/\/worldofflowerpots.com\/pl\/sklep\/donica-betonowa-xxl-ogrodowa-molto-grande-ultra-beton\/","title":{"rendered":"Donica Betonowa XXL Ogrodowa Molto Grande &#8211; ultra beton"},"content":{"rendered":"<p><img loading=\"lazy\" decoding=\"async\" class=\"aligncenter wp-image-59007 size-full\" src=\"https:\/\/worldofflowerpots.com\/wp-content\/uploads\/2016\/12\/przygotowanie-donic-do-u\u017cytkowania-2.png\" alt=\"\" width=\"836\" height=\"598\" srcset=\"https:\/\/worldofflowerpots.com\/wp-content\/uploads\/2016\/12\/przygotowanie-donic-do-u\u017cytkowania-2.png 836w, https:\/\/worldofflowerpots.com\/wp-content\/uploads\/2016\/12\/przygotowanie-donic-do-u\u017cytkowania-2-300x215.png 300w, https:\/\/worldofflowerpots.com\/wp-content\/uploads\/2016\/12\/przygotowanie-donic-do-u\u017cytkowania-2-768x549.png 768w, https:\/\/worldofflowerpots.com\/wp-content\/uploads\/2016\/12\/przygotowanie-donic-do-u\u017cytkowania-2-600x429.png 600w\" sizes=\"auto, (max-width: 836px) 100vw, 836px\" \/><\/p>\n<p>Taras czy ogr\u00f3d to doskona\u0142e miejsce do relaksu i wypoczynku. Pobyt w tym miejscu jest o wiele przyjemniejszy je\u015bli je odpowiednio zaprojektujemy. Pr\u00f3cz ozdobnych ro\u015blin doskona\u0142ym elementem zdobi\u0105cym s\u0105 donice. Du\u017c\u0105 popularno\u015bci\u0105 na rynku ciesz\u0105 si\u0119 nowoczesne donice do ogrodu Molto Grande.<\/p>\n<h3><strong>\u00a0<\/strong><strong>Donica XXL Molto Grande <\/strong><\/h3>\n<p>W naszej ofercie mamy dost\u0119pne donice do ogrodu\u00a0Motlo Grande, kt\u00f3re wykonujemy w trzech podstawowych kolorach: bia\u0142ym, czarnym oraz szarym. W standardzie donica jest produkowana z otworami odp\u0142ywowymi. Jest to produkt sporych rozmiar\u00f3w, gdy\u017c wa\u017cy a\u017c 417 kilogram\u00f3w. Jego \u015brednica wynosi 200 centymetr\u00f3w, a wysoko\u015b\u0107 50 centymetr\u00f3w.<br \/>\nDonice do ogrodu\u00a0Molto Grande maj\u0105 tak\u017ce niezwykle ciekawy design. S\u0105 one niskie i szerokie, a ich podstawa ma kszta\u0142t ko\u0142a. Oryginalnego wygl\u0105du dodaj\u0105 im przede wszystkim poprzeczne \u017c\u0142obione rowki na ca\u0142ej powierzchni. Du\u017ca pojemno\u015b\u0107 tj. 1050 litr\u00f3w daje nieograniczone wykorzystanie donicy w ogrodzie. Mo\u017cna w niej posadzi\u0107 tradycyjne oraz egzotyczne ro\u015bliny sporych rozmiar\u00f3w. Te nowoczesne donice o ciekawym wzornictwie z pewno\u015bci\u0105 doskonale ozdabiaj\u0105 nie tylko nowoczesne, gustownie zaaran\u017cowane ogrody lecz tak\u017ce przydomowe tarasy.<\/p>\n<h3><strong>\u00a0<\/strong><strong>Ultra beton w ogrodnictwie<\/strong><\/h3>\n<p>Donice ogrodowe\u00a0Molto Grande s\u0105 doskona\u0142\u0105 ozdob\u0105 ka\u017cdego ogrodu. Wykonane s\u0105 z trwa\u0142ego ultra betonu, kt\u00f3rego cechuje to, \u017ce jest l\u017cejszy od standardowego betonu wykorzystywanego w budownictwie. Do najwa\u017cniejszych cech tego materia\u0142u zaliczamy doskona\u0142\u0105 izolacj\u0119 akustyczn\u0105 oraz w\u0142a\u015bciwo\u015bci termoizolacyjne. Dlatego, \u017ce ultra beton dobrze przewodzi ciep\u0142o donica ta doskonale ochrania posadzone w niej ro\u015bliny przed utrat\u0105 ciep\u0142a. Opr\u00f3cz tego materia\u0142, z kt\u00f3rego wykonana jest ta donica wykazuje du\u017co wi\u0119ksz\u0105 wytrzyma\u0142o\u015b\u0107 na \u015bciskanie i rozci\u0105ganie. Ultra beton jest bardzo odporny na czynniki atmosferyczne, w zwi\u0105zku z czym mog\u0105 sta\u0107 na dworze przez ca\u0142y rok. Posadzone ro\u015bliny mog\u0105 zdobi\u0107 ogr\u00f3d przez ca\u0142y rok bez obaw, \u017ce zostan\u0105 zniszczone przez niekorzystn\u0105 aur\u0119 pogodow\u0105. Ultra beton cechuje si\u0119 wysok\u0105 odporno\u015bci\u0105 na deszcz, \u015bnieg, niskie i wysokie temperatury oraz promieniowanie s\u0142oneczne. W zwi\u0105zku z tym, \u017ce ma tyle zalet, ultra beton jest coraz cz\u0119\u015bciej wykorzystywany przy projektowaniu i produkcji element\u00f3w ogrodowych.<\/p>\n","protected":false},"excerpt":{"rendered":"<p>Donica Molto Grande z betonu (ultra betonu). Wyst\u0119puje w trzech podstawowych kolorach : bia\u0142ym, szarym oraz czarnym. Donica produkowana jest w standardzie z otworami odp\u0142ywowymi. Waga donicy to 417 kg, a wymiary : \u015brednica: 200 cm, Wysoko\u015b\u0107: 50 cm.<\/p>\n","protected":false},"featured_media":57957,"template":"","meta":{"_acf_changed":false},"product_brand":[],"product_cat":[144],"product_tag":[445],"class_list":{"0":"post-50836","1":"product","2":"type-product","3":"status-publish","4":"has-post-thumbnail","6":"product_cat-donice-z-betonu","7":"product_tag-donice-betonowe","8":"description-off","9":"tm-has-options","11":"first","12":"instock","13":"shipping-taxable","14":"purchasable","15":"product-type-simple"},"acf":[],"yoast_head":"<!-- This site is optimized with the Yoast SEO plugin v27.5 - https:\/\/yoast.com\/product\/yoast-seo-wordpress\/ -->\n<title>Donice Betonowe XXL Ogrodowe Molto Grande - ultra beton<\/title>\n<meta name=\"description\" content=\"Du\u017c\u0105 popularno\u015bci\u0105 na rynku ciesz\u0105 si\u0119 nowoczesne donice z betonu architektonicznego przeznaczone do ogrodu Molto Grande.\" \/>\n<meta name=\"robots\" content=\"index, follow, max-snippet:-1, max-image-preview:large, max-video-preview:-1\" \/>\n<link rel=\"canonical\" href=\"https:\/\/worldofflowerpots.com\/sklep\/donica-betonowa-xxl-ogrodowa-molto-grande-ultra-beton\/\" \/>\n<meta property=\"og:locale\" content=\"pl_PL\" \/>\n<meta property=\"og:type\" content=\"article\" \/>\n<meta property=\"og:title\" content=\"Donice Betonowe XXL Ogrodowe Molto Grande - ultra beton\" \/>\n<meta property=\"og:description\" content=\"Du\u017c\u0105 popularno\u015bci\u0105 na rynku ciesz\u0105 si\u0119 nowoczesne donice z betonu architektonicznego przeznaczone do ogrodu Molto Grande.\" \/>\n<meta property=\"og:url\" content=\"https:\/\/worldofflowerpots.com\/sklep\/donica-betonowa-xxl-ogrodowa-molto-grande-ultra-beton\/\" \/>\n<meta property=\"og:site_name\" content=\"World of Flowerpots\" \/>\n<meta property=\"article:modified_time\" content=\"2019-04-16T08:58:06+00:00\" \/>\n<meta property=\"og:image\" content=\"https:\/\/worldofflowerpots.com\/wp-content\/uploads\/2019\/01\/donice-do-ogrodu-Molto-Grande.jpg\" \/>\n\t<meta property=\"og:image:width\" content=\"1920\" \/>\n\t<meta property=\"og:image:height\" content=\"1080\" \/>\n\t<meta property=\"og:image:type\" content=\"image\/jpeg\" \/>\n<meta name=\"twitter:card\" content=\"summary_large_image\" \/>\n<meta name=\"twitter:label1\" content=\"Szacowany czas czytania\" \/>\n\t<meta name=\"twitter:data1\" content=\"2 minuty\" \/>\n<script type=\"application\/ld+json\" class=\"yoast-schema-graph\">{\"@context\":\"https:\\\/\\\/schema.org\",\"@graph\":[{\"@type\":\"WebPage\",\"@id\":\"https:\\\/\\\/worldofflowerpots.com\\\/sklep\\\/donica-betonowa-xxl-ogrodowa-molto-grande-ultra-beton\\\/\",\"url\":\"https:\\\/\\\/worldofflowerpots.com\\\/sklep\\\/donica-betonowa-xxl-ogrodowa-molto-grande-ultra-beton\\\/\",\"name\":\"Donice Betonowe XXL Ogrodowe Molto Grande - ultra beton\",\"isPartOf\":{\"@id\":\"https:\\\/\\\/worldofflowerpots.com\\\/#website\"},\"primaryImageOfPage\":{\"@id\":\"https:\\\/\\\/worldofflowerpots.com\\\/sklep\\\/donica-betonowa-xxl-ogrodowa-molto-grande-ultra-beton\\\/#primaryimage\"},\"image\":{\"@id\":\"https:\\\/\\\/worldofflowerpots.com\\\/sklep\\\/donica-betonowa-xxl-ogrodowa-molto-grande-ultra-beton\\\/#primaryimage\"},\"thumbnailUrl\":\"https:\\\/\\\/worldofflowerpots.com\\\/wp-content\\\/uploads\\\/2019\\\/01\\\/donice-do-ogrodu-Molto-Grande.jpg\",\"datePublished\":\"2019-01-18T14:08:28+00:00\",\"dateModified\":\"2019-04-16T08:58:06+00:00\",\"description\":\"Du\u017c\u0105 popularno\u015bci\u0105 na rynku ciesz\u0105 si\u0119 nowoczesne donice z betonu architektonicznego przeznaczone do ogrodu Molto Grande.\",\"breadcrumb\":{\"@id\":\"https:\\\/\\\/worldofflowerpots.com\\\/sklep\\\/donica-betonowa-xxl-ogrodowa-molto-grande-ultra-beton\\\/#breadcrumb\"},\"inLanguage\":\"pl-PL\",\"potentialAction\":[{\"@type\":\"ReadAction\",\"target\":[\"https:\\\/\\\/worldofflowerpots.com\\\/sklep\\\/donica-betonowa-xxl-ogrodowa-molto-grande-ultra-beton\\\/\"]}]},{\"@type\":\"ImageObject\",\"inLanguage\":\"pl-PL\",\"@id\":\"https:\\\/\\\/worldofflowerpots.com\\\/sklep\\\/donica-betonowa-xxl-ogrodowa-molto-grande-ultra-beton\\\/#primaryimage\",\"url\":\"https:\\\/\\\/worldofflowerpots.com\\\/wp-content\\\/uploads\\\/2019\\\/01\\\/donice-do-ogrodu-Molto-Grande.jpg\",\"contentUrl\":\"https:\\\/\\\/worldofflowerpots.com\\\/wp-content\\\/uploads\\\/2019\\\/01\\\/donice-do-ogrodu-Molto-Grande.jpg\",\"width\":1920,\"height\":1080},{\"@type\":\"BreadcrumbList\",\"@id\":\"https:\\\/\\\/worldofflowerpots.com\\\/sklep\\\/donica-betonowa-xxl-ogrodowa-molto-grande-ultra-beton\\\/#breadcrumb\",\"itemListElement\":[{\"@type\":\"ListItem\",\"position\":1,\"name\":\"Strona g\u0142\u00f3wna\",\"item\":\"https:\\\/\\\/worldofflowerpots.com\\\/\"},{\"@type\":\"ListItem\",\"position\":2,\"name\":\"Sklep\",\"item\":\"https:\\\/\\\/worldofflowerpots.com\\\/sklep\\\/\"},{\"@type\":\"ListItem\",\"position\":3,\"name\":\"Donica Betonowa XXL Ogrodowa Molto Grande &#8211; ultra beton\"}]},{\"@type\":\"WebSite\",\"@id\":\"https:\\\/\\\/worldofflowerpots.com\\\/#website\",\"url\":\"https:\\\/\\\/worldofflowerpots.com\\\/\",\"name\":\"World of Flowerpots\",\"description\":\"producent donic ozdobnych\",\"potentialAction\":[{\"@type\":\"SearchAction\",\"target\":{\"@type\":\"EntryPoint\",\"urlTemplate\":\"https:\\\/\\\/worldofflowerpots.com\\\/?s={search_term_string}\"},\"query-input\":{\"@type\":\"PropertyValueSpecification\",\"valueRequired\":true,\"valueName\":\"search_term_string\"}}],\"inLanguage\":\"pl-PL\"}]}<\/script>\n<!-- \/ Yoast SEO plugin. -->","yoast_head_json":{"title":"Donice Betonowe XXL Ogrodowe Molto Grande - ultra beton","description":"Du\u017c\u0105 popularno\u015bci\u0105 na rynku ciesz\u0105 si\u0119 nowoczesne donice z betonu architektonicznego przeznaczone do ogrodu Molto Grande.","robots":{"index":"index","follow":"follow","max-snippet":"max-snippet:-1","max-image-preview":"max-image-preview:large","max-video-preview":"max-video-preview:-1"},"canonical":"https:\/\/worldofflowerpots.com\/sklep\/donica-betonowa-xxl-ogrodowa-molto-grande-ultra-beton\/","og_locale":"pl_PL","og_type":"article","og_title":"Donice Betonowe XXL Ogrodowe Molto Grande - ultra beton","og_description":"Du\u017c\u0105 popularno\u015bci\u0105 na rynku ciesz\u0105 si\u0119 nowoczesne donice z betonu architektonicznego przeznaczone do ogrodu Molto Grande.","og_url":"https:\/\/worldofflowerpots.com\/sklep\/donica-betonowa-xxl-ogrodowa-molto-grande-ultra-beton\/","og_site_name":"World of Flowerpots","article_modified_time":"2019-04-16T08:58:06+00:00","og_image":[{"width":1920,"height":1080,"url":"https:\/\/worldofflowerpots.com\/wp-content\/uploads\/2019\/01\/donice-do-ogrodu-Molto-Grande.jpg","type":"image\/jpeg"}],"twitter_card":"summary_large_image","twitter_misc":{"Szacowany czas czytania":"2 minuty"},"schema":{"@context":"https:\/\/schema.org","@graph":[{"@type":"WebPage","@id":"https:\/\/worldofflowerpots.com\/sklep\/donica-betonowa-xxl-ogrodowa-molto-grande-ultra-beton\/","url":"https:\/\/worldofflowerpots.com\/sklep\/donica-betonowa-xxl-ogrodowa-molto-grande-ultra-beton\/","name":"Donice Betonowe XXL Ogrodowe Molto Grande - ultra beton","isPartOf":{"@id":"https:\/\/worldofflowerpots.com\/#website"},"primaryImageOfPage":{"@id":"https:\/\/worldofflowerpots.com\/sklep\/donica-betonowa-xxl-ogrodowa-molto-grande-ultra-beton\/#primaryimage"},"image":{"@id":"https:\/\/worldofflowerpots.com\/sklep\/donica-betonowa-xxl-ogrodowa-molto-grande-ultra-beton\/#primaryimage"},"thumbnailUrl":"https:\/\/worldofflowerpots.com\/wp-content\/uploads\/2019\/01\/donice-do-ogrodu-Molto-Grande.jpg","datePublished":"2019-01-18T14:08:28+00:00","dateModified":"2019-04-16T08:58:06+00:00","description":"Du\u017c\u0105 popularno\u015bci\u0105 na rynku ciesz\u0105 si\u0119 nowoczesne donice z betonu architektonicznego przeznaczone do ogrodu Molto Grande.","breadcrumb":{"@id":"https:\/\/worldofflowerpots.com\/sklep\/donica-betonowa-xxl-ogrodowa-molto-grande-ultra-beton\/#breadcrumb"},"inLanguage":"pl-PL","potentialAction":[{"@type":"ReadAction","target":["https:\/\/worldofflowerpots.com\/sklep\/donica-betonowa-xxl-ogrodowa-molto-grande-ultra-beton\/"]}]},{"@type":"ImageObject","inLanguage":"pl-PL","@id":"https:\/\/worldofflowerpots.com\/sklep\/donica-betonowa-xxl-ogrodowa-molto-grande-ultra-beton\/#primaryimage","url":"https:\/\/worldofflowerpots.com\/wp-content\/uploads\/2019\/01\/donice-do-ogrodu-Molto-Grande.jpg","contentUrl":"https:\/\/worldofflowerpots.com\/wp-content\/uploads\/2019\/01\/donice-do-ogrodu-Molto-Grande.jpg","width":1920,"height":1080},{"@type":"BreadcrumbList","@id":"https:\/\/worldofflowerpots.com\/sklep\/donica-betonowa-xxl-ogrodowa-molto-grande-ultra-beton\/#breadcrumb","itemListElement":[{"@type":"ListItem","position":1,"name":"Strona g\u0142\u00f3wna","item":"https:\/\/worldofflowerpots.com\/"},{"@type":"ListItem","position":2,"name":"Sklep","item":"https:\/\/worldofflowerpots.com\/sklep\/"},{"@type":"ListItem","position":3,"name":"Donica Betonowa XXL Ogrodowa Molto Grande &#8211; ultra beton"}]},{"@type":"WebSite","@id":"https:\/\/worldofflowerpots.com\/#website","url":"https:\/\/worldofflowerpots.com\/","name":"World of Flowerpots","description":"producent donic ozdobnych","potentialAction":[{"@type":"SearchAction","target":{"@type":"EntryPoint","urlTemplate":"https:\/\/worldofflowerpots.com\/?s={search_term_string}"},"query-input":{"@type":"PropertyValueSpecification","valueRequired":true,"valueName":"search_term_string"}}],"inLanguage":"pl-PL"}]}},"_links":{"self":[{"href":"https:\/\/worldofflowerpots.com\/pl\/wp-json\/wp\/v2\/product\/50836","targetHints":{"allow":["GET"]}}],"collection":[{"href":"https:\/\/worldofflowerpots.com\/pl\/wp-json\/wp\/v2\/product"}],"about":[{"href":"https:\/\/worldofflowerpots.com\/pl\/wp-json\/wp\/v2\/types\/product"}],"wp:featuredmedia":[{"embeddable":true,"href":"https:\/\/worldofflowerpots.com\/pl\/wp-json\/wp\/v2\/media\/57957"}],"wp:attachment":[{"href":"https:\/\/worldofflowerpots.com\/pl\/wp-json\/wp\/v2\/media?parent=50836"}],"wp:term":[{"taxonomy":"product_brand","embeddable":true,"href":"https:\/\/worldofflowerpots.com\/pl\/wp-json\/wp\/v2\/product_brand?post=50836"},{"taxonomy":"product_cat","embeddable":true,"href":"https:\/\/worldofflowerpots.com\/pl\/wp-json\/wp\/v2\/product_cat?post=50836"},{"taxonomy":"product_tag","embeddable":true,"href":"https:\/\/worldofflowerpots.com\/pl\/wp-json\/wp\/v2\/product_tag?post=50836"}],"curies":[{"name":"wp","href":"https:\/\/api.w.org\/{rel}","templated":true}]}}