{"id":50846,"date":"2019-01-18T15:08:59","date_gmt":"2019-01-18T14:08:59","guid":{"rendered":"https:\/\/worldofflowerpots.com\/product\/import-placeholder-for-215\/"},"modified":"2019-04-05T13:11:01","modified_gmt":"2019-04-05T11:11:01","slug":"kwadratowe-donice-z-wlokna-szklanego-marco-1","status":"publish","type":"product","link":"https:\/\/worldofflowerpots.com\/pl\/sklep\/kwadratowe-donice-z-wlokna-szklanego-marco-1\/","title":{"rendered":"Kwadratowe donice z w\u0142\u00f3kna szklanego Marco 1"},"content":{"rendered":"<p>Poszukujesz idealnego pi\u0119kna? Wyko\u0144czenia Twojego wymarzonego wn\u0119trza? Utrzymania spokoju, harmonii? Nic doda\u0107, nic uj\u0105\u0107! Idealnym rozwi\u0105zaniem dla Twojego domu, biura, miejsca pracy b\u0119dzie kwadratowa donica z w\u0142\u00f3kna szklanego.<\/p>\n<h2>We wszystkich kolorach nie tylko t\u0119czy<\/h2>\n<p>Donica Marco 1 wykonana jest z w\u0142\u00f3kna szklanego oraz \u017cywicy. Produkt mo\u017ce by\u0107 wykorzystywany jako donica lub os\u0142onka. Rynek oferuje du\u017cy wyb\u00f3r donic z r\u00f3\u017cnego materia\u0142u, r\u00f3\u017cnej jako\u015bci, oraz wzorach i kolorach. Nasza donica zyskuje coraz szersze grono os\u00f3b zainteresowanych. Dzieje si\u0119 tak dlatego, \u017ce jest ona bardzo wytrzyma\u0142a, lekka i doskonale przedstawia si\u0119 w nowoczesnych, modernistycznych wn\u0119trzach. W\u0142\u00f3kno szklane jest lekkim materia\u0142em, a to pozwala na \u0142atwe przesuwanie nawet du\u017cych modeli donic. Donice zaopatrzone s\u0105 w otwory odp\u0142ywowe w dnie, a \u015bcianki boczne wy\u0142o\u017cone s\u0105 styropianem, co jest bardzo wa\u017cne dla ro\u015blin. Oferujemy szeroki wachlarz kolor\u00f3w, zaczynaj\u0105c od klasycznych, eleganckich grafit\u00f3w i szaro\u015bci, przez stonowane, uspokajaj\u0105ce zielenie, a\u017c po soczyste \u017c\u00f3\u0142cie i mocne, energetyzuj\u0105ce czerwienie. Wykorzystujemy najwy\u017cszej jako\u015bci pigmenty, kt\u00f3re zapewniaj\u0105 doskona\u0142e nasycenie barw oraz ciesz\u0105 oko przez d\u0142ugi czas.<\/p>\n<h2>Mega wytrzyma\u0142o\u015b\u0107<\/h2>\n<p>Kwadratowe donice z w\u0142\u00f3kna szklanego to z pewno\u015bci\u0105 doskona\u0142a inwestycja. Obecnie materia\u0142 ten uznawany jest za jeden z najlepszych materia\u0142\u00f3w na rynku. Bardzo wa\u017cn\u0105 cech\u0105 w\u0142\u00f3kna szklanego jest jego odporno\u015b\u0107 na dzia\u0142anie czynnik\u00f3w atmosferycznych. Materia\u0142 jest odporny na dzia\u0142anie niskiej i wysokiej temperatury, jest stabilny, nie kurczy si\u0119, nie p\u0119ka i nie topnieje. Dzi\u0119ki temu zachowuje sw\u00f3j idealny wygl\u0105d podczas d\u0142ugiego u\u017cytkowania.<\/p>\n<p>Warto pami\u0119ta\u0107, \u017ce materia\u0142 ten odporny jest tak\u017ce na dzia\u0142anie czynnik\u00f3w chemicznych. Ma to ogromne zalety, jak brak rdzy i korozji, a tak\u017ce produkt nie butwieje. Przede wszystkim dzia\u0142ania mechaniczne nie s\u0105 mu straszne. W\u0142\u00f3kno szklane nie ulega odkszta\u0142ceniu nawet pod wp\u0142ywem du\u017cego obci\u0105\u017cenia, lub oddzia\u0142ywania na niego du\u017cej niszcz\u0105cej si\u0142y.<\/p>\n<p>Kwadratowe donice z w\u0142\u00f3kna szklanego to rozwi\u0105zanie klasyczne, estetyczne, oraz eleganckie. Z pewno\u015bci\u0105 nie b\u0119dziesz si\u0119 wstydzi\u0142 swojego wn\u0119trza, uka\u017cesz jego reprezentatywno\u015b\u0107 oraz symetri\u0119 i harmoni\u0119 panuj\u0105c\u0105 w Twoim otoczeniu.<\/p>\n","protected":false},"excerpt":{"rendered":"<p>Donica plastikowa z w\u0142\u00f3kna szklanego Marco 1 z w\u0142\u00f3kna szklanego oraz \u017cywicy do stosowania wewn\u0105trz jako donica lub jako os\u0142onka. Donice dost\u0119pne we wszystkich kolorach palety RAL w wersji matowej i w po\u0142ysku. Donice s\u0105 wyposa\u017cone w otwory odp\u0142ywowe w dnie (na wyra\u017ane \u017cyczenie klienta mo\u017ce zosta\u0107 wykonana bez otworu odp\u0142ywowego), boczne \u015bcianki wy\u0142o\u017cone s\u0105 styropianem. Wymiary donicy: d\u0142ugo\u015b\u0107: 50 cm, szeroko\u015b\u0107: 50 cm, wysoko\u015b\u0107: 50 cm.<\/p>\n","protected":false},"featured_media":57765,"template":"","meta":{"_acf_changed":false},"product_brand":[],"product_cat":[205],"product_tag":[448,444,447,451],"class_list":{"0":"post-50846","1":"product","2":"type-product","3":"status-publish","4":"has-post-thumbnail","6":"product_cat-donice-z-wlokna-szklanego-plastiku","7":"product_tag-donice-balkonowe","8":"product_tag-donice-ogrodowe","9":"product_tag-donice-tarasowe","10":"product_tag-donice-wewnetrzne","11":"description-off","12":"tm-has-options","14":"first","15":"instock","16":"shipping-taxable","17":"purchasable","18":"product-type-simple"},"acf":[],"yoast_head":"<!-- This site is optimized with the Yoast SEO plugin v27.5 - https:\/\/yoast.com\/product\/yoast-seo-wordpress\/ -->\n<title>Kwadratowe donice z w\u0142\u00f3kna szklanego Marco 1 - Do wn\u0119trz lub Ogrodu<\/title>\n<meta name=\"description\" content=\"Kwadratowe donice z w\u0142\u00f3kna szklanego to z pewno\u015bci\u0105 doskona\u0142a inwestycja. Obecnie materia\u0142 ten uznawany jest za jeden z najlepszych materia\u0142\u00f3w na rynku.\" \/>\n<meta name=\"robots\" content=\"index, follow, max-snippet:-1, max-image-preview:large, max-video-preview:-1\" \/>\n<link rel=\"canonical\" href=\"https:\/\/worldofflowerpots.com\/sklep\/kwadratowe-donice-z-wlokna-szklanego-marco-1\/\" \/>\n<meta property=\"og:locale\" content=\"pl_PL\" \/>\n<meta property=\"og:type\" content=\"article\" \/>\n<meta property=\"og:title\" content=\"Kwadratowe donice z w\u0142\u00f3kna szklanego Marco 1 - Do wn\u0119trz lub Ogrodu\" \/>\n<meta property=\"og:description\" content=\"Kwadratowe donice z w\u0142\u00f3kna szklanego to z pewno\u015bci\u0105 doskona\u0142a inwestycja. Obecnie materia\u0142 ten uznawany jest za jeden z najlepszych materia\u0142\u00f3w na rynku.\" \/>\n<meta property=\"og:url\" content=\"https:\/\/worldofflowerpots.com\/sklep\/kwadratowe-donice-z-wlokna-szklanego-marco-1\/\" \/>\n<meta property=\"og:site_name\" content=\"World of Flowerpots\" \/>\n<meta property=\"article:modified_time\" content=\"2019-04-05T11:11:01+00:00\" \/>\n<meta property=\"og:image\" content=\"https:\/\/worldofflowerpots.com\/wp-content\/uploads\/2019\/01\/kwadratowe-donice-z-w\u0142\u00f3kna-szklanego-Marco-1.jpg\" \/>\n\t<meta property=\"og:image:width\" content=\"1920\" \/>\n\t<meta property=\"og:image:height\" content=\"1080\" \/>\n\t<meta property=\"og:image:type\" content=\"image\/jpeg\" \/>\n<meta name=\"twitter:card\" content=\"summary_large_image\" \/>\n<meta name=\"twitter:label1\" content=\"Szacowany czas czytania\" \/>\n\t<meta name=\"twitter:data1\" content=\"2 minuty\" \/>\n<script type=\"application\/ld+json\" class=\"yoast-schema-graph\">{\"@context\":\"https:\\\/\\\/schema.org\",\"@graph\":[{\"@type\":\"WebPage\",\"@id\":\"https:\\\/\\\/worldofflowerpots.com\\\/sklep\\\/kwadratowe-donice-z-wlokna-szklanego-marco-1\\\/\",\"url\":\"https:\\\/\\\/worldofflowerpots.com\\\/sklep\\\/kwadratowe-donice-z-wlokna-szklanego-marco-1\\\/\",\"name\":\"Kwadratowe donice z w\u0142\u00f3kna szklanego Marco 1 - Do wn\u0119trz lub Ogrodu\",\"isPartOf\":{\"@id\":\"https:\\\/\\\/worldofflowerpots.com\\\/#website\"},\"primaryImageOfPage\":{\"@id\":\"https:\\\/\\\/worldofflowerpots.com\\\/sklep\\\/kwadratowe-donice-z-wlokna-szklanego-marco-1\\\/#primaryimage\"},\"image\":{\"@id\":\"https:\\\/\\\/worldofflowerpots.com\\\/sklep\\\/kwadratowe-donice-z-wlokna-szklanego-marco-1\\\/#primaryimage\"},\"thumbnailUrl\":\"https:\\\/\\\/worldofflowerpots.com\\\/wp-content\\\/uploads\\\/2019\\\/01\\\/kwadratowe-donice-z-w\u0142\u00f3kna-szklanego-Marco-1.jpg\",\"datePublished\":\"2019-01-18T14:08:59+00:00\",\"dateModified\":\"2019-04-05T11:11:01+00:00\",\"description\":\"Kwadratowe donice z w\u0142\u00f3kna szklanego to z pewno\u015bci\u0105 doskona\u0142a inwestycja. Obecnie materia\u0142 ten uznawany jest za jeden z najlepszych materia\u0142\u00f3w na rynku.\",\"breadcrumb\":{\"@id\":\"https:\\\/\\\/worldofflowerpots.com\\\/sklep\\\/kwadratowe-donice-z-wlokna-szklanego-marco-1\\\/#breadcrumb\"},\"inLanguage\":\"pl-PL\",\"potentialAction\":[{\"@type\":\"ReadAction\",\"target\":[\"https:\\\/\\\/worldofflowerpots.com\\\/sklep\\\/kwadratowe-donice-z-wlokna-szklanego-marco-1\\\/\"]}]},{\"@type\":\"ImageObject\",\"inLanguage\":\"pl-PL\",\"@id\":\"https:\\\/\\\/worldofflowerpots.com\\\/sklep\\\/kwadratowe-donice-z-wlokna-szklanego-marco-1\\\/#primaryimage\",\"url\":\"https:\\\/\\\/worldofflowerpots.com\\\/wp-content\\\/uploads\\\/2019\\\/01\\\/kwadratowe-donice-z-w\u0142\u00f3kna-szklanego-Marco-1.jpg\",\"contentUrl\":\"https:\\\/\\\/worldofflowerpots.com\\\/wp-content\\\/uploads\\\/2019\\\/01\\\/kwadratowe-donice-z-w\u0142\u00f3kna-szklanego-Marco-1.jpg\",\"width\":1920,\"height\":1080},{\"@type\":\"BreadcrumbList\",\"@id\":\"https:\\\/\\\/worldofflowerpots.com\\\/sklep\\\/kwadratowe-donice-z-wlokna-szklanego-marco-1\\\/#breadcrumb\",\"itemListElement\":[{\"@type\":\"ListItem\",\"position\":1,\"name\":\"Strona g\u0142\u00f3wna\",\"item\":\"https:\\\/\\\/worldofflowerpots.com\\\/\"},{\"@type\":\"ListItem\",\"position\":2,\"name\":\"Sklep\",\"item\":\"https:\\\/\\\/worldofflowerpots.com\\\/sklep\\\/\"},{\"@type\":\"ListItem\",\"position\":3,\"name\":\"Kwadratowe donice z w\u0142\u00f3kna szklanego Marco 1\"}]},{\"@type\":\"WebSite\",\"@id\":\"https:\\\/\\\/worldofflowerpots.com\\\/#website\",\"url\":\"https:\\\/\\\/worldofflowerpots.com\\\/\",\"name\":\"World of Flowerpots\",\"description\":\"producent donic ozdobnych\",\"potentialAction\":[{\"@type\":\"SearchAction\",\"target\":{\"@type\":\"EntryPoint\",\"urlTemplate\":\"https:\\\/\\\/worldofflowerpots.com\\\/?s={search_term_string}\"},\"query-input\":{\"@type\":\"PropertyValueSpecification\",\"valueRequired\":true,\"valueName\":\"search_term_string\"}}],\"inLanguage\":\"pl-PL\"}]}<\/script>\n<!-- \/ Yoast SEO plugin. -->","yoast_head_json":{"title":"Kwadratowe donice z w\u0142\u00f3kna szklanego Marco 1 - Do wn\u0119trz lub Ogrodu","description":"Kwadratowe donice z w\u0142\u00f3kna szklanego to z pewno\u015bci\u0105 doskona\u0142a inwestycja. Obecnie materia\u0142 ten uznawany jest za jeden z najlepszych materia\u0142\u00f3w na rynku.","robots":{"index":"index","follow":"follow","max-snippet":"max-snippet:-1","max-image-preview":"max-image-preview:large","max-video-preview":"max-video-preview:-1"},"canonical":"https:\/\/worldofflowerpots.com\/sklep\/kwadratowe-donice-z-wlokna-szklanego-marco-1\/","og_locale":"pl_PL","og_type":"article","og_title":"Kwadratowe donice z w\u0142\u00f3kna szklanego Marco 1 - Do wn\u0119trz lub Ogrodu","og_description":"Kwadratowe donice z w\u0142\u00f3kna szklanego to z pewno\u015bci\u0105 doskona\u0142a inwestycja. Obecnie materia\u0142 ten uznawany jest za jeden z najlepszych materia\u0142\u00f3w na rynku.","og_url":"https:\/\/worldofflowerpots.com\/sklep\/kwadratowe-donice-z-wlokna-szklanego-marco-1\/","og_site_name":"World of Flowerpots","article_modified_time":"2019-04-05T11:11:01+00:00","og_image":[{"width":1920,"height":1080,"url":"https:\/\/worldofflowerpots.com\/wp-content\/uploads\/2019\/01\/kwadratowe-donice-z-w\u0142\u00f3kna-szklanego-Marco-1.jpg","type":"image\/jpeg"}],"twitter_card":"summary_large_image","twitter_misc":{"Szacowany czas czytania":"2 minuty"},"schema":{"@context":"https:\/\/schema.org","@graph":[{"@type":"WebPage","@id":"https:\/\/worldofflowerpots.com\/sklep\/kwadratowe-donice-z-wlokna-szklanego-marco-1\/","url":"https:\/\/worldofflowerpots.com\/sklep\/kwadratowe-donice-z-wlokna-szklanego-marco-1\/","name":"Kwadratowe donice z w\u0142\u00f3kna szklanego Marco 1 - Do wn\u0119trz lub Ogrodu","isPartOf":{"@id":"https:\/\/worldofflowerpots.com\/#website"},"primaryImageOfPage":{"@id":"https:\/\/worldofflowerpots.com\/sklep\/kwadratowe-donice-z-wlokna-szklanego-marco-1\/#primaryimage"},"image":{"@id":"https:\/\/worldofflowerpots.com\/sklep\/kwadratowe-donice-z-wlokna-szklanego-marco-1\/#primaryimage"},"thumbnailUrl":"https:\/\/worldofflowerpots.com\/wp-content\/uploads\/2019\/01\/kwadratowe-donice-z-w\u0142\u00f3kna-szklanego-Marco-1.jpg","datePublished":"2019-01-18T14:08:59+00:00","dateModified":"2019-04-05T11:11:01+00:00","description":"Kwadratowe donice z w\u0142\u00f3kna szklanego to z pewno\u015bci\u0105 doskona\u0142a inwestycja. Obecnie materia\u0142 ten uznawany jest za jeden z najlepszych materia\u0142\u00f3w na rynku.","breadcrumb":{"@id":"https:\/\/worldofflowerpots.com\/sklep\/kwadratowe-donice-z-wlokna-szklanego-marco-1\/#breadcrumb"},"inLanguage":"pl-PL","potentialAction":[{"@type":"ReadAction","target":["https:\/\/worldofflowerpots.com\/sklep\/kwadratowe-donice-z-wlokna-szklanego-marco-1\/"]}]},{"@type":"ImageObject","inLanguage":"pl-PL","@id":"https:\/\/worldofflowerpots.com\/sklep\/kwadratowe-donice-z-wlokna-szklanego-marco-1\/#primaryimage","url":"https:\/\/worldofflowerpots.com\/wp-content\/uploads\/2019\/01\/kwadratowe-donice-z-w\u0142\u00f3kna-szklanego-Marco-1.jpg","contentUrl":"https:\/\/worldofflowerpots.com\/wp-content\/uploads\/2019\/01\/kwadratowe-donice-z-w\u0142\u00f3kna-szklanego-Marco-1.jpg","width":1920,"height":1080},{"@type":"BreadcrumbList","@id":"https:\/\/worldofflowerpots.com\/sklep\/kwadratowe-donice-z-wlokna-szklanego-marco-1\/#breadcrumb","itemListElement":[{"@type":"ListItem","position":1,"name":"Strona g\u0142\u00f3wna","item":"https:\/\/worldofflowerpots.com\/"},{"@type":"ListItem","position":2,"name":"Sklep","item":"https:\/\/worldofflowerpots.com\/sklep\/"},{"@type":"ListItem","position":3,"name":"Kwadratowe donice z w\u0142\u00f3kna szklanego Marco 1"}]},{"@type":"WebSite","@id":"https:\/\/worldofflowerpots.com\/#website","url":"https:\/\/worldofflowerpots.com\/","name":"World of Flowerpots","description":"producent donic ozdobnych","potentialAction":[{"@type":"SearchAction","target":{"@type":"EntryPoint","urlTemplate":"https:\/\/worldofflowerpots.com\/?s={search_term_string}"},"query-input":{"@type":"PropertyValueSpecification","valueRequired":true,"valueName":"search_term_string"}}],"inLanguage":"pl-PL"}]}},"_links":{"self":[{"href":"https:\/\/worldofflowerpots.com\/pl\/wp-json\/wp\/v2\/product\/50846","targetHints":{"allow":["GET"]}}],"collection":[{"href":"https:\/\/worldofflowerpots.com\/pl\/wp-json\/wp\/v2\/product"}],"about":[{"href":"https:\/\/worldofflowerpots.com\/pl\/wp-json\/wp\/v2\/types\/product"}],"wp:featuredmedia":[{"embeddable":true,"href":"https:\/\/worldofflowerpots.com\/pl\/wp-json\/wp\/v2\/media\/57765"}],"wp:attachment":[{"href":"https:\/\/worldofflowerpots.com\/pl\/wp-json\/wp\/v2\/media?parent=50846"}],"wp:term":[{"taxonomy":"product_brand","embeddable":true,"href":"https:\/\/worldofflowerpots.com\/pl\/wp-json\/wp\/v2\/product_brand?post=50846"},{"taxonomy":"product_cat","embeddable":true,"href":"https:\/\/worldofflowerpots.com\/pl\/wp-json\/wp\/v2\/product_cat?post=50846"},{"taxonomy":"product_tag","embeddable":true,"href":"https:\/\/worldofflowerpots.com\/pl\/wp-json\/wp\/v2\/product_tag?post=50846"}],"curies":[{"name":"wp","href":"https:\/\/api.w.org\/{rel}","templated":true}]}}