{"id":50847,"date":"2019-01-18T15:08:59","date_gmt":"2019-01-18T14:08:59","guid":{"rendered":"https:\/\/worldofflowerpots.com\/product\/import-placeholder-for-217\/"},"modified":"2019-04-05T13:18:49","modified_gmt":"2019-04-05T11:18:49","slug":"doniczki-z-wlokna-szklanego-marco-2","status":"publish","type":"product","link":"https:\/\/worldofflowerpots.com\/pl\/sklep\/doniczki-z-wlokna-szklanego-marco-2\/","title":{"rendered":"Doniczki z w\u0142\u00f3kna szklanego Marco 2"},"content":{"rendered":"<h2>Elegancka i Nowoczesna<\/h2>\n<p>Na rynku dost\u0119pne jest wiele donic, wykonanych z najr\u00f3\u017cniejszych materia\u0142\u00f3w, kt\u00f3re s\u0105 dostosowane zar\u00f3wno do u\u017cytku zewn\u0119trznego jak i wewn\u0119trznego. Bardzo ciekaw\u0105 propozycj\u0105 s\u0105 doniczki z w\u0142\u00f3kna szklanego, czyli ze zwi\u0105zku powsta\u0142ego na bazie szk\u0142a. Materia\u0142 ten niew\u0105tpliwie posiada szereg cech, kt\u00f3re wyr\u00f3\u017cniaj\u0105 go spo\u015br\u00f3d innych tworzyw. G\u0142\u00f3wna zaleta w\u0142\u00f3kna szklanego to unikalny i nowoczesny wygl\u0105d. Doniczki z niego wykonane \u015bwietnie pasuj\u0105 do ka\u017cdego wn\u0119trza, nadaj\u0105 mu niepowtarzalnego uroku i ciesz\u0105 ka\u017cde oko. Minimalizm, kt\u00f3ry je charakteryzuje pozwala na dopasowanie ich do ka\u017cdej przestrzeni i uatrakcyjnienie jej. Mo\u017cna powiedzie\u0107, \u017ce s\u0105 troch\u0119 podobne do doniczek plastikowych, jednak s\u0105 bardziej eleganckie.<\/p>\n<p>Dodatkowo w por\u00f3wnaniu z plastikowymi donicami te wykonane z w\u0142\u00f3kna szklanego s\u0105 bardziej odporne na warunki atmosferyczne. Dlatego mo\u017cna je r\u00f3wnie\u017c trzyma\u0107 na zewn\u0105trz niezale\u017cnie od pogody. Nie uszkodzi ich deszcz, \u015bnieg, wysoka temperatura, czy mr\u00f3z. Warto r\u00f3wnie\u017c podkre\u015bli\u0107, \u017ce donice wykonane z w\u0142\u00f3kna szklanego s\u0105 bardzo lekkie. Nie ma problemu z przestawianiem ich i zmian\u0105 aran\u017cacji.<\/p>\n<h2>Jeden produkt wiele zalet<\/h2>\n<p>Jednym z ciekawszych modeli jest doniczka z w\u0142\u00f3kna szklanego plastikowa Marco 2. Ma ona kszta\u0142t graniastos\u0142upa o wymiarach 60 cm d\u0142ugo\u015bci, 60 cm szeroko\u015bci i 40 cm wysoko\u015bci. Boczne \u015bciany s\u0105 ocieplone warstw\u0105 styropianu, a w dnie znajduj\u0105 si\u0119 otwory odp\u0142ywowe, jednak na \u017cyczenie klienta mo\u017cna uzyska\u0107 donic\u0119 bez otwor\u00f3w. Doniczki z w\u0142\u00f3kna szklanego nadaj\u0105 si\u0119 tak\u017ce do stosowania jako os\u0142onki. S\u0105 one wyj\u0105tkowo nowoczesne i eleganckie. Dodatkowo istnieje mo\u017cliwo\u015b\u0107 zam\u00f3wienia produktu w dowolnym kolorze z palety RAL w wyko\u0144czeniu matowym lub po\u0142yskuj\u0105cym.<\/p>\n<p>Kolejn\u0105 zalet\u0105 jest wyj\u0105tkowa stabilno\u015b\u0107 doniczek z w\u0142\u00f3kna szklanego. Bez obawy mo\u017cna je przechowywa\u0107 na zewn\u0105trz, poniewa\u017c nie s\u0105 straszne im \u017cadne warunki atmosferyczne, ani czynniki mechaniczne. Wysokiej jako\u015bci, dobrze nasycone farby gwarantuj\u0105, \u017ce doniczki pozostan\u0105 pi\u0119kne i bez skazy przed d\u0142ugie lata. Nie ma obawy, \u017ce zniszcz\u0105 one powierzchnie, na kt\u00f3rych stoj\u0105. Ro\u015bliny w nich zasadzone b\u0119d\u0105 bezpieczne i pi\u0119kne. Doniczki wykonane z w\u0142\u00f3kna szklanego \u015bwietnie sprawdzaj\u0105 si\u0119 do wystroju powierzchni biurowych oraz taras\u00f3w i ogrod\u00f3w.<\/p>\n","protected":false},"excerpt":{"rendered":"<p>Donica plastikowa z w\u0142\u00f3kna szklanego Marco 2 z w\u0142\u00f3kna szklanego oraz \u017cywicy do stosowania wewn\u0105trz jako donica lub jako os\u0142onka. Donice dost\u0119pne we wszystkich kolorach palety RAL w wersji matowej i w po\u0142ysku. Donice s\u0105 wyposa\u017cone w otwory odp\u0142ywowe w dnie (na wyra\u017ane \u017cyczenie klienta mo\u017ce zosta\u0107 wykonana bez otworu odp\u0142ywowego), boczne \u015bcianki wy\u0142o\u017cone s\u0105 styropianem. Wymiary donicy: d\u0142ugo\u015b\u0107: 60 cm, szeroko\u015b\u0107: 60 cm, wysoko\u015b\u0107: 40 cm.<\/p>\n","protected":false},"featured_media":57785,"template":"","meta":{"_acf_changed":false},"product_brand":[],"product_cat":[205],"product_tag":[444,447,451],"class_list":{"0":"post-50847","1":"product","2":"type-product","3":"status-publish","4":"has-post-thumbnail","6":"product_cat-donice-z-wlokna-szklanego-plastiku","7":"product_tag-donice-ogrodowe","8":"product_tag-donice-tarasowe","9":"product_tag-donice-wewnetrzne","10":"description-off","11":"tm-has-options","13":"first","14":"instock","15":"shipping-taxable","16":"purchasable","17":"product-type-simple"},"acf":[],"yoast_head":"<!-- This site is optimized with the Yoast SEO plugin v27.5 - https:\/\/yoast.com\/product\/yoast-seo-wordpress\/ -->\n<title>Doniczki z W\u00f3kna Szklanego Marco 2 - Zewn\u0119trzna lub Biurowa<\/title>\n<meta name=\"description\" content=\"Doniczki z w\u0142\u00f3kna szklanego nadaj\u0105 si\u0119 tak\u017ce do stosowania jako os\u0142onki. S\u0105 one wyj\u0105tkowo nowoczesne i eleganckie. S\u0105 dost\u0119pne w ka\u017cdym kolorze z palety RAL\" \/>\n<meta name=\"robots\" content=\"index, follow, max-snippet:-1, max-image-preview:large, max-video-preview:-1\" \/>\n<link rel=\"canonical\" href=\"https:\/\/worldofflowerpots.com\/sklep\/doniczki-z-wlokna-szklanego-marco-2\/\" \/>\n<meta property=\"og:locale\" content=\"pl_PL\" \/>\n<meta property=\"og:type\" content=\"article\" \/>\n<meta property=\"og:title\" content=\"Doniczki z W\u00f3kna Szklanego Marco 2 - Zewn\u0119trzna lub Biurowa\" \/>\n<meta property=\"og:description\" content=\"Doniczki z w\u0142\u00f3kna szklanego nadaj\u0105 si\u0119 tak\u017ce do stosowania jako os\u0142onki. S\u0105 one wyj\u0105tkowo nowoczesne i eleganckie. S\u0105 dost\u0119pne w ka\u017cdym kolorze z palety RAL\" \/>\n<meta property=\"og:url\" content=\"https:\/\/worldofflowerpots.com\/sklep\/doniczki-z-wlokna-szklanego-marco-2\/\" \/>\n<meta property=\"og:site_name\" content=\"World of Flowerpots\" \/>\n<meta property=\"article:modified_time\" content=\"2019-04-05T11:18:49+00:00\" \/>\n<meta property=\"og:image\" content=\"https:\/\/worldofflowerpots.com\/wp-content\/uploads\/2019\/01\/donice-plastikowe-Marco-3.jpg\" \/>\n\t<meta property=\"og:image:width\" content=\"1920\" \/>\n\t<meta property=\"og:image:height\" content=\"1080\" \/>\n\t<meta property=\"og:image:type\" content=\"image\/jpeg\" \/>\n<meta name=\"twitter:card\" content=\"summary_large_image\" \/>\n<meta name=\"twitter:label1\" content=\"Szacowany czas czytania\" \/>\n\t<meta name=\"twitter:data1\" content=\"2 minuty\" \/>\n<script type=\"application\/ld+json\" class=\"yoast-schema-graph\">{\"@context\":\"https:\\\/\\\/schema.org\",\"@graph\":[{\"@type\":\"WebPage\",\"@id\":\"https:\\\/\\\/worldofflowerpots.com\\\/sklep\\\/doniczki-z-wlokna-szklanego-marco-2\\\/\",\"url\":\"https:\\\/\\\/worldofflowerpots.com\\\/sklep\\\/doniczki-z-wlokna-szklanego-marco-2\\\/\",\"name\":\"Doniczki z W\u00f3kna Szklanego Marco 2 - Zewn\u0119trzna lub Biurowa\",\"isPartOf\":{\"@id\":\"https:\\\/\\\/worldofflowerpots.com\\\/#website\"},\"primaryImageOfPage\":{\"@id\":\"https:\\\/\\\/worldofflowerpots.com\\\/sklep\\\/doniczki-z-wlokna-szklanego-marco-2\\\/#primaryimage\"},\"image\":{\"@id\":\"https:\\\/\\\/worldofflowerpots.com\\\/sklep\\\/doniczki-z-wlokna-szklanego-marco-2\\\/#primaryimage\"},\"thumbnailUrl\":\"https:\\\/\\\/worldofflowerpots.com\\\/wp-content\\\/uploads\\\/2019\\\/01\\\/donice-plastikowe-Marco-3.jpg\",\"datePublished\":\"2019-01-18T14:08:59+00:00\",\"dateModified\":\"2019-04-05T11:18:49+00:00\",\"description\":\"Doniczki z w\u0142\u00f3kna szklanego nadaj\u0105 si\u0119 tak\u017ce do stosowania jako os\u0142onki. S\u0105 one wyj\u0105tkowo nowoczesne i eleganckie. S\u0105 dost\u0119pne w ka\u017cdym kolorze z palety RAL\",\"breadcrumb\":{\"@id\":\"https:\\\/\\\/worldofflowerpots.com\\\/sklep\\\/doniczki-z-wlokna-szklanego-marco-2\\\/#breadcrumb\"},\"inLanguage\":\"pl-PL\",\"potentialAction\":[{\"@type\":\"ReadAction\",\"target\":[\"https:\\\/\\\/worldofflowerpots.com\\\/sklep\\\/doniczki-z-wlokna-szklanego-marco-2\\\/\"]}]},{\"@type\":\"ImageObject\",\"inLanguage\":\"pl-PL\",\"@id\":\"https:\\\/\\\/worldofflowerpots.com\\\/sklep\\\/doniczki-z-wlokna-szklanego-marco-2\\\/#primaryimage\",\"url\":\"https:\\\/\\\/worldofflowerpots.com\\\/wp-content\\\/uploads\\\/2019\\\/01\\\/donice-plastikowe-Marco-3.jpg\",\"contentUrl\":\"https:\\\/\\\/worldofflowerpots.com\\\/wp-content\\\/uploads\\\/2019\\\/01\\\/donice-plastikowe-Marco-3.jpg\",\"width\":1920,\"height\":1080},{\"@type\":\"BreadcrumbList\",\"@id\":\"https:\\\/\\\/worldofflowerpots.com\\\/sklep\\\/doniczki-z-wlokna-szklanego-marco-2\\\/#breadcrumb\",\"itemListElement\":[{\"@type\":\"ListItem\",\"position\":1,\"name\":\"Strona g\u0142\u00f3wna\",\"item\":\"https:\\\/\\\/worldofflowerpots.com\\\/\"},{\"@type\":\"ListItem\",\"position\":2,\"name\":\"Sklep\",\"item\":\"https:\\\/\\\/worldofflowerpots.com\\\/sklep\\\/\"},{\"@type\":\"ListItem\",\"position\":3,\"name\":\"Doniczki z w\u0142\u00f3kna szklanego Marco 2\"}]},{\"@type\":\"WebSite\",\"@id\":\"https:\\\/\\\/worldofflowerpots.com\\\/#website\",\"url\":\"https:\\\/\\\/worldofflowerpots.com\\\/\",\"name\":\"World of Flowerpots\",\"description\":\"producent donic ozdobnych\",\"potentialAction\":[{\"@type\":\"SearchAction\",\"target\":{\"@type\":\"EntryPoint\",\"urlTemplate\":\"https:\\\/\\\/worldofflowerpots.com\\\/?s={search_term_string}\"},\"query-input\":{\"@type\":\"PropertyValueSpecification\",\"valueRequired\":true,\"valueName\":\"search_term_string\"}}],\"inLanguage\":\"pl-PL\"}]}<\/script>\n<!-- \/ Yoast SEO plugin. -->","yoast_head_json":{"title":"Doniczki z W\u00f3kna Szklanego Marco 2 - Zewn\u0119trzna lub Biurowa","description":"Doniczki z w\u0142\u00f3kna szklanego nadaj\u0105 si\u0119 tak\u017ce do stosowania jako os\u0142onki. S\u0105 one wyj\u0105tkowo nowoczesne i eleganckie. S\u0105 dost\u0119pne w ka\u017cdym kolorze z palety RAL","robots":{"index":"index","follow":"follow","max-snippet":"max-snippet:-1","max-image-preview":"max-image-preview:large","max-video-preview":"max-video-preview:-1"},"canonical":"https:\/\/worldofflowerpots.com\/sklep\/doniczki-z-wlokna-szklanego-marco-2\/","og_locale":"pl_PL","og_type":"article","og_title":"Doniczki z W\u00f3kna Szklanego Marco 2 - Zewn\u0119trzna lub Biurowa","og_description":"Doniczki z w\u0142\u00f3kna szklanego nadaj\u0105 si\u0119 tak\u017ce do stosowania jako os\u0142onki. S\u0105 one wyj\u0105tkowo nowoczesne i eleganckie. S\u0105 dost\u0119pne w ka\u017cdym kolorze z palety RAL","og_url":"https:\/\/worldofflowerpots.com\/sklep\/doniczki-z-wlokna-szklanego-marco-2\/","og_site_name":"World of Flowerpots","article_modified_time":"2019-04-05T11:18:49+00:00","og_image":[{"width":1920,"height":1080,"url":"https:\/\/worldofflowerpots.com\/wp-content\/uploads\/2019\/01\/donice-plastikowe-Marco-3.jpg","type":"image\/jpeg"}],"twitter_card":"summary_large_image","twitter_misc":{"Szacowany czas czytania":"2 minuty"},"schema":{"@context":"https:\/\/schema.org","@graph":[{"@type":"WebPage","@id":"https:\/\/worldofflowerpots.com\/sklep\/doniczki-z-wlokna-szklanego-marco-2\/","url":"https:\/\/worldofflowerpots.com\/sklep\/doniczki-z-wlokna-szklanego-marco-2\/","name":"Doniczki z W\u00f3kna Szklanego Marco 2 - Zewn\u0119trzna lub Biurowa","isPartOf":{"@id":"https:\/\/worldofflowerpots.com\/#website"},"primaryImageOfPage":{"@id":"https:\/\/worldofflowerpots.com\/sklep\/doniczki-z-wlokna-szklanego-marco-2\/#primaryimage"},"image":{"@id":"https:\/\/worldofflowerpots.com\/sklep\/doniczki-z-wlokna-szklanego-marco-2\/#primaryimage"},"thumbnailUrl":"https:\/\/worldofflowerpots.com\/wp-content\/uploads\/2019\/01\/donice-plastikowe-Marco-3.jpg","datePublished":"2019-01-18T14:08:59+00:00","dateModified":"2019-04-05T11:18:49+00:00","description":"Doniczki z w\u0142\u00f3kna szklanego nadaj\u0105 si\u0119 tak\u017ce do stosowania jako os\u0142onki. S\u0105 one wyj\u0105tkowo nowoczesne i eleganckie. S\u0105 dost\u0119pne w ka\u017cdym kolorze z palety RAL","breadcrumb":{"@id":"https:\/\/worldofflowerpots.com\/sklep\/doniczki-z-wlokna-szklanego-marco-2\/#breadcrumb"},"inLanguage":"pl-PL","potentialAction":[{"@type":"ReadAction","target":["https:\/\/worldofflowerpots.com\/sklep\/doniczki-z-wlokna-szklanego-marco-2\/"]}]},{"@type":"ImageObject","inLanguage":"pl-PL","@id":"https:\/\/worldofflowerpots.com\/sklep\/doniczki-z-wlokna-szklanego-marco-2\/#primaryimage","url":"https:\/\/worldofflowerpots.com\/wp-content\/uploads\/2019\/01\/donice-plastikowe-Marco-3.jpg","contentUrl":"https:\/\/worldofflowerpots.com\/wp-content\/uploads\/2019\/01\/donice-plastikowe-Marco-3.jpg","width":1920,"height":1080},{"@type":"BreadcrumbList","@id":"https:\/\/worldofflowerpots.com\/sklep\/doniczki-z-wlokna-szklanego-marco-2\/#breadcrumb","itemListElement":[{"@type":"ListItem","position":1,"name":"Strona g\u0142\u00f3wna","item":"https:\/\/worldofflowerpots.com\/"},{"@type":"ListItem","position":2,"name":"Sklep","item":"https:\/\/worldofflowerpots.com\/sklep\/"},{"@type":"ListItem","position":3,"name":"Doniczki z w\u0142\u00f3kna szklanego Marco 2"}]},{"@type":"WebSite","@id":"https:\/\/worldofflowerpots.com\/#website","url":"https:\/\/worldofflowerpots.com\/","name":"World of Flowerpots","description":"producent donic ozdobnych","potentialAction":[{"@type":"SearchAction","target":{"@type":"EntryPoint","urlTemplate":"https:\/\/worldofflowerpots.com\/?s={search_term_string}"},"query-input":{"@type":"PropertyValueSpecification","valueRequired":true,"valueName":"search_term_string"}}],"inLanguage":"pl-PL"}]}},"_links":{"self":[{"href":"https:\/\/worldofflowerpots.com\/pl\/wp-json\/wp\/v2\/product\/50847","targetHints":{"allow":["GET"]}}],"collection":[{"href":"https:\/\/worldofflowerpots.com\/pl\/wp-json\/wp\/v2\/product"}],"about":[{"href":"https:\/\/worldofflowerpots.com\/pl\/wp-json\/wp\/v2\/types\/product"}],"wp:featuredmedia":[{"embeddable":true,"href":"https:\/\/worldofflowerpots.com\/pl\/wp-json\/wp\/v2\/media\/57785"}],"wp:attachment":[{"href":"https:\/\/worldofflowerpots.com\/pl\/wp-json\/wp\/v2\/media?parent=50847"}],"wp:term":[{"taxonomy":"product_brand","embeddable":true,"href":"https:\/\/worldofflowerpots.com\/pl\/wp-json\/wp\/v2\/product_brand?post=50847"},{"taxonomy":"product_cat","embeddable":true,"href":"https:\/\/worldofflowerpots.com\/pl\/wp-json\/wp\/v2\/product_cat?post=50847"},{"taxonomy":"product_tag","embeddable":true,"href":"https:\/\/worldofflowerpots.com\/pl\/wp-json\/wp\/v2\/product_tag?post=50847"}],"curies":[{"name":"wp","href":"https:\/\/api.w.org\/{rel}","templated":true}]}}