{"id":50848,"date":"2019-01-18T15:08:59","date_gmt":"2019-01-18T14:08:59","guid":{"rendered":"https:\/\/worldofflowerpots.com\/product\/import-placeholder-for-218\/"},"modified":"2019-03-20T14:58:08","modified_gmt":"2019-03-20T13:58:08","slug":"donice-plastikowe-marco-3","status":"publish","type":"product","link":"https:\/\/worldofflowerpots.com\/pl\/sklep\/donice-plastikowe-marco-3\/","title":{"rendered":"Donice plastikowe Marco 3"},"content":{"rendered":"<h2><strong>Nowoczesne donice Marco 3<\/strong><\/h2>\n<p>Donica Marco 3 to produkt o klasycznym prostym kszta\u0142cie kwadratu, kt\u00f3ry idealnie wpasuje si\u0119 w nowoczesny design ka\u017cdego wn\u0119trza. Dost\u0119pno\u015b\u0107 w wersji matowej b\u0105d\u017a w po\u0142ysku gwarantuje stworzenie niepowtarzalnej aran\u017cacji podkre\u015blaj\u0105cej styl i charakter miejsca. Plastikowa donica wykonana jest z w\u0142\u00f3kna szklanego oraz \u017cywicy. Dzi\u0119ki temu po\u0142\u0105czeniu \u015bwietnie nadaje si\u0119 do stosowania zar\u00f3wno wewn\u0105trz pomieszcze\u0144 jak i na zewn\u0119trznych tarasach. Donica wyposa\u017cona jest w otwory odp\u0142ywowe, co znacznie u\u0142atwia piel\u0119gnacj\u0119 i wzrost ro\u015blin.<\/p>\n<h2><strong>Dlaczego w\u0142\u00f3kno szklane?<\/strong><\/h2>\n<p>Plastikowe donice wykonane z w\u0142\u00f3kna szklanego charakteryzuje przede wszystkim du\u017ca wytrzyma\u0142o\u015b\u0107. Materia\u0142 ten od dawna stosowany jest w budownictwie, transporcie samochodowym, stomatologii i sporcie. Produkty, wykonane z w\u0142\u00f3kna szklanego maj\u0105 wiele zalet. W\u015br\u00f3d nich wyr\u00f3\u017cni\u0107 mo\u017cemy mi\u0119dzy innymi odporno\u015b\u0107 na starzenie si\u0119 materia\u0142u oraz odporno\u015b\u0107 na warunki atmosferyczne i substancje chemiczne.\u00a0 Donice plastikowe wykonane z w\u0142\u00f3kna szklanego s\u0105 r\u00f3wnie\u017c\u00a0 ognioodporne oraz nieczu\u0142e na wilgo\u0107 i uszkodzenia. \u015awietnie wi\u0119c nadaj\u0105 si\u0119 do stosowania w miejscach u\u017cyteczno\u015bci publicznej.<\/p>\n<h2><strong>Stylowe donice w aran\u017cacji przestrzeni<\/strong><\/h2>\n<p>Wsp\u00f3\u0142czesne trendy projektowania wn\u0119trz cechuje minimalizm i prostota. Modne s\u0105 du\u017ce, przestrzenne pomieszczenia oraz d\u0142ugie i funkcjonalne hole. Nowoczesny styl \u015bwietnie podkre\u015blaj\u0105 te\u017c skromne dekoracje o klasycznym kszta\u0142cie i kolorze. Plastikowe donice eksponuj\u0105ce ro\u015bliny \u015bwietnie wpisuj\u0105 si\u0119 w ten nowoczesny design. Dodatkowo ro\u015bliny ocieplaj\u0105 wn\u0119trza i podkre\u015blaj\u0105 ich unikatowy charakter. Jednak plastikowe donice w kszta\u0142cie kwadratu stan\u0105 si\u0119 tez wyj\u0105tkow\u0105 ozdob\u0105 ka\u017cdej zielonej przestrzeni. Ustawione samodzielnie lub w grupach tworz\u0105cych okre\u015blone kompozycje przyci\u0105gaj\u0105 uwag\u0119 i tworz\u0105 przyjazn\u0105 przestrze\u0144. W du\u017cych donicach bardzo dobrze zaprezentuj\u0105 si\u0119 kar\u0142owate ro\u015bliny iglaste i li\u015bciaste. Dzi\u0119ki otworom odp\u0142ywowym na dnie donicy ich piel\u0119gnacja nie b\u0119dzie wymaga\u0142a tak du\u017cej pracy i uwagi.<\/p>\n<p>Nowoczesny i modny wygl\u0105d plastikowych donic powoduje, \u017ce jest to optymalny wyb\u00f3r dla os\u00f3b chc\u0105cych podkre\u015bli\u0107 wyj\u0105tkowy charakter otaczaj\u0105cej ich przestrzeni. Mocny i trwa\u0142y materia\u0142 daje natomiast gwarancj\u0119, \u017ce plastikowymi donicami cieszy\u0107 si\u0119 b\u0119dziemy przez d\u0142ugi czas.<\/p>\n","protected":false},"excerpt":{"rendered":"<p>Donica plastikowa z w\u0142\u00f3kna szklanego Marco 3 z w\u0142\u00f3kna szklanego oraz \u017cywicy do stosowania wewn\u0105trz jako donica lub jako os\u0142onka. Donice dost\u0119pne we wszystkich kolorach palety RAL w wersji matowej i w po\u0142ysku. Donice s\u0105 wyposa\u017cone w otwory odp\u0142ywowe w dnie (na wyra\u017ane \u017cyczenie klienta mo\u017ce zosta\u0107 wykonana bez otworu odp\u0142ywowego), boczne \u015bcianki wy\u0142o\u017cone s\u0105 styropianem. Wymiary donicy: d\u0142ugo\u015b\u0107: 60 cm, szeroko\u015b\u0107: 60 cm, wysoko\u015b\u0107: 60 cm.<\/p>\n","protected":false},"featured_media":50942,"template":"","meta":{"_acf_changed":false},"product_brand":[],"product_cat":[205],"product_tag":[448,444,447,451],"class_list":{"0":"post-50848","1":"product","2":"type-product","3":"status-publish","4":"has-post-thumbnail","6":"product_cat-donice-z-wlokna-szklanego-plastiku","7":"product_tag-donice-balkonowe","8":"product_tag-donice-ogrodowe","9":"product_tag-donice-tarasowe","10":"product_tag-donice-wewnetrzne","11":"description-off","12":"tm-has-options","14":"first","15":"instock","16":"shipping-taxable","17":"purchasable","18":"product-type-simple"},"acf":[],"yoast_head":"<!-- This site is optimized with the Yoast SEO plugin v27.5 - https:\/\/yoast.com\/product\/yoast-seo-wordpress\/ -->\n<title>Donice plastikowe z w\u0142\u00f3kna szklanego Marco 3 - Na Taras do Patio lub Sal<\/title>\n<meta name=\"description\" content=\"Donice plastikowe wykonane s\u0105 z w\u0142\u00f3kna szklanego oraz \u017cywicy. \u015awietnie nadaj\u0105 si\u0119 wi\u0119c do stosowania zar\u00f3wno wewn\u0105trz pomieszcze\u0144 jak i na zewn\u0105trz.\" \/>\n<meta name=\"robots\" content=\"index, follow, max-snippet:-1, max-image-preview:large, max-video-preview:-1\" \/>\n<link rel=\"canonical\" href=\"https:\/\/worldofflowerpots.com\/sklep\/donice-plastikowe-marco-3\/\" \/>\n<meta property=\"og:locale\" content=\"pl_PL\" \/>\n<meta property=\"og:type\" content=\"article\" \/>\n<meta property=\"og:title\" content=\"Donice plastikowe z w\u0142\u00f3kna szklanego Marco 3 - Na Taras do Patio lub Sal\" \/>\n<meta property=\"og:description\" content=\"Donice plastikowe wykonane s\u0105 z w\u0142\u00f3kna szklanego oraz \u017cywicy. \u015awietnie nadaj\u0105 si\u0119 wi\u0119c do stosowania zar\u00f3wno wewn\u0105trz pomieszcze\u0144 jak i na zewn\u0105trz.\" \/>\n<meta property=\"og:url\" content=\"https:\/\/worldofflowerpots.com\/sklep\/donice-plastikowe-marco-3\/\" \/>\n<meta property=\"og:site_name\" content=\"World of Flowerpots\" \/>\n<meta property=\"article:modified_time\" content=\"2019-03-20T13:58:08+00:00\" \/>\n<meta property=\"og:image\" content=\"https:\/\/worldofflowerpots.com\/wp-content\/uploads\/2019\/01\/Donica-plastikowa-Marco-3-z-wlokna-szklanego-na-taras.jpg\" \/>\n\t<meta property=\"og:image:width\" content=\"1920\" \/>\n\t<meta property=\"og:image:height\" content=\"1080\" \/>\n\t<meta property=\"og:image:type\" content=\"image\/jpeg\" \/>\n<meta name=\"twitter:card\" content=\"summary_large_image\" \/>\n<meta name=\"twitter:label1\" content=\"Szacowany czas czytania\" \/>\n\t<meta name=\"twitter:data1\" content=\"2 minuty\" \/>\n<script type=\"application\/ld+json\" class=\"yoast-schema-graph\">{\"@context\":\"https:\\\/\\\/schema.org\",\"@graph\":[{\"@type\":\"WebPage\",\"@id\":\"https:\\\/\\\/worldofflowerpots.com\\\/sklep\\\/donice-plastikowe-marco-3\\\/\",\"url\":\"https:\\\/\\\/worldofflowerpots.com\\\/sklep\\\/donice-plastikowe-marco-3\\\/\",\"name\":\"Donice plastikowe z w\u0142\u00f3kna szklanego Marco 3 - Na Taras do Patio lub Sal\",\"isPartOf\":{\"@id\":\"https:\\\/\\\/worldofflowerpots.com\\\/#website\"},\"primaryImageOfPage\":{\"@id\":\"https:\\\/\\\/worldofflowerpots.com\\\/sklep\\\/donice-plastikowe-marco-3\\\/#primaryimage\"},\"image\":{\"@id\":\"https:\\\/\\\/worldofflowerpots.com\\\/sklep\\\/donice-plastikowe-marco-3\\\/#primaryimage\"},\"thumbnailUrl\":\"https:\\\/\\\/worldofflowerpots.com\\\/wp-content\\\/uploads\\\/2019\\\/01\\\/Donica-plastikowa-Marco-3-z-wlokna-szklanego-na-taras.jpg\",\"datePublished\":\"2019-01-18T14:08:59+00:00\",\"dateModified\":\"2019-03-20T13:58:08+00:00\",\"description\":\"Donice plastikowe wykonane s\u0105 z w\u0142\u00f3kna szklanego oraz \u017cywicy. \u015awietnie nadaj\u0105 si\u0119 wi\u0119c do stosowania zar\u00f3wno wewn\u0105trz pomieszcze\u0144 jak i na zewn\u0105trz.\",\"breadcrumb\":{\"@id\":\"https:\\\/\\\/worldofflowerpots.com\\\/sklep\\\/donice-plastikowe-marco-3\\\/#breadcrumb\"},\"inLanguage\":\"pl-PL\",\"potentialAction\":[{\"@type\":\"ReadAction\",\"target\":[\"https:\\\/\\\/worldofflowerpots.com\\\/sklep\\\/donice-plastikowe-marco-3\\\/\"]}]},{\"@type\":\"ImageObject\",\"inLanguage\":\"pl-PL\",\"@id\":\"https:\\\/\\\/worldofflowerpots.com\\\/sklep\\\/donice-plastikowe-marco-3\\\/#primaryimage\",\"url\":\"https:\\\/\\\/worldofflowerpots.com\\\/wp-content\\\/uploads\\\/2019\\\/01\\\/Donica-plastikowa-Marco-3-z-wlokna-szklanego-na-taras.jpg\",\"contentUrl\":\"https:\\\/\\\/worldofflowerpots.com\\\/wp-content\\\/uploads\\\/2019\\\/01\\\/Donica-plastikowa-Marco-3-z-wlokna-szklanego-na-taras.jpg\",\"width\":1920,\"height\":1080},{\"@type\":\"BreadcrumbList\",\"@id\":\"https:\\\/\\\/worldofflowerpots.com\\\/sklep\\\/donice-plastikowe-marco-3\\\/#breadcrumb\",\"itemListElement\":[{\"@type\":\"ListItem\",\"position\":1,\"name\":\"Strona g\u0142\u00f3wna\",\"item\":\"https:\\\/\\\/worldofflowerpots.com\\\/\"},{\"@type\":\"ListItem\",\"position\":2,\"name\":\"Sklep\",\"item\":\"https:\\\/\\\/worldofflowerpots.com\\\/sklep\\\/\"},{\"@type\":\"ListItem\",\"position\":3,\"name\":\"Donice plastikowe Marco 3\"}]},{\"@type\":\"WebSite\",\"@id\":\"https:\\\/\\\/worldofflowerpots.com\\\/#website\",\"url\":\"https:\\\/\\\/worldofflowerpots.com\\\/\",\"name\":\"World of Flowerpots\",\"description\":\"producent donic ozdobnych\",\"potentialAction\":[{\"@type\":\"SearchAction\",\"target\":{\"@type\":\"EntryPoint\",\"urlTemplate\":\"https:\\\/\\\/worldofflowerpots.com\\\/?s={search_term_string}\"},\"query-input\":{\"@type\":\"PropertyValueSpecification\",\"valueRequired\":true,\"valueName\":\"search_term_string\"}}],\"inLanguage\":\"pl-PL\"}]}<\/script>\n<!-- \/ Yoast SEO plugin. -->","yoast_head_json":{"title":"Donice plastikowe z w\u0142\u00f3kna szklanego Marco 3 - Na Taras do Patio lub Sal","description":"Donice plastikowe wykonane s\u0105 z w\u0142\u00f3kna szklanego oraz \u017cywicy. \u015awietnie nadaj\u0105 si\u0119 wi\u0119c do stosowania zar\u00f3wno wewn\u0105trz pomieszcze\u0144 jak i na zewn\u0105trz.","robots":{"index":"index","follow":"follow","max-snippet":"max-snippet:-1","max-image-preview":"max-image-preview:large","max-video-preview":"max-video-preview:-1"},"canonical":"https:\/\/worldofflowerpots.com\/sklep\/donice-plastikowe-marco-3\/","og_locale":"pl_PL","og_type":"article","og_title":"Donice plastikowe z w\u0142\u00f3kna szklanego Marco 3 - Na Taras do Patio lub Sal","og_description":"Donice plastikowe wykonane s\u0105 z w\u0142\u00f3kna szklanego oraz \u017cywicy. \u015awietnie nadaj\u0105 si\u0119 wi\u0119c do stosowania zar\u00f3wno wewn\u0105trz pomieszcze\u0144 jak i na zewn\u0105trz.","og_url":"https:\/\/worldofflowerpots.com\/sklep\/donice-plastikowe-marco-3\/","og_site_name":"World of Flowerpots","article_modified_time":"2019-03-20T13:58:08+00:00","og_image":[{"width":1920,"height":1080,"url":"https:\/\/worldofflowerpots.com\/wp-content\/uploads\/2019\/01\/Donica-plastikowa-Marco-3-z-wlokna-szklanego-na-taras.jpg","type":"image\/jpeg"}],"twitter_card":"summary_large_image","twitter_misc":{"Szacowany czas czytania":"2 minuty"},"schema":{"@context":"https:\/\/schema.org","@graph":[{"@type":"WebPage","@id":"https:\/\/worldofflowerpots.com\/sklep\/donice-plastikowe-marco-3\/","url":"https:\/\/worldofflowerpots.com\/sklep\/donice-plastikowe-marco-3\/","name":"Donice plastikowe z w\u0142\u00f3kna szklanego Marco 3 - Na Taras do Patio lub Sal","isPartOf":{"@id":"https:\/\/worldofflowerpots.com\/#website"},"primaryImageOfPage":{"@id":"https:\/\/worldofflowerpots.com\/sklep\/donice-plastikowe-marco-3\/#primaryimage"},"image":{"@id":"https:\/\/worldofflowerpots.com\/sklep\/donice-plastikowe-marco-3\/#primaryimage"},"thumbnailUrl":"https:\/\/worldofflowerpots.com\/wp-content\/uploads\/2019\/01\/Donica-plastikowa-Marco-3-z-wlokna-szklanego-na-taras.jpg","datePublished":"2019-01-18T14:08:59+00:00","dateModified":"2019-03-20T13:58:08+00:00","description":"Donice plastikowe wykonane s\u0105 z w\u0142\u00f3kna szklanego oraz \u017cywicy. \u015awietnie nadaj\u0105 si\u0119 wi\u0119c do stosowania zar\u00f3wno wewn\u0105trz pomieszcze\u0144 jak i na zewn\u0105trz.","breadcrumb":{"@id":"https:\/\/worldofflowerpots.com\/sklep\/donice-plastikowe-marco-3\/#breadcrumb"},"inLanguage":"pl-PL","potentialAction":[{"@type":"ReadAction","target":["https:\/\/worldofflowerpots.com\/sklep\/donice-plastikowe-marco-3\/"]}]},{"@type":"ImageObject","inLanguage":"pl-PL","@id":"https:\/\/worldofflowerpots.com\/sklep\/donice-plastikowe-marco-3\/#primaryimage","url":"https:\/\/worldofflowerpots.com\/wp-content\/uploads\/2019\/01\/Donica-plastikowa-Marco-3-z-wlokna-szklanego-na-taras.jpg","contentUrl":"https:\/\/worldofflowerpots.com\/wp-content\/uploads\/2019\/01\/Donica-plastikowa-Marco-3-z-wlokna-szklanego-na-taras.jpg","width":1920,"height":1080},{"@type":"BreadcrumbList","@id":"https:\/\/worldofflowerpots.com\/sklep\/donice-plastikowe-marco-3\/#breadcrumb","itemListElement":[{"@type":"ListItem","position":1,"name":"Strona g\u0142\u00f3wna","item":"https:\/\/worldofflowerpots.com\/"},{"@type":"ListItem","position":2,"name":"Sklep","item":"https:\/\/worldofflowerpots.com\/sklep\/"},{"@type":"ListItem","position":3,"name":"Donice plastikowe Marco 3"}]},{"@type":"WebSite","@id":"https:\/\/worldofflowerpots.com\/#website","url":"https:\/\/worldofflowerpots.com\/","name":"World of Flowerpots","description":"producent donic ozdobnych","potentialAction":[{"@type":"SearchAction","target":{"@type":"EntryPoint","urlTemplate":"https:\/\/worldofflowerpots.com\/?s={search_term_string}"},"query-input":{"@type":"PropertyValueSpecification","valueRequired":true,"valueName":"search_term_string"}}],"inLanguage":"pl-PL"}]}},"_links":{"self":[{"href":"https:\/\/worldofflowerpots.com\/pl\/wp-json\/wp\/v2\/product\/50848","targetHints":{"allow":["GET"]}}],"collection":[{"href":"https:\/\/worldofflowerpots.com\/pl\/wp-json\/wp\/v2\/product"}],"about":[{"href":"https:\/\/worldofflowerpots.com\/pl\/wp-json\/wp\/v2\/types\/product"}],"wp:featuredmedia":[{"embeddable":true,"href":"https:\/\/worldofflowerpots.com\/pl\/wp-json\/wp\/v2\/media\/50942"}],"wp:attachment":[{"href":"https:\/\/worldofflowerpots.com\/pl\/wp-json\/wp\/v2\/media?parent=50848"}],"wp:term":[{"taxonomy":"product_brand","embeddable":true,"href":"https:\/\/worldofflowerpots.com\/pl\/wp-json\/wp\/v2\/product_brand?post=50848"},{"taxonomy":"product_cat","embeddable":true,"href":"https:\/\/worldofflowerpots.com\/pl\/wp-json\/wp\/v2\/product_cat?post=50848"},{"taxonomy":"product_tag","embeddable":true,"href":"https:\/\/worldofflowerpots.com\/pl\/wp-json\/wp\/v2\/product_tag?post=50848"}],"curies":[{"name":"wp","href":"https:\/\/api.w.org\/{rel}","templated":true}]}}