{"id":50858,"date":"2019-01-18T15:09:20","date_gmt":"2019-01-18T14:09:20","guid":{"rendered":"https:\/\/worldofflowerpots.com\/product\/import-placeholder-for-219\/"},"modified":"2019-04-05T13:04:42","modified_gmt":"2019-04-05T11:04:42","slug":"doniczki-plastikowe-marco-4","status":"publish","type":"product","link":"https:\/\/worldofflowerpots.com\/pl\/sklep\/doniczki-plastikowe-marco-4\/","title":{"rendered":"Doniczki plastikowe Marco 4"},"content":{"rendered":"<p>Donice Marco 4 to bardzo eleganckie i nowoczesne doniczki plastikowe, wykonane z w\u0142\u00f3kna szklanego. Mog\u0105 by\u0107 zastosowane zar\u00f3wno jako os\u0142onki, jak r\u00f3wnie\u017c jako donice.<\/p>\n<h2>Najwa\u017cniejsza cecha &#8211; odporno\u015b\u0107<\/h2>\n<p>W\u0142\u00f3kno szklane to innowacyjny i nowoczesny materia\u0142, kt\u00f3ry jest cienkim w\u0142\u00f3knem powsta\u0142ym ze stopionego szk\u0142a i impregnowany \u017cywic\u0105. Doniczki plastikowe z w\u0142\u00f3kna szklanego charakteryzuj\u0105 si\u0119: odporno\u015bci\u0105 na warunki atmosferyczne, odporno\u015bci\u0105 na substancje chemiczne, odporno\u015bci\u0105 na starzenie si\u0119, ogniotrwa\u0142o\u015bci\u0105. Ponadto u\u017cyty do produkcji materia\u0142 ma wysok\u0105 spr\u0119\u017cysto\u015b\u0107, co skutkuje odporno\u015bci\u0105 donic na wilgo\u0107 i r\u00f3\u017cnorodne uszkodzenia.<\/p>\n<p>Doniczki plastikowe Marco 4 s\u0105 dost\u0119pne zar\u00f3wno w wersji matowej jak i w po\u0142ysku. Na uwag\u0119 zas\u0142uguje bardzo szeroki wachlarz barw dost\u0119pnych doniczek. S\u0105 to \u015bredniej wielko\u015bci, sze\u015bcienne donice o rozmiarze 70 cm wysoko\u015b\u0107, 70 cm szeroko\u015b\u0107, 70 cm d\u0142ugo\u015b\u0107. Donice maj\u0105 w dnie otwory odp\u0142ywowe, natomiast oczywi\u015bcie na pro\u015bb\u0119 klienta mo\u017cna zam\u00f3wi\u0107 donic\u0119 bez otwor\u00f3w. Boczne \u015bciany donicy wy\u0142o\u017cone s\u0105 styropianem grubo\u015bci 2 cm. \u00a0Doniczka Marco 4 wa\u017cy 14 kilogram\u00f3w i ma pojemno\u015b\u0107 340 litr\u00f3w.<\/p>\n<h2>Elegancka i uniwersalna<\/h2>\n<p>Marco 4 \u015bwietnie wpisuj\u0105 si\u0119 zar\u00f3wno w dekoracji i aran\u017cacji ogrodu, jak r\u00f3wnie\u017c w biurach. Zar\u00f3wno \u015bwietnie komponuj\u0105 si\u0119 w nich ro\u015bliny jednoroczne, jak i wieloletnie. Doskonale si\u0119 sprawdzaj\u0105 w gabinetach lekarskich, przychodniach, galerii handlowej, restauracji i wielu innych r\u00f3\u017cnorodnych przestrzeniach u\u017cyteczno\u015bci publicznej. Jednak s\u0105 te\u017c pi\u0119knym elementem ozdobnym naszych przydomowych ogrod\u00f3w. Eleganckie, o nowoczesnym stylu, a jednocze\u015bnie uniwersalne i proste zyskuj\u0105 coraz wi\u0119cej zwolennik\u00f3w. S\u0105 ozdob\u0105 sam\u0105 w sobie. Dzi\u0119ki zastosowaniu odpornego i wytrzyma\u0142ego materia\u0142u Marco 4 mo\u017cna wykorzysta\u0107 nie tylko jako os\u0142onk\u0119, czy zwyk\u0142\u0105 doniczk\u0119. Mo\u017cna je wykorzysta\u0107 r\u00f3wnie\u017c do tworzenia ca\u0142orocznych, pi\u0119knych i wywo\u0142uj\u0105cych zachwyt zielonych aran\u017cacji na tarasach, balkonach i w ogrodach. Innym istotnym sposobem na wykorzystanie donic Marco 4 jest prowadzenie w nich uprawy hydroponicznej, kt\u00f3ra polega na zanurzeniu w wodzie uzupe\u0142nianej o sk\u0142adniki od\u017cywcze ca\u0142ego uk\u0142adu korzennego ro\u015bliny.<\/p>\n<p>Marco 4 do doskona\u0142y spos\u00f3b na zaaran\u017cowanie pi\u0119knego, zielonego k\u0105cika w domu czy w pracy, kt\u00f3ry pozwoli na chwil\u0119 odpoczynku w pi\u0119knym towarzystwie.<\/p>\n","protected":false},"excerpt":{"rendered":"<p>Donica plastikowa z w\u0142\u00f3kna szklanego Marco 4 z w\u0142\u00f3kna szklanego oraz \u017cywicy do stosowania wewn\u0105trz jako donica lub jako os\u0142onka. Donice dost\u0119pne we wszystkich kolorach palety RAL w wersji matowej i w po\u0142ysku. Donice s\u0105 wyposa\u017cone w otwory odp\u0142ywowe w dnie (na wyra\u017ane \u017cyczenie klienta mo\u017ce zosta\u0107 wykonana bez otworu odp\u0142ywowego), boczne \u015bcianki wy\u0142o\u017cone s\u0105 styropianem. Wymiary donicy: d\u0142ugo\u015b\u0107: 70 cm, szeroko\u015b\u0107: 70 cm, wysoko\u015b\u0107: 70 cm.<\/p>\n","protected":false},"featured_media":57735,"template":"","meta":{"_acf_changed":false},"product_brand":[],"product_cat":[205],"product_tag":[448,444,447,451],"class_list":{"0":"post-50858","1":"product","2":"type-product","3":"status-publish","4":"has-post-thumbnail","6":"product_cat-donice-z-wlokna-szklanego-plastiku","7":"product_tag-donice-balkonowe","8":"product_tag-donice-ogrodowe","9":"product_tag-donice-tarasowe","10":"product_tag-donice-wewnetrzne","11":"description-off","12":"tm-has-options","14":"first","15":"instock","16":"shipping-taxable","17":"purchasable","18":"product-type-simple"},"acf":[],"yoast_head":"<!-- This site is optimized with the Yoast SEO plugin v27.5 - https:\/\/yoast.com\/product\/yoast-seo-wordpress\/ -->\n<title>Biurowe i Ogrodowe Doniczki plastikowe z W\u0142\u00f3kna Szklanego Marco 4<\/title>\n<meta name=\"description\" content=\"Doniczki plastikowe \u015brednich rozmiar\u00f3w, \u015bwietnie nadaj\u0105 si\u0119 zar\u00f3wno do eleganckich kompozycji biurowych, jak i sielskich dekoracji przydomowego ogrodu.\" \/>\n<meta name=\"robots\" content=\"index, follow, max-snippet:-1, max-image-preview:large, max-video-preview:-1\" \/>\n<link rel=\"canonical\" href=\"https:\/\/worldofflowerpots.com\/sklep\/doniczki-plastikowe-marco-4\/\" \/>\n<meta property=\"og:locale\" content=\"pl_PL\" \/>\n<meta property=\"og:type\" content=\"article\" \/>\n<meta property=\"og:title\" content=\"Biurowe i Ogrodowe Doniczki plastikowe z W\u0142\u00f3kna Szklanego Marco 4\" \/>\n<meta property=\"og:description\" content=\"Doniczki plastikowe \u015brednich rozmiar\u00f3w, \u015bwietnie nadaj\u0105 si\u0119 zar\u00f3wno do eleganckich kompozycji biurowych, jak i sielskich dekoracji przydomowego ogrodu.\" \/>\n<meta property=\"og:url\" content=\"https:\/\/worldofflowerpots.com\/sklep\/doniczki-plastikowe-marco-4\/\" \/>\n<meta property=\"og:site_name\" content=\"World of Flowerpots\" \/>\n<meta property=\"article:modified_time\" content=\"2019-04-05T11:04:42+00:00\" \/>\n<meta property=\"og:image\" content=\"https:\/\/worldofflowerpots.com\/wp-content\/uploads\/2019\/01\/doniczki-plastikowe-Marco-4.jpg\" \/>\n\t<meta property=\"og:image:width\" content=\"1920\" \/>\n\t<meta property=\"og:image:height\" content=\"1080\" \/>\n\t<meta property=\"og:image:type\" content=\"image\/jpeg\" \/>\n<meta name=\"twitter:card\" content=\"summary_large_image\" \/>\n<meta name=\"twitter:label1\" content=\"Szacowany czas czytania\" \/>\n\t<meta name=\"twitter:data1\" content=\"2 minuty\" \/>\n<script type=\"application\/ld+json\" class=\"yoast-schema-graph\">{\"@context\":\"https:\\\/\\\/schema.org\",\"@graph\":[{\"@type\":\"WebPage\",\"@id\":\"https:\\\/\\\/worldofflowerpots.com\\\/sklep\\\/doniczki-plastikowe-marco-4\\\/\",\"url\":\"https:\\\/\\\/worldofflowerpots.com\\\/sklep\\\/doniczki-plastikowe-marco-4\\\/\",\"name\":\"Biurowe i Ogrodowe Doniczki plastikowe z W\u0142\u00f3kna Szklanego Marco 4\",\"isPartOf\":{\"@id\":\"https:\\\/\\\/worldofflowerpots.com\\\/#website\"},\"primaryImageOfPage\":{\"@id\":\"https:\\\/\\\/worldofflowerpots.com\\\/sklep\\\/doniczki-plastikowe-marco-4\\\/#primaryimage\"},\"image\":{\"@id\":\"https:\\\/\\\/worldofflowerpots.com\\\/sklep\\\/doniczki-plastikowe-marco-4\\\/#primaryimage\"},\"thumbnailUrl\":\"https:\\\/\\\/worldofflowerpots.com\\\/wp-content\\\/uploads\\\/2019\\\/01\\\/doniczki-plastikowe-Marco-4.jpg\",\"datePublished\":\"2019-01-18T14:09:20+00:00\",\"dateModified\":\"2019-04-05T11:04:42+00:00\",\"description\":\"Doniczki plastikowe \u015brednich rozmiar\u00f3w, \u015bwietnie nadaj\u0105 si\u0119 zar\u00f3wno do eleganckich kompozycji biurowych, jak i sielskich dekoracji przydomowego ogrodu.\",\"breadcrumb\":{\"@id\":\"https:\\\/\\\/worldofflowerpots.com\\\/sklep\\\/doniczki-plastikowe-marco-4\\\/#breadcrumb\"},\"inLanguage\":\"pl-PL\",\"potentialAction\":[{\"@type\":\"ReadAction\",\"target\":[\"https:\\\/\\\/worldofflowerpots.com\\\/sklep\\\/doniczki-plastikowe-marco-4\\\/\"]}]},{\"@type\":\"ImageObject\",\"inLanguage\":\"pl-PL\",\"@id\":\"https:\\\/\\\/worldofflowerpots.com\\\/sklep\\\/doniczki-plastikowe-marco-4\\\/#primaryimage\",\"url\":\"https:\\\/\\\/worldofflowerpots.com\\\/wp-content\\\/uploads\\\/2019\\\/01\\\/doniczki-plastikowe-Marco-4.jpg\",\"contentUrl\":\"https:\\\/\\\/worldofflowerpots.com\\\/wp-content\\\/uploads\\\/2019\\\/01\\\/doniczki-plastikowe-Marco-4.jpg\",\"width\":1920,\"height\":1080},{\"@type\":\"BreadcrumbList\",\"@id\":\"https:\\\/\\\/worldofflowerpots.com\\\/sklep\\\/doniczki-plastikowe-marco-4\\\/#breadcrumb\",\"itemListElement\":[{\"@type\":\"ListItem\",\"position\":1,\"name\":\"Strona g\u0142\u00f3wna\",\"item\":\"https:\\\/\\\/worldofflowerpots.com\\\/\"},{\"@type\":\"ListItem\",\"position\":2,\"name\":\"Sklep\",\"item\":\"https:\\\/\\\/worldofflowerpots.com\\\/sklep\\\/\"},{\"@type\":\"ListItem\",\"position\":3,\"name\":\"Doniczki plastikowe Marco 4\"}]},{\"@type\":\"WebSite\",\"@id\":\"https:\\\/\\\/worldofflowerpots.com\\\/#website\",\"url\":\"https:\\\/\\\/worldofflowerpots.com\\\/\",\"name\":\"World of Flowerpots\",\"description\":\"producent donic ozdobnych\",\"potentialAction\":[{\"@type\":\"SearchAction\",\"target\":{\"@type\":\"EntryPoint\",\"urlTemplate\":\"https:\\\/\\\/worldofflowerpots.com\\\/?s={search_term_string}\"},\"query-input\":{\"@type\":\"PropertyValueSpecification\",\"valueRequired\":true,\"valueName\":\"search_term_string\"}}],\"inLanguage\":\"pl-PL\"}]}<\/script>\n<!-- \/ Yoast SEO plugin. -->","yoast_head_json":{"title":"Biurowe i Ogrodowe Doniczki plastikowe z W\u0142\u00f3kna Szklanego Marco 4","description":"Doniczki plastikowe \u015brednich rozmiar\u00f3w, \u015bwietnie nadaj\u0105 si\u0119 zar\u00f3wno do eleganckich kompozycji biurowych, jak i sielskich dekoracji przydomowego ogrodu.","robots":{"index":"index","follow":"follow","max-snippet":"max-snippet:-1","max-image-preview":"max-image-preview:large","max-video-preview":"max-video-preview:-1"},"canonical":"https:\/\/worldofflowerpots.com\/sklep\/doniczki-plastikowe-marco-4\/","og_locale":"pl_PL","og_type":"article","og_title":"Biurowe i Ogrodowe Doniczki plastikowe z W\u0142\u00f3kna Szklanego Marco 4","og_description":"Doniczki plastikowe \u015brednich rozmiar\u00f3w, \u015bwietnie nadaj\u0105 si\u0119 zar\u00f3wno do eleganckich kompozycji biurowych, jak i sielskich dekoracji przydomowego ogrodu.","og_url":"https:\/\/worldofflowerpots.com\/sklep\/doniczki-plastikowe-marco-4\/","og_site_name":"World of Flowerpots","article_modified_time":"2019-04-05T11:04:42+00:00","og_image":[{"width":1920,"height":1080,"url":"https:\/\/worldofflowerpots.com\/wp-content\/uploads\/2019\/01\/doniczki-plastikowe-Marco-4.jpg","type":"image\/jpeg"}],"twitter_card":"summary_large_image","twitter_misc":{"Szacowany czas czytania":"2 minuty"},"schema":{"@context":"https:\/\/schema.org","@graph":[{"@type":"WebPage","@id":"https:\/\/worldofflowerpots.com\/sklep\/doniczki-plastikowe-marco-4\/","url":"https:\/\/worldofflowerpots.com\/sklep\/doniczki-plastikowe-marco-4\/","name":"Biurowe i Ogrodowe Doniczki plastikowe z W\u0142\u00f3kna Szklanego Marco 4","isPartOf":{"@id":"https:\/\/worldofflowerpots.com\/#website"},"primaryImageOfPage":{"@id":"https:\/\/worldofflowerpots.com\/sklep\/doniczki-plastikowe-marco-4\/#primaryimage"},"image":{"@id":"https:\/\/worldofflowerpots.com\/sklep\/doniczki-plastikowe-marco-4\/#primaryimage"},"thumbnailUrl":"https:\/\/worldofflowerpots.com\/wp-content\/uploads\/2019\/01\/doniczki-plastikowe-Marco-4.jpg","datePublished":"2019-01-18T14:09:20+00:00","dateModified":"2019-04-05T11:04:42+00:00","description":"Doniczki plastikowe \u015brednich rozmiar\u00f3w, \u015bwietnie nadaj\u0105 si\u0119 zar\u00f3wno do eleganckich kompozycji biurowych, jak i sielskich dekoracji przydomowego ogrodu.","breadcrumb":{"@id":"https:\/\/worldofflowerpots.com\/sklep\/doniczki-plastikowe-marco-4\/#breadcrumb"},"inLanguage":"pl-PL","potentialAction":[{"@type":"ReadAction","target":["https:\/\/worldofflowerpots.com\/sklep\/doniczki-plastikowe-marco-4\/"]}]},{"@type":"ImageObject","inLanguage":"pl-PL","@id":"https:\/\/worldofflowerpots.com\/sklep\/doniczki-plastikowe-marco-4\/#primaryimage","url":"https:\/\/worldofflowerpots.com\/wp-content\/uploads\/2019\/01\/doniczki-plastikowe-Marco-4.jpg","contentUrl":"https:\/\/worldofflowerpots.com\/wp-content\/uploads\/2019\/01\/doniczki-plastikowe-Marco-4.jpg","width":1920,"height":1080},{"@type":"BreadcrumbList","@id":"https:\/\/worldofflowerpots.com\/sklep\/doniczki-plastikowe-marco-4\/#breadcrumb","itemListElement":[{"@type":"ListItem","position":1,"name":"Strona g\u0142\u00f3wna","item":"https:\/\/worldofflowerpots.com\/"},{"@type":"ListItem","position":2,"name":"Sklep","item":"https:\/\/worldofflowerpots.com\/sklep\/"},{"@type":"ListItem","position":3,"name":"Doniczki plastikowe Marco 4"}]},{"@type":"WebSite","@id":"https:\/\/worldofflowerpots.com\/#website","url":"https:\/\/worldofflowerpots.com\/","name":"World of Flowerpots","description":"producent donic ozdobnych","potentialAction":[{"@type":"SearchAction","target":{"@type":"EntryPoint","urlTemplate":"https:\/\/worldofflowerpots.com\/?s={search_term_string}"},"query-input":{"@type":"PropertyValueSpecification","valueRequired":true,"valueName":"search_term_string"}}],"inLanguage":"pl-PL"}]}},"_links":{"self":[{"href":"https:\/\/worldofflowerpots.com\/pl\/wp-json\/wp\/v2\/product\/50858","targetHints":{"allow":["GET"]}}],"collection":[{"href":"https:\/\/worldofflowerpots.com\/pl\/wp-json\/wp\/v2\/product"}],"about":[{"href":"https:\/\/worldofflowerpots.com\/pl\/wp-json\/wp\/v2\/types\/product"}],"wp:featuredmedia":[{"embeddable":true,"href":"https:\/\/worldofflowerpots.com\/pl\/wp-json\/wp\/v2\/media\/57735"}],"wp:attachment":[{"href":"https:\/\/worldofflowerpots.com\/pl\/wp-json\/wp\/v2\/media?parent=50858"}],"wp:term":[{"taxonomy":"product_brand","embeddable":true,"href":"https:\/\/worldofflowerpots.com\/pl\/wp-json\/wp\/v2\/product_brand?post=50858"},{"taxonomy":"product_cat","embeddable":true,"href":"https:\/\/worldofflowerpots.com\/pl\/wp-json\/wp\/v2\/product_cat?post=50858"},{"taxonomy":"product_tag","embeddable":true,"href":"https:\/\/worldofflowerpots.com\/pl\/wp-json\/wp\/v2\/product_tag?post=50858"}],"curies":[{"name":"wp","href":"https:\/\/api.w.org\/{rel}","templated":true}]}}