{"id":50859,"date":"2019-01-18T15:09:20","date_gmt":"2019-01-18T14:09:20","guid":{"rendered":"https:\/\/worldofflowerpots.com\/product\/import-placeholder-for-220\/"},"modified":"2019-04-05T13:06:39","modified_gmt":"2019-04-05T11:06:39","slug":"donice-barwione-w-masie-marco-5","status":"publish","type":"product","link":"https:\/\/worldofflowerpots.com\/pl\/sklep\/donice-barwione-w-masie-marco-5\/","title":{"rendered":"Donice barwione w masie Marco 5"},"content":{"rendered":"<h2>Troch\u0119 danych technicznych<\/h2>\n<p>Marco 5 to eleganckie i nowoczesne donice barwione w masie, przeznaczone zar\u00f3wno do stosowania zewn\u0119trznego jak i wewn\u0119trznego, r\u00f3wnie\u017c jako os\u0142onka. Podstawowym materia\u0142em u\u017cytym do produkcji s\u0105 w\u0142\u00f3kno szklane i \u017cywica, dzi\u0119ki czemu s\u0105 one lekkie i wytrzyma\u0142e. Wyposa\u017cone s\u0105 w otw\u00f3r odp\u0142ywowy, kt\u00f3ry zapewnia prawid\u0142owe odprowadzenie wody poza obrys donicy. Na \u017cyczenie klienta mo\u017cemy jednak zaniecha\u0107 jego wykonania. Boczne \u015bcianki wy\u0142o\u017cone s\u0105 styropianem o grubo\u015bci 2 cm. Donice Marco 5 dost\u0119pne s\u0105 we wszystkich kolorach palety RAL. Daje to szerok\u0105 dost\u0119pno\u015b\u0107 barw i gwarantuje, \u017ce wpasuje si\u0119 do ka\u017cdej ogrodowej koncepcji. Charakteryzuje si\u0119 niemal foremnym kszta\u0142tem, kt\u00f3ry jest bliski sze\u015bcianu &#8211; \u015bciany boczne nachylone s\u0105 wzgl\u0119dem podstawy pod k\u0105tem 90,5 stopnia. Donica posiada wymiary 80 cm x 80 cm, a wysoko\u015b\u0107 donicy wynosi 80 cm. Daje to pojemno\u015b\u0107 480 litr\u00f3w. Donice z tworzywa sztucznego cechuj\u0105 si\u0119 nisk\u0105 wag\u0105. W przypadku Marco 5 to tylko 18 kg czyli naprawd\u0119 niewiele.<\/p>\n<h2>Idealne dopasowanie<\/h2>\n<p>Marco 5 to subtelna plastikowa donica, kt\u00f3ra dzi\u0119ki swojemu prostemu kszta\u0142towi wkomponuje si\u0119 w ka\u017cd\u0105 przestrze\u0144. Sprawdzi si\u0119 idealnie zar\u00f3wno w pomieszczeniu, jak i na \u015bwie\u017cym powietrzu. Delikatna linia oraz geometryczny kszta\u0142t tworz\u0105 nienarzucaj\u0105c\u0105 si\u0119 ozdob\u0119 dla szalonych ro\u015blinnych kompozycji czy eleganckich stonowanych ro\u015blin. Symetryczny kszta\u0142t g\u00f3rnej kraw\u0119dzi daje mo\u017cliwo\u015b\u0107 tworzenia perfekcyjnych uk\u0142ad\u00f3w kwiatowych, kt\u00f3re b\u0119d\u0105 cieszy\u0142y oko przez d\u0142ugi czas. Zastosowanie jest niemal nieograniczone, tak\u017ce dzi\u0119ki dost\u0119pno\u015bci we wszystkich kolorach palety RAL. Sprawia to, \u017ce donice barwione w masie mo\u017cna naby\u0107 w wielu r\u00f3\u017cnych barwach zar\u00f3wno w po\u0142ysku, jak i matowe.<\/p>\n<h2>Odporno\u015b\u0107 na d\u0142ugo<\/h2>\n<p>Niebywa\u0142ym atutem donicy Marco 5 jest materia\u0142 wykonania. W\u0142\u00f3kno szklane to surowiec bardzo wytrzyma\u0142y a zarazem elegancki. Ten trwa\u0142y materia\u0142 znajduje zastosowanie w konstrukcji m.in. kad\u0142ub\u00f3w jacht\u00f3w, \u017cagl\u00f3wek oraz \u0142\u00f3dek. Zastosowanie w\u0142\u00f3kna szklanego w po\u0142\u0105czeniu z \u017cywic\u0105 gwarantuje, \u017ce donica posiada du\u017c\u0105 wytrzyma\u0142o\u015bci\u0105 na uszkodzenia mechaniczne. Cechuje j\u0105 r\u00f3wnie\u017c odporno\u015b\u0107 na warunki atmosferyczne takie jak deszcz, \u015bnieg czy siarczysty mr\u00f3z. W\u0142a\u015bciwo\u015bci materia\u0142u pozwalaj\u0105 cieszy\u0107 si\u0119 pi\u0119knem donicy przez d\u0142ugie lata.<\/p>\n","protected":false},"excerpt":{"rendered":"<p>Donica plastikowa z w\u0142\u00f3kna szklanego Marco 5 z w\u0142\u00f3kna szklanego oraz \u017cywicy do stosowania wewn\u0105trz jako donica lub jako os\u0142onka. Donice dost\u0119pne we wszystkich kolorach palety RAL w wersji matowej i w po\u0142ysku. Donice s\u0105 wyposa\u017cone w otwory odp\u0142ywowe w dnie (na wyra\u017ane \u017cyczenie klienta mo\u017ce zosta\u0107 wykonana bez otworu odp\u0142ywowego), boczne \u015bcianki wy\u0142o\u017cone s\u0105 styropianem. Wymiary donicy: d\u0142ugo\u015b\u0107: 80 cm, szeroko\u015b\u0107: 80 cm, wysoko\u015b\u0107: 80 cm.<\/p>\n","protected":false},"featured_media":57745,"template":"","meta":{"_acf_changed":false},"product_brand":[],"product_cat":[205],"product_tag":[444,447,451],"class_list":{"0":"post-50859","1":"product","2":"type-product","3":"status-publish","4":"has-post-thumbnail","6":"product_cat-donice-z-wlokna-szklanego-plastiku","7":"product_tag-donice-ogrodowe","8":"product_tag-donice-tarasowe","9":"product_tag-donice-wewnetrzne","10":"description-off","11":"tm-has-options","13":"first","14":"instock","15":"shipping-taxable","16":"purchasable","17":"product-type-simple"},"acf":[],"yoast_head":"<!-- This site is optimized with the Yoast SEO plugin v27.5 - https:\/\/yoast.com\/product\/yoast-seo-wordpress\/ -->\n<title>Nowoczesne Donice Barwione w Masie Marco 5 \u015aredni Rozmiar<\/title>\n<meta name=\"description\" content=\"Marco 5 to eleganckie i nowoczesne donice barwione w masie, przeznaczone zar\u00f3wno do stosowania zewn\u0119trznego jak i wewn\u0119trznego, r\u00f3wnie\u017c jako os\u0142onka.\" \/>\n<meta name=\"robots\" content=\"index, follow, max-snippet:-1, max-image-preview:large, max-video-preview:-1\" \/>\n<link rel=\"canonical\" href=\"https:\/\/worldofflowerpots.com\/sklep\/donice-barwione-w-masie-marco-5\/\" \/>\n<meta property=\"og:locale\" content=\"pl_PL\" \/>\n<meta property=\"og:type\" content=\"article\" \/>\n<meta property=\"og:title\" content=\"Nowoczesne Donice Barwione w Masie Marco 5 \u015aredni Rozmiar\" \/>\n<meta property=\"og:description\" content=\"Marco 5 to eleganckie i nowoczesne donice barwione w masie, przeznaczone zar\u00f3wno do stosowania zewn\u0119trznego jak i wewn\u0119trznego, r\u00f3wnie\u017c jako os\u0142onka.\" \/>\n<meta property=\"og:url\" content=\"https:\/\/worldofflowerpots.com\/sklep\/donice-barwione-w-masie-marco-5\/\" \/>\n<meta property=\"og:site_name\" content=\"World of Flowerpots\" \/>\n<meta property=\"article:modified_time\" content=\"2019-04-05T11:06:39+00:00\" \/>\n<meta property=\"og:image\" content=\"https:\/\/worldofflowerpots.com\/wp-content\/uploads\/2019\/01\/donice-barwione-w-masie-Marco-5.jpg\" \/>\n\t<meta property=\"og:image:width\" content=\"1920\" \/>\n\t<meta property=\"og:image:height\" content=\"1080\" \/>\n\t<meta property=\"og:image:type\" content=\"image\/jpeg\" \/>\n<meta name=\"twitter:card\" content=\"summary_large_image\" \/>\n<meta name=\"twitter:label1\" content=\"Szacowany czas czytania\" \/>\n\t<meta name=\"twitter:data1\" content=\"2 minuty\" \/>\n<script type=\"application\/ld+json\" class=\"yoast-schema-graph\">{\"@context\":\"https:\\\/\\\/schema.org\",\"@graph\":[{\"@type\":\"WebPage\",\"@id\":\"https:\\\/\\\/worldofflowerpots.com\\\/sklep\\\/donice-barwione-w-masie-marco-5\\\/\",\"url\":\"https:\\\/\\\/worldofflowerpots.com\\\/sklep\\\/donice-barwione-w-masie-marco-5\\\/\",\"name\":\"Nowoczesne Donice Barwione w Masie Marco 5 \u015aredni Rozmiar\",\"isPartOf\":{\"@id\":\"https:\\\/\\\/worldofflowerpots.com\\\/#website\"},\"primaryImageOfPage\":{\"@id\":\"https:\\\/\\\/worldofflowerpots.com\\\/sklep\\\/donice-barwione-w-masie-marco-5\\\/#primaryimage\"},\"image\":{\"@id\":\"https:\\\/\\\/worldofflowerpots.com\\\/sklep\\\/donice-barwione-w-masie-marco-5\\\/#primaryimage\"},\"thumbnailUrl\":\"https:\\\/\\\/worldofflowerpots.com\\\/wp-content\\\/uploads\\\/2019\\\/01\\\/donice-barwione-w-masie-Marco-5.jpg\",\"datePublished\":\"2019-01-18T14:09:20+00:00\",\"dateModified\":\"2019-04-05T11:06:39+00:00\",\"description\":\"Marco 5 to eleganckie i nowoczesne donice barwione w masie, przeznaczone zar\u00f3wno do stosowania zewn\u0119trznego jak i wewn\u0119trznego, r\u00f3wnie\u017c jako os\u0142onka.\",\"breadcrumb\":{\"@id\":\"https:\\\/\\\/worldofflowerpots.com\\\/sklep\\\/donice-barwione-w-masie-marco-5\\\/#breadcrumb\"},\"inLanguage\":\"pl-PL\",\"potentialAction\":[{\"@type\":\"ReadAction\",\"target\":[\"https:\\\/\\\/worldofflowerpots.com\\\/sklep\\\/donice-barwione-w-masie-marco-5\\\/\"]}]},{\"@type\":\"ImageObject\",\"inLanguage\":\"pl-PL\",\"@id\":\"https:\\\/\\\/worldofflowerpots.com\\\/sklep\\\/donice-barwione-w-masie-marco-5\\\/#primaryimage\",\"url\":\"https:\\\/\\\/worldofflowerpots.com\\\/wp-content\\\/uploads\\\/2019\\\/01\\\/donice-barwione-w-masie-Marco-5.jpg\",\"contentUrl\":\"https:\\\/\\\/worldofflowerpots.com\\\/wp-content\\\/uploads\\\/2019\\\/01\\\/donice-barwione-w-masie-Marco-5.jpg\",\"width\":1920,\"height\":1080},{\"@type\":\"BreadcrumbList\",\"@id\":\"https:\\\/\\\/worldofflowerpots.com\\\/sklep\\\/donice-barwione-w-masie-marco-5\\\/#breadcrumb\",\"itemListElement\":[{\"@type\":\"ListItem\",\"position\":1,\"name\":\"Strona g\u0142\u00f3wna\",\"item\":\"https:\\\/\\\/worldofflowerpots.com\\\/\"},{\"@type\":\"ListItem\",\"position\":2,\"name\":\"Sklep\",\"item\":\"https:\\\/\\\/worldofflowerpots.com\\\/sklep\\\/\"},{\"@type\":\"ListItem\",\"position\":3,\"name\":\"Donice barwione w masie Marco 5\"}]},{\"@type\":\"WebSite\",\"@id\":\"https:\\\/\\\/worldofflowerpots.com\\\/#website\",\"url\":\"https:\\\/\\\/worldofflowerpots.com\\\/\",\"name\":\"World of Flowerpots\",\"description\":\"producent donic ozdobnych\",\"potentialAction\":[{\"@type\":\"SearchAction\",\"target\":{\"@type\":\"EntryPoint\",\"urlTemplate\":\"https:\\\/\\\/worldofflowerpots.com\\\/?s={search_term_string}\"},\"query-input\":{\"@type\":\"PropertyValueSpecification\",\"valueRequired\":true,\"valueName\":\"search_term_string\"}}],\"inLanguage\":\"pl-PL\"}]}<\/script>\n<!-- \/ Yoast SEO plugin. -->","yoast_head_json":{"title":"Nowoczesne Donice Barwione w Masie Marco 5 \u015aredni Rozmiar","description":"Marco 5 to eleganckie i nowoczesne donice barwione w masie, przeznaczone zar\u00f3wno do stosowania zewn\u0119trznego jak i wewn\u0119trznego, r\u00f3wnie\u017c jako os\u0142onka.","robots":{"index":"index","follow":"follow","max-snippet":"max-snippet:-1","max-image-preview":"max-image-preview:large","max-video-preview":"max-video-preview:-1"},"canonical":"https:\/\/worldofflowerpots.com\/sklep\/donice-barwione-w-masie-marco-5\/","og_locale":"pl_PL","og_type":"article","og_title":"Nowoczesne Donice Barwione w Masie Marco 5 \u015aredni Rozmiar","og_description":"Marco 5 to eleganckie i nowoczesne donice barwione w masie, przeznaczone zar\u00f3wno do stosowania zewn\u0119trznego jak i wewn\u0119trznego, r\u00f3wnie\u017c jako os\u0142onka.","og_url":"https:\/\/worldofflowerpots.com\/sklep\/donice-barwione-w-masie-marco-5\/","og_site_name":"World of Flowerpots","article_modified_time":"2019-04-05T11:06:39+00:00","og_image":[{"width":1920,"height":1080,"url":"https:\/\/worldofflowerpots.com\/wp-content\/uploads\/2019\/01\/donice-barwione-w-masie-Marco-5.jpg","type":"image\/jpeg"}],"twitter_card":"summary_large_image","twitter_misc":{"Szacowany czas czytania":"2 minuty"},"schema":{"@context":"https:\/\/schema.org","@graph":[{"@type":"WebPage","@id":"https:\/\/worldofflowerpots.com\/sklep\/donice-barwione-w-masie-marco-5\/","url":"https:\/\/worldofflowerpots.com\/sklep\/donice-barwione-w-masie-marco-5\/","name":"Nowoczesne Donice Barwione w Masie Marco 5 \u015aredni Rozmiar","isPartOf":{"@id":"https:\/\/worldofflowerpots.com\/#website"},"primaryImageOfPage":{"@id":"https:\/\/worldofflowerpots.com\/sklep\/donice-barwione-w-masie-marco-5\/#primaryimage"},"image":{"@id":"https:\/\/worldofflowerpots.com\/sklep\/donice-barwione-w-masie-marco-5\/#primaryimage"},"thumbnailUrl":"https:\/\/worldofflowerpots.com\/wp-content\/uploads\/2019\/01\/donice-barwione-w-masie-Marco-5.jpg","datePublished":"2019-01-18T14:09:20+00:00","dateModified":"2019-04-05T11:06:39+00:00","description":"Marco 5 to eleganckie i nowoczesne donice barwione w masie, przeznaczone zar\u00f3wno do stosowania zewn\u0119trznego jak i wewn\u0119trznego, r\u00f3wnie\u017c jako os\u0142onka.","breadcrumb":{"@id":"https:\/\/worldofflowerpots.com\/sklep\/donice-barwione-w-masie-marco-5\/#breadcrumb"},"inLanguage":"pl-PL","potentialAction":[{"@type":"ReadAction","target":["https:\/\/worldofflowerpots.com\/sklep\/donice-barwione-w-masie-marco-5\/"]}]},{"@type":"ImageObject","inLanguage":"pl-PL","@id":"https:\/\/worldofflowerpots.com\/sklep\/donice-barwione-w-masie-marco-5\/#primaryimage","url":"https:\/\/worldofflowerpots.com\/wp-content\/uploads\/2019\/01\/donice-barwione-w-masie-Marco-5.jpg","contentUrl":"https:\/\/worldofflowerpots.com\/wp-content\/uploads\/2019\/01\/donice-barwione-w-masie-Marco-5.jpg","width":1920,"height":1080},{"@type":"BreadcrumbList","@id":"https:\/\/worldofflowerpots.com\/sklep\/donice-barwione-w-masie-marco-5\/#breadcrumb","itemListElement":[{"@type":"ListItem","position":1,"name":"Strona g\u0142\u00f3wna","item":"https:\/\/worldofflowerpots.com\/"},{"@type":"ListItem","position":2,"name":"Sklep","item":"https:\/\/worldofflowerpots.com\/sklep\/"},{"@type":"ListItem","position":3,"name":"Donice barwione w masie Marco 5"}]},{"@type":"WebSite","@id":"https:\/\/worldofflowerpots.com\/#website","url":"https:\/\/worldofflowerpots.com\/","name":"World of Flowerpots","description":"producent donic ozdobnych","potentialAction":[{"@type":"SearchAction","target":{"@type":"EntryPoint","urlTemplate":"https:\/\/worldofflowerpots.com\/?s={search_term_string}"},"query-input":{"@type":"PropertyValueSpecification","valueRequired":true,"valueName":"search_term_string"}}],"inLanguage":"pl-PL"}]}},"_links":{"self":[{"href":"https:\/\/worldofflowerpots.com\/pl\/wp-json\/wp\/v2\/product\/50859","targetHints":{"allow":["GET"]}}],"collection":[{"href":"https:\/\/worldofflowerpots.com\/pl\/wp-json\/wp\/v2\/product"}],"about":[{"href":"https:\/\/worldofflowerpots.com\/pl\/wp-json\/wp\/v2\/types\/product"}],"wp:featuredmedia":[{"embeddable":true,"href":"https:\/\/worldofflowerpots.com\/pl\/wp-json\/wp\/v2\/media\/57745"}],"wp:attachment":[{"href":"https:\/\/worldofflowerpots.com\/pl\/wp-json\/wp\/v2\/media?parent=50859"}],"wp:term":[{"taxonomy":"product_brand","embeddable":true,"href":"https:\/\/worldofflowerpots.com\/pl\/wp-json\/wp\/v2\/product_brand?post=50859"},{"taxonomy":"product_cat","embeddable":true,"href":"https:\/\/worldofflowerpots.com\/pl\/wp-json\/wp\/v2\/product_cat?post=50859"},{"taxonomy":"product_tag","embeddable":true,"href":"https:\/\/worldofflowerpots.com\/pl\/wp-json\/wp\/v2\/product_tag?post=50859"}],"curies":[{"name":"wp","href":"https:\/\/api.w.org\/{rel}","templated":true}]}}