{"id":50860,"date":"2019-01-18T15:09:20","date_gmt":"2019-01-18T14:09:20","guid":{"rendered":"https:\/\/worldofflowerpots.com\/product\/import-placeholder-for-221\/"},"modified":"2019-04-05T13:09:11","modified_gmt":"2019-04-05T11:09:11","slug":"donica-marco-6","status":"publish","type":"product","link":"https:\/\/worldofflowerpots.com\/pl\/sklep\/donica-marco-6\/","title":{"rendered":"Donica Marco 6"},"content":{"rendered":"<h2>Donica Marco 6 jako must have do ka\u017cdego ogrodu<\/h2>\n<p>Coraz wi\u0119cej os\u00f3b zaczyna si\u0119 interesowa\u0107 wprowadzaniem modnej aran\u017cacji do swojego ogrodu. Ka\u017cda z nich poszukuje nowatorskich i innowacyjnych produkt\u00f3w, kt\u00f3re mog\u0105 w bardzo ciekawy spos\u00f3b poprawi\u0107 wygl\u0105d swojego \u201ekwiatowego raju\u201d.<\/p>\n<p>Na rynku ogrodniczym pojawia si\u0119 coraz wi\u0119cej element\u00f3w, kt\u00f3re potrafi\u0105 w bardzo \u0142adny i subtelny spos\u00f3b upi\u0119kszy\u0107 ogr\u00f3d. Jedn\u0105 z nich jest donica wykonana z w\u0142\u00f3kna szklanego Marco 6. Cechuje si\u0119 ona przede wszystkim spor\u0105 wielko\u015bci\u0105, co sprzyja umieszczaniu w niej wi\u0119kszej ilo\u015bci ro\u015blin. Jest stworzona w bardzo ciekawym i delikatnym stylu, a dzi\u0119ki temu staje si\u0119 uniwersalna i pasuj\u0105ca niemal do ka\u017cdego rodzaju ogrodu. Ponadto producent doniczek z w\u0142\u00f3kna szklanego zaprojektowa\u0142 j\u0105 w wielu r\u00f3\u017cnych kolorach, wi\u0119c mo\u017cna wybra\u0107 okre\u015blon\u0105, odpowiadaj\u0105c\u0105 w\u0142asnym potrzebom.<\/p>\n<h2>Wytrzyma\u0142o\u015b\u0107 i szyk<\/h2>\n<p>Istotn\u0105 kwesti\u0105 dotycz\u0105c\u0105 tego produktu jest materia\u0142, z kt\u00f3rego zosta\u0142 stworzony. W\u0142\u00f3kno szklane charakteryzuje si\u0119 wysok\u0105 wytrzyma\u0142o\u015bci\u0105, uniwersalno\u015bci\u0105 i odporno\u015bci\u0105 na \u015bcieranie i dzia\u0142anie ognia. Poza tym jest bardzo spr\u0119\u017cysty i elastyczny, dzi\u0119ki czemu cechuje si\u0119 mniejsz\u0105 podatno\u015bci\u0105 na obtarcia i uszkodzenia. Wn\u0119trze donicy jest wype\u0142nione styropianem, co dodatkowo utrzymuje w niej prawid\u0142ow\u0105 temperatur\u0119.\u00a0 Produkt jest wykonany z wysokiej jako\u015bci materia\u0142\u00f3w, dzi\u0119ki temu mo\u017ce bardzo d\u0142ugo pos\u0142u\u017cy\u0107 i utrzymywa\u0107 \u015bwie\u017co\u015b\u0107 swojego wygl\u0105du.<\/p>\n<p>Zalet\u0105 donicy jest to, \u017ce nie musi by\u0107 ona ustawiona tylko i wy\u0142\u0105cznie w ogrodzie. Mo\u017cna j\u0105 umie\u015bci\u0107 na tarasach, wi\u0119kszych balkonach lub nawet w domu, czy mieszkaniu. \u015awietnie si\u0119 sprawdzi tak\u017ce w miejscach u\u017cyteczno\u015bci publicznej. Pomimo swoich sporych wymiar\u00f3w, posiada niewielk\u0105 wag\u0119, dzi\u0119ki czemu nie uszkodzi pod\u0142o\u017ca przez sw\u00f3j ci\u0119\u017car. Jest to bardzo funkcjonalny i uniwersalny produkt. Pod wzgl\u0119dem wygl\u0105du i kolorystyki zar\u00f3wno matowej, jak i po\u0142yskuj\u0105cej mo\u017ce dopasowa\u0107 si\u0119 do ka\u017cdego pomieszczenia czy powierzchni.<\/p>\n<h2>Wygoda u\u017cytkowania<\/h2>\n<p>Producent doniczek z w\u0142\u00f3kna szklanego zwr\u00f3ci\u0142 szczeg\u00f3ln\u0105 uwag\u0119 na po\u0142\u0105czenie ciekawego wygl\u0105du z niesamowitym komfortem u\u017cywania i przenoszenia. Warto wi\u0119c podczas projektowania ogrodu, tarasu lub wn\u0119trz zastanowi\u0107 si\u0119 nad wprowadzeniem tego produktu. Na pewno b\u0119dzie to \u201estrza\u0142 w dziesi\u0105tk\u0119\u201d, a dzi\u0119ki swojemu subtelnemu i prostemu wykonaniu nie wymagaj\u0105cy specjalnego nadzoru i obawiania si\u0119 o zarysowania czy uszkodzenia.<\/p>\n","protected":false},"excerpt":{"rendered":"<p>Donica plastikowa z w\u0142\u00f3kna szklanego Marco 6 z w\u0142\u00f3kna szklanego oraz \u017cywicy do stosowania wewn\u0105trz jako donica lub jako os\u0142onka. Donice dost\u0119pne we wszystkich kolorach palety RAL w wersji matowej i w po\u0142ysku. Donice s\u0105 wyposa\u017cone w otwory odp\u0142ywowe w dnie (na wyra\u017ane \u017cyczenie klienta mo\u017ce zosta\u0107 wykonana bez otworu odp\u0142ywowego), boczne \u015bcianki wy\u0142o\u017cone s\u0105 styropianem. Wymiary donicy: d\u0142ugo\u015b\u0107: 100 cm, szeroko\u015b\u0107: 100 cm, wysoko\u015b\u0107: 40 cm.<\/p>\n","protected":false},"featured_media":57755,"template":"","meta":{"_acf_changed":false},"product_brand":[],"product_cat":[205],"product_tag":[451],"class_list":{"0":"post-50860","1":"product","2":"type-product","3":"status-publish","4":"has-post-thumbnail","6":"product_cat-donice-z-wlokna-szklanego-plastiku","7":"product_tag-donice-wewnetrzne","8":"description-off","9":"tm-has-options","11":"first","12":"instock","13":"shipping-taxable","14":"purchasable","15":"product-type-simple"},"acf":[],"yoast_head":"<!-- This site is optimized with the Yoast SEO plugin v27.5 - https:\/\/yoast.com\/product\/yoast-seo-wordpress\/ -->\n<title>Producent doniczek z w\u0142\u00f3kna szklanego - Donica Marco 6<\/title>\n<meta name=\"description\" content=\"Producent doniczek z w\u0142\u00f3kna szklanego zwr\u00f3ci\u0142 szczeg\u00f3ln\u0105 uwag\u0119 na po\u0142\u0105czenie ciekawego wygl\u0105du z niesamowitym komfortem u\u017cywania i przenoszenia.\" \/>\n<meta name=\"robots\" content=\"index, follow, max-snippet:-1, max-image-preview:large, max-video-preview:-1\" \/>\n<link rel=\"canonical\" href=\"https:\/\/worldofflowerpots.com\/sklep\/donica-marco-6\/\" \/>\n<meta property=\"og:locale\" content=\"pl_PL\" \/>\n<meta property=\"og:type\" content=\"article\" \/>\n<meta property=\"og:title\" content=\"Producent doniczek z w\u0142\u00f3kna szklanego - Donica Marco 6\" \/>\n<meta property=\"og:description\" content=\"Producent doniczek z w\u0142\u00f3kna szklanego zwr\u00f3ci\u0142 szczeg\u00f3ln\u0105 uwag\u0119 na po\u0142\u0105czenie ciekawego wygl\u0105du z niesamowitym komfortem u\u017cywania i przenoszenia.\" \/>\n<meta property=\"og:url\" content=\"https:\/\/worldofflowerpots.com\/sklep\/donica-marco-6\/\" \/>\n<meta property=\"og:site_name\" content=\"World of Flowerpots\" \/>\n<meta property=\"article:modified_time\" content=\"2019-04-05T11:09:11+00:00\" \/>\n<meta property=\"og:image\" content=\"https:\/\/worldofflowerpots.com\/wp-content\/uploads\/2019\/01\/producent-doniczek-z-w\u0142\u00f3kna-szklanego-Marco-6.jpg\" \/>\n\t<meta property=\"og:image:width\" content=\"1920\" \/>\n\t<meta property=\"og:image:height\" content=\"1080\" \/>\n\t<meta property=\"og:image:type\" content=\"image\/jpeg\" \/>\n<meta name=\"twitter:card\" content=\"summary_large_image\" \/>\n<meta name=\"twitter:label1\" content=\"Szacowany czas czytania\" \/>\n\t<meta name=\"twitter:data1\" content=\"2 minuty\" \/>\n<script type=\"application\/ld+json\" class=\"yoast-schema-graph\">{\"@context\":\"https:\\\/\\\/schema.org\",\"@graph\":[{\"@type\":\"WebPage\",\"@id\":\"https:\\\/\\\/worldofflowerpots.com\\\/sklep\\\/donica-marco-6\\\/\",\"url\":\"https:\\\/\\\/worldofflowerpots.com\\\/sklep\\\/donica-marco-6\\\/\",\"name\":\"Producent doniczek z w\u0142\u00f3kna szklanego - Donica Marco 6\",\"isPartOf\":{\"@id\":\"https:\\\/\\\/worldofflowerpots.com\\\/#website\"},\"primaryImageOfPage\":{\"@id\":\"https:\\\/\\\/worldofflowerpots.com\\\/sklep\\\/donica-marco-6\\\/#primaryimage\"},\"image\":{\"@id\":\"https:\\\/\\\/worldofflowerpots.com\\\/sklep\\\/donica-marco-6\\\/#primaryimage\"},\"thumbnailUrl\":\"https:\\\/\\\/worldofflowerpots.com\\\/wp-content\\\/uploads\\\/2019\\\/01\\\/producent-doniczek-z-w\u0142\u00f3kna-szklanego-Marco-6.jpg\",\"datePublished\":\"2019-01-18T14:09:20+00:00\",\"dateModified\":\"2019-04-05T11:09:11+00:00\",\"description\":\"Producent doniczek z w\u0142\u00f3kna szklanego zwr\u00f3ci\u0142 szczeg\u00f3ln\u0105 uwag\u0119 na po\u0142\u0105czenie ciekawego wygl\u0105du z niesamowitym komfortem u\u017cywania i przenoszenia.\",\"breadcrumb\":{\"@id\":\"https:\\\/\\\/worldofflowerpots.com\\\/sklep\\\/donica-marco-6\\\/#breadcrumb\"},\"inLanguage\":\"pl-PL\",\"potentialAction\":[{\"@type\":\"ReadAction\",\"target\":[\"https:\\\/\\\/worldofflowerpots.com\\\/sklep\\\/donica-marco-6\\\/\"]}]},{\"@type\":\"ImageObject\",\"inLanguage\":\"pl-PL\",\"@id\":\"https:\\\/\\\/worldofflowerpots.com\\\/sklep\\\/donica-marco-6\\\/#primaryimage\",\"url\":\"https:\\\/\\\/worldofflowerpots.com\\\/wp-content\\\/uploads\\\/2019\\\/01\\\/producent-doniczek-z-w\u0142\u00f3kna-szklanego-Marco-6.jpg\",\"contentUrl\":\"https:\\\/\\\/worldofflowerpots.com\\\/wp-content\\\/uploads\\\/2019\\\/01\\\/producent-doniczek-z-w\u0142\u00f3kna-szklanego-Marco-6.jpg\",\"width\":1920,\"height\":1080},{\"@type\":\"BreadcrumbList\",\"@id\":\"https:\\\/\\\/worldofflowerpots.com\\\/sklep\\\/donica-marco-6\\\/#breadcrumb\",\"itemListElement\":[{\"@type\":\"ListItem\",\"position\":1,\"name\":\"Strona g\u0142\u00f3wna\",\"item\":\"https:\\\/\\\/worldofflowerpots.com\\\/\"},{\"@type\":\"ListItem\",\"position\":2,\"name\":\"Sklep\",\"item\":\"https:\\\/\\\/worldofflowerpots.com\\\/sklep\\\/\"},{\"@type\":\"ListItem\",\"position\":3,\"name\":\"Donica Marco 6\"}]},{\"@type\":\"WebSite\",\"@id\":\"https:\\\/\\\/worldofflowerpots.com\\\/#website\",\"url\":\"https:\\\/\\\/worldofflowerpots.com\\\/\",\"name\":\"World of Flowerpots\",\"description\":\"producent donic ozdobnych\",\"potentialAction\":[{\"@type\":\"SearchAction\",\"target\":{\"@type\":\"EntryPoint\",\"urlTemplate\":\"https:\\\/\\\/worldofflowerpots.com\\\/?s={search_term_string}\"},\"query-input\":{\"@type\":\"PropertyValueSpecification\",\"valueRequired\":true,\"valueName\":\"search_term_string\"}}],\"inLanguage\":\"pl-PL\"}]}<\/script>\n<!-- \/ Yoast SEO plugin. -->","yoast_head_json":{"title":"Producent doniczek z w\u0142\u00f3kna szklanego - Donica Marco 6","description":"Producent doniczek z w\u0142\u00f3kna szklanego zwr\u00f3ci\u0142 szczeg\u00f3ln\u0105 uwag\u0119 na po\u0142\u0105czenie ciekawego wygl\u0105du z niesamowitym komfortem u\u017cywania i przenoszenia.","robots":{"index":"index","follow":"follow","max-snippet":"max-snippet:-1","max-image-preview":"max-image-preview:large","max-video-preview":"max-video-preview:-1"},"canonical":"https:\/\/worldofflowerpots.com\/sklep\/donica-marco-6\/","og_locale":"pl_PL","og_type":"article","og_title":"Producent doniczek z w\u0142\u00f3kna szklanego - Donica Marco 6","og_description":"Producent doniczek z w\u0142\u00f3kna szklanego zwr\u00f3ci\u0142 szczeg\u00f3ln\u0105 uwag\u0119 na po\u0142\u0105czenie ciekawego wygl\u0105du z niesamowitym komfortem u\u017cywania i przenoszenia.","og_url":"https:\/\/worldofflowerpots.com\/sklep\/donica-marco-6\/","og_site_name":"World of Flowerpots","article_modified_time":"2019-04-05T11:09:11+00:00","og_image":[{"width":1920,"height":1080,"url":"https:\/\/worldofflowerpots.com\/wp-content\/uploads\/2019\/01\/producent-doniczek-z-w\u0142\u00f3kna-szklanego-Marco-6.jpg","type":"image\/jpeg"}],"twitter_card":"summary_large_image","twitter_misc":{"Szacowany czas czytania":"2 minuty"},"schema":{"@context":"https:\/\/schema.org","@graph":[{"@type":"WebPage","@id":"https:\/\/worldofflowerpots.com\/sklep\/donica-marco-6\/","url":"https:\/\/worldofflowerpots.com\/sklep\/donica-marco-6\/","name":"Producent doniczek z w\u0142\u00f3kna szklanego - Donica Marco 6","isPartOf":{"@id":"https:\/\/worldofflowerpots.com\/#website"},"primaryImageOfPage":{"@id":"https:\/\/worldofflowerpots.com\/sklep\/donica-marco-6\/#primaryimage"},"image":{"@id":"https:\/\/worldofflowerpots.com\/sklep\/donica-marco-6\/#primaryimage"},"thumbnailUrl":"https:\/\/worldofflowerpots.com\/wp-content\/uploads\/2019\/01\/producent-doniczek-z-w\u0142\u00f3kna-szklanego-Marco-6.jpg","datePublished":"2019-01-18T14:09:20+00:00","dateModified":"2019-04-05T11:09:11+00:00","description":"Producent doniczek z w\u0142\u00f3kna szklanego zwr\u00f3ci\u0142 szczeg\u00f3ln\u0105 uwag\u0119 na po\u0142\u0105czenie ciekawego wygl\u0105du z niesamowitym komfortem u\u017cywania i przenoszenia.","breadcrumb":{"@id":"https:\/\/worldofflowerpots.com\/sklep\/donica-marco-6\/#breadcrumb"},"inLanguage":"pl-PL","potentialAction":[{"@type":"ReadAction","target":["https:\/\/worldofflowerpots.com\/sklep\/donica-marco-6\/"]}]},{"@type":"ImageObject","inLanguage":"pl-PL","@id":"https:\/\/worldofflowerpots.com\/sklep\/donica-marco-6\/#primaryimage","url":"https:\/\/worldofflowerpots.com\/wp-content\/uploads\/2019\/01\/producent-doniczek-z-w\u0142\u00f3kna-szklanego-Marco-6.jpg","contentUrl":"https:\/\/worldofflowerpots.com\/wp-content\/uploads\/2019\/01\/producent-doniczek-z-w\u0142\u00f3kna-szklanego-Marco-6.jpg","width":1920,"height":1080},{"@type":"BreadcrumbList","@id":"https:\/\/worldofflowerpots.com\/sklep\/donica-marco-6\/#breadcrumb","itemListElement":[{"@type":"ListItem","position":1,"name":"Strona g\u0142\u00f3wna","item":"https:\/\/worldofflowerpots.com\/"},{"@type":"ListItem","position":2,"name":"Sklep","item":"https:\/\/worldofflowerpots.com\/sklep\/"},{"@type":"ListItem","position":3,"name":"Donica Marco 6"}]},{"@type":"WebSite","@id":"https:\/\/worldofflowerpots.com\/#website","url":"https:\/\/worldofflowerpots.com\/","name":"World of Flowerpots","description":"producent donic ozdobnych","potentialAction":[{"@type":"SearchAction","target":{"@type":"EntryPoint","urlTemplate":"https:\/\/worldofflowerpots.com\/?s={search_term_string}"},"query-input":{"@type":"PropertyValueSpecification","valueRequired":true,"valueName":"search_term_string"}}],"inLanguage":"pl-PL"}]}},"_links":{"self":[{"href":"https:\/\/worldofflowerpots.com\/pl\/wp-json\/wp\/v2\/product\/50860","targetHints":{"allow":["GET"]}}],"collection":[{"href":"https:\/\/worldofflowerpots.com\/pl\/wp-json\/wp\/v2\/product"}],"about":[{"href":"https:\/\/worldofflowerpots.com\/pl\/wp-json\/wp\/v2\/types\/product"}],"wp:featuredmedia":[{"embeddable":true,"href":"https:\/\/worldofflowerpots.com\/pl\/wp-json\/wp\/v2\/media\/57755"}],"wp:attachment":[{"href":"https:\/\/worldofflowerpots.com\/pl\/wp-json\/wp\/v2\/media?parent=50860"}],"wp:term":[{"taxonomy":"product_brand","embeddable":true,"href":"https:\/\/worldofflowerpots.com\/pl\/wp-json\/wp\/v2\/product_brand?post=50860"},{"taxonomy":"product_cat","embeddable":true,"href":"https:\/\/worldofflowerpots.com\/pl\/wp-json\/wp\/v2\/product_cat?post=50860"},{"taxonomy":"product_tag","embeddable":true,"href":"https:\/\/worldofflowerpots.com\/pl\/wp-json\/wp\/v2\/product_tag?post=50860"}],"curies":[{"name":"wp","href":"https:\/\/api.w.org\/{rel}","templated":true}]}}