{"id":50873,"date":"2019-01-18T15:09:48","date_gmt":"2019-01-18T14:09:48","guid":{"rendered":"https:\/\/worldofflowerpots.com\/product\/import-placeholder-for-222\/"},"modified":"2019-04-05T12:48:30","modified_gmt":"2019-04-05T10:48:30","slug":"kwadratowe-donice-plastikowe-marco-7","status":"publish","type":"product","link":"https:\/\/worldofflowerpots.com\/pl\/sklep\/kwadratowe-donice-plastikowe-marco-7\/","title":{"rendered":"Kwadratowe donice plastikowe Marco 7"},"content":{"rendered":"<h2><strong>Niecodzienne donice plastikowe<\/strong><\/h2>\n<p>Wyrazisto\u015b\u0107, du\u017ce gabaryty, stabilno\u015b\u0107 i prosty design &#8211; tym charakteryzuj\u0105 si\u0119 du\u017ce donice ogrodowe, balkonowe i tarasowe. Dla wielbicieli ciekawego, a jednocze\u015bnie minimalistycznego stylu dobrym rozwi\u0105zaniem b\u0119d\u0105 kwadratowe donice plastikowe.<\/p>\n<h2><strong>Wsparcie dla wszystkich ro\u015blin<\/strong><\/h2>\n<p>Donica z w\u0142\u00f3kna szklanego Marco 7 to praktyczny dodatek, kt\u00f3ry mo\u017cemy wykorzysta\u0107 do stworzenia ciekawego wygl\u0105du ogrodu, balkonu, tarasu. Jest ona wykonana z lekkich materia\u0142\u00f3w, kt\u00f3re jednocze\u015bnie wytrzymaj\u0105 r\u00f3\u017cne warunki pogodowe. Mog\u0105 bez problemu sta\u0107 ca\u0142y rok na zewn\u0105trz i nic si\u0119 z nimi nie stanie. Mo\u017cna wykorzysta\u0107 donice do zasadzenia ulubionych kwiat\u00f3w, sukulent\u00f3w oraz drzewek, kt\u00f3re na pewno stworz\u0105 ciekawy klimat na zewn\u0105trz. Ziele\u0144 wok\u00f3\u0142 domu i mieszkania jest uk\u0142onem w stron\u0119 natury, do kt\u00f3rej teraz ka\u017cdy cz\u0142owiek lgnie. W du\u017cym mie\u015bcie, gdzie nie zawsze mamy tyle zieleni ile by\u015bmy chcieli, taras pe\u0142ny sadzonek to pi\u0119kna ozdoba oraz w\u0142asny park za oknem. W ogrodzie mo\u017cna wykona\u0107 z dowolnej ilo\u015bci doniczek ca\u0142\u0105 alejk\u0119 bogat\u0105 w r\u00f3\u017cnego gatunku kwiaty oraz drzewka. Kwadratowe donice plastikowe mog\u0105 s\u0142u\u017cy\u0107 jako doniczki, ale te\u017c jako os\u0142onki do doniczek. S\u0105 wykonywane z otworem oraz bez otworu na dnie w zale\u017cno\u015bci od \u017cyczenia klienta.<\/p>\n<h2><strong>Kolor i wyko\u0144czenie jakie chcesz<\/strong><\/h2>\n<p>Dzi\u0119ki bogatej kolorystyce mo\u017cna wykona\u0107 naprawd\u0119 pi\u0119kn\u0105 dekoracj\u0119 balkonu czy ogrodu. Donica Marco 7 dost\u0119pna jest w wersji po\u0142yskuj\u0105cej i matowej. Warto wybra\u0107 jeden typ. Lepsze wra\u017cenie wizualne robi zestaw matowych lub b\u0142yszcz\u0105cych donic ni\u017c mieszanych. Mo\u017cna wybra\u0107 jeden kolor, ale warto te\u017c poeksperymentowa\u0107 i na przyk\u0142ad wybra\u0107 dwa kontrastowe lub podobne &#8211; r\u00f3\u017cni\u0105ce si\u0119 odcieniem &#8211; kolory. Mo\u017cna skomponowa\u0107 bia\u0142o-czarny zestaw donic, albo jasnoszare donice z ciemnoszarymi. Pomys\u0142\u00f3w jest tak du\u017co jak klient\u00f3w. Mo\u017cna r\u00f3wnie\u017c dobra\u0107 kolor do elewacji i do koloru balkonu czy tarasu, ale te\u017c stworzy\u0107 ciekawe po\u0142\u0105czenia kolorystyczne.<\/p>\n<h2><strong>Wytrzyma\u0142o\u015b\u0107 i stabilno\u015b\u0107<\/strong><\/h2>\n<p>Donica Marco 7 jest odporna na bardzo r\u00f3\u017cne warunki pogodowe i temperatury: mr\u00f3z, upa\u0142, deszcz, \u015bnieg. Wytrzyma te\u017c du\u017ce wiatry. Mo\u017ce sta\u0107 na zewn\u0105trz ca\u0142y rok. Dzi\u0119ki w\u0142\u00f3knu szklanemu nie porysuj\u0105 si\u0119, nie zniszcz\u0105. Bardzo d\u0142ugo b\u0119d\u0105 wygl\u0105da\u0142y estetycznie i robi\u0142y dobre wra\u017cenie. Dla wielbicieli dekoracji i zieleni donice o du\u017cych rozmiarach to ciekawy spos\u00f3b na wykonanie ciekawej aran\u017cacji zewn\u0119trznej.<\/p>\n","protected":false},"excerpt":{"rendered":"<p>Donica plastikowa z w\u0142\u00f3kna szklanego Marco 7 z w\u0142\u00f3kna szklanego oraz \u017cywicy do stosowania wewn\u0105trz jako donica lub jako os\u0142onka. Donice dost\u0119pne we wszystkich kolorach palety RAL w wersji matowej i w po\u0142ysku. Donice s\u0105 wyposa\u017cone w otwory odp\u0142ywowe w dnie (na wyra\u017ane \u017cyczenie klienta mo\u017ce zosta\u0107 wykonana bez otworu odp\u0142ywowego), boczne \u015bcianki wy\u0142o\u017cone s\u0105 styropianem. Wymiary donicy: d\u0142ugo\u015b\u0107: 100 cm, szeroko\u015b\u0107: 100 cm, wysoko\u015b\u0107: 80 cm.<\/p>\n","protected":false},"featured_media":57695,"template":"","meta":{"_acf_changed":false},"product_brand":[],"product_cat":[205],"product_tag":[444,451],"class_list":{"0":"post-50873","1":"product","2":"type-product","3":"status-publish","4":"has-post-thumbnail","6":"product_cat-donice-z-wlokna-szklanego-plastiku","7":"product_tag-donice-ogrodowe","8":"product_tag-donice-wewnetrzne","9":"description-off","10":"tm-has-options","12":"first","13":"instock","14":"shipping-taxable","15":"purchasable","16":"product-type-simple"},"acf":[],"yoast_head":"<!-- This site is optimized with the Yoast SEO plugin v27.5 - https:\/\/yoast.com\/product\/yoast-seo-wordpress\/ -->\n<title>Kwadratowe Donice Plastikowe Marco 7 - Mocne i Stabilne<\/title>\n<meta name=\"description\" content=\"Kwadratowe donice plastikowe s\u0105 idealne dla wielbicieli minimalistycznego stylu. Mog\u0105 tak\u017ce pe\u0142ni\u0107 funkcj\u0119 os\u0142onek dla mniej ciekawych doniczek.\" \/>\n<meta name=\"robots\" content=\"index, follow, max-snippet:-1, max-image-preview:large, max-video-preview:-1\" \/>\n<link rel=\"canonical\" href=\"https:\/\/worldofflowerpots.com\/sklep\/kwadratowe-donice-plastikowe-marco-7\/\" \/>\n<meta property=\"og:locale\" content=\"pl_PL\" \/>\n<meta property=\"og:type\" content=\"article\" \/>\n<meta property=\"og:title\" content=\"Kwadratowe Donice Plastikowe Marco 7 - Mocne i Stabilne\" \/>\n<meta property=\"og:description\" content=\"Kwadratowe donice plastikowe s\u0105 idealne dla wielbicieli minimalistycznego stylu. Mog\u0105 tak\u017ce pe\u0142ni\u0107 funkcj\u0119 os\u0142onek dla mniej ciekawych doniczek.\" \/>\n<meta property=\"og:url\" content=\"https:\/\/worldofflowerpots.com\/sklep\/kwadratowe-donice-plastikowe-marco-7\/\" \/>\n<meta property=\"og:site_name\" content=\"World of Flowerpots\" \/>\n<meta property=\"article:modified_time\" content=\"2019-04-05T10:48:30+00:00\" \/>\n<meta property=\"og:image\" content=\"https:\/\/worldofflowerpots.com\/wp-content\/uploads\/2019\/01\/Kwadratowe-donice-plastikowe-Marco-7.jpg\" \/>\n\t<meta property=\"og:image:width\" content=\"1920\" \/>\n\t<meta property=\"og:image:height\" content=\"1080\" \/>\n\t<meta property=\"og:image:type\" content=\"image\/jpeg\" \/>\n<meta name=\"twitter:card\" content=\"summary_large_image\" \/>\n<meta name=\"twitter:label1\" content=\"Szacowany czas czytania\" \/>\n\t<meta name=\"twitter:data1\" content=\"2 minuty\" \/>\n<script type=\"application\/ld+json\" class=\"yoast-schema-graph\">{\"@context\":\"https:\\\/\\\/schema.org\",\"@graph\":[{\"@type\":\"WebPage\",\"@id\":\"https:\\\/\\\/worldofflowerpots.com\\\/sklep\\\/kwadratowe-donice-plastikowe-marco-7\\\/\",\"url\":\"https:\\\/\\\/worldofflowerpots.com\\\/sklep\\\/kwadratowe-donice-plastikowe-marco-7\\\/\",\"name\":\"Kwadratowe Donice Plastikowe Marco 7 - Mocne i Stabilne\",\"isPartOf\":{\"@id\":\"https:\\\/\\\/worldofflowerpots.com\\\/#website\"},\"primaryImageOfPage\":{\"@id\":\"https:\\\/\\\/worldofflowerpots.com\\\/sklep\\\/kwadratowe-donice-plastikowe-marco-7\\\/#primaryimage\"},\"image\":{\"@id\":\"https:\\\/\\\/worldofflowerpots.com\\\/sklep\\\/kwadratowe-donice-plastikowe-marco-7\\\/#primaryimage\"},\"thumbnailUrl\":\"https:\\\/\\\/worldofflowerpots.com\\\/wp-content\\\/uploads\\\/2019\\\/01\\\/Kwadratowe-donice-plastikowe-Marco-7.jpg\",\"datePublished\":\"2019-01-18T14:09:48+00:00\",\"dateModified\":\"2019-04-05T10:48:30+00:00\",\"description\":\"Kwadratowe donice plastikowe s\u0105 idealne dla wielbicieli minimalistycznego stylu. Mog\u0105 tak\u017ce pe\u0142ni\u0107 funkcj\u0119 os\u0142onek dla mniej ciekawych doniczek.\",\"breadcrumb\":{\"@id\":\"https:\\\/\\\/worldofflowerpots.com\\\/sklep\\\/kwadratowe-donice-plastikowe-marco-7\\\/#breadcrumb\"},\"inLanguage\":\"pl-PL\",\"potentialAction\":[{\"@type\":\"ReadAction\",\"target\":[\"https:\\\/\\\/worldofflowerpots.com\\\/sklep\\\/kwadratowe-donice-plastikowe-marco-7\\\/\"]}]},{\"@type\":\"ImageObject\",\"inLanguage\":\"pl-PL\",\"@id\":\"https:\\\/\\\/worldofflowerpots.com\\\/sklep\\\/kwadratowe-donice-plastikowe-marco-7\\\/#primaryimage\",\"url\":\"https:\\\/\\\/worldofflowerpots.com\\\/wp-content\\\/uploads\\\/2019\\\/01\\\/Kwadratowe-donice-plastikowe-Marco-7.jpg\",\"contentUrl\":\"https:\\\/\\\/worldofflowerpots.com\\\/wp-content\\\/uploads\\\/2019\\\/01\\\/Kwadratowe-donice-plastikowe-Marco-7.jpg\",\"width\":1920,\"height\":1080},{\"@type\":\"BreadcrumbList\",\"@id\":\"https:\\\/\\\/worldofflowerpots.com\\\/sklep\\\/kwadratowe-donice-plastikowe-marco-7\\\/#breadcrumb\",\"itemListElement\":[{\"@type\":\"ListItem\",\"position\":1,\"name\":\"Strona g\u0142\u00f3wna\",\"item\":\"https:\\\/\\\/worldofflowerpots.com\\\/\"},{\"@type\":\"ListItem\",\"position\":2,\"name\":\"Sklep\",\"item\":\"https:\\\/\\\/worldofflowerpots.com\\\/sklep\\\/\"},{\"@type\":\"ListItem\",\"position\":3,\"name\":\"Kwadratowe donice plastikowe Marco 7\"}]},{\"@type\":\"WebSite\",\"@id\":\"https:\\\/\\\/worldofflowerpots.com\\\/#website\",\"url\":\"https:\\\/\\\/worldofflowerpots.com\\\/\",\"name\":\"World of Flowerpots\",\"description\":\"producent donic ozdobnych\",\"potentialAction\":[{\"@type\":\"SearchAction\",\"target\":{\"@type\":\"EntryPoint\",\"urlTemplate\":\"https:\\\/\\\/worldofflowerpots.com\\\/?s={search_term_string}\"},\"query-input\":{\"@type\":\"PropertyValueSpecification\",\"valueRequired\":true,\"valueName\":\"search_term_string\"}}],\"inLanguage\":\"pl-PL\"}]}<\/script>\n<!-- \/ Yoast SEO plugin. -->","yoast_head_json":{"title":"Kwadratowe Donice Plastikowe Marco 7 - Mocne i Stabilne","description":"Kwadratowe donice plastikowe s\u0105 idealne dla wielbicieli minimalistycznego stylu. Mog\u0105 tak\u017ce pe\u0142ni\u0107 funkcj\u0119 os\u0142onek dla mniej ciekawych doniczek.","robots":{"index":"index","follow":"follow","max-snippet":"max-snippet:-1","max-image-preview":"max-image-preview:large","max-video-preview":"max-video-preview:-1"},"canonical":"https:\/\/worldofflowerpots.com\/sklep\/kwadratowe-donice-plastikowe-marco-7\/","og_locale":"pl_PL","og_type":"article","og_title":"Kwadratowe Donice Plastikowe Marco 7 - Mocne i Stabilne","og_description":"Kwadratowe donice plastikowe s\u0105 idealne dla wielbicieli minimalistycznego stylu. Mog\u0105 tak\u017ce pe\u0142ni\u0107 funkcj\u0119 os\u0142onek dla mniej ciekawych doniczek.","og_url":"https:\/\/worldofflowerpots.com\/sklep\/kwadratowe-donice-plastikowe-marco-7\/","og_site_name":"World of Flowerpots","article_modified_time":"2019-04-05T10:48:30+00:00","og_image":[{"width":1920,"height":1080,"url":"https:\/\/worldofflowerpots.com\/wp-content\/uploads\/2019\/01\/Kwadratowe-donice-plastikowe-Marco-7.jpg","type":"image\/jpeg"}],"twitter_card":"summary_large_image","twitter_misc":{"Szacowany czas czytania":"2 minuty"},"schema":{"@context":"https:\/\/schema.org","@graph":[{"@type":"WebPage","@id":"https:\/\/worldofflowerpots.com\/sklep\/kwadratowe-donice-plastikowe-marco-7\/","url":"https:\/\/worldofflowerpots.com\/sklep\/kwadratowe-donice-plastikowe-marco-7\/","name":"Kwadratowe Donice Plastikowe Marco 7 - Mocne i Stabilne","isPartOf":{"@id":"https:\/\/worldofflowerpots.com\/#website"},"primaryImageOfPage":{"@id":"https:\/\/worldofflowerpots.com\/sklep\/kwadratowe-donice-plastikowe-marco-7\/#primaryimage"},"image":{"@id":"https:\/\/worldofflowerpots.com\/sklep\/kwadratowe-donice-plastikowe-marco-7\/#primaryimage"},"thumbnailUrl":"https:\/\/worldofflowerpots.com\/wp-content\/uploads\/2019\/01\/Kwadratowe-donice-plastikowe-Marco-7.jpg","datePublished":"2019-01-18T14:09:48+00:00","dateModified":"2019-04-05T10:48:30+00:00","description":"Kwadratowe donice plastikowe s\u0105 idealne dla wielbicieli minimalistycznego stylu. Mog\u0105 tak\u017ce pe\u0142ni\u0107 funkcj\u0119 os\u0142onek dla mniej ciekawych doniczek.","breadcrumb":{"@id":"https:\/\/worldofflowerpots.com\/sklep\/kwadratowe-donice-plastikowe-marco-7\/#breadcrumb"},"inLanguage":"pl-PL","potentialAction":[{"@type":"ReadAction","target":["https:\/\/worldofflowerpots.com\/sklep\/kwadratowe-donice-plastikowe-marco-7\/"]}]},{"@type":"ImageObject","inLanguage":"pl-PL","@id":"https:\/\/worldofflowerpots.com\/sklep\/kwadratowe-donice-plastikowe-marco-7\/#primaryimage","url":"https:\/\/worldofflowerpots.com\/wp-content\/uploads\/2019\/01\/Kwadratowe-donice-plastikowe-Marco-7.jpg","contentUrl":"https:\/\/worldofflowerpots.com\/wp-content\/uploads\/2019\/01\/Kwadratowe-donice-plastikowe-Marco-7.jpg","width":1920,"height":1080},{"@type":"BreadcrumbList","@id":"https:\/\/worldofflowerpots.com\/sklep\/kwadratowe-donice-plastikowe-marco-7\/#breadcrumb","itemListElement":[{"@type":"ListItem","position":1,"name":"Strona g\u0142\u00f3wna","item":"https:\/\/worldofflowerpots.com\/"},{"@type":"ListItem","position":2,"name":"Sklep","item":"https:\/\/worldofflowerpots.com\/sklep\/"},{"@type":"ListItem","position":3,"name":"Kwadratowe donice plastikowe Marco 7"}]},{"@type":"WebSite","@id":"https:\/\/worldofflowerpots.com\/#website","url":"https:\/\/worldofflowerpots.com\/","name":"World of Flowerpots","description":"producent donic ozdobnych","potentialAction":[{"@type":"SearchAction","target":{"@type":"EntryPoint","urlTemplate":"https:\/\/worldofflowerpots.com\/?s={search_term_string}"},"query-input":{"@type":"PropertyValueSpecification","valueRequired":true,"valueName":"search_term_string"}}],"inLanguage":"pl-PL"}]}},"_links":{"self":[{"href":"https:\/\/worldofflowerpots.com\/pl\/wp-json\/wp\/v2\/product\/50873","targetHints":{"allow":["GET"]}}],"collection":[{"href":"https:\/\/worldofflowerpots.com\/pl\/wp-json\/wp\/v2\/product"}],"about":[{"href":"https:\/\/worldofflowerpots.com\/pl\/wp-json\/wp\/v2\/types\/product"}],"wp:featuredmedia":[{"embeddable":true,"href":"https:\/\/worldofflowerpots.com\/pl\/wp-json\/wp\/v2\/media\/57695"}],"wp:attachment":[{"href":"https:\/\/worldofflowerpots.com\/pl\/wp-json\/wp\/v2\/media?parent=50873"}],"wp:term":[{"taxonomy":"product_brand","embeddable":true,"href":"https:\/\/worldofflowerpots.com\/pl\/wp-json\/wp\/v2\/product_brand?post=50873"},{"taxonomy":"product_cat","embeddable":true,"href":"https:\/\/worldofflowerpots.com\/pl\/wp-json\/wp\/v2\/product_cat?post=50873"},{"taxonomy":"product_tag","embeddable":true,"href":"https:\/\/worldofflowerpots.com\/pl\/wp-json\/wp\/v2\/product_tag?post=50873"}],"curies":[{"name":"wp","href":"https:\/\/api.w.org\/{rel}","templated":true}]}}