{"id":50874,"date":"2019-01-18T15:09:48","date_gmt":"2019-01-18T14:09:48","guid":{"rendered":"https:\/\/worldofflowerpots.com\/product\/import-placeholder-for-223\/"},"modified":"2019-04-05T12:50:56","modified_gmt":"2019-04-05T10:50:56","slug":"duze-kwadratowe-doniczki-marco-8","status":"publish","type":"product","link":"https:\/\/worldofflowerpots.com\/pl\/sklep\/duze-kwadratowe-doniczki-marco-8\/","title":{"rendered":"Du\u017ce kwadratowe doniczki Marco 8"},"content":{"rendered":"<h2>Ogr\u00f3d w donicy<\/h2>\n<p>Od kilku sezon\u00f3w na szykownych loggiach i tarasach coraz cz\u0119\u015bciej pojawiaj\u0105 si\u0119 du\u017ce, wysokie donice\u00a0o prostych liniach. Odpowiednio zestawione i obsadzone bujn\u0105 ro\u015blinno\u015bci\u0105 stanowi\u0105\u00a0wspania\u0142y element wystroju eleganckich biur i hoteli, ale tak\u017ce domowych balkon\u00f3w, taras\u00f3w, ogrod\u00f3w. Nie tylko dodaj\u0105 urody. Dzi\u0119ki swoim poka\u017anym gabarytom maj\u0105 tak\u017ce walor czysto praktyczny &#8211; dziel\u0105 przestrze\u0144 i przes\u0142aniaj\u0105 mniej atrakcyjne widoki.<\/p>\n<p>Najlepiej sprawdzaj\u0105 si\u0119 w tej roli donice z w\u0142\u00f3kna szklanego. S\u0105 lekkie,\u00a0a zarazem stabilne i mocne,\u00a0odporne na zarysowania, wilgo\u0107 i kaprysy pogody. S\u0105 r\u00f3wnie\u017c bardzo \u0142atwe w konserwacji. Wystarczy je przeciera\u0107 wilgotn\u0105 szmatk\u0105 i gotowe. A przy tym s\u0105 pi\u0119kne. Dost\u0119pne w ca\u0142ej gamie matowych lub po\u0142yskuj\u0105cych kolor\u00f3w, o prostych, ascetycznych kszta\u0142tach. \u015awietnie wkomponuj\u0105 si\u0119 w ka\u017cdy ogr\u00f3d.<\/p>\n<h2>Ro\u015bliny jedno i wieloroczne<\/h2>\n<p>Prosty kszta\u0142t tych pojemnik\u00f3w sprawia, \u017ce znakomicie wygl\u0105daj\u0105 zar\u00f3wno w otoczeniu nowocze\u015bnie ascetycznym, jak i tradycyjnym.\u00a0W\u00a0minimalistycznych aran\u017cacjach znakomicie wygl\u0105daj\u0105 du\u017ce kwadratowe doniczki obsadzone wysok\u0105 traw\u0105. Z kolei mi\u0142o\u015bnicy tradycji mog\u0105 w ogromnej donicy skomponowa\u0107 ca\u0142y mini ogr\u00f3d. Wystarczy zasadzi\u0107 smuk\u0142e, wysokie drzewko w centrum,\u00a0obok doda\u0107 wij\u0105cy si\u0119 bluszcz, a jako dope\u0142nienie &#8211; kwitn\u0105ce ro\u015bliny jednoroczne. Drzewko i bluszcz przetrwaj\u0105 d\u0142ugo, wymienia\u0107 b\u0119dziemy jedynie kwiaty sezonowe.<\/p>\n<h2>Wsz\u0119dzie b\u0119dzie idealnie<\/h2>\n<p>Dwie du\u017ce kwadratowe doniczki ustawione przy frontowym wej\u015bciu b\u0119d\u0105 znakomit\u0105 wizyt\u00f3wk\u0105 domu czy biura. Tak\u017ce zim\u0105, je\u015bli zasadzimy w nich bukszpan, ligustr czy inne zimozielone krzewy. Nie ma obawy, \u017ce ro\u015bliny przemarzn\u0105 &#8211; wewn\u0119trzne \u015bcianki donic zabezpieczone s\u0105 styropianem, kt\u00f3rego zadaniem jest zatrzymanie ciep\u0142a.<\/p>\n<p>Niezale\u017cnie od zasadzonych ro\u015blin, sama du\u017ca\u00a0bry\u0142a donicy jest mocnym akcentem kolorystycznym ogrodu czy tarasu. Do jasnych elewacji z ciemnym dachem\u00a0wybierajmy donice grafitowe, br\u0105zowe albo czarne. Do elewacji ciemnych b\u0119d\u0105 pasowa\u0142y jasne pojemniki. W nowoczesnym i eleganckim\u00a0otoczeniu zawsze dobrym wyborem b\u0119d\u0105 bia\u0142e donice. Z kolei te w jaskrawych barwach \u015bwietnie o\u017cywi\u0105 zbyt blade, troch\u0119 nieciekawe monochromatyczne otoczenie. Wszystkie b\u0119d\u0105 stanowi\u0107 wspania\u0142e uzupe\u0142nienie zadbanego ogrodu.\u00a0Zmieni\u0105 jego charakter, dodaj\u0105c mu szyku, blasku i urody.<\/p>\n","protected":false},"excerpt":{"rendered":"<p>Donica plastikowa z w\u0142\u00f3kna szklanego Marco 8 z w\u0142\u00f3kna szklanego oraz \u017cywicy do stosowania wewn\u0105trz jako donica lub jako os\u0142onka. Donice dost\u0119pne we wszystkich kolorach palety RAL w wersji matowej i w po\u0142ysku. Donice s\u0105 wyposa\u017cone w otwory odp\u0142ywowe w dnie (na wyra\u017ane \u017cyczenie klienta mo\u017ce zosta\u0107 wykonana bez otworu odp\u0142ywowego), boczne \u015bcianki wy\u0142o\u017cone s\u0105 styropianem. Wymiary donicy: d\u0142ugo\u015b\u0107: 100 cm, szeroko\u015b\u0107: 100 cm, wysoko\u015b\u0107: 100 cm.<\/p>\n","protected":false},"featured_media":57705,"template":"","meta":{"_acf_changed":false},"product_brand":[],"product_cat":[205],"product_tag":[444,451],"class_list":{"0":"post-50874","1":"product","2":"type-product","3":"status-publish","4":"has-post-thumbnail","6":"product_cat-donice-z-wlokna-szklanego-plastiku","7":"product_tag-donice-ogrodowe","8":"product_tag-donice-wewnetrzne","9":"description-off","10":"tm-has-options","12":"first","13":"instock","14":"shipping-taxable","15":"purchasable","16":"product-type-simple"},"acf":[],"yoast_head":"<!-- This site is optimized with the Yoast SEO plugin v27.5 - https:\/\/yoast.com\/product\/yoast-seo-wordpress\/ -->\n<title>Du\u017ce Kwadratowe Doniczki z W\u0142\u00f3kna Szklanego Marco 8<\/title>\n<meta name=\"description\" content=\"Dwie du\u017ce kwadratowe doniczki ustawione przy frontowym wej\u015bciu b\u0119d\u0105 znakomit\u0105 wizyt\u00f3wk\u0105 domu czy biura. \u015awietnie wkomponuj\u0105 si\u0119 tak\u017ce w ka\u017cdy ogr\u00f3d.\" \/>\n<meta name=\"robots\" content=\"index, follow, max-snippet:-1, max-image-preview:large, max-video-preview:-1\" \/>\n<link rel=\"canonical\" href=\"https:\/\/worldofflowerpots.com\/sklep\/duze-kwadratowe-doniczki-marco-8\/\" \/>\n<meta property=\"og:locale\" content=\"pl_PL\" \/>\n<meta property=\"og:type\" content=\"article\" \/>\n<meta property=\"og:title\" content=\"Du\u017ce Kwadratowe Doniczki z W\u0142\u00f3kna Szklanego Marco 8\" \/>\n<meta property=\"og:description\" content=\"Dwie du\u017ce kwadratowe doniczki ustawione przy frontowym wej\u015bciu b\u0119d\u0105 znakomit\u0105 wizyt\u00f3wk\u0105 domu czy biura. \u015awietnie wkomponuj\u0105 si\u0119 tak\u017ce w ka\u017cdy ogr\u00f3d.\" \/>\n<meta property=\"og:url\" content=\"https:\/\/worldofflowerpots.com\/sklep\/duze-kwadratowe-doniczki-marco-8\/\" \/>\n<meta property=\"og:site_name\" content=\"World of Flowerpots\" \/>\n<meta property=\"article:modified_time\" content=\"2019-04-05T10:50:56+00:00\" \/>\n<meta property=\"og:image\" content=\"https:\/\/worldofflowerpots.com\/wp-content\/uploads\/2019\/01\/Du\u017ce-kwadratowe-doniczki-Marco-8.jpg\" \/>\n\t<meta property=\"og:image:width\" content=\"1920\" \/>\n\t<meta property=\"og:image:height\" content=\"1080\" \/>\n\t<meta property=\"og:image:type\" content=\"image\/jpeg\" \/>\n<meta name=\"twitter:card\" content=\"summary_large_image\" \/>\n<meta name=\"twitter:label1\" content=\"Szacowany czas czytania\" \/>\n\t<meta name=\"twitter:data1\" content=\"2 minuty\" \/>\n<script type=\"application\/ld+json\" class=\"yoast-schema-graph\">{\"@context\":\"https:\\\/\\\/schema.org\",\"@graph\":[{\"@type\":\"WebPage\",\"@id\":\"https:\\\/\\\/worldofflowerpots.com\\\/sklep\\\/duze-kwadratowe-doniczki-marco-8\\\/\",\"url\":\"https:\\\/\\\/worldofflowerpots.com\\\/sklep\\\/duze-kwadratowe-doniczki-marco-8\\\/\",\"name\":\"Du\u017ce Kwadratowe Doniczki z W\u0142\u00f3kna Szklanego Marco 8\",\"isPartOf\":{\"@id\":\"https:\\\/\\\/worldofflowerpots.com\\\/#website\"},\"primaryImageOfPage\":{\"@id\":\"https:\\\/\\\/worldofflowerpots.com\\\/sklep\\\/duze-kwadratowe-doniczki-marco-8\\\/#primaryimage\"},\"image\":{\"@id\":\"https:\\\/\\\/worldofflowerpots.com\\\/sklep\\\/duze-kwadratowe-doniczki-marco-8\\\/#primaryimage\"},\"thumbnailUrl\":\"https:\\\/\\\/worldofflowerpots.com\\\/wp-content\\\/uploads\\\/2019\\\/01\\\/Du\u017ce-kwadratowe-doniczki-Marco-8.jpg\",\"datePublished\":\"2019-01-18T14:09:48+00:00\",\"dateModified\":\"2019-04-05T10:50:56+00:00\",\"description\":\"Dwie du\u017ce kwadratowe doniczki ustawione przy frontowym wej\u015bciu b\u0119d\u0105 znakomit\u0105 wizyt\u00f3wk\u0105 domu czy biura. \u015awietnie wkomponuj\u0105 si\u0119 tak\u017ce w ka\u017cdy ogr\u00f3d.\",\"breadcrumb\":{\"@id\":\"https:\\\/\\\/worldofflowerpots.com\\\/sklep\\\/duze-kwadratowe-doniczki-marco-8\\\/#breadcrumb\"},\"inLanguage\":\"pl-PL\",\"potentialAction\":[{\"@type\":\"ReadAction\",\"target\":[\"https:\\\/\\\/worldofflowerpots.com\\\/sklep\\\/duze-kwadratowe-doniczki-marco-8\\\/\"]}]},{\"@type\":\"ImageObject\",\"inLanguage\":\"pl-PL\",\"@id\":\"https:\\\/\\\/worldofflowerpots.com\\\/sklep\\\/duze-kwadratowe-doniczki-marco-8\\\/#primaryimage\",\"url\":\"https:\\\/\\\/worldofflowerpots.com\\\/wp-content\\\/uploads\\\/2019\\\/01\\\/Du\u017ce-kwadratowe-doniczki-Marco-8.jpg\",\"contentUrl\":\"https:\\\/\\\/worldofflowerpots.com\\\/wp-content\\\/uploads\\\/2019\\\/01\\\/Du\u017ce-kwadratowe-doniczki-Marco-8.jpg\",\"width\":1920,\"height\":1080},{\"@type\":\"BreadcrumbList\",\"@id\":\"https:\\\/\\\/worldofflowerpots.com\\\/sklep\\\/duze-kwadratowe-doniczki-marco-8\\\/#breadcrumb\",\"itemListElement\":[{\"@type\":\"ListItem\",\"position\":1,\"name\":\"Strona g\u0142\u00f3wna\",\"item\":\"https:\\\/\\\/worldofflowerpots.com\\\/\"},{\"@type\":\"ListItem\",\"position\":2,\"name\":\"Sklep\",\"item\":\"https:\\\/\\\/worldofflowerpots.com\\\/sklep\\\/\"},{\"@type\":\"ListItem\",\"position\":3,\"name\":\"Du\u017ce kwadratowe doniczki Marco 8\"}]},{\"@type\":\"WebSite\",\"@id\":\"https:\\\/\\\/worldofflowerpots.com\\\/#website\",\"url\":\"https:\\\/\\\/worldofflowerpots.com\\\/\",\"name\":\"World of Flowerpots\",\"description\":\"producent donic ozdobnych\",\"potentialAction\":[{\"@type\":\"SearchAction\",\"target\":{\"@type\":\"EntryPoint\",\"urlTemplate\":\"https:\\\/\\\/worldofflowerpots.com\\\/?s={search_term_string}\"},\"query-input\":{\"@type\":\"PropertyValueSpecification\",\"valueRequired\":true,\"valueName\":\"search_term_string\"}}],\"inLanguage\":\"pl-PL\"}]}<\/script>\n<!-- \/ Yoast SEO plugin. -->","yoast_head_json":{"title":"Du\u017ce Kwadratowe Doniczki z W\u0142\u00f3kna Szklanego Marco 8","description":"Dwie du\u017ce kwadratowe doniczki ustawione przy frontowym wej\u015bciu b\u0119d\u0105 znakomit\u0105 wizyt\u00f3wk\u0105 domu czy biura. \u015awietnie wkomponuj\u0105 si\u0119 tak\u017ce w ka\u017cdy ogr\u00f3d.","robots":{"index":"index","follow":"follow","max-snippet":"max-snippet:-1","max-image-preview":"max-image-preview:large","max-video-preview":"max-video-preview:-1"},"canonical":"https:\/\/worldofflowerpots.com\/sklep\/duze-kwadratowe-doniczki-marco-8\/","og_locale":"pl_PL","og_type":"article","og_title":"Du\u017ce Kwadratowe Doniczki z W\u0142\u00f3kna Szklanego Marco 8","og_description":"Dwie du\u017ce kwadratowe doniczki ustawione przy frontowym wej\u015bciu b\u0119d\u0105 znakomit\u0105 wizyt\u00f3wk\u0105 domu czy biura. \u015awietnie wkomponuj\u0105 si\u0119 tak\u017ce w ka\u017cdy ogr\u00f3d.","og_url":"https:\/\/worldofflowerpots.com\/sklep\/duze-kwadratowe-doniczki-marco-8\/","og_site_name":"World of Flowerpots","article_modified_time":"2019-04-05T10:50:56+00:00","og_image":[{"width":1920,"height":1080,"url":"https:\/\/worldofflowerpots.com\/wp-content\/uploads\/2019\/01\/Du\u017ce-kwadratowe-doniczki-Marco-8.jpg","type":"image\/jpeg"}],"twitter_card":"summary_large_image","twitter_misc":{"Szacowany czas czytania":"2 minuty"},"schema":{"@context":"https:\/\/schema.org","@graph":[{"@type":"WebPage","@id":"https:\/\/worldofflowerpots.com\/sklep\/duze-kwadratowe-doniczki-marco-8\/","url":"https:\/\/worldofflowerpots.com\/sklep\/duze-kwadratowe-doniczki-marco-8\/","name":"Du\u017ce Kwadratowe Doniczki z W\u0142\u00f3kna Szklanego Marco 8","isPartOf":{"@id":"https:\/\/worldofflowerpots.com\/#website"},"primaryImageOfPage":{"@id":"https:\/\/worldofflowerpots.com\/sklep\/duze-kwadratowe-doniczki-marco-8\/#primaryimage"},"image":{"@id":"https:\/\/worldofflowerpots.com\/sklep\/duze-kwadratowe-doniczki-marco-8\/#primaryimage"},"thumbnailUrl":"https:\/\/worldofflowerpots.com\/wp-content\/uploads\/2019\/01\/Du\u017ce-kwadratowe-doniczki-Marco-8.jpg","datePublished":"2019-01-18T14:09:48+00:00","dateModified":"2019-04-05T10:50:56+00:00","description":"Dwie du\u017ce kwadratowe doniczki ustawione przy frontowym wej\u015bciu b\u0119d\u0105 znakomit\u0105 wizyt\u00f3wk\u0105 domu czy biura. \u015awietnie wkomponuj\u0105 si\u0119 tak\u017ce w ka\u017cdy ogr\u00f3d.","breadcrumb":{"@id":"https:\/\/worldofflowerpots.com\/sklep\/duze-kwadratowe-doniczki-marco-8\/#breadcrumb"},"inLanguage":"pl-PL","potentialAction":[{"@type":"ReadAction","target":["https:\/\/worldofflowerpots.com\/sklep\/duze-kwadratowe-doniczki-marco-8\/"]}]},{"@type":"ImageObject","inLanguage":"pl-PL","@id":"https:\/\/worldofflowerpots.com\/sklep\/duze-kwadratowe-doniczki-marco-8\/#primaryimage","url":"https:\/\/worldofflowerpots.com\/wp-content\/uploads\/2019\/01\/Du\u017ce-kwadratowe-doniczki-Marco-8.jpg","contentUrl":"https:\/\/worldofflowerpots.com\/wp-content\/uploads\/2019\/01\/Du\u017ce-kwadratowe-doniczki-Marco-8.jpg","width":1920,"height":1080},{"@type":"BreadcrumbList","@id":"https:\/\/worldofflowerpots.com\/sklep\/duze-kwadratowe-doniczki-marco-8\/#breadcrumb","itemListElement":[{"@type":"ListItem","position":1,"name":"Strona g\u0142\u00f3wna","item":"https:\/\/worldofflowerpots.com\/"},{"@type":"ListItem","position":2,"name":"Sklep","item":"https:\/\/worldofflowerpots.com\/sklep\/"},{"@type":"ListItem","position":3,"name":"Du\u017ce kwadratowe doniczki Marco 8"}]},{"@type":"WebSite","@id":"https:\/\/worldofflowerpots.com\/#website","url":"https:\/\/worldofflowerpots.com\/","name":"World of Flowerpots","description":"producent donic ozdobnych","potentialAction":[{"@type":"SearchAction","target":{"@type":"EntryPoint","urlTemplate":"https:\/\/worldofflowerpots.com\/?s={search_term_string}"},"query-input":{"@type":"PropertyValueSpecification","valueRequired":true,"valueName":"search_term_string"}}],"inLanguage":"pl-PL"}]}},"_links":{"self":[{"href":"https:\/\/worldofflowerpots.com\/pl\/wp-json\/wp\/v2\/product\/50874","targetHints":{"allow":["GET"]}}],"collection":[{"href":"https:\/\/worldofflowerpots.com\/pl\/wp-json\/wp\/v2\/product"}],"about":[{"href":"https:\/\/worldofflowerpots.com\/pl\/wp-json\/wp\/v2\/types\/product"}],"wp:featuredmedia":[{"embeddable":true,"href":"https:\/\/worldofflowerpots.com\/pl\/wp-json\/wp\/v2\/media\/57705"}],"wp:attachment":[{"href":"https:\/\/worldofflowerpots.com\/pl\/wp-json\/wp\/v2\/media?parent=50874"}],"wp:term":[{"taxonomy":"product_brand","embeddable":true,"href":"https:\/\/worldofflowerpots.com\/pl\/wp-json\/wp\/v2\/product_brand?post=50874"},{"taxonomy":"product_cat","embeddable":true,"href":"https:\/\/worldofflowerpots.com\/pl\/wp-json\/wp\/v2\/product_cat?post=50874"},{"taxonomy":"product_tag","embeddable":true,"href":"https:\/\/worldofflowerpots.com\/pl\/wp-json\/wp\/v2\/product_tag?post=50874"}],"curies":[{"name":"wp","href":"https:\/\/api.w.org\/{rel}","templated":true}]}}