{"id":50875,"date":"2019-01-18T15:09:48","date_gmt":"2019-01-18T14:09:48","guid":{"rendered":"https:\/\/worldofflowerpots.com\/product\/import-placeholder-for-224\/"},"modified":"2019-04-05T12:53:13","modified_gmt":"2019-04-05T10:53:13","slug":"plastikowe-donice-z-wlokna-szklanego-marco-9","status":"publish","type":"product","link":"https:\/\/worldofflowerpots.com\/pl\/sklep\/plastikowe-donice-z-wlokna-szklanego-marco-9\/","title":{"rendered":"Plastikowe donice z w\u0142\u00f3kna szklanego Marco 9"},"content":{"rendered":"<h2>Plastikowe donice z w\u0142\u00f3kna szklanego Marco 9 &#8211; do firmy i centrum handlowego<\/h2>\n<p>Na rynku mo\u017cna znale\u017a\u0107 donice wykonane z wielu r\u00f3\u017cnych materia\u0142\u00f3w. Ostatnio bardzo popularne s\u0105 du\u017ce donice z w\u0142\u00f3kna szklanego. Jest to zwi\u0105zek, kt\u00f3ry powstaje na bazie szk\u0142a. Materia\u0142 ten posiada wiele zalet, kt\u00f3re wyr\u00f3\u017cniaj\u0105 go spo\u015br\u00f3d innych r\u00f3wnie popularnych tworzyw. Przede wszystkim te z w\u0142\u00f3kna szklane maj\u0105 bardzo unikalny i nowoczesny wygl\u0105d. Doniczki mo\u017cna dopasowa\u0107 do ka\u017cdego wn\u0119trza. Bardzo dobrze sprawdz\u0105 si\u0119 r\u00f3wnie\u017c na zewn\u0105trz; na tarasie, podje\u017adzie czy w ogrodzie. Tworz\u0105 niepowtarzalny charakter i styl w ka\u017cdym miejscu, w kt\u00f3rym si\u0119 je postawi. Na pierwszy rzut oka wydaj\u0105 si\u0119 by\u0107 podobne do doniczek wykonanych z plastiku, jednak w por\u00f3wnaniu z nimi s\u0105 bardziej eleganckie i delikatne.<\/p>\n<h2>\u0141adne i wytrzyma\u0142e<\/h2>\n<p>Warto wspomnie\u0107, \u017ce donice wykonane z w\u0142\u00f3kna szklanego w przeciwie\u0144stwie do tych plastikowych s\u0105 bardzo odporne na warunki atmosferyczne. Nie straszny jest im deszcz, \u015bnieg, wiatr, niska czy za wysoka temperatura. Dlatego z powodzeniem mo\u017cna je ustawi\u0107 na zewn\u0105trz. Bardzo wa\u017cnym atutem jest te\u017c waga tych donic, s\u0105 one bardzo lekkie i bez problemu mo\u017cna je przestawia\u0107 i zmienia\u0107 aran\u017cacj\u0119.<\/p>\n<p>Bardzo dobrym wyborem jest du\u017ca donica z w\u0142\u00f3kna szklanego Marco 9. Ma ona kszta\u0142t prostopad\u0142o\u015bcianu o wymiarach 120 cm d\u0142ugo\u015bci, 120 cm szeroko\u015bci i 60 cm wysoko\u015bci. Boczne \u015bciany doniczki s\u0105 wy\u0142o\u017cone warstw\u0105 styropianu, a w dnie znajduj\u0105 si\u0119 odp\u0142ywowe otwory, kt\u00f3re mog\u0105 zosta\u0107 pomini\u0119te na \u017cyczenie klienta.<\/p>\n<h2>Du\u017ca i kolorowa<\/h2>\n<p>Donica jest dost\u0119pna we wszystkich kolorach z palety RAL, dzi\u0119ki czemu mo\u017cna j\u0105 dopasowa\u0107 do wybranego miejsca i stylu jaki w nim panuje. Dzi\u0119ki swoim wymiarom \u015bwietnie si\u0119 sprawdzi w ka\u017cdej, nawet\u00a0najwi\u0119kszej przestrzeni. Du\u017ca donica z w\u0142\u00f3kna szklanego nadaje si\u0119 do zasadzenia wszelkich ro\u015blin, nawet niewielkich drzewek i krzew\u00f3w. Z powodzeniem mo\u017cna w niej tworzy\u0107 niepowtarzalne kompozycje pasuj\u0105ce r\u00f3wnie\u017c do eleganckich, publicznych pomieszcze\u0144 takie jak np. biura. Jej zalet\u0105 jest te\u017c\u00a0niebywa\u0142a stabilno\u015b\u0107. Opr\u00f3cz odporno\u015bci na warunki atmosferyczne donica jest r\u00f3wnie\u017c odporna na wszelkie czynniki mechaniczne. Wszystko to dzi\u0119ki niepowtarzalnej mieszanki maty szklanej, \u017celkotu i \u017cywicy, kt\u00f3ra dodatkowo dobrze dba o stan ro\u015blin.<\/p>\n","protected":false},"excerpt":{"rendered":"<p>Donica plastikowa z w\u0142\u00f3kna szklanego Marco 9 z w\u0142\u00f3kna szklanego oraz \u017cywicy do stosowania wewn\u0105trz jako donica lub jako os\u0142onka. Donice dost\u0119pne we wszystkich kolorach palety RAL w wersji matowej i w po\u0142ysku. Donice s\u0105 wyposa\u017cone w otwory odp\u0142ywowe w dnie (na wyra\u017ane \u017cyczenie klienta mo\u017ce zosta\u0107 wykonana bez otworu odp\u0142ywowego), boczne \u015bcianki wy\u0142o\u017cone s\u0105 styropianem. Wymiary donicy: d\u0142ugo\u015b\u0107: 120 cm, szeroko\u015b\u0107: 120 cm, wysoko\u015b\u0107: 60 cm.<\/p>\n","protected":false},"featured_media":57715,"template":"","meta":{"_acf_changed":false},"product_brand":[],"product_cat":[205],"product_tag":[451],"class_list":{"0":"post-50875","1":"product","2":"type-product","3":"status-publish","4":"has-post-thumbnail","6":"product_cat-donice-z-wlokna-szklanego-plastiku","7":"product_tag-donice-wewnetrzne","8":"description-off","9":"tm-has-options","11":"first","12":"instock","13":"shipping-taxable","14":"purchasable","15":"product-type-simple"},"acf":[],"yoast_head":"<!-- This site is optimized with the Yoast SEO plugin v27.5 - https:\/\/yoast.com\/product\/yoast-seo-wordpress\/ -->\n<title>Plastikowe Donice z W\u0142\u00f3kna Szklanego Marco 9 do Przestrzeni Publicznej<\/title>\n<meta name=\"description\" content=\"Plastikowe donice z w\u0142\u00f3kna szklanego s\u0105 dost\u0119pne we wszystkich kolorach z palety RAL, dzi\u0119ki czemu mo\u017cna je dopasowa\u0107 do ka\u017cdego miejsca.\" \/>\n<meta name=\"robots\" content=\"index, follow, max-snippet:-1, max-image-preview:large, max-video-preview:-1\" \/>\n<link rel=\"canonical\" href=\"https:\/\/worldofflowerpots.com\/sklep\/plastikowe-donice-z-wlokna-szklanego-marco-9\/\" \/>\n<meta property=\"og:locale\" content=\"pl_PL\" \/>\n<meta property=\"og:type\" content=\"article\" \/>\n<meta property=\"og:title\" content=\"Plastikowe Donice z W\u0142\u00f3kna Szklanego Marco 9 do Przestrzeni Publicznej\" \/>\n<meta property=\"og:description\" content=\"Plastikowe donice z w\u0142\u00f3kna szklanego s\u0105 dost\u0119pne we wszystkich kolorach z palety RAL, dzi\u0119ki czemu mo\u017cna je dopasowa\u0107 do ka\u017cdego miejsca.\" \/>\n<meta property=\"og:url\" content=\"https:\/\/worldofflowerpots.com\/sklep\/plastikowe-donice-z-wlokna-szklanego-marco-9\/\" \/>\n<meta property=\"og:site_name\" content=\"World of Flowerpots\" \/>\n<meta property=\"article:modified_time\" content=\"2019-04-05T10:53:13+00:00\" \/>\n<meta property=\"og:image\" content=\"https:\/\/worldofflowerpots.com\/wp-content\/uploads\/2019\/01\/Plastikowe-donice-z-w\u0142\u00f3kna-szklanego-Marco-9.jpg\" \/>\n\t<meta property=\"og:image:width\" content=\"1920\" \/>\n\t<meta property=\"og:image:height\" content=\"1080\" \/>\n\t<meta property=\"og:image:type\" content=\"image\/jpeg\" \/>\n<meta name=\"twitter:card\" content=\"summary_large_image\" \/>\n<meta name=\"twitter:label1\" content=\"Szacowany czas czytania\" \/>\n\t<meta name=\"twitter:data1\" content=\"2 minuty\" \/>\n<script type=\"application\/ld+json\" class=\"yoast-schema-graph\">{\"@context\":\"https:\\\/\\\/schema.org\",\"@graph\":[{\"@type\":\"WebPage\",\"@id\":\"https:\\\/\\\/worldofflowerpots.com\\\/sklep\\\/plastikowe-donice-z-wlokna-szklanego-marco-9\\\/\",\"url\":\"https:\\\/\\\/worldofflowerpots.com\\\/sklep\\\/plastikowe-donice-z-wlokna-szklanego-marco-9\\\/\",\"name\":\"Plastikowe Donice z W\u0142\u00f3kna Szklanego Marco 9 do Przestrzeni Publicznej\",\"isPartOf\":{\"@id\":\"https:\\\/\\\/worldofflowerpots.com\\\/#website\"},\"primaryImageOfPage\":{\"@id\":\"https:\\\/\\\/worldofflowerpots.com\\\/sklep\\\/plastikowe-donice-z-wlokna-szklanego-marco-9\\\/#primaryimage\"},\"image\":{\"@id\":\"https:\\\/\\\/worldofflowerpots.com\\\/sklep\\\/plastikowe-donice-z-wlokna-szklanego-marco-9\\\/#primaryimage\"},\"thumbnailUrl\":\"https:\\\/\\\/worldofflowerpots.com\\\/wp-content\\\/uploads\\\/2019\\\/01\\\/Plastikowe-donice-z-w\u0142\u00f3kna-szklanego-Marco-9.jpg\",\"datePublished\":\"2019-01-18T14:09:48+00:00\",\"dateModified\":\"2019-04-05T10:53:13+00:00\",\"description\":\"Plastikowe donice z w\u0142\u00f3kna szklanego s\u0105 dost\u0119pne we wszystkich kolorach z palety RAL, dzi\u0119ki czemu mo\u017cna je dopasowa\u0107 do ka\u017cdego miejsca.\",\"breadcrumb\":{\"@id\":\"https:\\\/\\\/worldofflowerpots.com\\\/sklep\\\/plastikowe-donice-z-wlokna-szklanego-marco-9\\\/#breadcrumb\"},\"inLanguage\":\"pl-PL\",\"potentialAction\":[{\"@type\":\"ReadAction\",\"target\":[\"https:\\\/\\\/worldofflowerpots.com\\\/sklep\\\/plastikowe-donice-z-wlokna-szklanego-marco-9\\\/\"]}]},{\"@type\":\"ImageObject\",\"inLanguage\":\"pl-PL\",\"@id\":\"https:\\\/\\\/worldofflowerpots.com\\\/sklep\\\/plastikowe-donice-z-wlokna-szklanego-marco-9\\\/#primaryimage\",\"url\":\"https:\\\/\\\/worldofflowerpots.com\\\/wp-content\\\/uploads\\\/2019\\\/01\\\/Plastikowe-donice-z-w\u0142\u00f3kna-szklanego-Marco-9.jpg\",\"contentUrl\":\"https:\\\/\\\/worldofflowerpots.com\\\/wp-content\\\/uploads\\\/2019\\\/01\\\/Plastikowe-donice-z-w\u0142\u00f3kna-szklanego-Marco-9.jpg\",\"width\":1920,\"height\":1080},{\"@type\":\"BreadcrumbList\",\"@id\":\"https:\\\/\\\/worldofflowerpots.com\\\/sklep\\\/plastikowe-donice-z-wlokna-szklanego-marco-9\\\/#breadcrumb\",\"itemListElement\":[{\"@type\":\"ListItem\",\"position\":1,\"name\":\"Strona g\u0142\u00f3wna\",\"item\":\"https:\\\/\\\/worldofflowerpots.com\\\/\"},{\"@type\":\"ListItem\",\"position\":2,\"name\":\"Sklep\",\"item\":\"https:\\\/\\\/worldofflowerpots.com\\\/sklep\\\/\"},{\"@type\":\"ListItem\",\"position\":3,\"name\":\"Plastikowe donice z w\u0142\u00f3kna szklanego Marco 9\"}]},{\"@type\":\"WebSite\",\"@id\":\"https:\\\/\\\/worldofflowerpots.com\\\/#website\",\"url\":\"https:\\\/\\\/worldofflowerpots.com\\\/\",\"name\":\"World of Flowerpots\",\"description\":\"producent donic ozdobnych\",\"potentialAction\":[{\"@type\":\"SearchAction\",\"target\":{\"@type\":\"EntryPoint\",\"urlTemplate\":\"https:\\\/\\\/worldofflowerpots.com\\\/?s={search_term_string}\"},\"query-input\":{\"@type\":\"PropertyValueSpecification\",\"valueRequired\":true,\"valueName\":\"search_term_string\"}}],\"inLanguage\":\"pl-PL\"}]}<\/script>\n<!-- \/ Yoast SEO plugin. -->","yoast_head_json":{"title":"Plastikowe Donice z W\u0142\u00f3kna Szklanego Marco 9 do Przestrzeni Publicznej","description":"Plastikowe donice z w\u0142\u00f3kna szklanego s\u0105 dost\u0119pne we wszystkich kolorach z palety RAL, dzi\u0119ki czemu mo\u017cna je dopasowa\u0107 do ka\u017cdego miejsca.","robots":{"index":"index","follow":"follow","max-snippet":"max-snippet:-1","max-image-preview":"max-image-preview:large","max-video-preview":"max-video-preview:-1"},"canonical":"https:\/\/worldofflowerpots.com\/sklep\/plastikowe-donice-z-wlokna-szklanego-marco-9\/","og_locale":"pl_PL","og_type":"article","og_title":"Plastikowe Donice z W\u0142\u00f3kna Szklanego Marco 9 do Przestrzeni Publicznej","og_description":"Plastikowe donice z w\u0142\u00f3kna szklanego s\u0105 dost\u0119pne we wszystkich kolorach z palety RAL, dzi\u0119ki czemu mo\u017cna je dopasowa\u0107 do ka\u017cdego miejsca.","og_url":"https:\/\/worldofflowerpots.com\/sklep\/plastikowe-donice-z-wlokna-szklanego-marco-9\/","og_site_name":"World of Flowerpots","article_modified_time":"2019-04-05T10:53:13+00:00","og_image":[{"width":1920,"height":1080,"url":"https:\/\/worldofflowerpots.com\/wp-content\/uploads\/2019\/01\/Plastikowe-donice-z-w\u0142\u00f3kna-szklanego-Marco-9.jpg","type":"image\/jpeg"}],"twitter_card":"summary_large_image","twitter_misc":{"Szacowany czas czytania":"2 minuty"},"schema":{"@context":"https:\/\/schema.org","@graph":[{"@type":"WebPage","@id":"https:\/\/worldofflowerpots.com\/sklep\/plastikowe-donice-z-wlokna-szklanego-marco-9\/","url":"https:\/\/worldofflowerpots.com\/sklep\/plastikowe-donice-z-wlokna-szklanego-marco-9\/","name":"Plastikowe Donice z W\u0142\u00f3kna Szklanego Marco 9 do Przestrzeni Publicznej","isPartOf":{"@id":"https:\/\/worldofflowerpots.com\/#website"},"primaryImageOfPage":{"@id":"https:\/\/worldofflowerpots.com\/sklep\/plastikowe-donice-z-wlokna-szklanego-marco-9\/#primaryimage"},"image":{"@id":"https:\/\/worldofflowerpots.com\/sklep\/plastikowe-donice-z-wlokna-szklanego-marco-9\/#primaryimage"},"thumbnailUrl":"https:\/\/worldofflowerpots.com\/wp-content\/uploads\/2019\/01\/Plastikowe-donice-z-w\u0142\u00f3kna-szklanego-Marco-9.jpg","datePublished":"2019-01-18T14:09:48+00:00","dateModified":"2019-04-05T10:53:13+00:00","description":"Plastikowe donice z w\u0142\u00f3kna szklanego s\u0105 dost\u0119pne we wszystkich kolorach z palety RAL, dzi\u0119ki czemu mo\u017cna je dopasowa\u0107 do ka\u017cdego miejsca.","breadcrumb":{"@id":"https:\/\/worldofflowerpots.com\/sklep\/plastikowe-donice-z-wlokna-szklanego-marco-9\/#breadcrumb"},"inLanguage":"pl-PL","potentialAction":[{"@type":"ReadAction","target":["https:\/\/worldofflowerpots.com\/sklep\/plastikowe-donice-z-wlokna-szklanego-marco-9\/"]}]},{"@type":"ImageObject","inLanguage":"pl-PL","@id":"https:\/\/worldofflowerpots.com\/sklep\/plastikowe-donice-z-wlokna-szklanego-marco-9\/#primaryimage","url":"https:\/\/worldofflowerpots.com\/wp-content\/uploads\/2019\/01\/Plastikowe-donice-z-w\u0142\u00f3kna-szklanego-Marco-9.jpg","contentUrl":"https:\/\/worldofflowerpots.com\/wp-content\/uploads\/2019\/01\/Plastikowe-donice-z-w\u0142\u00f3kna-szklanego-Marco-9.jpg","width":1920,"height":1080},{"@type":"BreadcrumbList","@id":"https:\/\/worldofflowerpots.com\/sklep\/plastikowe-donice-z-wlokna-szklanego-marco-9\/#breadcrumb","itemListElement":[{"@type":"ListItem","position":1,"name":"Strona g\u0142\u00f3wna","item":"https:\/\/worldofflowerpots.com\/"},{"@type":"ListItem","position":2,"name":"Sklep","item":"https:\/\/worldofflowerpots.com\/sklep\/"},{"@type":"ListItem","position":3,"name":"Plastikowe donice z w\u0142\u00f3kna szklanego Marco 9"}]},{"@type":"WebSite","@id":"https:\/\/worldofflowerpots.com\/#website","url":"https:\/\/worldofflowerpots.com\/","name":"World of Flowerpots","description":"producent donic ozdobnych","potentialAction":[{"@type":"SearchAction","target":{"@type":"EntryPoint","urlTemplate":"https:\/\/worldofflowerpots.com\/?s={search_term_string}"},"query-input":{"@type":"PropertyValueSpecification","valueRequired":true,"valueName":"search_term_string"}}],"inLanguage":"pl-PL"}]}},"_links":{"self":[{"href":"https:\/\/worldofflowerpots.com\/pl\/wp-json\/wp\/v2\/product\/50875","targetHints":{"allow":["GET"]}}],"collection":[{"href":"https:\/\/worldofflowerpots.com\/pl\/wp-json\/wp\/v2\/product"}],"about":[{"href":"https:\/\/worldofflowerpots.com\/pl\/wp-json\/wp\/v2\/types\/product"}],"wp:featuredmedia":[{"embeddable":true,"href":"https:\/\/worldofflowerpots.com\/pl\/wp-json\/wp\/v2\/media\/57715"}],"wp:attachment":[{"href":"https:\/\/worldofflowerpots.com\/pl\/wp-json\/wp\/v2\/media?parent=50875"}],"wp:term":[{"taxonomy":"product_brand","embeddable":true,"href":"https:\/\/worldofflowerpots.com\/pl\/wp-json\/wp\/v2\/product_brand?post=50875"},{"taxonomy":"product_cat","embeddable":true,"href":"https:\/\/worldofflowerpots.com\/pl\/wp-json\/wp\/v2\/product_cat?post=50875"},{"taxonomy":"product_tag","embeddable":true,"href":"https:\/\/worldofflowerpots.com\/pl\/wp-json\/wp\/v2\/product_tag?post=50875"}],"curies":[{"name":"wp","href":"https:\/\/api.w.org\/{rel}","templated":true}]}}