{"id":50876,"date":"2019-01-18T15:09:48","date_gmt":"2019-01-18T14:09:48","guid":{"rendered":"https:\/\/worldofflowerpots.com\/product\/import-placeholder-for-225\/"},"modified":"2019-04-05T12:56:07","modified_gmt":"2019-04-05T10:56:07","slug":"duze-plastikowe-donice-marco-10","status":"publish","type":"product","link":"https:\/\/worldofflowerpots.com\/pl\/sklep\/duze-plastikowe-donice-marco-10\/","title":{"rendered":"Du\u017ce plastikowe donice Marco 10"},"content":{"rendered":"<h2>Przestronna i lekka donica<\/h2>\n<p>Marco 10 to du\u017ce plastikowe donice, idealne do stosowania zewn\u0119trznego. Wykonane s\u0105 z tworzywa sztucznego &#8211; podstawowym materia\u0142em u\u017cytym do produkcji jest w\u0142\u00f3kno szklane i \u017cywica. Jest to materia\u0142 bardzo wytrzyma\u0142y. Donice w standardzie dost\u0119pne s\u0105 z pi\u0119cioma otworami odp\u0142ywowymi, kt\u00f3re gwarantuj\u0105 prawid\u0142owe odprowadzenie wody. Jednak na \u017cyczenie klienta, mo\u017ce by\u0107 wyprodukowana bez otwor\u00f3w. Boczne \u015bcianki donicy Marco 10 zawsze wy\u0142o\u017cone s\u0105 styropianem. Dost\u0119pno\u015b\u0107 we wszystkich kolorach palety RAL zapewnia szeroki wyb\u00f3r barw. Dzi\u0119ki temu produkt wkomponuje si\u0119 do ka\u017cdego ogrodu. Tworzywa sztuczne s\u0105 \u0142atwe do utrzymania w czysto\u015bci co sprawia, \u017ce niezbyt wyg\u00f3rowanym wysi\u0142kiem mog\u0105 by\u0107 zawsze w idealnym stanie wizualnym.<\/p>\n<h2>Do koloru do wyboru<\/h2>\n<p>Du\u017ce plastikowe donice Marco 10 daj\u0105 szerok\u0105 mo\u017cliwo\u015b\u0107 urz\u0105dzenia jej powierzchni. Cech\u0105 charakterystyczn\u0105 tego modelu s\u0105 jego du\u017ce wymiary i kszta\u0142t zbli\u017cony do prostopad\u0142o\u015bcianu. \u015acianki nachylone s\u0105 pod k\u0105tem 90,5 stopnia. D\u0142ugo\u015b\u0107 i szeroko\u015b\u0107 donicy wynosi 120 cm, a wysoko\u015b\u0107 80 cm. Daje to pojemno\u015b\u0107 a\u017c 1100 litr\u00f3w. Dzi\u0119ki zastosowanym materia\u0142om jest bardzo lekka jak na swoje wymiary, bo wa\u017cy jedynie 36 kg. Klient ma r\u00f3wnie\u017c mo\u017cliwo\u015b\u0107 wyboru mi\u0119dzy donic\u0105 w wersji matowej lub w po\u0142ysku. Wyj\u0105tkowe rozmiary daj\u0105 spore mo\u017cliwo\u015bci urz\u0105dzenia ogrodu. Uniwersalny kszta\u0142t sprawia, \u017ce po obsadzeniu krzewami lub kar\u0142owatymi drzewkami mo\u017ce sta\u0107 si\u0119 centralnym punktem przydomowego ziele\u0144ca. Doskona\u0142e zastosowanie znajdzie r\u00f3wnie\u017c na tarasie lub balkonie, gdy\u017c niewielka waga pozwoli na jej \u0142atwe przemieszczanie. Szeroka dost\u0119pno\u015b\u0107 kolorystyczna daje ogromn\u0105 mo\u017cliwo\u015b\u0107 wykorzystania donicy w r\u00f3\u017cnym charakterze i dowolnym miejscu ogrodu. Bogata paleta barw pozwoli podkre\u015bli\u0107 bogate kwiatowe kompozycje, a grafitowe odcienie b\u0119d\u0105 eleganckim dodatkiem ma\u0142ych drzewek.<\/p>\n<h2>Przede wszystkim wytrzyma\u0142o\u015b\u0107<\/h2>\n<p>Produkt wykonany jest z w\u0142\u00f3kna szklanego &#8211; jest to elegancki i wytrzyma\u0142y materia\u0142. Dzi\u0119ki swojej wytrzyma\u0142o\u015bci znajduje zastosowanie w wielu dziedzinach, a przede wszystkim do produkcji kad\u0142ub\u00f3w jacht\u00f3w, \u017cagl\u00f3wek i \u0142odzi. Zastosowanie tego surowca gwarantuje, \u017ce donica Marco 10 jest odporna na wszelkie uszkodzenia mechaniczne i zmienne warunki atmosferyczne. Jest te\u017c w 100% mrozoodporna. Dzi\u0119ki produkcji z w\u0142\u00f3kna szklanego, \u015bcianki donicy s\u0105 grube i sztywne, a przy tym nie wa\u017cy du\u017co.<\/p>\n","protected":false},"excerpt":{"rendered":"<p>Donica plastikowa z w\u0142\u00f3kna szklanego Marco 10 z w\u0142\u00f3kna szklanego oraz \u017cywicy do stosowania wewn\u0105trz jako donica lub jako os\u0142onka. Donice dost\u0119pne we wszystkich kolorach palety RAL w wersji matowej i w po\u0142ysku. Donice s\u0105 wyposa\u017cone w otwory odp\u0142ywowe w dnie (na wyra\u017ane \u017cyczenie klienta mo\u017ce zosta\u0107 wykonana bez otworu odp\u0142ywowego), boczne \u015bcianki wy\u0142o\u017cone s\u0105 styropianem. Wymiary donicy: d\u0142ugo\u015b\u0107: 120 cm, szeroko\u015b\u0107: 120 cm, wysoko\u015b\u0107: 80 cm.<\/p>\n","protected":false},"featured_media":57725,"template":"","meta":{"_acf_changed":false},"product_brand":[],"product_cat":[205],"product_tag":[451],"class_list":{"0":"post-50876","1":"product","2":"type-product","3":"status-publish","4":"has-post-thumbnail","6":"product_cat-donice-z-wlokna-szklanego-plastiku","7":"product_tag-donice-wewnetrzne","8":"description-off","9":"tm-has-options","11":"first","12":"instock","13":"shipping-taxable","14":"purchasable","15":"product-type-simple"},"acf":[],"yoast_head":"<!-- This site is optimized with the Yoast SEO plugin v27.5 - https:\/\/yoast.com\/product\/yoast-seo-wordpress\/ -->\n<title>Du\u017ce plastikowe donice Marco 10 Do Ogrodu i Na Taras<\/title>\n<meta name=\"description\" content=\"Du\u017ce plastikowe donice Marco 10 daj\u0105 szerok\u0105 mo\u017cliwo\u015b\u0107 urz\u0105dzenia jej powierzchni. Cech\u0105 charakterystyczn\u0105 tego modelu s\u0105 jego du\u017ce wymiary.\" \/>\n<meta name=\"robots\" content=\"index, follow, max-snippet:-1, max-image-preview:large, max-video-preview:-1\" \/>\n<link rel=\"canonical\" href=\"https:\/\/worldofflowerpots.com\/sklep\/duze-plastikowe-donice-marco-10\/\" \/>\n<meta property=\"og:locale\" content=\"pl_PL\" \/>\n<meta property=\"og:type\" content=\"article\" \/>\n<meta property=\"og:title\" content=\"Du\u017ce plastikowe donice Marco 10 Do Ogrodu i Na Taras\" \/>\n<meta property=\"og:description\" content=\"Du\u017ce plastikowe donice Marco 10 daj\u0105 szerok\u0105 mo\u017cliwo\u015b\u0107 urz\u0105dzenia jej powierzchni. Cech\u0105 charakterystyczn\u0105 tego modelu s\u0105 jego du\u017ce wymiary.\" \/>\n<meta property=\"og:url\" content=\"https:\/\/worldofflowerpots.com\/sklep\/duze-plastikowe-donice-marco-10\/\" \/>\n<meta property=\"og:site_name\" content=\"World of Flowerpots\" \/>\n<meta property=\"article:modified_time\" content=\"2019-04-05T10:56:07+00:00\" \/>\n<meta property=\"og:image\" content=\"https:\/\/worldofflowerpots.com\/wp-content\/uploads\/2019\/01\/Du\u017ce-plastikowe-donice-Marco-10.jpg\" \/>\n\t<meta property=\"og:image:width\" content=\"1920\" \/>\n\t<meta property=\"og:image:height\" content=\"1080\" \/>\n\t<meta property=\"og:image:type\" content=\"image\/jpeg\" \/>\n<meta name=\"twitter:card\" content=\"summary_large_image\" \/>\n<meta name=\"twitter:label1\" content=\"Szacowany czas czytania\" \/>\n\t<meta name=\"twitter:data1\" content=\"2 minuty\" \/>\n<script type=\"application\/ld+json\" class=\"yoast-schema-graph\">{\"@context\":\"https:\\\/\\\/schema.org\",\"@graph\":[{\"@type\":\"WebPage\",\"@id\":\"https:\\\/\\\/worldofflowerpots.com\\\/sklep\\\/duze-plastikowe-donice-marco-10\\\/\",\"url\":\"https:\\\/\\\/worldofflowerpots.com\\\/sklep\\\/duze-plastikowe-donice-marco-10\\\/\",\"name\":\"Du\u017ce plastikowe donice Marco 10 Do Ogrodu i Na Taras\",\"isPartOf\":{\"@id\":\"https:\\\/\\\/worldofflowerpots.com\\\/#website\"},\"primaryImageOfPage\":{\"@id\":\"https:\\\/\\\/worldofflowerpots.com\\\/sklep\\\/duze-plastikowe-donice-marco-10\\\/#primaryimage\"},\"image\":{\"@id\":\"https:\\\/\\\/worldofflowerpots.com\\\/sklep\\\/duze-plastikowe-donice-marco-10\\\/#primaryimage\"},\"thumbnailUrl\":\"https:\\\/\\\/worldofflowerpots.com\\\/wp-content\\\/uploads\\\/2019\\\/01\\\/Du\u017ce-plastikowe-donice-Marco-10.jpg\",\"datePublished\":\"2019-01-18T14:09:48+00:00\",\"dateModified\":\"2019-04-05T10:56:07+00:00\",\"description\":\"Du\u017ce plastikowe donice Marco 10 daj\u0105 szerok\u0105 mo\u017cliwo\u015b\u0107 urz\u0105dzenia jej powierzchni. Cech\u0105 charakterystyczn\u0105 tego modelu s\u0105 jego du\u017ce wymiary.\",\"breadcrumb\":{\"@id\":\"https:\\\/\\\/worldofflowerpots.com\\\/sklep\\\/duze-plastikowe-donice-marco-10\\\/#breadcrumb\"},\"inLanguage\":\"pl-PL\",\"potentialAction\":[{\"@type\":\"ReadAction\",\"target\":[\"https:\\\/\\\/worldofflowerpots.com\\\/sklep\\\/duze-plastikowe-donice-marco-10\\\/\"]}]},{\"@type\":\"ImageObject\",\"inLanguage\":\"pl-PL\",\"@id\":\"https:\\\/\\\/worldofflowerpots.com\\\/sklep\\\/duze-plastikowe-donice-marco-10\\\/#primaryimage\",\"url\":\"https:\\\/\\\/worldofflowerpots.com\\\/wp-content\\\/uploads\\\/2019\\\/01\\\/Du\u017ce-plastikowe-donice-Marco-10.jpg\",\"contentUrl\":\"https:\\\/\\\/worldofflowerpots.com\\\/wp-content\\\/uploads\\\/2019\\\/01\\\/Du\u017ce-plastikowe-donice-Marco-10.jpg\",\"width\":1920,\"height\":1080},{\"@type\":\"BreadcrumbList\",\"@id\":\"https:\\\/\\\/worldofflowerpots.com\\\/sklep\\\/duze-plastikowe-donice-marco-10\\\/#breadcrumb\",\"itemListElement\":[{\"@type\":\"ListItem\",\"position\":1,\"name\":\"Strona g\u0142\u00f3wna\",\"item\":\"https:\\\/\\\/worldofflowerpots.com\\\/\"},{\"@type\":\"ListItem\",\"position\":2,\"name\":\"Sklep\",\"item\":\"https:\\\/\\\/worldofflowerpots.com\\\/sklep\\\/\"},{\"@type\":\"ListItem\",\"position\":3,\"name\":\"Du\u017ce plastikowe donice Marco 10\"}]},{\"@type\":\"WebSite\",\"@id\":\"https:\\\/\\\/worldofflowerpots.com\\\/#website\",\"url\":\"https:\\\/\\\/worldofflowerpots.com\\\/\",\"name\":\"World of Flowerpots\",\"description\":\"producent donic ozdobnych\",\"potentialAction\":[{\"@type\":\"SearchAction\",\"target\":{\"@type\":\"EntryPoint\",\"urlTemplate\":\"https:\\\/\\\/worldofflowerpots.com\\\/?s={search_term_string}\"},\"query-input\":{\"@type\":\"PropertyValueSpecification\",\"valueRequired\":true,\"valueName\":\"search_term_string\"}}],\"inLanguage\":\"pl-PL\"}]}<\/script>\n<!-- \/ Yoast SEO plugin. -->","yoast_head_json":{"title":"Du\u017ce plastikowe donice Marco 10 Do Ogrodu i Na Taras","description":"Du\u017ce plastikowe donice Marco 10 daj\u0105 szerok\u0105 mo\u017cliwo\u015b\u0107 urz\u0105dzenia jej powierzchni. Cech\u0105 charakterystyczn\u0105 tego modelu s\u0105 jego du\u017ce wymiary.","robots":{"index":"index","follow":"follow","max-snippet":"max-snippet:-1","max-image-preview":"max-image-preview:large","max-video-preview":"max-video-preview:-1"},"canonical":"https:\/\/worldofflowerpots.com\/sklep\/duze-plastikowe-donice-marco-10\/","og_locale":"pl_PL","og_type":"article","og_title":"Du\u017ce plastikowe donice Marco 10 Do Ogrodu i Na Taras","og_description":"Du\u017ce plastikowe donice Marco 10 daj\u0105 szerok\u0105 mo\u017cliwo\u015b\u0107 urz\u0105dzenia jej powierzchni. Cech\u0105 charakterystyczn\u0105 tego modelu s\u0105 jego du\u017ce wymiary.","og_url":"https:\/\/worldofflowerpots.com\/sklep\/duze-plastikowe-donice-marco-10\/","og_site_name":"World of Flowerpots","article_modified_time":"2019-04-05T10:56:07+00:00","og_image":[{"width":1920,"height":1080,"url":"https:\/\/worldofflowerpots.com\/wp-content\/uploads\/2019\/01\/Du\u017ce-plastikowe-donice-Marco-10.jpg","type":"image\/jpeg"}],"twitter_card":"summary_large_image","twitter_misc":{"Szacowany czas czytania":"2 minuty"},"schema":{"@context":"https:\/\/schema.org","@graph":[{"@type":"WebPage","@id":"https:\/\/worldofflowerpots.com\/sklep\/duze-plastikowe-donice-marco-10\/","url":"https:\/\/worldofflowerpots.com\/sklep\/duze-plastikowe-donice-marco-10\/","name":"Du\u017ce plastikowe donice Marco 10 Do Ogrodu i Na Taras","isPartOf":{"@id":"https:\/\/worldofflowerpots.com\/#website"},"primaryImageOfPage":{"@id":"https:\/\/worldofflowerpots.com\/sklep\/duze-plastikowe-donice-marco-10\/#primaryimage"},"image":{"@id":"https:\/\/worldofflowerpots.com\/sklep\/duze-plastikowe-donice-marco-10\/#primaryimage"},"thumbnailUrl":"https:\/\/worldofflowerpots.com\/wp-content\/uploads\/2019\/01\/Du\u017ce-plastikowe-donice-Marco-10.jpg","datePublished":"2019-01-18T14:09:48+00:00","dateModified":"2019-04-05T10:56:07+00:00","description":"Du\u017ce plastikowe donice Marco 10 daj\u0105 szerok\u0105 mo\u017cliwo\u015b\u0107 urz\u0105dzenia jej powierzchni. Cech\u0105 charakterystyczn\u0105 tego modelu s\u0105 jego du\u017ce wymiary.","breadcrumb":{"@id":"https:\/\/worldofflowerpots.com\/sklep\/duze-plastikowe-donice-marco-10\/#breadcrumb"},"inLanguage":"pl-PL","potentialAction":[{"@type":"ReadAction","target":["https:\/\/worldofflowerpots.com\/sklep\/duze-plastikowe-donice-marco-10\/"]}]},{"@type":"ImageObject","inLanguage":"pl-PL","@id":"https:\/\/worldofflowerpots.com\/sklep\/duze-plastikowe-donice-marco-10\/#primaryimage","url":"https:\/\/worldofflowerpots.com\/wp-content\/uploads\/2019\/01\/Du\u017ce-plastikowe-donice-Marco-10.jpg","contentUrl":"https:\/\/worldofflowerpots.com\/wp-content\/uploads\/2019\/01\/Du\u017ce-plastikowe-donice-Marco-10.jpg","width":1920,"height":1080},{"@type":"BreadcrumbList","@id":"https:\/\/worldofflowerpots.com\/sklep\/duze-plastikowe-donice-marco-10\/#breadcrumb","itemListElement":[{"@type":"ListItem","position":1,"name":"Strona g\u0142\u00f3wna","item":"https:\/\/worldofflowerpots.com\/"},{"@type":"ListItem","position":2,"name":"Sklep","item":"https:\/\/worldofflowerpots.com\/sklep\/"},{"@type":"ListItem","position":3,"name":"Du\u017ce plastikowe donice Marco 10"}]},{"@type":"WebSite","@id":"https:\/\/worldofflowerpots.com\/#website","url":"https:\/\/worldofflowerpots.com\/","name":"World of Flowerpots","description":"producent donic ozdobnych","potentialAction":[{"@type":"SearchAction","target":{"@type":"EntryPoint","urlTemplate":"https:\/\/worldofflowerpots.com\/?s={search_term_string}"},"query-input":{"@type":"PropertyValueSpecification","valueRequired":true,"valueName":"search_term_string"}}],"inLanguage":"pl-PL"}]}},"_links":{"self":[{"href":"https:\/\/worldofflowerpots.com\/pl\/wp-json\/wp\/v2\/product\/50876","targetHints":{"allow":["GET"]}}],"collection":[{"href":"https:\/\/worldofflowerpots.com\/pl\/wp-json\/wp\/v2\/product"}],"about":[{"href":"https:\/\/worldofflowerpots.com\/pl\/wp-json\/wp\/v2\/types\/product"}],"wp:featuredmedia":[{"embeddable":true,"href":"https:\/\/worldofflowerpots.com\/pl\/wp-json\/wp\/v2\/media\/57725"}],"wp:attachment":[{"href":"https:\/\/worldofflowerpots.com\/pl\/wp-json\/wp\/v2\/media?parent=50876"}],"wp:term":[{"taxonomy":"product_brand","embeddable":true,"href":"https:\/\/worldofflowerpots.com\/pl\/wp-json\/wp\/v2\/product_brand?post=50876"},{"taxonomy":"product_cat","embeddable":true,"href":"https:\/\/worldofflowerpots.com\/pl\/wp-json\/wp\/v2\/product_cat?post=50876"},{"taxonomy":"product_tag","embeddable":true,"href":"https:\/\/worldofflowerpots.com\/pl\/wp-json\/wp\/v2\/product_tag?post=50876"}],"curies":[{"name":"wp","href":"https:\/\/api.w.org\/{rel}","templated":true}]}}