{"id":50886,"date":"2019-01-18T15:10:10","date_gmt":"2019-01-18T14:10:10","guid":{"rendered":"https:\/\/worldofflowerpots.com\/product\/import-placeholder-for-226\/"},"modified":"2019-04-05T12:42:54","modified_gmt":"2019-04-05T10:42:54","slug":"duze-doniczki-z-wlokna-szklanego-marco-11","status":"publish","type":"product","link":"https:\/\/worldofflowerpots.com\/pl\/sklep\/duze-doniczki-z-wlokna-szklanego-marco-11\/","title":{"rendered":"Du\u017ce doniczki z w\u0142\u00f3kna szklanego Marco 11"},"content":{"rendered":"<h2>Prosta forma po\u0142\u0105czona z elegancj\u0105<\/h2>\n<p>Aran\u017cuj\u0105c ogr\u00f3d b\u0105d\u017a przestrze\u0144 wok\u00f3\u0142 domu, warto pochyli\u0107 si\u0119 nad dekoracyjnymi donicami, kt\u00f3re nadadz\u0105 styl oraz przytulny klimat.\u00a0Du\u017ce doniczki z w\u0142\u00f3kna szklanego\u00a0doskonale sprawdz\u0105 si\u0119 w\u015br\u00f3d zewn\u0119trznych kompozycji. Jednak nie jest to ich ograniczeniem, gdy\u017c r\u00f3wnie kunsztownie prezentuj\u0105 si\u0119 jako element dekoracyjny wn\u0119trza. Mo\u017cemy zatem zastosowa\u0107 je w biurze, hotelowym lobby, restauracji, a nawet salonie. Niew\u0105tpliwie ich szyk oraz elegancki wygl\u0105d zdobi ka\u017cde pomieszczenie. Oferowane produkty ciesz\u0105 si\u0119 rosn\u0105cym zainteresowaniem w\u015br\u00f3d os\u00f3b preferuj\u0105cych minimalizm, a tym samym nie lubi\u0105cych rezygnowa\u0107 z efektowno\u015bci. Wobec tego jedynym ograniczeniem staje si\u0119 nasza wyobra\u017ania i fantazja.<\/p>\n<h2>Nie tylko styl, ale i jako\u015b\u0107<\/h2>\n<p>Tworzywo, jakim jest w\u0142\u00f3kno szklane, ze wzgl\u0119du na swoje w\u0142a\u015bciwo\u015bci \u00a0wykorzystuje si\u0119 w rozmaitych ga\u0142\u0119ziach produkcji.\u00a0Du\u017ce doniczki z w\u0142\u00f3kna szklanego\u00a0spe\u0142niaj\u0105 oczekiwania nawet najbardziej wymagaj\u0105cych klient\u00f3w. Na ich korzy\u015b\u0107 przemawia fakt wytrzyma\u0142o\u015bci oraz odporno\u015bci na wszelkie uszkodzenia mechaniczne. Zatem nie straszne im ani niskie, ani wysokie temperatury. Nie p\u0119kaj\u0105, nie odkszta\u0142caj\u0105 si\u0119 ani nie blakn\u0105. Ponadto, dzi\u0119ki zastosowanym otworom odp\u0142ywowym s\u0105 przyjazne ro\u015blinom. Du\u017ce rozmiary sprawiaj\u0105, \u017ce bez trudu mo\u017cna posadzi\u0107 w nich trawy, a nawet krzewy. Jednoczesna lekko\u015b\u0107 wykorzystanego materia\u0142u, czyni produkty wygodnymi w u\u017cytkowaniu, a tak\u017ce \u0142atwymi w piel\u0119gnacji. W efekcie nie tylko \u015bwietnie wygl\u0105daj\u0105, ale r\u00f3wnie\u017c s\u0105 bardzo praktyczne.<\/p>\n<h2>Dekoracja, nastr\u00f3j, spok\u00f3j i klimat<\/h2>\n<p>Nic tak nie wp\u0142ywa na dobre samopoczucie, jak otaczaj\u0105cy nas pi\u0119kny widok. Zielone ro\u015bliny posadzone w efektownych donicach sprawi\u0105, \u017ce dzie\u0144 staje si\u0119 o wiele przyjemniejszy. Polecane przez nasz\u0105 firm\u0119 produkty skrywaj\u0105 w sobie nieocenione pi\u0119kno. Jego umiej\u0119tnie wykorzystane, udekoruje wn\u0119trza albo doda charakteru ogrodom, balkonom lub tarasom. Szeroka gama kolor\u00f3w pozwala wybra\u0107 najlepiej komponuj\u0105cy si\u0119 model. Staramy si\u0119 sprosta\u0107 oczekiwaniom ka\u017cdego klienta. Dlatego\u00a0du\u017ce doniczki z w\u0142\u00f3kna szklanego\u00a0to nie tylko klimat, ale r\u00f3wnie\u017c atrakcyjna cena.<\/p>\n","protected":false},"excerpt":{"rendered":"<p>Donica plastikowa z w\u0142\u00f3kna szklanego Marco 11 z w\u0142\u00f3kna szklanego oraz \u017cywicy do stosowania wewn\u0105trz jako donica lub jako os\u0142onka. Donice dost\u0119pne we wszystkich kolorach palety RAL w wersji matowej i w po\u0142ysku. Donice s\u0105 wyposa\u017cone w otwory odp\u0142ywowe w dnie (na wyra\u017ane \u017cyczenie klienta mo\u017ce zosta\u0107 wykonana bez otworu odp\u0142ywowego), boczne \u015bcianki wy\u0142o\u017cone s\u0105 styropianem. Wymiary donicy: d\u0142ugo\u015b\u0107: 120 cm, szeroko\u015b\u0107: 120 cm, wysoko\u015b\u0107: 100 cm.<\/p>\n","protected":false},"featured_media":57665,"template":"","meta":{"_acf_changed":false},"product_brand":[],"product_cat":[205],"product_tag":[444,451],"class_list":{"0":"post-50886","1":"product","2":"type-product","3":"status-publish","4":"has-post-thumbnail","6":"product_cat-donice-z-wlokna-szklanego-plastiku","7":"product_tag-donice-ogrodowe","8":"product_tag-donice-wewnetrzne","9":"description-off","10":"tm-has-options","12":"first","13":"instock","14":"shipping-taxable","15":"purchasable","16":"product-type-simple"},"acf":[],"yoast_head":"<!-- This site is optimized with the Yoast SEO plugin v27.5 - https:\/\/yoast.com\/product\/yoast-seo-wordpress\/ -->\n<title>Du\u017ce Doniczki z W\u0142\u00f3kna Szklanego Marco 11 Dla Sporych Ro\u015blin<\/title>\n<meta name=\"description\" content=\"Du\u017ce doniczki z w\u0142\u00f3kna szklanego doskonale sprawdz\u0105 si\u0119 w\u015br\u00f3d zewn\u0119trznych kompozycji. S\u0105 te\u017c \u015bwietnym sposobem na zagospodarowanie do du\u017cych przestrzeni.\" \/>\n<meta name=\"robots\" content=\"index, follow, max-snippet:-1, max-image-preview:large, max-video-preview:-1\" \/>\n<link rel=\"canonical\" href=\"https:\/\/worldofflowerpots.com\/sklep\/duze-doniczki-z-wlokna-szklanego-marco-11\/\" \/>\n<meta property=\"og:locale\" content=\"pl_PL\" \/>\n<meta property=\"og:type\" content=\"article\" \/>\n<meta property=\"og:title\" content=\"Du\u017ce Doniczki z W\u0142\u00f3kna Szklanego Marco 11 Dla Sporych Ro\u015blin\" \/>\n<meta property=\"og:description\" content=\"Du\u017ce doniczki z w\u0142\u00f3kna szklanego doskonale sprawdz\u0105 si\u0119 w\u015br\u00f3d zewn\u0119trznych kompozycji. S\u0105 te\u017c \u015bwietnym sposobem na zagospodarowanie do du\u017cych przestrzeni.\" \/>\n<meta property=\"og:url\" content=\"https:\/\/worldofflowerpots.com\/sklep\/duze-doniczki-z-wlokna-szklanego-marco-11\/\" \/>\n<meta property=\"og:site_name\" content=\"World of Flowerpots\" \/>\n<meta property=\"article:modified_time\" content=\"2019-04-05T10:42:54+00:00\" \/>\n<meta property=\"og:image\" content=\"https:\/\/worldofflowerpots.com\/wp-content\/uploads\/2019\/01\/Du\u017ce-doniczki-z-w\u0142\u00f3kna-szklanego-Marco-11.jpg\" \/>\n\t<meta property=\"og:image:width\" content=\"1920\" \/>\n\t<meta property=\"og:image:height\" content=\"1080\" \/>\n\t<meta property=\"og:image:type\" content=\"image\/jpeg\" \/>\n<meta name=\"twitter:card\" content=\"summary_large_image\" \/>\n<meta name=\"twitter:label1\" content=\"Szacowany czas czytania\" \/>\n\t<meta name=\"twitter:data1\" content=\"2 minuty\" \/>\n<script type=\"application\/ld+json\" class=\"yoast-schema-graph\">{\"@context\":\"https:\\\/\\\/schema.org\",\"@graph\":[{\"@type\":\"WebPage\",\"@id\":\"https:\\\/\\\/worldofflowerpots.com\\\/sklep\\\/duze-doniczki-z-wlokna-szklanego-marco-11\\\/\",\"url\":\"https:\\\/\\\/worldofflowerpots.com\\\/sklep\\\/duze-doniczki-z-wlokna-szklanego-marco-11\\\/\",\"name\":\"Du\u017ce Doniczki z W\u0142\u00f3kna Szklanego Marco 11 Dla Sporych Ro\u015blin\",\"isPartOf\":{\"@id\":\"https:\\\/\\\/worldofflowerpots.com\\\/#website\"},\"primaryImageOfPage\":{\"@id\":\"https:\\\/\\\/worldofflowerpots.com\\\/sklep\\\/duze-doniczki-z-wlokna-szklanego-marco-11\\\/#primaryimage\"},\"image\":{\"@id\":\"https:\\\/\\\/worldofflowerpots.com\\\/sklep\\\/duze-doniczki-z-wlokna-szklanego-marco-11\\\/#primaryimage\"},\"thumbnailUrl\":\"https:\\\/\\\/worldofflowerpots.com\\\/wp-content\\\/uploads\\\/2019\\\/01\\\/Du\u017ce-doniczki-z-w\u0142\u00f3kna-szklanego-Marco-11.jpg\",\"datePublished\":\"2019-01-18T14:10:10+00:00\",\"dateModified\":\"2019-04-05T10:42:54+00:00\",\"description\":\"Du\u017ce doniczki z w\u0142\u00f3kna szklanego doskonale sprawdz\u0105 si\u0119 w\u015br\u00f3d zewn\u0119trznych kompozycji. S\u0105 te\u017c \u015bwietnym sposobem na zagospodarowanie do du\u017cych przestrzeni.\",\"breadcrumb\":{\"@id\":\"https:\\\/\\\/worldofflowerpots.com\\\/sklep\\\/duze-doniczki-z-wlokna-szklanego-marco-11\\\/#breadcrumb\"},\"inLanguage\":\"pl-PL\",\"potentialAction\":[{\"@type\":\"ReadAction\",\"target\":[\"https:\\\/\\\/worldofflowerpots.com\\\/sklep\\\/duze-doniczki-z-wlokna-szklanego-marco-11\\\/\"]}]},{\"@type\":\"ImageObject\",\"inLanguage\":\"pl-PL\",\"@id\":\"https:\\\/\\\/worldofflowerpots.com\\\/sklep\\\/duze-doniczki-z-wlokna-szklanego-marco-11\\\/#primaryimage\",\"url\":\"https:\\\/\\\/worldofflowerpots.com\\\/wp-content\\\/uploads\\\/2019\\\/01\\\/Du\u017ce-doniczki-z-w\u0142\u00f3kna-szklanego-Marco-11.jpg\",\"contentUrl\":\"https:\\\/\\\/worldofflowerpots.com\\\/wp-content\\\/uploads\\\/2019\\\/01\\\/Du\u017ce-doniczki-z-w\u0142\u00f3kna-szklanego-Marco-11.jpg\",\"width\":1920,\"height\":1080},{\"@type\":\"BreadcrumbList\",\"@id\":\"https:\\\/\\\/worldofflowerpots.com\\\/sklep\\\/duze-doniczki-z-wlokna-szklanego-marco-11\\\/#breadcrumb\",\"itemListElement\":[{\"@type\":\"ListItem\",\"position\":1,\"name\":\"Strona g\u0142\u00f3wna\",\"item\":\"https:\\\/\\\/worldofflowerpots.com\\\/\"},{\"@type\":\"ListItem\",\"position\":2,\"name\":\"Sklep\",\"item\":\"https:\\\/\\\/worldofflowerpots.com\\\/sklep\\\/\"},{\"@type\":\"ListItem\",\"position\":3,\"name\":\"Du\u017ce doniczki z w\u0142\u00f3kna szklanego Marco 11\"}]},{\"@type\":\"WebSite\",\"@id\":\"https:\\\/\\\/worldofflowerpots.com\\\/#website\",\"url\":\"https:\\\/\\\/worldofflowerpots.com\\\/\",\"name\":\"World of Flowerpots\",\"description\":\"producent donic ozdobnych\",\"potentialAction\":[{\"@type\":\"SearchAction\",\"target\":{\"@type\":\"EntryPoint\",\"urlTemplate\":\"https:\\\/\\\/worldofflowerpots.com\\\/?s={search_term_string}\"},\"query-input\":{\"@type\":\"PropertyValueSpecification\",\"valueRequired\":true,\"valueName\":\"search_term_string\"}}],\"inLanguage\":\"pl-PL\"}]}<\/script>\n<!-- \/ Yoast SEO plugin. -->","yoast_head_json":{"title":"Du\u017ce Doniczki z W\u0142\u00f3kna Szklanego Marco 11 Dla Sporych Ro\u015blin","description":"Du\u017ce doniczki z w\u0142\u00f3kna szklanego doskonale sprawdz\u0105 si\u0119 w\u015br\u00f3d zewn\u0119trznych kompozycji. S\u0105 te\u017c \u015bwietnym sposobem na zagospodarowanie do du\u017cych przestrzeni.","robots":{"index":"index","follow":"follow","max-snippet":"max-snippet:-1","max-image-preview":"max-image-preview:large","max-video-preview":"max-video-preview:-1"},"canonical":"https:\/\/worldofflowerpots.com\/sklep\/duze-doniczki-z-wlokna-szklanego-marco-11\/","og_locale":"pl_PL","og_type":"article","og_title":"Du\u017ce Doniczki z W\u0142\u00f3kna Szklanego Marco 11 Dla Sporych Ro\u015blin","og_description":"Du\u017ce doniczki z w\u0142\u00f3kna szklanego doskonale sprawdz\u0105 si\u0119 w\u015br\u00f3d zewn\u0119trznych kompozycji. S\u0105 te\u017c \u015bwietnym sposobem na zagospodarowanie do du\u017cych przestrzeni.","og_url":"https:\/\/worldofflowerpots.com\/sklep\/duze-doniczki-z-wlokna-szklanego-marco-11\/","og_site_name":"World of Flowerpots","article_modified_time":"2019-04-05T10:42:54+00:00","og_image":[{"width":1920,"height":1080,"url":"https:\/\/worldofflowerpots.com\/wp-content\/uploads\/2019\/01\/Du\u017ce-doniczki-z-w\u0142\u00f3kna-szklanego-Marco-11.jpg","type":"image\/jpeg"}],"twitter_card":"summary_large_image","twitter_misc":{"Szacowany czas czytania":"2 minuty"},"schema":{"@context":"https:\/\/schema.org","@graph":[{"@type":"WebPage","@id":"https:\/\/worldofflowerpots.com\/sklep\/duze-doniczki-z-wlokna-szklanego-marco-11\/","url":"https:\/\/worldofflowerpots.com\/sklep\/duze-doniczki-z-wlokna-szklanego-marco-11\/","name":"Du\u017ce Doniczki z W\u0142\u00f3kna Szklanego Marco 11 Dla Sporych Ro\u015blin","isPartOf":{"@id":"https:\/\/worldofflowerpots.com\/#website"},"primaryImageOfPage":{"@id":"https:\/\/worldofflowerpots.com\/sklep\/duze-doniczki-z-wlokna-szklanego-marco-11\/#primaryimage"},"image":{"@id":"https:\/\/worldofflowerpots.com\/sklep\/duze-doniczki-z-wlokna-szklanego-marco-11\/#primaryimage"},"thumbnailUrl":"https:\/\/worldofflowerpots.com\/wp-content\/uploads\/2019\/01\/Du\u017ce-doniczki-z-w\u0142\u00f3kna-szklanego-Marco-11.jpg","datePublished":"2019-01-18T14:10:10+00:00","dateModified":"2019-04-05T10:42:54+00:00","description":"Du\u017ce doniczki z w\u0142\u00f3kna szklanego doskonale sprawdz\u0105 si\u0119 w\u015br\u00f3d zewn\u0119trznych kompozycji. S\u0105 te\u017c \u015bwietnym sposobem na zagospodarowanie do du\u017cych przestrzeni.","breadcrumb":{"@id":"https:\/\/worldofflowerpots.com\/sklep\/duze-doniczki-z-wlokna-szklanego-marco-11\/#breadcrumb"},"inLanguage":"pl-PL","potentialAction":[{"@type":"ReadAction","target":["https:\/\/worldofflowerpots.com\/sklep\/duze-doniczki-z-wlokna-szklanego-marco-11\/"]}]},{"@type":"ImageObject","inLanguage":"pl-PL","@id":"https:\/\/worldofflowerpots.com\/sklep\/duze-doniczki-z-wlokna-szklanego-marco-11\/#primaryimage","url":"https:\/\/worldofflowerpots.com\/wp-content\/uploads\/2019\/01\/Du\u017ce-doniczki-z-w\u0142\u00f3kna-szklanego-Marco-11.jpg","contentUrl":"https:\/\/worldofflowerpots.com\/wp-content\/uploads\/2019\/01\/Du\u017ce-doniczki-z-w\u0142\u00f3kna-szklanego-Marco-11.jpg","width":1920,"height":1080},{"@type":"BreadcrumbList","@id":"https:\/\/worldofflowerpots.com\/sklep\/duze-doniczki-z-wlokna-szklanego-marco-11\/#breadcrumb","itemListElement":[{"@type":"ListItem","position":1,"name":"Strona g\u0142\u00f3wna","item":"https:\/\/worldofflowerpots.com\/"},{"@type":"ListItem","position":2,"name":"Sklep","item":"https:\/\/worldofflowerpots.com\/sklep\/"},{"@type":"ListItem","position":3,"name":"Du\u017ce doniczki z w\u0142\u00f3kna szklanego Marco 11"}]},{"@type":"WebSite","@id":"https:\/\/worldofflowerpots.com\/#website","url":"https:\/\/worldofflowerpots.com\/","name":"World of Flowerpots","description":"producent donic ozdobnych","potentialAction":[{"@type":"SearchAction","target":{"@type":"EntryPoint","urlTemplate":"https:\/\/worldofflowerpots.com\/?s={search_term_string}"},"query-input":{"@type":"PropertyValueSpecification","valueRequired":true,"valueName":"search_term_string"}}],"inLanguage":"pl-PL"}]}},"_links":{"self":[{"href":"https:\/\/worldofflowerpots.com\/pl\/wp-json\/wp\/v2\/product\/50886","targetHints":{"allow":["GET"]}}],"collection":[{"href":"https:\/\/worldofflowerpots.com\/pl\/wp-json\/wp\/v2\/product"}],"about":[{"href":"https:\/\/worldofflowerpots.com\/pl\/wp-json\/wp\/v2\/types\/product"}],"wp:featuredmedia":[{"embeddable":true,"href":"https:\/\/worldofflowerpots.com\/pl\/wp-json\/wp\/v2\/media\/57665"}],"wp:attachment":[{"href":"https:\/\/worldofflowerpots.com\/pl\/wp-json\/wp\/v2\/media?parent=50886"}],"wp:term":[{"taxonomy":"product_brand","embeddable":true,"href":"https:\/\/worldofflowerpots.com\/pl\/wp-json\/wp\/v2\/product_brand?post=50886"},{"taxonomy":"product_cat","embeddable":true,"href":"https:\/\/worldofflowerpots.com\/pl\/wp-json\/wp\/v2\/product_cat?post=50886"},{"taxonomy":"product_tag","embeddable":true,"href":"https:\/\/worldofflowerpots.com\/pl\/wp-json\/wp\/v2\/product_tag?post=50886"}],"curies":[{"name":"wp","href":"https:\/\/api.w.org\/{rel}","templated":true}]}}