{"id":50887,"date":"2019-01-18T15:10:10","date_gmt":"2019-01-18T14:10:10","guid":{"rendered":"https:\/\/worldofflowerpots.com\/product\/import-placeholder-for-227\/"},"modified":"2019-04-05T12:44:58","modified_gmt":"2019-04-05T10:44:58","slug":"doniczki-plastikowe-duze-marco-12","status":"publish","type":"product","link":"https:\/\/worldofflowerpots.com\/pl\/sklep\/doniczki-plastikowe-duze-marco-12\/","title":{"rendered":"Doniczki plastikowe du\u017ce Marco 12"},"content":{"rendered":"<p>Szukasz donicy przeznaczonej do ro\u015blin doniczkowych o poka\u017anych rozmiarach? Takich, kt\u00f3re wymagaj\u0105 solidnego podparcia i dost\u0119pu do wi\u0119kszych przestrzeni? Je\u015bli tak, to donica plastikowa Marco 12, jest stworzona z my\u015bl\u0105 o Tobie!<\/p>\n<h2>Trwa\u0142o\u015b\u0107 wykonania<\/h2>\n<p>Donica plastikowa Marco 12 jest wykonana z bardzo wytrzyma\u0142ego i odpornego na uszkodzenia, w\u0142\u00f3kna szklanego oraz z \u017cywicy. Elementy tworz\u0105ce t\u0105 solidn\u0105 konstrukcj\u0119 po\u0142\u0105czone s\u0105 ze sob\u0105 w idealnych proporcjach, co przek\u0142ada si\u0119 na jej wytrzyma\u0142o\u015b\u0107. Mo\u017ce by\u0107 zatem \u015bmia\u0142o stosowana zar\u00f3wno w zaciszu domowych wn\u0119trz jak i s\u0142u\u017cy\u0107 jako os\u0142onka w ogrodzie, tarasie lub na balkonie. Klasyczny, prosty, a zarazem bardzo subtelny kszta\u0142t donicy Marco 12 sprawi, \u017ce wpisze si\u0119 ona z powodzeniem w aran\u017cacj\u0119 ka\u017cdego zielonego otoczenia. Dodatkowo wyposa\u017cona jest ona w otwory odp\u0142ywowe w dnie, kt\u00f3re na \u017cyczenie klienta nie musz\u0105 by\u0107 wykonane. Wy\u0142o\u017cenie bocznych \u015bcian donicy styropianem, zapewnia dodatkowe wzmocnienie i ochron\u0119 termiczn\u0105 umieszczonych w niej ro\u015blin. Doniczki plastikowe du\u017ce cechuj\u0105 si\u0119 wybitn\u0105 wytrzyma\u0142o\u015bci\u0105 i odporno\u015bci\u0105 na uszkodzenia. Pomimo du\u017cych gabaryt\u00f3w jej odbi\u00f3r wizualny oddaje ukryt\u0105 w niej delikatno\u015b\u0107 i zaskakuj\u0105c\u0105 lekko\u015b\u0107.<\/p>\n<h2>Ukryta subtelno\u015b\u0107<\/h2>\n<p>Pomimo du\u017cego gabarytu donicy plastikowej Marco 12, nie traci ona na subtelno\u015bci swojego wygl\u0105du. Dzi\u0119ki swojemu rozmiarowi i solidnemu wykonaniu zapewni umieszczonym w niej ro\u015blinom pe\u0142n\u0105 stabilizacj\u0119 niezale\u017cnie od panuj\u0105cych warunk\u00f3w pogodowych. Spot\u0119guje ona dodatkowo wra\u017cenie wizualne umieszczonej w niej mozaiki florystycznej i odda pe\u0142ni\u0119 jej pi\u0119kna. Szeroka gama dost\u0119pnych odcieni w nowoczesnym po\u0142yskuj\u0105cym wyko\u0144czeniu, uzupe\u0142ni ostateczny obraz stworzonej kompozycji. Z kolei wyko\u0144czenie matowe \u015bwietnie wpisze si\u0119 w eleganckie stonowane otoczenie. Wyb\u00f3r odpowiedniego koloru pozwoli na dopasowanie donicy do dowolnego wystroju wn\u0119trza lub do dowolnej kompozycji kolorystycznej ogrodu.<\/p>\n<h2>Efektowny odbi\u00f3r<\/h2>\n<p>Doniczki plastikowe du\u017ce idealnie odnajd\u0105 si\u0119 w obszernych przestrzeniach ogrodowych, a tak\u017ce w pomieszczeniach o wi\u0119kszej powierzchni. Pomimo jej znacznych gabaryt\u00f3w, jej ukryta subtelno\u015b\u0107 sprawi, \u017ce kompozycja w niej umieszczona nie b\u0119dzie przyt\u0142oczona, ale pi\u0119knie wyeksponowana. Donica przepi\u0119knie wkomponuje si\u0119 w otoczeniu du\u017cych drzew, murowanych element\u00f3w ogrodzenia oraz przy poka\u017anych rozmiar\u00f3w drzwiach frontowych. Podkre\u015bli ona fascynacj\u0119 w\u0142a\u015bciciela detalami w\u0142asnego ogrodu oraz podkre\u015bli majestat, kt\u00f3ry jego zielone otoczenie reprezentuje.<\/p>\n","protected":false},"excerpt":{"rendered":"<p>Donica plastikowa z w\u0142\u00f3kna szklanego Marco 12 z w\u0142\u00f3kna szklanego oraz \u017cywicy do stosowania wewn\u0105trz jako donica lub jako os\u0142onka. Donice dost\u0119pne we wszystkich kolorach palety RAL w wersji matowej i w po\u0142ysku. Donice s\u0105 wyposa\u017cone w otwory odp\u0142ywowe w dnie (na wyra\u017ane \u017cyczenie klienta mo\u017ce zosta\u0107 wykonana bez otworu odp\u0142ywowego), boczne \u015bcianki wy\u0142o\u017cone s\u0105 styropianem. Wymiary donicy: d\u0142ugo\u015b\u0107: 120 cm, szeroko\u015b\u0107: 120 cm, wysoko\u015b\u0107: 120 cm.<\/p>\n","protected":false},"featured_media":57675,"template":"","meta":{"_acf_changed":false},"product_brand":[],"product_cat":[205],"product_tag":[444,451],"class_list":{"0":"post-50887","1":"product","2":"type-product","3":"status-publish","4":"has-post-thumbnail","6":"product_cat-donice-z-wlokna-szklanego-plastiku","7":"product_tag-donice-ogrodowe","8":"product_tag-donice-wewnetrzne","9":"description-off","10":"tm-has-options","12":"first","13":"instock","14":"shipping-taxable","15":"purchasable","16":"product-type-simple"},"acf":[],"yoast_head":"<!-- This site is optimized with the Yoast SEO plugin v27.5 - https:\/\/yoast.com\/product\/yoast-seo-wordpress\/ -->\n<title>Doniczki Plastikowe Du\u017ce Marco 12 - Bardzo Du\u017ca Kostka Na Ro\u015bliny<\/title>\n<meta name=\"description\" content=\"Doniczki plastikowe du\u017ce idealnie odnajd\u0105 si\u0119 w obszernych przestrzeniach ogrodowych, a tak\u017ce w pomieszczeniach o wi\u0119kszej powierzchni.\" \/>\n<meta name=\"robots\" content=\"index, follow, max-snippet:-1, max-image-preview:large, max-video-preview:-1\" \/>\n<link rel=\"canonical\" href=\"https:\/\/worldofflowerpots.com\/sklep\/doniczki-plastikowe-duze-marco-12\/\" \/>\n<meta property=\"og:locale\" content=\"pl_PL\" \/>\n<meta property=\"og:type\" content=\"article\" \/>\n<meta property=\"og:title\" content=\"Doniczki Plastikowe Du\u017ce Marco 12 - Bardzo Du\u017ca Kostka Na Ro\u015bliny\" \/>\n<meta property=\"og:description\" content=\"Doniczki plastikowe du\u017ce idealnie odnajd\u0105 si\u0119 w obszernych przestrzeniach ogrodowych, a tak\u017ce w pomieszczeniach o wi\u0119kszej powierzchni.\" \/>\n<meta property=\"og:url\" content=\"https:\/\/worldofflowerpots.com\/sklep\/doniczki-plastikowe-duze-marco-12\/\" \/>\n<meta property=\"og:site_name\" content=\"World of Flowerpots\" \/>\n<meta property=\"article:modified_time\" content=\"2019-04-05T10:44:58+00:00\" \/>\n<meta property=\"og:image\" content=\"https:\/\/worldofflowerpots.com\/wp-content\/uploads\/2019\/01\/doniczki-plastikowe-du\u017ce-Marco-12.jpg\" \/>\n\t<meta property=\"og:image:width\" content=\"1920\" \/>\n\t<meta property=\"og:image:height\" content=\"1080\" \/>\n\t<meta property=\"og:image:type\" content=\"image\/jpeg\" \/>\n<meta name=\"twitter:card\" content=\"summary_large_image\" \/>\n<meta name=\"twitter:label1\" content=\"Szacowany czas czytania\" \/>\n\t<meta name=\"twitter:data1\" content=\"2 minuty\" \/>\n<script type=\"application\/ld+json\" class=\"yoast-schema-graph\">{\"@context\":\"https:\\\/\\\/schema.org\",\"@graph\":[{\"@type\":\"WebPage\",\"@id\":\"https:\\\/\\\/worldofflowerpots.com\\\/sklep\\\/doniczki-plastikowe-duze-marco-12\\\/\",\"url\":\"https:\\\/\\\/worldofflowerpots.com\\\/sklep\\\/doniczki-plastikowe-duze-marco-12\\\/\",\"name\":\"Doniczki Plastikowe Du\u017ce Marco 12 - Bardzo Du\u017ca Kostka Na Ro\u015bliny\",\"isPartOf\":{\"@id\":\"https:\\\/\\\/worldofflowerpots.com\\\/#website\"},\"primaryImageOfPage\":{\"@id\":\"https:\\\/\\\/worldofflowerpots.com\\\/sklep\\\/doniczki-plastikowe-duze-marco-12\\\/#primaryimage\"},\"image\":{\"@id\":\"https:\\\/\\\/worldofflowerpots.com\\\/sklep\\\/doniczki-plastikowe-duze-marco-12\\\/#primaryimage\"},\"thumbnailUrl\":\"https:\\\/\\\/worldofflowerpots.com\\\/wp-content\\\/uploads\\\/2019\\\/01\\\/doniczki-plastikowe-du\u017ce-Marco-12.jpg\",\"datePublished\":\"2019-01-18T14:10:10+00:00\",\"dateModified\":\"2019-04-05T10:44:58+00:00\",\"description\":\"Doniczki plastikowe du\u017ce idealnie odnajd\u0105 si\u0119 w obszernych przestrzeniach ogrodowych, a tak\u017ce w pomieszczeniach o wi\u0119kszej powierzchni.\",\"breadcrumb\":{\"@id\":\"https:\\\/\\\/worldofflowerpots.com\\\/sklep\\\/doniczki-plastikowe-duze-marco-12\\\/#breadcrumb\"},\"inLanguage\":\"pl-PL\",\"potentialAction\":[{\"@type\":\"ReadAction\",\"target\":[\"https:\\\/\\\/worldofflowerpots.com\\\/sklep\\\/doniczki-plastikowe-duze-marco-12\\\/\"]}]},{\"@type\":\"ImageObject\",\"inLanguage\":\"pl-PL\",\"@id\":\"https:\\\/\\\/worldofflowerpots.com\\\/sklep\\\/doniczki-plastikowe-duze-marco-12\\\/#primaryimage\",\"url\":\"https:\\\/\\\/worldofflowerpots.com\\\/wp-content\\\/uploads\\\/2019\\\/01\\\/doniczki-plastikowe-du\u017ce-Marco-12.jpg\",\"contentUrl\":\"https:\\\/\\\/worldofflowerpots.com\\\/wp-content\\\/uploads\\\/2019\\\/01\\\/doniczki-plastikowe-du\u017ce-Marco-12.jpg\",\"width\":1920,\"height\":1080},{\"@type\":\"BreadcrumbList\",\"@id\":\"https:\\\/\\\/worldofflowerpots.com\\\/sklep\\\/doniczki-plastikowe-duze-marco-12\\\/#breadcrumb\",\"itemListElement\":[{\"@type\":\"ListItem\",\"position\":1,\"name\":\"Strona g\u0142\u00f3wna\",\"item\":\"https:\\\/\\\/worldofflowerpots.com\\\/\"},{\"@type\":\"ListItem\",\"position\":2,\"name\":\"Sklep\",\"item\":\"https:\\\/\\\/worldofflowerpots.com\\\/sklep\\\/\"},{\"@type\":\"ListItem\",\"position\":3,\"name\":\"Doniczki plastikowe du\u017ce Marco 12\"}]},{\"@type\":\"WebSite\",\"@id\":\"https:\\\/\\\/worldofflowerpots.com\\\/#website\",\"url\":\"https:\\\/\\\/worldofflowerpots.com\\\/\",\"name\":\"World of Flowerpots\",\"description\":\"producent donic ozdobnych\",\"potentialAction\":[{\"@type\":\"SearchAction\",\"target\":{\"@type\":\"EntryPoint\",\"urlTemplate\":\"https:\\\/\\\/worldofflowerpots.com\\\/?s={search_term_string}\"},\"query-input\":{\"@type\":\"PropertyValueSpecification\",\"valueRequired\":true,\"valueName\":\"search_term_string\"}}],\"inLanguage\":\"pl-PL\"}]}<\/script>\n<!-- \/ Yoast SEO plugin. -->","yoast_head_json":{"title":"Doniczki Plastikowe Du\u017ce Marco 12 - Bardzo Du\u017ca Kostka Na Ro\u015bliny","description":"Doniczki plastikowe du\u017ce idealnie odnajd\u0105 si\u0119 w obszernych przestrzeniach ogrodowych, a tak\u017ce w pomieszczeniach o wi\u0119kszej powierzchni.","robots":{"index":"index","follow":"follow","max-snippet":"max-snippet:-1","max-image-preview":"max-image-preview:large","max-video-preview":"max-video-preview:-1"},"canonical":"https:\/\/worldofflowerpots.com\/sklep\/doniczki-plastikowe-duze-marco-12\/","og_locale":"pl_PL","og_type":"article","og_title":"Doniczki Plastikowe Du\u017ce Marco 12 - Bardzo Du\u017ca Kostka Na Ro\u015bliny","og_description":"Doniczki plastikowe du\u017ce idealnie odnajd\u0105 si\u0119 w obszernych przestrzeniach ogrodowych, a tak\u017ce w pomieszczeniach o wi\u0119kszej powierzchni.","og_url":"https:\/\/worldofflowerpots.com\/sklep\/doniczki-plastikowe-duze-marco-12\/","og_site_name":"World of Flowerpots","article_modified_time":"2019-04-05T10:44:58+00:00","og_image":[{"width":1920,"height":1080,"url":"https:\/\/worldofflowerpots.com\/wp-content\/uploads\/2019\/01\/doniczki-plastikowe-du\u017ce-Marco-12.jpg","type":"image\/jpeg"}],"twitter_card":"summary_large_image","twitter_misc":{"Szacowany czas czytania":"2 minuty"},"schema":{"@context":"https:\/\/schema.org","@graph":[{"@type":"WebPage","@id":"https:\/\/worldofflowerpots.com\/sklep\/doniczki-plastikowe-duze-marco-12\/","url":"https:\/\/worldofflowerpots.com\/sklep\/doniczki-plastikowe-duze-marco-12\/","name":"Doniczki Plastikowe Du\u017ce Marco 12 - Bardzo Du\u017ca Kostka Na Ro\u015bliny","isPartOf":{"@id":"https:\/\/worldofflowerpots.com\/#website"},"primaryImageOfPage":{"@id":"https:\/\/worldofflowerpots.com\/sklep\/doniczki-plastikowe-duze-marco-12\/#primaryimage"},"image":{"@id":"https:\/\/worldofflowerpots.com\/sklep\/doniczki-plastikowe-duze-marco-12\/#primaryimage"},"thumbnailUrl":"https:\/\/worldofflowerpots.com\/wp-content\/uploads\/2019\/01\/doniczki-plastikowe-du\u017ce-Marco-12.jpg","datePublished":"2019-01-18T14:10:10+00:00","dateModified":"2019-04-05T10:44:58+00:00","description":"Doniczki plastikowe du\u017ce idealnie odnajd\u0105 si\u0119 w obszernych przestrzeniach ogrodowych, a tak\u017ce w pomieszczeniach o wi\u0119kszej powierzchni.","breadcrumb":{"@id":"https:\/\/worldofflowerpots.com\/sklep\/doniczki-plastikowe-duze-marco-12\/#breadcrumb"},"inLanguage":"pl-PL","potentialAction":[{"@type":"ReadAction","target":["https:\/\/worldofflowerpots.com\/sklep\/doniczki-plastikowe-duze-marco-12\/"]}]},{"@type":"ImageObject","inLanguage":"pl-PL","@id":"https:\/\/worldofflowerpots.com\/sklep\/doniczki-plastikowe-duze-marco-12\/#primaryimage","url":"https:\/\/worldofflowerpots.com\/wp-content\/uploads\/2019\/01\/doniczki-plastikowe-du\u017ce-Marco-12.jpg","contentUrl":"https:\/\/worldofflowerpots.com\/wp-content\/uploads\/2019\/01\/doniczki-plastikowe-du\u017ce-Marco-12.jpg","width":1920,"height":1080},{"@type":"BreadcrumbList","@id":"https:\/\/worldofflowerpots.com\/sklep\/doniczki-plastikowe-duze-marco-12\/#breadcrumb","itemListElement":[{"@type":"ListItem","position":1,"name":"Strona g\u0142\u00f3wna","item":"https:\/\/worldofflowerpots.com\/"},{"@type":"ListItem","position":2,"name":"Sklep","item":"https:\/\/worldofflowerpots.com\/sklep\/"},{"@type":"ListItem","position":3,"name":"Doniczki plastikowe du\u017ce Marco 12"}]},{"@type":"WebSite","@id":"https:\/\/worldofflowerpots.com\/#website","url":"https:\/\/worldofflowerpots.com\/","name":"World of Flowerpots","description":"producent donic ozdobnych","potentialAction":[{"@type":"SearchAction","target":{"@type":"EntryPoint","urlTemplate":"https:\/\/worldofflowerpots.com\/?s={search_term_string}"},"query-input":{"@type":"PropertyValueSpecification","valueRequired":true,"valueName":"search_term_string"}}],"inLanguage":"pl-PL"}]}},"_links":{"self":[{"href":"https:\/\/worldofflowerpots.com\/pl\/wp-json\/wp\/v2\/product\/50887","targetHints":{"allow":["GET"]}}],"collection":[{"href":"https:\/\/worldofflowerpots.com\/pl\/wp-json\/wp\/v2\/product"}],"about":[{"href":"https:\/\/worldofflowerpots.com\/pl\/wp-json\/wp\/v2\/types\/product"}],"wp:featuredmedia":[{"embeddable":true,"href":"https:\/\/worldofflowerpots.com\/pl\/wp-json\/wp\/v2\/media\/57675"}],"wp:attachment":[{"href":"https:\/\/worldofflowerpots.com\/pl\/wp-json\/wp\/v2\/media?parent=50887"}],"wp:term":[{"taxonomy":"product_brand","embeddable":true,"href":"https:\/\/worldofflowerpots.com\/pl\/wp-json\/wp\/v2\/product_brand?post=50887"},{"taxonomy":"product_cat","embeddable":true,"href":"https:\/\/worldofflowerpots.com\/pl\/wp-json\/wp\/v2\/product_cat?post=50887"},{"taxonomy":"product_tag","embeddable":true,"href":"https:\/\/worldofflowerpots.com\/pl\/wp-json\/wp\/v2\/product_tag?post=50887"}],"curies":[{"name":"wp","href":"https:\/\/api.w.org\/{rel}","templated":true}]}}