{"id":50888,"date":"2019-01-18T15:10:10","date_gmt":"2019-01-18T14:10:10","guid":{"rendered":"https:\/\/worldofflowerpots.com\/product\/import-placeholder-for-228\/"},"modified":"2019-04-05T12:46:36","modified_gmt":"2019-04-05T10:46:36","slug":"duza-donica-z-wlokna-szklanego-marco-13","status":"publish","type":"product","link":"https:\/\/worldofflowerpots.com\/pl\/sklep\/duza-donica-z-wlokna-szklanego-marco-13\/","title":{"rendered":"Du\u017ca donica z w\u0142\u00f3kna szklanego Marco 13"},"content":{"rendered":"<p>Masz k\u0142opot ze znalezieniem odpowiednio du\u017cej donicy, kt\u00f3ra swoim gabarytem nie przyt\u0142oczy umieszczonych w niej ro\u015blin? Je\u015bli tak to donica plastikowa z w\u0142\u00f3kna szklanego Marco 13 jest spe\u0142nieniem wszystkich Twoich oczekiwa\u0144!<\/p>\n<h2>Solidno\u015b\u0107 wykonania<\/h2>\n<p>Donica wykonana jest z bardzo wytrzyma\u0142ego i odpornego na uszkodzenia w\u0142\u00f3kna szklanego, \u017cywicy oraz \u017celkotu. Elementy te po\u0142\u0105czone s\u0105 ze sob\u0105 w idealnych proporcjach zapewniaj\u0105cych solidno\u015b\u0107 i wytrzyma\u0142o\u015b\u0107. Du\u017ca donica z w\u0142\u00f3kna szklanego wyposa\u017cona jest w otwory odp\u0142ywowe w dnie, kt\u00f3re na \u017cyczenie klienta nie musz\u0105 by\u0107 wykonywane. Boczne \u015bcianki wzmocnione s\u0105 warstw\u0105 styropianu, kt\u00f3ra zapewnia dodatkow\u0105 stabilizacj\u0119 oraz odpowiednie zabezpieczenie termiczne. Skromny wygl\u0105d po\u0142\u0105czony z pewn\u0105 stabilno\u015bci\u0105 zielonej kompozycji jest tym, co zapewnia donica plastikowa Marco 13!<\/p>\n<h2>Szeroka gama kolorystyczna<\/h2>\n<p>Donica plastikowa z w\u0142\u00f3kna szklanego dost\u0119pna jest we wszystkich kolorach palety RAL. Dzi\u0119ki temu ka\u017cdy b\u0119dzie w stanie znale\u017a\u0107 idealny model dostosowany do indywidualnych wymaga\u0144. Jej klasyczny kszta\u0142t sprawia, \u017ce mimo znacznych gabaryt\u00f3w nie narzuca si\u0119 swoj\u0105 obecno\u015bci\u0105.<\/p>\n<p>Dost\u0119pne s\u0105 dwie wersje wyko\u0144czenia uzupe\u0142niaj\u0105ce ostateczny obraz kompozycji: elegancki i szykowany mat oraz nowoczesny po\u0142ysk. Dopasowanie jej do charakteru przestrzeni i aran\u017cacji umieszczonej w niej zielonej kompozycji jeszcze nigdy nie by\u0142o tak proste!<\/p>\n<h2>Skromny gigant<\/h2>\n<p>Marco 13 to naprawd\u0119 du\u017ca donica z w\u0142\u00f3kna szklanego. Jest najwi\u0119kszym produktem dost\u0119pnym w naszej ofercie. Jednak pomimo znacznych gabaryt\u00f3w jej wizualny odbi\u00f3r oddaje jej ukryt\u0105 lekko\u015b\u0107. Umieszczona w niej kompozycja stworzona z ro\u015blin o znacznych rozmiarach nie b\u0119dzie przez ni\u0105 przyt\u0142oczona, a wspaniale wyeksponowana.<\/p>\n<p>Pozwoli wydoby\u0107 i podkre\u015bli\u0107 ich pi\u0119kno, a ca\u0142o\u015b\u0107 kompozycji stworzy przyjemn\u0105 w odbiorze wizualizacj\u0119. Doskonale sprawdzi si\u0119 w otoczeniu du\u017cych, miejskich budynk\u00f3w oraz we wn\u0119trzach o znacznej powierzchni. Idealnie wkomponuje si\u0119 w otoczenie wielkomiejskiego krajobrazu. Umieszczone w otoczeniu centrum handlowego, zapewni klientom chwil\u0119 wizualnego wytchnienia w czasie zakup\u00f3w. Towarzystwo o\u015bwietlonych, biurowych wn\u0119trz dope\u0142ni ca\u0142o\u015b\u0107 stworzonej kompozycji daj\u0105c obraz pi\u0119knego zielonego otoczenia umieszczonego w sercu miejskiej d\u017cungli.<\/p>\n","protected":false},"excerpt":{"rendered":"<p>Donica plastikowa z w\u0142\u00f3kna szklanego Marco 13 z w\u0142\u00f3kna szklanego oraz \u017cywicy do stosowania wewn\u0105trz jako donica lub jako os\u0142onka. Donice dost\u0119pne we wszystkich kolorach palety RAL w wersji matowej i w po\u0142ysku. Donice s\u0105 wyposa\u017cone w otwory odp\u0142ywowe w dnie (na wyra\u017ane \u017cyczenie klienta mo\u017ce zosta\u0107 wykonana bez otworu odp\u0142ywowego), boczne \u015bcianki wy\u0142o\u017cone s\u0105 styropianem. Wymiary donicy: d\u0142ugo\u015b\u0107: 160 cm, szeroko\u015b\u0107: 160 cm, wysoko\u015b\u0107: 50 cm.<\/p>\n","protected":false},"featured_media":57685,"template":"","meta":{"_acf_changed":false},"product_brand":[],"product_cat":[205],"product_tag":[451],"class_list":{"0":"post-50888","1":"product","2":"type-product","3":"status-publish","4":"has-post-thumbnail","6":"product_cat-donice-z-wlokna-szklanego-plastiku","7":"product_tag-donice-wewnetrzne","8":"description-off","9":"tm-has-options","11":"first","12":"instock","13":"shipping-taxable","14":"purchasable","15":"product-type-simple"},"acf":[],"yoast_head":"<!-- This site is optimized with the Yoast SEO plugin v27.5 - https:\/\/yoast.com\/product\/yoast-seo-wordpress\/ -->\n<title>Du\u017ca Donica z W\u0142\u00f3kna Szklanego Marco 13 - Najwi\u0119ksza z Dost\u0119pnych<\/title>\n<meta name=\"description\" content=\"Marco 13 to naprawd\u0119 du\u017ca donica z w\u0142\u00f3kna szklanego. Jest najwi\u0119kszym produktem dost\u0119pnym w naszej ofercie. Doskonale sprawdzi si\u0119 w du\u017cych przestrzeniach.\" \/>\n<meta name=\"robots\" content=\"index, follow, max-snippet:-1, max-image-preview:large, max-video-preview:-1\" \/>\n<link rel=\"canonical\" href=\"https:\/\/worldofflowerpots.com\/sklep\/duza-donica-z-wlokna-szklanego-marco-13\/\" \/>\n<meta property=\"og:locale\" content=\"pl_PL\" \/>\n<meta property=\"og:type\" content=\"article\" \/>\n<meta property=\"og:title\" content=\"Du\u017ca Donica z W\u0142\u00f3kna Szklanego Marco 13 - Najwi\u0119ksza z Dost\u0119pnych\" \/>\n<meta property=\"og:description\" content=\"Marco 13 to naprawd\u0119 du\u017ca donica z w\u0142\u00f3kna szklanego. Jest najwi\u0119kszym produktem dost\u0119pnym w naszej ofercie. Doskonale sprawdzi si\u0119 w du\u017cych przestrzeniach.\" \/>\n<meta property=\"og:url\" content=\"https:\/\/worldofflowerpots.com\/sklep\/duza-donica-z-wlokna-szklanego-marco-13\/\" \/>\n<meta property=\"og:site_name\" content=\"World of Flowerpots\" \/>\n<meta property=\"article:modified_time\" content=\"2019-04-05T10:46:36+00:00\" \/>\n<meta property=\"og:image\" content=\"https:\/\/worldofflowerpots.com\/wp-content\/uploads\/2019\/01\/du\u017ce-donice-z-w\u0142\u00f3kna-szklanego-Marco-13.jpg\" \/>\n\t<meta property=\"og:image:width\" content=\"1920\" \/>\n\t<meta property=\"og:image:height\" content=\"1080\" \/>\n\t<meta property=\"og:image:type\" content=\"image\/jpeg\" \/>\n<meta name=\"twitter:card\" content=\"summary_large_image\" \/>\n<meta name=\"twitter:label1\" content=\"Szacowany czas czytania\" \/>\n\t<meta name=\"twitter:data1\" content=\"2 minuty\" \/>\n<script type=\"application\/ld+json\" class=\"yoast-schema-graph\">{\"@context\":\"https:\\\/\\\/schema.org\",\"@graph\":[{\"@type\":\"WebPage\",\"@id\":\"https:\\\/\\\/worldofflowerpots.com\\\/sklep\\\/duza-donica-z-wlokna-szklanego-marco-13\\\/\",\"url\":\"https:\\\/\\\/worldofflowerpots.com\\\/sklep\\\/duza-donica-z-wlokna-szklanego-marco-13\\\/\",\"name\":\"Du\u017ca Donica z W\u0142\u00f3kna Szklanego Marco 13 - Najwi\u0119ksza z Dost\u0119pnych\",\"isPartOf\":{\"@id\":\"https:\\\/\\\/worldofflowerpots.com\\\/#website\"},\"primaryImageOfPage\":{\"@id\":\"https:\\\/\\\/worldofflowerpots.com\\\/sklep\\\/duza-donica-z-wlokna-szklanego-marco-13\\\/#primaryimage\"},\"image\":{\"@id\":\"https:\\\/\\\/worldofflowerpots.com\\\/sklep\\\/duza-donica-z-wlokna-szklanego-marco-13\\\/#primaryimage\"},\"thumbnailUrl\":\"https:\\\/\\\/worldofflowerpots.com\\\/wp-content\\\/uploads\\\/2019\\\/01\\\/du\u017ce-donice-z-w\u0142\u00f3kna-szklanego-Marco-13.jpg\",\"datePublished\":\"2019-01-18T14:10:10+00:00\",\"dateModified\":\"2019-04-05T10:46:36+00:00\",\"description\":\"Marco 13 to naprawd\u0119 du\u017ca donica z w\u0142\u00f3kna szklanego. Jest najwi\u0119kszym produktem dost\u0119pnym w naszej ofercie. Doskonale sprawdzi si\u0119 w du\u017cych przestrzeniach.\",\"breadcrumb\":{\"@id\":\"https:\\\/\\\/worldofflowerpots.com\\\/sklep\\\/duza-donica-z-wlokna-szklanego-marco-13\\\/#breadcrumb\"},\"inLanguage\":\"pl-PL\",\"potentialAction\":[{\"@type\":\"ReadAction\",\"target\":[\"https:\\\/\\\/worldofflowerpots.com\\\/sklep\\\/duza-donica-z-wlokna-szklanego-marco-13\\\/\"]}]},{\"@type\":\"ImageObject\",\"inLanguage\":\"pl-PL\",\"@id\":\"https:\\\/\\\/worldofflowerpots.com\\\/sklep\\\/duza-donica-z-wlokna-szklanego-marco-13\\\/#primaryimage\",\"url\":\"https:\\\/\\\/worldofflowerpots.com\\\/wp-content\\\/uploads\\\/2019\\\/01\\\/du\u017ce-donice-z-w\u0142\u00f3kna-szklanego-Marco-13.jpg\",\"contentUrl\":\"https:\\\/\\\/worldofflowerpots.com\\\/wp-content\\\/uploads\\\/2019\\\/01\\\/du\u017ce-donice-z-w\u0142\u00f3kna-szklanego-Marco-13.jpg\",\"width\":1920,\"height\":1080},{\"@type\":\"BreadcrumbList\",\"@id\":\"https:\\\/\\\/worldofflowerpots.com\\\/sklep\\\/duza-donica-z-wlokna-szklanego-marco-13\\\/#breadcrumb\",\"itemListElement\":[{\"@type\":\"ListItem\",\"position\":1,\"name\":\"Strona g\u0142\u00f3wna\",\"item\":\"https:\\\/\\\/worldofflowerpots.com\\\/\"},{\"@type\":\"ListItem\",\"position\":2,\"name\":\"Sklep\",\"item\":\"https:\\\/\\\/worldofflowerpots.com\\\/sklep\\\/\"},{\"@type\":\"ListItem\",\"position\":3,\"name\":\"Du\u017ca donica z w\u0142\u00f3kna szklanego Marco 13\"}]},{\"@type\":\"WebSite\",\"@id\":\"https:\\\/\\\/worldofflowerpots.com\\\/#website\",\"url\":\"https:\\\/\\\/worldofflowerpots.com\\\/\",\"name\":\"World of Flowerpots\",\"description\":\"producent donic ozdobnych\",\"potentialAction\":[{\"@type\":\"SearchAction\",\"target\":{\"@type\":\"EntryPoint\",\"urlTemplate\":\"https:\\\/\\\/worldofflowerpots.com\\\/?s={search_term_string}\"},\"query-input\":{\"@type\":\"PropertyValueSpecification\",\"valueRequired\":true,\"valueName\":\"search_term_string\"}}],\"inLanguage\":\"pl-PL\"}]}<\/script>\n<!-- \/ Yoast SEO plugin. -->","yoast_head_json":{"title":"Du\u017ca Donica z W\u0142\u00f3kna Szklanego Marco 13 - Najwi\u0119ksza z Dost\u0119pnych","description":"Marco 13 to naprawd\u0119 du\u017ca donica z w\u0142\u00f3kna szklanego. Jest najwi\u0119kszym produktem dost\u0119pnym w naszej ofercie. Doskonale sprawdzi si\u0119 w du\u017cych przestrzeniach.","robots":{"index":"index","follow":"follow","max-snippet":"max-snippet:-1","max-image-preview":"max-image-preview:large","max-video-preview":"max-video-preview:-1"},"canonical":"https:\/\/worldofflowerpots.com\/sklep\/duza-donica-z-wlokna-szklanego-marco-13\/","og_locale":"pl_PL","og_type":"article","og_title":"Du\u017ca Donica z W\u0142\u00f3kna Szklanego Marco 13 - Najwi\u0119ksza z Dost\u0119pnych","og_description":"Marco 13 to naprawd\u0119 du\u017ca donica z w\u0142\u00f3kna szklanego. Jest najwi\u0119kszym produktem dost\u0119pnym w naszej ofercie. Doskonale sprawdzi si\u0119 w du\u017cych przestrzeniach.","og_url":"https:\/\/worldofflowerpots.com\/sklep\/duza-donica-z-wlokna-szklanego-marco-13\/","og_site_name":"World of Flowerpots","article_modified_time":"2019-04-05T10:46:36+00:00","og_image":[{"width":1920,"height":1080,"url":"https:\/\/worldofflowerpots.com\/wp-content\/uploads\/2019\/01\/du\u017ce-donice-z-w\u0142\u00f3kna-szklanego-Marco-13.jpg","type":"image\/jpeg"}],"twitter_card":"summary_large_image","twitter_misc":{"Szacowany czas czytania":"2 minuty"},"schema":{"@context":"https:\/\/schema.org","@graph":[{"@type":"WebPage","@id":"https:\/\/worldofflowerpots.com\/sklep\/duza-donica-z-wlokna-szklanego-marco-13\/","url":"https:\/\/worldofflowerpots.com\/sklep\/duza-donica-z-wlokna-szklanego-marco-13\/","name":"Du\u017ca Donica z W\u0142\u00f3kna Szklanego Marco 13 - Najwi\u0119ksza z Dost\u0119pnych","isPartOf":{"@id":"https:\/\/worldofflowerpots.com\/#website"},"primaryImageOfPage":{"@id":"https:\/\/worldofflowerpots.com\/sklep\/duza-donica-z-wlokna-szklanego-marco-13\/#primaryimage"},"image":{"@id":"https:\/\/worldofflowerpots.com\/sklep\/duza-donica-z-wlokna-szklanego-marco-13\/#primaryimage"},"thumbnailUrl":"https:\/\/worldofflowerpots.com\/wp-content\/uploads\/2019\/01\/du\u017ce-donice-z-w\u0142\u00f3kna-szklanego-Marco-13.jpg","datePublished":"2019-01-18T14:10:10+00:00","dateModified":"2019-04-05T10:46:36+00:00","description":"Marco 13 to naprawd\u0119 du\u017ca donica z w\u0142\u00f3kna szklanego. Jest najwi\u0119kszym produktem dost\u0119pnym w naszej ofercie. Doskonale sprawdzi si\u0119 w du\u017cych przestrzeniach.","breadcrumb":{"@id":"https:\/\/worldofflowerpots.com\/sklep\/duza-donica-z-wlokna-szklanego-marco-13\/#breadcrumb"},"inLanguage":"pl-PL","potentialAction":[{"@type":"ReadAction","target":["https:\/\/worldofflowerpots.com\/sklep\/duza-donica-z-wlokna-szklanego-marco-13\/"]}]},{"@type":"ImageObject","inLanguage":"pl-PL","@id":"https:\/\/worldofflowerpots.com\/sklep\/duza-donica-z-wlokna-szklanego-marco-13\/#primaryimage","url":"https:\/\/worldofflowerpots.com\/wp-content\/uploads\/2019\/01\/du\u017ce-donice-z-w\u0142\u00f3kna-szklanego-Marco-13.jpg","contentUrl":"https:\/\/worldofflowerpots.com\/wp-content\/uploads\/2019\/01\/du\u017ce-donice-z-w\u0142\u00f3kna-szklanego-Marco-13.jpg","width":1920,"height":1080},{"@type":"BreadcrumbList","@id":"https:\/\/worldofflowerpots.com\/sklep\/duza-donica-z-wlokna-szklanego-marco-13\/#breadcrumb","itemListElement":[{"@type":"ListItem","position":1,"name":"Strona g\u0142\u00f3wna","item":"https:\/\/worldofflowerpots.com\/"},{"@type":"ListItem","position":2,"name":"Sklep","item":"https:\/\/worldofflowerpots.com\/sklep\/"},{"@type":"ListItem","position":3,"name":"Du\u017ca donica z w\u0142\u00f3kna szklanego Marco 13"}]},{"@type":"WebSite","@id":"https:\/\/worldofflowerpots.com\/#website","url":"https:\/\/worldofflowerpots.com\/","name":"World of Flowerpots","description":"producent donic ozdobnych","potentialAction":[{"@type":"SearchAction","target":{"@type":"EntryPoint","urlTemplate":"https:\/\/worldofflowerpots.com\/?s={search_term_string}"},"query-input":{"@type":"PropertyValueSpecification","valueRequired":true,"valueName":"search_term_string"}}],"inLanguage":"pl-PL"}]}},"_links":{"self":[{"href":"https:\/\/worldofflowerpots.com\/pl\/wp-json\/wp\/v2\/product\/50888","targetHints":{"allow":["GET"]}}],"collection":[{"href":"https:\/\/worldofflowerpots.com\/pl\/wp-json\/wp\/v2\/product"}],"about":[{"href":"https:\/\/worldofflowerpots.com\/pl\/wp-json\/wp\/v2\/types\/product"}],"wp:featuredmedia":[{"embeddable":true,"href":"https:\/\/worldofflowerpots.com\/pl\/wp-json\/wp\/v2\/media\/57685"}],"wp:attachment":[{"href":"https:\/\/worldofflowerpots.com\/pl\/wp-json\/wp\/v2\/media?parent=50888"}],"wp:term":[{"taxonomy":"product_brand","embeddable":true,"href":"https:\/\/worldofflowerpots.com\/pl\/wp-json\/wp\/v2\/product_brand?post=50888"},{"taxonomy":"product_cat","embeddable":true,"href":"https:\/\/worldofflowerpots.com\/pl\/wp-json\/wp\/v2\/product_cat?post=50888"},{"taxonomy":"product_tag","embeddable":true,"href":"https:\/\/worldofflowerpots.com\/pl\/wp-json\/wp\/v2\/product_tag?post=50888"}],"curies":[{"name":"wp","href":"https:\/\/api.w.org\/{rel}","templated":true}]}}