{"id":50899,"date":"2019-01-18T15:10:34","date_gmt":"2019-01-18T14:10:34","guid":{"rendered":"https:\/\/worldofflowerpots.com\/product\/import-placeholder-for-230\/"},"modified":"2019-03-20T09:11:32","modified_gmt":"2019-03-20T08:11:32","slug":"donica-z-wlokna-szklanego-plastikowa-sofia-2-do-biurowca-lub-hotelu","status":"publish","type":"product","link":"https:\/\/worldofflowerpots.com\/pl\/sklep\/donica-z-wlokna-szklanego-plastikowa-sofia-2-do-biurowca-lub-hotelu\/","title":{"rendered":"Donica z W\u0142\u00f3kna Szklanego Plastikowa Sofia 2 &#8211; do Biurowca lub Hotelu"},"content":{"rendered":"<h2>KLASYKA NA POWITANIE<\/h2>\n<p>Plastikowa donica w klasycznym kszta\u0142cie smuk\u0142ego, okr\u0105g\u0142ego wazonu. Elegancka i ponadczasowa, idealnie nadaje si\u0119 do dekoracji drzwi wej\u015bciowych i hol\u00f3w, sprawdzi si\u0119 zar\u00f3wno w surowo urz\u0105dzonym biurowcu, jak i w hotelu o bogatych dekoracjach. Szeroka gama kolor\u00f3w pozwala na dopasowanie donicy do ka\u017cdego otoczenia, a w po\u0142\u0105czeniu z w\u0142a\u015bciwymi ro\u015blinami gwarantuje ponadczasowy urok i styl.<\/p>\n<h2>SZYKOWNA MOC<\/h2>\n<p>Donica wykonana z plastiku \u2013 mieszanki maty szklanej, \u017celkotu i \u017cywicy, charakteryzuje si\u0119 wyj\u0105tkow\u0105 trwa\u0142o\u015bci\u0105 i odporno\u015bci\u0105. Dzi\u0119ki temu idealnie nadaje si\u0119 do dekoracji zewn\u0119trznych. Niewielki ci\u0119\u017car w\u0142asny czyni z niej natomiast dekoracj\u0119 dobr\u0105 r\u00f3wnie\u017c do zamkni\u0119tych pomieszcze\u0144.<\/p>\n","protected":false},"excerpt":{"rendered":"<p>Donica plastikowa z w\u0142\u00f3kna szklanego Sofia 2 z w\u0142\u00f3kna szklanego oraz \u017cywicy do stosowania wewn\u0105trz jako donica lub jako os\u0142onka. Donice dost\u0119pne we wszystkich kolorach palety RAL w wersji matowej i w po\u0142ysku. Donice s\u0105 wyposa\u017cone w otwory odp\u0142ywowe w dnie (na wyra\u017ane \u017cyczenie klienta mo\u017ce zosta\u0107 wykonana bez otworu odp\u0142ywowego), boczne \u015bcianki wy\u0142o\u017cone s\u0105 styropianem. Wymiary donicy: \u015brednica: 55 cm, wysoko\u015b\u0107: 76 cm<\/p>\n","protected":false},"featured_media":50968,"template":"","meta":{"_acf_changed":false},"product_brand":[],"product_cat":[205],"product_tag":[],"class_list":{"0":"post-50899","1":"product","2":"type-product","3":"status-publish","4":"has-post-thumbnail","6":"product_cat-donice-z-wlokna-szklanego-plastiku","7":"description-off","8":"tm-has-options","10":"first","11":"instock","12":"shipping-taxable","13":"purchasable","14":"product-type-simple"},"acf":[],"yoast_head":"<!-- This site is optimized with the Yoast SEO plugin v27.5 - https:\/\/yoast.com\/product\/yoast-seo-wordpress\/ -->\n<title>Elegancka Donica z W\u0142\u00f3kna Szklanego Plastikowa Sofia 2 Hotel Biurowiec<\/title>\n<meta name=\"description\" content=\"Plastikowa donica w klasycznym kszta\u0142cie smuk\u0142ego, okr\u0105g\u0142ego wazonu. Elegancka i ponadczasowa, idealnie nadaje si\u0119 do dekoracji drzwi wej\u015bciowych i hol\u00f3w.\" \/>\n<meta name=\"robots\" content=\"index, follow, max-snippet:-1, max-image-preview:large, max-video-preview:-1\" \/>\n<link rel=\"canonical\" href=\"https:\/\/worldofflowerpots.com\/sklep\/donica-z-wlokna-szklanego-plastikowa-sofia-2-do-biurowca-lub-hotelu\/\" \/>\n<meta property=\"og:locale\" content=\"pl_PL\" \/>\n<meta property=\"og:type\" content=\"article\" \/>\n<meta property=\"og:title\" content=\"Elegancka Donica z W\u0142\u00f3kna Szklanego Plastikowa Sofia 2 Hotel Biurowiec\" \/>\n<meta property=\"og:description\" content=\"Plastikowa donica w klasycznym kszta\u0142cie smuk\u0142ego, okr\u0105g\u0142ego wazonu. Elegancka i ponadczasowa, idealnie nadaje si\u0119 do dekoracji drzwi wej\u015bciowych i hol\u00f3w.\" \/>\n<meta property=\"og:url\" content=\"https:\/\/worldofflowerpots.com\/sklep\/donica-z-wlokna-szklanego-plastikowa-sofia-2-do-biurowca-lub-hotelu\/\" \/>\n<meta property=\"og:site_name\" content=\"World of Flowerpots\" \/>\n<meta property=\"article:modified_time\" content=\"2019-03-20T08:11:32+00:00\" \/>\n<meta property=\"og:image\" content=\"https:\/\/worldofflowerpots.com\/wp-content\/uploads\/2019\/01\/Donica-plastikowa-Sofia-2-z-wlokna-szklanego-na-taras.jpg\" \/>\n\t<meta property=\"og:image:width\" content=\"1920\" \/>\n\t<meta property=\"og:image:height\" content=\"1080\" \/>\n\t<meta property=\"og:image:type\" content=\"image\/jpeg\" \/>\n<meta name=\"twitter:card\" content=\"summary_large_image\" \/>\n<meta name=\"twitter:label1\" content=\"Szacowany czas czytania\" \/>\n\t<meta name=\"twitter:data1\" content=\"1 minuta\" \/>\n<script type=\"application\/ld+json\" class=\"yoast-schema-graph\">{\"@context\":\"https:\\\/\\\/schema.org\",\"@graph\":[{\"@type\":\"WebPage\",\"@id\":\"https:\\\/\\\/worldofflowerpots.com\\\/sklep\\\/donica-z-wlokna-szklanego-plastikowa-sofia-2-do-biurowca-lub-hotelu\\\/\",\"url\":\"https:\\\/\\\/worldofflowerpots.com\\\/sklep\\\/donica-z-wlokna-szklanego-plastikowa-sofia-2-do-biurowca-lub-hotelu\\\/\",\"name\":\"Elegancka Donica z W\u0142\u00f3kna Szklanego Plastikowa Sofia 2 Hotel Biurowiec\",\"isPartOf\":{\"@id\":\"https:\\\/\\\/worldofflowerpots.com\\\/#website\"},\"primaryImageOfPage\":{\"@id\":\"https:\\\/\\\/worldofflowerpots.com\\\/sklep\\\/donica-z-wlokna-szklanego-plastikowa-sofia-2-do-biurowca-lub-hotelu\\\/#primaryimage\"},\"image\":{\"@id\":\"https:\\\/\\\/worldofflowerpots.com\\\/sklep\\\/donica-z-wlokna-szklanego-plastikowa-sofia-2-do-biurowca-lub-hotelu\\\/#primaryimage\"},\"thumbnailUrl\":\"https:\\\/\\\/worldofflowerpots.com\\\/wp-content\\\/uploads\\\/2019\\\/01\\\/Donica-plastikowa-Sofia-2-z-wlokna-szklanego-na-taras.jpg\",\"datePublished\":\"2019-01-18T14:10:34+00:00\",\"dateModified\":\"2019-03-20T08:11:32+00:00\",\"description\":\"Plastikowa donica w klasycznym kszta\u0142cie smuk\u0142ego, okr\u0105g\u0142ego wazonu. Elegancka i ponadczasowa, idealnie nadaje si\u0119 do dekoracji drzwi wej\u015bciowych i hol\u00f3w.\",\"breadcrumb\":{\"@id\":\"https:\\\/\\\/worldofflowerpots.com\\\/sklep\\\/donica-z-wlokna-szklanego-plastikowa-sofia-2-do-biurowca-lub-hotelu\\\/#breadcrumb\"},\"inLanguage\":\"pl-PL\",\"potentialAction\":[{\"@type\":\"ReadAction\",\"target\":[\"https:\\\/\\\/worldofflowerpots.com\\\/sklep\\\/donica-z-wlokna-szklanego-plastikowa-sofia-2-do-biurowca-lub-hotelu\\\/\"]}]},{\"@type\":\"ImageObject\",\"inLanguage\":\"pl-PL\",\"@id\":\"https:\\\/\\\/worldofflowerpots.com\\\/sklep\\\/donica-z-wlokna-szklanego-plastikowa-sofia-2-do-biurowca-lub-hotelu\\\/#primaryimage\",\"url\":\"https:\\\/\\\/worldofflowerpots.com\\\/wp-content\\\/uploads\\\/2019\\\/01\\\/Donica-plastikowa-Sofia-2-z-wlokna-szklanego-na-taras.jpg\",\"contentUrl\":\"https:\\\/\\\/worldofflowerpots.com\\\/wp-content\\\/uploads\\\/2019\\\/01\\\/Donica-plastikowa-Sofia-2-z-wlokna-szklanego-na-taras.jpg\",\"width\":1920,\"height\":1080},{\"@type\":\"BreadcrumbList\",\"@id\":\"https:\\\/\\\/worldofflowerpots.com\\\/sklep\\\/donica-z-wlokna-szklanego-plastikowa-sofia-2-do-biurowca-lub-hotelu\\\/#breadcrumb\",\"itemListElement\":[{\"@type\":\"ListItem\",\"position\":1,\"name\":\"Strona g\u0142\u00f3wna\",\"item\":\"https:\\\/\\\/worldofflowerpots.com\\\/\"},{\"@type\":\"ListItem\",\"position\":2,\"name\":\"Sklep\",\"item\":\"https:\\\/\\\/worldofflowerpots.com\\\/sklep\\\/\"},{\"@type\":\"ListItem\",\"position\":3,\"name\":\"Donica z W\u0142\u00f3kna Szklanego Plastikowa Sofia 2 &#8211; do Biurowca lub Hotelu\"}]},{\"@type\":\"WebSite\",\"@id\":\"https:\\\/\\\/worldofflowerpots.com\\\/#website\",\"url\":\"https:\\\/\\\/worldofflowerpots.com\\\/\",\"name\":\"World of Flowerpots\",\"description\":\"producent donic ozdobnych\",\"potentialAction\":[{\"@type\":\"SearchAction\",\"target\":{\"@type\":\"EntryPoint\",\"urlTemplate\":\"https:\\\/\\\/worldofflowerpots.com\\\/?s={search_term_string}\"},\"query-input\":{\"@type\":\"PropertyValueSpecification\",\"valueRequired\":true,\"valueName\":\"search_term_string\"}}],\"inLanguage\":\"pl-PL\"}]}<\/script>\n<!-- \/ Yoast SEO plugin. -->","yoast_head_json":{"title":"Elegancka Donica z W\u0142\u00f3kna Szklanego Plastikowa Sofia 2 Hotel Biurowiec","description":"Plastikowa donica w klasycznym kszta\u0142cie smuk\u0142ego, okr\u0105g\u0142ego wazonu. Elegancka i ponadczasowa, idealnie nadaje si\u0119 do dekoracji drzwi wej\u015bciowych i hol\u00f3w.","robots":{"index":"index","follow":"follow","max-snippet":"max-snippet:-1","max-image-preview":"max-image-preview:large","max-video-preview":"max-video-preview:-1"},"canonical":"https:\/\/worldofflowerpots.com\/sklep\/donica-z-wlokna-szklanego-plastikowa-sofia-2-do-biurowca-lub-hotelu\/","og_locale":"pl_PL","og_type":"article","og_title":"Elegancka Donica z W\u0142\u00f3kna Szklanego Plastikowa Sofia 2 Hotel Biurowiec","og_description":"Plastikowa donica w klasycznym kszta\u0142cie smuk\u0142ego, okr\u0105g\u0142ego wazonu. Elegancka i ponadczasowa, idealnie nadaje si\u0119 do dekoracji drzwi wej\u015bciowych i hol\u00f3w.","og_url":"https:\/\/worldofflowerpots.com\/sklep\/donica-z-wlokna-szklanego-plastikowa-sofia-2-do-biurowca-lub-hotelu\/","og_site_name":"World of Flowerpots","article_modified_time":"2019-03-20T08:11:32+00:00","og_image":[{"width":1920,"height":1080,"url":"https:\/\/worldofflowerpots.com\/wp-content\/uploads\/2019\/01\/Donica-plastikowa-Sofia-2-z-wlokna-szklanego-na-taras.jpg","type":"image\/jpeg"}],"twitter_card":"summary_large_image","twitter_misc":{"Szacowany czas czytania":"1 minuta"},"schema":{"@context":"https:\/\/schema.org","@graph":[{"@type":"WebPage","@id":"https:\/\/worldofflowerpots.com\/sklep\/donica-z-wlokna-szklanego-plastikowa-sofia-2-do-biurowca-lub-hotelu\/","url":"https:\/\/worldofflowerpots.com\/sklep\/donica-z-wlokna-szklanego-plastikowa-sofia-2-do-biurowca-lub-hotelu\/","name":"Elegancka Donica z W\u0142\u00f3kna Szklanego Plastikowa Sofia 2 Hotel Biurowiec","isPartOf":{"@id":"https:\/\/worldofflowerpots.com\/#website"},"primaryImageOfPage":{"@id":"https:\/\/worldofflowerpots.com\/sklep\/donica-z-wlokna-szklanego-plastikowa-sofia-2-do-biurowca-lub-hotelu\/#primaryimage"},"image":{"@id":"https:\/\/worldofflowerpots.com\/sklep\/donica-z-wlokna-szklanego-plastikowa-sofia-2-do-biurowca-lub-hotelu\/#primaryimage"},"thumbnailUrl":"https:\/\/worldofflowerpots.com\/wp-content\/uploads\/2019\/01\/Donica-plastikowa-Sofia-2-z-wlokna-szklanego-na-taras.jpg","datePublished":"2019-01-18T14:10:34+00:00","dateModified":"2019-03-20T08:11:32+00:00","description":"Plastikowa donica w klasycznym kszta\u0142cie smuk\u0142ego, okr\u0105g\u0142ego wazonu. Elegancka i ponadczasowa, idealnie nadaje si\u0119 do dekoracji drzwi wej\u015bciowych i hol\u00f3w.","breadcrumb":{"@id":"https:\/\/worldofflowerpots.com\/sklep\/donica-z-wlokna-szklanego-plastikowa-sofia-2-do-biurowca-lub-hotelu\/#breadcrumb"},"inLanguage":"pl-PL","potentialAction":[{"@type":"ReadAction","target":["https:\/\/worldofflowerpots.com\/sklep\/donica-z-wlokna-szklanego-plastikowa-sofia-2-do-biurowca-lub-hotelu\/"]}]},{"@type":"ImageObject","inLanguage":"pl-PL","@id":"https:\/\/worldofflowerpots.com\/sklep\/donica-z-wlokna-szklanego-plastikowa-sofia-2-do-biurowca-lub-hotelu\/#primaryimage","url":"https:\/\/worldofflowerpots.com\/wp-content\/uploads\/2019\/01\/Donica-plastikowa-Sofia-2-z-wlokna-szklanego-na-taras.jpg","contentUrl":"https:\/\/worldofflowerpots.com\/wp-content\/uploads\/2019\/01\/Donica-plastikowa-Sofia-2-z-wlokna-szklanego-na-taras.jpg","width":1920,"height":1080},{"@type":"BreadcrumbList","@id":"https:\/\/worldofflowerpots.com\/sklep\/donica-z-wlokna-szklanego-plastikowa-sofia-2-do-biurowca-lub-hotelu\/#breadcrumb","itemListElement":[{"@type":"ListItem","position":1,"name":"Strona g\u0142\u00f3wna","item":"https:\/\/worldofflowerpots.com\/"},{"@type":"ListItem","position":2,"name":"Sklep","item":"https:\/\/worldofflowerpots.com\/sklep\/"},{"@type":"ListItem","position":3,"name":"Donica z W\u0142\u00f3kna Szklanego Plastikowa Sofia 2 &#8211; do Biurowca lub Hotelu"}]},{"@type":"WebSite","@id":"https:\/\/worldofflowerpots.com\/#website","url":"https:\/\/worldofflowerpots.com\/","name":"World of Flowerpots","description":"producent donic ozdobnych","potentialAction":[{"@type":"SearchAction","target":{"@type":"EntryPoint","urlTemplate":"https:\/\/worldofflowerpots.com\/?s={search_term_string}"},"query-input":{"@type":"PropertyValueSpecification","valueRequired":true,"valueName":"search_term_string"}}],"inLanguage":"pl-PL"}]}},"_links":{"self":[{"href":"https:\/\/worldofflowerpots.com\/pl\/wp-json\/wp\/v2\/product\/50899","targetHints":{"allow":["GET"]}}],"collection":[{"href":"https:\/\/worldofflowerpots.com\/pl\/wp-json\/wp\/v2\/product"}],"about":[{"href":"https:\/\/worldofflowerpots.com\/pl\/wp-json\/wp\/v2\/types\/product"}],"wp:featuredmedia":[{"embeddable":true,"href":"https:\/\/worldofflowerpots.com\/pl\/wp-json\/wp\/v2\/media\/50968"}],"wp:attachment":[{"href":"https:\/\/worldofflowerpots.com\/pl\/wp-json\/wp\/v2\/media?parent=50899"}],"wp:term":[{"taxonomy":"product_brand","embeddable":true,"href":"https:\/\/worldofflowerpots.com\/pl\/wp-json\/wp\/v2\/product_brand?post=50899"},{"taxonomy":"product_cat","embeddable":true,"href":"https:\/\/worldofflowerpots.com\/pl\/wp-json\/wp\/v2\/product_cat?post=50899"},{"taxonomy":"product_tag","embeddable":true,"href":"https:\/\/worldofflowerpots.com\/pl\/wp-json\/wp\/v2\/product_tag?post=50899"}],"curies":[{"name":"wp","href":"https:\/\/api.w.org\/{rel}","templated":true}]}}