{"id":50900,"date":"2019-01-18T15:10:34","date_gmt":"2019-01-18T14:10:34","guid":{"rendered":"https:\/\/worldofflowerpots.com\/product\/import-placeholder-for-231\/"},"modified":"2019-04-05T12:41:06","modified_gmt":"2019-04-05T10:41:06","slug":"waskie-donice-z-wlokna-szklanego-carlo-1","status":"publish","type":"product","link":"https:\/\/worldofflowerpots.com\/pl\/sklep\/waskie-donice-z-wlokna-szklanego-carlo-1\/","title":{"rendered":"W\u0105skie donice z w\u0142\u00f3kna szklanego Carlo 1"},"content":{"rendered":"<h2>W\u0105skie donice z w\u0142\u00f3kna szklanego<\/h2>\n<p>Ka\u017cdy z nas, chce pod\u0105\u017ca\u0107 za mod\u0105. Ci\u0105gle wyszukujemy nowych pomys\u0142\u00f3w na aran\u017cacj\u0119 tarasu, ogrodu lub innych miejsc, gdzie chcemy sp\u0119dza\u0107 mi\u0142o czas z rodzina i znajomymi. Cz\u0119sto nie wiemy, co zrobi\u0107, aby\u00a0nada\u0107 charakteru miejscu, kt\u00f3re chcemy urz\u0105dzi\u0107, tak aby widok zapiera\u0142 dech w piersi. Idealnym sposobem na pokazanie klasy, dobrego gustu, a przede wszystkim nadaniu charakterystycznego wygl\u0105du jest zasadzenie r\u00f3\u017cnego rodzaju ro\u015blin w w\u0105skich donicach z w\u0142\u00f3kna szklanego.<\/p>\n<p>Donice te wykonane s\u0105 z w\u0142\u00f3kna szklanego oraz \u017cywicy.\u00a0Nadaj\u0105\u00a0si\u0119 do stosowania we wn\u0119trzach i na zewn\u0105trz. Mo\u017cna je u\u017cy\u0107 jako donice lub os\u0142onki na \u00a0mniejsze donice. Produkty wyposa\u017cone s\u0105 w otwory odp\u0142ywowe w dnie, kt\u00f3re zapobiegaj\u0105 zbyt du\u017cemu nawodnieniu naszych ro\u015blin. W\u0105skie donice z w\u0142\u00f3kna szklanego idealnie sprawdz\u0105 si\u0119, jako stylowa oraz elegancka ozdoba, kt\u00f3ra z pewno\u015bci\u0105 doda wdzi\u0119ku naszemu wej\u015bciu do domu, biura lub restauracji.<\/p>\n<h2>Trwa\u0142o\u015b\u0107 i elegancja<\/h2>\n<p>Donice wykonane s\u0105 z trwa\u0142ego i odpornego na r\u00f3\u017cnego rodzaju uszkodzenia, a dzi\u0119ki zastosowaniu najlepszych barwnik\u00f3w uzyskujemy gwarancj\u0119 \u017cywych kolor\u00f3w, kt\u00f3re nie strac\u0105 swojego blasku podczas d\u0142ugiego ich u\u017cytkowania.<br \/>\nDonice z w\u0142\u00f3kna szklanego, idealnie pasowa\u0107 b\u0119d\u0105 do ma\u0142ych krzew\u00f3w i ro\u015blin, kt\u00f3re swoimi kszta\u0142tami nie b\u0119d\u0105 zaburza\u0107 harmonii. Wybieraj\u0105c odpowiednie ro\u015bliny musimy zwr\u00f3ci\u0107 uwag\u0119 na rodzaj ich ukorzenia. Jest to bardzo wa\u017cne, poniewa\u017c zbyt ma\u0142a ilo\u015b\u0107 miejsca w donicy mo\u017ce zaburza\u0107 ich wzrost. Przez to ro\u015bliny nie b\u0119d\u0105 wygl\u0105da\u0107 estetycznie, a tak\u017ce nie b\u0119d\u0105 mie\u0107 odpowiednich warunk\u00f3w do wzrostu. Zalet\u0105 tych donic, z pewno\u015bci\u0105 s\u0105 \u015bciany, kt\u00f3re ocieplone s\u0105 styropianem o grubo\u015bci 2 cm. Dzi\u0119ki temu mo\u017cemy \u015bmia\u0142o trzyma\u0107 w nich ro\u015bliny na zewn\u0105trz podczas srogich zim.<\/p>\n<h2>Harmonia w ka\u017cdym odcieniu<\/h2>\n<p>Aby nasze donice wraz z zasadzonymi w nich ro\u015blinami i krzewami wygl\u0105da\u0142y zjawiskowo nale\u017cy zadba\u0107 o ich otoczenie. Warto ustawia\u0107 donice w miejscach, kt\u00f3rych jest dobre nas\u0142onecznienie. Wybieraj\u0105c donice ciemnego koloru, mo\u017cna zapewni\u0107 jej otoczenie o jasnych barwach, przez co uzyskamy \u0142ad i harmoni\u0119. Maj\u0105c donice koloru jasne, dobrze jest zadba\u0107 o elementy ozdobne w ciemniejszych kolorach.<br \/>\nDobrze dobrana donica \u015bwiadczy, o naszym dobrym gu\u015bcie, a tak\u017ce b\u0119dziemy mogli cieszy\u0107 si\u0119 pi\u0119knym wystrojem.<\/p>\n","protected":false},"excerpt":{"rendered":"<p>Donica plastikowa z w\u0142\u00f3kna szklanego Carlo 1 z w\u0142\u00f3kna szklanego oraz \u017cywicy do stosowania wewn\u0105trz jako donica lub jako os\u0142onka. Donice dost\u0119pne we wszystkich kolorach palety RAL w wersji matowej i w po\u0142ysku. Donice s\u0105 wyposa\u017cone w otwory odp\u0142ywowe w dnie (na wyra\u017ane \u017cyczenie klienta mo\u017ce zosta\u0107 wykonana bez otworu odp\u0142ywowego), boczne \u015bcianki wy\u0142o\u017cone s\u0105 styropianem. Wymiary donicy: d\u0142ugo\u015b\u0107:40cm, szeroko\u015b\u0107:40cm, wysoko\u015b\u0107: 80cm<\/p>\n","protected":false},"featured_media":57655,"template":"","meta":{"_acf_changed":false},"product_brand":[],"product_cat":[205],"product_tag":[448,444,447,451],"class_list":{"0":"post-50900","1":"product","2":"type-product","3":"status-publish","4":"has-post-thumbnail","6":"product_cat-donice-z-wlokna-szklanego-plastiku","7":"product_tag-donice-balkonowe","8":"product_tag-donice-ogrodowe","9":"product_tag-donice-tarasowe","10":"product_tag-donice-wewnetrzne","11":"description-off","12":"tm-has-options","14":"first","15":"instock","16":"shipping-taxable","17":"purchasable","18":"product-type-simple"},"acf":[],"yoast_head":"<!-- This site is optimized with the Yoast SEO plugin v27.5 - https:\/\/yoast.com\/product\/yoast-seo-wordpress\/ -->\n<title>Nowoczesne W\u0105skie Donice z W\u0142\u00f3kna Szklanego Carlo 1<\/title>\n<meta name=\"description\" content=\"W\u0105skie donice z w\u0142\u00f3kna szklanego idealnie sprawdz\u0105 si\u0119, jako stylowa oraz elegancka ozdoba, kt\u00f3ra z pewno\u015bci\u0105 doda wdzi\u0119ku naszemu wej\u015bciu do domu.\" \/>\n<meta name=\"robots\" content=\"index, follow, max-snippet:-1, max-image-preview:large, max-video-preview:-1\" \/>\n<link rel=\"canonical\" href=\"https:\/\/worldofflowerpots.com\/sklep\/waskie-donice-z-wlokna-szklanego-carlo-1\/\" \/>\n<meta property=\"og:locale\" content=\"pl_PL\" \/>\n<meta property=\"og:type\" content=\"article\" \/>\n<meta property=\"og:title\" content=\"Nowoczesne W\u0105skie Donice z W\u0142\u00f3kna Szklanego Carlo 1\" \/>\n<meta property=\"og:description\" content=\"W\u0105skie donice z w\u0142\u00f3kna szklanego idealnie sprawdz\u0105 si\u0119, jako stylowa oraz elegancka ozdoba, kt\u00f3ra z pewno\u015bci\u0105 doda wdzi\u0119ku naszemu wej\u015bciu do domu.\" \/>\n<meta property=\"og:url\" content=\"https:\/\/worldofflowerpots.com\/sklep\/waskie-donice-z-wlokna-szklanego-carlo-1\/\" \/>\n<meta property=\"og:site_name\" content=\"World of Flowerpots\" \/>\n<meta property=\"article:modified_time\" content=\"2019-04-05T10:41:06+00:00\" \/>\n<meta property=\"og:image\" content=\"https:\/\/worldofflowerpots.com\/wp-content\/uploads\/2019\/01\/w\u0105skie-donice-z-w\u0142\u00f3kna-szklanego-Carlo-1.jpg\" \/>\n\t<meta property=\"og:image:width\" content=\"1920\" \/>\n\t<meta property=\"og:image:height\" content=\"1080\" \/>\n\t<meta property=\"og:image:type\" content=\"image\/jpeg\" \/>\n<meta name=\"twitter:card\" content=\"summary_large_image\" \/>\n<meta name=\"twitter:label1\" content=\"Szacowany czas czytania\" \/>\n\t<meta name=\"twitter:data1\" content=\"2 minuty\" \/>\n<script type=\"application\/ld+json\" class=\"yoast-schema-graph\">{\"@context\":\"https:\\\/\\\/schema.org\",\"@graph\":[{\"@type\":\"WebPage\",\"@id\":\"https:\\\/\\\/worldofflowerpots.com\\\/sklep\\\/waskie-donice-z-wlokna-szklanego-carlo-1\\\/\",\"url\":\"https:\\\/\\\/worldofflowerpots.com\\\/sklep\\\/waskie-donice-z-wlokna-szklanego-carlo-1\\\/\",\"name\":\"Nowoczesne W\u0105skie Donice z W\u0142\u00f3kna Szklanego Carlo 1\",\"isPartOf\":{\"@id\":\"https:\\\/\\\/worldofflowerpots.com\\\/#website\"},\"primaryImageOfPage\":{\"@id\":\"https:\\\/\\\/worldofflowerpots.com\\\/sklep\\\/waskie-donice-z-wlokna-szklanego-carlo-1\\\/#primaryimage\"},\"image\":{\"@id\":\"https:\\\/\\\/worldofflowerpots.com\\\/sklep\\\/waskie-donice-z-wlokna-szklanego-carlo-1\\\/#primaryimage\"},\"thumbnailUrl\":\"https:\\\/\\\/worldofflowerpots.com\\\/wp-content\\\/uploads\\\/2019\\\/01\\\/w\u0105skie-donice-z-w\u0142\u00f3kna-szklanego-Carlo-1.jpg\",\"datePublished\":\"2019-01-18T14:10:34+00:00\",\"dateModified\":\"2019-04-05T10:41:06+00:00\",\"description\":\"W\u0105skie donice z w\u0142\u00f3kna szklanego idealnie sprawdz\u0105 si\u0119, jako stylowa oraz elegancka ozdoba, kt\u00f3ra z pewno\u015bci\u0105 doda wdzi\u0119ku naszemu wej\u015bciu do domu.\",\"breadcrumb\":{\"@id\":\"https:\\\/\\\/worldofflowerpots.com\\\/sklep\\\/waskie-donice-z-wlokna-szklanego-carlo-1\\\/#breadcrumb\"},\"inLanguage\":\"pl-PL\",\"potentialAction\":[{\"@type\":\"ReadAction\",\"target\":[\"https:\\\/\\\/worldofflowerpots.com\\\/sklep\\\/waskie-donice-z-wlokna-szklanego-carlo-1\\\/\"]}]},{\"@type\":\"ImageObject\",\"inLanguage\":\"pl-PL\",\"@id\":\"https:\\\/\\\/worldofflowerpots.com\\\/sklep\\\/waskie-donice-z-wlokna-szklanego-carlo-1\\\/#primaryimage\",\"url\":\"https:\\\/\\\/worldofflowerpots.com\\\/wp-content\\\/uploads\\\/2019\\\/01\\\/w\u0105skie-donice-z-w\u0142\u00f3kna-szklanego-Carlo-1.jpg\",\"contentUrl\":\"https:\\\/\\\/worldofflowerpots.com\\\/wp-content\\\/uploads\\\/2019\\\/01\\\/w\u0105skie-donice-z-w\u0142\u00f3kna-szklanego-Carlo-1.jpg\",\"width\":1920,\"height\":1080},{\"@type\":\"BreadcrumbList\",\"@id\":\"https:\\\/\\\/worldofflowerpots.com\\\/sklep\\\/waskie-donice-z-wlokna-szklanego-carlo-1\\\/#breadcrumb\",\"itemListElement\":[{\"@type\":\"ListItem\",\"position\":1,\"name\":\"Strona g\u0142\u00f3wna\",\"item\":\"https:\\\/\\\/worldofflowerpots.com\\\/\"},{\"@type\":\"ListItem\",\"position\":2,\"name\":\"Sklep\",\"item\":\"https:\\\/\\\/worldofflowerpots.com\\\/sklep\\\/\"},{\"@type\":\"ListItem\",\"position\":3,\"name\":\"W\u0105skie donice z w\u0142\u00f3kna szklanego Carlo 1\"}]},{\"@type\":\"WebSite\",\"@id\":\"https:\\\/\\\/worldofflowerpots.com\\\/#website\",\"url\":\"https:\\\/\\\/worldofflowerpots.com\\\/\",\"name\":\"World of Flowerpots\",\"description\":\"producent donic ozdobnych\",\"potentialAction\":[{\"@type\":\"SearchAction\",\"target\":{\"@type\":\"EntryPoint\",\"urlTemplate\":\"https:\\\/\\\/worldofflowerpots.com\\\/?s={search_term_string}\"},\"query-input\":{\"@type\":\"PropertyValueSpecification\",\"valueRequired\":true,\"valueName\":\"search_term_string\"}}],\"inLanguage\":\"pl-PL\"}]}<\/script>\n<!-- \/ Yoast SEO plugin. -->","yoast_head_json":{"title":"Nowoczesne W\u0105skie Donice z W\u0142\u00f3kna Szklanego Carlo 1","description":"W\u0105skie donice z w\u0142\u00f3kna szklanego idealnie sprawdz\u0105 si\u0119, jako stylowa oraz elegancka ozdoba, kt\u00f3ra z pewno\u015bci\u0105 doda wdzi\u0119ku naszemu wej\u015bciu do domu.","robots":{"index":"index","follow":"follow","max-snippet":"max-snippet:-1","max-image-preview":"max-image-preview:large","max-video-preview":"max-video-preview:-1"},"canonical":"https:\/\/worldofflowerpots.com\/sklep\/waskie-donice-z-wlokna-szklanego-carlo-1\/","og_locale":"pl_PL","og_type":"article","og_title":"Nowoczesne W\u0105skie Donice z W\u0142\u00f3kna Szklanego Carlo 1","og_description":"W\u0105skie donice z w\u0142\u00f3kna szklanego idealnie sprawdz\u0105 si\u0119, jako stylowa oraz elegancka ozdoba, kt\u00f3ra z pewno\u015bci\u0105 doda wdzi\u0119ku naszemu wej\u015bciu do domu.","og_url":"https:\/\/worldofflowerpots.com\/sklep\/waskie-donice-z-wlokna-szklanego-carlo-1\/","og_site_name":"World of Flowerpots","article_modified_time":"2019-04-05T10:41:06+00:00","og_image":[{"width":1920,"height":1080,"url":"https:\/\/worldofflowerpots.com\/wp-content\/uploads\/2019\/01\/w\u0105skie-donice-z-w\u0142\u00f3kna-szklanego-Carlo-1.jpg","type":"image\/jpeg"}],"twitter_card":"summary_large_image","twitter_misc":{"Szacowany czas czytania":"2 minuty"},"schema":{"@context":"https:\/\/schema.org","@graph":[{"@type":"WebPage","@id":"https:\/\/worldofflowerpots.com\/sklep\/waskie-donice-z-wlokna-szklanego-carlo-1\/","url":"https:\/\/worldofflowerpots.com\/sklep\/waskie-donice-z-wlokna-szklanego-carlo-1\/","name":"Nowoczesne W\u0105skie Donice z W\u0142\u00f3kna Szklanego Carlo 1","isPartOf":{"@id":"https:\/\/worldofflowerpots.com\/#website"},"primaryImageOfPage":{"@id":"https:\/\/worldofflowerpots.com\/sklep\/waskie-donice-z-wlokna-szklanego-carlo-1\/#primaryimage"},"image":{"@id":"https:\/\/worldofflowerpots.com\/sklep\/waskie-donice-z-wlokna-szklanego-carlo-1\/#primaryimage"},"thumbnailUrl":"https:\/\/worldofflowerpots.com\/wp-content\/uploads\/2019\/01\/w\u0105skie-donice-z-w\u0142\u00f3kna-szklanego-Carlo-1.jpg","datePublished":"2019-01-18T14:10:34+00:00","dateModified":"2019-04-05T10:41:06+00:00","description":"W\u0105skie donice z w\u0142\u00f3kna szklanego idealnie sprawdz\u0105 si\u0119, jako stylowa oraz elegancka ozdoba, kt\u00f3ra z pewno\u015bci\u0105 doda wdzi\u0119ku naszemu wej\u015bciu do domu.","breadcrumb":{"@id":"https:\/\/worldofflowerpots.com\/sklep\/waskie-donice-z-wlokna-szklanego-carlo-1\/#breadcrumb"},"inLanguage":"pl-PL","potentialAction":[{"@type":"ReadAction","target":["https:\/\/worldofflowerpots.com\/sklep\/waskie-donice-z-wlokna-szklanego-carlo-1\/"]}]},{"@type":"ImageObject","inLanguage":"pl-PL","@id":"https:\/\/worldofflowerpots.com\/sklep\/waskie-donice-z-wlokna-szklanego-carlo-1\/#primaryimage","url":"https:\/\/worldofflowerpots.com\/wp-content\/uploads\/2019\/01\/w\u0105skie-donice-z-w\u0142\u00f3kna-szklanego-Carlo-1.jpg","contentUrl":"https:\/\/worldofflowerpots.com\/wp-content\/uploads\/2019\/01\/w\u0105skie-donice-z-w\u0142\u00f3kna-szklanego-Carlo-1.jpg","width":1920,"height":1080},{"@type":"BreadcrumbList","@id":"https:\/\/worldofflowerpots.com\/sklep\/waskie-donice-z-wlokna-szklanego-carlo-1\/#breadcrumb","itemListElement":[{"@type":"ListItem","position":1,"name":"Strona g\u0142\u00f3wna","item":"https:\/\/worldofflowerpots.com\/"},{"@type":"ListItem","position":2,"name":"Sklep","item":"https:\/\/worldofflowerpots.com\/sklep\/"},{"@type":"ListItem","position":3,"name":"W\u0105skie donice z w\u0142\u00f3kna szklanego Carlo 1"}]},{"@type":"WebSite","@id":"https:\/\/worldofflowerpots.com\/#website","url":"https:\/\/worldofflowerpots.com\/","name":"World of Flowerpots","description":"producent donic ozdobnych","potentialAction":[{"@type":"SearchAction","target":{"@type":"EntryPoint","urlTemplate":"https:\/\/worldofflowerpots.com\/?s={search_term_string}"},"query-input":{"@type":"PropertyValueSpecification","valueRequired":true,"valueName":"search_term_string"}}],"inLanguage":"pl-PL"}]}},"_links":{"self":[{"href":"https:\/\/worldofflowerpots.com\/pl\/wp-json\/wp\/v2\/product\/50900","targetHints":{"allow":["GET"]}}],"collection":[{"href":"https:\/\/worldofflowerpots.com\/pl\/wp-json\/wp\/v2\/product"}],"about":[{"href":"https:\/\/worldofflowerpots.com\/pl\/wp-json\/wp\/v2\/types\/product"}],"wp:featuredmedia":[{"embeddable":true,"href":"https:\/\/worldofflowerpots.com\/pl\/wp-json\/wp\/v2\/media\/57655"}],"wp:attachment":[{"href":"https:\/\/worldofflowerpots.com\/pl\/wp-json\/wp\/v2\/media?parent=50900"}],"wp:term":[{"taxonomy":"product_brand","embeddable":true,"href":"https:\/\/worldofflowerpots.com\/pl\/wp-json\/wp\/v2\/product_brand?post=50900"},{"taxonomy":"product_cat","embeddable":true,"href":"https:\/\/worldofflowerpots.com\/pl\/wp-json\/wp\/v2\/product_cat?post=50900"},{"taxonomy":"product_tag","embeddable":true,"href":"https:\/\/worldofflowerpots.com\/pl\/wp-json\/wp\/v2\/product_tag?post=50900"}],"curies":[{"name":"wp","href":"https:\/\/api.w.org\/{rel}","templated":true}]}}