{"id":50910,"date":"2019-01-18T15:11:05","date_gmt":"2019-01-18T14:11:05","guid":{"rendered":"https:\/\/worldofflowerpots.com\/product\/import-placeholder-for-232\/"},"modified":"2019-04-05T12:29:13","modified_gmt":"2019-04-05T10:29:13","slug":"smukle-donice-z-wlokna-szklanego-carlo-2","status":"publish","type":"product","link":"https:\/\/worldofflowerpots.com\/pl\/sklep\/smukle-donice-z-wlokna-szklanego-carlo-2\/","title":{"rendered":"Smuk\u0142e donice z w\u0142\u00f3kna szklanego Carlo 2"},"content":{"rendered":"<h2>Stylowa i wytrzyma\u0142a donica<\/h2>\n<p>Smuk\u0142e donice z w\u0142\u00f3kna szklanego to element obowi\u0105zkowy przy aran\u017cacjach wewn\u0119trznych oraz zewn\u0119trznych. Carlo 2 jest dost\u0119pna we wszystkich kolorach, kt\u00f3re s\u0105 w palecie RAL. Donice mog\u0105 by\u0107 wykonane zar\u00f3wno w po\u0142ysku jak i w macie. Cechuje j\u0105 minimalizm. Jej wymiary to: d\u0142ugo\u015b\u0107 40 cm, szeroko\u015b\u0107 40 cm, wysoko\u015b\u0107 100 cm. W\u0142\u00f3kno szklane cechuje si\u0119 du\u017c\u0105 wytrzyma\u0142o\u015bci\u0105, dlatego donica Carlo 2 b\u0119dzie s\u0142u\u017cy\u0107 na d\u0142ugie lata. Donice opr\u00f3cz ciekawej prezencji powinny spe\u0142nia\u0107 swoje wymagania i przeznaczenie, dlatego posiadaj\u0105 otwory odp\u0142ywowe na dnie. Istnieje mo\u017cliwo\u015b\u0107 zam\u00f3wienia donicy bez odp\u0142yw\u00f3w. Donice z w\u0142\u00f3kna szklanego s\u0105 wytrzyma\u0142e i doskonale sprawdz\u0105 si\u0119 w warunkach zmiennej pogody. Bez problemu mo\u017cna j\u0105 trzyma\u0107 na zewn\u0105trz przez d\u0142ugi czas.<\/p>\n<h2>Elegancja i minimalizm<\/h2>\n<p>Carlo 2 jest donic\u0105 cechuj\u0105c\u0105 si\u0119 minimalizmem, dlatego doskonale b\u0119dzie si\u0119 prezentowa\u0107 przy wsp\u00f3\u0142czesnych aran\u017cacjach wewn\u0119trznych typu \u201esimple\u201d. Jest wysoka, dlatego doda charaktery\u00a0 surowym i ch\u0142odnym pomieszczeniom. Kwadratowy kszta\u0142t jest bardzo po\u017c\u0105dany. Smuk\u0142e donice z w\u0142\u00f3kna szklanego sprawdz\u0105 si\u0119 w ogrodach bogatych w ozdoby ro\u015blinne, poniewa\u017c cechuj\u0105 si\u0119 elegancj\u0105 i prostot\u0105. B\u0119d\u0105 podkre\u015bla\u0107 pi\u0119kno i kolor kwiat\u00f3w, a zarazem dodawa\u0107 elegancji ogrodowi. Po\u0142\u0105czenie bogactwa ro\u015blinnego z elegancj\u0105 i lekko\u015bci\u0105 donic b\u0119dzie si\u0119 doskonale komponowa\u0107. Dost\u0119pna jest szeroka gama kolor\u00f3w, wi\u0119c nie b\u0119dzie problemu z doborem i dopasowaniem donicy do koloru ro\u015blinno\u015bci.<\/p>\n<h2>Wysoka jako\u015b\u0107 i bezpiecze\u0144stwo u\u017cytkowania dla ro\u015blin<\/h2>\n<p>Donica plastikowa Carlo 2 jest wykonana z wysokiej jako\u015bci maty szklanej, \u017cywicy i \u017celkotu. Zalet\u0105 takiego tworzywa jest du\u017ca odporno\u015b\u0107 na niekorzystne warunki atmosferyczne. Na donic\u0119 nie ma wp\u0142ywu wiatr, \u015bnieg, woda, czy styczno\u015b\u0107 z pod\u0142o\u017cem. Mo\u017cna by\u0107 pewnym, \u017ce nawet po d\u0142ugim czasie przebywania na zewn\u0105trz ozdoba si\u0119 nie zniszczy. Donica ma nie tylko atrakcyjnie si\u0119 prezentowa\u0107, ale r\u00f3wnie\u017c spe\u0142nia\u0107 swoje przeznaczenie i dba\u0107 o ro\u015bliny. Wyposa\u017cona jest w otwory odp\u0142ywowe i warstw\u0119 ochronnego styropianu, co jest bardzo wa\u017cne dla ro\u015blin. Dzi\u0119ki temu ich kondycja b\u0119dzie utrzymywana w dobrym stanie przez d\u0142ugi czas. Kwiaty b\u0119d\u0105 zabezpieczone oraz b\u0119d\u0105 mia\u0142y korzystne warunki do rozwijania si\u0119.<\/p>\n","protected":false},"excerpt":{"rendered":"<p>Donica plastikowa z w\u0142\u00f3kna szklanego Carlo 2 z w\u0142\u00f3kna szklanego oraz \u017cywicy do stosowania wewn\u0105trz jako donica lub jako os\u0142onka. Donice dost\u0119pne we wszystkich kolorach palety RAL w wersji matowej i w po\u0142ysku. Donice s\u0105 wyposa\u017cone w otwory odp\u0142ywowe w dnie (na wyra\u017ane \u017cyczenie klienta mo\u017ce zosta\u0107 wykonana bez otworu odp\u0142ywowego), boczne \u015bcianki wy\u0142o\u017cone s\u0105 styropianem. Wymiary donicy: d\u0142ugo\u015b\u0107: 40 cm, szeroko\u015b\u0107: 40 cm, wysoko\u015b\u0107: 100 cm.<\/p>\n","protected":false},"featured_media":57625,"template":"","meta":{"_acf_changed":false},"product_brand":[],"product_cat":[205],"product_tag":[448,444,447,451],"class_list":{"0":"post-50910","1":"product","2":"type-product","3":"status-publish","4":"has-post-thumbnail","6":"product_cat-donice-z-wlokna-szklanego-plastiku","7":"product_tag-donice-balkonowe","8":"product_tag-donice-ogrodowe","9":"product_tag-donice-tarasowe","10":"product_tag-donice-wewnetrzne","11":"description-off","12":"tm-has-options","14":"first","15":"instock","16":"shipping-taxable","17":"purchasable","18":"product-type-simple"},"acf":[],"yoast_head":"<!-- This site is optimized with the Yoast SEO plugin v27.5 - https:\/\/yoast.com\/product\/yoast-seo-wordpress\/ -->\n<title>Smuk\u0142e donice z w\u0142\u00f3kna szklanego Carlo 2 - Wewn\u0119trzne<\/title>\n<meta name=\"description\" content=\"Smuk\u0142e donice z w\u0142\u00f3kna szklanego sprawdz\u0105 si\u0119 w ogrodach bogatych w ozdoby ro\u015blinne, poniewa\u017c cechuj\u0105 si\u0119 elegancj\u0105 i prostot\u0105.\" \/>\n<meta name=\"robots\" content=\"index, follow, max-snippet:-1, max-image-preview:large, max-video-preview:-1\" \/>\n<link rel=\"canonical\" href=\"https:\/\/worldofflowerpots.com\/sklep\/smukle-donice-z-wlokna-szklanego-carlo-2\/\" \/>\n<meta property=\"og:locale\" content=\"pl_PL\" \/>\n<meta property=\"og:type\" content=\"article\" \/>\n<meta property=\"og:title\" content=\"Smuk\u0142e donice z w\u0142\u00f3kna szklanego Carlo 2 - Wewn\u0119trzne\" \/>\n<meta property=\"og:description\" content=\"Smuk\u0142e donice z w\u0142\u00f3kna szklanego sprawdz\u0105 si\u0119 w ogrodach bogatych w ozdoby ro\u015blinne, poniewa\u017c cechuj\u0105 si\u0119 elegancj\u0105 i prostot\u0105.\" \/>\n<meta property=\"og:url\" content=\"https:\/\/worldofflowerpots.com\/sklep\/smukle-donice-z-wlokna-szklanego-carlo-2\/\" \/>\n<meta property=\"og:site_name\" content=\"World of Flowerpots\" \/>\n<meta property=\"article:modified_time\" content=\"2019-04-05T10:29:13+00:00\" \/>\n<meta property=\"og:image\" content=\"https:\/\/worldofflowerpots.com\/wp-content\/uploads\/2019\/01\/smuk\u0142e-donice-z-w\u0142\u00f3kna-szklanego-Carlo-2.jpg\" \/>\n\t<meta property=\"og:image:width\" content=\"1920\" \/>\n\t<meta property=\"og:image:height\" content=\"1080\" \/>\n\t<meta property=\"og:image:type\" content=\"image\/jpeg\" \/>\n<meta name=\"twitter:card\" content=\"summary_large_image\" \/>\n<meta name=\"twitter:label1\" content=\"Szacowany czas czytania\" \/>\n\t<meta name=\"twitter:data1\" content=\"2 minuty\" \/>\n<script type=\"application\/ld+json\" class=\"yoast-schema-graph\">{\"@context\":\"https:\\\/\\\/schema.org\",\"@graph\":[{\"@type\":\"WebPage\",\"@id\":\"https:\\\/\\\/worldofflowerpots.com\\\/sklep\\\/smukle-donice-z-wlokna-szklanego-carlo-2\\\/\",\"url\":\"https:\\\/\\\/worldofflowerpots.com\\\/sklep\\\/smukle-donice-z-wlokna-szklanego-carlo-2\\\/\",\"name\":\"Smuk\u0142e donice z w\u0142\u00f3kna szklanego Carlo 2 - Wewn\u0119trzne\",\"isPartOf\":{\"@id\":\"https:\\\/\\\/worldofflowerpots.com\\\/#website\"},\"primaryImageOfPage\":{\"@id\":\"https:\\\/\\\/worldofflowerpots.com\\\/sklep\\\/smukle-donice-z-wlokna-szklanego-carlo-2\\\/#primaryimage\"},\"image\":{\"@id\":\"https:\\\/\\\/worldofflowerpots.com\\\/sklep\\\/smukle-donice-z-wlokna-szklanego-carlo-2\\\/#primaryimage\"},\"thumbnailUrl\":\"https:\\\/\\\/worldofflowerpots.com\\\/wp-content\\\/uploads\\\/2019\\\/01\\\/smuk\u0142e-donice-z-w\u0142\u00f3kna-szklanego-Carlo-2.jpg\",\"datePublished\":\"2019-01-18T14:11:05+00:00\",\"dateModified\":\"2019-04-05T10:29:13+00:00\",\"description\":\"Smuk\u0142e donice z w\u0142\u00f3kna szklanego sprawdz\u0105 si\u0119 w ogrodach bogatych w ozdoby ro\u015blinne, poniewa\u017c cechuj\u0105 si\u0119 elegancj\u0105 i prostot\u0105.\",\"breadcrumb\":{\"@id\":\"https:\\\/\\\/worldofflowerpots.com\\\/sklep\\\/smukle-donice-z-wlokna-szklanego-carlo-2\\\/#breadcrumb\"},\"inLanguage\":\"pl-PL\",\"potentialAction\":[{\"@type\":\"ReadAction\",\"target\":[\"https:\\\/\\\/worldofflowerpots.com\\\/sklep\\\/smukle-donice-z-wlokna-szklanego-carlo-2\\\/\"]}]},{\"@type\":\"ImageObject\",\"inLanguage\":\"pl-PL\",\"@id\":\"https:\\\/\\\/worldofflowerpots.com\\\/sklep\\\/smukle-donice-z-wlokna-szklanego-carlo-2\\\/#primaryimage\",\"url\":\"https:\\\/\\\/worldofflowerpots.com\\\/wp-content\\\/uploads\\\/2019\\\/01\\\/smuk\u0142e-donice-z-w\u0142\u00f3kna-szklanego-Carlo-2.jpg\",\"contentUrl\":\"https:\\\/\\\/worldofflowerpots.com\\\/wp-content\\\/uploads\\\/2019\\\/01\\\/smuk\u0142e-donice-z-w\u0142\u00f3kna-szklanego-Carlo-2.jpg\",\"width\":1920,\"height\":1080},{\"@type\":\"BreadcrumbList\",\"@id\":\"https:\\\/\\\/worldofflowerpots.com\\\/sklep\\\/smukle-donice-z-wlokna-szklanego-carlo-2\\\/#breadcrumb\",\"itemListElement\":[{\"@type\":\"ListItem\",\"position\":1,\"name\":\"Strona g\u0142\u00f3wna\",\"item\":\"https:\\\/\\\/worldofflowerpots.com\\\/\"},{\"@type\":\"ListItem\",\"position\":2,\"name\":\"Sklep\",\"item\":\"https:\\\/\\\/worldofflowerpots.com\\\/sklep\\\/\"},{\"@type\":\"ListItem\",\"position\":3,\"name\":\"Smuk\u0142e donice z w\u0142\u00f3kna szklanego Carlo 2\"}]},{\"@type\":\"WebSite\",\"@id\":\"https:\\\/\\\/worldofflowerpots.com\\\/#website\",\"url\":\"https:\\\/\\\/worldofflowerpots.com\\\/\",\"name\":\"World of Flowerpots\",\"description\":\"producent donic ozdobnych\",\"potentialAction\":[{\"@type\":\"SearchAction\",\"target\":{\"@type\":\"EntryPoint\",\"urlTemplate\":\"https:\\\/\\\/worldofflowerpots.com\\\/?s={search_term_string}\"},\"query-input\":{\"@type\":\"PropertyValueSpecification\",\"valueRequired\":true,\"valueName\":\"search_term_string\"}}],\"inLanguage\":\"pl-PL\"}]}<\/script>\n<!-- \/ Yoast SEO plugin. -->","yoast_head_json":{"title":"Smuk\u0142e donice z w\u0142\u00f3kna szklanego Carlo 2 - Wewn\u0119trzne","description":"Smuk\u0142e donice z w\u0142\u00f3kna szklanego sprawdz\u0105 si\u0119 w ogrodach bogatych w ozdoby ro\u015blinne, poniewa\u017c cechuj\u0105 si\u0119 elegancj\u0105 i prostot\u0105.","robots":{"index":"index","follow":"follow","max-snippet":"max-snippet:-1","max-image-preview":"max-image-preview:large","max-video-preview":"max-video-preview:-1"},"canonical":"https:\/\/worldofflowerpots.com\/sklep\/smukle-donice-z-wlokna-szklanego-carlo-2\/","og_locale":"pl_PL","og_type":"article","og_title":"Smuk\u0142e donice z w\u0142\u00f3kna szklanego Carlo 2 - Wewn\u0119trzne","og_description":"Smuk\u0142e donice z w\u0142\u00f3kna szklanego sprawdz\u0105 si\u0119 w ogrodach bogatych w ozdoby ro\u015blinne, poniewa\u017c cechuj\u0105 si\u0119 elegancj\u0105 i prostot\u0105.","og_url":"https:\/\/worldofflowerpots.com\/sklep\/smukle-donice-z-wlokna-szklanego-carlo-2\/","og_site_name":"World of Flowerpots","article_modified_time":"2019-04-05T10:29:13+00:00","og_image":[{"width":1920,"height":1080,"url":"https:\/\/worldofflowerpots.com\/wp-content\/uploads\/2019\/01\/smuk\u0142e-donice-z-w\u0142\u00f3kna-szklanego-Carlo-2.jpg","type":"image\/jpeg"}],"twitter_card":"summary_large_image","twitter_misc":{"Szacowany czas czytania":"2 minuty"},"schema":{"@context":"https:\/\/schema.org","@graph":[{"@type":"WebPage","@id":"https:\/\/worldofflowerpots.com\/sklep\/smukle-donice-z-wlokna-szklanego-carlo-2\/","url":"https:\/\/worldofflowerpots.com\/sklep\/smukle-donice-z-wlokna-szklanego-carlo-2\/","name":"Smuk\u0142e donice z w\u0142\u00f3kna szklanego Carlo 2 - Wewn\u0119trzne","isPartOf":{"@id":"https:\/\/worldofflowerpots.com\/#website"},"primaryImageOfPage":{"@id":"https:\/\/worldofflowerpots.com\/sklep\/smukle-donice-z-wlokna-szklanego-carlo-2\/#primaryimage"},"image":{"@id":"https:\/\/worldofflowerpots.com\/sklep\/smukle-donice-z-wlokna-szklanego-carlo-2\/#primaryimage"},"thumbnailUrl":"https:\/\/worldofflowerpots.com\/wp-content\/uploads\/2019\/01\/smuk\u0142e-donice-z-w\u0142\u00f3kna-szklanego-Carlo-2.jpg","datePublished":"2019-01-18T14:11:05+00:00","dateModified":"2019-04-05T10:29:13+00:00","description":"Smuk\u0142e donice z w\u0142\u00f3kna szklanego sprawdz\u0105 si\u0119 w ogrodach bogatych w ozdoby ro\u015blinne, poniewa\u017c cechuj\u0105 si\u0119 elegancj\u0105 i prostot\u0105.","breadcrumb":{"@id":"https:\/\/worldofflowerpots.com\/sklep\/smukle-donice-z-wlokna-szklanego-carlo-2\/#breadcrumb"},"inLanguage":"pl-PL","potentialAction":[{"@type":"ReadAction","target":["https:\/\/worldofflowerpots.com\/sklep\/smukle-donice-z-wlokna-szklanego-carlo-2\/"]}]},{"@type":"ImageObject","inLanguage":"pl-PL","@id":"https:\/\/worldofflowerpots.com\/sklep\/smukle-donice-z-wlokna-szklanego-carlo-2\/#primaryimage","url":"https:\/\/worldofflowerpots.com\/wp-content\/uploads\/2019\/01\/smuk\u0142e-donice-z-w\u0142\u00f3kna-szklanego-Carlo-2.jpg","contentUrl":"https:\/\/worldofflowerpots.com\/wp-content\/uploads\/2019\/01\/smuk\u0142e-donice-z-w\u0142\u00f3kna-szklanego-Carlo-2.jpg","width":1920,"height":1080},{"@type":"BreadcrumbList","@id":"https:\/\/worldofflowerpots.com\/sklep\/smukle-donice-z-wlokna-szklanego-carlo-2\/#breadcrumb","itemListElement":[{"@type":"ListItem","position":1,"name":"Strona g\u0142\u00f3wna","item":"https:\/\/worldofflowerpots.com\/"},{"@type":"ListItem","position":2,"name":"Sklep","item":"https:\/\/worldofflowerpots.com\/sklep\/"},{"@type":"ListItem","position":3,"name":"Smuk\u0142e donice z w\u0142\u00f3kna szklanego Carlo 2"}]},{"@type":"WebSite","@id":"https:\/\/worldofflowerpots.com\/#website","url":"https:\/\/worldofflowerpots.com\/","name":"World of Flowerpots","description":"producent donic ozdobnych","potentialAction":[{"@type":"SearchAction","target":{"@type":"EntryPoint","urlTemplate":"https:\/\/worldofflowerpots.com\/?s={search_term_string}"},"query-input":{"@type":"PropertyValueSpecification","valueRequired":true,"valueName":"search_term_string"}}],"inLanguage":"pl-PL"}]}},"_links":{"self":[{"href":"https:\/\/worldofflowerpots.com\/pl\/wp-json\/wp\/v2\/product\/50910","targetHints":{"allow":["GET"]}}],"collection":[{"href":"https:\/\/worldofflowerpots.com\/pl\/wp-json\/wp\/v2\/product"}],"about":[{"href":"https:\/\/worldofflowerpots.com\/pl\/wp-json\/wp\/v2\/types\/product"}],"wp:featuredmedia":[{"embeddable":true,"href":"https:\/\/worldofflowerpots.com\/pl\/wp-json\/wp\/v2\/media\/57625"}],"wp:attachment":[{"href":"https:\/\/worldofflowerpots.com\/pl\/wp-json\/wp\/v2\/media?parent=50910"}],"wp:term":[{"taxonomy":"product_brand","embeddable":true,"href":"https:\/\/worldofflowerpots.com\/pl\/wp-json\/wp\/v2\/product_brand?post=50910"},{"taxonomy":"product_cat","embeddable":true,"href":"https:\/\/worldofflowerpots.com\/pl\/wp-json\/wp\/v2\/product_cat?post=50910"},{"taxonomy":"product_tag","embeddable":true,"href":"https:\/\/worldofflowerpots.com\/pl\/wp-json\/wp\/v2\/product_tag?post=50910"}],"curies":[{"name":"wp","href":"https:\/\/api.w.org\/{rel}","templated":true}]}}