{"id":50912,"date":"2019-01-18T15:11:05","date_gmt":"2019-01-18T14:11:05","guid":{"rendered":"https:\/\/worldofflowerpots.com\/product\/import-placeholder-for-234\/"},"modified":"2019-04-05T12:34:06","modified_gmt":"2019-04-05T10:34:06","slug":"matowe-donice-z-wlokna-szklanego-carlo-4","status":"publish","type":"product","link":"https:\/\/worldofflowerpots.com\/pl\/sklep\/matowe-donice-z-wlokna-szklanego-carlo-4\/","title":{"rendered":"Matowe donice z w\u0142\u00f3kna szklanego Carlo 4"},"content":{"rendered":"<h2>Matowe i po\u0142ysku<\/h2>\n<p>Matowe donice z w\u0142\u00f3kna szklanego b\u0119d\u0105 odpowiednim wyborem dla os\u00f3b poszukuj\u0105cych najwy\u017cszej jako\u015bci i eleganckiej stylistyki. Jednym z wielu proponowanych modeli jest seria donic Carlo. Cech\u0105 charakterystyczn\u0105 tych produkt\u00f3w jest smuk\u0142o\u015b\u0107, prostota i uniwersalno\u015b\u0107. Minimalizm donic Carlo 4 sprawdzi si\u0119 w wielu wn\u0119trzach, zar\u00f3wno tych nowoczesnych, jak i bardziej klasycznych. Matowe wyko\u0144czenie i g\u0142\u0119boki kolor wpisuj\u0105 si\u0119 w trendy wn\u0119trzarskie, nie b\u0119d\u0105c jednocze\u015bnie przyt\u0142aczaj\u0105cym elementem dekoracyjnym. Wersja donicy w po\u0142ysku przykuwa uwag\u0119 zw\u0142aszcza w jaskrawych kolorach. Donice mog\u0105 by\u0107 stosowane zar\u00f3wno jako donica, jak i jako os\u0142onka. Odp\u0142ywy w dnie pozwalaj\u0105 na oddychanie ziemi i zabezpieczaj\u0105 ro\u015bliny przed gniciem. W\u0142\u00f3kno szklane jest \u0142atwe w utrzymaniu, jest stosunkowo wytrzyma\u0142e na zarysowania i uszkodzenia mechaniczne. Czyszczenie w\u0142\u00f3kna szklanego nie wymaga \u017cadnych specjalistycznych \u015brodk\u00f3w czysto\u015bci. Materia\u0142, z jakiego wykonane s\u0105 donice jest odporny na niskie temperatury oraz na wilgo\u0107. Z powodzeniem mo\u017ce by\u0107 wykorzystywany zar\u00f3wno wewn\u0105trz budynku, jak i na zewn\u0105trz.<\/p>\n<h2>Praktycznie i dekoracyjnie<\/h2>\n<p>Matowe donice z w\u0142\u00f3kna szklanego poza swoj\u0105 podstawow\u0105 funkcj\u0105 pe\u0142ni\u0105 te\u017c funkcj\u0119 dekoracyjn\u0105 w domu czy ogrodzie. Sprawdz\u0105 si\u0119 w aran\u017cacjach z ro\u015blinami wysokimi lub niskimi. Donica ma wymiary 50 cm x 50 cm, dzi\u0119ki czemu mo\u017cliwe s\u0105 kompozycje mieszane ro\u015blin wysokich i drobnych, niskich ro\u015blin. Kwadratowy kszta\u0142t i prosta linia pozwala na wielorakie wykorzystanie donic, s\u0105 to produkty uniwersalne. Prosta forma pozwala te\u017c na swobodne komponowanie donic ze sob\u0105. Donice Carlo 4 s\u0105 stabilne, a jednocze\u015bnie nie zajmuj\u0105 wiele przestrzeni. Mog\u0105 by\u0107 wykorzystane w pomieszczeniach wej\u015bciowych, k\u0105tach pomieszcze\u0144 czy jako ozdoba przy \u015bcianach. Aran\u017cacje z wy\u017cszymi ro\u015blinami stworz\u0105 naturalnie zielone \u015bciany lub naturalne parawany. Wykorzystane na tarasie lub balkonie dadz\u0105 iluzj\u0119 ogrodu \u2013 pozwalaj\u0105 na obsadzenie miejsca wieloma ro\u015blinami przy minimalnym wykorzystaniu przestrzeni. Niewielkie gabaryty donic daj\u0105 mo\u017cliwo\u015b\u0107 wkomponowania ich mi\u0119dzy ro\u015bliny rosn\u0105ce wprost z ziemi, mog\u0105 by\u0107 te\u017c uzupe\u0142nieniem architektury budynku.<\/p>\n<p>Elegancka stylistyka donic z w\u0142\u00f3kna szklanego znajdzie zastosowanie jako uzupe\u0142nienie wystroju domu, punkt\u00f3w us\u0142ugowych, hoteli czy restauracji. Kombinacje z wykorzystaniem tego rodzaju element\u00f3w s\u0105 mobilne. Z \u0142atwo\u015bci\u0105 mo\u017cna zmienia\u0107 aran\u017cacje, dostosowuj\u0105c je do aktualnych potrzeb. Donice Carlo s\u0105 lekkie, co dodatkowo u\u0142atwia korzystanie z nich.<\/p>\n","protected":false},"excerpt":{"rendered":"<p>Donica plastikowa z w\u0142\u00f3kna szklanego Carlo 4 z w\u0142\u00f3kna szklanego oraz \u017cywicy do stosowania wewn\u0105trz jako donica lub jako os\u0142onka. Donice dost\u0119pne we wszystkich kolorach palety RAL w wersji matowej i w po\u0142ysku. Donice s\u0105 wyposa\u017cone w otwory odp\u0142ywowe w dnie (na wyra\u017ane \u017cyczenie klienta mo\u017ce zosta\u0107 wykonana bez otworu odp\u0142ywowego), boczne \u015bcianki wy\u0142o\u017cone s\u0105 styropianem. Wymiary donicy: d\u0142ugo\u015b\u0107: 50 cm, szeroko\u015b\u0107: 50 cm, wysoko\u015b\u0107: 80 cm.<\/p>\n","protected":false},"featured_media":57645,"template":"","meta":{"_acf_changed":false},"product_brand":[],"product_cat":[205],"product_tag":[448,444,447,451],"class_list":{"0":"post-50912","1":"product","2":"type-product","3":"status-publish","4":"has-post-thumbnail","6":"product_cat-donice-z-wlokna-szklanego-plastiku","7":"product_tag-donice-balkonowe","8":"product_tag-donice-ogrodowe","9":"product_tag-donice-tarasowe","10":"product_tag-donice-wewnetrzne","11":"description-off","12":"tm-has-options","14":"first","15":"instock","16":"shipping-taxable","17":"purchasable","18":"product-type-simple"},"acf":[],"yoast_head":"<!-- This site is optimized with the Yoast SEO plugin v27.5 - https:\/\/yoast.com\/product\/yoast-seo-wordpress\/ -->\n<title>Matowe donice z w\u0142\u00f3kna szklanego Carlo 4 Do Pomieszcze\u0144 Wej\u015bciowych<\/title>\n<meta name=\"description\" content=\"Matowe donice z w\u0142\u00f3kna szklanego b\u0119d\u0105 odpowiednim wyborem dla os\u00f3b poszukuj\u0105cych najwy\u017cszej jako\u015bci i eleganckiej stylistyki.\" \/>\n<meta name=\"robots\" content=\"index, follow, max-snippet:-1, max-image-preview:large, max-video-preview:-1\" \/>\n<link rel=\"canonical\" href=\"https:\/\/worldofflowerpots.com\/sklep\/matowe-donice-z-wlokna-szklanego-carlo-4\/\" \/>\n<meta property=\"og:locale\" content=\"pl_PL\" \/>\n<meta property=\"og:type\" content=\"article\" \/>\n<meta property=\"og:title\" content=\"Matowe donice z w\u0142\u00f3kna szklanego Carlo 4 Do Pomieszcze\u0144 Wej\u015bciowych\" \/>\n<meta property=\"og:description\" content=\"Matowe donice z w\u0142\u00f3kna szklanego b\u0119d\u0105 odpowiednim wyborem dla os\u00f3b poszukuj\u0105cych najwy\u017cszej jako\u015bci i eleganckiej stylistyki.\" \/>\n<meta property=\"og:url\" content=\"https:\/\/worldofflowerpots.com\/sklep\/matowe-donice-z-wlokna-szklanego-carlo-4\/\" \/>\n<meta property=\"og:site_name\" content=\"World of Flowerpots\" \/>\n<meta property=\"article:modified_time\" content=\"2019-04-05T10:34:06+00:00\" \/>\n<meta property=\"og:image\" content=\"https:\/\/worldofflowerpots.com\/wp-content\/uploads\/2019\/01\/matowe-donice-z-w\u0142\u00f3kna-szklanego-Carlo-4.jpg\" \/>\n\t<meta property=\"og:image:width\" content=\"1920\" \/>\n\t<meta property=\"og:image:height\" content=\"1080\" \/>\n\t<meta property=\"og:image:type\" content=\"image\/jpeg\" \/>\n<meta name=\"twitter:card\" content=\"summary_large_image\" \/>\n<meta name=\"twitter:label1\" content=\"Szacowany czas czytania\" \/>\n\t<meta name=\"twitter:data1\" content=\"2 minuty\" \/>\n<script type=\"application\/ld+json\" class=\"yoast-schema-graph\">{\"@context\":\"https:\\\/\\\/schema.org\",\"@graph\":[{\"@type\":\"WebPage\",\"@id\":\"https:\\\/\\\/worldofflowerpots.com\\\/sklep\\\/matowe-donice-z-wlokna-szklanego-carlo-4\\\/\",\"url\":\"https:\\\/\\\/worldofflowerpots.com\\\/sklep\\\/matowe-donice-z-wlokna-szklanego-carlo-4\\\/\",\"name\":\"Matowe donice z w\u0142\u00f3kna szklanego Carlo 4 Do Pomieszcze\u0144 Wej\u015bciowych\",\"isPartOf\":{\"@id\":\"https:\\\/\\\/worldofflowerpots.com\\\/#website\"},\"primaryImageOfPage\":{\"@id\":\"https:\\\/\\\/worldofflowerpots.com\\\/sklep\\\/matowe-donice-z-wlokna-szklanego-carlo-4\\\/#primaryimage\"},\"image\":{\"@id\":\"https:\\\/\\\/worldofflowerpots.com\\\/sklep\\\/matowe-donice-z-wlokna-szklanego-carlo-4\\\/#primaryimage\"},\"thumbnailUrl\":\"https:\\\/\\\/worldofflowerpots.com\\\/wp-content\\\/uploads\\\/2019\\\/01\\\/matowe-donice-z-w\u0142\u00f3kna-szklanego-Carlo-4.jpg\",\"datePublished\":\"2019-01-18T14:11:05+00:00\",\"dateModified\":\"2019-04-05T10:34:06+00:00\",\"description\":\"Matowe donice z w\u0142\u00f3kna szklanego b\u0119d\u0105 odpowiednim wyborem dla os\u00f3b poszukuj\u0105cych najwy\u017cszej jako\u015bci i eleganckiej stylistyki.\",\"breadcrumb\":{\"@id\":\"https:\\\/\\\/worldofflowerpots.com\\\/sklep\\\/matowe-donice-z-wlokna-szklanego-carlo-4\\\/#breadcrumb\"},\"inLanguage\":\"pl-PL\",\"potentialAction\":[{\"@type\":\"ReadAction\",\"target\":[\"https:\\\/\\\/worldofflowerpots.com\\\/sklep\\\/matowe-donice-z-wlokna-szklanego-carlo-4\\\/\"]}]},{\"@type\":\"ImageObject\",\"inLanguage\":\"pl-PL\",\"@id\":\"https:\\\/\\\/worldofflowerpots.com\\\/sklep\\\/matowe-donice-z-wlokna-szklanego-carlo-4\\\/#primaryimage\",\"url\":\"https:\\\/\\\/worldofflowerpots.com\\\/wp-content\\\/uploads\\\/2019\\\/01\\\/matowe-donice-z-w\u0142\u00f3kna-szklanego-Carlo-4.jpg\",\"contentUrl\":\"https:\\\/\\\/worldofflowerpots.com\\\/wp-content\\\/uploads\\\/2019\\\/01\\\/matowe-donice-z-w\u0142\u00f3kna-szklanego-Carlo-4.jpg\",\"width\":1920,\"height\":1080},{\"@type\":\"BreadcrumbList\",\"@id\":\"https:\\\/\\\/worldofflowerpots.com\\\/sklep\\\/matowe-donice-z-wlokna-szklanego-carlo-4\\\/#breadcrumb\",\"itemListElement\":[{\"@type\":\"ListItem\",\"position\":1,\"name\":\"Strona g\u0142\u00f3wna\",\"item\":\"https:\\\/\\\/worldofflowerpots.com\\\/\"},{\"@type\":\"ListItem\",\"position\":2,\"name\":\"Sklep\",\"item\":\"https:\\\/\\\/worldofflowerpots.com\\\/sklep\\\/\"},{\"@type\":\"ListItem\",\"position\":3,\"name\":\"Matowe donice z w\u0142\u00f3kna szklanego Carlo 4\"}]},{\"@type\":\"WebSite\",\"@id\":\"https:\\\/\\\/worldofflowerpots.com\\\/#website\",\"url\":\"https:\\\/\\\/worldofflowerpots.com\\\/\",\"name\":\"World of Flowerpots\",\"description\":\"producent donic ozdobnych\",\"potentialAction\":[{\"@type\":\"SearchAction\",\"target\":{\"@type\":\"EntryPoint\",\"urlTemplate\":\"https:\\\/\\\/worldofflowerpots.com\\\/?s={search_term_string}\"},\"query-input\":{\"@type\":\"PropertyValueSpecification\",\"valueRequired\":true,\"valueName\":\"search_term_string\"}}],\"inLanguage\":\"pl-PL\"}]}<\/script>\n<!-- \/ Yoast SEO plugin. -->","yoast_head_json":{"title":"Matowe donice z w\u0142\u00f3kna szklanego Carlo 4 Do Pomieszcze\u0144 Wej\u015bciowych","description":"Matowe donice z w\u0142\u00f3kna szklanego b\u0119d\u0105 odpowiednim wyborem dla os\u00f3b poszukuj\u0105cych najwy\u017cszej jako\u015bci i eleganckiej stylistyki.","robots":{"index":"index","follow":"follow","max-snippet":"max-snippet:-1","max-image-preview":"max-image-preview:large","max-video-preview":"max-video-preview:-1"},"canonical":"https:\/\/worldofflowerpots.com\/sklep\/matowe-donice-z-wlokna-szklanego-carlo-4\/","og_locale":"pl_PL","og_type":"article","og_title":"Matowe donice z w\u0142\u00f3kna szklanego Carlo 4 Do Pomieszcze\u0144 Wej\u015bciowych","og_description":"Matowe donice z w\u0142\u00f3kna szklanego b\u0119d\u0105 odpowiednim wyborem dla os\u00f3b poszukuj\u0105cych najwy\u017cszej jako\u015bci i eleganckiej stylistyki.","og_url":"https:\/\/worldofflowerpots.com\/sklep\/matowe-donice-z-wlokna-szklanego-carlo-4\/","og_site_name":"World of Flowerpots","article_modified_time":"2019-04-05T10:34:06+00:00","og_image":[{"width":1920,"height":1080,"url":"https:\/\/worldofflowerpots.com\/wp-content\/uploads\/2019\/01\/matowe-donice-z-w\u0142\u00f3kna-szklanego-Carlo-4.jpg","type":"image\/jpeg"}],"twitter_card":"summary_large_image","twitter_misc":{"Szacowany czas czytania":"2 minuty"},"schema":{"@context":"https:\/\/schema.org","@graph":[{"@type":"WebPage","@id":"https:\/\/worldofflowerpots.com\/sklep\/matowe-donice-z-wlokna-szklanego-carlo-4\/","url":"https:\/\/worldofflowerpots.com\/sklep\/matowe-donice-z-wlokna-szklanego-carlo-4\/","name":"Matowe donice z w\u0142\u00f3kna szklanego Carlo 4 Do Pomieszcze\u0144 Wej\u015bciowych","isPartOf":{"@id":"https:\/\/worldofflowerpots.com\/#website"},"primaryImageOfPage":{"@id":"https:\/\/worldofflowerpots.com\/sklep\/matowe-donice-z-wlokna-szklanego-carlo-4\/#primaryimage"},"image":{"@id":"https:\/\/worldofflowerpots.com\/sklep\/matowe-donice-z-wlokna-szklanego-carlo-4\/#primaryimage"},"thumbnailUrl":"https:\/\/worldofflowerpots.com\/wp-content\/uploads\/2019\/01\/matowe-donice-z-w\u0142\u00f3kna-szklanego-Carlo-4.jpg","datePublished":"2019-01-18T14:11:05+00:00","dateModified":"2019-04-05T10:34:06+00:00","description":"Matowe donice z w\u0142\u00f3kna szklanego b\u0119d\u0105 odpowiednim wyborem dla os\u00f3b poszukuj\u0105cych najwy\u017cszej jako\u015bci i eleganckiej stylistyki.","breadcrumb":{"@id":"https:\/\/worldofflowerpots.com\/sklep\/matowe-donice-z-wlokna-szklanego-carlo-4\/#breadcrumb"},"inLanguage":"pl-PL","potentialAction":[{"@type":"ReadAction","target":["https:\/\/worldofflowerpots.com\/sklep\/matowe-donice-z-wlokna-szklanego-carlo-4\/"]}]},{"@type":"ImageObject","inLanguage":"pl-PL","@id":"https:\/\/worldofflowerpots.com\/sklep\/matowe-donice-z-wlokna-szklanego-carlo-4\/#primaryimage","url":"https:\/\/worldofflowerpots.com\/wp-content\/uploads\/2019\/01\/matowe-donice-z-w\u0142\u00f3kna-szklanego-Carlo-4.jpg","contentUrl":"https:\/\/worldofflowerpots.com\/wp-content\/uploads\/2019\/01\/matowe-donice-z-w\u0142\u00f3kna-szklanego-Carlo-4.jpg","width":1920,"height":1080},{"@type":"BreadcrumbList","@id":"https:\/\/worldofflowerpots.com\/sklep\/matowe-donice-z-wlokna-szklanego-carlo-4\/#breadcrumb","itemListElement":[{"@type":"ListItem","position":1,"name":"Strona g\u0142\u00f3wna","item":"https:\/\/worldofflowerpots.com\/"},{"@type":"ListItem","position":2,"name":"Sklep","item":"https:\/\/worldofflowerpots.com\/sklep\/"},{"@type":"ListItem","position":3,"name":"Matowe donice z w\u0142\u00f3kna szklanego Carlo 4"}]},{"@type":"WebSite","@id":"https:\/\/worldofflowerpots.com\/#website","url":"https:\/\/worldofflowerpots.com\/","name":"World of Flowerpots","description":"producent donic ozdobnych","potentialAction":[{"@type":"SearchAction","target":{"@type":"EntryPoint","urlTemplate":"https:\/\/worldofflowerpots.com\/?s={search_term_string}"},"query-input":{"@type":"PropertyValueSpecification","valueRequired":true,"valueName":"search_term_string"}}],"inLanguage":"pl-PL"}]}},"_links":{"self":[{"href":"https:\/\/worldofflowerpots.com\/pl\/wp-json\/wp\/v2\/product\/50912","targetHints":{"allow":["GET"]}}],"collection":[{"href":"https:\/\/worldofflowerpots.com\/pl\/wp-json\/wp\/v2\/product"}],"about":[{"href":"https:\/\/worldofflowerpots.com\/pl\/wp-json\/wp\/v2\/types\/product"}],"wp:featuredmedia":[{"embeddable":true,"href":"https:\/\/worldofflowerpots.com\/pl\/wp-json\/wp\/v2\/media\/57645"}],"wp:attachment":[{"href":"https:\/\/worldofflowerpots.com\/pl\/wp-json\/wp\/v2\/media?parent=50912"}],"wp:term":[{"taxonomy":"product_brand","embeddable":true,"href":"https:\/\/worldofflowerpots.com\/pl\/wp-json\/wp\/v2\/product_brand?post=50912"},{"taxonomy":"product_cat","embeddable":true,"href":"https:\/\/worldofflowerpots.com\/pl\/wp-json\/wp\/v2\/product_cat?post=50912"},{"taxonomy":"product_tag","embeddable":true,"href":"https:\/\/worldofflowerpots.com\/pl\/wp-json\/wp\/v2\/product_tag?post=50912"}],"curies":[{"name":"wp","href":"https:\/\/api.w.org\/{rel}","templated":true}]}}