{"id":50922,"date":"2019-01-18T15:11:35","date_gmt":"2019-01-18T14:11:35","guid":{"rendered":"https:\/\/worldofflowerpots.com\/product\/import-placeholder-for-235\/"},"modified":"2019-04-05T12:15:48","modified_gmt":"2019-04-05T10:15:48","slug":"donica-z-wlokna-szklanego-carlo-5","status":"publish","type":"product","link":"https:\/\/worldofflowerpots.com\/pl\/sklep\/donica-z-wlokna-szklanego-carlo-5\/","title":{"rendered":"Donica z w\u0142\u00f3kna szklanego Carlo 5"},"content":{"rendered":"<p>Model Donica Carlo 5 to wytrzyma\u0142e i uniwersalne naczynie. Donica wykonana jest z w\u0142\u00f3kna szklanego oraz \u017cywicy. Model Carlo 5 dost\u0119pny jest we wszystkich kolorach palety RAL w po\u0142ysku i macie. Carlo 5 mo\u017ce by\u0107 zastosowany jako donica lub jako os\u0142onka. Standardowo donice s\u0105 wyposa\u017cone w otwory odp\u0142ywowe w dnie, jednak na \u017cyczenie klienta\u00a0naczynie mo\u017ce zosta\u0107 wykonane bez otworu odp\u0142ywowego. Boczne \u015bcianki donicy wy\u0142o\u017cone s\u0105 dwucentymetrow\u0105 warstw\u0105 styropianu. Wymiary donicy: d\u0142ugo\u015b\u0107: 50 cm, szeroko\u015b\u0107: 50 cm, wysoko\u015b\u0107: 100 cm.<\/p>\n<h2><strong>Funkcjonalno\u015b\u0107 i wszechstronno\u015b\u0107<\/strong><\/h2>\n<p>W\u0142\u00f3kno szklane jest materia\u0142em powsta\u0142ym w procesie obr\u00f3bki chemicznej szk\u0142a wodnego. Dzi\u0119ki tej technologii donica z w\u0142\u00f3kna szklanego jest bardzo\u00a0 trwa\u0142a oraz odporna na mechaniczne uszkodzenia czy otarcia. Jednocze\u015bnie naczynie pozostaje lekkie mimo swych wymiar\u00f3w.\u00a0 Donice z w\u0142\u00f3kna szklanego charakteryzuj\u0105 si\u0119 tak\u017ce du\u017c\u0105 oporno\u015bci\u0105 na warunki atmosferyczne, r\u00f3wnie\u017c mr\u00f3z. Dzi\u0119ki temu Carlo 5 idealnie sprawdzi si\u0119\u00a0 w aran\u017cacjach balkon\u00f3w, taras\u00f3w i ogrod\u00f3w. Donic\u0119 mo\u017cna wybra\u0107 nie tylko z my\u015bl\u0105 o popularnych kwiatach sezonowych, ale r\u00f3wnie\u017c o ro\u015blinach wieloletnich. Wymiary donicy gwarantuj\u0105, \u017ce\u00a0 sprawdzi si\u0119 z powodzeniem nawet dla ma\u0142ych krzew\u00f3w i drzewek. Zastosowany w donicy dodatkowy system otwor\u00f3w odp\u0142ywowych w dnie oraz boczne \u015bciany wy\u0142o\u017cone styropianem w pe\u0142ni zadbaj\u0105 o nawet najbardziej wymagaj\u0105ce ro\u015bliny.<\/p>\n<h2><strong>Elegancja i prostota<\/strong><\/h2>\n<p>Dzi\u0119ki swoje prostej, ale jednocze\u015bnie uniwersalnej formie, model Carlo 5 mo\u017ce mie\u0107 praktycznie nieograniczone zastosowanie. W zale\u017cno\u015bci od otoczenia mo\u017ce stanowi\u0107 uniwersalne t\u0142o dla bardziej ozdobnych element\u00f3w lub sta\u0107 si\u0119 elementem dominuj\u0105cym. Donica z w\u0142\u00f3kna szklanego sprawdza si\u0119 szczeg\u00f3lnie w nowoczesnych aran\u017cacjach. Dost\u0119pna szeroka gama kolorystyczna pozwala na uzyskanie wielu efekt\u00f3w. Dla mi\u0142o\u015bnik\u00f3w prostoty i minimalizmu idealne b\u0119d\u0105 kolory neutralne, takie jak biel i odcienie szaro\u015bci. W rozwi\u0105zaniach bardziej odwa\u017cnych mo\u017cna wprowadzi\u0107 przykuwaj\u0105ce wzrok kompozycje kolorystyczne. Donice ciekawie prezentuj\u0105 si\u0119 w zestawach, np. jako szpaler wzd\u0142u\u017c ogrodowej \u015bcie\u017cki.<\/p>\n<p>Uniwersalna forma w po\u0142\u0105czeniu z bardzo wytrzyma\u0142ym materia\u0142em sprawiaj\u0105, \u017ce donica z w\u0142\u00f3kna szklanego b\u0119dzie ozdob\u0105 wn\u0119trza lub ogrodu na bardzo d\u0142ugo.<\/p>\n","protected":false},"excerpt":{"rendered":"<p>Donica plastikowa z w\u0142\u00f3kna szklanego Carlo 5 z w\u0142\u00f3kna szklanego oraz \u017cywicy do stosowania wewn\u0105trz jako donica lub jako os\u0142onka. Donice dost\u0119pne we wszystkich kolorach palety RAL w wersji matowej i w po\u0142ysku. Donice s\u0105 wyposa\u017cone w otwory odp\u0142ywowe w dnie (na wyra\u017ane \u017cyczenie klienta mo\u017ce zosta\u0107 wykonana bez otworu odp\u0142ywowego), boczne \u015bcianki wy\u0142o\u017cone s\u0105 styropianem. Wymiary donicy: d\u0142ugo\u015b\u0107:50cm, szeroko\u015b\u0107:50cm, wysoko\u015b\u0107: 100cm.<\/p>\n","protected":false},"featured_media":57615,"template":"","meta":{"_acf_changed":false},"product_brand":[],"product_cat":[205],"product_tag":[448,444,447,451],"class_list":{"0":"post-50922","1":"product","2":"type-product","3":"status-publish","4":"has-post-thumbnail","6":"product_cat-donice-z-wlokna-szklanego-plastiku","7":"product_tag-donice-balkonowe","8":"product_tag-donice-ogrodowe","9":"product_tag-donice-tarasowe","10":"product_tag-donice-wewnetrzne","11":"description-off","12":"tm-has-options","14":"first","15":"instock","16":"shipping-taxable","17":"purchasable","18":"product-type-simple"},"acf":[],"yoast_head":"<!-- This site is optimized with the Yoast SEO plugin v27.5 - https:\/\/yoast.com\/product\/yoast-seo-wordpress\/ -->\n<title>Donica z W\u0142\u00f3kna Szklanego Carlo 5 - Biurowe, Eleganckie<\/title>\n<meta name=\"description\" content=\"Donica z w\u0142\u00f3kna szklanego sprawdza si\u0119 szczeg\u00f3lnie w nowoczesnych aran\u017cacjach. Dost\u0119pna szeroka gama kolorystyczna pozwala na uzyskanie wielu efekt\u00f3w.\" \/>\n<meta name=\"robots\" content=\"index, follow, max-snippet:-1, max-image-preview:large, max-video-preview:-1\" \/>\n<link rel=\"canonical\" href=\"https:\/\/worldofflowerpots.com\/sklep\/donica-z-wlokna-szklanego-carlo-5\/\" \/>\n<meta property=\"og:locale\" content=\"pl_PL\" \/>\n<meta property=\"og:type\" content=\"article\" \/>\n<meta property=\"og:title\" content=\"Donica z W\u0142\u00f3kna Szklanego Carlo 5 - Biurowe, Eleganckie\" \/>\n<meta property=\"og:description\" content=\"Donica z w\u0142\u00f3kna szklanego sprawdza si\u0119 szczeg\u00f3lnie w nowoczesnych aran\u017cacjach. Dost\u0119pna szeroka gama kolorystyczna pozwala na uzyskanie wielu efekt\u00f3w.\" \/>\n<meta property=\"og:url\" content=\"https:\/\/worldofflowerpots.com\/sklep\/donica-z-wlokna-szklanego-carlo-5\/\" \/>\n<meta property=\"og:site_name\" content=\"World of Flowerpots\" \/>\n<meta property=\"article:modified_time\" content=\"2019-04-05T10:15:48+00:00\" \/>\n<meta property=\"og:image\" content=\"https:\/\/worldofflowerpots.com\/wp-content\/uploads\/2019\/01\/donica-z-w\u0142\u00f3kna-szklanego-Carlo-5.jpg\" \/>\n\t<meta property=\"og:image:width\" content=\"1920\" \/>\n\t<meta property=\"og:image:height\" content=\"1080\" \/>\n\t<meta property=\"og:image:type\" content=\"image\/jpeg\" \/>\n<meta name=\"twitter:card\" content=\"summary_large_image\" \/>\n<meta name=\"twitter:label1\" content=\"Szacowany czas czytania\" \/>\n\t<meta name=\"twitter:data1\" content=\"2 minuty\" \/>\n<script type=\"application\/ld+json\" class=\"yoast-schema-graph\">{\"@context\":\"https:\\\/\\\/schema.org\",\"@graph\":[{\"@type\":\"WebPage\",\"@id\":\"https:\\\/\\\/worldofflowerpots.com\\\/sklep\\\/donica-z-wlokna-szklanego-carlo-5\\\/\",\"url\":\"https:\\\/\\\/worldofflowerpots.com\\\/sklep\\\/donica-z-wlokna-szklanego-carlo-5\\\/\",\"name\":\"Donica z W\u0142\u00f3kna Szklanego Carlo 5 - Biurowe, Eleganckie\",\"isPartOf\":{\"@id\":\"https:\\\/\\\/worldofflowerpots.com\\\/#website\"},\"primaryImageOfPage\":{\"@id\":\"https:\\\/\\\/worldofflowerpots.com\\\/sklep\\\/donica-z-wlokna-szklanego-carlo-5\\\/#primaryimage\"},\"image\":{\"@id\":\"https:\\\/\\\/worldofflowerpots.com\\\/sklep\\\/donica-z-wlokna-szklanego-carlo-5\\\/#primaryimage\"},\"thumbnailUrl\":\"https:\\\/\\\/worldofflowerpots.com\\\/wp-content\\\/uploads\\\/2019\\\/01\\\/donica-z-w\u0142\u00f3kna-szklanego-Carlo-5.jpg\",\"datePublished\":\"2019-01-18T14:11:35+00:00\",\"dateModified\":\"2019-04-05T10:15:48+00:00\",\"description\":\"Donica z w\u0142\u00f3kna szklanego sprawdza si\u0119 szczeg\u00f3lnie w nowoczesnych aran\u017cacjach. Dost\u0119pna szeroka gama kolorystyczna pozwala na uzyskanie wielu efekt\u00f3w.\",\"breadcrumb\":{\"@id\":\"https:\\\/\\\/worldofflowerpots.com\\\/sklep\\\/donica-z-wlokna-szklanego-carlo-5\\\/#breadcrumb\"},\"inLanguage\":\"pl-PL\",\"potentialAction\":[{\"@type\":\"ReadAction\",\"target\":[\"https:\\\/\\\/worldofflowerpots.com\\\/sklep\\\/donica-z-wlokna-szklanego-carlo-5\\\/\"]}]},{\"@type\":\"ImageObject\",\"inLanguage\":\"pl-PL\",\"@id\":\"https:\\\/\\\/worldofflowerpots.com\\\/sklep\\\/donica-z-wlokna-szklanego-carlo-5\\\/#primaryimage\",\"url\":\"https:\\\/\\\/worldofflowerpots.com\\\/wp-content\\\/uploads\\\/2019\\\/01\\\/donica-z-w\u0142\u00f3kna-szklanego-Carlo-5.jpg\",\"contentUrl\":\"https:\\\/\\\/worldofflowerpots.com\\\/wp-content\\\/uploads\\\/2019\\\/01\\\/donica-z-w\u0142\u00f3kna-szklanego-Carlo-5.jpg\",\"width\":1920,\"height\":1080},{\"@type\":\"BreadcrumbList\",\"@id\":\"https:\\\/\\\/worldofflowerpots.com\\\/sklep\\\/donica-z-wlokna-szklanego-carlo-5\\\/#breadcrumb\",\"itemListElement\":[{\"@type\":\"ListItem\",\"position\":1,\"name\":\"Strona g\u0142\u00f3wna\",\"item\":\"https:\\\/\\\/worldofflowerpots.com\\\/\"},{\"@type\":\"ListItem\",\"position\":2,\"name\":\"Sklep\",\"item\":\"https:\\\/\\\/worldofflowerpots.com\\\/sklep\\\/\"},{\"@type\":\"ListItem\",\"position\":3,\"name\":\"Donica z w\u0142\u00f3kna szklanego Carlo 5\"}]},{\"@type\":\"WebSite\",\"@id\":\"https:\\\/\\\/worldofflowerpots.com\\\/#website\",\"url\":\"https:\\\/\\\/worldofflowerpots.com\\\/\",\"name\":\"World of Flowerpots\",\"description\":\"producent donic ozdobnych\",\"potentialAction\":[{\"@type\":\"SearchAction\",\"target\":{\"@type\":\"EntryPoint\",\"urlTemplate\":\"https:\\\/\\\/worldofflowerpots.com\\\/?s={search_term_string}\"},\"query-input\":{\"@type\":\"PropertyValueSpecification\",\"valueRequired\":true,\"valueName\":\"search_term_string\"}}],\"inLanguage\":\"pl-PL\"}]}<\/script>\n<!-- \/ Yoast SEO plugin. -->","yoast_head_json":{"title":"Donica z W\u0142\u00f3kna Szklanego Carlo 5 - Biurowe, Eleganckie","description":"Donica z w\u0142\u00f3kna szklanego sprawdza si\u0119 szczeg\u00f3lnie w nowoczesnych aran\u017cacjach. Dost\u0119pna szeroka gama kolorystyczna pozwala na uzyskanie wielu efekt\u00f3w.","robots":{"index":"index","follow":"follow","max-snippet":"max-snippet:-1","max-image-preview":"max-image-preview:large","max-video-preview":"max-video-preview:-1"},"canonical":"https:\/\/worldofflowerpots.com\/sklep\/donica-z-wlokna-szklanego-carlo-5\/","og_locale":"pl_PL","og_type":"article","og_title":"Donica z W\u0142\u00f3kna Szklanego Carlo 5 - Biurowe, Eleganckie","og_description":"Donica z w\u0142\u00f3kna szklanego sprawdza si\u0119 szczeg\u00f3lnie w nowoczesnych aran\u017cacjach. Dost\u0119pna szeroka gama kolorystyczna pozwala na uzyskanie wielu efekt\u00f3w.","og_url":"https:\/\/worldofflowerpots.com\/sklep\/donica-z-wlokna-szklanego-carlo-5\/","og_site_name":"World of Flowerpots","article_modified_time":"2019-04-05T10:15:48+00:00","og_image":[{"width":1920,"height":1080,"url":"https:\/\/worldofflowerpots.com\/wp-content\/uploads\/2019\/01\/donica-z-w\u0142\u00f3kna-szklanego-Carlo-5.jpg","type":"image\/jpeg"}],"twitter_card":"summary_large_image","twitter_misc":{"Szacowany czas czytania":"2 minuty"},"schema":{"@context":"https:\/\/schema.org","@graph":[{"@type":"WebPage","@id":"https:\/\/worldofflowerpots.com\/sklep\/donica-z-wlokna-szklanego-carlo-5\/","url":"https:\/\/worldofflowerpots.com\/sklep\/donica-z-wlokna-szklanego-carlo-5\/","name":"Donica z W\u0142\u00f3kna Szklanego Carlo 5 - Biurowe, Eleganckie","isPartOf":{"@id":"https:\/\/worldofflowerpots.com\/#website"},"primaryImageOfPage":{"@id":"https:\/\/worldofflowerpots.com\/sklep\/donica-z-wlokna-szklanego-carlo-5\/#primaryimage"},"image":{"@id":"https:\/\/worldofflowerpots.com\/sklep\/donica-z-wlokna-szklanego-carlo-5\/#primaryimage"},"thumbnailUrl":"https:\/\/worldofflowerpots.com\/wp-content\/uploads\/2019\/01\/donica-z-w\u0142\u00f3kna-szklanego-Carlo-5.jpg","datePublished":"2019-01-18T14:11:35+00:00","dateModified":"2019-04-05T10:15:48+00:00","description":"Donica z w\u0142\u00f3kna szklanego sprawdza si\u0119 szczeg\u00f3lnie w nowoczesnych aran\u017cacjach. Dost\u0119pna szeroka gama kolorystyczna pozwala na uzyskanie wielu efekt\u00f3w.","breadcrumb":{"@id":"https:\/\/worldofflowerpots.com\/sklep\/donica-z-wlokna-szklanego-carlo-5\/#breadcrumb"},"inLanguage":"pl-PL","potentialAction":[{"@type":"ReadAction","target":["https:\/\/worldofflowerpots.com\/sklep\/donica-z-wlokna-szklanego-carlo-5\/"]}]},{"@type":"ImageObject","inLanguage":"pl-PL","@id":"https:\/\/worldofflowerpots.com\/sklep\/donica-z-wlokna-szklanego-carlo-5\/#primaryimage","url":"https:\/\/worldofflowerpots.com\/wp-content\/uploads\/2019\/01\/donica-z-w\u0142\u00f3kna-szklanego-Carlo-5.jpg","contentUrl":"https:\/\/worldofflowerpots.com\/wp-content\/uploads\/2019\/01\/donica-z-w\u0142\u00f3kna-szklanego-Carlo-5.jpg","width":1920,"height":1080},{"@type":"BreadcrumbList","@id":"https:\/\/worldofflowerpots.com\/sklep\/donica-z-wlokna-szklanego-carlo-5\/#breadcrumb","itemListElement":[{"@type":"ListItem","position":1,"name":"Strona g\u0142\u00f3wna","item":"https:\/\/worldofflowerpots.com\/"},{"@type":"ListItem","position":2,"name":"Sklep","item":"https:\/\/worldofflowerpots.com\/sklep\/"},{"@type":"ListItem","position":3,"name":"Donica z w\u0142\u00f3kna szklanego Carlo 5"}]},{"@type":"WebSite","@id":"https:\/\/worldofflowerpots.com\/#website","url":"https:\/\/worldofflowerpots.com\/","name":"World of Flowerpots","description":"producent donic ozdobnych","potentialAction":[{"@type":"SearchAction","target":{"@type":"EntryPoint","urlTemplate":"https:\/\/worldofflowerpots.com\/?s={search_term_string}"},"query-input":{"@type":"PropertyValueSpecification","valueRequired":true,"valueName":"search_term_string"}}],"inLanguage":"pl-PL"}]}},"_links":{"self":[{"href":"https:\/\/worldofflowerpots.com\/pl\/wp-json\/wp\/v2\/product\/50922","targetHints":{"allow":["GET"]}}],"collection":[{"href":"https:\/\/worldofflowerpots.com\/pl\/wp-json\/wp\/v2\/product"}],"about":[{"href":"https:\/\/worldofflowerpots.com\/pl\/wp-json\/wp\/v2\/types\/product"}],"wp:featuredmedia":[{"embeddable":true,"href":"https:\/\/worldofflowerpots.com\/pl\/wp-json\/wp\/v2\/media\/57615"}],"wp:attachment":[{"href":"https:\/\/worldofflowerpots.com\/pl\/wp-json\/wp\/v2\/media?parent=50922"}],"wp:term":[{"taxonomy":"product_brand","embeddable":true,"href":"https:\/\/worldofflowerpots.com\/pl\/wp-json\/wp\/v2\/product_brand?post=50922"},{"taxonomy":"product_cat","embeddable":true,"href":"https:\/\/worldofflowerpots.com\/pl\/wp-json\/wp\/v2\/product_cat?post=50922"},{"taxonomy":"product_tag","embeddable":true,"href":"https:\/\/worldofflowerpots.com\/pl\/wp-json\/wp\/v2\/product_tag?post=50922"}],"curies":[{"name":"wp","href":"https:\/\/api.w.org\/{rel}","templated":true}]}}