{"id":50932,"date":"2019-01-18T15:11:58","date_gmt":"2019-01-18T14:11:58","guid":{"rendered":"https:\/\/worldofflowerpots.com\/product\/import-placeholder-for-251\/"},"modified":"2019-04-05T11:28:59","modified_gmt":"2019-04-05T09:28:59","slug":"donice-plastikowe-z-wlokna-szklanego-emilio-3","status":"publish","type":"product","link":"https:\/\/worldofflowerpots.com\/pl\/sklep\/donice-plastikowe-z-wlokna-szklanego-emilio-3\/","title":{"rendered":"Donice plastikowe z w\u0142\u00f3kna szklanego Emilio 3"},"content":{"rendered":"<h2>Donice plastikowe z w\u0142\u00f3kna szklanego i ich jako\u015b\u0107<\/h2>\n<p>Prezentowany model to donica z w\u0142\u00f3kna szklanego zaprojektowana z my\u015bl\u0105 o wielofunkcyjno\u015bci i tworzeniu unikatowych aran\u017cacji. Wysokiej jako\u015bci konstrukcja pozwala na upraw\u0119\u00a0 ka\u017cdego gatunku ro\u015blin, a szeroka gama kolor\u00f3w znajduj\u0105cych si\u0119 w palecie RAL, pozwoli dostosowa\u0107 donic\u0119 do ka\u017cdego typu ogrodu.<\/p>\n<p>Stonowana i minimalistyczna stylistyka wpisuje si\u0119 w najnowsze trendy modernistycznego wystroju. Jako \u017ce mamy do czynienia z inwestycj\u0105\u00a0d\u0142ugoterminow\u0105, istotna jest\u00a0wysoka wytrzyma\u0142o\u015b\u0107\u00a0i odporno\u015b\u0107 na warunki atmosferyczne\u00a0donicy Emilio 3. Praktyczne wykorzystanie solidnych materia\u0142\u00f3w po\u0142\u0105czono tu z atrakcyjn\u0105 stylistyk\u0105, dzi\u0119ki czemu nie musimy wybiera\u0107 mi\u0119dzy\u00a0racjonalizmem a estetyk\u0105.<\/p>\n<p>Donice plastikowe z w\u0142\u00f3kna szklanego dzi\u0119ki swojej wadze\u00a0i wymiarom gwarantuj\u0105 stabilno\u015b\u0107 i odporno\u015b\u0107 na silne wiatry. Jednocze\u015bnie nie stoj\u0105 na przeszkodzie je\u015bli pojawi si\u0119 potrzeba przesuni\u0119cia donicy w inne miejsce.<\/p>\n<h2><strong>Zalety w\u0142\u00f3kna szklanego<\/strong><\/h2>\n<p>W\u0142\u00f3kno szklane\u00a0to nowoczesny materia\u0142, znajduj\u0105cy wiele zastosowa\u0144 zar\u00f3wno w budownictwie i transporcie jak i w stomatologii czy przy produkcji artyku\u0142\u00f3w sportowych. G\u0142\u00f3wnymi zaletami donic z w\u0142\u00f3kna szklanego s\u0105 wytrzyma\u0142o\u015b\u0107, odporno\u015b\u0107 na\u00a0otarcia i \u015bcieranie, hydrofobowo\u015b\u0107, elastyczno\u015b\u0107, odporno\u015b\u0107 na ogie\u0144 i temperatur\u0119. Opr\u00f3cz tego ten rodzaj plastiku jest bardzo ma\u0142o wymagaj\u0105cy w utrzymaniu czysto\u015bci.<\/p>\n<h2><strong>Aran\u017cacja ogrodu<\/strong><\/h2>\n<p>Bardzo cz\u0119sto przy projektowaniu ogrodu musimy boryka\u0107 si\u0119 z niewielk\u0105 powierzchni\u0105 naszej dzia\u0142ki. Ciekawym rozwi\u0105zaniem mo\u017ce by\u0107 stworzenie tzw. ogrodu donicowego. Umo\u017cliwia nam on posadzenie wielu rodzaj\u00f3w ro\u015blin o r\u00f3\u017cnych wymaganiach wilgotno\u015bciowych i glebowych blisko siebie. Samo to, \u017ce ro\u015bliny rosn\u0105 na podwy\u017cszeniu, u\u0142atwia plewienie i piel\u0119gnacje. Zastosowanie kilku donic utrudnia chwastom przenikanie za pomoc\u0105 odro\u015bli i k\u0142\u0105czy.<\/p>\n<p>Inn\u0105 mo\u017cliwo\u015bci\u0105 wykorzystania donic jest utworzenie jednopoziomowej \u015bciany zieleni, kt\u00f3ra zas\u0142oni ogrodzenie lub stworzy naturaln\u0105 przegrod\u0119. Takie murki u\u0142atwiaj\u0105 wprowadzenie \u0142adu do ogrodu i mog\u0105 optycznie go powi\u0119kszy\u0107.<\/p>\n<p>Pojedyncza donica ustawiona w centralnej cz\u0119\u015bci ogrodu mo\u017ce pom\u00f3c wyeksponowa\u0107 te ro\u015bliny, na kt\u00f3rych najbardziej nam zale\u017cy.<\/p>\n<p>Ro\u015bliny najlepiej znosz\u0105 zim\u0119 w du\u017cych donicach. Model Emilio 3 posiada dodatkowo boczne \u015bcianki wy\u0142o\u017cone styropianem, co dodatkowo chroni ro\u015bliny przed zimnem.<\/p>\n","protected":false},"excerpt":{"rendered":"<p>Donica plastikowa z w\u0142\u00f3kna szklanego Emilio 3 z w\u0142\u00f3kna szklanego oraz \u017cywicy do stosowania wewn\u0105trz jako donica lub jako os\u0142onka. Donice dost\u0119pne we wszystkich kolorach palety RAL w wersji matowej i w po\u0142ysku. Donice s\u0105 wyposa\u017cone w otwory odp\u0142ywowe w dnie (na wyra\u017ane \u017cyczenie klienta mo\u017ce zosta\u0107 wykonana bez otworu odp\u0142ywowego), boczne \u015bcianki wy\u0142o\u017cone s\u0105 styropianem. Wymiary donicy: d\u0142ugo\u015b\u0107: 120 cm, szeroko\u015b\u0107: 50 cm, wysoko\u015b\u0107: 60 cm.<\/p>\n","protected":false},"featured_media":57564,"template":"","meta":{"_acf_changed":false},"product_brand":[],"product_cat":[205],"product_tag":[448,444,447,451],"class_list":{"0":"post-50932","1":"product","2":"type-product","3":"status-publish","4":"has-post-thumbnail","6":"product_cat-donice-z-wlokna-szklanego-plastiku","7":"product_tag-donice-balkonowe","8":"product_tag-donice-ogrodowe","9":"product_tag-donice-tarasowe","10":"product_tag-donice-wewnetrzne","11":"description-off","12":"tm-has-options","14":"first","15":"instock","16":"shipping-taxable","17":"purchasable","18":"product-type-simple"},"acf":[],"yoast_head":"<!-- This site is optimized with the Yoast SEO plugin v27.5 - https:\/\/yoast.com\/product\/yoast-seo-wordpress\/ -->\n<title>Donice plastikowe z w\u0142\u00f3kna szklanego Emilio 3 Pojemne i Wysokie<\/title>\n<meta name=\"description\" content=\"Donice plastikowe z w\u0142\u00f3kna szklanego dzi\u0119ki swojej wadze i sporym wymiarom gwarantuj\u0105 stabilno\u015b\u0107 i odporno\u015b\u0107 na silne wiatry.\" \/>\n<meta name=\"robots\" content=\"index, follow, max-snippet:-1, max-image-preview:large, max-video-preview:-1\" \/>\n<link rel=\"canonical\" href=\"https:\/\/worldofflowerpots.com\/sklep\/donice-plastikowe-z-wlokna-szklanego-emilio-3\/\" \/>\n<meta property=\"og:locale\" content=\"pl_PL\" \/>\n<meta property=\"og:type\" content=\"article\" \/>\n<meta property=\"og:title\" content=\"Donice plastikowe z w\u0142\u00f3kna szklanego Emilio 3 Pojemne i Wysokie\" \/>\n<meta property=\"og:description\" content=\"Donice plastikowe z w\u0142\u00f3kna szklanego dzi\u0119ki swojej wadze i sporym wymiarom gwarantuj\u0105 stabilno\u015b\u0107 i odporno\u015b\u0107 na silne wiatry.\" \/>\n<meta property=\"og:url\" content=\"https:\/\/worldofflowerpots.com\/sklep\/donice-plastikowe-z-wlokna-szklanego-emilio-3\/\" \/>\n<meta property=\"og:site_name\" content=\"World of Flowerpots\" \/>\n<meta property=\"article:modified_time\" content=\"2019-04-05T09:28:59+00:00\" \/>\n<meta property=\"og:image\" content=\"https:\/\/worldofflowerpots.com\/wp-content\/uploads\/2019\/01\/donice-plastikowe-z-w\u0142\u00f3kna-szklanego-Emilio-3.jpg\" \/>\n\t<meta property=\"og:image:width\" content=\"1920\" \/>\n\t<meta property=\"og:image:height\" content=\"1080\" \/>\n\t<meta property=\"og:image:type\" content=\"image\/jpeg\" \/>\n<meta name=\"twitter:card\" content=\"summary_large_image\" \/>\n<meta name=\"twitter:label1\" content=\"Szacowany czas czytania\" \/>\n\t<meta name=\"twitter:data1\" content=\"2 minuty\" \/>\n<script type=\"application\/ld+json\" class=\"yoast-schema-graph\">{\"@context\":\"https:\\\/\\\/schema.org\",\"@graph\":[{\"@type\":\"WebPage\",\"@id\":\"https:\\\/\\\/worldofflowerpots.com\\\/sklep\\\/donice-plastikowe-z-wlokna-szklanego-emilio-3\\\/\",\"url\":\"https:\\\/\\\/worldofflowerpots.com\\\/sklep\\\/donice-plastikowe-z-wlokna-szklanego-emilio-3\\\/\",\"name\":\"Donice plastikowe z w\u0142\u00f3kna szklanego Emilio 3 Pojemne i Wysokie\",\"isPartOf\":{\"@id\":\"https:\\\/\\\/worldofflowerpots.com\\\/#website\"},\"primaryImageOfPage\":{\"@id\":\"https:\\\/\\\/worldofflowerpots.com\\\/sklep\\\/donice-plastikowe-z-wlokna-szklanego-emilio-3\\\/#primaryimage\"},\"image\":{\"@id\":\"https:\\\/\\\/worldofflowerpots.com\\\/sklep\\\/donice-plastikowe-z-wlokna-szklanego-emilio-3\\\/#primaryimage\"},\"thumbnailUrl\":\"https:\\\/\\\/worldofflowerpots.com\\\/wp-content\\\/uploads\\\/2019\\\/01\\\/donice-plastikowe-z-w\u0142\u00f3kna-szklanego-Emilio-3.jpg\",\"datePublished\":\"2019-01-18T14:11:58+00:00\",\"dateModified\":\"2019-04-05T09:28:59+00:00\",\"description\":\"Donice plastikowe z w\u0142\u00f3kna szklanego dzi\u0119ki swojej wadze i sporym wymiarom gwarantuj\u0105 stabilno\u015b\u0107 i odporno\u015b\u0107 na silne wiatry.\",\"breadcrumb\":{\"@id\":\"https:\\\/\\\/worldofflowerpots.com\\\/sklep\\\/donice-plastikowe-z-wlokna-szklanego-emilio-3\\\/#breadcrumb\"},\"inLanguage\":\"pl-PL\",\"potentialAction\":[{\"@type\":\"ReadAction\",\"target\":[\"https:\\\/\\\/worldofflowerpots.com\\\/sklep\\\/donice-plastikowe-z-wlokna-szklanego-emilio-3\\\/\"]}]},{\"@type\":\"ImageObject\",\"inLanguage\":\"pl-PL\",\"@id\":\"https:\\\/\\\/worldofflowerpots.com\\\/sklep\\\/donice-plastikowe-z-wlokna-szklanego-emilio-3\\\/#primaryimage\",\"url\":\"https:\\\/\\\/worldofflowerpots.com\\\/wp-content\\\/uploads\\\/2019\\\/01\\\/donice-plastikowe-z-w\u0142\u00f3kna-szklanego-Emilio-3.jpg\",\"contentUrl\":\"https:\\\/\\\/worldofflowerpots.com\\\/wp-content\\\/uploads\\\/2019\\\/01\\\/donice-plastikowe-z-w\u0142\u00f3kna-szklanego-Emilio-3.jpg\",\"width\":1920,\"height\":1080},{\"@type\":\"BreadcrumbList\",\"@id\":\"https:\\\/\\\/worldofflowerpots.com\\\/sklep\\\/donice-plastikowe-z-wlokna-szklanego-emilio-3\\\/#breadcrumb\",\"itemListElement\":[{\"@type\":\"ListItem\",\"position\":1,\"name\":\"Strona g\u0142\u00f3wna\",\"item\":\"https:\\\/\\\/worldofflowerpots.com\\\/\"},{\"@type\":\"ListItem\",\"position\":2,\"name\":\"Sklep\",\"item\":\"https:\\\/\\\/worldofflowerpots.com\\\/sklep\\\/\"},{\"@type\":\"ListItem\",\"position\":3,\"name\":\"Donice plastikowe z w\u0142\u00f3kna szklanego Emilio 3\"}]},{\"@type\":\"WebSite\",\"@id\":\"https:\\\/\\\/worldofflowerpots.com\\\/#website\",\"url\":\"https:\\\/\\\/worldofflowerpots.com\\\/\",\"name\":\"World of Flowerpots\",\"description\":\"producent donic ozdobnych\",\"potentialAction\":[{\"@type\":\"SearchAction\",\"target\":{\"@type\":\"EntryPoint\",\"urlTemplate\":\"https:\\\/\\\/worldofflowerpots.com\\\/?s={search_term_string}\"},\"query-input\":{\"@type\":\"PropertyValueSpecification\",\"valueRequired\":true,\"valueName\":\"search_term_string\"}}],\"inLanguage\":\"pl-PL\"}]}<\/script>\n<!-- \/ Yoast SEO plugin. -->","yoast_head_json":{"title":"Donice plastikowe z w\u0142\u00f3kna szklanego Emilio 3 Pojemne i Wysokie","description":"Donice plastikowe z w\u0142\u00f3kna szklanego dzi\u0119ki swojej wadze i sporym wymiarom gwarantuj\u0105 stabilno\u015b\u0107 i odporno\u015b\u0107 na silne wiatry.","robots":{"index":"index","follow":"follow","max-snippet":"max-snippet:-1","max-image-preview":"max-image-preview:large","max-video-preview":"max-video-preview:-1"},"canonical":"https:\/\/worldofflowerpots.com\/sklep\/donice-plastikowe-z-wlokna-szklanego-emilio-3\/","og_locale":"pl_PL","og_type":"article","og_title":"Donice plastikowe z w\u0142\u00f3kna szklanego Emilio 3 Pojemne i Wysokie","og_description":"Donice plastikowe z w\u0142\u00f3kna szklanego dzi\u0119ki swojej wadze i sporym wymiarom gwarantuj\u0105 stabilno\u015b\u0107 i odporno\u015b\u0107 na silne wiatry.","og_url":"https:\/\/worldofflowerpots.com\/sklep\/donice-plastikowe-z-wlokna-szklanego-emilio-3\/","og_site_name":"World of Flowerpots","article_modified_time":"2019-04-05T09:28:59+00:00","og_image":[{"width":1920,"height":1080,"url":"https:\/\/worldofflowerpots.com\/wp-content\/uploads\/2019\/01\/donice-plastikowe-z-w\u0142\u00f3kna-szklanego-Emilio-3.jpg","type":"image\/jpeg"}],"twitter_card":"summary_large_image","twitter_misc":{"Szacowany czas czytania":"2 minuty"},"schema":{"@context":"https:\/\/schema.org","@graph":[{"@type":"WebPage","@id":"https:\/\/worldofflowerpots.com\/sklep\/donice-plastikowe-z-wlokna-szklanego-emilio-3\/","url":"https:\/\/worldofflowerpots.com\/sklep\/donice-plastikowe-z-wlokna-szklanego-emilio-3\/","name":"Donice plastikowe z w\u0142\u00f3kna szklanego Emilio 3 Pojemne i Wysokie","isPartOf":{"@id":"https:\/\/worldofflowerpots.com\/#website"},"primaryImageOfPage":{"@id":"https:\/\/worldofflowerpots.com\/sklep\/donice-plastikowe-z-wlokna-szklanego-emilio-3\/#primaryimage"},"image":{"@id":"https:\/\/worldofflowerpots.com\/sklep\/donice-plastikowe-z-wlokna-szklanego-emilio-3\/#primaryimage"},"thumbnailUrl":"https:\/\/worldofflowerpots.com\/wp-content\/uploads\/2019\/01\/donice-plastikowe-z-w\u0142\u00f3kna-szklanego-Emilio-3.jpg","datePublished":"2019-01-18T14:11:58+00:00","dateModified":"2019-04-05T09:28:59+00:00","description":"Donice plastikowe z w\u0142\u00f3kna szklanego dzi\u0119ki swojej wadze i sporym wymiarom gwarantuj\u0105 stabilno\u015b\u0107 i odporno\u015b\u0107 na silne wiatry.","breadcrumb":{"@id":"https:\/\/worldofflowerpots.com\/sklep\/donice-plastikowe-z-wlokna-szklanego-emilio-3\/#breadcrumb"},"inLanguage":"pl-PL","potentialAction":[{"@type":"ReadAction","target":["https:\/\/worldofflowerpots.com\/sklep\/donice-plastikowe-z-wlokna-szklanego-emilio-3\/"]}]},{"@type":"ImageObject","inLanguage":"pl-PL","@id":"https:\/\/worldofflowerpots.com\/sklep\/donice-plastikowe-z-wlokna-szklanego-emilio-3\/#primaryimage","url":"https:\/\/worldofflowerpots.com\/wp-content\/uploads\/2019\/01\/donice-plastikowe-z-w\u0142\u00f3kna-szklanego-Emilio-3.jpg","contentUrl":"https:\/\/worldofflowerpots.com\/wp-content\/uploads\/2019\/01\/donice-plastikowe-z-w\u0142\u00f3kna-szklanego-Emilio-3.jpg","width":1920,"height":1080},{"@type":"BreadcrumbList","@id":"https:\/\/worldofflowerpots.com\/sklep\/donice-plastikowe-z-wlokna-szklanego-emilio-3\/#breadcrumb","itemListElement":[{"@type":"ListItem","position":1,"name":"Strona g\u0142\u00f3wna","item":"https:\/\/worldofflowerpots.com\/"},{"@type":"ListItem","position":2,"name":"Sklep","item":"https:\/\/worldofflowerpots.com\/sklep\/"},{"@type":"ListItem","position":3,"name":"Donice plastikowe z w\u0142\u00f3kna szklanego Emilio 3"}]},{"@type":"WebSite","@id":"https:\/\/worldofflowerpots.com\/#website","url":"https:\/\/worldofflowerpots.com\/","name":"World of Flowerpots","description":"producent donic ozdobnych","potentialAction":[{"@type":"SearchAction","target":{"@type":"EntryPoint","urlTemplate":"https:\/\/worldofflowerpots.com\/?s={search_term_string}"},"query-input":{"@type":"PropertyValueSpecification","valueRequired":true,"valueName":"search_term_string"}}],"inLanguage":"pl-PL"}]}},"_links":{"self":[{"href":"https:\/\/worldofflowerpots.com\/pl\/wp-json\/wp\/v2\/product\/50932","targetHints":{"allow":["GET"]}}],"collection":[{"href":"https:\/\/worldofflowerpots.com\/pl\/wp-json\/wp\/v2\/product"}],"about":[{"href":"https:\/\/worldofflowerpots.com\/pl\/wp-json\/wp\/v2\/types\/product"}],"wp:featuredmedia":[{"embeddable":true,"href":"https:\/\/worldofflowerpots.com\/pl\/wp-json\/wp\/v2\/media\/57564"}],"wp:attachment":[{"href":"https:\/\/worldofflowerpots.com\/pl\/wp-json\/wp\/v2\/media?parent=50932"}],"wp:term":[{"taxonomy":"product_brand","embeddable":true,"href":"https:\/\/worldofflowerpots.com\/pl\/wp-json\/wp\/v2\/product_brand?post=50932"},{"taxonomy":"product_cat","embeddable":true,"href":"https:\/\/worldofflowerpots.com\/pl\/wp-json\/wp\/v2\/product_cat?post=50932"},{"taxonomy":"product_tag","embeddable":true,"href":"https:\/\/worldofflowerpots.com\/pl\/wp-json\/wp\/v2\/product_tag?post=50932"}],"curies":[{"name":"wp","href":"https:\/\/api.w.org\/{rel}","templated":true}]}}