{"id":50933,"date":"2019-01-18T15:11:58","date_gmt":"2019-01-18T14:11:58","guid":{"rendered":"https:\/\/worldofflowerpots.com\/product\/import-placeholder-for-252\/"},"modified":"2019-04-05T11:31:52","modified_gmt":"2019-04-05T09:31:52","slug":"duze-donice-plastikowe-emilio-4","status":"publish","type":"product","link":"https:\/\/worldofflowerpots.com\/pl\/sklep\/duze-donice-plastikowe-emilio-4\/","title":{"rendered":"Du\u017ce donice plastikowe Emilio 4"},"content":{"rendered":"<h2>Doskona\u0142e do ka\u017cdej przestrzeni<\/h2>\n<p>Donice Emilio 4 to idealna propozycja dla ka\u017cdego nowoczesnego tarasu, balkonu czy ogrodu. Te du\u017ce, plastikowe donice, wykonane zosta\u0142y z w\u0142\u00f3kna szklanego i ozdobi\u0105 dowolnie wybran\u0105 przez nas przestrze\u0144. Idealnie sprawdz\u0105 si\u0119 zar\u00f3wno wewn\u0105trz, jak i na zewn\u0105trz domu. Do ich produkcji wykorzystano \u017cywice oraz w\u0142\u00f3kno szklane, dzi\u0119ki czemu s\u0105 one niezwykle lekkie, ale i trwa\u0142e. Dost\u0119pne s\u0105 we wszystkich kolorach palety RAL w po\u0142ysku i matowe, aby idealnie dopasowa\u0107 si\u0119 do naszych potrzeb. Ka\u017cda z donic wyposa\u017cona jest w otwory w dnie. Jednak je\u015bli klient wyrazi takie \u017cyczenie \u2013 otwory nie zostan\u0105 wykonane.<\/p>\n<h2>Du\u017co miejsca<\/h2>\n<p>Ca\u0142a donica Emilio 4 ma 150 cm d\u0142ugo\u015bci, 50 cm szeroko\u015bci i 60 cm wysoko\u015bci. Du\u017ce plastikowe donice sprawdz\u0105 si\u0119 wi\u0119c r\u00f3wnie\u017c jako os\u0142onka do mniej urodziwej donicy, z kt\u00f3rej nie chcemy usuwa\u0107 obecnych ro\u015blin. Donica idealnie nada si\u0119 na zast\u0119pstwo zamiast \u017cywop\u0142otu czy \u015bcianki dzia\u0142owej, dodaj\u0105c przestrzeni charakteru i uroku. Dzi\u0119ki du\u017cym gabarytom i stabilnej formie donica Emilio 4 stanowi bardzo dobr\u0105 podpor\u0119 zar\u00f3wno dla mniejszych, jak i dla wi\u0119kszych ro\u015blin. Jednocze\u015bnie, dzi\u0119ki temu, \u017ce jest ona wykonana z maty szklanej, \u017celkotu i \u017cywicy \u2013 nie stanowi ona zagro\u017cenia dla pod\u0142\u00f3g. Nie musimy wi\u0119c martwi\u0107 si\u0119 o wgniecenia czy niechciane rysy. \u00a0Donica Emilio 4 wa\u017cy bowiem ok. 19 kg.<\/p>\n<p>Te du\u017ce plastikowe donice dost\u0119pne s\u0105 w odcieniach od stonowanej bieli i grafit\u00f3w do mocnych, t\u0119czowych kolor\u00f3w. Dzi\u0119ki temu dopasowa\u0107 je mo\u017cna do naprawd\u0119 ka\u017cdej aran\u017cacji zar\u00f3wno wewn\u0119trznej jak i zewn\u0119trznej. Pi\u0119knie wygl\u0105daj\u0105 jako uzupe\u0142nienie wystroju pe\u0142ne kolor\u00f3w, jak i bardziej stonowane, wpisuj\u0105ce si\u0119 w styl skandynawski.<\/p>\n<h2>Bezpiecze\u0144stwo ro\u015blin<\/h2>\n<p>Du\u017cym plusem jest r\u00f3wnie\u017c fakt, \u017ce ca\u0142a donica wy\u0142o\u017cona jest styropianem, a w jej spodzie wykonano otwory odp\u0142ywowe. Ca\u0142o\u015b\u0107 sprawia, \u017ce zasadzone przez nas ro\u015bliny s\u0105 bezpieczne i b\u0119d\u0105 mog\u0142y spokojnie rosn\u0105\u0107 w wybranym przez nas miejscu dzi\u0119ki odpowiednim zabezpieczeniom w razie mroz\u00f3w czy przelania. Du\u017cy rozmiar tych plastikowych donic sprawia, \u017ce mo\u017cemy w nich zasadzi\u0107 kilka r\u00f3\u017cnych, wsp\u00f3\u0142graj\u0105cych ze sob\u0105 ro\u015blin lub takich samych, maj\u0105cych pe\u0142ni\u0107 funkcje bardziej praktyczne \u2013 p\u0142otu czy \u015bcianki. W ten spos\u00f3b mo\u017cemy nieco odseparowywa\u0107 w elegancki spos\u00f3b reprezentacyjn\u0105 cz\u0119\u015b\u0107 od mniej interesuj\u0105cych kawa\u0142k\u00f3w posesji czy balkonu.<\/p>\n","protected":false},"excerpt":{"rendered":"<p>Donica plastikowa z w\u0142\u00f3kna szklanego Emilio 4 z w\u0142\u00f3kna szklanego oraz \u017cywicy do stosowania wewn\u0105trz jako donica lub jako os\u0142onka. Donice dost\u0119pne we wszystkich kolorach palety RAL w wersji matowej i w po\u0142ysku. Donice s\u0105 wyposa\u017cone w otwory odp\u0142ywowe w dnie (na wyra\u017ane \u017cyczenie klienta mo\u017ce zosta\u0107 wykonana bez otworu odp\u0142ywowego), boczne \u015bcianki wy\u0142o\u017cone s\u0105 styropianem. Wymiary donicy: d\u0142ugo\u015b\u0107: 150 cm, szeroko\u015b\u0107: 50 cm, wysoko\u015b\u0107: 60 cm.<\/p>\n","protected":false},"featured_media":57574,"template":"","meta":{"_acf_changed":false},"product_brand":[],"product_cat":[205],"product_tag":[448,444,447,451],"class_list":{"0":"post-50933","1":"product","2":"type-product","3":"status-publish","4":"has-post-thumbnail","6":"product_cat-donice-z-wlokna-szklanego-plastiku","7":"product_tag-donice-balkonowe","8":"product_tag-donice-ogrodowe","9":"product_tag-donice-tarasowe","10":"product_tag-donice-wewnetrzne","11":"description-off","12":"tm-has-options","14":"first","15":"instock","16":"shipping-taxable","17":"purchasable","18":"product-type-simple"},"acf":[],"yoast_head":"<!-- This site is optimized with the Yoast SEO plugin v27.5 - https:\/\/yoast.com\/product\/yoast-seo-wordpress\/ -->\n<title>Du\u017ce Donice Plastikowe Emilio 4 z W\u0142\u00f3kna Szklanego<\/title>\n<meta name=\"description\" content=\"Te du\u017ce donice plastikowe, wykonane zosta\u0142y z w\u0142\u00f3kna szklanego i ozdobi\u0105 dowolnie wybran\u0105 przez nas przestrze\u0144. Dost\u0119pne s\u0105 we wszystkich kolorach RAL\" \/>\n<meta name=\"robots\" content=\"index, follow, max-snippet:-1, max-image-preview:large, max-video-preview:-1\" \/>\n<link rel=\"canonical\" href=\"https:\/\/worldofflowerpots.com\/sklep\/duze-donice-plastikowe-emilio-4\/\" \/>\n<meta property=\"og:locale\" content=\"pl_PL\" \/>\n<meta property=\"og:type\" content=\"article\" \/>\n<meta property=\"og:title\" content=\"Du\u017ce Donice Plastikowe Emilio 4 z W\u0142\u00f3kna Szklanego\" \/>\n<meta property=\"og:description\" content=\"Te du\u017ce donice plastikowe, wykonane zosta\u0142y z w\u0142\u00f3kna szklanego i ozdobi\u0105 dowolnie wybran\u0105 przez nas przestrze\u0144. Dost\u0119pne s\u0105 we wszystkich kolorach RAL\" \/>\n<meta property=\"og:url\" content=\"https:\/\/worldofflowerpots.com\/sklep\/duze-donice-plastikowe-emilio-4\/\" \/>\n<meta property=\"og:site_name\" content=\"World of Flowerpots\" \/>\n<meta property=\"article:modified_time\" content=\"2019-04-05T09:31:52+00:00\" \/>\n<meta property=\"og:image\" content=\"https:\/\/worldofflowerpots.com\/wp-content\/uploads\/2019\/01\/Du\u017ce-donice-plastikowe-Emilio-4.jpg\" \/>\n\t<meta property=\"og:image:width\" content=\"1920\" \/>\n\t<meta property=\"og:image:height\" content=\"1080\" \/>\n\t<meta property=\"og:image:type\" content=\"image\/jpeg\" \/>\n<meta name=\"twitter:card\" content=\"summary_large_image\" \/>\n<meta name=\"twitter:label1\" content=\"Szacowany czas czytania\" \/>\n\t<meta name=\"twitter:data1\" content=\"2 minuty\" \/>\n<script type=\"application\/ld+json\" class=\"yoast-schema-graph\">{\"@context\":\"https:\\\/\\\/schema.org\",\"@graph\":[{\"@type\":\"WebPage\",\"@id\":\"https:\\\/\\\/worldofflowerpots.com\\\/sklep\\\/duze-donice-plastikowe-emilio-4\\\/\",\"url\":\"https:\\\/\\\/worldofflowerpots.com\\\/sklep\\\/duze-donice-plastikowe-emilio-4\\\/\",\"name\":\"Du\u017ce Donice Plastikowe Emilio 4 z W\u0142\u00f3kna Szklanego\",\"isPartOf\":{\"@id\":\"https:\\\/\\\/worldofflowerpots.com\\\/#website\"},\"primaryImageOfPage\":{\"@id\":\"https:\\\/\\\/worldofflowerpots.com\\\/sklep\\\/duze-donice-plastikowe-emilio-4\\\/#primaryimage\"},\"image\":{\"@id\":\"https:\\\/\\\/worldofflowerpots.com\\\/sklep\\\/duze-donice-plastikowe-emilio-4\\\/#primaryimage\"},\"thumbnailUrl\":\"https:\\\/\\\/worldofflowerpots.com\\\/wp-content\\\/uploads\\\/2019\\\/01\\\/Du\u017ce-donice-plastikowe-Emilio-4.jpg\",\"datePublished\":\"2019-01-18T14:11:58+00:00\",\"dateModified\":\"2019-04-05T09:31:52+00:00\",\"description\":\"Te du\u017ce donice plastikowe, wykonane zosta\u0142y z w\u0142\u00f3kna szklanego i ozdobi\u0105 dowolnie wybran\u0105 przez nas przestrze\u0144. Dost\u0119pne s\u0105 we wszystkich kolorach RAL\",\"breadcrumb\":{\"@id\":\"https:\\\/\\\/worldofflowerpots.com\\\/sklep\\\/duze-donice-plastikowe-emilio-4\\\/#breadcrumb\"},\"inLanguage\":\"pl-PL\",\"potentialAction\":[{\"@type\":\"ReadAction\",\"target\":[\"https:\\\/\\\/worldofflowerpots.com\\\/sklep\\\/duze-donice-plastikowe-emilio-4\\\/\"]}]},{\"@type\":\"ImageObject\",\"inLanguage\":\"pl-PL\",\"@id\":\"https:\\\/\\\/worldofflowerpots.com\\\/sklep\\\/duze-donice-plastikowe-emilio-4\\\/#primaryimage\",\"url\":\"https:\\\/\\\/worldofflowerpots.com\\\/wp-content\\\/uploads\\\/2019\\\/01\\\/Du\u017ce-donice-plastikowe-Emilio-4.jpg\",\"contentUrl\":\"https:\\\/\\\/worldofflowerpots.com\\\/wp-content\\\/uploads\\\/2019\\\/01\\\/Du\u017ce-donice-plastikowe-Emilio-4.jpg\",\"width\":1920,\"height\":1080},{\"@type\":\"BreadcrumbList\",\"@id\":\"https:\\\/\\\/worldofflowerpots.com\\\/sklep\\\/duze-donice-plastikowe-emilio-4\\\/#breadcrumb\",\"itemListElement\":[{\"@type\":\"ListItem\",\"position\":1,\"name\":\"Strona g\u0142\u00f3wna\",\"item\":\"https:\\\/\\\/worldofflowerpots.com\\\/\"},{\"@type\":\"ListItem\",\"position\":2,\"name\":\"Sklep\",\"item\":\"https:\\\/\\\/worldofflowerpots.com\\\/sklep\\\/\"},{\"@type\":\"ListItem\",\"position\":3,\"name\":\"Du\u017ce donice plastikowe Emilio 4\"}]},{\"@type\":\"WebSite\",\"@id\":\"https:\\\/\\\/worldofflowerpots.com\\\/#website\",\"url\":\"https:\\\/\\\/worldofflowerpots.com\\\/\",\"name\":\"World of Flowerpots\",\"description\":\"producent donic ozdobnych\",\"potentialAction\":[{\"@type\":\"SearchAction\",\"target\":{\"@type\":\"EntryPoint\",\"urlTemplate\":\"https:\\\/\\\/worldofflowerpots.com\\\/?s={search_term_string}\"},\"query-input\":{\"@type\":\"PropertyValueSpecification\",\"valueRequired\":true,\"valueName\":\"search_term_string\"}}],\"inLanguage\":\"pl-PL\"}]}<\/script>\n<!-- \/ Yoast SEO plugin. -->","yoast_head_json":{"title":"Du\u017ce Donice Plastikowe Emilio 4 z W\u0142\u00f3kna Szklanego","description":"Te du\u017ce donice plastikowe, wykonane zosta\u0142y z w\u0142\u00f3kna szklanego i ozdobi\u0105 dowolnie wybran\u0105 przez nas przestrze\u0144. Dost\u0119pne s\u0105 we wszystkich kolorach RAL","robots":{"index":"index","follow":"follow","max-snippet":"max-snippet:-1","max-image-preview":"max-image-preview:large","max-video-preview":"max-video-preview:-1"},"canonical":"https:\/\/worldofflowerpots.com\/sklep\/duze-donice-plastikowe-emilio-4\/","og_locale":"pl_PL","og_type":"article","og_title":"Du\u017ce Donice Plastikowe Emilio 4 z W\u0142\u00f3kna Szklanego","og_description":"Te du\u017ce donice plastikowe, wykonane zosta\u0142y z w\u0142\u00f3kna szklanego i ozdobi\u0105 dowolnie wybran\u0105 przez nas przestrze\u0144. Dost\u0119pne s\u0105 we wszystkich kolorach RAL","og_url":"https:\/\/worldofflowerpots.com\/sklep\/duze-donice-plastikowe-emilio-4\/","og_site_name":"World of Flowerpots","article_modified_time":"2019-04-05T09:31:52+00:00","og_image":[{"width":1920,"height":1080,"url":"https:\/\/worldofflowerpots.com\/wp-content\/uploads\/2019\/01\/Du\u017ce-donice-plastikowe-Emilio-4.jpg","type":"image\/jpeg"}],"twitter_card":"summary_large_image","twitter_misc":{"Szacowany czas czytania":"2 minuty"},"schema":{"@context":"https:\/\/schema.org","@graph":[{"@type":"WebPage","@id":"https:\/\/worldofflowerpots.com\/sklep\/duze-donice-plastikowe-emilio-4\/","url":"https:\/\/worldofflowerpots.com\/sklep\/duze-donice-plastikowe-emilio-4\/","name":"Du\u017ce Donice Plastikowe Emilio 4 z W\u0142\u00f3kna Szklanego","isPartOf":{"@id":"https:\/\/worldofflowerpots.com\/#website"},"primaryImageOfPage":{"@id":"https:\/\/worldofflowerpots.com\/sklep\/duze-donice-plastikowe-emilio-4\/#primaryimage"},"image":{"@id":"https:\/\/worldofflowerpots.com\/sklep\/duze-donice-plastikowe-emilio-4\/#primaryimage"},"thumbnailUrl":"https:\/\/worldofflowerpots.com\/wp-content\/uploads\/2019\/01\/Du\u017ce-donice-plastikowe-Emilio-4.jpg","datePublished":"2019-01-18T14:11:58+00:00","dateModified":"2019-04-05T09:31:52+00:00","description":"Te du\u017ce donice plastikowe, wykonane zosta\u0142y z w\u0142\u00f3kna szklanego i ozdobi\u0105 dowolnie wybran\u0105 przez nas przestrze\u0144. Dost\u0119pne s\u0105 we wszystkich kolorach RAL","breadcrumb":{"@id":"https:\/\/worldofflowerpots.com\/sklep\/duze-donice-plastikowe-emilio-4\/#breadcrumb"},"inLanguage":"pl-PL","potentialAction":[{"@type":"ReadAction","target":["https:\/\/worldofflowerpots.com\/sklep\/duze-donice-plastikowe-emilio-4\/"]}]},{"@type":"ImageObject","inLanguage":"pl-PL","@id":"https:\/\/worldofflowerpots.com\/sklep\/duze-donice-plastikowe-emilio-4\/#primaryimage","url":"https:\/\/worldofflowerpots.com\/wp-content\/uploads\/2019\/01\/Du\u017ce-donice-plastikowe-Emilio-4.jpg","contentUrl":"https:\/\/worldofflowerpots.com\/wp-content\/uploads\/2019\/01\/Du\u017ce-donice-plastikowe-Emilio-4.jpg","width":1920,"height":1080},{"@type":"BreadcrumbList","@id":"https:\/\/worldofflowerpots.com\/sklep\/duze-donice-plastikowe-emilio-4\/#breadcrumb","itemListElement":[{"@type":"ListItem","position":1,"name":"Strona g\u0142\u00f3wna","item":"https:\/\/worldofflowerpots.com\/"},{"@type":"ListItem","position":2,"name":"Sklep","item":"https:\/\/worldofflowerpots.com\/sklep\/"},{"@type":"ListItem","position":3,"name":"Du\u017ce donice plastikowe Emilio 4"}]},{"@type":"WebSite","@id":"https:\/\/worldofflowerpots.com\/#website","url":"https:\/\/worldofflowerpots.com\/","name":"World of Flowerpots","description":"producent donic ozdobnych","potentialAction":[{"@type":"SearchAction","target":{"@type":"EntryPoint","urlTemplate":"https:\/\/worldofflowerpots.com\/?s={search_term_string}"},"query-input":{"@type":"PropertyValueSpecification","valueRequired":true,"valueName":"search_term_string"}}],"inLanguage":"pl-PL"}]}},"_links":{"self":[{"href":"https:\/\/worldofflowerpots.com\/pl\/wp-json\/wp\/v2\/product\/50933","targetHints":{"allow":["GET"]}}],"collection":[{"href":"https:\/\/worldofflowerpots.com\/pl\/wp-json\/wp\/v2\/product"}],"about":[{"href":"https:\/\/worldofflowerpots.com\/pl\/wp-json\/wp\/v2\/types\/product"}],"wp:featuredmedia":[{"embeddable":true,"href":"https:\/\/worldofflowerpots.com\/pl\/wp-json\/wp\/v2\/media\/57574"}],"wp:attachment":[{"href":"https:\/\/worldofflowerpots.com\/pl\/wp-json\/wp\/v2\/media?parent=50933"}],"wp:term":[{"taxonomy":"product_brand","embeddable":true,"href":"https:\/\/worldofflowerpots.com\/pl\/wp-json\/wp\/v2\/product_brand?post=50933"},{"taxonomy":"product_cat","embeddable":true,"href":"https:\/\/worldofflowerpots.com\/pl\/wp-json\/wp\/v2\/product_cat?post=50933"},{"taxonomy":"product_tag","embeddable":true,"href":"https:\/\/worldofflowerpots.com\/pl\/wp-json\/wp\/v2\/product_tag?post=50933"}],"curies":[{"name":"wp","href":"https:\/\/api.w.org\/{rel}","templated":true}]}}