{"id":50934,"date":"2019-01-18T15:11:58","date_gmt":"2019-01-18T14:11:58","guid":{"rendered":"https:\/\/worldofflowerpots.com\/product\/import-placeholder-for-253\/"},"modified":"2019-04-05T12:03:41","modified_gmt":"2019-04-05T10:03:41","slug":"donica-prostokatna-emilio-5","status":"publish","type":"product","link":"https:\/\/worldofflowerpots.com\/pl\/sklep\/donica-prostokatna-emilio-5\/","title":{"rendered":"Donica prostok\u0105tna Emilio 5"},"content":{"rendered":"<h2>Wytrzyma\u0142a donica plastikowa z w\u0142\u00f3kna szklanego<\/h2>\n<p>Zastanawiasz si\u0119 jaka donica b\u0119dzie na tyle uniwersalna, by mo\u017cna by\u0142o zastosowa\u0107 j\u0105 zar\u00f3wno w ogrodach, jak i wewn\u0105trz budynk\u00f3w? Producent donic z w\u0142\u00f3kna szklanego wychodzi naprzeciw Twoim oczekiwaniom. Donica Emilio 5, to produkt przystosowany do r\u00f3\u017cnych warunk\u00f3w u\u017cytkowania, zapewniaj\u0105cy jednocze\u015bnie swobod\u0119 w projektowaniu otwartych przestrzeni czy zamkni\u0119tych pomieszcze\u0144.<\/p>\n<h2>Klasyczny fason i lekka konstrukcja<\/h2>\n<p>Emilio 5, to klasyczna donica charakteryzuj\u0105ca si\u0119 solidnymi wymiarami. Jej gabaryty &#8211; 200 cm d\u0142ugo\u015bci, 60 cm wysoko\u015bci oraz 50 cm szeroko\u015bci oraz prostok\u0105tny kszta\u0142t zapewniaj\u0105 stabilno\u015b\u0107 ustawienia. Du\u017ca pojemno\u015b\u0107, bo a\u017c 550 litr\u00f3w, gwarantuje natomiast mo\u017cliwo\u015b\u0107 wykorzystania donicy do r\u00f3\u017cnych aran\u017cacji, szczeg\u00f3lnie z u\u017cyciem ro\u015blin wymagaj\u0105cych sporej przestrzeni. Naczynie sprawdzi si\u0119 do hodowli ro\u015blin jednorocznych, jak i wieloletnich. Jednocze\u015bnie, pomimo sporych rozmiar\u00f3w, lekko\u015b\u0107 jego konstrukcji znacznie u\u0142atwia nam prac\u0119 przy komponowaniu ogrodu lub wybranego pomieszczenia. W donicy zastosowano system otwor\u00f3w odp\u0142ywowych w dnie, a jej \u015bcianki wy\u0142o\u017cone s\u0105 styropianem. Ro\u015bliny utrzymywane s\u0105 zatem w komfortowych i stabilnych warunkach. Uniwersalno\u015b\u0107 oraz cechy wizualne donicy sprawiaj\u0105, i\u017c jej zastosowanie ogranicza jedynie wyobra\u017ania projektanta.<\/p>\n<h2>Trwa\u0142o\u015b\u0107 wykonania i kolorystyka<\/h2>\n<p>Producent donic z w\u0142\u00f3kna szklanego zadba\u0142 o trwa\u0142o\u015b\u0107 i jako\u015b\u0107 wykonania donicy. U\u017cyta technologia z zastosowaniem maty szklanej emulsyjnej, \u017cywicy poliestrowej i \u017celkotu, gwarantuje wieloletnie u\u017cytkowanie i odporno\u015b\u0107 na mechaniczne uszkodzenia. Najlepszym dowodem jako\u015bci takiego wykonania, jest fakt, i\u017c technologia ta stosowana jest do tworzenia laminat\u00f3w w r\u00f3\u017cnych ga\u0142\u0119ziach przemys\u0142u. Najcz\u0119\u015bciej jest to przemys\u0142 stoczniowy, motoryzacyjny, budowlanym a nawet lotniczy. Plastikowa donica Emilio 3 jest odporna na korozj\u0119, a tak\u017ce dzia\u0142anie zmiennych warunk\u00f3w atmosferycznych takich jak s\u0142o\u0144ce, wilgo\u0107 czy mr\u00f3z. Dzi\u0119ki temu \u015bwietnie nadaje si\u0119 r\u00f3wnie\u017c do wystroju balkon\u00f3w i taras\u00f3w. Donica dost\u0119pna jest w dw\u00f3ch wariantach wyko\u0144czenia do wyboru &#8211; po\u0142ysku lub macie. Szeroka paleta odcieni umo\u017cliwia tworzenie kompozycji w r\u00f3\u017cnym otoczeniu, z u\u017cyciem licznej gamy ro\u015blin ozdobnych.<\/p>\n","protected":false},"excerpt":{"rendered":"<p>Donica plastikowa z w\u0142\u00f3kna szklanego Emilio 5 z w\u0142\u00f3kna szklanego oraz \u017cywicy do stosowania wewn\u0105trz jako donica lub jako os\u0142onka. Donice dost\u0119pne we wszystkich kolorach palety RAL w wersji matowej i w po\u0142ysku. Donice s\u0105 wyposa\u017cone w otwory odp\u0142ywowe w dnie (na wyra\u017ane \u017cyczenie klienta mo\u017ce zosta\u0107 wykonana bez otworu odp\u0142ywowego), boczne \u015bcianki wy\u0142o\u017cone s\u0105 styropianem. Wymiary donicy: d\u0142ugo\u015b\u0107: 200 cm, szeroko\u015b\u0107: 50 cm, wysoko\u015b\u0107: 60 cm.<\/p>\n","protected":false},"featured_media":57584,"template":"","meta":{"_acf_changed":false},"product_brand":[],"product_cat":[205],"product_tag":[444,447,451],"class_list":{"0":"post-50934","1":"product","2":"type-product","3":"status-publish","4":"has-post-thumbnail","6":"product_cat-donice-z-wlokna-szklanego-plastiku","7":"product_tag-donice-ogrodowe","8":"product_tag-donice-tarasowe","9":"product_tag-donice-wewnetrzne","10":"description-off","11":"tm-has-options","13":"first","14":"instock","15":"shipping-taxable","16":"purchasable","17":"product-type-simple"},"acf":[],"yoast_head":"<!-- This site is optimized with the Yoast SEO plugin v27.5 - https:\/\/yoast.com\/product\/yoast-seo-wordpress\/ -->\n<title>Ogrodowe i Biurowe Donice z W\u0142\u00f3kna Szklanego Plastikowe Emilio 5<\/title>\n<meta name=\"description\" content=\"Producent donic z w\u0142\u00f3kna szklanego zadba\u0142 o trwa\u0142o\u015b\u0107 i jako\u015b\u0107 wykonania donicy. U\u017cyta technologia gwarantuje wieloletni\u0105 odporno\u015b\u0107 na uszkodzenia.\" \/>\n<meta name=\"robots\" content=\"index, follow, max-snippet:-1, max-image-preview:large, max-video-preview:-1\" \/>\n<link rel=\"canonical\" href=\"https:\/\/worldofflowerpots.com\/sklep\/donica-prostokatna-emilio-5\/\" \/>\n<meta property=\"og:locale\" content=\"pl_PL\" \/>\n<meta property=\"og:type\" content=\"article\" \/>\n<meta property=\"og:title\" content=\"Ogrodowe i Biurowe Donice z W\u0142\u00f3kna Szklanego Plastikowe Emilio 5\" \/>\n<meta property=\"og:description\" content=\"Producent donic z w\u0142\u00f3kna szklanego zadba\u0142 o trwa\u0142o\u015b\u0107 i jako\u015b\u0107 wykonania donicy. U\u017cyta technologia gwarantuje wieloletni\u0105 odporno\u015b\u0107 na uszkodzenia.\" \/>\n<meta property=\"og:url\" content=\"https:\/\/worldofflowerpots.com\/sklep\/donica-prostokatna-emilio-5\/\" \/>\n<meta property=\"og:site_name\" content=\"World of Flowerpots\" \/>\n<meta property=\"article:modified_time\" content=\"2019-04-05T10:03:41+00:00\" \/>\n<meta property=\"og:image\" content=\"https:\/\/worldofflowerpots.com\/wp-content\/uploads\/2019\/01\/producent-donic-z-w\u0142\u00f3kna-szklanego-Emilio-5.jpg\" \/>\n\t<meta property=\"og:image:width\" content=\"1920\" \/>\n\t<meta property=\"og:image:height\" content=\"1080\" \/>\n\t<meta property=\"og:image:type\" content=\"image\/jpeg\" \/>\n<meta name=\"twitter:card\" content=\"summary_large_image\" \/>\n<meta name=\"twitter:label1\" content=\"Szacowany czas czytania\" \/>\n\t<meta name=\"twitter:data1\" content=\"2 minuty\" \/>\n<script type=\"application\/ld+json\" class=\"yoast-schema-graph\">{\"@context\":\"https:\\\/\\\/schema.org\",\"@graph\":[{\"@type\":\"WebPage\",\"@id\":\"https:\\\/\\\/worldofflowerpots.com\\\/sklep\\\/donica-prostokatna-emilio-5\\\/\",\"url\":\"https:\\\/\\\/worldofflowerpots.com\\\/sklep\\\/donica-prostokatna-emilio-5\\\/\",\"name\":\"Ogrodowe i Biurowe Donice z W\u0142\u00f3kna Szklanego Plastikowe Emilio 5\",\"isPartOf\":{\"@id\":\"https:\\\/\\\/worldofflowerpots.com\\\/#website\"},\"primaryImageOfPage\":{\"@id\":\"https:\\\/\\\/worldofflowerpots.com\\\/sklep\\\/donica-prostokatna-emilio-5\\\/#primaryimage\"},\"image\":{\"@id\":\"https:\\\/\\\/worldofflowerpots.com\\\/sklep\\\/donica-prostokatna-emilio-5\\\/#primaryimage\"},\"thumbnailUrl\":\"https:\\\/\\\/worldofflowerpots.com\\\/wp-content\\\/uploads\\\/2019\\\/01\\\/producent-donic-z-w\u0142\u00f3kna-szklanego-Emilio-5.jpg\",\"datePublished\":\"2019-01-18T14:11:58+00:00\",\"dateModified\":\"2019-04-05T10:03:41+00:00\",\"description\":\"Producent donic z w\u0142\u00f3kna szklanego zadba\u0142 o trwa\u0142o\u015b\u0107 i jako\u015b\u0107 wykonania donicy. U\u017cyta technologia gwarantuje wieloletni\u0105 odporno\u015b\u0107 na uszkodzenia.\",\"breadcrumb\":{\"@id\":\"https:\\\/\\\/worldofflowerpots.com\\\/sklep\\\/donica-prostokatna-emilio-5\\\/#breadcrumb\"},\"inLanguage\":\"pl-PL\",\"potentialAction\":[{\"@type\":\"ReadAction\",\"target\":[\"https:\\\/\\\/worldofflowerpots.com\\\/sklep\\\/donica-prostokatna-emilio-5\\\/\"]}]},{\"@type\":\"ImageObject\",\"inLanguage\":\"pl-PL\",\"@id\":\"https:\\\/\\\/worldofflowerpots.com\\\/sklep\\\/donica-prostokatna-emilio-5\\\/#primaryimage\",\"url\":\"https:\\\/\\\/worldofflowerpots.com\\\/wp-content\\\/uploads\\\/2019\\\/01\\\/producent-donic-z-w\u0142\u00f3kna-szklanego-Emilio-5.jpg\",\"contentUrl\":\"https:\\\/\\\/worldofflowerpots.com\\\/wp-content\\\/uploads\\\/2019\\\/01\\\/producent-donic-z-w\u0142\u00f3kna-szklanego-Emilio-5.jpg\",\"width\":1920,\"height\":1080},{\"@type\":\"BreadcrumbList\",\"@id\":\"https:\\\/\\\/worldofflowerpots.com\\\/sklep\\\/donica-prostokatna-emilio-5\\\/#breadcrumb\",\"itemListElement\":[{\"@type\":\"ListItem\",\"position\":1,\"name\":\"Strona g\u0142\u00f3wna\",\"item\":\"https:\\\/\\\/worldofflowerpots.com\\\/\"},{\"@type\":\"ListItem\",\"position\":2,\"name\":\"Sklep\",\"item\":\"https:\\\/\\\/worldofflowerpots.com\\\/sklep\\\/\"},{\"@type\":\"ListItem\",\"position\":3,\"name\":\"Donica prostok\u0105tna Emilio 5\"}]},{\"@type\":\"WebSite\",\"@id\":\"https:\\\/\\\/worldofflowerpots.com\\\/#website\",\"url\":\"https:\\\/\\\/worldofflowerpots.com\\\/\",\"name\":\"World of Flowerpots\",\"description\":\"producent donic ozdobnych\",\"potentialAction\":[{\"@type\":\"SearchAction\",\"target\":{\"@type\":\"EntryPoint\",\"urlTemplate\":\"https:\\\/\\\/worldofflowerpots.com\\\/?s={search_term_string}\"},\"query-input\":{\"@type\":\"PropertyValueSpecification\",\"valueRequired\":true,\"valueName\":\"search_term_string\"}}],\"inLanguage\":\"pl-PL\"}]}<\/script>\n<!-- \/ Yoast SEO plugin. -->","yoast_head_json":{"title":"Ogrodowe i Biurowe Donice z W\u0142\u00f3kna Szklanego Plastikowe Emilio 5","description":"Producent donic z w\u0142\u00f3kna szklanego zadba\u0142 o trwa\u0142o\u015b\u0107 i jako\u015b\u0107 wykonania donicy. U\u017cyta technologia gwarantuje wieloletni\u0105 odporno\u015b\u0107 na uszkodzenia.","robots":{"index":"index","follow":"follow","max-snippet":"max-snippet:-1","max-image-preview":"max-image-preview:large","max-video-preview":"max-video-preview:-1"},"canonical":"https:\/\/worldofflowerpots.com\/sklep\/donica-prostokatna-emilio-5\/","og_locale":"pl_PL","og_type":"article","og_title":"Ogrodowe i Biurowe Donice z W\u0142\u00f3kna Szklanego Plastikowe Emilio 5","og_description":"Producent donic z w\u0142\u00f3kna szklanego zadba\u0142 o trwa\u0142o\u015b\u0107 i jako\u015b\u0107 wykonania donicy. U\u017cyta technologia gwarantuje wieloletni\u0105 odporno\u015b\u0107 na uszkodzenia.","og_url":"https:\/\/worldofflowerpots.com\/sklep\/donica-prostokatna-emilio-5\/","og_site_name":"World of Flowerpots","article_modified_time":"2019-04-05T10:03:41+00:00","og_image":[{"width":1920,"height":1080,"url":"https:\/\/worldofflowerpots.com\/wp-content\/uploads\/2019\/01\/producent-donic-z-w\u0142\u00f3kna-szklanego-Emilio-5.jpg","type":"image\/jpeg"}],"twitter_card":"summary_large_image","twitter_misc":{"Szacowany czas czytania":"2 minuty"},"schema":{"@context":"https:\/\/schema.org","@graph":[{"@type":"WebPage","@id":"https:\/\/worldofflowerpots.com\/sklep\/donica-prostokatna-emilio-5\/","url":"https:\/\/worldofflowerpots.com\/sklep\/donica-prostokatna-emilio-5\/","name":"Ogrodowe i Biurowe Donice z W\u0142\u00f3kna Szklanego Plastikowe Emilio 5","isPartOf":{"@id":"https:\/\/worldofflowerpots.com\/#website"},"primaryImageOfPage":{"@id":"https:\/\/worldofflowerpots.com\/sklep\/donica-prostokatna-emilio-5\/#primaryimage"},"image":{"@id":"https:\/\/worldofflowerpots.com\/sklep\/donica-prostokatna-emilio-5\/#primaryimage"},"thumbnailUrl":"https:\/\/worldofflowerpots.com\/wp-content\/uploads\/2019\/01\/producent-donic-z-w\u0142\u00f3kna-szklanego-Emilio-5.jpg","datePublished":"2019-01-18T14:11:58+00:00","dateModified":"2019-04-05T10:03:41+00:00","description":"Producent donic z w\u0142\u00f3kna szklanego zadba\u0142 o trwa\u0142o\u015b\u0107 i jako\u015b\u0107 wykonania donicy. U\u017cyta technologia gwarantuje wieloletni\u0105 odporno\u015b\u0107 na uszkodzenia.","breadcrumb":{"@id":"https:\/\/worldofflowerpots.com\/sklep\/donica-prostokatna-emilio-5\/#breadcrumb"},"inLanguage":"pl-PL","potentialAction":[{"@type":"ReadAction","target":["https:\/\/worldofflowerpots.com\/sklep\/donica-prostokatna-emilio-5\/"]}]},{"@type":"ImageObject","inLanguage":"pl-PL","@id":"https:\/\/worldofflowerpots.com\/sklep\/donica-prostokatna-emilio-5\/#primaryimage","url":"https:\/\/worldofflowerpots.com\/wp-content\/uploads\/2019\/01\/producent-donic-z-w\u0142\u00f3kna-szklanego-Emilio-5.jpg","contentUrl":"https:\/\/worldofflowerpots.com\/wp-content\/uploads\/2019\/01\/producent-donic-z-w\u0142\u00f3kna-szklanego-Emilio-5.jpg","width":1920,"height":1080},{"@type":"BreadcrumbList","@id":"https:\/\/worldofflowerpots.com\/sklep\/donica-prostokatna-emilio-5\/#breadcrumb","itemListElement":[{"@type":"ListItem","position":1,"name":"Strona g\u0142\u00f3wna","item":"https:\/\/worldofflowerpots.com\/"},{"@type":"ListItem","position":2,"name":"Sklep","item":"https:\/\/worldofflowerpots.com\/sklep\/"},{"@type":"ListItem","position":3,"name":"Donica prostok\u0105tna Emilio 5"}]},{"@type":"WebSite","@id":"https:\/\/worldofflowerpots.com\/#website","url":"https:\/\/worldofflowerpots.com\/","name":"World of Flowerpots","description":"producent donic ozdobnych","potentialAction":[{"@type":"SearchAction","target":{"@type":"EntryPoint","urlTemplate":"https:\/\/worldofflowerpots.com\/?s={search_term_string}"},"query-input":{"@type":"PropertyValueSpecification","valueRequired":true,"valueName":"search_term_string"}}],"inLanguage":"pl-PL"}]}},"_links":{"self":[{"href":"https:\/\/worldofflowerpots.com\/pl\/wp-json\/wp\/v2\/product\/50934","targetHints":{"allow":["GET"]}}],"collection":[{"href":"https:\/\/worldofflowerpots.com\/pl\/wp-json\/wp\/v2\/product"}],"about":[{"href":"https:\/\/worldofflowerpots.com\/pl\/wp-json\/wp\/v2\/types\/product"}],"wp:featuredmedia":[{"embeddable":true,"href":"https:\/\/worldofflowerpots.com\/pl\/wp-json\/wp\/v2\/media\/57584"}],"wp:attachment":[{"href":"https:\/\/worldofflowerpots.com\/pl\/wp-json\/wp\/v2\/media?parent=50934"}],"wp:term":[{"taxonomy":"product_brand","embeddable":true,"href":"https:\/\/worldofflowerpots.com\/pl\/wp-json\/wp\/v2\/product_brand?post=50934"},{"taxonomy":"product_cat","embeddable":true,"href":"https:\/\/worldofflowerpots.com\/pl\/wp-json\/wp\/v2\/product_cat?post=50934"},{"taxonomy":"product_tag","embeddable":true,"href":"https:\/\/worldofflowerpots.com\/pl\/wp-json\/wp\/v2\/product_tag?post=50934"}],"curies":[{"name":"wp","href":"https:\/\/api.w.org\/{rel}","templated":true}]}}