{"id":50935,"date":"2019-01-18T15:11:58","date_gmt":"2019-01-18T14:11:58","guid":{"rendered":"https:\/\/worldofflowerpots.com\/product\/import-placeholder-for-255\/"},"modified":"2019-04-05T10:40:39","modified_gmt":"2019-04-05T08:40:39","slug":"kwadratowa-donica-aluminiowa-alessio-1","status":"publish","type":"product","link":"https:\/\/worldofflowerpots.com\/pl\/sklep\/kwadratowa-donica-aluminiowa-alessio-1\/","title":{"rendered":"Kwadratowa donica aluminiowa Alessio 1"},"content":{"rendered":"<p>Stylowe tarasy przydomowe s\u0105 obecnie absolutnym must have ka\u017cdego parterowego domku. Warto zadba\u0107, by taras i jego otoczenie wygl\u0105da\u0142y pi\u0119knie i cieszy\u0142y oko. Niech ka\u017cdy, kto b\u0119dzie na nim wypoczywa\u0142 doceni gust w\u0142a\u015bciciela domu.<\/p>\n<h2>Donica indywidualnie uniwersalna<\/h2>\n<p>Pomocne przy aran\u017cacji bywaj\u0105 donice tarasowe, kt\u00f3re stanowi\u0105 element ozdobny, a przy tym ochronny dla ro\u015blin. Nie wszystkie ro\u015bliny nadaj\u0105 si\u0119 do sadzenia w gruncie &#8211; te lepiej umie\u015bci\u0107 w stylowych doniczkach. Kwadratowa donica aluminiowa Alessio 1 b\u0119dzie dobrym wyborem dla mi\u0142o\u015bnik\u00f3w prostoty, elegancji i szyku. Jej surowa sze\u015bcienna bry\u0142a jest doskona\u0142ym dope\u0142nieniem dla dom\u00f3w w nowoczesnym budownictwie. Sprawdzi si\u0119 r\u00f3wnie\u017c jako przeciwwaga dla dom\u00f3w w stylu klasycznym. Wyj\u0105tkowy grafitowy kolor sprawia, \u017ce kwadratowa donica aluminiowa jest \u015bwietnym t\u0142em dla zielonych ro\u015blin z elementami innych barw. Mo\u017cna wybra\u0107 tak\u017ce ka\u017cdy inny kolor z palety RAL, aby donica idealnie pasowa\u0142a do otoczenia.<\/p>\n<h2>Zalety<\/h2>\n<p>Zalet\u0105 donicy z aluminium jest niew\u0105tpliwie jej doskona\u0142e przystosowanie do u\u017cytkowania na zewn\u0105trz. Otwory odp\u0142ywowe wykonane s\u0105 w standardzie i s\u0142u\u017c\u0105 do usuwania nadmiaru deszcz\u00f3wki z ziemi znajduj\u0105cej si\u0119 w donicy. Kwadratowa donica aluminiowa wykonana zosta\u0142a z 2-milimetrowej grubo\u015bci blachy aluminiowej. To czyni j\u0105 jednocze\u015bnie lekk\u0105 i niezwykle wytrzyma\u0142\u0105 na warunki atmosferyczne. Aluminium nie jest podatne na rdzewienie, jest tak\u017ce wytrzyma\u0142e na uszkodzenia mechaniczne. Donica jest \u0142atwa do czyszczenia, gdyby zasz\u0142a taka potrzeba wystarczy przetrze\u0107 wilgotn\u0105 \u015bcierk\u0105. Wyj\u0105tkowy koloryt i faktur\u0119 kwadratowa donica aluminiowa zawdzi\u0119cza malowaniu proszkowemu. Dzi\u0119ki temu ten model donicy mo\u017cna ogl\u0105da\u0107 w wielu r\u00f3\u017cnych wersjach kolorystycznych z palety RAL.<\/p>\n<h2>Gdzie ustawi\u0107 donice aluminiowe?<\/h2>\n<p>Idealnym miejscem przeznaczenia donicy s\u0105 tarasy restauracyjne, ogr\u00f3dki piwne, prywatne posesje. Sprawdzi si\u0119 tak\u017ce w przestrzeniach publicznych oraz we wn\u0119trzach biznesowych. Jej forma jest jednocze\u015bnie pi\u0119kna, elegancka i ponadczasowa. Pasuj\u0105 do niej jednocze\u015bnie ro\u015bliny niskie i delikatne, jak i wysokie, postawne i roz\u0142o\u017cyste. Mo\u017cemy posadzi\u0107 tam r\u00f3\u017cnobarwne kwiatki, dla kt\u00f3rych proste w wyrazie aluminium b\u0119dzie wspania\u0142ym t\u0142em. Sprawdz\u0105 si\u0119 tak\u017ce wysokie palmy i choinki, dla kt\u00f3rych donica b\u0119dzie dobr\u0105 stabilizacj\u0105.<\/p>\n<p>Efektowne, proste wzornictwo w po\u0142\u0105czeniu z wysok\u0105 jako\u015bci\u0105 wykonania daje niebagatelny efekt. Donica aluminiowa Alessio 1 swoj\u0105 form\u0105 podbija \u015bwiatowe ogrody.<\/p>\n","protected":false},"excerpt":{"rendered":"<p>Donica aluminiowa Alessio 1 produkowana jest we wszystkich kolorach palety RAL. Donica produkowana jest w standardzie z otworami odp\u0142ywowymi. Waga to :12kg, a wymiary : d\u0142ugo\u015b\u0107:50cm, wysoko\u015b\u0107:50cm, wysoko\u015b\u0107:50cm. Zalecane stosowanie jako donica tarasowa.<\/p>\n","protected":false},"featured_media":57484,"template":"","meta":{"_acf_changed":false},"product_brand":[],"product_cat":[116],"product_tag":[446,448,444,447,451],"class_list":{"0":"post-50935","1":"product","2":"type-product","3":"status-publish","4":"has-post-thumbnail","6":"product_cat-donice-z-aluminium","7":"product_tag-donice-aluminiowe","8":"product_tag-donice-balkonowe","9":"product_tag-donice-ogrodowe","10":"product_tag-donice-tarasowe","11":"product_tag-donice-wewnetrzne","12":"description-off","13":"tm-has-options","15":"first","16":"instock","17":"shipping-taxable","18":"purchasable","19":"product-type-simple"},"acf":[],"yoast_head":"<!-- This site is optimized with the Yoast SEO plugin v27.5 - https:\/\/yoast.com\/product\/yoast-seo-wordpress\/ -->\n<title>Kwadratowa donica aluminiowa Alessio 1 - Klasyczne i Eleganckie<\/title>\n<meta name=\"description\" content=\"Kwadratowa donica aluminiowa Alessio 1 b\u0119dzie dobrym wyborem dla mi\u0142o\u015bnik\u00f3w prostoty i elegancji. Donica aluminiowa Alessio 1 podbija \u015bwiatowe ogrody.\" \/>\n<meta name=\"robots\" content=\"index, follow, max-snippet:-1, max-image-preview:large, max-video-preview:-1\" \/>\n<link rel=\"canonical\" href=\"https:\/\/worldofflowerpots.com\/sklep\/kwadratowa-donica-aluminiowa-alessio-1\/\" \/>\n<meta property=\"og:locale\" content=\"pl_PL\" \/>\n<meta property=\"og:type\" content=\"article\" \/>\n<meta property=\"og:title\" content=\"Kwadratowa donica aluminiowa Alessio 1 - Klasyczne i Eleganckie\" \/>\n<meta property=\"og:description\" content=\"Kwadratowa donica aluminiowa Alessio 1 b\u0119dzie dobrym wyborem dla mi\u0142o\u015bnik\u00f3w prostoty i elegancji. Donica aluminiowa Alessio 1 podbija \u015bwiatowe ogrody.\" \/>\n<meta property=\"og:url\" content=\"https:\/\/worldofflowerpots.com\/sklep\/kwadratowa-donica-aluminiowa-alessio-1\/\" \/>\n<meta property=\"og:site_name\" content=\"World of Flowerpots\" \/>\n<meta property=\"article:modified_time\" content=\"2019-04-05T08:40:39+00:00\" \/>\n<meta property=\"og:image\" content=\"https:\/\/worldofflowerpots.com\/wp-content\/uploads\/2019\/01\/Donica-aluminiowa-Alessio_2-1.jpg\" \/>\n\t<meta property=\"og:image:width\" content=\"2280\" \/>\n\t<meta property=\"og:image:height\" content=\"1612\" \/>\n\t<meta property=\"og:image:type\" content=\"image\/jpeg\" \/>\n<meta name=\"twitter:card\" content=\"summary_large_image\" \/>\n<meta name=\"twitter:label1\" content=\"Szacowany czas czytania\" \/>\n\t<meta name=\"twitter:data1\" content=\"2 minuty\" \/>\n<script type=\"application\/ld+json\" class=\"yoast-schema-graph\">{\"@context\":\"https:\\\/\\\/schema.org\",\"@graph\":[{\"@type\":\"WebPage\",\"@id\":\"https:\\\/\\\/worldofflowerpots.com\\\/sklep\\\/kwadratowa-donica-aluminiowa-alessio-1\\\/\",\"url\":\"https:\\\/\\\/worldofflowerpots.com\\\/sklep\\\/kwadratowa-donica-aluminiowa-alessio-1\\\/\",\"name\":\"Kwadratowa donica aluminiowa Alessio 1 - Klasyczne i Eleganckie\",\"isPartOf\":{\"@id\":\"https:\\\/\\\/worldofflowerpots.com\\\/#website\"},\"primaryImageOfPage\":{\"@id\":\"https:\\\/\\\/worldofflowerpots.com\\\/sklep\\\/kwadratowa-donica-aluminiowa-alessio-1\\\/#primaryimage\"},\"image\":{\"@id\":\"https:\\\/\\\/worldofflowerpots.com\\\/sklep\\\/kwadratowa-donica-aluminiowa-alessio-1\\\/#primaryimage\"},\"thumbnailUrl\":\"https:\\\/\\\/worldofflowerpots.com\\\/wp-content\\\/uploads\\\/2019\\\/01\\\/Donica-aluminiowa-Alessio_2-1.jpg\",\"datePublished\":\"2019-01-18T14:11:58+00:00\",\"dateModified\":\"2019-04-05T08:40:39+00:00\",\"description\":\"Kwadratowa donica aluminiowa Alessio 1 b\u0119dzie dobrym wyborem dla mi\u0142o\u015bnik\u00f3w prostoty i elegancji. Donica aluminiowa Alessio 1 podbija \u015bwiatowe ogrody.\",\"breadcrumb\":{\"@id\":\"https:\\\/\\\/worldofflowerpots.com\\\/sklep\\\/kwadratowa-donica-aluminiowa-alessio-1\\\/#breadcrumb\"},\"inLanguage\":\"pl-PL\",\"potentialAction\":[{\"@type\":\"ReadAction\",\"target\":[\"https:\\\/\\\/worldofflowerpots.com\\\/sklep\\\/kwadratowa-donica-aluminiowa-alessio-1\\\/\"]}]},{\"@type\":\"ImageObject\",\"inLanguage\":\"pl-PL\",\"@id\":\"https:\\\/\\\/worldofflowerpots.com\\\/sklep\\\/kwadratowa-donica-aluminiowa-alessio-1\\\/#primaryimage\",\"url\":\"https:\\\/\\\/worldofflowerpots.com\\\/wp-content\\\/uploads\\\/2019\\\/01\\\/Donica-aluminiowa-Alessio_2-1.jpg\",\"contentUrl\":\"https:\\\/\\\/worldofflowerpots.com\\\/wp-content\\\/uploads\\\/2019\\\/01\\\/Donica-aluminiowa-Alessio_2-1.jpg\",\"width\":2280,\"height\":1612},{\"@type\":\"BreadcrumbList\",\"@id\":\"https:\\\/\\\/worldofflowerpots.com\\\/sklep\\\/kwadratowa-donica-aluminiowa-alessio-1\\\/#breadcrumb\",\"itemListElement\":[{\"@type\":\"ListItem\",\"position\":1,\"name\":\"Strona g\u0142\u00f3wna\",\"item\":\"https:\\\/\\\/worldofflowerpots.com\\\/\"},{\"@type\":\"ListItem\",\"position\":2,\"name\":\"Sklep\",\"item\":\"https:\\\/\\\/worldofflowerpots.com\\\/sklep\\\/\"},{\"@type\":\"ListItem\",\"position\":3,\"name\":\"Kwadratowa donica aluminiowa Alessio 1\"}]},{\"@type\":\"WebSite\",\"@id\":\"https:\\\/\\\/worldofflowerpots.com\\\/#website\",\"url\":\"https:\\\/\\\/worldofflowerpots.com\\\/\",\"name\":\"World of Flowerpots\",\"description\":\"producent donic ozdobnych\",\"potentialAction\":[{\"@type\":\"SearchAction\",\"target\":{\"@type\":\"EntryPoint\",\"urlTemplate\":\"https:\\\/\\\/worldofflowerpots.com\\\/?s={search_term_string}\"},\"query-input\":{\"@type\":\"PropertyValueSpecification\",\"valueRequired\":true,\"valueName\":\"search_term_string\"}}],\"inLanguage\":\"pl-PL\"}]}<\/script>\n<!-- \/ Yoast SEO plugin. -->","yoast_head_json":{"title":"Kwadratowa donica aluminiowa Alessio 1 - Klasyczne i Eleganckie","description":"Kwadratowa donica aluminiowa Alessio 1 b\u0119dzie dobrym wyborem dla mi\u0142o\u015bnik\u00f3w prostoty i elegancji. Donica aluminiowa Alessio 1 podbija \u015bwiatowe ogrody.","robots":{"index":"index","follow":"follow","max-snippet":"max-snippet:-1","max-image-preview":"max-image-preview:large","max-video-preview":"max-video-preview:-1"},"canonical":"https:\/\/worldofflowerpots.com\/sklep\/kwadratowa-donica-aluminiowa-alessio-1\/","og_locale":"pl_PL","og_type":"article","og_title":"Kwadratowa donica aluminiowa Alessio 1 - Klasyczne i Eleganckie","og_description":"Kwadratowa donica aluminiowa Alessio 1 b\u0119dzie dobrym wyborem dla mi\u0142o\u015bnik\u00f3w prostoty i elegancji. Donica aluminiowa Alessio 1 podbija \u015bwiatowe ogrody.","og_url":"https:\/\/worldofflowerpots.com\/sklep\/kwadratowa-donica-aluminiowa-alessio-1\/","og_site_name":"World of Flowerpots","article_modified_time":"2019-04-05T08:40:39+00:00","og_image":[{"width":2280,"height":1612,"url":"https:\/\/worldofflowerpots.com\/wp-content\/uploads\/2019\/01\/Donica-aluminiowa-Alessio_2-1.jpg","type":"image\/jpeg"}],"twitter_card":"summary_large_image","twitter_misc":{"Szacowany czas czytania":"2 minuty"},"schema":{"@context":"https:\/\/schema.org","@graph":[{"@type":"WebPage","@id":"https:\/\/worldofflowerpots.com\/sklep\/kwadratowa-donica-aluminiowa-alessio-1\/","url":"https:\/\/worldofflowerpots.com\/sklep\/kwadratowa-donica-aluminiowa-alessio-1\/","name":"Kwadratowa donica aluminiowa Alessio 1 - Klasyczne i Eleganckie","isPartOf":{"@id":"https:\/\/worldofflowerpots.com\/#website"},"primaryImageOfPage":{"@id":"https:\/\/worldofflowerpots.com\/sklep\/kwadratowa-donica-aluminiowa-alessio-1\/#primaryimage"},"image":{"@id":"https:\/\/worldofflowerpots.com\/sklep\/kwadratowa-donica-aluminiowa-alessio-1\/#primaryimage"},"thumbnailUrl":"https:\/\/worldofflowerpots.com\/wp-content\/uploads\/2019\/01\/Donica-aluminiowa-Alessio_2-1.jpg","datePublished":"2019-01-18T14:11:58+00:00","dateModified":"2019-04-05T08:40:39+00:00","description":"Kwadratowa donica aluminiowa Alessio 1 b\u0119dzie dobrym wyborem dla mi\u0142o\u015bnik\u00f3w prostoty i elegancji. Donica aluminiowa Alessio 1 podbija \u015bwiatowe ogrody.","breadcrumb":{"@id":"https:\/\/worldofflowerpots.com\/sklep\/kwadratowa-donica-aluminiowa-alessio-1\/#breadcrumb"},"inLanguage":"pl-PL","potentialAction":[{"@type":"ReadAction","target":["https:\/\/worldofflowerpots.com\/sklep\/kwadratowa-donica-aluminiowa-alessio-1\/"]}]},{"@type":"ImageObject","inLanguage":"pl-PL","@id":"https:\/\/worldofflowerpots.com\/sklep\/kwadratowa-donica-aluminiowa-alessio-1\/#primaryimage","url":"https:\/\/worldofflowerpots.com\/wp-content\/uploads\/2019\/01\/Donica-aluminiowa-Alessio_2-1.jpg","contentUrl":"https:\/\/worldofflowerpots.com\/wp-content\/uploads\/2019\/01\/Donica-aluminiowa-Alessio_2-1.jpg","width":2280,"height":1612},{"@type":"BreadcrumbList","@id":"https:\/\/worldofflowerpots.com\/sklep\/kwadratowa-donica-aluminiowa-alessio-1\/#breadcrumb","itemListElement":[{"@type":"ListItem","position":1,"name":"Strona g\u0142\u00f3wna","item":"https:\/\/worldofflowerpots.com\/"},{"@type":"ListItem","position":2,"name":"Sklep","item":"https:\/\/worldofflowerpots.com\/sklep\/"},{"@type":"ListItem","position":3,"name":"Kwadratowa donica aluminiowa Alessio 1"}]},{"@type":"WebSite","@id":"https:\/\/worldofflowerpots.com\/#website","url":"https:\/\/worldofflowerpots.com\/","name":"World of Flowerpots","description":"producent donic ozdobnych","potentialAction":[{"@type":"SearchAction","target":{"@type":"EntryPoint","urlTemplate":"https:\/\/worldofflowerpots.com\/?s={search_term_string}"},"query-input":{"@type":"PropertyValueSpecification","valueRequired":true,"valueName":"search_term_string"}}],"inLanguage":"pl-PL"}]}},"_links":{"self":[{"href":"https:\/\/worldofflowerpots.com\/pl\/wp-json\/wp\/v2\/product\/50935","targetHints":{"allow":["GET"]}}],"collection":[{"href":"https:\/\/worldofflowerpots.com\/pl\/wp-json\/wp\/v2\/product"}],"about":[{"href":"https:\/\/worldofflowerpots.com\/pl\/wp-json\/wp\/v2\/types\/product"}],"wp:featuredmedia":[{"embeddable":true,"href":"https:\/\/worldofflowerpots.com\/pl\/wp-json\/wp\/v2\/media\/57484"}],"wp:attachment":[{"href":"https:\/\/worldofflowerpots.com\/pl\/wp-json\/wp\/v2\/media?parent=50935"}],"wp:term":[{"taxonomy":"product_brand","embeddable":true,"href":"https:\/\/worldofflowerpots.com\/pl\/wp-json\/wp\/v2\/product_brand?post=50935"},{"taxonomy":"product_cat","embeddable":true,"href":"https:\/\/worldofflowerpots.com\/pl\/wp-json\/wp\/v2\/product_cat?post=50935"},{"taxonomy":"product_tag","embeddable":true,"href":"https:\/\/worldofflowerpots.com\/pl\/wp-json\/wp\/v2\/product_tag?post=50935"}],"curies":[{"name":"wp","href":"https:\/\/api.w.org\/{rel}","templated":true}]}}