{"id":50936,"date":"2019-01-18T15:11:58","date_gmt":"2019-01-18T14:11:58","guid":{"rendered":"https:\/\/worldofflowerpots.com\/product\/import-placeholder-for-256\/"},"modified":"2019-04-12T12:27:01","modified_gmt":"2019-04-12T10:27:01","slug":"donica-aluminiowa-alessio-2","status":"publish","type":"product","link":"https:\/\/worldofflowerpots.com\/pl\/sklep\/donica-aluminiowa-alessio-2\/","title":{"rendered":"Donica aluminiowa Alessio 2"},"content":{"rendered":"<h2><strong>Donica aluminiowa Alessio 2<\/strong><\/h2>\n<p>Prezentowany produkt to wysokojako\u015bciowa donica aluminiowa, kt\u00f3ra wyr\u00f3\u017cnia si\u0119 nie tylko wysok\u0105 wytrzyma\u0142o\u015bci\u0105, ale r\u00f3wnie\u017c dekoracyjnym designem. Jest to produkt najwy\u017cszej klasy, kt\u00f3ry usatysfakcjonuje nawet najbardziej wymagaj\u0105cych u\u017cytkownik\u00f3w. Proponowany produkt wyst\u0119puje we wszystkich kolorach znajduj\u0105cych si\u0119 w palecie RAL. Szeroki wyb\u00f3r sprawia, \u017ce ka\u017cdy znajdzie wariant odpowiedni dla siebie.<\/p>\n<p>Minimalistyczna donica wykonana z aluminium to \u015bwietna opcja na taras, balkon, czy te\u017c do ogrodu. Jej staranne wykonanie sprawia, \u017ce jest to produkt nie tylko praktyczny, ale r\u00f3wnie\u017c ozdobny. Ci\u0119\u017cko przej\u015b\u0107 obok niej oboj\u0119tnie. Za jej pomoc\u0105 mo\u017cna stworzy\u0107 unikatow\u0105 kompozycj\u0119 kwiatow\u0105, kt\u00f3ra b\u0119dzie prezentowa\u0107 si\u0119 przepi\u0119knie niezale\u017cnie od otoczenia.<\/p>\n<h2><strong>Ponadczasowa i uniwersalna<\/strong><\/h2>\n<p>Proponowana donica aluminiowa charakteryzuje si\u0119 wysok\u0105 wytrzyma\u0142o\u015bci\u0105. Jest to produkt ponadprzeci\u0119tnie trwa\u0142y, kt\u00f3ry przetrwa nawet najci\u0119\u017csze warunki eksploatacji. Donica jest odporna na wysokie i niskie temperatury, wiatr, deszcz, czy te\u017c promieniowanie s\u0142oneczne. Mo\u017ce znajdowa\u0107 si\u0119 na zewn\u0105trz nawet zim\u0105. Warto wspomnie\u0107, \u017ce jest ona do\u015b\u0107 ci\u0119\u017cka (20 kg), co przek\u0142ada si\u0119 na jej wysok\u0105 stabilno\u015b\u0107. Nie trzeba obawia\u0107 si\u0119, \u017ce zostanie ona przewr\u00f3cona podczas wichury.<\/p>\n<p>Opisywana donica aluminiowa o sporych gabarytach b\u0119dzie doskona\u0142ym uzupe\u0142nieniem ma\u0142ej architektury. Doskonale sprawdzi si\u0119 ona nie tylko na przestrzeniach prywatnych, ale r\u00f3wnie\u017c w miejscach u\u017cyteczno\u015bci publicznej np. restauracjach, hotelach, czy te\u017c przedsi\u0119biorstwach.<\/p>\n<h2><strong>Pi\u0119kna oprawa ro\u015blin<\/strong><\/h2>\n<p>Solidna donica z aluminium prezentuje si\u0119 wyj\u0105tkowo nowocze\u015bnie. Jest to model o nieco surowej stylistyce, dzi\u0119ki czemu b\u0119dzie on doskona\u0142y do modernistycznych aran\u017cacji. Bez problemu wkomponujemy go w otoczenie. Pasuje on zar\u00f3wno do mebli ogrodowych wsp\u00f3\u0142czesnych, jak i tradycyjnych. Wszystko zale\u017cy od naszych osobistych upodoba\u0144.<\/p>\n<p>Designerska donica to inwestycja na d\u0142ugie lata. Jest to najlepszy zakup, je\u015bli cenimy sobie produkty o wysokiej \u017cywotno\u015bci. Oferowana donica zachowa swoj\u0105 pierwotn\u0105 form\u0119 d\u0142ugie lata. Dzi\u0119ki niej stworzymy nowatorsk\u0105 aran\u017cacj\u0119 przestrzeni. Jest to model relatywnie prosty i minimalistyczny, a zarazem efektowny. Przykuwa wzrok wszystkich znajduj\u0105cych si\u0119 wok\u00f3\u0142. Pomimo sporych rozmiar\u00f3w z \u0142atwo\u015bci\u0105 mo\u017cna przesun\u0105\u0107 donic\u0119 w wybrane miejsce.<\/p>\n","protected":false},"excerpt":{"rendered":"<p>Donica aluminiowa Alessio 2 produkowana jest we wszystkich kolorach palety RAL. Donica produkowana jest w standardzie z otworami odp\u0142ywowymi. Waga to :20kg, a wymiary : d\u0142ugo\u015b\u0107:50cm, wysoko\u015b\u0107:50cm, wysoko\u015b\u0107:100cm. Zalecane stosowanie jako donica tarasowa.<\/p>\n","protected":false},"featured_media":57484,"template":"","meta":{"_acf_changed":false},"product_brand":[],"product_cat":[116],"product_tag":[446,448,444,447,451],"class_list":{"0":"post-50936","1":"product","2":"type-product","3":"status-publish","4":"has-post-thumbnail","6":"product_cat-donice-z-aluminium","7":"product_tag-donice-aluminiowe","8":"product_tag-donice-balkonowe","9":"product_tag-donice-ogrodowe","10":"product_tag-donice-tarasowe","11":"product_tag-donice-wewnetrzne","12":"description-off","13":"tm-has-options","15":"first","16":"instock","17":"shipping-taxable","18":"purchasable","19":"product-type-simple"},"acf":[],"yoast_head":"<!-- This site is optimized with the Yoast SEO plugin v27.5 - https:\/\/yoast.com\/product\/yoast-seo-wordpress\/ -->\n<title>Donica Aluminiowa Alessio 2 Tarasowa i Balkonowa<\/title>\n<meta name=\"description\" content=\"Prezentowany produkt to wysokojako\u015bciowa donica aluminiowa, kt\u00f3ra wyr\u00f3\u017cnia si\u0119 nie tylko wysok\u0105 wytrzyma\u0142o\u015bci\u0105, ale r\u00f3wnie\u017c dekoracyjnym designem.\" \/>\n<meta name=\"robots\" content=\"index, follow, max-snippet:-1, max-image-preview:large, max-video-preview:-1\" \/>\n<link rel=\"canonical\" href=\"https:\/\/worldofflowerpots.com\/sklep\/donica-aluminiowa-alessio-2\/\" \/>\n<meta property=\"og:locale\" content=\"pl_PL\" \/>\n<meta property=\"og:type\" content=\"article\" \/>\n<meta property=\"og:title\" content=\"Donica Aluminiowa Alessio 2 Tarasowa i Balkonowa\" \/>\n<meta property=\"og:description\" content=\"Prezentowany produkt to wysokojako\u015bciowa donica aluminiowa, kt\u00f3ra wyr\u00f3\u017cnia si\u0119 nie tylko wysok\u0105 wytrzyma\u0142o\u015bci\u0105, ale r\u00f3wnie\u017c dekoracyjnym designem.\" \/>\n<meta property=\"og:url\" content=\"https:\/\/worldofflowerpots.com\/sklep\/donica-aluminiowa-alessio-2\/\" \/>\n<meta property=\"og:site_name\" content=\"World of Flowerpots\" \/>\n<meta property=\"article:modified_time\" content=\"2019-04-12T10:27:01+00:00\" \/>\n<meta property=\"og:image\" content=\"https:\/\/worldofflowerpots.com\/wp-content\/uploads\/2019\/01\/Donica-aluminiowa-Alessio_2-1.jpg\" \/>\n\t<meta property=\"og:image:width\" content=\"2280\" \/>\n\t<meta property=\"og:image:height\" content=\"1612\" \/>\n\t<meta property=\"og:image:type\" content=\"image\/jpeg\" \/>\n<meta name=\"twitter:card\" content=\"summary_large_image\" \/>\n<meta name=\"twitter:label1\" content=\"Szacowany czas czytania\" \/>\n\t<meta name=\"twitter:data1\" content=\"2 minuty\" \/>\n<script type=\"application\/ld+json\" class=\"yoast-schema-graph\">{\"@context\":\"https:\\\/\\\/schema.org\",\"@graph\":[{\"@type\":\"WebPage\",\"@id\":\"https:\\\/\\\/worldofflowerpots.com\\\/sklep\\\/donica-aluminiowa-alessio-2\\\/\",\"url\":\"https:\\\/\\\/worldofflowerpots.com\\\/sklep\\\/donica-aluminiowa-alessio-2\\\/\",\"name\":\"Donica Aluminiowa Alessio 2 Tarasowa i Balkonowa\",\"isPartOf\":{\"@id\":\"https:\\\/\\\/worldofflowerpots.com\\\/#website\"},\"primaryImageOfPage\":{\"@id\":\"https:\\\/\\\/worldofflowerpots.com\\\/sklep\\\/donica-aluminiowa-alessio-2\\\/#primaryimage\"},\"image\":{\"@id\":\"https:\\\/\\\/worldofflowerpots.com\\\/sklep\\\/donica-aluminiowa-alessio-2\\\/#primaryimage\"},\"thumbnailUrl\":\"https:\\\/\\\/worldofflowerpots.com\\\/wp-content\\\/uploads\\\/2019\\\/01\\\/Donica-aluminiowa-Alessio_2-1.jpg\",\"datePublished\":\"2019-01-18T14:11:58+00:00\",\"dateModified\":\"2019-04-12T10:27:01+00:00\",\"description\":\"Prezentowany produkt to wysokojako\u015bciowa donica aluminiowa, kt\u00f3ra wyr\u00f3\u017cnia si\u0119 nie tylko wysok\u0105 wytrzyma\u0142o\u015bci\u0105, ale r\u00f3wnie\u017c dekoracyjnym designem.\",\"breadcrumb\":{\"@id\":\"https:\\\/\\\/worldofflowerpots.com\\\/sklep\\\/donica-aluminiowa-alessio-2\\\/#breadcrumb\"},\"inLanguage\":\"pl-PL\",\"potentialAction\":[{\"@type\":\"ReadAction\",\"target\":[\"https:\\\/\\\/worldofflowerpots.com\\\/sklep\\\/donica-aluminiowa-alessio-2\\\/\"]}]},{\"@type\":\"ImageObject\",\"inLanguage\":\"pl-PL\",\"@id\":\"https:\\\/\\\/worldofflowerpots.com\\\/sklep\\\/donica-aluminiowa-alessio-2\\\/#primaryimage\",\"url\":\"https:\\\/\\\/worldofflowerpots.com\\\/wp-content\\\/uploads\\\/2019\\\/01\\\/Donica-aluminiowa-Alessio_2-1.jpg\",\"contentUrl\":\"https:\\\/\\\/worldofflowerpots.com\\\/wp-content\\\/uploads\\\/2019\\\/01\\\/Donica-aluminiowa-Alessio_2-1.jpg\",\"width\":2280,\"height\":1612},{\"@type\":\"BreadcrumbList\",\"@id\":\"https:\\\/\\\/worldofflowerpots.com\\\/sklep\\\/donica-aluminiowa-alessio-2\\\/#breadcrumb\",\"itemListElement\":[{\"@type\":\"ListItem\",\"position\":1,\"name\":\"Strona g\u0142\u00f3wna\",\"item\":\"https:\\\/\\\/worldofflowerpots.com\\\/\"},{\"@type\":\"ListItem\",\"position\":2,\"name\":\"Sklep\",\"item\":\"https:\\\/\\\/worldofflowerpots.com\\\/sklep\\\/\"},{\"@type\":\"ListItem\",\"position\":3,\"name\":\"Donica aluminiowa Alessio 2\"}]},{\"@type\":\"WebSite\",\"@id\":\"https:\\\/\\\/worldofflowerpots.com\\\/#website\",\"url\":\"https:\\\/\\\/worldofflowerpots.com\\\/\",\"name\":\"World of Flowerpots\",\"description\":\"producent donic ozdobnych\",\"potentialAction\":[{\"@type\":\"SearchAction\",\"target\":{\"@type\":\"EntryPoint\",\"urlTemplate\":\"https:\\\/\\\/worldofflowerpots.com\\\/?s={search_term_string}\"},\"query-input\":{\"@type\":\"PropertyValueSpecification\",\"valueRequired\":true,\"valueName\":\"search_term_string\"}}],\"inLanguage\":\"pl-PL\"}]}<\/script>\n<!-- \/ Yoast SEO plugin. -->","yoast_head_json":{"title":"Donica Aluminiowa Alessio 2 Tarasowa i Balkonowa","description":"Prezentowany produkt to wysokojako\u015bciowa donica aluminiowa, kt\u00f3ra wyr\u00f3\u017cnia si\u0119 nie tylko wysok\u0105 wytrzyma\u0142o\u015bci\u0105, ale r\u00f3wnie\u017c dekoracyjnym designem.","robots":{"index":"index","follow":"follow","max-snippet":"max-snippet:-1","max-image-preview":"max-image-preview:large","max-video-preview":"max-video-preview:-1"},"canonical":"https:\/\/worldofflowerpots.com\/sklep\/donica-aluminiowa-alessio-2\/","og_locale":"pl_PL","og_type":"article","og_title":"Donica Aluminiowa Alessio 2 Tarasowa i Balkonowa","og_description":"Prezentowany produkt to wysokojako\u015bciowa donica aluminiowa, kt\u00f3ra wyr\u00f3\u017cnia si\u0119 nie tylko wysok\u0105 wytrzyma\u0142o\u015bci\u0105, ale r\u00f3wnie\u017c dekoracyjnym designem.","og_url":"https:\/\/worldofflowerpots.com\/sklep\/donica-aluminiowa-alessio-2\/","og_site_name":"World of Flowerpots","article_modified_time":"2019-04-12T10:27:01+00:00","og_image":[{"width":2280,"height":1612,"url":"https:\/\/worldofflowerpots.com\/wp-content\/uploads\/2019\/01\/Donica-aluminiowa-Alessio_2-1.jpg","type":"image\/jpeg"}],"twitter_card":"summary_large_image","twitter_misc":{"Szacowany czas czytania":"2 minuty"},"schema":{"@context":"https:\/\/schema.org","@graph":[{"@type":"WebPage","@id":"https:\/\/worldofflowerpots.com\/sklep\/donica-aluminiowa-alessio-2\/","url":"https:\/\/worldofflowerpots.com\/sklep\/donica-aluminiowa-alessio-2\/","name":"Donica Aluminiowa Alessio 2 Tarasowa i Balkonowa","isPartOf":{"@id":"https:\/\/worldofflowerpots.com\/#website"},"primaryImageOfPage":{"@id":"https:\/\/worldofflowerpots.com\/sklep\/donica-aluminiowa-alessio-2\/#primaryimage"},"image":{"@id":"https:\/\/worldofflowerpots.com\/sklep\/donica-aluminiowa-alessio-2\/#primaryimage"},"thumbnailUrl":"https:\/\/worldofflowerpots.com\/wp-content\/uploads\/2019\/01\/Donica-aluminiowa-Alessio_2-1.jpg","datePublished":"2019-01-18T14:11:58+00:00","dateModified":"2019-04-12T10:27:01+00:00","description":"Prezentowany produkt to wysokojako\u015bciowa donica aluminiowa, kt\u00f3ra wyr\u00f3\u017cnia si\u0119 nie tylko wysok\u0105 wytrzyma\u0142o\u015bci\u0105, ale r\u00f3wnie\u017c dekoracyjnym designem.","breadcrumb":{"@id":"https:\/\/worldofflowerpots.com\/sklep\/donica-aluminiowa-alessio-2\/#breadcrumb"},"inLanguage":"pl-PL","potentialAction":[{"@type":"ReadAction","target":["https:\/\/worldofflowerpots.com\/sklep\/donica-aluminiowa-alessio-2\/"]}]},{"@type":"ImageObject","inLanguage":"pl-PL","@id":"https:\/\/worldofflowerpots.com\/sklep\/donica-aluminiowa-alessio-2\/#primaryimage","url":"https:\/\/worldofflowerpots.com\/wp-content\/uploads\/2019\/01\/Donica-aluminiowa-Alessio_2-1.jpg","contentUrl":"https:\/\/worldofflowerpots.com\/wp-content\/uploads\/2019\/01\/Donica-aluminiowa-Alessio_2-1.jpg","width":2280,"height":1612},{"@type":"BreadcrumbList","@id":"https:\/\/worldofflowerpots.com\/sklep\/donica-aluminiowa-alessio-2\/#breadcrumb","itemListElement":[{"@type":"ListItem","position":1,"name":"Strona g\u0142\u00f3wna","item":"https:\/\/worldofflowerpots.com\/"},{"@type":"ListItem","position":2,"name":"Sklep","item":"https:\/\/worldofflowerpots.com\/sklep\/"},{"@type":"ListItem","position":3,"name":"Donica aluminiowa Alessio 2"}]},{"@type":"WebSite","@id":"https:\/\/worldofflowerpots.com\/#website","url":"https:\/\/worldofflowerpots.com\/","name":"World of Flowerpots","description":"producent donic ozdobnych","potentialAction":[{"@type":"SearchAction","target":{"@type":"EntryPoint","urlTemplate":"https:\/\/worldofflowerpots.com\/?s={search_term_string}"},"query-input":{"@type":"PropertyValueSpecification","valueRequired":true,"valueName":"search_term_string"}}],"inLanguage":"pl-PL"}]}},"_links":{"self":[{"href":"https:\/\/worldofflowerpots.com\/pl\/wp-json\/wp\/v2\/product\/50936","targetHints":{"allow":["GET"]}}],"collection":[{"href":"https:\/\/worldofflowerpots.com\/pl\/wp-json\/wp\/v2\/product"}],"about":[{"href":"https:\/\/worldofflowerpots.com\/pl\/wp-json\/wp\/v2\/types\/product"}],"wp:featuredmedia":[{"embeddable":true,"href":"https:\/\/worldofflowerpots.com\/pl\/wp-json\/wp\/v2\/media\/57484"}],"wp:attachment":[{"href":"https:\/\/worldofflowerpots.com\/pl\/wp-json\/wp\/v2\/media?parent=50936"}],"wp:term":[{"taxonomy":"product_brand","embeddable":true,"href":"https:\/\/worldofflowerpots.com\/pl\/wp-json\/wp\/v2\/product_brand?post=50936"},{"taxonomy":"product_cat","embeddable":true,"href":"https:\/\/worldofflowerpots.com\/pl\/wp-json\/wp\/v2\/product_cat?post=50936"},{"taxonomy":"product_tag","embeddable":true,"href":"https:\/\/worldofflowerpots.com\/pl\/wp-json\/wp\/v2\/product_tag?post=50936"}],"curies":[{"name":"wp","href":"https:\/\/api.w.org\/{rel}","templated":true}]}}