{"id":50944,"date":"2019-01-18T15:12:21","date_gmt":"2019-01-18T14:12:21","guid":{"rendered":"https:\/\/worldofflowerpots.com\/product\/import-placeholder-for-257\/"},"modified":"2019-04-05T10:06:56","modified_gmt":"2019-04-05T08:06:56","slug":"kwadratowa-donica-z-aluminium-alessio-3","status":"publish","type":"product","link":"https:\/\/worldofflowerpots.com\/pl\/sklep\/kwadratowa-donica-z-aluminium-alessio-3\/","title":{"rendered":"Kwadratowa donica z aluminium Alessio 3"},"content":{"rendered":"<h2><strong>Ciekawa aran\u017cacja przestrzeni<\/strong><\/h2>\n<p>\u015awietnej jako\u015bci kwadratowa donica z aluminium to idealna propozycja dla os\u00f3b, kt\u00f3re ceni\u0105 sobie stylowy design oraz precyzyjne wykonanie. Jest to model \u0142\u0105cz\u0105cy funkcjonalno\u015b\u0107 oraz ozdobne wzornictwo. Posiadaj\u0105c tak\u0105 donic\u0119 mo\u017cna stworzy\u0107 nieprzeci\u0119tn\u0105 aran\u017cacj\u0119 balonu, tarasu, werandy, czy te\u017c ogrodu. Jest to model idealny r\u00f3wnie\u017c do obiekt\u00f3w komercyjnych. B\u0119dzie to wspania\u0142a dekoracja firmy, hotelu, czy te\u017c restauracji.<\/p>\n<p>Kwadratowa donica z aluminium o \u015brednich gabarytach (22 kg) to inwestycja na d\u0142ugie lata. Jest to produkt, kt\u00f3ry powsta\u0142 z my\u015bl\u0105 o najbardziej wymagaj\u0105cych osobach. Aluminium to tworzywo o podwy\u017cszonej trwa\u0142o\u015bci. To w\u0142a\u015bnie dlatego bez najmniejszego problemu mo\u017ce by\u0107 ono wyeksponowane na oddzia\u0142ywanie czynnik\u00f3w zewn\u0119trznych, takich jak np. zmienne temperatury, deszcz, wiatr, czy te\u017c promieniowanie s\u0142oneczne. Nawet najci\u0119\u017csze warunki pogodowe nie wp\u0142yn\u0105 negatywnie na stan proponowanej donicy. Przez ca\u0142y okres u\u017cytkowania zachowa ona sw\u00f3j pierwotny wygl\u0105d.<\/p>\n<h2><strong>Wytrzyma\u0142a pi\u0119kno\u015b\u0107<\/strong><\/h2>\n<p>Przepi\u0119kna kwadratowa donica z aluminium dost\u0119pna jest w r\u00f3\u017cnych wersjach kolorystycznych, tak wi\u0119c ka\u017cdy znajdzie co\u015b odpowiedniego dla siebie. Jej wyj\u0105tkowa wytrzyma\u0142o\u015b\u0107 sprawia, \u017ce niezawodnie pos\u0142u\u017cy ona przez d\u0142ugi czas. Proponowana donica z aluminium odporna jest na wgniecenie, p\u0119kni\u0119cia, czy te\u017c zarysowania. Tworzywo to nie wymaga r\u00f3wnie\u017c specjalnej piel\u0119gnacji, co stanowi ogromn\u0105 zalet\u0119.<\/p>\n<p>Stabilna donica daje wiele mo\u017cliwo\u015bci aran\u017cacyjnych. Jest to produkt do\u015b\u0107 masywny, kt\u00f3ry przepi\u0119knie kontrastuje z delikatnymi kwiatami. Oczywi\u015bcie wszystko zale\u017cy wy\u0142\u0105cznie od naszych indywidualnych preferencji. Trzeba wspomnie\u0107, \u017ce pomimo swojej wagi jest to model, kt\u00f3ry mo\u017cemy swobodnie przesun\u0105\u0107 w po\u017c\u0105dane miejsce.<\/p>\n<h2><strong>Ma\u0142a \u2013 wielka architektura<\/strong><\/h2>\n<p>Oferowana donica z aluminium to model nowoczesny, kt\u00f3ry najlepiej prezentuje si\u0119 w tego typu aran\u017cacjach. Bez trudu wkomponujemy j\u0105 w niemal ka\u017cde otoczenie. Prosta forma jest w tym przypadku sporym atutem. Nale\u017cy podkre\u015bli\u0107, \u017ce \u015bcianki donicy s\u0105 niezwykle cienkie, dzi\u0119ki czemu prezentuje si\u0119 ona wyj\u0105tkowo efektownie. Taki design z pewno\u015bci\u0105 przypadnie do gustu mi\u0142o\u015bnikom nowatorskiego wzornictwa. Produkt rzuca si\u0119 w oczy, wi\u0119c ci\u0119\u017cko przej\u015b\u0107 obok niego oboj\u0119tnie. Bior\u0105c pod uwag\u0119 wszystkie zalety produktu, to cena zakupu jest niezwykle ekonomiczna.<\/p>\n","protected":false},"excerpt":{"rendered":"<p>Donica aluminiowa Alessio 3 produkowana jest we wszystkich kolorach palety RAL. Donica produkowana jest w standardzie z otworami odp\u0142ywowymi. Waga to: 22kg, a wymiary : d\u0142ugo\u015b\u0107:70cm, szeroko\u015b\u0107:70cm, wysoko\u015b\u0107:70cm. Zalecane stosowanie jako donica tarasowa.<\/p>\n","protected":false},"featured_media":57404,"template":"","meta":{"_acf_changed":false},"product_brand":[],"product_cat":[116],"product_tag":[446,448,444,447,451],"class_list":{"0":"post-50944","1":"product","2":"type-product","3":"status-publish","4":"has-post-thumbnail","6":"product_cat-donice-z-aluminium","7":"product_tag-donice-aluminiowe","8":"product_tag-donice-balkonowe","9":"product_tag-donice-ogrodowe","10":"product_tag-donice-tarasowe","11":"product_tag-donice-wewnetrzne","12":"description-off","13":"tm-has-options","15":"first","16":"instock","17":"shipping-taxable","18":"purchasable","19":"product-type-simple"},"acf":[],"yoast_head":"<!-- This site is optimized with the Yoast SEO plugin v27.5 - https:\/\/yoast.com\/product\/yoast-seo-wordpress\/ -->\n<title>Kwadratowa donica z aluminium Alessio 3 - Dekoracyjna<\/title>\n<meta name=\"description\" content=\"\u015awietnej jako\u015bci kwadratowa donica z aluminium to idealna propozycja dla os\u00f3b, kt\u00f3re ceni\u0105 sobie stylowy design oraz precyzyjne wykonanie.\" \/>\n<meta name=\"robots\" content=\"index, follow, max-snippet:-1, max-image-preview:large, max-video-preview:-1\" \/>\n<link rel=\"canonical\" href=\"https:\/\/worldofflowerpots.com\/sklep\/kwadratowa-donica-z-aluminium-alessio-3\/\" \/>\n<meta property=\"og:locale\" content=\"pl_PL\" \/>\n<meta property=\"og:type\" content=\"article\" \/>\n<meta property=\"og:title\" content=\"Kwadratowa donica z aluminium Alessio 3 - Dekoracyjna\" \/>\n<meta property=\"og:description\" content=\"\u015awietnej jako\u015bci kwadratowa donica z aluminium to idealna propozycja dla os\u00f3b, kt\u00f3re ceni\u0105 sobie stylowy design oraz precyzyjne wykonanie.\" \/>\n<meta property=\"og:url\" content=\"https:\/\/worldofflowerpots.com\/sklep\/kwadratowa-donica-z-aluminium-alessio-3\/\" \/>\n<meta property=\"og:site_name\" content=\"World of Flowerpots\" \/>\n<meta property=\"article:modified_time\" content=\"2019-04-05T08:06:56+00:00\" \/>\n<meta property=\"og:image\" content=\"https:\/\/worldofflowerpots.com\/wp-content\/uploads\/2019\/01\/Kwadratowa-donica-z-aluminium-Alessio_3-1.jpg\" \/>\n\t<meta property=\"og:image:width\" content=\"2280\" \/>\n\t<meta property=\"og:image:height\" content=\"1612\" \/>\n\t<meta property=\"og:image:type\" content=\"image\/jpeg\" \/>\n<meta name=\"twitter:card\" content=\"summary_large_image\" \/>\n<meta name=\"twitter:label1\" content=\"Szacowany czas czytania\" \/>\n\t<meta name=\"twitter:data1\" content=\"2 minuty\" \/>\n<script type=\"application\/ld+json\" class=\"yoast-schema-graph\">{\"@context\":\"https:\\\/\\\/schema.org\",\"@graph\":[{\"@type\":\"WebPage\",\"@id\":\"https:\\\/\\\/worldofflowerpots.com\\\/sklep\\\/kwadratowa-donica-z-aluminium-alessio-3\\\/\",\"url\":\"https:\\\/\\\/worldofflowerpots.com\\\/sklep\\\/kwadratowa-donica-z-aluminium-alessio-3\\\/\",\"name\":\"Kwadratowa donica z aluminium Alessio 3 - Dekoracyjna\",\"isPartOf\":{\"@id\":\"https:\\\/\\\/worldofflowerpots.com\\\/#website\"},\"primaryImageOfPage\":{\"@id\":\"https:\\\/\\\/worldofflowerpots.com\\\/sklep\\\/kwadratowa-donica-z-aluminium-alessio-3\\\/#primaryimage\"},\"image\":{\"@id\":\"https:\\\/\\\/worldofflowerpots.com\\\/sklep\\\/kwadratowa-donica-z-aluminium-alessio-3\\\/#primaryimage\"},\"thumbnailUrl\":\"https:\\\/\\\/worldofflowerpots.com\\\/wp-content\\\/uploads\\\/2019\\\/01\\\/Kwadratowa-donica-z-aluminium-Alessio_3-1.jpg\",\"datePublished\":\"2019-01-18T14:12:21+00:00\",\"dateModified\":\"2019-04-05T08:06:56+00:00\",\"description\":\"\u015awietnej jako\u015bci kwadratowa donica z aluminium to idealna propozycja dla os\u00f3b, kt\u00f3re ceni\u0105 sobie stylowy design oraz precyzyjne wykonanie.\",\"breadcrumb\":{\"@id\":\"https:\\\/\\\/worldofflowerpots.com\\\/sklep\\\/kwadratowa-donica-z-aluminium-alessio-3\\\/#breadcrumb\"},\"inLanguage\":\"pl-PL\",\"potentialAction\":[{\"@type\":\"ReadAction\",\"target\":[\"https:\\\/\\\/worldofflowerpots.com\\\/sklep\\\/kwadratowa-donica-z-aluminium-alessio-3\\\/\"]}]},{\"@type\":\"ImageObject\",\"inLanguage\":\"pl-PL\",\"@id\":\"https:\\\/\\\/worldofflowerpots.com\\\/sklep\\\/kwadratowa-donica-z-aluminium-alessio-3\\\/#primaryimage\",\"url\":\"https:\\\/\\\/worldofflowerpots.com\\\/wp-content\\\/uploads\\\/2019\\\/01\\\/Kwadratowa-donica-z-aluminium-Alessio_3-1.jpg\",\"contentUrl\":\"https:\\\/\\\/worldofflowerpots.com\\\/wp-content\\\/uploads\\\/2019\\\/01\\\/Kwadratowa-donica-z-aluminium-Alessio_3-1.jpg\",\"width\":2280,\"height\":1612},{\"@type\":\"BreadcrumbList\",\"@id\":\"https:\\\/\\\/worldofflowerpots.com\\\/sklep\\\/kwadratowa-donica-z-aluminium-alessio-3\\\/#breadcrumb\",\"itemListElement\":[{\"@type\":\"ListItem\",\"position\":1,\"name\":\"Strona g\u0142\u00f3wna\",\"item\":\"https:\\\/\\\/worldofflowerpots.com\\\/\"},{\"@type\":\"ListItem\",\"position\":2,\"name\":\"Sklep\",\"item\":\"https:\\\/\\\/worldofflowerpots.com\\\/sklep\\\/\"},{\"@type\":\"ListItem\",\"position\":3,\"name\":\"Kwadratowa donica z aluminium Alessio 3\"}]},{\"@type\":\"WebSite\",\"@id\":\"https:\\\/\\\/worldofflowerpots.com\\\/#website\",\"url\":\"https:\\\/\\\/worldofflowerpots.com\\\/\",\"name\":\"World of Flowerpots\",\"description\":\"producent donic ozdobnych\",\"potentialAction\":[{\"@type\":\"SearchAction\",\"target\":{\"@type\":\"EntryPoint\",\"urlTemplate\":\"https:\\\/\\\/worldofflowerpots.com\\\/?s={search_term_string}\"},\"query-input\":{\"@type\":\"PropertyValueSpecification\",\"valueRequired\":true,\"valueName\":\"search_term_string\"}}],\"inLanguage\":\"pl-PL\"}]}<\/script>\n<!-- \/ Yoast SEO plugin. -->","yoast_head_json":{"title":"Kwadratowa donica z aluminium Alessio 3 - Dekoracyjna","description":"\u015awietnej jako\u015bci kwadratowa donica z aluminium to idealna propozycja dla os\u00f3b, kt\u00f3re ceni\u0105 sobie stylowy design oraz precyzyjne wykonanie.","robots":{"index":"index","follow":"follow","max-snippet":"max-snippet:-1","max-image-preview":"max-image-preview:large","max-video-preview":"max-video-preview:-1"},"canonical":"https:\/\/worldofflowerpots.com\/sklep\/kwadratowa-donica-z-aluminium-alessio-3\/","og_locale":"pl_PL","og_type":"article","og_title":"Kwadratowa donica z aluminium Alessio 3 - Dekoracyjna","og_description":"\u015awietnej jako\u015bci kwadratowa donica z aluminium to idealna propozycja dla os\u00f3b, kt\u00f3re ceni\u0105 sobie stylowy design oraz precyzyjne wykonanie.","og_url":"https:\/\/worldofflowerpots.com\/sklep\/kwadratowa-donica-z-aluminium-alessio-3\/","og_site_name":"World of Flowerpots","article_modified_time":"2019-04-05T08:06:56+00:00","og_image":[{"width":2280,"height":1612,"url":"https:\/\/worldofflowerpots.com\/wp-content\/uploads\/2019\/01\/Kwadratowa-donica-z-aluminium-Alessio_3-1.jpg","type":"image\/jpeg"}],"twitter_card":"summary_large_image","twitter_misc":{"Szacowany czas czytania":"2 minuty"},"schema":{"@context":"https:\/\/schema.org","@graph":[{"@type":"WebPage","@id":"https:\/\/worldofflowerpots.com\/sklep\/kwadratowa-donica-z-aluminium-alessio-3\/","url":"https:\/\/worldofflowerpots.com\/sklep\/kwadratowa-donica-z-aluminium-alessio-3\/","name":"Kwadratowa donica z aluminium Alessio 3 - Dekoracyjna","isPartOf":{"@id":"https:\/\/worldofflowerpots.com\/#website"},"primaryImageOfPage":{"@id":"https:\/\/worldofflowerpots.com\/sklep\/kwadratowa-donica-z-aluminium-alessio-3\/#primaryimage"},"image":{"@id":"https:\/\/worldofflowerpots.com\/sklep\/kwadratowa-donica-z-aluminium-alessio-3\/#primaryimage"},"thumbnailUrl":"https:\/\/worldofflowerpots.com\/wp-content\/uploads\/2019\/01\/Kwadratowa-donica-z-aluminium-Alessio_3-1.jpg","datePublished":"2019-01-18T14:12:21+00:00","dateModified":"2019-04-05T08:06:56+00:00","description":"\u015awietnej jako\u015bci kwadratowa donica z aluminium to idealna propozycja dla os\u00f3b, kt\u00f3re ceni\u0105 sobie stylowy design oraz precyzyjne wykonanie.","breadcrumb":{"@id":"https:\/\/worldofflowerpots.com\/sklep\/kwadratowa-donica-z-aluminium-alessio-3\/#breadcrumb"},"inLanguage":"pl-PL","potentialAction":[{"@type":"ReadAction","target":["https:\/\/worldofflowerpots.com\/sklep\/kwadratowa-donica-z-aluminium-alessio-3\/"]}]},{"@type":"ImageObject","inLanguage":"pl-PL","@id":"https:\/\/worldofflowerpots.com\/sklep\/kwadratowa-donica-z-aluminium-alessio-3\/#primaryimage","url":"https:\/\/worldofflowerpots.com\/wp-content\/uploads\/2019\/01\/Kwadratowa-donica-z-aluminium-Alessio_3-1.jpg","contentUrl":"https:\/\/worldofflowerpots.com\/wp-content\/uploads\/2019\/01\/Kwadratowa-donica-z-aluminium-Alessio_3-1.jpg","width":2280,"height":1612},{"@type":"BreadcrumbList","@id":"https:\/\/worldofflowerpots.com\/sklep\/kwadratowa-donica-z-aluminium-alessio-3\/#breadcrumb","itemListElement":[{"@type":"ListItem","position":1,"name":"Strona g\u0142\u00f3wna","item":"https:\/\/worldofflowerpots.com\/"},{"@type":"ListItem","position":2,"name":"Sklep","item":"https:\/\/worldofflowerpots.com\/sklep\/"},{"@type":"ListItem","position":3,"name":"Kwadratowa donica z aluminium Alessio 3"}]},{"@type":"WebSite","@id":"https:\/\/worldofflowerpots.com\/#website","url":"https:\/\/worldofflowerpots.com\/","name":"World of Flowerpots","description":"producent donic ozdobnych","potentialAction":[{"@type":"SearchAction","target":{"@type":"EntryPoint","urlTemplate":"https:\/\/worldofflowerpots.com\/?s={search_term_string}"},"query-input":{"@type":"PropertyValueSpecification","valueRequired":true,"valueName":"search_term_string"}}],"inLanguage":"pl-PL"}]}},"_links":{"self":[{"href":"https:\/\/worldofflowerpots.com\/pl\/wp-json\/wp\/v2\/product\/50944","targetHints":{"allow":["GET"]}}],"collection":[{"href":"https:\/\/worldofflowerpots.com\/pl\/wp-json\/wp\/v2\/product"}],"about":[{"href":"https:\/\/worldofflowerpots.com\/pl\/wp-json\/wp\/v2\/types\/product"}],"wp:featuredmedia":[{"embeddable":true,"href":"https:\/\/worldofflowerpots.com\/pl\/wp-json\/wp\/v2\/media\/57404"}],"wp:attachment":[{"href":"https:\/\/worldofflowerpots.com\/pl\/wp-json\/wp\/v2\/media?parent=50944"}],"wp:term":[{"taxonomy":"product_brand","embeddable":true,"href":"https:\/\/worldofflowerpots.com\/pl\/wp-json\/wp\/v2\/product_brand?post=50944"},{"taxonomy":"product_cat","embeddable":true,"href":"https:\/\/worldofflowerpots.com\/pl\/wp-json\/wp\/v2\/product_cat?post=50944"},{"taxonomy":"product_tag","embeddable":true,"href":"https:\/\/worldofflowerpots.com\/pl\/wp-json\/wp\/v2\/product_tag?post=50944"}],"curies":[{"name":"wp","href":"https:\/\/api.w.org\/{rel}","templated":true}]}}