{"id":50945,"date":"2019-01-18T15:12:21","date_gmt":"2019-01-18T14:12:21","guid":{"rendered":"https:\/\/worldofflowerpots.com\/product\/import-placeholder-for-259\/"},"modified":"2019-04-05T10:11:53","modified_gmt":"2019-04-05T08:11:53","slug":"donice-z-blachy-aluminiowej-alessio-4","status":"publish","type":"product","link":"https:\/\/worldofflowerpots.com\/pl\/sklep\/donice-z-blachy-aluminiowej-alessio-4\/","title":{"rendered":"Donice z blachy aluminiowej Alessio 4"},"content":{"rendered":"<p>Odpowiednio urz\u0105dzony ogr\u00f3d jest bardzo istotny dla ka\u017cdego w\u0142a\u015bciciela domu. To w\u0142a\u015bnie w takim miejscu cz\u0119sto si\u0119 relaksujemy, jak r\u00f3wnie\u017c ogr\u00f3d stanowi wizyt\u00f3wk\u0119 naszego domu. Zatem jak go odpowiednio urz\u0105dzi\u0107?W\u0142a\u015bciwie dobrane akcesoria do ogrodu sprawiaj\u0105, \u017ce nabiera on zupe\u0142nie odmiennego charakteru. W obszarze wok\u00f3\u0142 naszego domu powinni\u015bmy r\u00f3wnie\u017c zasadzi\u0107 du\u017co ro\u015blinno\u015bci. Dzi\u0119ki temu ogr\u00f3d stanie si\u0119 dla nas prawdziw\u0105 przystani\u0105 oraz ostoj\u0105. Aby ro\u015blinno\u015b\u0107 prezentowa\u0142a si\u0119 pi\u0119knie, w szczeg\u00f3lno\u015bci nasze kwiaty, powinni\u015bmy zdecydowa\u0107 si\u0119 na zakup wysokiej jako\u015bci donic.<\/p>\n<h2>Doskona\u0142e donice z blachy aluminiowej<\/h2>\n<p>Bardzo dobrym rozwi\u0105zaniem w tym przypadku s\u0105 donice z blachy aluminiowej. Tego typu produkty idealnie nadaj\u0105 si\u0119 do ka\u017cdego ogrodu, bez wzgl\u0119du na to, w jakim charakterze jest urz\u0105dzony. Obecnie style ogrod\u00f3w bywaj\u0105 bardzo r\u00f3\u017cnorodne, dlatego takie akcesoria nale\u017cy odpowiednio dopasowa\u0107. Jednak aluminium jest wspania\u0142ym materia\u0142em, kt\u00f3re pasuje jednocze\u015bnie do stylu nowoczesnego, jak i do tradycyjnych ogrod\u00f3w. Zdecydowanie donice z blachy aluminiowej to doskona\u0142e rozwi\u0105zanie dla ka\u017cdego. S\u0105 nie tylko uniwersalne, ale r\u00f3wnie\u017c bardzo wytrzyma\u0142e. Nale\u017cy mie\u0107 \u015bwiadomo\u015b\u0107, i\u017c na produkty znajduj\u0105ce si\u0119 w ogrodzie bardzo du\u017cy wp\u0142yw maj\u0105 r\u00f3\u017cne czynniki atmosferyczne. Cz\u0119sto d\u0142ugotrwa\u0142e promieniowanie s\u0142oneczne mo\u017ce uszkodzi\u0107 konstrukcj\u0119 donicy. Niestety brak warstwy ozonowej przyczynia si\u0119 tak\u017ce do przedostawania si\u0119 wi\u0119kszej ilo\u015bci promieni ultrafioletowych. To z kolei powoduje r\u00f3wnie\u017c szybsze niszczenie si\u0119 materia\u0142\u00f3w. Z tego powodu decyduj\u0105c si\u0119 na zakup donic, warto wybra\u0107 jedne z najbardziej solidnych z aluminium.<\/p>\n<h2>Niezwykle trwa\u0142e i stabilne<\/h2>\n<p>Kolejn\u0105 wa\u017cn\u0105 cech\u0105 jest trwa\u0142o\u015b\u0107 donic. Zdecydowanie je\u017celi mamy ma\u0142e dzieci lub te\u017c zwierz\u0119ta, donice mog\u0105 by\u0107 cz\u0119sto przewracane. Dlatego aluminium w tym przypadku jest najlepsze, poniewa\u017c jest lekkie, a tak\u017ce wytrzyma\u0142e. Nawet po upadku, takiej donicy z pewno\u015bci\u0105 nic si\u0119 nie stanie. Istotn\u0105 zalet\u0105 donic wykonanych z aluminium jest tak\u017ce ich odporno\u015b\u0107 na korozj\u0119. Aluminium jest metalem, kt\u00f3ry z pewno\u015bci\u0105 zalicza si\u0119 do solidnej grupy odpornej na korodowanie. Z tego powodu takie donice z powodzeniem mog\u0105 sta\u0107 w ogrodzie nawet przez ca\u0142y rok. Tego typu donice mo\u017cna ustawia\u0107 r\u00f3wnie\u017c w wilgotnym miejscu, przyk\u0142adowo przy sadzawkach.<\/p>\n","protected":false},"excerpt":{"rendered":"<p>Donica aluminiowa Alessio 4 produkowana jest we wszystkich kolorach palety RAL. Donica produkowana jest w standardzie z otworami odp\u0142ywowymi. Waga to: 29kg, a wymiary : d\u0142ugo\u015b\u0107:80cm, szeroko\u015b\u0107:80cm, wysoko\u015b\u0107:80cm. Zalecane stosowanie jako donica tarasowa.<\/p>\n","protected":false},"featured_media":57414,"template":"","meta":{"_acf_changed":false},"product_brand":[],"product_cat":[116],"product_tag":[446,448,444,447,451],"class_list":{"0":"post-50945","1":"product","2":"type-product","3":"status-publish","4":"has-post-thumbnail","6":"product_cat-donice-z-aluminium","7":"product_tag-donice-aluminiowe","8":"product_tag-donice-balkonowe","9":"product_tag-donice-ogrodowe","10":"product_tag-donice-tarasowe","11":"product_tag-donice-wewnetrzne","12":"description-off","13":"tm-has-options","15":"first","16":"instock","17":"shipping-taxable","18":"purchasable","19":"product-type-simple"},"acf":[],"yoast_head":"<!-- This site is optimized with the Yoast SEO plugin v27.5 - https:\/\/yoast.com\/product\/yoast-seo-wordpress\/ -->\n<title>Donice z blachy aluminiowej Alessio 4 - Wewn\u0119trzne i Zewn\u0119trzne<\/title>\n<meta name=\"description\" content=\"Zdecydowanie donice z blachy aluminiowej to doskona\u0142e rozwi\u0105zanie dla ka\u017cdego. S\u0105 nie tylko uniwersalne, ale r\u00f3wnie\u017c bardzo wytrzyma\u0142e.\" \/>\n<meta name=\"robots\" content=\"index, follow, max-snippet:-1, max-image-preview:large, max-video-preview:-1\" \/>\n<link rel=\"canonical\" href=\"https:\/\/worldofflowerpots.com\/sklep\/donice-z-blachy-aluminiowej-alessio-4\/\" \/>\n<meta property=\"og:locale\" content=\"pl_PL\" \/>\n<meta property=\"og:type\" content=\"article\" \/>\n<meta property=\"og:title\" content=\"Donice z blachy aluminiowej Alessio 4 - Wewn\u0119trzne i Zewn\u0119trzne\" \/>\n<meta property=\"og:description\" content=\"Zdecydowanie donice z blachy aluminiowej to doskona\u0142e rozwi\u0105zanie dla ka\u017cdego. S\u0105 nie tylko uniwersalne, ale r\u00f3wnie\u017c bardzo wytrzyma\u0142e.\" \/>\n<meta property=\"og:url\" content=\"https:\/\/worldofflowerpots.com\/sklep\/donice-z-blachy-aluminiowej-alessio-4\/\" \/>\n<meta property=\"og:site_name\" content=\"World of Flowerpots\" \/>\n<meta property=\"article:modified_time\" content=\"2019-04-05T08:11:53+00:00\" \/>\n<meta property=\"og:image\" content=\"https:\/\/worldofflowerpots.com\/wp-content\/uploads\/2019\/01\/Donice-z-blachy-aluminiowej-Alessio_4-1.jpg\" \/>\n\t<meta property=\"og:image:width\" content=\"2280\" \/>\n\t<meta property=\"og:image:height\" content=\"1612\" \/>\n\t<meta property=\"og:image:type\" content=\"image\/jpeg\" \/>\n<meta name=\"twitter:card\" content=\"summary_large_image\" \/>\n<meta name=\"twitter:label1\" content=\"Szacowany czas czytania\" \/>\n\t<meta name=\"twitter:data1\" content=\"2 minuty\" \/>\n<script type=\"application\/ld+json\" class=\"yoast-schema-graph\">{\"@context\":\"https:\\\/\\\/schema.org\",\"@graph\":[{\"@type\":\"WebPage\",\"@id\":\"https:\\\/\\\/worldofflowerpots.com\\\/sklep\\\/donice-z-blachy-aluminiowej-alessio-4\\\/\",\"url\":\"https:\\\/\\\/worldofflowerpots.com\\\/sklep\\\/donice-z-blachy-aluminiowej-alessio-4\\\/\",\"name\":\"Donice z blachy aluminiowej Alessio 4 - Wewn\u0119trzne i Zewn\u0119trzne\",\"isPartOf\":{\"@id\":\"https:\\\/\\\/worldofflowerpots.com\\\/#website\"},\"primaryImageOfPage\":{\"@id\":\"https:\\\/\\\/worldofflowerpots.com\\\/sklep\\\/donice-z-blachy-aluminiowej-alessio-4\\\/#primaryimage\"},\"image\":{\"@id\":\"https:\\\/\\\/worldofflowerpots.com\\\/sklep\\\/donice-z-blachy-aluminiowej-alessio-4\\\/#primaryimage\"},\"thumbnailUrl\":\"https:\\\/\\\/worldofflowerpots.com\\\/wp-content\\\/uploads\\\/2019\\\/01\\\/Donice-z-blachy-aluminiowej-Alessio_4-1.jpg\",\"datePublished\":\"2019-01-18T14:12:21+00:00\",\"dateModified\":\"2019-04-05T08:11:53+00:00\",\"description\":\"Zdecydowanie donice z blachy aluminiowej to doskona\u0142e rozwi\u0105zanie dla ka\u017cdego. S\u0105 nie tylko uniwersalne, ale r\u00f3wnie\u017c bardzo wytrzyma\u0142e.\",\"breadcrumb\":{\"@id\":\"https:\\\/\\\/worldofflowerpots.com\\\/sklep\\\/donice-z-blachy-aluminiowej-alessio-4\\\/#breadcrumb\"},\"inLanguage\":\"pl-PL\",\"potentialAction\":[{\"@type\":\"ReadAction\",\"target\":[\"https:\\\/\\\/worldofflowerpots.com\\\/sklep\\\/donice-z-blachy-aluminiowej-alessio-4\\\/\"]}]},{\"@type\":\"ImageObject\",\"inLanguage\":\"pl-PL\",\"@id\":\"https:\\\/\\\/worldofflowerpots.com\\\/sklep\\\/donice-z-blachy-aluminiowej-alessio-4\\\/#primaryimage\",\"url\":\"https:\\\/\\\/worldofflowerpots.com\\\/wp-content\\\/uploads\\\/2019\\\/01\\\/Donice-z-blachy-aluminiowej-Alessio_4-1.jpg\",\"contentUrl\":\"https:\\\/\\\/worldofflowerpots.com\\\/wp-content\\\/uploads\\\/2019\\\/01\\\/Donice-z-blachy-aluminiowej-Alessio_4-1.jpg\",\"width\":2280,\"height\":1612},{\"@type\":\"BreadcrumbList\",\"@id\":\"https:\\\/\\\/worldofflowerpots.com\\\/sklep\\\/donice-z-blachy-aluminiowej-alessio-4\\\/#breadcrumb\",\"itemListElement\":[{\"@type\":\"ListItem\",\"position\":1,\"name\":\"Strona g\u0142\u00f3wna\",\"item\":\"https:\\\/\\\/worldofflowerpots.com\\\/\"},{\"@type\":\"ListItem\",\"position\":2,\"name\":\"Sklep\",\"item\":\"https:\\\/\\\/worldofflowerpots.com\\\/sklep\\\/\"},{\"@type\":\"ListItem\",\"position\":3,\"name\":\"Donice z blachy aluminiowej Alessio 4\"}]},{\"@type\":\"WebSite\",\"@id\":\"https:\\\/\\\/worldofflowerpots.com\\\/#website\",\"url\":\"https:\\\/\\\/worldofflowerpots.com\\\/\",\"name\":\"World of Flowerpots\",\"description\":\"producent donic ozdobnych\",\"potentialAction\":[{\"@type\":\"SearchAction\",\"target\":{\"@type\":\"EntryPoint\",\"urlTemplate\":\"https:\\\/\\\/worldofflowerpots.com\\\/?s={search_term_string}\"},\"query-input\":{\"@type\":\"PropertyValueSpecification\",\"valueRequired\":true,\"valueName\":\"search_term_string\"}}],\"inLanguage\":\"pl-PL\"}]}<\/script>\n<!-- \/ Yoast SEO plugin. -->","yoast_head_json":{"title":"Donice z blachy aluminiowej Alessio 4 - Wewn\u0119trzne i Zewn\u0119trzne","description":"Zdecydowanie donice z blachy aluminiowej to doskona\u0142e rozwi\u0105zanie dla ka\u017cdego. S\u0105 nie tylko uniwersalne, ale r\u00f3wnie\u017c bardzo wytrzyma\u0142e.","robots":{"index":"index","follow":"follow","max-snippet":"max-snippet:-1","max-image-preview":"max-image-preview:large","max-video-preview":"max-video-preview:-1"},"canonical":"https:\/\/worldofflowerpots.com\/sklep\/donice-z-blachy-aluminiowej-alessio-4\/","og_locale":"pl_PL","og_type":"article","og_title":"Donice z blachy aluminiowej Alessio 4 - Wewn\u0119trzne i Zewn\u0119trzne","og_description":"Zdecydowanie donice z blachy aluminiowej to doskona\u0142e rozwi\u0105zanie dla ka\u017cdego. S\u0105 nie tylko uniwersalne, ale r\u00f3wnie\u017c bardzo wytrzyma\u0142e.","og_url":"https:\/\/worldofflowerpots.com\/sklep\/donice-z-blachy-aluminiowej-alessio-4\/","og_site_name":"World of Flowerpots","article_modified_time":"2019-04-05T08:11:53+00:00","og_image":[{"width":2280,"height":1612,"url":"https:\/\/worldofflowerpots.com\/wp-content\/uploads\/2019\/01\/Donice-z-blachy-aluminiowej-Alessio_4-1.jpg","type":"image\/jpeg"}],"twitter_card":"summary_large_image","twitter_misc":{"Szacowany czas czytania":"2 minuty"},"schema":{"@context":"https:\/\/schema.org","@graph":[{"@type":"WebPage","@id":"https:\/\/worldofflowerpots.com\/sklep\/donice-z-blachy-aluminiowej-alessio-4\/","url":"https:\/\/worldofflowerpots.com\/sklep\/donice-z-blachy-aluminiowej-alessio-4\/","name":"Donice z blachy aluminiowej Alessio 4 - Wewn\u0119trzne i Zewn\u0119trzne","isPartOf":{"@id":"https:\/\/worldofflowerpots.com\/#website"},"primaryImageOfPage":{"@id":"https:\/\/worldofflowerpots.com\/sklep\/donice-z-blachy-aluminiowej-alessio-4\/#primaryimage"},"image":{"@id":"https:\/\/worldofflowerpots.com\/sklep\/donice-z-blachy-aluminiowej-alessio-4\/#primaryimage"},"thumbnailUrl":"https:\/\/worldofflowerpots.com\/wp-content\/uploads\/2019\/01\/Donice-z-blachy-aluminiowej-Alessio_4-1.jpg","datePublished":"2019-01-18T14:12:21+00:00","dateModified":"2019-04-05T08:11:53+00:00","description":"Zdecydowanie donice z blachy aluminiowej to doskona\u0142e rozwi\u0105zanie dla ka\u017cdego. S\u0105 nie tylko uniwersalne, ale r\u00f3wnie\u017c bardzo wytrzyma\u0142e.","breadcrumb":{"@id":"https:\/\/worldofflowerpots.com\/sklep\/donice-z-blachy-aluminiowej-alessio-4\/#breadcrumb"},"inLanguage":"pl-PL","potentialAction":[{"@type":"ReadAction","target":["https:\/\/worldofflowerpots.com\/sklep\/donice-z-blachy-aluminiowej-alessio-4\/"]}]},{"@type":"ImageObject","inLanguage":"pl-PL","@id":"https:\/\/worldofflowerpots.com\/sklep\/donice-z-blachy-aluminiowej-alessio-4\/#primaryimage","url":"https:\/\/worldofflowerpots.com\/wp-content\/uploads\/2019\/01\/Donice-z-blachy-aluminiowej-Alessio_4-1.jpg","contentUrl":"https:\/\/worldofflowerpots.com\/wp-content\/uploads\/2019\/01\/Donice-z-blachy-aluminiowej-Alessio_4-1.jpg","width":2280,"height":1612},{"@type":"BreadcrumbList","@id":"https:\/\/worldofflowerpots.com\/sklep\/donice-z-blachy-aluminiowej-alessio-4\/#breadcrumb","itemListElement":[{"@type":"ListItem","position":1,"name":"Strona g\u0142\u00f3wna","item":"https:\/\/worldofflowerpots.com\/"},{"@type":"ListItem","position":2,"name":"Sklep","item":"https:\/\/worldofflowerpots.com\/sklep\/"},{"@type":"ListItem","position":3,"name":"Donice z blachy aluminiowej Alessio 4"}]},{"@type":"WebSite","@id":"https:\/\/worldofflowerpots.com\/#website","url":"https:\/\/worldofflowerpots.com\/","name":"World of Flowerpots","description":"producent donic ozdobnych","potentialAction":[{"@type":"SearchAction","target":{"@type":"EntryPoint","urlTemplate":"https:\/\/worldofflowerpots.com\/?s={search_term_string}"},"query-input":{"@type":"PropertyValueSpecification","valueRequired":true,"valueName":"search_term_string"}}],"inLanguage":"pl-PL"}]}},"_links":{"self":[{"href":"https:\/\/worldofflowerpots.com\/pl\/wp-json\/wp\/v2\/product\/50945","targetHints":{"allow":["GET"]}}],"collection":[{"href":"https:\/\/worldofflowerpots.com\/pl\/wp-json\/wp\/v2\/product"}],"about":[{"href":"https:\/\/worldofflowerpots.com\/pl\/wp-json\/wp\/v2\/types\/product"}],"wp:featuredmedia":[{"embeddable":true,"href":"https:\/\/worldofflowerpots.com\/pl\/wp-json\/wp\/v2\/media\/57414"}],"wp:attachment":[{"href":"https:\/\/worldofflowerpots.com\/pl\/wp-json\/wp\/v2\/media?parent=50945"}],"wp:term":[{"taxonomy":"product_brand","embeddable":true,"href":"https:\/\/worldofflowerpots.com\/pl\/wp-json\/wp\/v2\/product_brand?post=50945"},{"taxonomy":"product_cat","embeddable":true,"href":"https:\/\/worldofflowerpots.com\/pl\/wp-json\/wp\/v2\/product_cat?post=50945"},{"taxonomy":"product_tag","embeddable":true,"href":"https:\/\/worldofflowerpots.com\/pl\/wp-json\/wp\/v2\/product_tag?post=50945"}],"curies":[{"name":"wp","href":"https:\/\/api.w.org\/{rel}","templated":true}]}}