{"id":50946,"date":"2019-01-18T15:12:21","date_gmt":"2019-01-18T14:12:21","guid":{"rendered":"https:\/\/worldofflowerpots.com\/product\/import-placeholder-for-260\/"},"modified":"2019-04-05T10:22:45","modified_gmt":"2019-04-05T08:22:45","slug":"donice-malowane-proszkowo-alessio-5","status":"publish","type":"product","link":"https:\/\/worldofflowerpots.com\/pl\/sklep\/donice-malowane-proszkowo-alessio-5\/","title":{"rendered":"Donice malowane proszkowo Alessio 5"},"content":{"rendered":"<h2><strong>Elitarny design<\/strong><\/h2>\n<p>Du\u017ca donica aluminiowa Alessio 5 cechuje si\u0119 wysok\u0105 \u017cywotno\u015bci\u0105, uniwersalno\u015bci\u0105, a tak\u017ce nieprzeci\u0119tn\u0105 stylistyk\u0105. Jej nowoczesny design przykuwa uwag\u0119. Unikatowe wzornictwo b\u0119dzie wspania\u0142\u0105 dekoracj\u0105 ka\u017cdej przestrzeni. To prawdziwy strza\u0142 w dziesi\u0105tk\u0119, je\u015bli poszukujemy praktycznej formy ozdoby. Donice malowane proszkowo s\u0105 wyj\u0105tkowo atrakcyjne pod wzgl\u0119dem wizualnym. Technika ta sprawia, \u017ce powierzchnia produktu jest trwa\u0142a, a zarazem idealnie g\u0142adka. Na jej powierzchni nie ma najmniejszych ubytk\u00f3w, czy te\u017c innych niedoskona\u0142o\u015bci. Jest to perfekcja w ka\u017cdym calu, co usatysfakcjonuje nawet najbardziej wymagaj\u0105cych. Proponowane donice malowane proszkowo wyst\u0119puj\u0105 w ca\u0142ej palecie RAL. Bez najmniejszego problemu znajdziemy odcie\u0144 pasuj\u0105cy do naszych upodoba\u0144. Donice z aluminium daj\u0105 wiele mo\u017cliwo\u015bci aran\u017cacyjnych, a wszystko zale\u017cy od tego, jaki efekt ko\u0144cowy chcemy uzyska\u0107.<\/p>\n<h2><strong>Wa\u017cne zalety donic aluminiowych <\/strong><\/h2>\n<p>Wytrzyma\u0142e aluminiowe donice malowane proszkowo pozostan\u0105 w doskona\u0142ym stanie d\u0142ugie lata. Nie jest to zakup na jeden sezon. Produkt jest niezwykle \u017cywotny. Pozostaje on niewzruszony na negatywne oddzia\u0142ywanie czynnik\u00f3w zewn\u0119trznych (promieniowanie UV, niskie i wysokie temperatury, deszcz itd.). Nie trzeba wi\u0119c obawia\u0107 si\u0119, \u017ce donica ulegnie uszkodzeniu podczas eksploatacji w trudnych warunkach. Jest ona przystosowana do tego, aby przetrwa\u0107 najmniej korzystne warunki pogodowe.<\/p>\n<p>Oferowany model cechuje si\u0119 do\u015b\u0107 du\u017cymi gabarytami. Pozostaje on przy tym relatywnie lekki (38 kg). Jest to idealna donica, je\u015bli zale\u017cy nam na stworzeniu nieprzeci\u0119tnej aran\u017cacji przestrzeni. B\u0119dzie to doskona\u0142e uzupe\u0142nienie ma\u0142ej architektury. Warto podkre\u015bli\u0107, \u017ce taka donica pasuje r\u00f3wnie\u017c do obiekt\u00f3w u\u017cyteczno\u015bci publicznej. B\u0119dzie zjawiskowo prezentowa\u0107 si\u0119 w hotelu, restauracji, czy te\u017c firmie. Oczywi\u015bcie nic nie stoi na przeszkodzie, aby umie\u015bci\u0107 j\u0105 wewn\u0105trz budynku.<\/p>\n<p>Doskona\u0142ej jako\u015bci donica aluminiowa utrzymana jest w modernistycznym stylu. Jest to nowoczesny model, kt\u00f3ry sprawdzi si\u0119 w miejscach urz\u0105dzonych w tym stylu. Proponowany produkt dzi\u0119ki swoim sporym wymiarom b\u0119dzie znakomity do \u015brednich oraz du\u017cych ro\u015blin. Optymalna waga sprawia, \u017ce bez problemu przesuniemy donic\u0119 w wybrane miejsce. Jest to jednak model na tyle stabilny, \u017ce nie przesunie go wiatr.<\/p>\n","protected":false},"excerpt":{"rendered":"<p>Donica aluminiowa Alessio 5 produkowana jest we wszystkich kolorach palety RAL. Donica produkowana jest w standardzie z otworami odp\u0142ywowymi. Waga to: 38kg, a wymiary : d\u0142ugo\u015b\u0107:100cm, szeroko\u015b\u0107:100cm, wysoko\u015b\u0107:80cm. Zalecane stosowanie jako donica tarasowa.<\/p>\n","protected":false},"featured_media":57424,"template":"","meta":{"_acf_changed":false},"product_brand":[],"product_cat":[116],"product_tag":[446,444,447,451],"class_list":{"0":"post-50946","1":"product","2":"type-product","3":"status-publish","4":"has-post-thumbnail","6":"product_cat-donice-z-aluminium","7":"product_tag-donice-aluminiowe","8":"product_tag-donice-ogrodowe","9":"product_tag-donice-tarasowe","10":"product_tag-donice-wewnetrzne","11":"description-off","12":"tm-has-options","14":"first","15":"instock","16":"shipping-taxable","17":"purchasable","18":"product-type-simple"},"acf":[],"yoast_head":"<!-- This site is optimized with the Yoast SEO plugin v27.5 - https:\/\/yoast.com\/product\/yoast-seo-wordpress\/ -->\n<title>Donice malowane proszkowo wykonane z aluminium Alessio 5<\/title>\n<meta name=\"description\" content=\"Wytrzyma\u0142e aluminiowe donice malowane proszkowo pozostan\u0105 w doskona\u0142ym stanie d\u0142ugie lata. Nie jest to zakup na jeden sezon.\" \/>\n<meta name=\"robots\" content=\"index, follow, max-snippet:-1, max-image-preview:large, max-video-preview:-1\" \/>\n<link rel=\"canonical\" href=\"https:\/\/worldofflowerpots.com\/sklep\/donice-malowane-proszkowo-alessio-5\/\" \/>\n<meta property=\"og:locale\" content=\"pl_PL\" \/>\n<meta property=\"og:type\" content=\"article\" \/>\n<meta property=\"og:title\" content=\"Donice malowane proszkowo wykonane z aluminium Alessio 5\" \/>\n<meta property=\"og:description\" content=\"Wytrzyma\u0142e aluminiowe donice malowane proszkowo pozostan\u0105 w doskona\u0142ym stanie d\u0142ugie lata. Nie jest to zakup na jeden sezon.\" \/>\n<meta property=\"og:url\" content=\"https:\/\/worldofflowerpots.com\/sklep\/donice-malowane-proszkowo-alessio-5\/\" \/>\n<meta property=\"og:site_name\" content=\"World of Flowerpots\" \/>\n<meta property=\"article:modified_time\" content=\"2019-04-05T08:22:45+00:00\" \/>\n<meta property=\"og:image\" content=\"https:\/\/worldofflowerpots.com\/wp-content\/uploads\/2019\/01\/Donice-malowane-proszkowo-Alessio_5-1.jpg\" \/>\n\t<meta property=\"og:image:width\" content=\"2280\" \/>\n\t<meta property=\"og:image:height\" content=\"1612\" \/>\n\t<meta property=\"og:image:type\" content=\"image\/jpeg\" \/>\n<meta name=\"twitter:card\" content=\"summary_large_image\" \/>\n<meta name=\"twitter:label1\" content=\"Szacowany czas czytania\" \/>\n\t<meta name=\"twitter:data1\" content=\"2 minuty\" \/>\n<script type=\"application\/ld+json\" class=\"yoast-schema-graph\">{\"@context\":\"https:\\\/\\\/schema.org\",\"@graph\":[{\"@type\":\"WebPage\",\"@id\":\"https:\\\/\\\/worldofflowerpots.com\\\/sklep\\\/donice-malowane-proszkowo-alessio-5\\\/\",\"url\":\"https:\\\/\\\/worldofflowerpots.com\\\/sklep\\\/donice-malowane-proszkowo-alessio-5\\\/\",\"name\":\"Donice malowane proszkowo wykonane z aluminium Alessio 5\",\"isPartOf\":{\"@id\":\"https:\\\/\\\/worldofflowerpots.com\\\/#website\"},\"primaryImageOfPage\":{\"@id\":\"https:\\\/\\\/worldofflowerpots.com\\\/sklep\\\/donice-malowane-proszkowo-alessio-5\\\/#primaryimage\"},\"image\":{\"@id\":\"https:\\\/\\\/worldofflowerpots.com\\\/sklep\\\/donice-malowane-proszkowo-alessio-5\\\/#primaryimage\"},\"thumbnailUrl\":\"https:\\\/\\\/worldofflowerpots.com\\\/wp-content\\\/uploads\\\/2019\\\/01\\\/Donice-malowane-proszkowo-Alessio_5-1.jpg\",\"datePublished\":\"2019-01-18T14:12:21+00:00\",\"dateModified\":\"2019-04-05T08:22:45+00:00\",\"description\":\"Wytrzyma\u0142e aluminiowe donice malowane proszkowo pozostan\u0105 w doskona\u0142ym stanie d\u0142ugie lata. Nie jest to zakup na jeden sezon.\",\"breadcrumb\":{\"@id\":\"https:\\\/\\\/worldofflowerpots.com\\\/sklep\\\/donice-malowane-proszkowo-alessio-5\\\/#breadcrumb\"},\"inLanguage\":\"pl-PL\",\"potentialAction\":[{\"@type\":\"ReadAction\",\"target\":[\"https:\\\/\\\/worldofflowerpots.com\\\/sklep\\\/donice-malowane-proszkowo-alessio-5\\\/\"]}]},{\"@type\":\"ImageObject\",\"inLanguage\":\"pl-PL\",\"@id\":\"https:\\\/\\\/worldofflowerpots.com\\\/sklep\\\/donice-malowane-proszkowo-alessio-5\\\/#primaryimage\",\"url\":\"https:\\\/\\\/worldofflowerpots.com\\\/wp-content\\\/uploads\\\/2019\\\/01\\\/Donice-malowane-proszkowo-Alessio_5-1.jpg\",\"contentUrl\":\"https:\\\/\\\/worldofflowerpots.com\\\/wp-content\\\/uploads\\\/2019\\\/01\\\/Donice-malowane-proszkowo-Alessio_5-1.jpg\",\"width\":2280,\"height\":1612},{\"@type\":\"BreadcrumbList\",\"@id\":\"https:\\\/\\\/worldofflowerpots.com\\\/sklep\\\/donice-malowane-proszkowo-alessio-5\\\/#breadcrumb\",\"itemListElement\":[{\"@type\":\"ListItem\",\"position\":1,\"name\":\"Strona g\u0142\u00f3wna\",\"item\":\"https:\\\/\\\/worldofflowerpots.com\\\/\"},{\"@type\":\"ListItem\",\"position\":2,\"name\":\"Sklep\",\"item\":\"https:\\\/\\\/worldofflowerpots.com\\\/sklep\\\/\"},{\"@type\":\"ListItem\",\"position\":3,\"name\":\"Donice malowane proszkowo Alessio 5\"}]},{\"@type\":\"WebSite\",\"@id\":\"https:\\\/\\\/worldofflowerpots.com\\\/#website\",\"url\":\"https:\\\/\\\/worldofflowerpots.com\\\/\",\"name\":\"World of Flowerpots\",\"description\":\"producent donic ozdobnych\",\"potentialAction\":[{\"@type\":\"SearchAction\",\"target\":{\"@type\":\"EntryPoint\",\"urlTemplate\":\"https:\\\/\\\/worldofflowerpots.com\\\/?s={search_term_string}\"},\"query-input\":{\"@type\":\"PropertyValueSpecification\",\"valueRequired\":true,\"valueName\":\"search_term_string\"}}],\"inLanguage\":\"pl-PL\"}]}<\/script>\n<!-- \/ Yoast SEO plugin. -->","yoast_head_json":{"title":"Donice malowane proszkowo wykonane z aluminium Alessio 5","description":"Wytrzyma\u0142e aluminiowe donice malowane proszkowo pozostan\u0105 w doskona\u0142ym stanie d\u0142ugie lata. Nie jest to zakup na jeden sezon.","robots":{"index":"index","follow":"follow","max-snippet":"max-snippet:-1","max-image-preview":"max-image-preview:large","max-video-preview":"max-video-preview:-1"},"canonical":"https:\/\/worldofflowerpots.com\/sklep\/donice-malowane-proszkowo-alessio-5\/","og_locale":"pl_PL","og_type":"article","og_title":"Donice malowane proszkowo wykonane z aluminium Alessio 5","og_description":"Wytrzyma\u0142e aluminiowe donice malowane proszkowo pozostan\u0105 w doskona\u0142ym stanie d\u0142ugie lata. Nie jest to zakup na jeden sezon.","og_url":"https:\/\/worldofflowerpots.com\/sklep\/donice-malowane-proszkowo-alessio-5\/","og_site_name":"World of Flowerpots","article_modified_time":"2019-04-05T08:22:45+00:00","og_image":[{"width":2280,"height":1612,"url":"https:\/\/worldofflowerpots.com\/wp-content\/uploads\/2019\/01\/Donice-malowane-proszkowo-Alessio_5-1.jpg","type":"image\/jpeg"}],"twitter_card":"summary_large_image","twitter_misc":{"Szacowany czas czytania":"2 minuty"},"schema":{"@context":"https:\/\/schema.org","@graph":[{"@type":"WebPage","@id":"https:\/\/worldofflowerpots.com\/sklep\/donice-malowane-proszkowo-alessio-5\/","url":"https:\/\/worldofflowerpots.com\/sklep\/donice-malowane-proszkowo-alessio-5\/","name":"Donice malowane proszkowo wykonane z aluminium Alessio 5","isPartOf":{"@id":"https:\/\/worldofflowerpots.com\/#website"},"primaryImageOfPage":{"@id":"https:\/\/worldofflowerpots.com\/sklep\/donice-malowane-proszkowo-alessio-5\/#primaryimage"},"image":{"@id":"https:\/\/worldofflowerpots.com\/sklep\/donice-malowane-proszkowo-alessio-5\/#primaryimage"},"thumbnailUrl":"https:\/\/worldofflowerpots.com\/wp-content\/uploads\/2019\/01\/Donice-malowane-proszkowo-Alessio_5-1.jpg","datePublished":"2019-01-18T14:12:21+00:00","dateModified":"2019-04-05T08:22:45+00:00","description":"Wytrzyma\u0142e aluminiowe donice malowane proszkowo pozostan\u0105 w doskona\u0142ym stanie d\u0142ugie lata. Nie jest to zakup na jeden sezon.","breadcrumb":{"@id":"https:\/\/worldofflowerpots.com\/sklep\/donice-malowane-proszkowo-alessio-5\/#breadcrumb"},"inLanguage":"pl-PL","potentialAction":[{"@type":"ReadAction","target":["https:\/\/worldofflowerpots.com\/sklep\/donice-malowane-proszkowo-alessio-5\/"]}]},{"@type":"ImageObject","inLanguage":"pl-PL","@id":"https:\/\/worldofflowerpots.com\/sklep\/donice-malowane-proszkowo-alessio-5\/#primaryimage","url":"https:\/\/worldofflowerpots.com\/wp-content\/uploads\/2019\/01\/Donice-malowane-proszkowo-Alessio_5-1.jpg","contentUrl":"https:\/\/worldofflowerpots.com\/wp-content\/uploads\/2019\/01\/Donice-malowane-proszkowo-Alessio_5-1.jpg","width":2280,"height":1612},{"@type":"BreadcrumbList","@id":"https:\/\/worldofflowerpots.com\/sklep\/donice-malowane-proszkowo-alessio-5\/#breadcrumb","itemListElement":[{"@type":"ListItem","position":1,"name":"Strona g\u0142\u00f3wna","item":"https:\/\/worldofflowerpots.com\/"},{"@type":"ListItem","position":2,"name":"Sklep","item":"https:\/\/worldofflowerpots.com\/sklep\/"},{"@type":"ListItem","position":3,"name":"Donice malowane proszkowo Alessio 5"}]},{"@type":"WebSite","@id":"https:\/\/worldofflowerpots.com\/#website","url":"https:\/\/worldofflowerpots.com\/","name":"World of Flowerpots","description":"producent donic ozdobnych","potentialAction":[{"@type":"SearchAction","target":{"@type":"EntryPoint","urlTemplate":"https:\/\/worldofflowerpots.com\/?s={search_term_string}"},"query-input":{"@type":"PropertyValueSpecification","valueRequired":true,"valueName":"search_term_string"}}],"inLanguage":"pl-PL"}]}},"_links":{"self":[{"href":"https:\/\/worldofflowerpots.com\/pl\/wp-json\/wp\/v2\/product\/50946","targetHints":{"allow":["GET"]}}],"collection":[{"href":"https:\/\/worldofflowerpots.com\/pl\/wp-json\/wp\/v2\/product"}],"about":[{"href":"https:\/\/worldofflowerpots.com\/pl\/wp-json\/wp\/v2\/types\/product"}],"wp:featuredmedia":[{"embeddable":true,"href":"https:\/\/worldofflowerpots.com\/pl\/wp-json\/wp\/v2\/media\/57424"}],"wp:attachment":[{"href":"https:\/\/worldofflowerpots.com\/pl\/wp-json\/wp\/v2\/media?parent=50946"}],"wp:term":[{"taxonomy":"product_brand","embeddable":true,"href":"https:\/\/worldofflowerpots.com\/pl\/wp-json\/wp\/v2\/product_brand?post=50946"},{"taxonomy":"product_cat","embeddable":true,"href":"https:\/\/worldofflowerpots.com\/pl\/wp-json\/wp\/v2\/product_cat?post=50946"},{"taxonomy":"product_tag","embeddable":true,"href":"https:\/\/worldofflowerpots.com\/pl\/wp-json\/wp\/v2\/product_tag?post=50946"}],"curies":[{"name":"wp","href":"https:\/\/api.w.org\/{rel}","templated":true}]}}