{"id":50947,"date":"2019-01-18T15:12:21","date_gmt":"2019-01-18T14:12:21","guid":{"rendered":"https:\/\/worldofflowerpots.com\/product\/import-placeholder-for-262\/"},"modified":"2019-04-05T10:24:37","modified_gmt":"2019-04-05T08:24:37","slug":"metrowa-donica-aluminiowa-alessio-6","status":"publish","type":"product","link":"https:\/\/worldofflowerpots.com\/pl\/sklep\/metrowa-donica-aluminiowa-alessio-6\/","title":{"rendered":"Metrowa donica aluminiowa Alessio 6"},"content":{"rendered":"<h2><strong>Perfekcyjne wykonanie<\/strong><\/h2>\n<p>Du\u017ca donica aluminiowa Alessio 6 to niew\u0105tpliwie najlepszy wyb\u00f3r dla tych, kt\u00f3rzy ceni\u0105 sobie najwy\u017csz\u0105 jako\u015b\u0107. Jest to model stworzony z certyfikowanego tworzywa, kt\u00f3re przetrwa najci\u0119\u017csze warunki eksploatacji. Zjawiskowa metrowa donica aluminiowa jest nie tylko praktyczna, ale r\u00f3wnie\u017c efektowna. Zosta\u0142a ona wykonana z trosk\u0105 o najmniejszy detal, co z pewno\u015bci\u0105 zachwyci nawet najbardziej wymagaj\u0105cych. Warto wiedzie\u0107, \u017ce jest to wyr\u00f3b malowany proszkowo. Zastosowanie nowatorskich technologii sprawi\u0142o, \u017ce produkt ten jest perfekcyjnie wyko\u0144czony. Powierzchnia donicy jest niezwykle g\u0142adka, a tak\u017ce pozbawiano wszelkich niedoskona\u0142o\u015bci. Malowanie proszkowe przed\u0142u\u017ca r\u00f3wnie\u017c \u017cywotno\u015b\u0107 produktu. Stworzona powierzchnia jest odporna na uszkodzenia mechaniczne. Jest wytrzyma\u0142a, a jednocze\u015bnie atrakcyjna pod wzgl\u0119dem wizualnym. Trzeba podkre\u015bli\u0107, \u017ce donice dost\u0119pne s\u0105 we wszystkich kolorach palety RAL. Bez trudu znajdziemy kolor zgodny z naszymi oczekiwaniami.<\/p>\n<h2><strong>Imponuj\u0105ce rozmiary i wytrzyma\u0142o\u015b\u0107<\/strong><\/h2>\n<p>Metrowa donica aluminiowa pomimo swoich du\u017cych rozmiar\u00f3w jest do\u015b\u0107 lekka (45 kg). To w\u0142a\u015bnie dlatego bez trudu przesuniemy j\u0105 w odpowiednie miejsce. Trzeba r\u00f3wnie\u017c wspomnie\u0107, \u017ce jest to model bardzo stabilny, kt\u00f3ry pozostanie w po\u017c\u0105danym po\u0142o\u017ceniu nawet w przypadku wichury.<\/p>\n<p>Solidna metrowa donica aluminiowa to zakup na wiele sezon\u00f3w. Jej niew\u0105tpliw\u0105 zalet\u0105 jest ponadprzeci\u0119tna odporno\u015b\u0107 na czynniki atmosferyczne. Jest to produkt, kt\u00f3ry przetrwa deszcz, \u015bnieg, mr\u00f3z, wysokie temperatury, silny wiatr, czy te\u017c promieniowanie s\u0142oneczne. Donica mo\u017ce by\u0107 u\u017cytkowana nie tylko w ciep\u0142ych miesi\u0105cach, ale r\u00f3wnie\u017c w zimie. Mo\u017ce przez ca\u0142y rok znajdowa\u0107 si\u0119 na zewn\u0105trz, co jest dobrym rozwi\u0105zaniem dla tych, kt\u00f3rzy nie posiadaj\u0105 mo\u017cliwo\u015bci schowania akcesori\u00f3w ogrodowych.<\/p>\n<h2><strong>Tak\u017ce do wn\u0119trza<\/strong><\/h2>\n<p>Proponowana donica aluminiowa mo\u017ce zosta\u0107 umieszczona nie tylko na zewn\u0105trz budynku. Wiele firm oraz obiekt\u00f3w u\u017cyteczno\u015bci publicznej decyduje si\u0119 na u\u017cytkowanie jej w \u015brodku budynku. Model ten z uwagi na swoje spore gabaryty najlepiej prezentuje si\u0119 na du\u017cych przestrzeniach. B\u0119dzie doskona\u0142y do du\u017cych ro\u015blin, kt\u00f3re wymagaj\u0105 sporej ilo\u015bci miejsca do prawid\u0142owego wzrostu.<\/p>\n<p>Oferowana donica z aluminium to modny, a zarazem praktyczny dodatek na taras, balkon, werand\u0119, czy te\u017c ogr\u00f3d.<\/p>\n","protected":false},"excerpt":{"rendered":"<p>Donica aluminiowa Alessio 6 produkowana jest we wszystkich kolorach palety RAL. Donica produkowana jest w standardzie z otworami odp\u0142ywowymi. Waga to: 45kg, a wymiary : d\u0142ugo\u015b\u0107:100cm, szeroko\u015b\u0107:100cm, wysoko\u015b\u0107:100cm. Zalecane stosowanie jako donica tarasowa.<\/p>\n","protected":false},"featured_media":57434,"template":"","meta":{"_acf_changed":false},"product_brand":[],"product_cat":[116],"product_tag":[446,444,451],"class_list":{"0":"post-50947","1":"product","2":"type-product","3":"status-publish","4":"has-post-thumbnail","6":"product_cat-donice-z-aluminium","7":"product_tag-donice-aluminiowe","8":"product_tag-donice-ogrodowe","9":"product_tag-donice-wewnetrzne","10":"description-off","11":"tm-has-options","13":"first","14":"instock","15":"shipping-taxable","16":"purchasable","17":"product-type-simple"},"acf":[],"yoast_head":"<!-- This site is optimized with the Yoast SEO plugin v27.5 - https:\/\/yoast.com\/product\/yoast-seo-wordpress\/ -->\n<title>Metrowa donica aluminiowa Alessio 6 do Rabat Kwiatowych i Krzew\u00f3w<\/title>\n<meta name=\"description\" content=\"Zjawiskowa metrowa donica aluminiowa jest nie tylko praktyczna, ale r\u00f3wnie\u017c efektowna. Pomimo swoich du\u017cych rozmiar\u00f3w jest do\u015b\u0107 lekka.\" \/>\n<meta name=\"robots\" content=\"index, follow, max-snippet:-1, max-image-preview:large, max-video-preview:-1\" \/>\n<link rel=\"canonical\" href=\"https:\/\/worldofflowerpots.com\/sklep\/metrowa-donica-aluminiowa-alessio-6\/\" \/>\n<meta property=\"og:locale\" content=\"pl_PL\" \/>\n<meta property=\"og:type\" content=\"article\" \/>\n<meta property=\"og:title\" content=\"Metrowa donica aluminiowa Alessio 6 do Rabat Kwiatowych i Krzew\u00f3w\" \/>\n<meta property=\"og:description\" content=\"Zjawiskowa metrowa donica aluminiowa jest nie tylko praktyczna, ale r\u00f3wnie\u017c efektowna. Pomimo swoich du\u017cych rozmiar\u00f3w jest do\u015b\u0107 lekka.\" \/>\n<meta property=\"og:url\" content=\"https:\/\/worldofflowerpots.com\/sklep\/metrowa-donica-aluminiowa-alessio-6\/\" \/>\n<meta property=\"og:site_name\" content=\"World of Flowerpots\" \/>\n<meta property=\"article:modified_time\" content=\"2019-04-05T08:24:37+00:00\" \/>\n<meta property=\"og:image\" content=\"https:\/\/worldofflowerpots.com\/wp-content\/uploads\/2019\/01\/Metrowa-donica-aluminiowa-Alessio_6-1.jpg\" \/>\n\t<meta property=\"og:image:width\" content=\"2280\" \/>\n\t<meta property=\"og:image:height\" content=\"1612\" \/>\n\t<meta property=\"og:image:type\" content=\"image\/jpeg\" \/>\n<meta name=\"twitter:card\" content=\"summary_large_image\" \/>\n<meta name=\"twitter:label1\" content=\"Szacowany czas czytania\" \/>\n\t<meta name=\"twitter:data1\" content=\"2 minuty\" \/>\n<script type=\"application\/ld+json\" class=\"yoast-schema-graph\">{\"@context\":\"https:\\\/\\\/schema.org\",\"@graph\":[{\"@type\":\"WebPage\",\"@id\":\"https:\\\/\\\/worldofflowerpots.com\\\/sklep\\\/metrowa-donica-aluminiowa-alessio-6\\\/\",\"url\":\"https:\\\/\\\/worldofflowerpots.com\\\/sklep\\\/metrowa-donica-aluminiowa-alessio-6\\\/\",\"name\":\"Metrowa donica aluminiowa Alessio 6 do Rabat Kwiatowych i Krzew\u00f3w\",\"isPartOf\":{\"@id\":\"https:\\\/\\\/worldofflowerpots.com\\\/#website\"},\"primaryImageOfPage\":{\"@id\":\"https:\\\/\\\/worldofflowerpots.com\\\/sklep\\\/metrowa-donica-aluminiowa-alessio-6\\\/#primaryimage\"},\"image\":{\"@id\":\"https:\\\/\\\/worldofflowerpots.com\\\/sklep\\\/metrowa-donica-aluminiowa-alessio-6\\\/#primaryimage\"},\"thumbnailUrl\":\"https:\\\/\\\/worldofflowerpots.com\\\/wp-content\\\/uploads\\\/2019\\\/01\\\/Metrowa-donica-aluminiowa-Alessio_6-1.jpg\",\"datePublished\":\"2019-01-18T14:12:21+00:00\",\"dateModified\":\"2019-04-05T08:24:37+00:00\",\"description\":\"Zjawiskowa metrowa donica aluminiowa jest nie tylko praktyczna, ale r\u00f3wnie\u017c efektowna. Pomimo swoich du\u017cych rozmiar\u00f3w jest do\u015b\u0107 lekka.\",\"breadcrumb\":{\"@id\":\"https:\\\/\\\/worldofflowerpots.com\\\/sklep\\\/metrowa-donica-aluminiowa-alessio-6\\\/#breadcrumb\"},\"inLanguage\":\"pl-PL\",\"potentialAction\":[{\"@type\":\"ReadAction\",\"target\":[\"https:\\\/\\\/worldofflowerpots.com\\\/sklep\\\/metrowa-donica-aluminiowa-alessio-6\\\/\"]}]},{\"@type\":\"ImageObject\",\"inLanguage\":\"pl-PL\",\"@id\":\"https:\\\/\\\/worldofflowerpots.com\\\/sklep\\\/metrowa-donica-aluminiowa-alessio-6\\\/#primaryimage\",\"url\":\"https:\\\/\\\/worldofflowerpots.com\\\/wp-content\\\/uploads\\\/2019\\\/01\\\/Metrowa-donica-aluminiowa-Alessio_6-1.jpg\",\"contentUrl\":\"https:\\\/\\\/worldofflowerpots.com\\\/wp-content\\\/uploads\\\/2019\\\/01\\\/Metrowa-donica-aluminiowa-Alessio_6-1.jpg\",\"width\":2280,\"height\":1612},{\"@type\":\"BreadcrumbList\",\"@id\":\"https:\\\/\\\/worldofflowerpots.com\\\/sklep\\\/metrowa-donica-aluminiowa-alessio-6\\\/#breadcrumb\",\"itemListElement\":[{\"@type\":\"ListItem\",\"position\":1,\"name\":\"Strona g\u0142\u00f3wna\",\"item\":\"https:\\\/\\\/worldofflowerpots.com\\\/\"},{\"@type\":\"ListItem\",\"position\":2,\"name\":\"Sklep\",\"item\":\"https:\\\/\\\/worldofflowerpots.com\\\/sklep\\\/\"},{\"@type\":\"ListItem\",\"position\":3,\"name\":\"Metrowa donica aluminiowa Alessio 6\"}]},{\"@type\":\"WebSite\",\"@id\":\"https:\\\/\\\/worldofflowerpots.com\\\/#website\",\"url\":\"https:\\\/\\\/worldofflowerpots.com\\\/\",\"name\":\"World of Flowerpots\",\"description\":\"producent donic ozdobnych\",\"potentialAction\":[{\"@type\":\"SearchAction\",\"target\":{\"@type\":\"EntryPoint\",\"urlTemplate\":\"https:\\\/\\\/worldofflowerpots.com\\\/?s={search_term_string}\"},\"query-input\":{\"@type\":\"PropertyValueSpecification\",\"valueRequired\":true,\"valueName\":\"search_term_string\"}}],\"inLanguage\":\"pl-PL\"}]}<\/script>\n<!-- \/ Yoast SEO plugin. -->","yoast_head_json":{"title":"Metrowa donica aluminiowa Alessio 6 do Rabat Kwiatowych i Krzew\u00f3w","description":"Zjawiskowa metrowa donica aluminiowa jest nie tylko praktyczna, ale r\u00f3wnie\u017c efektowna. Pomimo swoich du\u017cych rozmiar\u00f3w jest do\u015b\u0107 lekka.","robots":{"index":"index","follow":"follow","max-snippet":"max-snippet:-1","max-image-preview":"max-image-preview:large","max-video-preview":"max-video-preview:-1"},"canonical":"https:\/\/worldofflowerpots.com\/sklep\/metrowa-donica-aluminiowa-alessio-6\/","og_locale":"pl_PL","og_type":"article","og_title":"Metrowa donica aluminiowa Alessio 6 do Rabat Kwiatowych i Krzew\u00f3w","og_description":"Zjawiskowa metrowa donica aluminiowa jest nie tylko praktyczna, ale r\u00f3wnie\u017c efektowna. Pomimo swoich du\u017cych rozmiar\u00f3w jest do\u015b\u0107 lekka.","og_url":"https:\/\/worldofflowerpots.com\/sklep\/metrowa-donica-aluminiowa-alessio-6\/","og_site_name":"World of Flowerpots","article_modified_time":"2019-04-05T08:24:37+00:00","og_image":[{"width":2280,"height":1612,"url":"https:\/\/worldofflowerpots.com\/wp-content\/uploads\/2019\/01\/Metrowa-donica-aluminiowa-Alessio_6-1.jpg","type":"image\/jpeg"}],"twitter_card":"summary_large_image","twitter_misc":{"Szacowany czas czytania":"2 minuty"},"schema":{"@context":"https:\/\/schema.org","@graph":[{"@type":"WebPage","@id":"https:\/\/worldofflowerpots.com\/sklep\/metrowa-donica-aluminiowa-alessio-6\/","url":"https:\/\/worldofflowerpots.com\/sklep\/metrowa-donica-aluminiowa-alessio-6\/","name":"Metrowa donica aluminiowa Alessio 6 do Rabat Kwiatowych i Krzew\u00f3w","isPartOf":{"@id":"https:\/\/worldofflowerpots.com\/#website"},"primaryImageOfPage":{"@id":"https:\/\/worldofflowerpots.com\/sklep\/metrowa-donica-aluminiowa-alessio-6\/#primaryimage"},"image":{"@id":"https:\/\/worldofflowerpots.com\/sklep\/metrowa-donica-aluminiowa-alessio-6\/#primaryimage"},"thumbnailUrl":"https:\/\/worldofflowerpots.com\/wp-content\/uploads\/2019\/01\/Metrowa-donica-aluminiowa-Alessio_6-1.jpg","datePublished":"2019-01-18T14:12:21+00:00","dateModified":"2019-04-05T08:24:37+00:00","description":"Zjawiskowa metrowa donica aluminiowa jest nie tylko praktyczna, ale r\u00f3wnie\u017c efektowna. Pomimo swoich du\u017cych rozmiar\u00f3w jest do\u015b\u0107 lekka.","breadcrumb":{"@id":"https:\/\/worldofflowerpots.com\/sklep\/metrowa-donica-aluminiowa-alessio-6\/#breadcrumb"},"inLanguage":"pl-PL","potentialAction":[{"@type":"ReadAction","target":["https:\/\/worldofflowerpots.com\/sklep\/metrowa-donica-aluminiowa-alessio-6\/"]}]},{"@type":"ImageObject","inLanguage":"pl-PL","@id":"https:\/\/worldofflowerpots.com\/sklep\/metrowa-donica-aluminiowa-alessio-6\/#primaryimage","url":"https:\/\/worldofflowerpots.com\/wp-content\/uploads\/2019\/01\/Metrowa-donica-aluminiowa-Alessio_6-1.jpg","contentUrl":"https:\/\/worldofflowerpots.com\/wp-content\/uploads\/2019\/01\/Metrowa-donica-aluminiowa-Alessio_6-1.jpg","width":2280,"height":1612},{"@type":"BreadcrumbList","@id":"https:\/\/worldofflowerpots.com\/sklep\/metrowa-donica-aluminiowa-alessio-6\/#breadcrumb","itemListElement":[{"@type":"ListItem","position":1,"name":"Strona g\u0142\u00f3wna","item":"https:\/\/worldofflowerpots.com\/"},{"@type":"ListItem","position":2,"name":"Sklep","item":"https:\/\/worldofflowerpots.com\/sklep\/"},{"@type":"ListItem","position":3,"name":"Metrowa donica aluminiowa Alessio 6"}]},{"@type":"WebSite","@id":"https:\/\/worldofflowerpots.com\/#website","url":"https:\/\/worldofflowerpots.com\/","name":"World of Flowerpots","description":"producent donic ozdobnych","potentialAction":[{"@type":"SearchAction","target":{"@type":"EntryPoint","urlTemplate":"https:\/\/worldofflowerpots.com\/?s={search_term_string}"},"query-input":{"@type":"PropertyValueSpecification","valueRequired":true,"valueName":"search_term_string"}}],"inLanguage":"pl-PL"}]}},"_links":{"self":[{"href":"https:\/\/worldofflowerpots.com\/pl\/wp-json\/wp\/v2\/product\/50947","targetHints":{"allow":["GET"]}}],"collection":[{"href":"https:\/\/worldofflowerpots.com\/pl\/wp-json\/wp\/v2\/product"}],"about":[{"href":"https:\/\/worldofflowerpots.com\/pl\/wp-json\/wp\/v2\/types\/product"}],"wp:featuredmedia":[{"embeddable":true,"href":"https:\/\/worldofflowerpots.com\/pl\/wp-json\/wp\/v2\/media\/57434"}],"wp:attachment":[{"href":"https:\/\/worldofflowerpots.com\/pl\/wp-json\/wp\/v2\/media?parent=50947"}],"wp:term":[{"taxonomy":"product_brand","embeddable":true,"href":"https:\/\/worldofflowerpots.com\/pl\/wp-json\/wp\/v2\/product_brand?post=50947"},{"taxonomy":"product_cat","embeddable":true,"href":"https:\/\/worldofflowerpots.com\/pl\/wp-json\/wp\/v2\/product_cat?post=50947"},{"taxonomy":"product_tag","embeddable":true,"href":"https:\/\/worldofflowerpots.com\/pl\/wp-json\/wp\/v2\/product_tag?post=50947"}],"curies":[{"name":"wp","href":"https:\/\/api.w.org\/{rel}","templated":true}]}}