{"id":50949,"date":"2019-01-18T15:12:21","date_gmt":"2019-01-18T14:12:21","guid":{"rendered":"https:\/\/worldofflowerpots.com\/product\/import-placeholder-for-264\/"},"modified":"2019-04-05T10:29:10","modified_gmt":"2019-04-05T08:29:10","slug":"duze-donice-aluminiowe-alessio-8","status":"publish","type":"product","link":"https:\/\/worldofflowerpots.com\/pl\/sklep\/duze-donice-aluminiowe-alessio-8\/","title":{"rendered":"Du\u017ce donice aluminiowe Alessio 8"},"content":{"rendered":"<p>W aran\u017cacji przestrzeni ogrodowej wa\u017cne s\u0105 nie tylko ro\u015bliny, ale te\u017c elementy tzw. ma\u0142ej architektury, kt\u00f3re dope\u0142niaj\u0105 ca\u0142o\u015b\u0107 designu i pozwalaj\u0105 stworzy\u0107 nietuzinkowy klimat.\u00a0 Dotyczy to u\u017cycia np. du\u017cych donic, o\u017cywiaj\u0105cych i dekoruj\u0105cych przestrze\u0144.<\/p>\n<h2>Du\u017ce donice aluminiowe &#8211; kiedy sprawdzaj\u0105 si\u0119 w aran\u017cacji ogrod\u00f3w?<\/h2>\n<p>Donice wykonane z aluminium sprawdzaj\u0105 si\u0119 w r\u00f3\u017cnorodnych dekoracjach ogrodowych. Wynika to z faktu, \u017ce s\u0105 wysoce estetyczne i posiadaj\u0105 dobre parametry techniczne. To zapewnia ich d\u0142ugotrwa\u0142e i bezawaryjne u\u017cytkowanie. Stopy aluminium, wykorzystane w procesie produkcji, daj\u0105 wysok\u0105 odporno\u015b\u0107 na korozj\u0119. Aluminium jest materia\u0142em ekologicznym. Ma to znaczenie dla os\u00f3b, kt\u00f3re przyk\u0142adaj\u0105 du\u017c\u0105 wag\u0119 do ochrony \u015brodowiska naturalnego. Sprawdza si\u0119 te\u017c w przypadku os\u00f3b, kt\u00f3re chc\u0105 mie\u0107 w otoczeniu domu produkty powsta\u0142e na bazie naturalnych substancji.<\/p>\n<h2>Du\u017ce donice aluminiowe &#8211; czy s\u0105 praktyczne i wygodne?<\/h2>\n<p>Estetyczne donice aluminiowe s\u0105 te\u017c praktyczne na co dzie\u0144. Wynika to z faktu, \u017ce posiadaj\u0105 otwory odp\u0142ywowe, co wp\u0142ywa na ich u\u017cyteczno\u015b\u0107. Sprawdzaj\u0105 si\u0119 dobrze w ogrodzie i na tarasie. S\u0105 \u0142atwe do utrzymania w czysto\u015bci. Produkowane s\u0105 we wszystkich kolorach palety RAL. Daje to mo\u017cliwo\u015b\u0107 dopasowania do innych element\u00f3w aran\u017cacji. Ponadto posiadaj\u0105 prost\u0105 form\u0119 w kszta\u0142cie regularnej bry\u0142y. Jest to obecnie najmodniejszy i najbardziej po\u017c\u0105dany wz\u00f3r dekoracji przestrzeni u\u017cytkowych i mieszkalnych. Idealnie wpisuje si\u0119 w nowoczesne rozumienie dobrego i efektywnego designu. W praktyce stanowi wi\u0119c prawdziw\u0105 gratk\u0119 dla mi\u0142o\u015bnik\u00f3w i pasjonat\u00f3w wysmakowanych i estetycznych przestrzeni.<\/p>\n<h2>Propozycje aran\u017cacji ogrodu<\/h2>\n<p>Donice stanowi\u0105 efektywn\u0105 ozdob\u0119 przestrzeni ogrodowej i same w sobie s\u0105 dekoracj\u0105. Dodatkowym walorem wizualnym z pewno\u015bci\u0105 b\u0119d\u0105 ro\u015bliny, kt\u00f3re w nich umie\u015bcimy, w otoczeniu np. ma\u0142ych kamyczk\u00f3w.<\/p>\n<p>Donice mog\u0105 tworzy\u0107 wydzielon\u0105 stref\u0119 w ogrodzie, umieszczane np. obok \u0142aweczek, miejsc do grillowania czy rabat kwiatowych. Mo\u017cna je umieszcza\u0107 obok wjazdu, wej\u015bcia do ogrodu &#8211; jako element czysto dekoracyjny. W okresie \u015bwi\u0105tecznym mo\u017cna w nich umieszcza\u0107 ozdobne drzewka. Pozwoli to na ich zagospodarowanie o ka\u017cdej porze roku.<\/p>\n","protected":false},"excerpt":{"rendered":"<p>Donica aluminiowa Alessio 8 produkowana jest we wszystkich kolorach palety RAL. Donica produkowana jest w standardzie z otworami odp\u0142ywowymi. Waga to: 58 kg, a wymiary: d\u0142ugo\u015b\u0107: 140 cm, szeroko\u015b\u0107: 140 cm, wysoko\u015b\u0107: 80 cm. Zalecane stosowanie jako donica ogrodowa.<\/p>\n","protected":false},"featured_media":57454,"template":"","meta":{"_acf_changed":false},"product_brand":[],"product_cat":[116],"product_tag":[446,444,451],"class_list":{"0":"post-50949","1":"product","2":"type-product","3":"status-publish","4":"has-post-thumbnail","6":"product_cat-donice-z-aluminium","7":"product_tag-donice-aluminiowe","8":"product_tag-donice-ogrodowe","9":"product_tag-donice-wewnetrzne","10":"description-off","11":"tm-has-options","13":"first","14":"instock","15":"shipping-taxable","16":"purchasable","17":"product-type-simple"},"acf":[],"yoast_head":"<!-- This site is optimized with the Yoast SEO plugin v27.5 - https:\/\/yoast.com\/product\/yoast-seo-wordpress\/ -->\n<title>Du\u017ce donice aluminiowe Alessio 8 do hodowli drzewek i krzew\u00f3w<\/title>\n<meta name=\"description\" content=\"Estetyczne du\u017ce donice aluminiowe s\u0105 te\u017c praktyczne na co dzie\u0144. Wynika to z faktu, \u017ce posiadaj\u0105 otwory odp\u0142ywowe, co wp\u0142ywa na ich u\u017cyteczno\u015b\u0107\" \/>\n<meta name=\"robots\" content=\"index, follow, max-snippet:-1, max-image-preview:large, max-video-preview:-1\" \/>\n<link rel=\"canonical\" href=\"https:\/\/worldofflowerpots.com\/sklep\/duze-donice-aluminiowe-alessio-8\/\" \/>\n<meta property=\"og:locale\" content=\"pl_PL\" \/>\n<meta property=\"og:type\" content=\"article\" \/>\n<meta property=\"og:title\" content=\"Du\u017ce donice aluminiowe Alessio 8 do hodowli drzewek i krzew\u00f3w\" \/>\n<meta property=\"og:description\" content=\"Estetyczne du\u017ce donice aluminiowe s\u0105 te\u017c praktyczne na co dzie\u0144. Wynika to z faktu, \u017ce posiadaj\u0105 otwory odp\u0142ywowe, co wp\u0142ywa na ich u\u017cyteczno\u015b\u0107\" \/>\n<meta property=\"og:url\" content=\"https:\/\/worldofflowerpots.com\/sklep\/duze-donice-aluminiowe-alessio-8\/\" \/>\n<meta property=\"og:site_name\" content=\"World of Flowerpots\" \/>\n<meta property=\"article:modified_time\" content=\"2019-04-05T08:29:10+00:00\" \/>\n<meta property=\"og:image\" content=\"https:\/\/worldofflowerpots.com\/wp-content\/uploads\/2019\/01\/Du\u017ce-donice-aluminiowe-Alessio_8-1.jpg\" \/>\n\t<meta property=\"og:image:width\" content=\"2280\" \/>\n\t<meta property=\"og:image:height\" content=\"1612\" \/>\n\t<meta property=\"og:image:type\" content=\"image\/jpeg\" \/>\n<meta name=\"twitter:card\" content=\"summary_large_image\" \/>\n<meta name=\"twitter:label1\" content=\"Szacowany czas czytania\" \/>\n\t<meta name=\"twitter:data1\" content=\"2 minuty\" \/>\n<script type=\"application\/ld+json\" class=\"yoast-schema-graph\">{\"@context\":\"https:\\\/\\\/schema.org\",\"@graph\":[{\"@type\":\"WebPage\",\"@id\":\"https:\\\/\\\/worldofflowerpots.com\\\/sklep\\\/duze-donice-aluminiowe-alessio-8\\\/\",\"url\":\"https:\\\/\\\/worldofflowerpots.com\\\/sklep\\\/duze-donice-aluminiowe-alessio-8\\\/\",\"name\":\"Du\u017ce donice aluminiowe Alessio 8 do hodowli drzewek i krzew\u00f3w\",\"isPartOf\":{\"@id\":\"https:\\\/\\\/worldofflowerpots.com\\\/#website\"},\"primaryImageOfPage\":{\"@id\":\"https:\\\/\\\/worldofflowerpots.com\\\/sklep\\\/duze-donice-aluminiowe-alessio-8\\\/#primaryimage\"},\"image\":{\"@id\":\"https:\\\/\\\/worldofflowerpots.com\\\/sklep\\\/duze-donice-aluminiowe-alessio-8\\\/#primaryimage\"},\"thumbnailUrl\":\"https:\\\/\\\/worldofflowerpots.com\\\/wp-content\\\/uploads\\\/2019\\\/01\\\/Du\u017ce-donice-aluminiowe-Alessio_8-1.jpg\",\"datePublished\":\"2019-01-18T14:12:21+00:00\",\"dateModified\":\"2019-04-05T08:29:10+00:00\",\"description\":\"Estetyczne du\u017ce donice aluminiowe s\u0105 te\u017c praktyczne na co dzie\u0144. Wynika to z faktu, \u017ce posiadaj\u0105 otwory odp\u0142ywowe, co wp\u0142ywa na ich u\u017cyteczno\u015b\u0107\",\"breadcrumb\":{\"@id\":\"https:\\\/\\\/worldofflowerpots.com\\\/sklep\\\/duze-donice-aluminiowe-alessio-8\\\/#breadcrumb\"},\"inLanguage\":\"pl-PL\",\"potentialAction\":[{\"@type\":\"ReadAction\",\"target\":[\"https:\\\/\\\/worldofflowerpots.com\\\/sklep\\\/duze-donice-aluminiowe-alessio-8\\\/\"]}]},{\"@type\":\"ImageObject\",\"inLanguage\":\"pl-PL\",\"@id\":\"https:\\\/\\\/worldofflowerpots.com\\\/sklep\\\/duze-donice-aluminiowe-alessio-8\\\/#primaryimage\",\"url\":\"https:\\\/\\\/worldofflowerpots.com\\\/wp-content\\\/uploads\\\/2019\\\/01\\\/Du\u017ce-donice-aluminiowe-Alessio_8-1.jpg\",\"contentUrl\":\"https:\\\/\\\/worldofflowerpots.com\\\/wp-content\\\/uploads\\\/2019\\\/01\\\/Du\u017ce-donice-aluminiowe-Alessio_8-1.jpg\",\"width\":2280,\"height\":1612},{\"@type\":\"BreadcrumbList\",\"@id\":\"https:\\\/\\\/worldofflowerpots.com\\\/sklep\\\/duze-donice-aluminiowe-alessio-8\\\/#breadcrumb\",\"itemListElement\":[{\"@type\":\"ListItem\",\"position\":1,\"name\":\"Strona g\u0142\u00f3wna\",\"item\":\"https:\\\/\\\/worldofflowerpots.com\\\/\"},{\"@type\":\"ListItem\",\"position\":2,\"name\":\"Sklep\",\"item\":\"https:\\\/\\\/worldofflowerpots.com\\\/sklep\\\/\"},{\"@type\":\"ListItem\",\"position\":3,\"name\":\"Du\u017ce donice aluminiowe Alessio 8\"}]},{\"@type\":\"WebSite\",\"@id\":\"https:\\\/\\\/worldofflowerpots.com\\\/#website\",\"url\":\"https:\\\/\\\/worldofflowerpots.com\\\/\",\"name\":\"World of Flowerpots\",\"description\":\"producent donic ozdobnych\",\"potentialAction\":[{\"@type\":\"SearchAction\",\"target\":{\"@type\":\"EntryPoint\",\"urlTemplate\":\"https:\\\/\\\/worldofflowerpots.com\\\/?s={search_term_string}\"},\"query-input\":{\"@type\":\"PropertyValueSpecification\",\"valueRequired\":true,\"valueName\":\"search_term_string\"}}],\"inLanguage\":\"pl-PL\"}]}<\/script>\n<!-- \/ Yoast SEO plugin. -->","yoast_head_json":{"title":"Du\u017ce donice aluminiowe Alessio 8 do hodowli drzewek i krzew\u00f3w","description":"Estetyczne du\u017ce donice aluminiowe s\u0105 te\u017c praktyczne na co dzie\u0144. Wynika to z faktu, \u017ce posiadaj\u0105 otwory odp\u0142ywowe, co wp\u0142ywa na ich u\u017cyteczno\u015b\u0107","robots":{"index":"index","follow":"follow","max-snippet":"max-snippet:-1","max-image-preview":"max-image-preview:large","max-video-preview":"max-video-preview:-1"},"canonical":"https:\/\/worldofflowerpots.com\/sklep\/duze-donice-aluminiowe-alessio-8\/","og_locale":"pl_PL","og_type":"article","og_title":"Du\u017ce donice aluminiowe Alessio 8 do hodowli drzewek i krzew\u00f3w","og_description":"Estetyczne du\u017ce donice aluminiowe s\u0105 te\u017c praktyczne na co dzie\u0144. Wynika to z faktu, \u017ce posiadaj\u0105 otwory odp\u0142ywowe, co wp\u0142ywa na ich u\u017cyteczno\u015b\u0107","og_url":"https:\/\/worldofflowerpots.com\/sklep\/duze-donice-aluminiowe-alessio-8\/","og_site_name":"World of Flowerpots","article_modified_time":"2019-04-05T08:29:10+00:00","og_image":[{"width":2280,"height":1612,"url":"https:\/\/worldofflowerpots.com\/wp-content\/uploads\/2019\/01\/Du\u017ce-donice-aluminiowe-Alessio_8-1.jpg","type":"image\/jpeg"}],"twitter_card":"summary_large_image","twitter_misc":{"Szacowany czas czytania":"2 minuty"},"schema":{"@context":"https:\/\/schema.org","@graph":[{"@type":"WebPage","@id":"https:\/\/worldofflowerpots.com\/sklep\/duze-donice-aluminiowe-alessio-8\/","url":"https:\/\/worldofflowerpots.com\/sklep\/duze-donice-aluminiowe-alessio-8\/","name":"Du\u017ce donice aluminiowe Alessio 8 do hodowli drzewek i krzew\u00f3w","isPartOf":{"@id":"https:\/\/worldofflowerpots.com\/#website"},"primaryImageOfPage":{"@id":"https:\/\/worldofflowerpots.com\/sklep\/duze-donice-aluminiowe-alessio-8\/#primaryimage"},"image":{"@id":"https:\/\/worldofflowerpots.com\/sklep\/duze-donice-aluminiowe-alessio-8\/#primaryimage"},"thumbnailUrl":"https:\/\/worldofflowerpots.com\/wp-content\/uploads\/2019\/01\/Du\u017ce-donice-aluminiowe-Alessio_8-1.jpg","datePublished":"2019-01-18T14:12:21+00:00","dateModified":"2019-04-05T08:29:10+00:00","description":"Estetyczne du\u017ce donice aluminiowe s\u0105 te\u017c praktyczne na co dzie\u0144. Wynika to z faktu, \u017ce posiadaj\u0105 otwory odp\u0142ywowe, co wp\u0142ywa na ich u\u017cyteczno\u015b\u0107","breadcrumb":{"@id":"https:\/\/worldofflowerpots.com\/sklep\/duze-donice-aluminiowe-alessio-8\/#breadcrumb"},"inLanguage":"pl-PL","potentialAction":[{"@type":"ReadAction","target":["https:\/\/worldofflowerpots.com\/sklep\/duze-donice-aluminiowe-alessio-8\/"]}]},{"@type":"ImageObject","inLanguage":"pl-PL","@id":"https:\/\/worldofflowerpots.com\/sklep\/duze-donice-aluminiowe-alessio-8\/#primaryimage","url":"https:\/\/worldofflowerpots.com\/wp-content\/uploads\/2019\/01\/Du\u017ce-donice-aluminiowe-Alessio_8-1.jpg","contentUrl":"https:\/\/worldofflowerpots.com\/wp-content\/uploads\/2019\/01\/Du\u017ce-donice-aluminiowe-Alessio_8-1.jpg","width":2280,"height":1612},{"@type":"BreadcrumbList","@id":"https:\/\/worldofflowerpots.com\/sklep\/duze-donice-aluminiowe-alessio-8\/#breadcrumb","itemListElement":[{"@type":"ListItem","position":1,"name":"Strona g\u0142\u00f3wna","item":"https:\/\/worldofflowerpots.com\/"},{"@type":"ListItem","position":2,"name":"Sklep","item":"https:\/\/worldofflowerpots.com\/sklep\/"},{"@type":"ListItem","position":3,"name":"Du\u017ce donice aluminiowe Alessio 8"}]},{"@type":"WebSite","@id":"https:\/\/worldofflowerpots.com\/#website","url":"https:\/\/worldofflowerpots.com\/","name":"World of Flowerpots","description":"producent donic ozdobnych","potentialAction":[{"@type":"SearchAction","target":{"@type":"EntryPoint","urlTemplate":"https:\/\/worldofflowerpots.com\/?s={search_term_string}"},"query-input":{"@type":"PropertyValueSpecification","valueRequired":true,"valueName":"search_term_string"}}],"inLanguage":"pl-PL"}]}},"_links":{"self":[{"href":"https:\/\/worldofflowerpots.com\/pl\/wp-json\/wp\/v2\/product\/50949","targetHints":{"allow":["GET"]}}],"collection":[{"href":"https:\/\/worldofflowerpots.com\/pl\/wp-json\/wp\/v2\/product"}],"about":[{"href":"https:\/\/worldofflowerpots.com\/pl\/wp-json\/wp\/v2\/types\/product"}],"wp:featuredmedia":[{"embeddable":true,"href":"https:\/\/worldofflowerpots.com\/pl\/wp-json\/wp\/v2\/media\/57454"}],"wp:attachment":[{"href":"https:\/\/worldofflowerpots.com\/pl\/wp-json\/wp\/v2\/media?parent=50949"}],"wp:term":[{"taxonomy":"product_brand","embeddable":true,"href":"https:\/\/worldofflowerpots.com\/pl\/wp-json\/wp\/v2\/product_brand?post=50949"},{"taxonomy":"product_cat","embeddable":true,"href":"https:\/\/worldofflowerpots.com\/pl\/wp-json\/wp\/v2\/product_cat?post=50949"},{"taxonomy":"product_tag","embeddable":true,"href":"https:\/\/worldofflowerpots.com\/pl\/wp-json\/wp\/v2\/product_tag?post=50949"}],"curies":[{"name":"wp","href":"https:\/\/api.w.org\/{rel}","templated":true}]}}