{"id":50950,"date":"2019-01-18T15:12:21","date_gmt":"2019-01-18T14:12:21","guid":{"rendered":"https:\/\/worldofflowerpots.com\/product\/import-placeholder-for-265\/"},"modified":"2019-04-05T10:35:42","modified_gmt":"2019-04-05T08:35:42","slug":"prostokatna-donica-aluminiowa-edoardo-1","status":"publish","type":"product","link":"https:\/\/worldofflowerpots.com\/pl\/sklep\/prostokatna-donica-aluminiowa-edoardo-1\/","title":{"rendered":"Prostok\u0105tna donica aluminiowa Edoardo 1"},"content":{"rendered":"<h2><strong>Praktyczna i pi\u0119kna<\/strong><\/h2>\n<p>Edoardo 1 to prostok\u0105tna donica aluminiowa, kt\u00f3ra zosta\u0142a stworzona z my\u015bl\u0105 o najbardziej wymagaj\u0105cych osobach. Jest to model dopracowany w ka\u017cdym calu. Wyr\u00f3\u017cnia si\u0119 on nie tylko wysok\u0105 wytrzyma\u0142o\u015bci\u0105, ale r\u00f3wnie\u017c efektown\u0105 stylistyk\u0105. Stanowi to idealne uzupe\u0142nienie klasycznych, minimalistycznych, industrialnych, czy te\u017c modernistycznych aran\u017cacji. Jest to model doskona\u0142y na balkon, taras, czy te\u017c ogr\u00f3d. W ka\u017cdy miejscu prezentuje si\u0119 on niekonwencjonalnie. Z pewno\u015bci\u0105 pomo\u017ce nam stworzy\u0107 \u015bwietn\u0105 aran\u017cacj\u0119. Proponowana prostok\u0105tna donica aluminiowa b\u0119dzie r\u00f3wnie\u017c dobrym wyborem do obiekt\u00f3w komercyjnych np. biur, restauracji, czy te\u017c hoteli. Mo\u017ce ona zosta\u0107 postawiona nie tylko na zewn\u0105trz, ale r\u00f3wnie\u017c wewn\u0105trz budynku. Wszystko zale\u017cy od naszych preferencji.<\/p>\n<h2><strong>Lekka a mimo to wytrzyma\u0142a<\/strong><\/h2>\n<p>Prostok\u0105tna donica aluminiowa to produkt lekki (20 kg), a jednocze\u015bnie stabilny. Bez najmniejszego problemu przesuniemy j\u0105 w wybrane miejsce. Nie musimy r\u00f3wnie\u017c obawia\u0107 si\u0119, \u017ce przewr\u00f3ci si\u0119 podczas silnego wiatru. Nic takiego si\u0119 nie stanie. Jest to model o podwy\u017cszonej jako\u015bci i \u017cywotno\u015bci. Niezawodnie pos\u0142u\u017cy przez wiele sezon\u00f3w. Sporym atutem jest to, \u017ce produkt wyst\u0119puje w r\u00f3\u017cnych wariantach kolorystycznych, tak wi\u0119c ka\u017cdy wybierze co\u015b odpowiedniego dla siebie.<\/p>\n<p>Proponowana donica aluminiowa jest malowana proszkowo. To w\u0142a\u015bnie dlatego prezentuje si\u0119 ona tak stylowo. Technika ta pozwala uzyska\u0107 idealnie g\u0142adk\u0105 powierzchni\u0119, kt\u00f3ra pozbawiona jest jakichkolwiek \u015blad\u00f3w malowania. Ponadto jest to pow\u0142oka wyj\u0105tkowo trwa\u0142a i odporna na uszkodzenia mechaniczne. Nie trzeba wi\u0119c obawia\u0107 si\u0119, \u017ce na \u015bciankach donicy powstan\u0105 rysy, czy te\u017c wg\u0142\u0119bienia. Przez ca\u0142y okres u\u017cytkowania zachowa ona swoj\u0105 pierwotn\u0105 form\u0119.<\/p>\n<h2><strong>Into &amp; Outdoors<\/strong><\/h2>\n<p>Edoardo 1 to donica wyj\u0105tkowo solidna. Wykazuje ona ponadprzeci\u0119tn\u0105 odporno\u015b\u0107 na negatywne oddzia\u0142ywanie czynnik\u00f3w atmosferycznych m.in. deszczu, \u015bniegu, mrozu, wysokich temperatur, wiatru, czy te\u017c promieniowania UV. Nie musi by\u0107 ona chowana na zim\u0119 do wn\u0119trz budynku. Z pewno\u015bci\u0105 zadowoli to osoby, kt\u00f3re nie posiadaj\u0105 wolnej przestrzeni na przechowywanie sprz\u0119tu balkonowego.<\/p>\n<p>Interesuj\u0105ce jest, \u017ce opisywana donica wykonana jest z niezwykle cienkiej blachy. Nadaje jej to subtelno\u015bci oraz unikatowego charakteru.<\/p>\n","protected":false},"excerpt":{"rendered":"<p>Donica aluminiowa Edoardo 1 produkowana jest we wszystkich kolorach palety RAL. Donica produkowana jest w standardzie z otworami odp\u0142ywowymi. Waga to: 20kg, a wymiary : d\u0142ugo\u015b\u0107:90cm, szeroko\u015b\u0107:30cm, wysoko\u015b\u0107:80cm. Zalecane stosowanie jako donica tarasowa.<\/p>\n","protected":false},"featured_media":57464,"template":"","meta":{"_acf_changed":false},"product_brand":[],"product_cat":[116],"product_tag":[446,448,444,447,451],"class_list":{"0":"post-50950","1":"product","2":"type-product","3":"status-publish","4":"has-post-thumbnail","6":"product_cat-donice-z-aluminium","7":"product_tag-donice-aluminiowe","8":"product_tag-donice-balkonowe","9":"product_tag-donice-ogrodowe","10":"product_tag-donice-tarasowe","11":"product_tag-donice-wewnetrzne","12":"description-off","13":"tm-has-options","15":"first","16":"instock","17":"shipping-taxable","18":"purchasable","19":"product-type-simple"},"acf":[],"yoast_head":"<!-- This site is optimized with the Yoast SEO plugin v27.5 - https:\/\/yoast.com\/product\/yoast-seo-wordpress\/ -->\n<title>Prostok\u0105tna donica aluminiowa Edoardo 1 na Taras, Balkon i do Ogrodu<\/title>\n<meta name=\"description\" content=\"Edoardo 1 to prostok\u0105tna donica aluminiowa, kt\u00f3ra zosta\u0142a stworzona z my\u015bl\u0105 o najbardziej wymagaj\u0105cych osobach. Jest to model dopracowany w ka\u017cdym calu.\" \/>\n<meta name=\"robots\" content=\"index, follow, max-snippet:-1, max-image-preview:large, max-video-preview:-1\" \/>\n<link rel=\"canonical\" href=\"https:\/\/worldofflowerpots.com\/sklep\/prostokatna-donica-aluminiowa-edoardo-1\/\" \/>\n<meta property=\"og:locale\" content=\"pl_PL\" \/>\n<meta property=\"og:type\" content=\"article\" \/>\n<meta property=\"og:title\" content=\"Prostok\u0105tna donica aluminiowa Edoardo 1 na Taras, Balkon i do Ogrodu\" \/>\n<meta property=\"og:description\" content=\"Edoardo 1 to prostok\u0105tna donica aluminiowa, kt\u00f3ra zosta\u0142a stworzona z my\u015bl\u0105 o najbardziej wymagaj\u0105cych osobach. Jest to model dopracowany w ka\u017cdym calu.\" \/>\n<meta property=\"og:url\" content=\"https:\/\/worldofflowerpots.com\/sklep\/prostokatna-donica-aluminiowa-edoardo-1\/\" \/>\n<meta property=\"og:site_name\" content=\"World of Flowerpots\" \/>\n<meta property=\"article:modified_time\" content=\"2019-04-05T08:35:42+00:00\" \/>\n<meta property=\"og:image\" content=\"https:\/\/worldofflowerpots.com\/wp-content\/uploads\/2019\/01\/Prostok\u0105tna-donica-aluminiowa-Edoardo_1-1.jpg\" \/>\n\t<meta property=\"og:image:width\" content=\"2280\" \/>\n\t<meta property=\"og:image:height\" content=\"1612\" \/>\n\t<meta property=\"og:image:type\" content=\"image\/jpeg\" \/>\n<meta name=\"twitter:card\" content=\"summary_large_image\" \/>\n<meta name=\"twitter:label1\" content=\"Szacowany czas czytania\" \/>\n\t<meta name=\"twitter:data1\" content=\"2 minuty\" \/>\n<script type=\"application\/ld+json\" class=\"yoast-schema-graph\">{\"@context\":\"https:\\\/\\\/schema.org\",\"@graph\":[{\"@type\":\"WebPage\",\"@id\":\"https:\\\/\\\/worldofflowerpots.com\\\/sklep\\\/prostokatna-donica-aluminiowa-edoardo-1\\\/\",\"url\":\"https:\\\/\\\/worldofflowerpots.com\\\/sklep\\\/prostokatna-donica-aluminiowa-edoardo-1\\\/\",\"name\":\"Prostok\u0105tna donica aluminiowa Edoardo 1 na Taras, Balkon i do Ogrodu\",\"isPartOf\":{\"@id\":\"https:\\\/\\\/worldofflowerpots.com\\\/#website\"},\"primaryImageOfPage\":{\"@id\":\"https:\\\/\\\/worldofflowerpots.com\\\/sklep\\\/prostokatna-donica-aluminiowa-edoardo-1\\\/#primaryimage\"},\"image\":{\"@id\":\"https:\\\/\\\/worldofflowerpots.com\\\/sklep\\\/prostokatna-donica-aluminiowa-edoardo-1\\\/#primaryimage\"},\"thumbnailUrl\":\"https:\\\/\\\/worldofflowerpots.com\\\/wp-content\\\/uploads\\\/2019\\\/01\\\/Prostok\u0105tna-donica-aluminiowa-Edoardo_1-1.jpg\",\"datePublished\":\"2019-01-18T14:12:21+00:00\",\"dateModified\":\"2019-04-05T08:35:42+00:00\",\"description\":\"Edoardo 1 to prostok\u0105tna donica aluminiowa, kt\u00f3ra zosta\u0142a stworzona z my\u015bl\u0105 o najbardziej wymagaj\u0105cych osobach. Jest to model dopracowany w ka\u017cdym calu.\",\"breadcrumb\":{\"@id\":\"https:\\\/\\\/worldofflowerpots.com\\\/sklep\\\/prostokatna-donica-aluminiowa-edoardo-1\\\/#breadcrumb\"},\"inLanguage\":\"pl-PL\",\"potentialAction\":[{\"@type\":\"ReadAction\",\"target\":[\"https:\\\/\\\/worldofflowerpots.com\\\/sklep\\\/prostokatna-donica-aluminiowa-edoardo-1\\\/\"]}]},{\"@type\":\"ImageObject\",\"inLanguage\":\"pl-PL\",\"@id\":\"https:\\\/\\\/worldofflowerpots.com\\\/sklep\\\/prostokatna-donica-aluminiowa-edoardo-1\\\/#primaryimage\",\"url\":\"https:\\\/\\\/worldofflowerpots.com\\\/wp-content\\\/uploads\\\/2019\\\/01\\\/Prostok\u0105tna-donica-aluminiowa-Edoardo_1-1.jpg\",\"contentUrl\":\"https:\\\/\\\/worldofflowerpots.com\\\/wp-content\\\/uploads\\\/2019\\\/01\\\/Prostok\u0105tna-donica-aluminiowa-Edoardo_1-1.jpg\",\"width\":2280,\"height\":1612},{\"@type\":\"BreadcrumbList\",\"@id\":\"https:\\\/\\\/worldofflowerpots.com\\\/sklep\\\/prostokatna-donica-aluminiowa-edoardo-1\\\/#breadcrumb\",\"itemListElement\":[{\"@type\":\"ListItem\",\"position\":1,\"name\":\"Strona g\u0142\u00f3wna\",\"item\":\"https:\\\/\\\/worldofflowerpots.com\\\/\"},{\"@type\":\"ListItem\",\"position\":2,\"name\":\"Sklep\",\"item\":\"https:\\\/\\\/worldofflowerpots.com\\\/sklep\\\/\"},{\"@type\":\"ListItem\",\"position\":3,\"name\":\"Prostok\u0105tna donica aluminiowa Edoardo 1\"}]},{\"@type\":\"WebSite\",\"@id\":\"https:\\\/\\\/worldofflowerpots.com\\\/#website\",\"url\":\"https:\\\/\\\/worldofflowerpots.com\\\/\",\"name\":\"World of Flowerpots\",\"description\":\"producent donic ozdobnych\",\"potentialAction\":[{\"@type\":\"SearchAction\",\"target\":{\"@type\":\"EntryPoint\",\"urlTemplate\":\"https:\\\/\\\/worldofflowerpots.com\\\/?s={search_term_string}\"},\"query-input\":{\"@type\":\"PropertyValueSpecification\",\"valueRequired\":true,\"valueName\":\"search_term_string\"}}],\"inLanguage\":\"pl-PL\"}]}<\/script>\n<!-- \/ Yoast SEO plugin. -->","yoast_head_json":{"title":"Prostok\u0105tna donica aluminiowa Edoardo 1 na Taras, Balkon i do Ogrodu","description":"Edoardo 1 to prostok\u0105tna donica aluminiowa, kt\u00f3ra zosta\u0142a stworzona z my\u015bl\u0105 o najbardziej wymagaj\u0105cych osobach. Jest to model dopracowany w ka\u017cdym calu.","robots":{"index":"index","follow":"follow","max-snippet":"max-snippet:-1","max-image-preview":"max-image-preview:large","max-video-preview":"max-video-preview:-1"},"canonical":"https:\/\/worldofflowerpots.com\/sklep\/prostokatna-donica-aluminiowa-edoardo-1\/","og_locale":"pl_PL","og_type":"article","og_title":"Prostok\u0105tna donica aluminiowa Edoardo 1 na Taras, Balkon i do Ogrodu","og_description":"Edoardo 1 to prostok\u0105tna donica aluminiowa, kt\u00f3ra zosta\u0142a stworzona z my\u015bl\u0105 o najbardziej wymagaj\u0105cych osobach. Jest to model dopracowany w ka\u017cdym calu.","og_url":"https:\/\/worldofflowerpots.com\/sklep\/prostokatna-donica-aluminiowa-edoardo-1\/","og_site_name":"World of Flowerpots","article_modified_time":"2019-04-05T08:35:42+00:00","og_image":[{"width":2280,"height":1612,"url":"https:\/\/worldofflowerpots.com\/wp-content\/uploads\/2019\/01\/Prostok\u0105tna-donica-aluminiowa-Edoardo_1-1.jpg","type":"image\/jpeg"}],"twitter_card":"summary_large_image","twitter_misc":{"Szacowany czas czytania":"2 minuty"},"schema":{"@context":"https:\/\/schema.org","@graph":[{"@type":"WebPage","@id":"https:\/\/worldofflowerpots.com\/sklep\/prostokatna-donica-aluminiowa-edoardo-1\/","url":"https:\/\/worldofflowerpots.com\/sklep\/prostokatna-donica-aluminiowa-edoardo-1\/","name":"Prostok\u0105tna donica aluminiowa Edoardo 1 na Taras, Balkon i do Ogrodu","isPartOf":{"@id":"https:\/\/worldofflowerpots.com\/#website"},"primaryImageOfPage":{"@id":"https:\/\/worldofflowerpots.com\/sklep\/prostokatna-donica-aluminiowa-edoardo-1\/#primaryimage"},"image":{"@id":"https:\/\/worldofflowerpots.com\/sklep\/prostokatna-donica-aluminiowa-edoardo-1\/#primaryimage"},"thumbnailUrl":"https:\/\/worldofflowerpots.com\/wp-content\/uploads\/2019\/01\/Prostok\u0105tna-donica-aluminiowa-Edoardo_1-1.jpg","datePublished":"2019-01-18T14:12:21+00:00","dateModified":"2019-04-05T08:35:42+00:00","description":"Edoardo 1 to prostok\u0105tna donica aluminiowa, kt\u00f3ra zosta\u0142a stworzona z my\u015bl\u0105 o najbardziej wymagaj\u0105cych osobach. Jest to model dopracowany w ka\u017cdym calu.","breadcrumb":{"@id":"https:\/\/worldofflowerpots.com\/sklep\/prostokatna-donica-aluminiowa-edoardo-1\/#breadcrumb"},"inLanguage":"pl-PL","potentialAction":[{"@type":"ReadAction","target":["https:\/\/worldofflowerpots.com\/sklep\/prostokatna-donica-aluminiowa-edoardo-1\/"]}]},{"@type":"ImageObject","inLanguage":"pl-PL","@id":"https:\/\/worldofflowerpots.com\/sklep\/prostokatna-donica-aluminiowa-edoardo-1\/#primaryimage","url":"https:\/\/worldofflowerpots.com\/wp-content\/uploads\/2019\/01\/Prostok\u0105tna-donica-aluminiowa-Edoardo_1-1.jpg","contentUrl":"https:\/\/worldofflowerpots.com\/wp-content\/uploads\/2019\/01\/Prostok\u0105tna-donica-aluminiowa-Edoardo_1-1.jpg","width":2280,"height":1612},{"@type":"BreadcrumbList","@id":"https:\/\/worldofflowerpots.com\/sklep\/prostokatna-donica-aluminiowa-edoardo-1\/#breadcrumb","itemListElement":[{"@type":"ListItem","position":1,"name":"Strona g\u0142\u00f3wna","item":"https:\/\/worldofflowerpots.com\/"},{"@type":"ListItem","position":2,"name":"Sklep","item":"https:\/\/worldofflowerpots.com\/sklep\/"},{"@type":"ListItem","position":3,"name":"Prostok\u0105tna donica aluminiowa Edoardo 1"}]},{"@type":"WebSite","@id":"https:\/\/worldofflowerpots.com\/#website","url":"https:\/\/worldofflowerpots.com\/","name":"World of Flowerpots","description":"producent donic ozdobnych","potentialAction":[{"@type":"SearchAction","target":{"@type":"EntryPoint","urlTemplate":"https:\/\/worldofflowerpots.com\/?s={search_term_string}"},"query-input":{"@type":"PropertyValueSpecification","valueRequired":true,"valueName":"search_term_string"}}],"inLanguage":"pl-PL"}]}},"_links":{"self":[{"href":"https:\/\/worldofflowerpots.com\/pl\/wp-json\/wp\/v2\/product\/50950","targetHints":{"allow":["GET"]}}],"collection":[{"href":"https:\/\/worldofflowerpots.com\/pl\/wp-json\/wp\/v2\/product"}],"about":[{"href":"https:\/\/worldofflowerpots.com\/pl\/wp-json\/wp\/v2\/types\/product"}],"wp:featuredmedia":[{"embeddable":true,"href":"https:\/\/worldofflowerpots.com\/pl\/wp-json\/wp\/v2\/media\/57464"}],"wp:attachment":[{"href":"https:\/\/worldofflowerpots.com\/pl\/wp-json\/wp\/v2\/media?parent=50950"}],"wp:term":[{"taxonomy":"product_brand","embeddable":true,"href":"https:\/\/worldofflowerpots.com\/pl\/wp-json\/wp\/v2\/product_brand?post=50950"},{"taxonomy":"product_cat","embeddable":true,"href":"https:\/\/worldofflowerpots.com\/pl\/wp-json\/wp\/v2\/product_cat?post=50950"},{"taxonomy":"product_tag","embeddable":true,"href":"https:\/\/worldofflowerpots.com\/pl\/wp-json\/wp\/v2\/product_tag?post=50950"}],"curies":[{"name":"wp","href":"https:\/\/api.w.org\/{rel}","templated":true}]}}