{"id":50958,"date":"2019-01-18T15:12:50","date_gmt":"2019-01-18T14:12:50","guid":{"rendered":"https:\/\/worldofflowerpots.com\/product\/import-placeholder-for-266\/"},"modified":"2019-04-05T10:00:27","modified_gmt":"2019-04-05T08:00:27","slug":"prostokatna-donica-z-aluminium-edoardo-2","status":"publish","type":"product","link":"https:\/\/worldofflowerpots.com\/pl\/sklep\/prostokatna-donica-z-aluminium-edoardo-2\/","title":{"rendered":"Prostok\u0105tna donica z aluminium Edoardo 2"},"content":{"rendered":"<p>Donica aluminiowa Edoardo 2 posiada stylowy design oraz wysok\u0105 odporno\u015b\u0107 na czynniki atmosferyczne. Dzi\u0119ki temu doskonale sprawdzi si\u0119 w ka\u017cdym otoczeniu, czy to na tarasie czy patio. Oferowana donica prostok\u0105tna odgrywa rol\u0119 nie tylko u\u017cytkow\u0105, ale r\u00f3wnie\u017c dekoracyjn\u0105.<\/p>\n<h2><strong>Ozdoba przestrzeni prywatnej i publicznej<\/strong><\/h2>\n<p>Prostok\u0105tna donica z aluminium doskonale sprawdzi si\u0119 nie tylko na terenach prywatnych. To r\u00f3wnie\u017c znakomity wyb\u00f3r do takich obiekt\u00f3w jak hotel, restauracja czy salon SPA. Produkt ten mo\u017ce pe\u0142ni\u0107 funkcj\u0119 dekoracyjn\u0105, jak r\u00f3wnie\u017c sta\u0107 si\u0119 stylowym odgrodzeniem wydzielonej cz\u0119\u015bci. Donice mo\u017cna ustawi\u0107 na przyk\u0142ad wzd\u0142u\u017c \u015bcie\u017cki lub naoko\u0142o strefy wypoczynkowej w ogrodzie. Stan\u0105 si\u0119 one stylow\u0105 ozdob\u0105, kt\u00f3ra umili relaksowanie si\u0119 na \u015bwie\u017cym powietrzu. Dzi\u0119ki temu, \u017ce produkt posiada otwory odp\u0142ywowe, nadmiar wody b\u0119dzie swobodnie wycieka\u0107, co niew\u0105tpliwie u\u0142atwi piel\u0119gnacj\u0119 ro\u015blin.<\/p>\n<h2><strong>Doskona\u0142y wyb\u00f3r, niezale\u017cnie od aran\u017cacji<\/strong><\/h2>\n<p>Prosta, a zarazem elegancka forma donicy, doskonale sprawdzi si\u0119 zar\u00f3wno w klasycznej, jak i nowoczesnej aran\u017cacji otoczenia. Przypadnie do gustu r\u00f3wnie\u017c mi\u0142o\u015bnikom minimalizmu. Jej ponadczasowy wygl\u0105d sprawia, \u017ce b\u0119dzie pasowa\u0107 nawet po rearan\u017cacji przestrzeni. Dzi\u0119ki temu jest to produkt niezwykle uniwersalny. Prostok\u0105tna donica z aluminium b\u0119dzie harmonizowa\u0107 z wszelkimi kompozycjami ro\u015blinnymi oraz kwiatowymi. B\u0119dzie ona doskona\u0142\u0105 opraw\u0105 zar\u00f3wno dla mniejszych, jak i wi\u0119kszych gatunk\u00f3w ro\u015blin, jedno lub wielokolorowych kwiat\u00f3w. Dodatkowo istnieje mo\u017cliwo\u015b\u0107 wyboru dla produktu dowolnego koloru palety RAL, co umo\u017cliwi dopasowanie donicy do kolorystyki otoczenia.<\/p>\n<h2><strong>Bezpiecze\u0144stwo dla ludzi oraz dla \u015brodowiska<\/strong><\/h2>\n<p>Masywna budowa sprawia, \u017ce prostok\u0105tna donica z aluminium jest niezwykle solidna. Dzi\u0119ki temu nie ma ryzyka, \u017ce produkt przewr\u00f3ci si\u0119, na przyk\u0142ad pod wp\u0142ywem silnego wiatru. Dlatego jest ona bezpieczna nawet wtedy, gdy w otoczeniu przebywaj\u0105 ma\u0142e dzieci. Donica aluminiowa odporna jest r\u00f3wnie\u017c na uszkodzenia powodowane przez czynniki atmosferyczne, takie jak mr\u00f3z, deszcz czy promienie UV. Wysoka trwa\u0142o\u015b\u0107 oraz odporno\u015b\u0107 na korozj\u0119 sprawia, \u017ce jest to inwestycja na wiele lat. Warto te\u017c wiedzie\u0107, \u017ce aluminium, z kt\u00f3rego wykonana jest donica tarasowa nadaje si\u0119 do recyklingu. Dzi\u0119ki temu jest to produkt w pe\u0142ni bezpieczny r\u00f3wnie\u017c dla \u015brodowiska.<\/p>\n","protected":false},"excerpt":{"rendered":"<p>Donica aluminiowa Edoardo 2 produkowana jest we wszystkich kolorach palety RAL. Donica produkowana jest w standardzie z otworami odp\u0142ywowymi. Waga to: 24kg, a wymiary : d\u0142ugo\u015b\u0107:120m, szeroko\u015b\u0107:50cm, wysoko\u015b\u0107:60cm. Zalecane stosowanie jako donica tarasowa.<\/p>\n","protected":false},"featured_media":57384,"template":"","meta":{"_acf_changed":false},"product_brand":[],"product_cat":[116],"product_tag":[446,448,444,447,451],"class_list":{"0":"post-50958","1":"product","2":"type-product","3":"status-publish","4":"has-post-thumbnail","6":"product_cat-donice-z-aluminium","7":"product_tag-donice-aluminiowe","8":"product_tag-donice-balkonowe","9":"product_tag-donice-ogrodowe","10":"product_tag-donice-tarasowe","11":"product_tag-donice-wewnetrzne","12":"description-off","13":"tm-has-options","15":"first","16":"instock","17":"shipping-taxable","18":"purchasable","19":"product-type-simple"},"acf":[],"yoast_head":"<!-- This site is optimized with the Yoast SEO plugin v27.5 - https:\/\/yoast.com\/product\/yoast-seo-wordpress\/ -->\n<title>Prostok\u0105tna donica z aluminium Edoardo 2 Do Ro\u015blin R\u00f3\u017cnej Wielko\u015bci<\/title>\n<meta name=\"description\" content=\"Prostok\u0105tna donica z aluminium odporna jest na uszkodzenia powodowane przez czynniki atmosferyczne, takie jak mr\u00f3z, deszcz czy promienie UV.\" \/>\n<meta name=\"robots\" content=\"index, follow, max-snippet:-1, max-image-preview:large, max-video-preview:-1\" \/>\n<link rel=\"canonical\" href=\"https:\/\/worldofflowerpots.com\/sklep\/prostokatna-donica-z-aluminium-edoardo-2\/\" \/>\n<meta property=\"og:locale\" content=\"pl_PL\" \/>\n<meta property=\"og:type\" content=\"article\" \/>\n<meta property=\"og:title\" content=\"Prostok\u0105tna donica z aluminium Edoardo 2 Do Ro\u015blin R\u00f3\u017cnej Wielko\u015bci\" \/>\n<meta property=\"og:description\" content=\"Prostok\u0105tna donica z aluminium odporna jest na uszkodzenia powodowane przez czynniki atmosferyczne, takie jak mr\u00f3z, deszcz czy promienie UV.\" \/>\n<meta property=\"og:url\" content=\"https:\/\/worldofflowerpots.com\/sklep\/prostokatna-donica-z-aluminium-edoardo-2\/\" \/>\n<meta property=\"og:site_name\" content=\"World of Flowerpots\" \/>\n<meta property=\"article:modified_time\" content=\"2019-04-05T08:00:27+00:00\" \/>\n<meta property=\"og:image\" content=\"https:\/\/worldofflowerpots.com\/wp-content\/uploads\/2019\/01\/prostok\u0105tna-donica-z-aluminium-Edoardo_2-1.jpg\" \/>\n\t<meta property=\"og:image:width\" content=\"2280\" \/>\n\t<meta property=\"og:image:height\" content=\"1612\" \/>\n\t<meta property=\"og:image:type\" content=\"image\/jpeg\" \/>\n<meta name=\"twitter:card\" content=\"summary_large_image\" \/>\n<meta name=\"twitter:label1\" content=\"Szacowany czas czytania\" \/>\n\t<meta name=\"twitter:data1\" content=\"2 minuty\" \/>\n<script type=\"application\/ld+json\" class=\"yoast-schema-graph\">{\"@context\":\"https:\\\/\\\/schema.org\",\"@graph\":[{\"@type\":\"WebPage\",\"@id\":\"https:\\\/\\\/worldofflowerpots.com\\\/sklep\\\/prostokatna-donica-z-aluminium-edoardo-2\\\/\",\"url\":\"https:\\\/\\\/worldofflowerpots.com\\\/sklep\\\/prostokatna-donica-z-aluminium-edoardo-2\\\/\",\"name\":\"Prostok\u0105tna donica z aluminium Edoardo 2 Do Ro\u015blin R\u00f3\u017cnej Wielko\u015bci\",\"isPartOf\":{\"@id\":\"https:\\\/\\\/worldofflowerpots.com\\\/#website\"},\"primaryImageOfPage\":{\"@id\":\"https:\\\/\\\/worldofflowerpots.com\\\/sklep\\\/prostokatna-donica-z-aluminium-edoardo-2\\\/#primaryimage\"},\"image\":{\"@id\":\"https:\\\/\\\/worldofflowerpots.com\\\/sklep\\\/prostokatna-donica-z-aluminium-edoardo-2\\\/#primaryimage\"},\"thumbnailUrl\":\"https:\\\/\\\/worldofflowerpots.com\\\/wp-content\\\/uploads\\\/2019\\\/01\\\/prostok\u0105tna-donica-z-aluminium-Edoardo_2-1.jpg\",\"datePublished\":\"2019-01-18T14:12:50+00:00\",\"dateModified\":\"2019-04-05T08:00:27+00:00\",\"description\":\"Prostok\u0105tna donica z aluminium odporna jest na uszkodzenia powodowane przez czynniki atmosferyczne, takie jak mr\u00f3z, deszcz czy promienie UV.\",\"breadcrumb\":{\"@id\":\"https:\\\/\\\/worldofflowerpots.com\\\/sklep\\\/prostokatna-donica-z-aluminium-edoardo-2\\\/#breadcrumb\"},\"inLanguage\":\"pl-PL\",\"potentialAction\":[{\"@type\":\"ReadAction\",\"target\":[\"https:\\\/\\\/worldofflowerpots.com\\\/sklep\\\/prostokatna-donica-z-aluminium-edoardo-2\\\/\"]}]},{\"@type\":\"ImageObject\",\"inLanguage\":\"pl-PL\",\"@id\":\"https:\\\/\\\/worldofflowerpots.com\\\/sklep\\\/prostokatna-donica-z-aluminium-edoardo-2\\\/#primaryimage\",\"url\":\"https:\\\/\\\/worldofflowerpots.com\\\/wp-content\\\/uploads\\\/2019\\\/01\\\/prostok\u0105tna-donica-z-aluminium-Edoardo_2-1.jpg\",\"contentUrl\":\"https:\\\/\\\/worldofflowerpots.com\\\/wp-content\\\/uploads\\\/2019\\\/01\\\/prostok\u0105tna-donica-z-aluminium-Edoardo_2-1.jpg\",\"width\":2280,\"height\":1612},{\"@type\":\"BreadcrumbList\",\"@id\":\"https:\\\/\\\/worldofflowerpots.com\\\/sklep\\\/prostokatna-donica-z-aluminium-edoardo-2\\\/#breadcrumb\",\"itemListElement\":[{\"@type\":\"ListItem\",\"position\":1,\"name\":\"Strona g\u0142\u00f3wna\",\"item\":\"https:\\\/\\\/worldofflowerpots.com\\\/\"},{\"@type\":\"ListItem\",\"position\":2,\"name\":\"Sklep\",\"item\":\"https:\\\/\\\/worldofflowerpots.com\\\/sklep\\\/\"},{\"@type\":\"ListItem\",\"position\":3,\"name\":\"Prostok\u0105tna donica z aluminium Edoardo 2\"}]},{\"@type\":\"WebSite\",\"@id\":\"https:\\\/\\\/worldofflowerpots.com\\\/#website\",\"url\":\"https:\\\/\\\/worldofflowerpots.com\\\/\",\"name\":\"World of Flowerpots\",\"description\":\"producent donic ozdobnych\",\"potentialAction\":[{\"@type\":\"SearchAction\",\"target\":{\"@type\":\"EntryPoint\",\"urlTemplate\":\"https:\\\/\\\/worldofflowerpots.com\\\/?s={search_term_string}\"},\"query-input\":{\"@type\":\"PropertyValueSpecification\",\"valueRequired\":true,\"valueName\":\"search_term_string\"}}],\"inLanguage\":\"pl-PL\"}]}<\/script>\n<!-- \/ Yoast SEO plugin. -->","yoast_head_json":{"title":"Prostok\u0105tna donica z aluminium Edoardo 2 Do Ro\u015blin R\u00f3\u017cnej Wielko\u015bci","description":"Prostok\u0105tna donica z aluminium odporna jest na uszkodzenia powodowane przez czynniki atmosferyczne, takie jak mr\u00f3z, deszcz czy promienie UV.","robots":{"index":"index","follow":"follow","max-snippet":"max-snippet:-1","max-image-preview":"max-image-preview:large","max-video-preview":"max-video-preview:-1"},"canonical":"https:\/\/worldofflowerpots.com\/sklep\/prostokatna-donica-z-aluminium-edoardo-2\/","og_locale":"pl_PL","og_type":"article","og_title":"Prostok\u0105tna donica z aluminium Edoardo 2 Do Ro\u015blin R\u00f3\u017cnej Wielko\u015bci","og_description":"Prostok\u0105tna donica z aluminium odporna jest na uszkodzenia powodowane przez czynniki atmosferyczne, takie jak mr\u00f3z, deszcz czy promienie UV.","og_url":"https:\/\/worldofflowerpots.com\/sklep\/prostokatna-donica-z-aluminium-edoardo-2\/","og_site_name":"World of Flowerpots","article_modified_time":"2019-04-05T08:00:27+00:00","og_image":[{"width":2280,"height":1612,"url":"https:\/\/worldofflowerpots.com\/wp-content\/uploads\/2019\/01\/prostok\u0105tna-donica-z-aluminium-Edoardo_2-1.jpg","type":"image\/jpeg"}],"twitter_card":"summary_large_image","twitter_misc":{"Szacowany czas czytania":"2 minuty"},"schema":{"@context":"https:\/\/schema.org","@graph":[{"@type":"WebPage","@id":"https:\/\/worldofflowerpots.com\/sklep\/prostokatna-donica-z-aluminium-edoardo-2\/","url":"https:\/\/worldofflowerpots.com\/sklep\/prostokatna-donica-z-aluminium-edoardo-2\/","name":"Prostok\u0105tna donica z aluminium Edoardo 2 Do Ro\u015blin R\u00f3\u017cnej Wielko\u015bci","isPartOf":{"@id":"https:\/\/worldofflowerpots.com\/#website"},"primaryImageOfPage":{"@id":"https:\/\/worldofflowerpots.com\/sklep\/prostokatna-donica-z-aluminium-edoardo-2\/#primaryimage"},"image":{"@id":"https:\/\/worldofflowerpots.com\/sklep\/prostokatna-donica-z-aluminium-edoardo-2\/#primaryimage"},"thumbnailUrl":"https:\/\/worldofflowerpots.com\/wp-content\/uploads\/2019\/01\/prostok\u0105tna-donica-z-aluminium-Edoardo_2-1.jpg","datePublished":"2019-01-18T14:12:50+00:00","dateModified":"2019-04-05T08:00:27+00:00","description":"Prostok\u0105tna donica z aluminium odporna jest na uszkodzenia powodowane przez czynniki atmosferyczne, takie jak mr\u00f3z, deszcz czy promienie UV.","breadcrumb":{"@id":"https:\/\/worldofflowerpots.com\/sklep\/prostokatna-donica-z-aluminium-edoardo-2\/#breadcrumb"},"inLanguage":"pl-PL","potentialAction":[{"@type":"ReadAction","target":["https:\/\/worldofflowerpots.com\/sklep\/prostokatna-donica-z-aluminium-edoardo-2\/"]}]},{"@type":"ImageObject","inLanguage":"pl-PL","@id":"https:\/\/worldofflowerpots.com\/sklep\/prostokatna-donica-z-aluminium-edoardo-2\/#primaryimage","url":"https:\/\/worldofflowerpots.com\/wp-content\/uploads\/2019\/01\/prostok\u0105tna-donica-z-aluminium-Edoardo_2-1.jpg","contentUrl":"https:\/\/worldofflowerpots.com\/wp-content\/uploads\/2019\/01\/prostok\u0105tna-donica-z-aluminium-Edoardo_2-1.jpg","width":2280,"height":1612},{"@type":"BreadcrumbList","@id":"https:\/\/worldofflowerpots.com\/sklep\/prostokatna-donica-z-aluminium-edoardo-2\/#breadcrumb","itemListElement":[{"@type":"ListItem","position":1,"name":"Strona g\u0142\u00f3wna","item":"https:\/\/worldofflowerpots.com\/"},{"@type":"ListItem","position":2,"name":"Sklep","item":"https:\/\/worldofflowerpots.com\/sklep\/"},{"@type":"ListItem","position":3,"name":"Prostok\u0105tna donica z aluminium Edoardo 2"}]},{"@type":"WebSite","@id":"https:\/\/worldofflowerpots.com\/#website","url":"https:\/\/worldofflowerpots.com\/","name":"World of Flowerpots","description":"producent donic ozdobnych","potentialAction":[{"@type":"SearchAction","target":{"@type":"EntryPoint","urlTemplate":"https:\/\/worldofflowerpots.com\/?s={search_term_string}"},"query-input":{"@type":"PropertyValueSpecification","valueRequired":true,"valueName":"search_term_string"}}],"inLanguage":"pl-PL"}]}},"_links":{"self":[{"href":"https:\/\/worldofflowerpots.com\/pl\/wp-json\/wp\/v2\/product\/50958","targetHints":{"allow":["GET"]}}],"collection":[{"href":"https:\/\/worldofflowerpots.com\/pl\/wp-json\/wp\/v2\/product"}],"about":[{"href":"https:\/\/worldofflowerpots.com\/pl\/wp-json\/wp\/v2\/types\/product"}],"wp:featuredmedia":[{"embeddable":true,"href":"https:\/\/worldofflowerpots.com\/pl\/wp-json\/wp\/v2\/media\/57384"}],"wp:attachment":[{"href":"https:\/\/worldofflowerpots.com\/pl\/wp-json\/wp\/v2\/media?parent=50958"}],"wp:term":[{"taxonomy":"product_brand","embeddable":true,"href":"https:\/\/worldofflowerpots.com\/pl\/wp-json\/wp\/v2\/product_brand?post=50958"},{"taxonomy":"product_cat","embeddable":true,"href":"https:\/\/worldofflowerpots.com\/pl\/wp-json\/wp\/v2\/product_cat?post=50958"},{"taxonomy":"product_tag","embeddable":true,"href":"https:\/\/worldofflowerpots.com\/pl\/wp-json\/wp\/v2\/product_tag?post=50958"}],"curies":[{"name":"wp","href":"https:\/\/api.w.org\/{rel}","templated":true}]}}